{"id":23341,"date":"2023-08-14T12:15:21","date_gmt":"2023-08-14T12:15:21","guid":{"rendered":"https:\/\/bbqassad.ee\/toode\/mausteseos-southern-dutch-season-it-all\/"},"modified":"2026-04-14T06:33:44","modified_gmt":"2026-04-14T06:33:44","slug":"mausteseos-southern-dutch-season-it-all","status":"publish","type":"product","link":"https:\/\/bbqassad.ee\/fi\/toode\/mausteseos-southern-dutch-season-it-all\/","title":{"rendered":"Southern Dutch Season it All -mausteseos"},"content":{"rendered":"<p>Southern Dutch BBQ Season it All or This is It &#8211; Southern Dutch on Euroopan viime vuosien menestynein BBQ-tiimi. He k\u00e4ytt\u00e4v\u00e4t p\u00e4\u00e4asiassa omia mausteita ja ovat myyneet niit\u00e4 muille jo jonkin aikaa. This is it on ns. AP eli all purpose blend, jonka pit\u00e4isi sopia kaikille ja kaikkeen. He etsiv\u00e4t parhaista parhaista parhaita tekem\u00e4\u00e4n t\u00e4t\u00e4 sekoitusta, ja nyt se sis\u00e4lt\u00e4\u00e4 paprikaa Espanjan l\u00e4mpim\u00e4st\u00e4 sis\u00e4maasta, merisuolaa V\u00e4limerelt\u00e4, chili\u00e4 Meksikon Jukatanin niemimaalta ja aitoa Szechuan-pippuria Aasiasta. Kaikki t\u00e4m\u00e4 tekee t\u00e4st\u00e4 hyvin erikoisesta sekoituksesta.     <\/p>\n<h2 class=\"p1\">BBQ Aces kommentti<\/h2>\n<p class=\"p1\">Taustan tiet\u00e4en t\u00e4m\u00e4 on todellinen AP-hieronta tai laita mit\u00e4 mieleen tulee ja se on silti hyv\u00e4.<\/p>\n<h2 class=\"p1\">Ammattilaisen vinkki<\/h2>\n<p class=\"p1\">\u00c4l\u00e4 tyydy vain lihaan, vaan my\u00f6s vihannekset saavat toisen el\u00e4m\u00e4n t\u00e4m\u00e4n sekoituksen avulla.<\/p>\n","protected":false},"excerpt":{"rendered":"<p>Tuottaja: Southern Dutch BBQ<br \/>\nPaino: 290 grammaa<br \/>\nAinesosat: ruokosokeri, suola, yrtit\/mausteet, vihannekset, arominvahventeet E621 ja E635, luontaiset aromit, elintarvikev\u00e4ri E160c, E551.<\/p>\n","protected":false},"featured_media":24693,"comment_status":"open","ping_status":"closed","template":"","meta":[],"product_brand":[],"product_cat":[802],"product_tag":[],"class_list":{"0":"post-23341","1":"product","2":"type-product","3":"status-publish","4":"has-post-thumbnail","6":"product_cat-sekoitukset","8":"first","9":"instock","10":"taxable","11":"shipping-taxable","12":"purchasable","13":"product-type-simple"},"yoast_head":"<!-- This site is optimized with the Yoast SEO plugin v27.4 - https:\/\/yoast.com\/product\/yoast-seo-wordpress\/ -->\n<title>Mausteseos - Southern Dutch - Season it All -% BBQ \u00c4ssad%<\/title>\n<meta name=\"description\" content=\"Southern Dutch BBQ-mauste 290 grammaa. Ainesosat: ruokosokeri, suola, yrtit, vihannekset, E621, E635, luontaiset aromit, E160c, E551.\" \/>\n<meta name=\"robots\" content=\"index, follow, max-snippet:-1, max-image-preview:large, max-video-preview:-1\" \/>\n<link rel=\"canonical\" href=\"https:\/\/bbqassad.ee\/fi\/toode\/mausteseos-southern-dutch-season-it-all\/\" \/>\n<meta property=\"og:locale\" content=\"fi_FI\" \/>\n<meta property=\"og:type\" content=\"article\" \/>\n<meta property=\"og:title\" content=\"Mausteseos - Southern Dutch - Season it All -% BBQ \u00c4ssad%\" \/>\n<meta property=\"og:description\" content=\"Southern Dutch BBQ-mauste 290 grammaa. Ainesosat: ruokosokeri, suola, yrtit, vihannekset, E621, E635, luontaiset aromit, E160c, E551.\" \/>\n<meta property=\"og:url\" content=\"https:\/\/bbqassad.ee\/fi\/toode\/mausteseos-southern-dutch-season-it-all\/\" \/>\n<meta property=\"og:site_name\" content=\"BBQ \u00c4ssad\" \/>\n<meta property=\"article:publisher\" content=\"https:\/\/www.facebook.com\/bbqassad\" \/>\n<meta property=\"article:modified_time\" content=\"2026-04-14T06:33:44+00:00\" \/>\n<meta property=\"og:image\" content=\"https:\/\/bbqassad.ee\/wp-content\/uploads\/2023\/08\/SouthernDutch-Season_It_all.png\" \/>\n<meta name=\"twitter:card\" content=\"summary_large_image\" \/>\n<meta name=\"twitter:title\" content=\"Mausteseos - Southern Dutch - Season it All -% BBQ \u00c4ssad%\" \/>\n<meta name=\"twitter:description\" content=\"Southern Dutch BBQ-mauste 290 grammaa. Ainesosat: ruokosokeri, suola, yrtit, vihannekset, E621, E635, luontaiset aromit, E160c, E551.\" \/>\n<meta name=\"twitter:image\" content=\"https:\/\/bbqassad.ee\/wp-content\/uploads\/2023\/08\/SouthernDutch-Season_It_all.png\" \/>\n<meta name=\"twitter:label1\" content=\"Arvioitu lukuaika\" \/>\n\t<meta name=\"twitter:data1\" content=\"1 minuutti\" \/>\n<script type=\"application\/ld+json\" class=\"yoast-schema-graph\">{\"@context\":\"https:\\\/\\\/schema.org\",\"@graph\":[{\"@type\":\"WebPage\",\"@id\":\"https:\\\/\\\/bbqassad.ee\\\/fi\\\/toode\\\/mausteseos-southern-dutch-season-it-all\\\/\",\"url\":\"https:\\\/\\\/bbqassad.ee\\\/fi\\\/toode\\\/mausteseos-southern-dutch-season-it-all\\\/\",\"name\":\"Mausteseos - Southern Dutch - Season it All -% BBQ \u00c4ssad%\",\"isPartOf\":{\"@id\":\"https:\\\/\\\/bbqassad.ee\\\/fi\\\/#website\"},\"primaryImageOfPage\":{\"@id\":\"https:\\\/\\\/bbqassad.ee\\\/fi\\\/toode\\\/mausteseos-southern-dutch-season-it-all\\\/#primaryimage\"},\"image\":{\"@id\":\"https:\\\/\\\/bbqassad.ee\\\/fi\\\/toode\\\/mausteseos-southern-dutch-season-it-all\\\/#primaryimage\"},\"thumbnailUrl\":\"https:\\\/\\\/bbqassad.ee\\\/wp-content\\\/uploads\\\/2023\\\/08\\\/SouthernDutch-Season_It_all.png\",\"datePublished\":\"2023-08-14T12:15:21+00:00\",\"dateModified\":\"2026-04-14T06:33:44+00:00\",\"description\":\"Southern Dutch BBQ-mauste 290 grammaa. Ainesosat: ruokosokeri, suola, yrtit, vihannekset, E621, E635, luontaiset aromit, E160c, E551.\",\"breadcrumb\":{\"@id\":\"https:\\\/\\\/bbqassad.ee\\\/fi\\\/toode\\\/mausteseos-southern-dutch-season-it-all\\\/#breadcrumb\"},\"inLanguage\":\"fi\",\"potentialAction\":[{\"@type\":\"ReadAction\",\"target\":[\"https:\\\/\\\/bbqassad.ee\\\/fi\\\/toode\\\/mausteseos-southern-dutch-season-it-all\\\/\"]}]},{\"@type\":\"ImageObject\",\"inLanguage\":\"fi\",\"@id\":\"https:\\\/\\\/bbqassad.ee\\\/fi\\\/toode\\\/mausteseos-southern-dutch-season-it-all\\\/#primaryimage\",\"url\":\"https:\\\/\\\/bbqassad.ee\\\/wp-content\\\/uploads\\\/2023\\\/08\\\/SouthernDutch-Season_It_all.png\",\"contentUrl\":\"https:\\\/\\\/bbqassad.ee\\\/wp-content\\\/uploads\\\/2023\\\/08\\\/SouthernDutch-Season_It_all.png\",\"width\":800,\"height\":800,\"caption\":\"Maitseainesegu Southern Dutch - Season it All\"},{\"@type\":\"BreadcrumbList\",\"@id\":\"https:\\\/\\\/bbqassad.ee\\\/fi\\\/toode\\\/mausteseos-southern-dutch-season-it-all\\\/#breadcrumb\",\"itemListElement\":[{\"@type\":\"ListItem\",\"position\":1,\"name\":\"Home\",\"item\":\"https:\\\/\\\/bbqassad.ee\\\/fi\\\/bbq-assat\\\/\"},{\"@type\":\"ListItem\",\"position\":2,\"name\":\"Verkkokauppa\",\"item\":\"https:\\\/\\\/bbqassad.ee\\\/fi\\\/verkkokauppa\\\/\"},{\"@type\":\"ListItem\",\"position\":3,\"name\":\"Southern Dutch Season it All -mausteseos\"}]},{\"@type\":\"WebSite\",\"@id\":\"https:\\\/\\\/bbqassad.ee\\\/fi\\\/#website\",\"url\":\"https:\\\/\\\/bbqassad.ee\\\/fi\\\/\",\"name\":\"BBQ \u00c4ssad\",\"description\":\"BBQ maitseained, kastmed, ahjud\",\"publisher\":{\"@id\":\"https:\\\/\\\/bbqassad.ee\\\/fi\\\/#organization\"},\"potentialAction\":[{\"@type\":\"SearchAction\",\"target\":{\"@type\":\"EntryPoint\",\"urlTemplate\":\"https:\\\/\\\/bbqassad.ee\\\/fi\\\/?s={search_term_string}\"},\"query-input\":{\"@type\":\"PropertyValueSpecification\",\"valueRequired\":true,\"valueName\":\"search_term_string\"}}],\"inLanguage\":\"fi\"},{\"@type\":\"Organization\",\"@id\":\"https:\\\/\\\/bbqassad.ee\\\/fi\\\/#organization\",\"name\":\"BBQ \u00c4ssad\",\"url\":\"https:\\\/\\\/bbqassad.ee\\\/fi\\\/\",\"logo\":{\"@type\":\"ImageObject\",\"inLanguage\":\"fi\",\"@id\":\"https:\\\/\\\/bbqassad.ee\\\/fi\\\/#\\\/schema\\\/logo\\\/image\\\/\",\"url\":\"https:\\\/\\\/bbqassad.ee\\\/wp-content\\\/uploads\\\/2022\\\/10\\\/BBQ-2ssadlogo.png\",\"contentUrl\":\"https:\\\/\\\/bbqassad.ee\\\/wp-content\\\/uploads\\\/2022\\\/10\\\/BBQ-2ssadlogo.png\",\"width\":1080,\"height\":1080,\"caption\":\"BBQ \u00c4ssad\"},\"image\":{\"@id\":\"https:\\\/\\\/bbqassad.ee\\\/fi\\\/#\\\/schema\\\/logo\\\/image\\\/\"},\"sameAs\":[\"https:\\\/\\\/www.facebook.com\\\/bbqassad\",\"https:\\\/\\\/www.youtube.com\\\/channel\\\/UCsoufn49J6TVi9Ah9meE93w\"]}]}<\/script>\n<!-- \/ Yoast SEO plugin. -->","yoast_head_json":{"title":"Mausteseos - Southern Dutch - Season it All -% BBQ \u00c4ssad%","description":"Southern Dutch BBQ-mauste 290 grammaa. Ainesosat: ruokosokeri, suola, yrtit, vihannekset, E621, E635, luontaiset aromit, E160c, E551.","robots":{"index":"index","follow":"follow","max-snippet":"max-snippet:-1","max-image-preview":"max-image-preview:large","max-video-preview":"max-video-preview:-1"},"canonical":"https:\/\/bbqassad.ee\/fi\/toode\/mausteseos-southern-dutch-season-it-all\/","og_locale":"fi_FI","og_type":"article","og_title":"Mausteseos - Southern Dutch - Season it All -% BBQ \u00c4ssad%","og_description":"Southern Dutch BBQ-mauste 290 grammaa. Ainesosat: ruokosokeri, suola, yrtit, vihannekset, E621, E635, luontaiset aromit, E160c, E551.","og_url":"https:\/\/bbqassad.ee\/fi\/toode\/mausteseos-southern-dutch-season-it-all\/","og_site_name":"BBQ \u00c4ssad","article_publisher":"https:\/\/www.facebook.com\/bbqassad","article_modified_time":"2026-04-14T06:33:44+00:00","og_image":[{"url":"https:\/\/bbqassad.ee\/wp-content\/uploads\/2023\/08\/SouthernDutch-Season_It_all.png","type":"","width":"","height":""}],"twitter_card":"summary_large_image","twitter_title":"Mausteseos - Southern Dutch - Season it All -% BBQ \u00c4ssad%","twitter_description":"Southern Dutch BBQ-mauste 290 grammaa. Ainesosat: ruokosokeri, suola, yrtit, vihannekset, E621, E635, luontaiset aromit, E160c, E551.","twitter_image":"https:\/\/bbqassad.ee\/wp-content\/uploads\/2023\/08\/SouthernDutch-Season_It_all.png","twitter_misc":{"Arvioitu lukuaika":"1 minuutti"},"schema":{"@context":"https:\/\/schema.org","@graph":[{"@type":"WebPage","@id":"https:\/\/bbqassad.ee\/fi\/toode\/mausteseos-southern-dutch-season-it-all\/","url":"https:\/\/bbqassad.ee\/fi\/toode\/mausteseos-southern-dutch-season-it-all\/","name":"Mausteseos - Southern Dutch - Season it All -% BBQ \u00c4ssad%","isPartOf":{"@id":"https:\/\/bbqassad.ee\/fi\/#website"},"primaryImageOfPage":{"@id":"https:\/\/bbqassad.ee\/fi\/toode\/mausteseos-southern-dutch-season-it-all\/#primaryimage"},"image":{"@id":"https:\/\/bbqassad.ee\/fi\/toode\/mausteseos-southern-dutch-season-it-all\/#primaryimage"},"thumbnailUrl":"https:\/\/bbqassad.ee\/wp-content\/uploads\/2023\/08\/SouthernDutch-Season_It_all.png","datePublished":"2023-08-14T12:15:21+00:00","dateModified":"2026-04-14T06:33:44+00:00","description":"Southern Dutch BBQ-mauste 290 grammaa. Ainesosat: ruokosokeri, suola, yrtit, vihannekset, E621, E635, luontaiset aromit, E160c, E551.","breadcrumb":{"@id":"https:\/\/bbqassad.ee\/fi\/toode\/mausteseos-southern-dutch-season-it-all\/#breadcrumb"},"inLanguage":"fi","potentialAction":[{"@type":"ReadAction","target":["https:\/\/bbqassad.ee\/fi\/toode\/mausteseos-southern-dutch-season-it-all\/"]}]},{"@type":"ImageObject","inLanguage":"fi","@id":"https:\/\/bbqassad.ee\/fi\/toode\/mausteseos-southern-dutch-season-it-all\/#primaryimage","url":"https:\/\/bbqassad.ee\/wp-content\/uploads\/2023\/08\/SouthernDutch-Season_It_all.png","contentUrl":"https:\/\/bbqassad.ee\/wp-content\/uploads\/2023\/08\/SouthernDutch-Season_It_all.png","width":800,"height":800,"caption":"Maitseainesegu Southern Dutch - Season it All"},{"@type":"BreadcrumbList","@id":"https:\/\/bbqassad.ee\/fi\/toode\/mausteseos-southern-dutch-season-it-all\/#breadcrumb","itemListElement":[{"@type":"ListItem","position":1,"name":"Home","item":"https:\/\/bbqassad.ee\/fi\/bbq-assat\/"},{"@type":"ListItem","position":2,"name":"Verkkokauppa","item":"https:\/\/bbqassad.ee\/fi\/verkkokauppa\/"},{"@type":"ListItem","position":3,"name":"Southern Dutch Season it All -mausteseos"}]},{"@type":"WebSite","@id":"https:\/\/bbqassad.ee\/fi\/#website","url":"https:\/\/bbqassad.ee\/fi\/","name":"BBQ \u00c4ssad","description":"BBQ maitseained, kastmed, ahjud","publisher":{"@id":"https:\/\/bbqassad.ee\/fi\/#organization"},"potentialAction":[{"@type":"SearchAction","target":{"@type":"EntryPoint","urlTemplate":"https:\/\/bbqassad.ee\/fi\/?s={search_term_string}"},"query-input":{"@type":"PropertyValueSpecification","valueRequired":true,"valueName":"search_term_string"}}],"inLanguage":"fi"},{"@type":"Organization","@id":"https:\/\/bbqassad.ee\/fi\/#organization","name":"BBQ \u00c4ssad","url":"https:\/\/bbqassad.ee\/fi\/","logo":{"@type":"ImageObject","inLanguage":"fi","@id":"https:\/\/bbqassad.ee\/fi\/#\/schema\/logo\/image\/","url":"https:\/\/bbqassad.ee\/wp-content\/uploads\/2022\/10\/BBQ-2ssadlogo.png","contentUrl":"https:\/\/bbqassad.ee\/wp-content\/uploads\/2022\/10\/BBQ-2ssadlogo.png","width":1080,"height":1080,"caption":"BBQ \u00c4ssad"},"image":{"@id":"https:\/\/bbqassad.ee\/fi\/#\/schema\/logo\/image\/"},"sameAs":["https:\/\/www.facebook.com\/bbqassad","https:\/\/www.youtube.com\/channel\/UCsoufn49J6TVi9Ah9meE93w"]}]}},"_links":{"self":[{"href":"https:\/\/bbqassad.ee\/fi\/wp-json\/wp\/v2\/product\/23341","targetHints":{"allow":["GET"]}}],"collection":[{"href":"https:\/\/bbqassad.ee\/fi\/wp-json\/wp\/v2\/product"}],"about":[{"href":"https:\/\/bbqassad.ee\/fi\/wp-json\/wp\/v2\/types\/product"}],"replies":[{"embeddable":true,"href":"https:\/\/bbqassad.ee\/fi\/wp-json\/wp\/v2\/comments?post=23341"}],"wp:featuredmedia":[{"embeddable":true,"href":"https:\/\/bbqassad.ee\/fi\/wp-json\/wp\/v2\/media\/24693"}],"wp:attachment":[{"href":"https:\/\/bbqassad.ee\/fi\/wp-json\/wp\/v2\/media?parent=23341"}],"wp:term":[{"taxonomy":"product_brand","embeddable":true,"href":"https:\/\/bbqassad.ee\/fi\/wp-json\/wp\/v2\/product_brand?post=23341"},{"taxonomy":"product_cat","embeddable":true,"href":"https:\/\/bbqassad.ee\/fi\/wp-json\/wp\/v2\/product_cat?post=23341"},{"taxonomy":"product_tag","embeddable":true,"href":"https:\/\/bbqassad.ee\/fi\/wp-json\/wp\/v2\/product_tag?post=23341"}],"curies":[{"name":"wp","href":"https:\/\/api.w.org\/{rel}","templated":true}]}}