{"id":23339,"date":"2023-08-14T12:18:53","date_gmt":"2023-08-14T12:18:53","guid":{"rendered":"https:\/\/bbqassad.ee\/toode\/mausteet-southern-dutch-a-pinch-of-heat-ripaus-lampoa\/"},"modified":"2026-04-14T06:33:44","modified_gmt":"2026-04-14T06:33:44","slug":"mausteet-southern-dutch-a-pinch-of-heat-ripaus-lampoa","status":"publish","type":"product","link":"https:\/\/bbqassad.ee\/fi\/toode\/mausteet-southern-dutch-a-pinch-of-heat-ripaus-lampoa\/","title":{"rendered":"Southern Dutch A Pinch of Heat -mausteseos"},"content":{"rendered":"<h2>Southern Dutch A Pinch of Heat -maustesekoitus<\/h2>\n<p>Southern Dutch BBQ A Pinch of Heat &#8211; Southern Dutch on Euroopan viime vuosien menestynein BBQ-tiimi. He k\u00e4ytt\u00e4v\u00e4t p\u00e4\u00e4asiassa omia mausteita ja ovat myyneet niit\u00e4 muille jo jonkin aikaa. A Pinch of Heat on niist\u00e4 kaikkein maukkain ja klassisin.  <\/p>\n<h2>BBQ Aces kommentti<\/h2>\n<p>Pinch of Heat on maku, jossa on juuri sopiva m\u00e4\u00e4r\u00e4 mausteisuutta ja mausteisuutta, jota nimest\u00e4 voi odottaa. Vallitsevan suolainen mauste tuo mieleen klassisimman pihvin, sill\u00e4 siihen t\u00e4m\u00e4 mauste pystyy. <\/p>\n<h2>Ammattilaisen vinkki<\/h2>\n<p>Pinch of Heat -mausteseos sopii hyvin paistille tai isolle lihapalalle.<\/p>\n","protected":false},"excerpt":{"rendered":"<p>Made by Southern Dutch BBQ<br \/>\nPaino: 275 grammaa<br \/>\nAinesosat: suola, ruokosokeri, paprika, mustapippuri, kasvikset, arominvahventeet, arominvahvente E621, mausteet, elintarvikev\u00e4ri &#8211; paprikauute, E551, aromit, gluteeniton.<\/p>\n","protected":false},"featured_media":23340,"comment_status":"open","ping_status":"closed","template":"","meta":[],"product_brand":[],"product_cat":[802],"product_tag":[],"class_list":{"0":"post-23339","1":"product","2":"type-product","3":"status-publish","4":"has-post-thumbnail","6":"product_cat-sekoitukset","8":"first","9":"instock","10":"taxable","11":"shipping-taxable","12":"purchasable","13":"product-type-simple"},"yoast_head":"<!-- This site is optimized with the Yoast SEO plugin v27.4 - https:\/\/yoast.com\/product\/yoast-seo-wordpress\/ -->\n<title>Southern Dutch A Pinch of Heat -mausteseos - BBQ \u00c4ssad<\/title>\n<meta name=\"description\" content=\"Southern Dutch A Pinch of Heat -mausteseos on kohtalaisen mausteinen mausteseos, joka sopii erityisen hyvin kanalle, sianlihalle ja vihanneksille. Lis\u00e4\u00e4 makua ja savuisuutta\" \/>\n<meta name=\"robots\" content=\"index, follow, max-snippet:-1, max-image-preview:large, max-video-preview:-1\" \/>\n<link rel=\"canonical\" href=\"https:\/\/bbqassad.ee\/fi\/toode\/mausteet-southern-dutch-a-pinch-of-heat-ripaus-lampoa\/\" \/>\n<meta property=\"og:locale\" content=\"fi_FI\" \/>\n<meta property=\"og:type\" content=\"article\" \/>\n<meta property=\"og:title\" content=\"Southern Dutch A Pinch of Heat -maustesekoitus\" \/>\n<meta property=\"og:description\" content=\"Southern Dutch &quot;A Pinch of Heat&quot; -mausteseos - kohtuullisen mausteinen mausteseos, joka sopii erityisen hyvin kanalle, sianlihalle ja vihanneksille. Lis\u00e4\u00e4 makua grillaukseen ja savustukseen.\" \/>\n<meta property=\"og:url\" content=\"https:\/\/bbqassad.ee\/fi\/toode\/mausteet-southern-dutch-a-pinch-of-heat-ripaus-lampoa\/\" \/>\n<meta property=\"og:site_name\" content=\"BBQ \u00c4ssad\" \/>\n<meta property=\"article:publisher\" content=\"https:\/\/www.facebook.com\/bbqassad\" \/>\n<meta property=\"article:modified_time\" content=\"2026-04-14T06:33:44+00:00\" \/>\n<meta property=\"og:image\" content=\"https:\/\/bbqassad.ee\/wp-content\/uploads\/2023\/08\/SouthernDutch-A_Pinch_of_Heat-300x300.png\" \/>\n<meta name=\"twitter:card\" content=\"summary_large_image\" \/>\n<script type=\"application\/ld+json\" class=\"yoast-schema-graph\">{\"@context\":\"https:\\\/\\\/schema.org\",\"@graph\":[{\"@type\":\"WebPage\",\"@id\":\"https:\\\/\\\/bbqassad.ee\\\/fi\\\/toode\\\/mausteet-southern-dutch-a-pinch-of-heat-ripaus-lampoa\\\/\",\"url\":\"https:\\\/\\\/bbqassad.ee\\\/fi\\\/toode\\\/mausteet-southern-dutch-a-pinch-of-heat-ripaus-lampoa\\\/\",\"name\":\"Southern Dutch A Pinch of Heat -mausteseos - BBQ \u00c4ssad\",\"isPartOf\":{\"@id\":\"https:\\\/\\\/bbqassad.ee\\\/fi\\\/#website\"},\"primaryImageOfPage\":{\"@id\":\"https:\\\/\\\/bbqassad.ee\\\/fi\\\/toode\\\/mausteet-southern-dutch-a-pinch-of-heat-ripaus-lampoa\\\/#primaryimage\"},\"image\":{\"@id\":\"https:\\\/\\\/bbqassad.ee\\\/fi\\\/toode\\\/mausteet-southern-dutch-a-pinch-of-heat-ripaus-lampoa\\\/#primaryimage\"},\"thumbnailUrl\":\"https:\\\/\\\/bbqassad.ee\\\/wp-content\\\/uploads\\\/2023\\\/08\\\/SouthernDutch-A_Pinch_of_Heat.png\",\"datePublished\":\"2023-08-14T12:18:53+00:00\",\"dateModified\":\"2026-04-14T06:33:44+00:00\",\"description\":\"Southern Dutch A Pinch of Heat -mausteseos on kohtalaisen mausteinen mausteseos, joka sopii erityisen hyvin kanalle, sianlihalle ja vihanneksille. Lis\u00e4\u00e4 makua ja savuisuutta\",\"breadcrumb\":{\"@id\":\"https:\\\/\\\/bbqassad.ee\\\/fi\\\/toode\\\/mausteet-southern-dutch-a-pinch-of-heat-ripaus-lampoa\\\/#breadcrumb\"},\"inLanguage\":\"fi\",\"potentialAction\":[{\"@type\":\"ReadAction\",\"target\":[\"https:\\\/\\\/bbqassad.ee\\\/fi\\\/toode\\\/mausteet-southern-dutch-a-pinch-of-heat-ripaus-lampoa\\\/\"]}]},{\"@type\":\"ImageObject\",\"inLanguage\":\"fi\",\"@id\":\"https:\\\/\\\/bbqassad.ee\\\/fi\\\/toode\\\/mausteet-southern-dutch-a-pinch-of-heat-ripaus-lampoa\\\/#primaryimage\",\"url\":\"https:\\\/\\\/bbqassad.ee\\\/wp-content\\\/uploads\\\/2023\\\/08\\\/SouthernDutch-A_Pinch_of_Heat.png\",\"contentUrl\":\"https:\\\/\\\/bbqassad.ee\\\/wp-content\\\/uploads\\\/2023\\\/08\\\/SouthernDutch-A_Pinch_of_Heat.png\",\"width\":800,\"height\":800,\"caption\":\"Maitseainesegu Southern Dutch A Pinch of Heat\"},{\"@type\":\"BreadcrumbList\",\"@id\":\"https:\\\/\\\/bbqassad.ee\\\/fi\\\/toode\\\/mausteet-southern-dutch-a-pinch-of-heat-ripaus-lampoa\\\/#breadcrumb\",\"itemListElement\":[{\"@type\":\"ListItem\",\"position\":1,\"name\":\"Home\",\"item\":\"https:\\\/\\\/bbqassad.ee\\\/fi\\\/bbq-assat\\\/\"},{\"@type\":\"ListItem\",\"position\":2,\"name\":\"Verkkokauppa\",\"item\":\"https:\\\/\\\/bbqassad.ee\\\/fi\\\/verkkokauppa\\\/\"},{\"@type\":\"ListItem\",\"position\":3,\"name\":\"Southern Dutch A Pinch of Heat -mausteseos\"}]},{\"@type\":\"WebSite\",\"@id\":\"https:\\\/\\\/bbqassad.ee\\\/fi\\\/#website\",\"url\":\"https:\\\/\\\/bbqassad.ee\\\/fi\\\/\",\"name\":\"BBQ \u00c4ssad\",\"description\":\"BBQ maitseained, kastmed, ahjud\",\"publisher\":{\"@id\":\"https:\\\/\\\/bbqassad.ee\\\/fi\\\/#organization\"},\"potentialAction\":[{\"@type\":\"SearchAction\",\"target\":{\"@type\":\"EntryPoint\",\"urlTemplate\":\"https:\\\/\\\/bbqassad.ee\\\/fi\\\/?s={search_term_string}\"},\"query-input\":{\"@type\":\"PropertyValueSpecification\",\"valueRequired\":true,\"valueName\":\"search_term_string\"}}],\"inLanguage\":\"fi\"},{\"@type\":\"Organization\",\"@id\":\"https:\\\/\\\/bbqassad.ee\\\/fi\\\/#organization\",\"name\":\"BBQ \u00c4ssad\",\"url\":\"https:\\\/\\\/bbqassad.ee\\\/fi\\\/\",\"logo\":{\"@type\":\"ImageObject\",\"inLanguage\":\"fi\",\"@id\":\"https:\\\/\\\/bbqassad.ee\\\/fi\\\/#\\\/schema\\\/logo\\\/image\\\/\",\"url\":\"https:\\\/\\\/bbqassad.ee\\\/wp-content\\\/uploads\\\/2022\\\/10\\\/BBQ-2ssadlogo.png\",\"contentUrl\":\"https:\\\/\\\/bbqassad.ee\\\/wp-content\\\/uploads\\\/2022\\\/10\\\/BBQ-2ssadlogo.png\",\"width\":1080,\"height\":1080,\"caption\":\"BBQ \u00c4ssad\"},\"image\":{\"@id\":\"https:\\\/\\\/bbqassad.ee\\\/fi\\\/#\\\/schema\\\/logo\\\/image\\\/\"},\"sameAs\":[\"https:\\\/\\\/www.facebook.com\\\/bbqassad\",\"https:\\\/\\\/www.youtube.com\\\/channel\\\/UCsoufn49J6TVi9Ah9meE93w\"]}]}<\/script>\n<!-- \/ Yoast SEO plugin. -->","yoast_head_json":{"title":"Southern Dutch A Pinch of Heat -mausteseos - BBQ \u00c4ssad","description":"Southern Dutch A Pinch of Heat -mausteseos on kohtalaisen mausteinen mausteseos, joka sopii erityisen hyvin kanalle, sianlihalle ja vihanneksille. Lis\u00e4\u00e4 makua ja savuisuutta","robots":{"index":"index","follow":"follow","max-snippet":"max-snippet:-1","max-image-preview":"max-image-preview:large","max-video-preview":"max-video-preview:-1"},"canonical":"https:\/\/bbqassad.ee\/fi\/toode\/mausteet-southern-dutch-a-pinch-of-heat-ripaus-lampoa\/","og_locale":"fi_FI","og_type":"article","og_title":"Southern Dutch A Pinch of Heat -maustesekoitus","og_description":"Southern Dutch \"A Pinch of Heat\" -mausteseos - kohtuullisen mausteinen mausteseos, joka sopii erityisen hyvin kanalle, sianlihalle ja vihanneksille. Lis\u00e4\u00e4 makua grillaukseen ja savustukseen.","og_url":"https:\/\/bbqassad.ee\/fi\/toode\/mausteet-southern-dutch-a-pinch-of-heat-ripaus-lampoa\/","og_site_name":"BBQ \u00c4ssad","article_publisher":"https:\/\/www.facebook.com\/bbqassad","article_modified_time":"2026-04-14T06:33:44+00:00","og_image":[{"url":"https:\/\/bbqassad.ee\/wp-content\/uploads\/2023\/08\/SouthernDutch-A_Pinch_of_Heat-300x300.png","type":"","width":"","height":""}],"twitter_card":"summary_large_image","schema":{"@context":"https:\/\/schema.org","@graph":[{"@type":"WebPage","@id":"https:\/\/bbqassad.ee\/fi\/toode\/mausteet-southern-dutch-a-pinch-of-heat-ripaus-lampoa\/","url":"https:\/\/bbqassad.ee\/fi\/toode\/mausteet-southern-dutch-a-pinch-of-heat-ripaus-lampoa\/","name":"Southern Dutch A Pinch of Heat -mausteseos - BBQ \u00c4ssad","isPartOf":{"@id":"https:\/\/bbqassad.ee\/fi\/#website"},"primaryImageOfPage":{"@id":"https:\/\/bbqassad.ee\/fi\/toode\/mausteet-southern-dutch-a-pinch-of-heat-ripaus-lampoa\/#primaryimage"},"image":{"@id":"https:\/\/bbqassad.ee\/fi\/toode\/mausteet-southern-dutch-a-pinch-of-heat-ripaus-lampoa\/#primaryimage"},"thumbnailUrl":"https:\/\/bbqassad.ee\/wp-content\/uploads\/2023\/08\/SouthernDutch-A_Pinch_of_Heat.png","datePublished":"2023-08-14T12:18:53+00:00","dateModified":"2026-04-14T06:33:44+00:00","description":"Southern Dutch A Pinch of Heat -mausteseos on kohtalaisen mausteinen mausteseos, joka sopii erityisen hyvin kanalle, sianlihalle ja vihanneksille. Lis\u00e4\u00e4 makua ja savuisuutta","breadcrumb":{"@id":"https:\/\/bbqassad.ee\/fi\/toode\/mausteet-southern-dutch-a-pinch-of-heat-ripaus-lampoa\/#breadcrumb"},"inLanguage":"fi","potentialAction":[{"@type":"ReadAction","target":["https:\/\/bbqassad.ee\/fi\/toode\/mausteet-southern-dutch-a-pinch-of-heat-ripaus-lampoa\/"]}]},{"@type":"ImageObject","inLanguage":"fi","@id":"https:\/\/bbqassad.ee\/fi\/toode\/mausteet-southern-dutch-a-pinch-of-heat-ripaus-lampoa\/#primaryimage","url":"https:\/\/bbqassad.ee\/wp-content\/uploads\/2023\/08\/SouthernDutch-A_Pinch_of_Heat.png","contentUrl":"https:\/\/bbqassad.ee\/wp-content\/uploads\/2023\/08\/SouthernDutch-A_Pinch_of_Heat.png","width":800,"height":800,"caption":"Maitseainesegu Southern Dutch A Pinch of Heat"},{"@type":"BreadcrumbList","@id":"https:\/\/bbqassad.ee\/fi\/toode\/mausteet-southern-dutch-a-pinch-of-heat-ripaus-lampoa\/#breadcrumb","itemListElement":[{"@type":"ListItem","position":1,"name":"Home","item":"https:\/\/bbqassad.ee\/fi\/bbq-assat\/"},{"@type":"ListItem","position":2,"name":"Verkkokauppa","item":"https:\/\/bbqassad.ee\/fi\/verkkokauppa\/"},{"@type":"ListItem","position":3,"name":"Southern Dutch A Pinch of Heat -mausteseos"}]},{"@type":"WebSite","@id":"https:\/\/bbqassad.ee\/fi\/#website","url":"https:\/\/bbqassad.ee\/fi\/","name":"BBQ \u00c4ssad","description":"BBQ maitseained, kastmed, ahjud","publisher":{"@id":"https:\/\/bbqassad.ee\/fi\/#organization"},"potentialAction":[{"@type":"SearchAction","target":{"@type":"EntryPoint","urlTemplate":"https:\/\/bbqassad.ee\/fi\/?s={search_term_string}"},"query-input":{"@type":"PropertyValueSpecification","valueRequired":true,"valueName":"search_term_string"}}],"inLanguage":"fi"},{"@type":"Organization","@id":"https:\/\/bbqassad.ee\/fi\/#organization","name":"BBQ \u00c4ssad","url":"https:\/\/bbqassad.ee\/fi\/","logo":{"@type":"ImageObject","inLanguage":"fi","@id":"https:\/\/bbqassad.ee\/fi\/#\/schema\/logo\/image\/","url":"https:\/\/bbqassad.ee\/wp-content\/uploads\/2022\/10\/BBQ-2ssadlogo.png","contentUrl":"https:\/\/bbqassad.ee\/wp-content\/uploads\/2022\/10\/BBQ-2ssadlogo.png","width":1080,"height":1080,"caption":"BBQ \u00c4ssad"},"image":{"@id":"https:\/\/bbqassad.ee\/fi\/#\/schema\/logo\/image\/"},"sameAs":["https:\/\/www.facebook.com\/bbqassad","https:\/\/www.youtube.com\/channel\/UCsoufn49J6TVi9Ah9meE93w"]}]}},"_links":{"self":[{"href":"https:\/\/bbqassad.ee\/fi\/wp-json\/wp\/v2\/product\/23339","targetHints":{"allow":["GET"]}}],"collection":[{"href":"https:\/\/bbqassad.ee\/fi\/wp-json\/wp\/v2\/product"}],"about":[{"href":"https:\/\/bbqassad.ee\/fi\/wp-json\/wp\/v2\/types\/product"}],"replies":[{"embeddable":true,"href":"https:\/\/bbqassad.ee\/fi\/wp-json\/wp\/v2\/comments?post=23339"}],"wp:featuredmedia":[{"embeddable":true,"href":"https:\/\/bbqassad.ee\/fi\/wp-json\/wp\/v2\/media\/23340"}],"wp:attachment":[{"href":"https:\/\/bbqassad.ee\/fi\/wp-json\/wp\/v2\/media?parent=23339"}],"wp:term":[{"taxonomy":"product_brand","embeddable":true,"href":"https:\/\/bbqassad.ee\/fi\/wp-json\/wp\/v2\/product_brand?post=23339"},{"taxonomy":"product_cat","embeddable":true,"href":"https:\/\/bbqassad.ee\/fi\/wp-json\/wp\/v2\/product_cat?post=23339"},{"taxonomy":"product_tag","embeddable":true,"href":"https:\/\/bbqassad.ee\/fi\/wp-json\/wp\/v2\/product_tag?post=23339"}],"curies":[{"name":"wp","href":"https:\/\/api.w.org\/{rel}","templated":true}]}}