{"id":23338,"date":"2023-09-22T05:06:57","date_gmt":"2023-09-22T05:06:57","guid":{"rendered":"https:\/\/bbqassad.ee\/toode\/franklin-bbq-original-texas-bbq-kastike\/"},"modified":"2026-04-14T06:33:44","modified_gmt":"2026-04-14T06:33:44","slug":"franklin-bbq-original-texas-bbq-kastike","status":"publish","type":"product","link":"https:\/\/bbqassad.ee\/fi\/toode\/franklin-bbq-original-texas-bbq-kastike\/","title":{"rendered":"Franklin BBQ Original Texas BBQ -kastike"},"content":{"rendered":"<h2>Franklin BBQ Original Texas BBQ-kastike<\/h2>\n<p>Franklin BBQ on ehk\u00e4 maailman tunnetuin BBQ-ravintola. Aaron Franklin ei kuitenkaan ole rajoittunut vain ravintolaan. H\u00e4n myy nyt suuria offset-grilliuunia, puuhiilt\u00e4, mausteita ja kuuluisia kastikkeitaan. Kaikki on samaa, mit\u00e4 h\u00e4n k\u00e4ytt\u00e4\u00e4 ravintolassaan &#8211; vakavia, suoraviivaisia makuja texasilaisittain. Original on vahva tomaattipohjainen, kyll\u00e4, tomaatti, ei ketsuppi, BBQ-kastike.    <\/p>\n<h3>BBQ Aces kommentti<\/h3>\n<p>T\u00e4m\u00e4 on kenties suorinta BBQ-kastiketta, jonka voit maistaa &#8211; vahva tomaatin maku &#8211; kuin mit\u00e4 tekisit kotona. Eritt\u00e4in hyv\u00e4\u00e4 tavaraa kaikkeen. <\/p>\n<h3>Ammattilaisen vinkki<\/h3>\n<p>K\u00e4y katsomassa Texas ribs -videomme ja korvaa kastike Franklinin kastikkeella, niin saat todellisen Teksasin maun.<\/p>\n","protected":false},"excerpt":{"rendered":"<p>Valmistaja: Franklin BBQ<br \/>\nPaino: 510g<br \/>\nAinesosat: Tomaattipyree (suodatettu vesi, tomaatit), omenaviinietikka, sokeri, vaaleanruskea sokeri, Worchestershire-kastike, ruokosokeri, valkosipuli.<\/p>\n","protected":false},"featured_media":23327,"comment_status":"open","ping_status":"closed","template":"","meta":[],"product_brand":[],"product_cat":[788],"product_tag":[],"class_list":{"0":"post-23338","1":"product","2":"type-product","3":"status-publish","4":"has-post-thumbnail","6":"product_cat-kastit","8":"first","9":"instock","10":"taxable","11":"shipping-taxable","12":"purchasable","13":"product-type-simple"},"yoast_head":"<!-- This site is optimized with the Yoast SEO plugin v27.4 - https:\/\/yoast.com\/product\/yoast-seo-wordpress\/ -->\n<title>Franklin BBQ Original Texas BBQ -kastike - BBQ \u00c4ssad<\/title>\n<meta name=\"description\" content=\"Franklin BBQ Original Texas BBQ Sauce - Klassinen teksasilaisen BBQ-tyylin BBQ-kastike, jossa on tasapainossa makeus ja happamuus.\" \/>\n<meta name=\"robots\" content=\"index, follow, max-snippet:-1, max-image-preview:large, max-video-preview:-1\" \/>\n<link rel=\"canonical\" href=\"https:\/\/bbqassad.ee\/fi\/toode\/franklin-bbq-original-texas-bbq-kastike\/\" \/>\n<meta property=\"og:locale\" content=\"fi_FI\" \/>\n<meta property=\"og:type\" content=\"article\" \/>\n<meta property=\"og:title\" content=\"Franklin BBQ Original Texas BBQ-kastike\" \/>\n<meta property=\"og:description\" content=\"Franklin BBQ Original Texas BBQ Sauce - Klassinen teksasilaisen BBQ-tyylin BBQ-kastike, jossa on tasapainossa makeus ja happamuus. Sopii erinomaisesti rintaleiv\u00e4lle, ribseille, kanalle ja hampurilaisille.\" \/>\n<meta property=\"og:url\" content=\"https:\/\/bbqassad.ee\/fi\/toode\/franklin-bbq-original-texas-bbq-kastike\/\" \/>\n<meta property=\"og:site_name\" content=\"BBQ \u00c4ssad\" \/>\n<meta property=\"article:publisher\" content=\"https:\/\/www.facebook.com\/bbqassad\" \/>\n<meta property=\"article:modified_time\" content=\"2026-04-14T06:33:44+00:00\" \/>\n<meta property=\"og:image\" content=\"https:\/\/bbqassad.ee\/wp-content\/uploads\/2023\/09\/Franklin-bbq-Original-Texas-bbq-sauce-300x300.png\" \/>\n<meta name=\"twitter:card\" content=\"summary_large_image\" \/>\n<script type=\"application\/ld+json\" class=\"yoast-schema-graph\">{\"@context\":\"https:\\\/\\\/schema.org\",\"@graph\":[{\"@type\":\"WebPage\",\"@id\":\"https:\\\/\\\/bbqassad.ee\\\/fi\\\/toode\\\/franklin-bbq-original-texas-bbq-kastike\\\/\",\"url\":\"https:\\\/\\\/bbqassad.ee\\\/fi\\\/toode\\\/franklin-bbq-original-texas-bbq-kastike\\\/\",\"name\":\"Franklin BBQ Original Texas BBQ -kastike - BBQ \u00c4ssad\",\"isPartOf\":{\"@id\":\"https:\\\/\\\/bbqassad.ee\\\/fi\\\/#website\"},\"primaryImageOfPage\":{\"@id\":\"https:\\\/\\\/bbqassad.ee\\\/fi\\\/toode\\\/franklin-bbq-original-texas-bbq-kastike\\\/#primaryimage\"},\"image\":{\"@id\":\"https:\\\/\\\/bbqassad.ee\\\/fi\\\/toode\\\/franklin-bbq-original-texas-bbq-kastike\\\/#primaryimage\"},\"thumbnailUrl\":\"https:\\\/\\\/bbqassad.ee\\\/wp-content\\\/uploads\\\/2023\\\/09\\\/Franklin-bbq-Original-Texas-bbq-sauce.png\",\"datePublished\":\"2023-09-22T05:06:57+00:00\",\"dateModified\":\"2026-04-14T06:33:44+00:00\",\"description\":\"Franklin BBQ Original Texas BBQ Sauce - Klassinen teksasilaisen BBQ-tyylin BBQ-kastike, jossa on tasapainossa makeus ja happamuus.\",\"breadcrumb\":{\"@id\":\"https:\\\/\\\/bbqassad.ee\\\/fi\\\/toode\\\/franklin-bbq-original-texas-bbq-kastike\\\/#breadcrumb\"},\"inLanguage\":\"fi\",\"potentialAction\":[{\"@type\":\"ReadAction\",\"target\":[\"https:\\\/\\\/bbqassad.ee\\\/fi\\\/toode\\\/franklin-bbq-original-texas-bbq-kastike\\\/\"]}]},{\"@type\":\"ImageObject\",\"inLanguage\":\"fi\",\"@id\":\"https:\\\/\\\/bbqassad.ee\\\/fi\\\/toode\\\/franklin-bbq-original-texas-bbq-kastike\\\/#primaryimage\",\"url\":\"https:\\\/\\\/bbqassad.ee\\\/wp-content\\\/uploads\\\/2023\\\/09\\\/Franklin-bbq-Original-Texas-bbq-sauce.png\",\"contentUrl\":\"https:\\\/\\\/bbqassad.ee\\\/wp-content\\\/uploads\\\/2023\\\/09\\\/Franklin-bbq-Original-Texas-bbq-sauce.png\",\"width\":970,\"height\":970,\"caption\":\"Franklin BBQ Original Texas BBQ-kastike\"},{\"@type\":\"BreadcrumbList\",\"@id\":\"https:\\\/\\\/bbqassad.ee\\\/fi\\\/toode\\\/franklin-bbq-original-texas-bbq-kastike\\\/#breadcrumb\",\"itemListElement\":[{\"@type\":\"ListItem\",\"position\":1,\"name\":\"Home\",\"item\":\"https:\\\/\\\/bbqassad.ee\\\/fi\\\/bbq-assat\\\/\"},{\"@type\":\"ListItem\",\"position\":2,\"name\":\"Verkkokauppa\",\"item\":\"https:\\\/\\\/bbqassad.ee\\\/fi\\\/verkkokauppa\\\/\"},{\"@type\":\"ListItem\",\"position\":3,\"name\":\"Franklin BBQ Original Texas BBQ -kastike\"}]},{\"@type\":\"WebSite\",\"@id\":\"https:\\\/\\\/bbqassad.ee\\\/fi\\\/#website\",\"url\":\"https:\\\/\\\/bbqassad.ee\\\/fi\\\/\",\"name\":\"BBQ \u00c4ssad\",\"description\":\"BBQ maitseained, kastmed, ahjud\",\"publisher\":{\"@id\":\"https:\\\/\\\/bbqassad.ee\\\/fi\\\/#organization\"},\"potentialAction\":[{\"@type\":\"SearchAction\",\"target\":{\"@type\":\"EntryPoint\",\"urlTemplate\":\"https:\\\/\\\/bbqassad.ee\\\/fi\\\/?s={search_term_string}\"},\"query-input\":{\"@type\":\"PropertyValueSpecification\",\"valueRequired\":true,\"valueName\":\"search_term_string\"}}],\"inLanguage\":\"fi\"},{\"@type\":\"Organization\",\"@id\":\"https:\\\/\\\/bbqassad.ee\\\/fi\\\/#organization\",\"name\":\"BBQ \u00c4ssad\",\"url\":\"https:\\\/\\\/bbqassad.ee\\\/fi\\\/\",\"logo\":{\"@type\":\"ImageObject\",\"inLanguage\":\"fi\",\"@id\":\"https:\\\/\\\/bbqassad.ee\\\/fi\\\/#\\\/schema\\\/logo\\\/image\\\/\",\"url\":\"https:\\\/\\\/bbqassad.ee\\\/wp-content\\\/uploads\\\/2022\\\/10\\\/BBQ-2ssadlogo.png\",\"contentUrl\":\"https:\\\/\\\/bbqassad.ee\\\/wp-content\\\/uploads\\\/2022\\\/10\\\/BBQ-2ssadlogo.png\",\"width\":1080,\"height\":1080,\"caption\":\"BBQ \u00c4ssad\"},\"image\":{\"@id\":\"https:\\\/\\\/bbqassad.ee\\\/fi\\\/#\\\/schema\\\/logo\\\/image\\\/\"},\"sameAs\":[\"https:\\\/\\\/www.facebook.com\\\/bbqassad\",\"https:\\\/\\\/www.youtube.com\\\/channel\\\/UCsoufn49J6TVi9Ah9meE93w\"]}]}<\/script>\n<!-- \/ Yoast SEO plugin. -->","yoast_head_json":{"title":"Franklin BBQ Original Texas BBQ -kastike - BBQ \u00c4ssad","description":"Franklin BBQ Original Texas BBQ Sauce - Klassinen teksasilaisen BBQ-tyylin BBQ-kastike, jossa on tasapainossa makeus ja happamuus.","robots":{"index":"index","follow":"follow","max-snippet":"max-snippet:-1","max-image-preview":"max-image-preview:large","max-video-preview":"max-video-preview:-1"},"canonical":"https:\/\/bbqassad.ee\/fi\/toode\/franklin-bbq-original-texas-bbq-kastike\/","og_locale":"fi_FI","og_type":"article","og_title":"Franklin BBQ Original Texas BBQ-kastike","og_description":"Franklin BBQ Original Texas BBQ Sauce - Klassinen teksasilaisen BBQ-tyylin BBQ-kastike, jossa on tasapainossa makeus ja happamuus. Sopii erinomaisesti rintaleiv\u00e4lle, ribseille, kanalle ja hampurilaisille.","og_url":"https:\/\/bbqassad.ee\/fi\/toode\/franklin-bbq-original-texas-bbq-kastike\/","og_site_name":"BBQ \u00c4ssad","article_publisher":"https:\/\/www.facebook.com\/bbqassad","article_modified_time":"2026-04-14T06:33:44+00:00","og_image":[{"url":"https:\/\/bbqassad.ee\/wp-content\/uploads\/2023\/09\/Franklin-bbq-Original-Texas-bbq-sauce-300x300.png","type":"","width":"","height":""}],"twitter_card":"summary_large_image","schema":{"@context":"https:\/\/schema.org","@graph":[{"@type":"WebPage","@id":"https:\/\/bbqassad.ee\/fi\/toode\/franklin-bbq-original-texas-bbq-kastike\/","url":"https:\/\/bbqassad.ee\/fi\/toode\/franklin-bbq-original-texas-bbq-kastike\/","name":"Franklin BBQ Original Texas BBQ -kastike - BBQ \u00c4ssad","isPartOf":{"@id":"https:\/\/bbqassad.ee\/fi\/#website"},"primaryImageOfPage":{"@id":"https:\/\/bbqassad.ee\/fi\/toode\/franklin-bbq-original-texas-bbq-kastike\/#primaryimage"},"image":{"@id":"https:\/\/bbqassad.ee\/fi\/toode\/franklin-bbq-original-texas-bbq-kastike\/#primaryimage"},"thumbnailUrl":"https:\/\/bbqassad.ee\/wp-content\/uploads\/2023\/09\/Franklin-bbq-Original-Texas-bbq-sauce.png","datePublished":"2023-09-22T05:06:57+00:00","dateModified":"2026-04-14T06:33:44+00:00","description":"Franklin BBQ Original Texas BBQ Sauce - Klassinen teksasilaisen BBQ-tyylin BBQ-kastike, jossa on tasapainossa makeus ja happamuus.","breadcrumb":{"@id":"https:\/\/bbqassad.ee\/fi\/toode\/franklin-bbq-original-texas-bbq-kastike\/#breadcrumb"},"inLanguage":"fi","potentialAction":[{"@type":"ReadAction","target":["https:\/\/bbqassad.ee\/fi\/toode\/franklin-bbq-original-texas-bbq-kastike\/"]}]},{"@type":"ImageObject","inLanguage":"fi","@id":"https:\/\/bbqassad.ee\/fi\/toode\/franklin-bbq-original-texas-bbq-kastike\/#primaryimage","url":"https:\/\/bbqassad.ee\/wp-content\/uploads\/2023\/09\/Franklin-bbq-Original-Texas-bbq-sauce.png","contentUrl":"https:\/\/bbqassad.ee\/wp-content\/uploads\/2023\/09\/Franklin-bbq-Original-Texas-bbq-sauce.png","width":970,"height":970,"caption":"Franklin BBQ Original Texas BBQ-kastike"},{"@type":"BreadcrumbList","@id":"https:\/\/bbqassad.ee\/fi\/toode\/franklin-bbq-original-texas-bbq-kastike\/#breadcrumb","itemListElement":[{"@type":"ListItem","position":1,"name":"Home","item":"https:\/\/bbqassad.ee\/fi\/bbq-assat\/"},{"@type":"ListItem","position":2,"name":"Verkkokauppa","item":"https:\/\/bbqassad.ee\/fi\/verkkokauppa\/"},{"@type":"ListItem","position":3,"name":"Franklin BBQ Original Texas BBQ -kastike"}]},{"@type":"WebSite","@id":"https:\/\/bbqassad.ee\/fi\/#website","url":"https:\/\/bbqassad.ee\/fi\/","name":"BBQ \u00c4ssad","description":"BBQ maitseained, kastmed, ahjud","publisher":{"@id":"https:\/\/bbqassad.ee\/fi\/#organization"},"potentialAction":[{"@type":"SearchAction","target":{"@type":"EntryPoint","urlTemplate":"https:\/\/bbqassad.ee\/fi\/?s={search_term_string}"},"query-input":{"@type":"PropertyValueSpecification","valueRequired":true,"valueName":"search_term_string"}}],"inLanguage":"fi"},{"@type":"Organization","@id":"https:\/\/bbqassad.ee\/fi\/#organization","name":"BBQ \u00c4ssad","url":"https:\/\/bbqassad.ee\/fi\/","logo":{"@type":"ImageObject","inLanguage":"fi","@id":"https:\/\/bbqassad.ee\/fi\/#\/schema\/logo\/image\/","url":"https:\/\/bbqassad.ee\/wp-content\/uploads\/2022\/10\/BBQ-2ssadlogo.png","contentUrl":"https:\/\/bbqassad.ee\/wp-content\/uploads\/2022\/10\/BBQ-2ssadlogo.png","width":1080,"height":1080,"caption":"BBQ \u00c4ssad"},"image":{"@id":"https:\/\/bbqassad.ee\/fi\/#\/schema\/logo\/image\/"},"sameAs":["https:\/\/www.facebook.com\/bbqassad","https:\/\/www.youtube.com\/channel\/UCsoufn49J6TVi9Ah9meE93w"]}]}},"_links":{"self":[{"href":"https:\/\/bbqassad.ee\/fi\/wp-json\/wp\/v2\/product\/23338","targetHints":{"allow":["GET"]}}],"collection":[{"href":"https:\/\/bbqassad.ee\/fi\/wp-json\/wp\/v2\/product"}],"about":[{"href":"https:\/\/bbqassad.ee\/fi\/wp-json\/wp\/v2\/types\/product"}],"replies":[{"embeddable":true,"href":"https:\/\/bbqassad.ee\/fi\/wp-json\/wp\/v2\/comments?post=23338"}],"wp:featuredmedia":[{"embeddable":true,"href":"https:\/\/bbqassad.ee\/fi\/wp-json\/wp\/v2\/media\/23327"}],"wp:attachment":[{"href":"https:\/\/bbqassad.ee\/fi\/wp-json\/wp\/v2\/media?parent=23338"}],"wp:term":[{"taxonomy":"product_brand","embeddable":true,"href":"https:\/\/bbqassad.ee\/fi\/wp-json\/wp\/v2\/product_brand?post=23338"},{"taxonomy":"product_cat","embeddable":true,"href":"https:\/\/bbqassad.ee\/fi\/wp-json\/wp\/v2\/product_cat?post=23338"},{"taxonomy":"product_tag","embeddable":true,"href":"https:\/\/bbqassad.ee\/fi\/wp-json\/wp\/v2\/product_tag?post=23338"}],"curies":[{"name":"wp","href":"https:\/\/api.w.org\/{rel}","templated":true}]}}