{"id":23334,"date":"2023-09-25T11:53:16","date_gmt":"2023-09-25T11:53:16","guid":{"rendered":"https:\/\/bbqassad.ee\/toode\/tuffy-stone-mausteinen-bbq-kastike\/"},"modified":"2026-04-14T06:33:43","modified_gmt":"2026-04-14T06:33:43","slug":"tuffy-stone-mausteinen-bbq-kastike","status":"publish","type":"product","link":"https:\/\/bbqassad.ee\/fi\/toode\/tuffy-stone-mausteinen-bbq-kastike\/","title":{"rendered":"Tuffy Stone Spicy BBQ -kastike"},"content":{"rendered":"<h2>Kastike: Tuffy Stone Spicy bbq-kastike<\/h2>\n<p>Tuffy Stone on ollut BBQ-maailmassa hyvin, hyvin pitk\u00e4\u00e4n. H\u00e4n on kilpaillut suurimman osan BBQ-urastaan, ja siin\u00e4 on suurin piirtein kaikki mahdolliset maailmanmestaruudet. H\u00e4n kilpaili koko ajan is\u00e4ns\u00e4 kanssa, mutta t\u00e4m\u00e4n kuoltua my\u00f6s Tuffy vet\u00e4ytyi aktiivisesta kilpailutoiminnasta. Sen sijaan h\u00e4n alkoi opettaa BBQ-taitoa sek\u00e4 suoraan ett\u00e4 YouTube-kanavallaan. Tuffy tunnetaan my\u00f6s professorina, koska h\u00e4n osaa ottaa usein yksinkertaiselta vaikuttavan asian ja tehd\u00e4 siit\u00e4 uskomattoman monimutkaisen, jossa jokainen yksityiskohta menee aivan sekaisin. Mutta kun katsoo h\u00e4nen kilpailutuloksiaan, ei ole ep\u00e4ilyst\u00e4k\u00e4\u00e4n siit\u00e4, ett\u00e4 toisinaan t\u00e4llaiseen tarkkailuun on aihetta.     <\/p>\n<p>Tuffy julkaisi t\u00e4n\u00e4 vuonna uuden mauste- ja kastikesarjan. Spicy on juuri sit\u00e4, mit\u00e4 nimi kertoo &#8211; se saa suusi syttym\u00e4\u00e4n tuleen. Se on mausteinen versio h\u00e4nen alkuper\u00e4isest\u00e4 kastikkeestaan.  <\/p>\n<p><span style=\"font-size: 20.15999984741211px; color: #333333;\">BBQ Aces kommentti<\/span><\/p>\n<p>Mausteita ja lis\u00e4\u00e4 mausteita. K\u00e4yt\u00e4 sit\u00e4 kaikkien lihojen maustamiseen. <\/p>\n<p><span style=\"font-size: 20.15999984741211px; color: #333333;\">Ammattilaisen vinkki<\/span><\/p>\n<p>K\u00e4yt\u00e4 sit\u00e4 maustamaan muita makeita kastikkeita.<\/p>\n","protected":false},"excerpt":{"rendered":"<p>Valmistaja: Tuffy Stone BBQ<br \/>\nPaino: 560gr<br \/>\nAinesosat: Tomaatti, valkosipuli, savupaprika, juustokumina, melassi, chipotle.<\/p>\n","protected":false},"featured_media":23331,"comment_status":"open","ping_status":"closed","template":"","meta":[],"product_brand":[],"product_cat":[788],"product_tag":[],"class_list":{"0":"post-23334","1":"product","2":"type-product","3":"status-publish","4":"has-post-thumbnail","6":"product_cat-kastit","8":"first","9":"instock","10":"taxable","11":"shipping-taxable","12":"purchasable","13":"product-type-simple"},"yoast_head":"<!-- This site is optimized with the Yoast SEO plugin v27.4 - https:\/\/yoast.com\/product\/yoast-seo-wordpress\/ -->\n<title>Tuffy Stone Spicy BBQ Sauce - BBQ \u00c4ssad%<\/title>\n<meta name=\"description\" content=\"Tuffy Stone Spicy BBQ -kastike painaa 560 g, ja se sis\u00e4lt\u00e4\u00e4 tomaattia, valkosipulia, savustettua paprikaa, kuminaa, melassia ja chipotlea.\" \/>\n<meta name=\"robots\" content=\"index, follow, max-snippet:-1, max-image-preview:large, max-video-preview:-1\" \/>\n<link rel=\"canonical\" href=\"https:\/\/bbqassad.ee\/fi\/toode\/tuffy-stone-mausteinen-bbq-kastike\/\" \/>\n<meta property=\"og:locale\" content=\"fi_FI\" \/>\n<meta property=\"og:type\" content=\"article\" \/>\n<meta property=\"og:title\" content=\"Tuffy Stone Spicy BBQ Sauce - BBQ \u00c4ssad%\" \/>\n<meta property=\"og:description\" content=\"Tuffy Stone Spicy BBQ -kastike painaa 560 g, ja se sis\u00e4lt\u00e4\u00e4 tomaattia, valkosipulia, savustettua paprikaa, kuminaa, melassia ja chipotlea.\" \/>\n<meta property=\"og:url\" content=\"https:\/\/bbqassad.ee\/fi\/toode\/tuffy-stone-mausteinen-bbq-kastike\/\" \/>\n<meta property=\"og:site_name\" content=\"BBQ \u00c4ssad\" \/>\n<meta property=\"article:publisher\" content=\"https:\/\/www.facebook.com\/bbqassad\" \/>\n<meta property=\"article:modified_time\" content=\"2026-04-14T06:33:43+00:00\" \/>\n<meta property=\"og:image\" content=\"https:\/\/bbqassad.ee\/wp-content\/uploads\/2023\/09\/Tuffy-Stone-spicy-bbq-sauce.png\" \/>\n<meta name=\"twitter:card\" content=\"summary_large_image\" \/>\n<meta name=\"twitter:title\" content=\"Tuffy Stone Spicy BBQ Sauce - BBQ \u00c4ssad%\" \/>\n<meta name=\"twitter:description\" content=\"Tuffy Stone Spicy BBQ -kastike painaa 560 g, ja se sis\u00e4lt\u00e4\u00e4 tomaattia, valkosipulia, savustettua paprikaa, kuminaa, melassia ja chipotlea.\" \/>\n<meta name=\"twitter:image\" content=\"https:\/\/bbqassad.ee\/wp-content\/uploads\/2023\/09\/Tuffy-Stone-spicy-bbq-sauce.png\" \/>\n<meta name=\"twitter:label1\" content=\"Arvioitu lukuaika\" \/>\n\t<meta name=\"twitter:data1\" content=\"1 minuutti\" \/>\n<script type=\"application\/ld+json\" class=\"yoast-schema-graph\">{\"@context\":\"https:\\\/\\\/schema.org\",\"@graph\":[{\"@type\":\"WebPage\",\"@id\":\"https:\\\/\\\/bbqassad.ee\\\/fi\\\/toode\\\/tuffy-stone-mausteinen-bbq-kastike\\\/\",\"url\":\"https:\\\/\\\/bbqassad.ee\\\/fi\\\/toode\\\/tuffy-stone-mausteinen-bbq-kastike\\\/\",\"name\":\"Tuffy Stone Spicy BBQ Sauce - BBQ \u00c4ssad%\",\"isPartOf\":{\"@id\":\"https:\\\/\\\/bbqassad.ee\\\/fi\\\/#website\"},\"primaryImageOfPage\":{\"@id\":\"https:\\\/\\\/bbqassad.ee\\\/fi\\\/toode\\\/tuffy-stone-mausteinen-bbq-kastike\\\/#primaryimage\"},\"image\":{\"@id\":\"https:\\\/\\\/bbqassad.ee\\\/fi\\\/toode\\\/tuffy-stone-mausteinen-bbq-kastike\\\/#primaryimage\"},\"thumbnailUrl\":\"https:\\\/\\\/bbqassad.ee\\\/wp-content\\\/uploads\\\/2023\\\/09\\\/Tuffy-Stone-spicy-bbq-sauce.png\",\"datePublished\":\"2023-09-25T11:53:16+00:00\",\"dateModified\":\"2026-04-14T06:33:43+00:00\",\"description\":\"Tuffy Stone Spicy BBQ -kastike painaa 560 g, ja se sis\u00e4lt\u00e4\u00e4 tomaattia, valkosipulia, savustettua paprikaa, kuminaa, melassia ja chipotlea.\",\"breadcrumb\":{\"@id\":\"https:\\\/\\\/bbqassad.ee\\\/fi\\\/toode\\\/tuffy-stone-mausteinen-bbq-kastike\\\/#breadcrumb\"},\"inLanguage\":\"fi\",\"potentialAction\":[{\"@type\":\"ReadAction\",\"target\":[\"https:\\\/\\\/bbqassad.ee\\\/fi\\\/toode\\\/tuffy-stone-mausteinen-bbq-kastike\\\/\"]}]},{\"@type\":\"ImageObject\",\"inLanguage\":\"fi\",\"@id\":\"https:\\\/\\\/bbqassad.ee\\\/fi\\\/toode\\\/tuffy-stone-mausteinen-bbq-kastike\\\/#primaryimage\",\"url\":\"https:\\\/\\\/bbqassad.ee\\\/wp-content\\\/uploads\\\/2023\\\/09\\\/Tuffy-Stone-spicy-bbq-sauce.png\",\"contentUrl\":\"https:\\\/\\\/bbqassad.ee\\\/wp-content\\\/uploads\\\/2023\\\/09\\\/Tuffy-Stone-spicy-bbq-sauce.png\",\"width\":1388,\"height\":1388},{\"@type\":\"BreadcrumbList\",\"@id\":\"https:\\\/\\\/bbqassad.ee\\\/fi\\\/toode\\\/tuffy-stone-mausteinen-bbq-kastike\\\/#breadcrumb\",\"itemListElement\":[{\"@type\":\"ListItem\",\"position\":1,\"name\":\"Home\",\"item\":\"https:\\\/\\\/bbqassad.ee\\\/fi\\\/bbq-assat\\\/\"},{\"@type\":\"ListItem\",\"position\":2,\"name\":\"Verkkokauppa\",\"item\":\"https:\\\/\\\/bbqassad.ee\\\/fi\\\/verkkokauppa\\\/\"},{\"@type\":\"ListItem\",\"position\":3,\"name\":\"Tuffy Stone Spicy BBQ -kastike\"}]},{\"@type\":\"WebSite\",\"@id\":\"https:\\\/\\\/bbqassad.ee\\\/fi\\\/#website\",\"url\":\"https:\\\/\\\/bbqassad.ee\\\/fi\\\/\",\"name\":\"BBQ \u00c4ssad\",\"description\":\"BBQ maitseained, kastmed, ahjud\",\"publisher\":{\"@id\":\"https:\\\/\\\/bbqassad.ee\\\/fi\\\/#organization\"},\"potentialAction\":[{\"@type\":\"SearchAction\",\"target\":{\"@type\":\"EntryPoint\",\"urlTemplate\":\"https:\\\/\\\/bbqassad.ee\\\/fi\\\/?s={search_term_string}\"},\"query-input\":{\"@type\":\"PropertyValueSpecification\",\"valueRequired\":true,\"valueName\":\"search_term_string\"}}],\"inLanguage\":\"fi\"},{\"@type\":\"Organization\",\"@id\":\"https:\\\/\\\/bbqassad.ee\\\/fi\\\/#organization\",\"name\":\"BBQ \u00c4ssad\",\"url\":\"https:\\\/\\\/bbqassad.ee\\\/fi\\\/\",\"logo\":{\"@type\":\"ImageObject\",\"inLanguage\":\"fi\",\"@id\":\"https:\\\/\\\/bbqassad.ee\\\/fi\\\/#\\\/schema\\\/logo\\\/image\\\/\",\"url\":\"https:\\\/\\\/bbqassad.ee\\\/wp-content\\\/uploads\\\/2022\\\/10\\\/BBQ-2ssadlogo.png\",\"contentUrl\":\"https:\\\/\\\/bbqassad.ee\\\/wp-content\\\/uploads\\\/2022\\\/10\\\/BBQ-2ssadlogo.png\",\"width\":1080,\"height\":1080,\"caption\":\"BBQ \u00c4ssad\"},\"image\":{\"@id\":\"https:\\\/\\\/bbqassad.ee\\\/fi\\\/#\\\/schema\\\/logo\\\/image\\\/\"},\"sameAs\":[\"https:\\\/\\\/www.facebook.com\\\/bbqassad\",\"https:\\\/\\\/www.youtube.com\\\/channel\\\/UCsoufn49J6TVi9Ah9meE93w\"]}]}<\/script>\n<!-- \/ Yoast SEO plugin. -->","yoast_head_json":{"title":"Tuffy Stone Spicy BBQ Sauce - BBQ \u00c4ssad%","description":"Tuffy Stone Spicy BBQ -kastike painaa 560 g, ja se sis\u00e4lt\u00e4\u00e4 tomaattia, valkosipulia, savustettua paprikaa, kuminaa, melassia ja chipotlea.","robots":{"index":"index","follow":"follow","max-snippet":"max-snippet:-1","max-image-preview":"max-image-preview:large","max-video-preview":"max-video-preview:-1"},"canonical":"https:\/\/bbqassad.ee\/fi\/toode\/tuffy-stone-mausteinen-bbq-kastike\/","og_locale":"fi_FI","og_type":"article","og_title":"Tuffy Stone Spicy BBQ Sauce - BBQ \u00c4ssad%","og_description":"Tuffy Stone Spicy BBQ -kastike painaa 560 g, ja se sis\u00e4lt\u00e4\u00e4 tomaattia, valkosipulia, savustettua paprikaa, kuminaa, melassia ja chipotlea.","og_url":"https:\/\/bbqassad.ee\/fi\/toode\/tuffy-stone-mausteinen-bbq-kastike\/","og_site_name":"BBQ \u00c4ssad","article_publisher":"https:\/\/www.facebook.com\/bbqassad","article_modified_time":"2026-04-14T06:33:43+00:00","og_image":[{"url":"https:\/\/bbqassad.ee\/wp-content\/uploads\/2023\/09\/Tuffy-Stone-spicy-bbq-sauce.png","type":"","width":"","height":""}],"twitter_card":"summary_large_image","twitter_title":"Tuffy Stone Spicy BBQ Sauce - BBQ \u00c4ssad%","twitter_description":"Tuffy Stone Spicy BBQ -kastike painaa 560 g, ja se sis\u00e4lt\u00e4\u00e4 tomaattia, valkosipulia, savustettua paprikaa, kuminaa, melassia ja chipotlea.","twitter_image":"https:\/\/bbqassad.ee\/wp-content\/uploads\/2023\/09\/Tuffy-Stone-spicy-bbq-sauce.png","twitter_misc":{"Arvioitu lukuaika":"1 minuutti"},"schema":{"@context":"https:\/\/schema.org","@graph":[{"@type":"WebPage","@id":"https:\/\/bbqassad.ee\/fi\/toode\/tuffy-stone-mausteinen-bbq-kastike\/","url":"https:\/\/bbqassad.ee\/fi\/toode\/tuffy-stone-mausteinen-bbq-kastike\/","name":"Tuffy Stone Spicy BBQ Sauce - BBQ \u00c4ssad%","isPartOf":{"@id":"https:\/\/bbqassad.ee\/fi\/#website"},"primaryImageOfPage":{"@id":"https:\/\/bbqassad.ee\/fi\/toode\/tuffy-stone-mausteinen-bbq-kastike\/#primaryimage"},"image":{"@id":"https:\/\/bbqassad.ee\/fi\/toode\/tuffy-stone-mausteinen-bbq-kastike\/#primaryimage"},"thumbnailUrl":"https:\/\/bbqassad.ee\/wp-content\/uploads\/2023\/09\/Tuffy-Stone-spicy-bbq-sauce.png","datePublished":"2023-09-25T11:53:16+00:00","dateModified":"2026-04-14T06:33:43+00:00","description":"Tuffy Stone Spicy BBQ -kastike painaa 560 g, ja se sis\u00e4lt\u00e4\u00e4 tomaattia, valkosipulia, savustettua paprikaa, kuminaa, melassia ja chipotlea.","breadcrumb":{"@id":"https:\/\/bbqassad.ee\/fi\/toode\/tuffy-stone-mausteinen-bbq-kastike\/#breadcrumb"},"inLanguage":"fi","potentialAction":[{"@type":"ReadAction","target":["https:\/\/bbqassad.ee\/fi\/toode\/tuffy-stone-mausteinen-bbq-kastike\/"]}]},{"@type":"ImageObject","inLanguage":"fi","@id":"https:\/\/bbqassad.ee\/fi\/toode\/tuffy-stone-mausteinen-bbq-kastike\/#primaryimage","url":"https:\/\/bbqassad.ee\/wp-content\/uploads\/2023\/09\/Tuffy-Stone-spicy-bbq-sauce.png","contentUrl":"https:\/\/bbqassad.ee\/wp-content\/uploads\/2023\/09\/Tuffy-Stone-spicy-bbq-sauce.png","width":1388,"height":1388},{"@type":"BreadcrumbList","@id":"https:\/\/bbqassad.ee\/fi\/toode\/tuffy-stone-mausteinen-bbq-kastike\/#breadcrumb","itemListElement":[{"@type":"ListItem","position":1,"name":"Home","item":"https:\/\/bbqassad.ee\/fi\/bbq-assat\/"},{"@type":"ListItem","position":2,"name":"Verkkokauppa","item":"https:\/\/bbqassad.ee\/fi\/verkkokauppa\/"},{"@type":"ListItem","position":3,"name":"Tuffy Stone Spicy BBQ -kastike"}]},{"@type":"WebSite","@id":"https:\/\/bbqassad.ee\/fi\/#website","url":"https:\/\/bbqassad.ee\/fi\/","name":"BBQ \u00c4ssad","description":"BBQ maitseained, kastmed, ahjud","publisher":{"@id":"https:\/\/bbqassad.ee\/fi\/#organization"},"potentialAction":[{"@type":"SearchAction","target":{"@type":"EntryPoint","urlTemplate":"https:\/\/bbqassad.ee\/fi\/?s={search_term_string}"},"query-input":{"@type":"PropertyValueSpecification","valueRequired":true,"valueName":"search_term_string"}}],"inLanguage":"fi"},{"@type":"Organization","@id":"https:\/\/bbqassad.ee\/fi\/#organization","name":"BBQ \u00c4ssad","url":"https:\/\/bbqassad.ee\/fi\/","logo":{"@type":"ImageObject","inLanguage":"fi","@id":"https:\/\/bbqassad.ee\/fi\/#\/schema\/logo\/image\/","url":"https:\/\/bbqassad.ee\/wp-content\/uploads\/2022\/10\/BBQ-2ssadlogo.png","contentUrl":"https:\/\/bbqassad.ee\/wp-content\/uploads\/2022\/10\/BBQ-2ssadlogo.png","width":1080,"height":1080,"caption":"BBQ \u00c4ssad"},"image":{"@id":"https:\/\/bbqassad.ee\/fi\/#\/schema\/logo\/image\/"},"sameAs":["https:\/\/www.facebook.com\/bbqassad","https:\/\/www.youtube.com\/channel\/UCsoufn49J6TVi9Ah9meE93w"]}]}},"_links":{"self":[{"href":"https:\/\/bbqassad.ee\/fi\/wp-json\/wp\/v2\/product\/23334","targetHints":{"allow":["GET"]}}],"collection":[{"href":"https:\/\/bbqassad.ee\/fi\/wp-json\/wp\/v2\/product"}],"about":[{"href":"https:\/\/bbqassad.ee\/fi\/wp-json\/wp\/v2\/types\/product"}],"replies":[{"embeddable":true,"href":"https:\/\/bbqassad.ee\/fi\/wp-json\/wp\/v2\/comments?post=23334"}],"wp:featuredmedia":[{"embeddable":true,"href":"https:\/\/bbqassad.ee\/fi\/wp-json\/wp\/v2\/media\/23331"}],"wp:attachment":[{"href":"https:\/\/bbqassad.ee\/fi\/wp-json\/wp\/v2\/media?parent=23334"}],"wp:term":[{"taxonomy":"product_brand","embeddable":true,"href":"https:\/\/bbqassad.ee\/fi\/wp-json\/wp\/v2\/product_brand?post=23334"},{"taxonomy":"product_cat","embeddable":true,"href":"https:\/\/bbqassad.ee\/fi\/wp-json\/wp\/v2\/product_cat?post=23334"},{"taxonomy":"product_tag","embeddable":true,"href":"https:\/\/bbqassad.ee\/fi\/wp-json\/wp\/v2\/product_tag?post=23334"}],"curies":[{"name":"wp","href":"https:\/\/api.w.org\/{rel}","templated":true}]}}