{"id":23326,"date":"2023-09-25T12:39:27","date_gmt":"2023-09-25T12:39:27","guid":{"rendered":"https:\/\/bbqassad.ee\/toode\/plowboys-makea-180-bbq-kastike\/"},"modified":"2026-04-14T06:33:42","modified_gmt":"2026-04-14T06:33:42","slug":"plowboys-makea-180-bbq-kastike","status":"publish","type":"product","link":"https:\/\/bbqassad.ee\/fi\/toode\/plowboys-makea-180-bbq-kastike\/","title":{"rendered":"Plowboys Sweet 180 BBQ -kastike"},"content":{"rendered":"<h2>Plowboys &#8211; Makea 180 BBQ-kastike<\/h2>\n<p>Plowboys tunnetaan t\u00e4ss\u00e4 maassa ja koko maailmassa l\u00e4hinn\u00e4 rubiineistaan ja erityisesti Yardbirdist\u00e4. Nyt tarjolla on kastike, jonka nimi kertoo kaiken &#8211; 180, t\u00e4ydellinen pistem\u00e4\u00e4r\u00e4 KCBS-kilpailussa. Se on herkullisen makea kastike, jota ei v\u00e4ltt\u00e4m\u00e4tt\u00e4 tarvitse sekoittaa mihink\u00e4\u00e4n.  <\/p>\n<h3>BBQ Aces kommentti<\/h3>\n<p>T\u00e4\u00e4ll\u00e4 kastike ei ole pelk\u00e4st\u00e4\u00e4n makeaa, vaan taustalla on aina ripaus maustetta.<\/p>\n<p><span style=\"font-size: 20.15999984741211px; color: #333333;\">Ammattilaisen vinkki<\/span><\/p>\n<p>Tulinen kastike on oikea vastaus, se maistuu paljon paremmalta eik\u00e4 j\u00e4\u00e4hdyt\u00e4 lihaa heti, kun laitat sen p\u00e4\u00e4lle.<\/p>\n","protected":false},"excerpt":{"rendered":"<p>Tuottaja: Plowboys<br \/>\nPaino: 473gr<br \/>\nAinesosat: ruskea sokeri, glukoosisiirappi, vesi, tomaattipyree, tislattu etikka, mausteet, suola, valkosipulijauhe, sipulijauhe, sinappijauhe, paprikajauhe, chipotlejauhe.<\/p>\n","protected":false},"featured_media":23333,"comment_status":"open","ping_status":"closed","template":"","meta":[],"product_brand":[],"product_cat":[788],"product_tag":[],"class_list":{"0":"post-23326","1":"product","2":"type-product","3":"status-publish","4":"has-post-thumbnail","6":"product_cat-kastit","8":"first","9":"outofstock","10":"taxable","11":"shipping-taxable","12":"purchasable","13":"product-type-simple"},"yoast_head":"<!-- This site is optimized with the Yoast SEO plugin v27.4 - https:\/\/yoast.com\/product\/yoast-seo-wordpress\/ -->\n<title>Plowboys - Sweet 180 BBQ-kastike - BBQ \u00c4ssad%<\/title>\n<meta name=\"description\" content=\"Plowboys Sweet 180 BBQ-kastike on herkullinen sekoitus ruskeaa sokeria, glukoosisiirappia, tomaattipastaa ja mausteita. Paino: 473 g.\" \/>\n<meta name=\"robots\" content=\"index, follow, max-snippet:-1, max-image-preview:large, max-video-preview:-1\" \/>\n<link rel=\"canonical\" href=\"https:\/\/bbqassad.ee\/fi\/toode\/plowboys-makea-180-bbq-kastike\/\" \/>\n<meta property=\"og:locale\" content=\"fi_FI\" \/>\n<meta property=\"og:type\" content=\"article\" \/>\n<meta property=\"og:title\" content=\"Plowboys - Sweet 180 BBQ-kastike - BBQ \u00c4ssad%\" \/>\n<meta property=\"og:description\" content=\"Plowboys Sweet 180 BBQ-kastike on herkullinen sekoitus ruskeaa sokeria, glukoosisiirappia, tomaattipastaa ja mausteita. Paino: 473 g.\" \/>\n<meta property=\"og:url\" content=\"https:\/\/bbqassad.ee\/fi\/toode\/plowboys-makea-180-bbq-kastike\/\" \/>\n<meta property=\"og:site_name\" content=\"BBQ \u00c4ssad\" \/>\n<meta property=\"article:publisher\" content=\"https:\/\/www.facebook.com\/bbqassad\" \/>\n<meta property=\"article:modified_time\" content=\"2026-04-14T06:33:42+00:00\" \/>\n<meta property=\"og:image\" content=\"https:\/\/bbqassad.ee\/wp-content\/uploads\/2023\/09\/Plowboys-bbq-kc-sweet-180-bbq-sauce.webp\" \/>\n<meta name=\"twitter:card\" content=\"summary_large_image\" \/>\n<meta name=\"twitter:title\" content=\"Plowboys - Sweet 180 BBQ-kastike - BBQ \u00c4ssad%\" \/>\n<meta name=\"twitter:description\" content=\"Plowboys Sweet 180 BBQ-kastike on herkullinen sekoitus ruskeaa sokeria, glukoosisiirappia, tomaattipastaa ja mausteita. Paino: 473 g.\" \/>\n<meta name=\"twitter:image\" content=\"https:\/\/bbqassad.ee\/wp-content\/uploads\/2023\/09\/Plowboys-bbq-kc-sweet-180-bbq-sauce.webp\" \/>\n<script type=\"application\/ld+json\" class=\"yoast-schema-graph\">{\"@context\":\"https:\\\/\\\/schema.org\",\"@graph\":[{\"@type\":\"WebPage\",\"@id\":\"https:\\\/\\\/bbqassad.ee\\\/fi\\\/toode\\\/plowboys-makea-180-bbq-kastike\\\/\",\"url\":\"https:\\\/\\\/bbqassad.ee\\\/fi\\\/toode\\\/plowboys-makea-180-bbq-kastike\\\/\",\"name\":\"Plowboys - Sweet 180 BBQ-kastike - BBQ \u00c4ssad%\",\"isPartOf\":{\"@id\":\"https:\\\/\\\/bbqassad.ee\\\/fi\\\/#website\"},\"primaryImageOfPage\":{\"@id\":\"https:\\\/\\\/bbqassad.ee\\\/fi\\\/toode\\\/plowboys-makea-180-bbq-kastike\\\/#primaryimage\"},\"image\":{\"@id\":\"https:\\\/\\\/bbqassad.ee\\\/fi\\\/toode\\\/plowboys-makea-180-bbq-kastike\\\/#primaryimage\"},\"thumbnailUrl\":\"https:\\\/\\\/bbqassad.ee\\\/wp-content\\\/uploads\\\/2023\\\/09\\\/Plowboys-bbq-kc-sweet-180-bbq-sauce.webp\",\"datePublished\":\"2023-09-25T12:39:27+00:00\",\"dateModified\":\"2026-04-14T06:33:42+00:00\",\"description\":\"Plowboys Sweet 180 BBQ-kastike on herkullinen sekoitus ruskeaa sokeria, glukoosisiirappia, tomaattipastaa ja mausteita. Paino: 473 g.\",\"breadcrumb\":{\"@id\":\"https:\\\/\\\/bbqassad.ee\\\/fi\\\/toode\\\/plowboys-makea-180-bbq-kastike\\\/#breadcrumb\"},\"inLanguage\":\"fi\",\"potentialAction\":[{\"@type\":\"ReadAction\",\"target\":[\"https:\\\/\\\/bbqassad.ee\\\/fi\\\/toode\\\/plowboys-makea-180-bbq-kastike\\\/\"]}]},{\"@type\":\"ImageObject\",\"inLanguage\":\"fi\",\"@id\":\"https:\\\/\\\/bbqassad.ee\\\/fi\\\/toode\\\/plowboys-makea-180-bbq-kastike\\\/#primaryimage\",\"url\":\"https:\\\/\\\/bbqassad.ee\\\/wp-content\\\/uploads\\\/2023\\\/09\\\/Plowboys-bbq-kc-sweet-180-bbq-sauce.webp\",\"contentUrl\":\"https:\\\/\\\/bbqassad.ee\\\/wp-content\\\/uploads\\\/2023\\\/09\\\/Plowboys-bbq-kc-sweet-180-bbq-sauce.webp\",\"width\":475,\"height\":475},{\"@type\":\"BreadcrumbList\",\"@id\":\"https:\\\/\\\/bbqassad.ee\\\/fi\\\/toode\\\/plowboys-makea-180-bbq-kastike\\\/#breadcrumb\",\"itemListElement\":[{\"@type\":\"ListItem\",\"position\":1,\"name\":\"Home\",\"item\":\"https:\\\/\\\/bbqassad.ee\\\/fi\\\/bbq-assat\\\/\"},{\"@type\":\"ListItem\",\"position\":2,\"name\":\"Verkkokauppa\",\"item\":\"https:\\\/\\\/bbqassad.ee\\\/fi\\\/verkkokauppa\\\/\"},{\"@type\":\"ListItem\",\"position\":3,\"name\":\"Plowboys Sweet 180 BBQ -kastike\"}]},{\"@type\":\"WebSite\",\"@id\":\"https:\\\/\\\/bbqassad.ee\\\/fi\\\/#website\",\"url\":\"https:\\\/\\\/bbqassad.ee\\\/fi\\\/\",\"name\":\"BBQ \u00c4ssad\",\"description\":\"BBQ maitseained, kastmed, ahjud\",\"publisher\":{\"@id\":\"https:\\\/\\\/bbqassad.ee\\\/fi\\\/#organization\"},\"potentialAction\":[{\"@type\":\"SearchAction\",\"target\":{\"@type\":\"EntryPoint\",\"urlTemplate\":\"https:\\\/\\\/bbqassad.ee\\\/fi\\\/?s={search_term_string}\"},\"query-input\":{\"@type\":\"PropertyValueSpecification\",\"valueRequired\":true,\"valueName\":\"search_term_string\"}}],\"inLanguage\":\"fi\"},{\"@type\":\"Organization\",\"@id\":\"https:\\\/\\\/bbqassad.ee\\\/fi\\\/#organization\",\"name\":\"BBQ \u00c4ssad\",\"url\":\"https:\\\/\\\/bbqassad.ee\\\/fi\\\/\",\"logo\":{\"@type\":\"ImageObject\",\"inLanguage\":\"fi\",\"@id\":\"https:\\\/\\\/bbqassad.ee\\\/fi\\\/#\\\/schema\\\/logo\\\/image\\\/\",\"url\":\"https:\\\/\\\/bbqassad.ee\\\/wp-content\\\/uploads\\\/2022\\\/10\\\/BBQ-2ssadlogo.png\",\"contentUrl\":\"https:\\\/\\\/bbqassad.ee\\\/wp-content\\\/uploads\\\/2022\\\/10\\\/BBQ-2ssadlogo.png\",\"width\":1080,\"height\":1080,\"caption\":\"BBQ \u00c4ssad\"},\"image\":{\"@id\":\"https:\\\/\\\/bbqassad.ee\\\/fi\\\/#\\\/schema\\\/logo\\\/image\\\/\"},\"sameAs\":[\"https:\\\/\\\/www.facebook.com\\\/bbqassad\",\"https:\\\/\\\/www.youtube.com\\\/channel\\\/UCsoufn49J6TVi9Ah9meE93w\"]}]}<\/script>\n<!-- \/ Yoast SEO plugin. -->","yoast_head_json":{"title":"Plowboys - Sweet 180 BBQ-kastike - BBQ \u00c4ssad%","description":"Plowboys Sweet 180 BBQ-kastike on herkullinen sekoitus ruskeaa sokeria, glukoosisiirappia, tomaattipastaa ja mausteita. Paino: 473 g.","robots":{"index":"index","follow":"follow","max-snippet":"max-snippet:-1","max-image-preview":"max-image-preview:large","max-video-preview":"max-video-preview:-1"},"canonical":"https:\/\/bbqassad.ee\/fi\/toode\/plowboys-makea-180-bbq-kastike\/","og_locale":"fi_FI","og_type":"article","og_title":"Plowboys - Sweet 180 BBQ-kastike - BBQ \u00c4ssad%","og_description":"Plowboys Sweet 180 BBQ-kastike on herkullinen sekoitus ruskeaa sokeria, glukoosisiirappia, tomaattipastaa ja mausteita. Paino: 473 g.","og_url":"https:\/\/bbqassad.ee\/fi\/toode\/plowboys-makea-180-bbq-kastike\/","og_site_name":"BBQ \u00c4ssad","article_publisher":"https:\/\/www.facebook.com\/bbqassad","article_modified_time":"2026-04-14T06:33:42+00:00","og_image":[{"url":"https:\/\/bbqassad.ee\/wp-content\/uploads\/2023\/09\/Plowboys-bbq-kc-sweet-180-bbq-sauce.webp","type":"","width":"","height":""}],"twitter_card":"summary_large_image","twitter_title":"Plowboys - Sweet 180 BBQ-kastike - BBQ \u00c4ssad%","twitter_description":"Plowboys Sweet 180 BBQ-kastike on herkullinen sekoitus ruskeaa sokeria, glukoosisiirappia, tomaattipastaa ja mausteita. Paino: 473 g.","twitter_image":"https:\/\/bbqassad.ee\/wp-content\/uploads\/2023\/09\/Plowboys-bbq-kc-sweet-180-bbq-sauce.webp","schema":{"@context":"https:\/\/schema.org","@graph":[{"@type":"WebPage","@id":"https:\/\/bbqassad.ee\/fi\/toode\/plowboys-makea-180-bbq-kastike\/","url":"https:\/\/bbqassad.ee\/fi\/toode\/plowboys-makea-180-bbq-kastike\/","name":"Plowboys - Sweet 180 BBQ-kastike - BBQ \u00c4ssad%","isPartOf":{"@id":"https:\/\/bbqassad.ee\/fi\/#website"},"primaryImageOfPage":{"@id":"https:\/\/bbqassad.ee\/fi\/toode\/plowboys-makea-180-bbq-kastike\/#primaryimage"},"image":{"@id":"https:\/\/bbqassad.ee\/fi\/toode\/plowboys-makea-180-bbq-kastike\/#primaryimage"},"thumbnailUrl":"https:\/\/bbqassad.ee\/wp-content\/uploads\/2023\/09\/Plowboys-bbq-kc-sweet-180-bbq-sauce.webp","datePublished":"2023-09-25T12:39:27+00:00","dateModified":"2026-04-14T06:33:42+00:00","description":"Plowboys Sweet 180 BBQ-kastike on herkullinen sekoitus ruskeaa sokeria, glukoosisiirappia, tomaattipastaa ja mausteita. Paino: 473 g.","breadcrumb":{"@id":"https:\/\/bbqassad.ee\/fi\/toode\/plowboys-makea-180-bbq-kastike\/#breadcrumb"},"inLanguage":"fi","potentialAction":[{"@type":"ReadAction","target":["https:\/\/bbqassad.ee\/fi\/toode\/plowboys-makea-180-bbq-kastike\/"]}]},{"@type":"ImageObject","inLanguage":"fi","@id":"https:\/\/bbqassad.ee\/fi\/toode\/plowboys-makea-180-bbq-kastike\/#primaryimage","url":"https:\/\/bbqassad.ee\/wp-content\/uploads\/2023\/09\/Plowboys-bbq-kc-sweet-180-bbq-sauce.webp","contentUrl":"https:\/\/bbqassad.ee\/wp-content\/uploads\/2023\/09\/Plowboys-bbq-kc-sweet-180-bbq-sauce.webp","width":475,"height":475},{"@type":"BreadcrumbList","@id":"https:\/\/bbqassad.ee\/fi\/toode\/plowboys-makea-180-bbq-kastike\/#breadcrumb","itemListElement":[{"@type":"ListItem","position":1,"name":"Home","item":"https:\/\/bbqassad.ee\/fi\/bbq-assat\/"},{"@type":"ListItem","position":2,"name":"Verkkokauppa","item":"https:\/\/bbqassad.ee\/fi\/verkkokauppa\/"},{"@type":"ListItem","position":3,"name":"Plowboys Sweet 180 BBQ -kastike"}]},{"@type":"WebSite","@id":"https:\/\/bbqassad.ee\/fi\/#website","url":"https:\/\/bbqassad.ee\/fi\/","name":"BBQ \u00c4ssad","description":"BBQ maitseained, kastmed, ahjud","publisher":{"@id":"https:\/\/bbqassad.ee\/fi\/#organization"},"potentialAction":[{"@type":"SearchAction","target":{"@type":"EntryPoint","urlTemplate":"https:\/\/bbqassad.ee\/fi\/?s={search_term_string}"},"query-input":{"@type":"PropertyValueSpecification","valueRequired":true,"valueName":"search_term_string"}}],"inLanguage":"fi"},{"@type":"Organization","@id":"https:\/\/bbqassad.ee\/fi\/#organization","name":"BBQ \u00c4ssad","url":"https:\/\/bbqassad.ee\/fi\/","logo":{"@type":"ImageObject","inLanguage":"fi","@id":"https:\/\/bbqassad.ee\/fi\/#\/schema\/logo\/image\/","url":"https:\/\/bbqassad.ee\/wp-content\/uploads\/2022\/10\/BBQ-2ssadlogo.png","contentUrl":"https:\/\/bbqassad.ee\/wp-content\/uploads\/2022\/10\/BBQ-2ssadlogo.png","width":1080,"height":1080,"caption":"BBQ \u00c4ssad"},"image":{"@id":"https:\/\/bbqassad.ee\/fi\/#\/schema\/logo\/image\/"},"sameAs":["https:\/\/www.facebook.com\/bbqassad","https:\/\/www.youtube.com\/channel\/UCsoufn49J6TVi9Ah9meE93w"]}]}},"_links":{"self":[{"href":"https:\/\/bbqassad.ee\/fi\/wp-json\/wp\/v2\/product\/23326","targetHints":{"allow":["GET"]}}],"collection":[{"href":"https:\/\/bbqassad.ee\/fi\/wp-json\/wp\/v2\/product"}],"about":[{"href":"https:\/\/bbqassad.ee\/fi\/wp-json\/wp\/v2\/types\/product"}],"replies":[{"embeddable":true,"href":"https:\/\/bbqassad.ee\/fi\/wp-json\/wp\/v2\/comments?post=23326"}],"wp:featuredmedia":[{"embeddable":true,"href":"https:\/\/bbqassad.ee\/fi\/wp-json\/wp\/v2\/media\/23333"}],"wp:attachment":[{"href":"https:\/\/bbqassad.ee\/fi\/wp-json\/wp\/v2\/media?parent=23326"}],"wp:term":[{"taxonomy":"product_brand","embeddable":true,"href":"https:\/\/bbqassad.ee\/fi\/wp-json\/wp\/v2\/product_brand?post=23326"},{"taxonomy":"product_cat","embeddable":true,"href":"https:\/\/bbqassad.ee\/fi\/wp-json\/wp\/v2\/product_cat?post=23326"},{"taxonomy":"product_tag","embeddable":true,"href":"https:\/\/bbqassad.ee\/fi\/wp-json\/wp\/v2\/product_tag?post=23326"}],"curies":[{"name":"wp","href":"https:\/\/api.w.org\/{rel}","templated":true}]}}