{"id":23323,"date":"2023-09-27T09:55:06","date_gmt":"2023-09-27T09:55:06","guid":{"rendered":"https:\/\/bbqassad.ee\/toode\/dreamfire-elevation-rest-classic\/"},"modified":"2026-04-14T06:33:42","modified_gmt":"2026-04-14T06:33:42","slug":"dreamfire-elevation-rest-classic","status":"publish","type":"product","link":"https:\/\/bbqassad.ee\/fi\/toode\/dreamfire-elevation-rest-classic\/","title":{"rendered":"Dreamfire\u00ae Elevation Rest Classic"},"content":{"rendered":"<p>Grillausteline, joka lis\u00e4\u00e4 grillin paistopintaa jopa 60 %. Se istuu t\u00e4ydellisesti grilliritil\u00e4n p\u00e4\u00e4lle. <\/p>\n<p>Valmistettu eritt\u00e4in korkealaatuisesta paksusta 304 ruostumattomasta ter\u00e4ksest\u00e4. Astianpesukoneen kest\u00e4v\u00e4. <\/p>\n<p>Yhteensopiva <a href=\"https:\/\/www.edelgran.eu\/toode\/dreamfire-kamado-trendy-classic\/\">Dreamfire Kamado Trendy Classic<\/a>, <a href=\"https:\/\/www.edelgran.eu\/toode\/dreamfire-kamado-trendy-max\/\">Dreamfire Kamado Trendy Max<\/a>, <a href=\"https:\/\/www.edelgran.eu\/toode\/dreamfire-kamado-comfy-blue\/\">Dreamfire Kamado Comfy<\/a>, <a href=\"https:\/\/www.edelgran.eu\/toode\/dreamfire-kamado-smokey-ii\/\">Dreamfire Kamado Smokey II<\/a> ja muiden kamadogrillien kanssa, joiden ulkohalkaisija on v\u00e4hint\u00e4\u00e4n 21&#8243;.<\/p>\n","protected":false},"excerpt":{"rendered":"<p>Grillausteline, joka lis\u00e4\u00e4 grillin paistopintaa jopa 60 %. Se istuu t\u00e4ydellisesti grilliritil\u00e4n p\u00e4\u00e4lle. <\/p>\n","protected":false},"featured_media":23752,"comment_status":"open","ping_status":"closed","template":"","meta":[],"product_brand":[192],"product_cat":[816,784],"product_tag":[],"class_list":{"0":"post-23323","1":"product","2":"type-product","3":"status-publish","4":"has-post-thumbnail","6":"product_brand-dreamfire","7":"product_cat-kamado-grillien-tarvikkeet","8":"product_cat-tarvikkeet","10":"first","11":"outofstock","12":"taxable","13":"shipping-taxable","14":"purchasable","15":"product-type-simple"},"yoast_head":"<!-- This site is optimized with the Yoast SEO plugin v27.4 - https:\/\/yoast.com\/product\/yoast-seo-wordpress\/ -->\n<title>Dreamfire\u00ae Elevation Chair Classic -% BBQ \u00c4ssad%<\/title>\n<meta name=\"description\" content=\"Dreamfire\u00ae Classic -korotettu grillilevy lis\u00e4\u00e4 grillin paistopintaa jopa 60 %. Se istuu t\u00e4ydellisesti grilliritil\u00e4n p\u00e4\u00e4lle ja tarjoaa enemm\u00e4n tilaa ruoanlaittoon.\" \/>\n<meta name=\"robots\" content=\"index, follow, max-snippet:-1, max-image-preview:large, max-video-preview:-1\" \/>\n<link rel=\"canonical\" href=\"https:\/\/bbqassad.ee\/fi\/toode\/dreamfire-elevation-rest-classic\/\" \/>\n<meta property=\"og:locale\" content=\"fi_FI\" \/>\n<meta property=\"og:type\" content=\"article\" \/>\n<meta property=\"og:title\" content=\"Dreamfire\u00ae Elevation Chair Classic -% BBQ \u00c4ssad%\" \/>\n<meta property=\"og:description\" content=\"Dreamfire\u00ae Classic -korotettu grillilevy lis\u00e4\u00e4 grillin paistopintaa jopa 60 %. Se istuu t\u00e4ydellisesti grilliritil\u00e4n p\u00e4\u00e4lle ja tarjoaa enemm\u00e4n tilaa ruoanlaittoon.\" \/>\n<meta property=\"og:url\" content=\"https:\/\/bbqassad.ee\/fi\/toode\/dreamfire-elevation-rest-classic\/\" \/>\n<meta property=\"og:site_name\" content=\"BBQ \u00c4ssad\" \/>\n<meta property=\"article:publisher\" content=\"https:\/\/www.facebook.com\/bbqassad\" \/>\n<meta property=\"article:modified_time\" content=\"2026-04-14T06:33:42+00:00\" \/>\n<meta property=\"og:image\" content=\"https:\/\/bbqassad.ee\/wp-content\/uploads\/2023\/09\/DF15723-1.jpg\" \/>\n<meta name=\"twitter:card\" content=\"summary_large_image\" \/>\n<meta name=\"twitter:title\" content=\"Dreamfire\u00ae Elevation Chair Classic -% BBQ \u00c4ssad%\" \/>\n<meta name=\"twitter:description\" content=\"Dreamfire\u00ae Classic -korotettu grillilevy lis\u00e4\u00e4 grillin paistopintaa jopa 60 %. Se istuu t\u00e4ydellisesti grilliritil\u00e4n p\u00e4\u00e4lle ja tarjoaa enemm\u00e4n tilaa ruoanlaittoon.\" \/>\n<meta name=\"twitter:image\" content=\"https:\/\/bbqassad.ee\/wp-content\/uploads\/2023\/09\/DF15723-1.jpg\" \/>\n<script type=\"application\/ld+json\" class=\"yoast-schema-graph\">{\"@context\":\"https:\\\/\\\/schema.org\",\"@graph\":[{\"@type\":\"WebPage\",\"@id\":\"https:\\\/\\\/bbqassad.ee\\\/fi\\\/toode\\\/dreamfire-elevation-rest-classic\\\/\",\"url\":\"https:\\\/\\\/bbqassad.ee\\\/fi\\\/toode\\\/dreamfire-elevation-rest-classic\\\/\",\"name\":\"Dreamfire\u00ae Elevation Chair Classic -% BBQ \u00c4ssad%\",\"isPartOf\":{\"@id\":\"https:\\\/\\\/bbqassad.ee\\\/fi\\\/#website\"},\"primaryImageOfPage\":{\"@id\":\"https:\\\/\\\/bbqassad.ee\\\/fi\\\/toode\\\/dreamfire-elevation-rest-classic\\\/#primaryimage\"},\"image\":{\"@id\":\"https:\\\/\\\/bbqassad.ee\\\/fi\\\/toode\\\/dreamfire-elevation-rest-classic\\\/#primaryimage\"},\"thumbnailUrl\":\"https:\\\/\\\/bbqassad.ee\\\/wp-content\\\/uploads\\\/2023\\\/09\\\/DF15723-1.jpg\",\"datePublished\":\"2023-09-27T09:55:06+00:00\",\"dateModified\":\"2026-04-14T06:33:42+00:00\",\"description\":\"Dreamfire\u00ae Classic -korotettu grillilevy lis\u00e4\u00e4 grillin paistopintaa jopa 60 %. Se istuu t\u00e4ydellisesti grilliritil\u00e4n p\u00e4\u00e4lle ja tarjoaa enemm\u00e4n tilaa ruoanlaittoon.\",\"breadcrumb\":{\"@id\":\"https:\\\/\\\/bbqassad.ee\\\/fi\\\/toode\\\/dreamfire-elevation-rest-classic\\\/#breadcrumb\"},\"inLanguage\":\"fi\",\"potentialAction\":[{\"@type\":\"ReadAction\",\"target\":[\"https:\\\/\\\/bbqassad.ee\\\/fi\\\/toode\\\/dreamfire-elevation-rest-classic\\\/\"]}]},{\"@type\":\"ImageObject\",\"inLanguage\":\"fi\",\"@id\":\"https:\\\/\\\/bbqassad.ee\\\/fi\\\/toode\\\/dreamfire-elevation-rest-classic\\\/#primaryimage\",\"url\":\"https:\\\/\\\/bbqassad.ee\\\/wp-content\\\/uploads\\\/2023\\\/09\\\/DF15723-1.jpg\",\"contentUrl\":\"https:\\\/\\\/bbqassad.ee\\\/wp-content\\\/uploads\\\/2023\\\/09\\\/DF15723-1.jpg\",\"width\":720,\"height\":555},{\"@type\":\"BreadcrumbList\",\"@id\":\"https:\\\/\\\/bbqassad.ee\\\/fi\\\/toode\\\/dreamfire-elevation-rest-classic\\\/#breadcrumb\",\"itemListElement\":[{\"@type\":\"ListItem\",\"position\":1,\"name\":\"Home\",\"item\":\"https:\\\/\\\/bbqassad.ee\\\/fi\\\/bbq-assat\\\/\"},{\"@type\":\"ListItem\",\"position\":2,\"name\":\"Verkkokauppa\",\"item\":\"https:\\\/\\\/bbqassad.ee\\\/fi\\\/verkkokauppa\\\/\"},{\"@type\":\"ListItem\",\"position\":3,\"name\":\"Dreamfire\u00ae Elevation Rest Classic\"}]},{\"@type\":\"WebSite\",\"@id\":\"https:\\\/\\\/bbqassad.ee\\\/fi\\\/#website\",\"url\":\"https:\\\/\\\/bbqassad.ee\\\/fi\\\/\",\"name\":\"BBQ \u00c4ssad\",\"description\":\"BBQ maitseained, kastmed, ahjud\",\"publisher\":{\"@id\":\"https:\\\/\\\/bbqassad.ee\\\/fi\\\/#organization\"},\"potentialAction\":[{\"@type\":\"SearchAction\",\"target\":{\"@type\":\"EntryPoint\",\"urlTemplate\":\"https:\\\/\\\/bbqassad.ee\\\/fi\\\/?s={search_term_string}\"},\"query-input\":{\"@type\":\"PropertyValueSpecification\",\"valueRequired\":true,\"valueName\":\"search_term_string\"}}],\"inLanguage\":\"fi\"},{\"@type\":\"Organization\",\"@id\":\"https:\\\/\\\/bbqassad.ee\\\/fi\\\/#organization\",\"name\":\"BBQ \u00c4ssad\",\"url\":\"https:\\\/\\\/bbqassad.ee\\\/fi\\\/\",\"logo\":{\"@type\":\"ImageObject\",\"inLanguage\":\"fi\",\"@id\":\"https:\\\/\\\/bbqassad.ee\\\/fi\\\/#\\\/schema\\\/logo\\\/image\\\/\",\"url\":\"https:\\\/\\\/bbqassad.ee\\\/wp-content\\\/uploads\\\/2022\\\/10\\\/BBQ-2ssadlogo.png\",\"contentUrl\":\"https:\\\/\\\/bbqassad.ee\\\/wp-content\\\/uploads\\\/2022\\\/10\\\/BBQ-2ssadlogo.png\",\"width\":1080,\"height\":1080,\"caption\":\"BBQ \u00c4ssad\"},\"image\":{\"@id\":\"https:\\\/\\\/bbqassad.ee\\\/fi\\\/#\\\/schema\\\/logo\\\/image\\\/\"},\"sameAs\":[\"https:\\\/\\\/www.facebook.com\\\/bbqassad\",\"https:\\\/\\\/www.youtube.com\\\/channel\\\/UCsoufn49J6TVi9Ah9meE93w\"]}]}<\/script>\n<!-- \/ Yoast SEO plugin. -->","yoast_head_json":{"title":"Dreamfire\u00ae Elevation Chair Classic -% BBQ \u00c4ssad%","description":"Dreamfire\u00ae Classic -korotettu grillilevy lis\u00e4\u00e4 grillin paistopintaa jopa 60 %. Se istuu t\u00e4ydellisesti grilliritil\u00e4n p\u00e4\u00e4lle ja tarjoaa enemm\u00e4n tilaa ruoanlaittoon.","robots":{"index":"index","follow":"follow","max-snippet":"max-snippet:-1","max-image-preview":"max-image-preview:large","max-video-preview":"max-video-preview:-1"},"canonical":"https:\/\/bbqassad.ee\/fi\/toode\/dreamfire-elevation-rest-classic\/","og_locale":"fi_FI","og_type":"article","og_title":"Dreamfire\u00ae Elevation Chair Classic -% BBQ \u00c4ssad%","og_description":"Dreamfire\u00ae Classic -korotettu grillilevy lis\u00e4\u00e4 grillin paistopintaa jopa 60 %. Se istuu t\u00e4ydellisesti grilliritil\u00e4n p\u00e4\u00e4lle ja tarjoaa enemm\u00e4n tilaa ruoanlaittoon.","og_url":"https:\/\/bbqassad.ee\/fi\/toode\/dreamfire-elevation-rest-classic\/","og_site_name":"BBQ \u00c4ssad","article_publisher":"https:\/\/www.facebook.com\/bbqassad","article_modified_time":"2026-04-14T06:33:42+00:00","og_image":[{"url":"https:\/\/bbqassad.ee\/wp-content\/uploads\/2023\/09\/DF15723-1.jpg","type":"","width":"","height":""}],"twitter_card":"summary_large_image","twitter_title":"Dreamfire\u00ae Elevation Chair Classic -% BBQ \u00c4ssad%","twitter_description":"Dreamfire\u00ae Classic -korotettu grillilevy lis\u00e4\u00e4 grillin paistopintaa jopa 60 %. Se istuu t\u00e4ydellisesti grilliritil\u00e4n p\u00e4\u00e4lle ja tarjoaa enemm\u00e4n tilaa ruoanlaittoon.","twitter_image":"https:\/\/bbqassad.ee\/wp-content\/uploads\/2023\/09\/DF15723-1.jpg","schema":{"@context":"https:\/\/schema.org","@graph":[{"@type":"WebPage","@id":"https:\/\/bbqassad.ee\/fi\/toode\/dreamfire-elevation-rest-classic\/","url":"https:\/\/bbqassad.ee\/fi\/toode\/dreamfire-elevation-rest-classic\/","name":"Dreamfire\u00ae Elevation Chair Classic -% BBQ \u00c4ssad%","isPartOf":{"@id":"https:\/\/bbqassad.ee\/fi\/#website"},"primaryImageOfPage":{"@id":"https:\/\/bbqassad.ee\/fi\/toode\/dreamfire-elevation-rest-classic\/#primaryimage"},"image":{"@id":"https:\/\/bbqassad.ee\/fi\/toode\/dreamfire-elevation-rest-classic\/#primaryimage"},"thumbnailUrl":"https:\/\/bbqassad.ee\/wp-content\/uploads\/2023\/09\/DF15723-1.jpg","datePublished":"2023-09-27T09:55:06+00:00","dateModified":"2026-04-14T06:33:42+00:00","description":"Dreamfire\u00ae Classic -korotettu grillilevy lis\u00e4\u00e4 grillin paistopintaa jopa 60 %. Se istuu t\u00e4ydellisesti grilliritil\u00e4n p\u00e4\u00e4lle ja tarjoaa enemm\u00e4n tilaa ruoanlaittoon.","breadcrumb":{"@id":"https:\/\/bbqassad.ee\/fi\/toode\/dreamfire-elevation-rest-classic\/#breadcrumb"},"inLanguage":"fi","potentialAction":[{"@type":"ReadAction","target":["https:\/\/bbqassad.ee\/fi\/toode\/dreamfire-elevation-rest-classic\/"]}]},{"@type":"ImageObject","inLanguage":"fi","@id":"https:\/\/bbqassad.ee\/fi\/toode\/dreamfire-elevation-rest-classic\/#primaryimage","url":"https:\/\/bbqassad.ee\/wp-content\/uploads\/2023\/09\/DF15723-1.jpg","contentUrl":"https:\/\/bbqassad.ee\/wp-content\/uploads\/2023\/09\/DF15723-1.jpg","width":720,"height":555},{"@type":"BreadcrumbList","@id":"https:\/\/bbqassad.ee\/fi\/toode\/dreamfire-elevation-rest-classic\/#breadcrumb","itemListElement":[{"@type":"ListItem","position":1,"name":"Home","item":"https:\/\/bbqassad.ee\/fi\/bbq-assat\/"},{"@type":"ListItem","position":2,"name":"Verkkokauppa","item":"https:\/\/bbqassad.ee\/fi\/verkkokauppa\/"},{"@type":"ListItem","position":3,"name":"Dreamfire\u00ae Elevation Rest Classic"}]},{"@type":"WebSite","@id":"https:\/\/bbqassad.ee\/fi\/#website","url":"https:\/\/bbqassad.ee\/fi\/","name":"BBQ \u00c4ssad","description":"BBQ maitseained, kastmed, ahjud","publisher":{"@id":"https:\/\/bbqassad.ee\/fi\/#organization"},"potentialAction":[{"@type":"SearchAction","target":{"@type":"EntryPoint","urlTemplate":"https:\/\/bbqassad.ee\/fi\/?s={search_term_string}"},"query-input":{"@type":"PropertyValueSpecification","valueRequired":true,"valueName":"search_term_string"}}],"inLanguage":"fi"},{"@type":"Organization","@id":"https:\/\/bbqassad.ee\/fi\/#organization","name":"BBQ \u00c4ssad","url":"https:\/\/bbqassad.ee\/fi\/","logo":{"@type":"ImageObject","inLanguage":"fi","@id":"https:\/\/bbqassad.ee\/fi\/#\/schema\/logo\/image\/","url":"https:\/\/bbqassad.ee\/wp-content\/uploads\/2022\/10\/BBQ-2ssadlogo.png","contentUrl":"https:\/\/bbqassad.ee\/wp-content\/uploads\/2022\/10\/BBQ-2ssadlogo.png","width":1080,"height":1080,"caption":"BBQ \u00c4ssad"},"image":{"@id":"https:\/\/bbqassad.ee\/fi\/#\/schema\/logo\/image\/"},"sameAs":["https:\/\/www.facebook.com\/bbqassad","https:\/\/www.youtube.com\/channel\/UCsoufn49J6TVi9Ah9meE93w"]}]}},"_links":{"self":[{"href":"https:\/\/bbqassad.ee\/fi\/wp-json\/wp\/v2\/product\/23323","targetHints":{"allow":["GET"]}}],"collection":[{"href":"https:\/\/bbqassad.ee\/fi\/wp-json\/wp\/v2\/product"}],"about":[{"href":"https:\/\/bbqassad.ee\/fi\/wp-json\/wp\/v2\/types\/product"}],"replies":[{"embeddable":true,"href":"https:\/\/bbqassad.ee\/fi\/wp-json\/wp\/v2\/comments?post=23323"}],"wp:featuredmedia":[{"embeddable":true,"href":"https:\/\/bbqassad.ee\/fi\/wp-json\/wp\/v2\/media\/23752"}],"wp:attachment":[{"href":"https:\/\/bbqassad.ee\/fi\/wp-json\/wp\/v2\/media?parent=23323"}],"wp:term":[{"taxonomy":"product_brand","embeddable":true,"href":"https:\/\/bbqassad.ee\/fi\/wp-json\/wp\/v2\/product_brand?post=23323"},{"taxonomy":"product_cat","embeddable":true,"href":"https:\/\/bbqassad.ee\/fi\/wp-json\/wp\/v2\/product_cat?post=23323"},{"taxonomy":"product_tag","embeddable":true,"href":"https:\/\/bbqassad.ee\/fi\/wp-json\/wp\/v2\/product_tag?post=23323"}],"curies":[{"name":"wp","href":"https:\/\/api.w.org\/{rel}","templated":true}]}}