{"id":23320,"date":"2023-09-27T09:55:08","date_gmt":"2023-09-27T09:55:08","guid":{"rendered":"https:\/\/bbqassad.ee\/toode\/keraaminen-kananpaistoteline-beer-can-chicken-oluttolkki-kana\/"},"modified":"2026-04-14T06:33:42","modified_gmt":"2026-04-14T06:33:42","slug":"keraaminen-kananpaistoteline-beer-can-chicken-oluttolkki-kana","status":"publish","type":"product","link":"https:\/\/bbqassad.ee\/fi\/toode\/keraaminen-kananpaistoteline-beer-can-chicken-oluttolkki-kana\/","title":{"rendered":"Keraaminen kananpaistoteline &#8221;Beer can Chicken&#8221; (olutt\u00f6lkki-kana)"},"content":{"rendered":"","protected":false},"excerpt":{"rendered":"<p>Keraaminen kananpaistoalusta,<br \/>\nvoidaan k\u00e4ytt\u00e4\u00e4 oluen tai muiden nesteiden kaatamiseen. Yl\u00e4osan<br \/>\nhalkaisija 6,1 cm, alaosan halkaisija 12,5 cm. <\/p>\n","protected":false},"featured_media":23321,"comment_status":"open","ping_status":"closed","template":"","meta":[],"product_brand":[],"product_cat":[784],"product_tag":[],"class_list":{"0":"post-23320","1":"product","2":"type-product","3":"status-publish","4":"has-post-thumbnail","6":"product_cat-tarvikkeet","8":"first","9":"instock","10":"taxable","11":"shipping-taxable","12":"purchasable","13":"product-type-simple"},"yoast_head":"<!-- This site is optimized with the Yoast SEO plugin v27.4 - https:\/\/yoast.com\/product\/yoast-seo-wordpress\/ -->\n<title>Keraaminen kananpaistoteline &quot;Beer can Chicken&quot; (olutt\u00f6lkki-kana) - BBQ \u00c4ssad<\/title>\n<meta name=\"description\" content=\"Keraaminen olutt\u00f6lkkikana-alusta - kanan tasaiseen kypsent\u00e4miseen grilliss\u00e4 tai uunissa. Pidike takaa mehev\u00e4n lopputuloksen ja rapean nahan;\" \/>\n<meta name=\"robots\" content=\"index, follow, max-snippet:-1, max-image-preview:large, max-video-preview:-1\" \/>\n<link rel=\"canonical\" href=\"https:\/\/bbqassad.ee\/fi\/toode\/keraaminen-kananpaistoteline-beer-can-chicken-oluttolkki-kana\/\" \/>\n<meta property=\"og:locale\" content=\"fi_FI\" \/>\n<meta property=\"og:type\" content=\"article\" \/>\n<meta property=\"og:title\" content=\"Keraaminen kananpaistoteline &quot;Beer can Chicken&quot; (olutt\u00f6lkki-kana)\" \/>\n<meta property=\"og:description\" content=\"Keraaminen olutt\u00f6lkkikana-alusta - kanan tasaiseen kypsent\u00e4miseen grilliss\u00e4 tai uunissa. Pidike takaa mehev\u00e4n lopputuloksen ja rapean nahan; sopii my\u00f6s oluelle tai muille nesteille.\" \/>\n<meta property=\"og:url\" content=\"https:\/\/bbqassad.ee\/fi\/toode\/keraaminen-kananpaistoteline-beer-can-chicken-oluttolkki-kana\/\" \/>\n<meta property=\"og:site_name\" content=\"BBQ \u00c4ssad\" \/>\n<meta property=\"article:publisher\" content=\"https:\/\/www.facebook.com\/bbqassad\" \/>\n<meta property=\"article:modified_time\" content=\"2026-04-14T06:33:42+00:00\" \/>\n<meta property=\"og:image\" content=\"https:\/\/bbqassad.ee\/wp-content\/uploads\/2023\/09\/DF15731.jpg\" \/>\n<meta name=\"twitter:card\" content=\"summary_large_image\" \/>\n<script type=\"application\/ld+json\" class=\"yoast-schema-graph\">{\"@context\":\"https:\\\/\\\/schema.org\",\"@graph\":[{\"@type\":\"WebPage\",\"@id\":\"https:\\\/\\\/bbqassad.ee\\\/fi\\\/toode\\\/keraaminen-kananpaistoteline-beer-can-chicken-oluttolkki-kana\\\/\",\"url\":\"https:\\\/\\\/bbqassad.ee\\\/fi\\\/toode\\\/keraaminen-kananpaistoteline-beer-can-chicken-oluttolkki-kana\\\/\",\"name\":\"Keraaminen kananpaistoteline \\\"Beer can Chicken\\\" (olutt\u00f6lkki-kana) - BBQ \u00c4ssad\",\"isPartOf\":{\"@id\":\"https:\\\/\\\/bbqassad.ee\\\/fi\\\/#website\"},\"primaryImageOfPage\":{\"@id\":\"https:\\\/\\\/bbqassad.ee\\\/fi\\\/toode\\\/keraaminen-kananpaistoteline-beer-can-chicken-oluttolkki-kana\\\/#primaryimage\"},\"image\":{\"@id\":\"https:\\\/\\\/bbqassad.ee\\\/fi\\\/toode\\\/keraaminen-kananpaistoteline-beer-can-chicken-oluttolkki-kana\\\/#primaryimage\"},\"thumbnailUrl\":\"https:\\\/\\\/bbqassad.ee\\\/wp-content\\\/uploads\\\/2023\\\/09\\\/DF15731.jpg\",\"datePublished\":\"2023-09-27T09:55:08+00:00\",\"dateModified\":\"2026-04-14T06:33:42+00:00\",\"description\":\"Keraaminen olutt\u00f6lkkikana-alusta - kanan tasaiseen kypsent\u00e4miseen grilliss\u00e4 tai uunissa. Pidike takaa mehev\u00e4n lopputuloksen ja rapean nahan;\",\"breadcrumb\":{\"@id\":\"https:\\\/\\\/bbqassad.ee\\\/fi\\\/toode\\\/keraaminen-kananpaistoteline-beer-can-chicken-oluttolkki-kana\\\/#breadcrumb\"},\"inLanguage\":\"fi\",\"potentialAction\":[{\"@type\":\"ReadAction\",\"target\":[\"https:\\\/\\\/bbqassad.ee\\\/fi\\\/toode\\\/keraaminen-kananpaistoteline-beer-can-chicken-oluttolkki-kana\\\/\"]}]},{\"@type\":\"ImageObject\",\"inLanguage\":\"fi\",\"@id\":\"https:\\\/\\\/bbqassad.ee\\\/fi\\\/toode\\\/keraaminen-kananpaistoteline-beer-can-chicken-oluttolkki-kana\\\/#primaryimage\",\"url\":\"https:\\\/\\\/bbqassad.ee\\\/wp-content\\\/uploads\\\/2023\\\/09\\\/DF15731.jpg\",\"contentUrl\":\"https:\\\/\\\/bbqassad.ee\\\/wp-content\\\/uploads\\\/2023\\\/09\\\/DF15731.jpg\",\"width\":720,\"height\":539,\"caption\":\"Keraamiline kanak\u00fcpsetamise alus \\\"Beer can Chicken\\\"\"},{\"@type\":\"BreadcrumbList\",\"@id\":\"https:\\\/\\\/bbqassad.ee\\\/fi\\\/toode\\\/keraaminen-kananpaistoteline-beer-can-chicken-oluttolkki-kana\\\/#breadcrumb\",\"itemListElement\":[{\"@type\":\"ListItem\",\"position\":1,\"name\":\"Home\",\"item\":\"https:\\\/\\\/bbqassad.ee\\\/fi\\\/bbq-assat\\\/\"},{\"@type\":\"ListItem\",\"position\":2,\"name\":\"Verkkokauppa\",\"item\":\"https:\\\/\\\/bbqassad.ee\\\/fi\\\/verkkokauppa\\\/\"},{\"@type\":\"ListItem\",\"position\":3,\"name\":\"Keraaminen kananpaistoteline &#8220;Beer can Chicken&#8221; (olutt\u00f6lkki-kana)\"}]},{\"@type\":\"WebSite\",\"@id\":\"https:\\\/\\\/bbqassad.ee\\\/fi\\\/#website\",\"url\":\"https:\\\/\\\/bbqassad.ee\\\/fi\\\/\",\"name\":\"BBQ \u00c4ssad\",\"description\":\"BBQ maitseained, kastmed, ahjud\",\"publisher\":{\"@id\":\"https:\\\/\\\/bbqassad.ee\\\/fi\\\/#organization\"},\"potentialAction\":[{\"@type\":\"SearchAction\",\"target\":{\"@type\":\"EntryPoint\",\"urlTemplate\":\"https:\\\/\\\/bbqassad.ee\\\/fi\\\/?s={search_term_string}\"},\"query-input\":{\"@type\":\"PropertyValueSpecification\",\"valueRequired\":true,\"valueName\":\"search_term_string\"}}],\"inLanguage\":\"fi\"},{\"@type\":\"Organization\",\"@id\":\"https:\\\/\\\/bbqassad.ee\\\/fi\\\/#organization\",\"name\":\"BBQ \u00c4ssad\",\"url\":\"https:\\\/\\\/bbqassad.ee\\\/fi\\\/\",\"logo\":{\"@type\":\"ImageObject\",\"inLanguage\":\"fi\",\"@id\":\"https:\\\/\\\/bbqassad.ee\\\/fi\\\/#\\\/schema\\\/logo\\\/image\\\/\",\"url\":\"https:\\\/\\\/bbqassad.ee\\\/wp-content\\\/uploads\\\/2022\\\/10\\\/BBQ-2ssadlogo.png\",\"contentUrl\":\"https:\\\/\\\/bbqassad.ee\\\/wp-content\\\/uploads\\\/2022\\\/10\\\/BBQ-2ssadlogo.png\",\"width\":1080,\"height\":1080,\"caption\":\"BBQ \u00c4ssad\"},\"image\":{\"@id\":\"https:\\\/\\\/bbqassad.ee\\\/fi\\\/#\\\/schema\\\/logo\\\/image\\\/\"},\"sameAs\":[\"https:\\\/\\\/www.facebook.com\\\/bbqassad\",\"https:\\\/\\\/www.youtube.com\\\/channel\\\/UCsoufn49J6TVi9Ah9meE93w\"]}]}<\/script>\n<!-- \/ Yoast SEO plugin. -->","yoast_head_json":{"title":"Keraaminen kananpaistoteline \"Beer can Chicken\" (olutt\u00f6lkki-kana) - BBQ \u00c4ssad","description":"Keraaminen olutt\u00f6lkkikana-alusta - kanan tasaiseen kypsent\u00e4miseen grilliss\u00e4 tai uunissa. Pidike takaa mehev\u00e4n lopputuloksen ja rapean nahan;","robots":{"index":"index","follow":"follow","max-snippet":"max-snippet:-1","max-image-preview":"max-image-preview:large","max-video-preview":"max-video-preview:-1"},"canonical":"https:\/\/bbqassad.ee\/fi\/toode\/keraaminen-kananpaistoteline-beer-can-chicken-oluttolkki-kana\/","og_locale":"fi_FI","og_type":"article","og_title":"Keraaminen kananpaistoteline \"Beer can Chicken\" (olutt\u00f6lkki-kana)","og_description":"Keraaminen olutt\u00f6lkkikana-alusta - kanan tasaiseen kypsent\u00e4miseen grilliss\u00e4 tai uunissa. Pidike takaa mehev\u00e4n lopputuloksen ja rapean nahan; sopii my\u00f6s oluelle tai muille nesteille.","og_url":"https:\/\/bbqassad.ee\/fi\/toode\/keraaminen-kananpaistoteline-beer-can-chicken-oluttolkki-kana\/","og_site_name":"BBQ \u00c4ssad","article_publisher":"https:\/\/www.facebook.com\/bbqassad","article_modified_time":"2026-04-14T06:33:42+00:00","og_image":[{"url":"https:\/\/bbqassad.ee\/wp-content\/uploads\/2023\/09\/DF15731.jpg","type":"","width":"","height":""}],"twitter_card":"summary_large_image","schema":{"@context":"https:\/\/schema.org","@graph":[{"@type":"WebPage","@id":"https:\/\/bbqassad.ee\/fi\/toode\/keraaminen-kananpaistoteline-beer-can-chicken-oluttolkki-kana\/","url":"https:\/\/bbqassad.ee\/fi\/toode\/keraaminen-kananpaistoteline-beer-can-chicken-oluttolkki-kana\/","name":"Keraaminen kananpaistoteline \"Beer can Chicken\" (olutt\u00f6lkki-kana) - BBQ \u00c4ssad","isPartOf":{"@id":"https:\/\/bbqassad.ee\/fi\/#website"},"primaryImageOfPage":{"@id":"https:\/\/bbqassad.ee\/fi\/toode\/keraaminen-kananpaistoteline-beer-can-chicken-oluttolkki-kana\/#primaryimage"},"image":{"@id":"https:\/\/bbqassad.ee\/fi\/toode\/keraaminen-kananpaistoteline-beer-can-chicken-oluttolkki-kana\/#primaryimage"},"thumbnailUrl":"https:\/\/bbqassad.ee\/wp-content\/uploads\/2023\/09\/DF15731.jpg","datePublished":"2023-09-27T09:55:08+00:00","dateModified":"2026-04-14T06:33:42+00:00","description":"Keraaminen olutt\u00f6lkkikana-alusta - kanan tasaiseen kypsent\u00e4miseen grilliss\u00e4 tai uunissa. Pidike takaa mehev\u00e4n lopputuloksen ja rapean nahan;","breadcrumb":{"@id":"https:\/\/bbqassad.ee\/fi\/toode\/keraaminen-kananpaistoteline-beer-can-chicken-oluttolkki-kana\/#breadcrumb"},"inLanguage":"fi","potentialAction":[{"@type":"ReadAction","target":["https:\/\/bbqassad.ee\/fi\/toode\/keraaminen-kananpaistoteline-beer-can-chicken-oluttolkki-kana\/"]}]},{"@type":"ImageObject","inLanguage":"fi","@id":"https:\/\/bbqassad.ee\/fi\/toode\/keraaminen-kananpaistoteline-beer-can-chicken-oluttolkki-kana\/#primaryimage","url":"https:\/\/bbqassad.ee\/wp-content\/uploads\/2023\/09\/DF15731.jpg","contentUrl":"https:\/\/bbqassad.ee\/wp-content\/uploads\/2023\/09\/DF15731.jpg","width":720,"height":539,"caption":"Keraamiline kanak\u00fcpsetamise alus \"Beer can Chicken\""},{"@type":"BreadcrumbList","@id":"https:\/\/bbqassad.ee\/fi\/toode\/keraaminen-kananpaistoteline-beer-can-chicken-oluttolkki-kana\/#breadcrumb","itemListElement":[{"@type":"ListItem","position":1,"name":"Home","item":"https:\/\/bbqassad.ee\/fi\/bbq-assat\/"},{"@type":"ListItem","position":2,"name":"Verkkokauppa","item":"https:\/\/bbqassad.ee\/fi\/verkkokauppa\/"},{"@type":"ListItem","position":3,"name":"Keraaminen kananpaistoteline &#8220;Beer can Chicken&#8221; (olutt\u00f6lkki-kana)"}]},{"@type":"WebSite","@id":"https:\/\/bbqassad.ee\/fi\/#website","url":"https:\/\/bbqassad.ee\/fi\/","name":"BBQ \u00c4ssad","description":"BBQ maitseained, kastmed, ahjud","publisher":{"@id":"https:\/\/bbqassad.ee\/fi\/#organization"},"potentialAction":[{"@type":"SearchAction","target":{"@type":"EntryPoint","urlTemplate":"https:\/\/bbqassad.ee\/fi\/?s={search_term_string}"},"query-input":{"@type":"PropertyValueSpecification","valueRequired":true,"valueName":"search_term_string"}}],"inLanguage":"fi"},{"@type":"Organization","@id":"https:\/\/bbqassad.ee\/fi\/#organization","name":"BBQ \u00c4ssad","url":"https:\/\/bbqassad.ee\/fi\/","logo":{"@type":"ImageObject","inLanguage":"fi","@id":"https:\/\/bbqassad.ee\/fi\/#\/schema\/logo\/image\/","url":"https:\/\/bbqassad.ee\/wp-content\/uploads\/2022\/10\/BBQ-2ssadlogo.png","contentUrl":"https:\/\/bbqassad.ee\/wp-content\/uploads\/2022\/10\/BBQ-2ssadlogo.png","width":1080,"height":1080,"caption":"BBQ \u00c4ssad"},"image":{"@id":"https:\/\/bbqassad.ee\/fi\/#\/schema\/logo\/image\/"},"sameAs":["https:\/\/www.facebook.com\/bbqassad","https:\/\/www.youtube.com\/channel\/UCsoufn49J6TVi9Ah9meE93w"]}]}},"_links":{"self":[{"href":"https:\/\/bbqassad.ee\/fi\/wp-json\/wp\/v2\/product\/23320","targetHints":{"allow":["GET"]}}],"collection":[{"href":"https:\/\/bbqassad.ee\/fi\/wp-json\/wp\/v2\/product"}],"about":[{"href":"https:\/\/bbqassad.ee\/fi\/wp-json\/wp\/v2\/types\/product"}],"replies":[{"embeddable":true,"href":"https:\/\/bbqassad.ee\/fi\/wp-json\/wp\/v2\/comments?post=23320"}],"wp:featuredmedia":[{"embeddable":true,"href":"https:\/\/bbqassad.ee\/fi\/wp-json\/wp\/v2\/media\/23321"}],"wp:attachment":[{"href":"https:\/\/bbqassad.ee\/fi\/wp-json\/wp\/v2\/media?parent=23320"}],"wp:term":[{"taxonomy":"product_brand","embeddable":true,"href":"https:\/\/bbqassad.ee\/fi\/wp-json\/wp\/v2\/product_brand?post=23320"},{"taxonomy":"product_cat","embeddable":true,"href":"https:\/\/bbqassad.ee\/fi\/wp-json\/wp\/v2\/product_cat?post=23320"},{"taxonomy":"product_tag","embeddable":true,"href":"https:\/\/bbqassad.ee\/fi\/wp-json\/wp\/v2\/product_tag?post=23320"}],"curies":[{"name":"wp","href":"https:\/\/api.w.org\/{rel}","templated":true}]}}