{"id":23314,"date":"2023-09-27T09:55:47","date_gmt":"2023-09-27T09:55:47","guid":{"rendered":"https:\/\/bbqassad.ee\/toode\/dreamfire-meatspotter-100-bluetooth-lampomittari-jossa-on-2-anturia\/"},"modified":"2026-04-14T06:33:42","modified_gmt":"2026-04-14T06:33:42","slug":"dreamfire-meatspotter-100-bluetooth-lampomittari-jossa-on-2-anturia","status":"publish","type":"product","link":"https:\/\/bbqassad.ee\/fi\/toode\/dreamfire-meatspotter-100-bluetooth-lampomittari-jossa-on-2-anturia\/","title":{"rendered":"Dreamfire\u00ae Meatspotter 100 Bluetooth-l\u00e4mp\u00f6mittari, jossa on 2 anturia"},"content":{"rendered":"","protected":false},"excerpt":{"rendered":"<p>L\u00e4mp\u00f6mittarin mukana toimitetaan 2 anturia (enint\u00e4\u00e4n 6 anturia voidaan liitt\u00e4\u00e4 &#8211; lis\u00e4anturit myyd\u00e4\u00e4n erikseen).<\/p>\n<p>Dreamfire\u00ae Meatspotter 100 -grillin etuna on suuri taustavalaistu n\u00e4ytt\u00f6, jonka ansiosta senhetkinen l\u00e4mp\u00f6tila on eritt\u00e4in k\u00e4tev\u00e4 tarkistaa grillin l\u00e4hell\u00e4. L\u00e4mp\u00f6mittarissa on merkkivalot, joten tied\u00e4t aina, mik\u00e4 anturin l\u00e4mp\u00f6tila on parhaillaan n\u00e4yt\u00f6ss\u00e4. <\/p>\n<p>Tekniset tiedot:<br \/>\nTarkkuus: 0-99 \u00b0C \u00b1 1 %. 100-199 \u00b0C \u00b1 2 %. 200-300 \u00b0C \u00b1 3 %<br \/>\nL\u00e4mp\u00f6tilan toleranssi: hetkellinen mittaus &#8211; 1-350 \u00b0C<br \/>\nL\u00e4mp\u00f6tilan toleranssi: pitk\u00e4aikainen mittaus &#8211; 1-300 \u00b0C<br \/>\nKypsyystasojen valinta: raakana, puoliraakana, keskiraakana, keskikyps\u00e4n\u00e4, keskikyps\u00e4n\u00e4, hyvin.<br \/>\nH\u00e4lytykset: ilmoitus l\u00e4mp\u00f6tila-alueesta, ilmoitus saavutetusta l\u00e4mp\u00f6tilasta, ajastin, bluetooth-yhteyden katkaisuilmoitus.<br \/>\nPaino: 144gr<br \/>\nMitat: 9cm x 9,5cm x 2cm<br \/>\nN\u00e4ytt\u00f6: LCD \/ \u00e4lylaitteesi<br \/>\nAnturin kaapelin pituus: 100cm<br \/>\nAnturin pituus: 106mm<br \/>\nAnturin halkaisija: 2mm Anturin halkaisija: 2mm Anturin kaapelin pituus: 100cm Anturin pituus: 106mm Anturin halkaisija: 2mm  <\/p>\n","protected":false},"featured_media":23315,"comment_status":"open","ping_status":"closed","template":"","meta":[],"product_brand":[192],"product_cat":[784],"product_tag":[],"class_list":{"0":"post-23314","1":"product","2":"type-product","3":"status-publish","4":"has-post-thumbnail","6":"product_brand-dreamfire","7":"product_cat-tarvikkeet","9":"first","10":"instock","11":"taxable","12":"shipping-taxable","13":"purchasable","14":"product-type-simple"},"yoast_head":"<!-- This site is optimized with the Yoast SEO plugin v27.4 - https:\/\/yoast.com\/product\/yoast-seo-wordpress\/ -->\n<title>Dreamfire\u00ae Meatspotter 100 Bluetooth-l\u00e4mp\u00f6mittari, jossa on 2 anturia - BBQ \u00c4ssad<\/title>\n<meta name=\"description\" content=\"Dreamfire\u00ae Meatspotter 100 Bluetooth-l\u00e4mp\u00f6mittari (2 anturia) - seuraa lihan ja grillin l\u00e4mp\u00f6tiloja sovelluksesta. Tarkka valvonta pihveille, kyljyksille ja rintafileille.\" \/>\n<meta name=\"robots\" content=\"index, follow, max-snippet:-1, max-image-preview:large, max-video-preview:-1\" \/>\n<link rel=\"canonical\" href=\"https:\/\/bbqassad.ee\/fi\/toode\/dreamfire-meatspotter-100-bluetooth-lampomittari-jossa-on-2-anturia\/\" \/>\n<meta property=\"og:locale\" content=\"fi_FI\" \/>\n<meta property=\"og:type\" content=\"article\" \/>\n<meta property=\"og:title\" content=\"Dreamfire\u00ae Meatspotter 100 Bluetooth-l\u00e4mp\u00f6mittari, jossa on 2 anturia\" \/>\n<meta property=\"og:description\" content=\"Dreamfire\u00ae Meatspotter 100 Bluetooth-l\u00e4mp\u00f6mittari (2 anturia) - seuraa lihan ja grillin l\u00e4mp\u00f6tiloja sovelluksesta. Tarkka valvonta pihveille, kyljyksille ja rintafileille avaamatta kantta.\" \/>\n<meta property=\"og:url\" content=\"https:\/\/bbqassad.ee\/fi\/toode\/dreamfire-meatspotter-100-bluetooth-lampomittari-jossa-on-2-anturia\/\" \/>\n<meta property=\"og:site_name\" content=\"BBQ \u00c4ssad\" \/>\n<meta property=\"article:publisher\" content=\"https:\/\/www.facebook.com\/bbqassad\" \/>\n<meta property=\"article:modified_time\" content=\"2026-04-14T06:33:42+00:00\" \/>\n<meta property=\"og:image\" content=\"https:\/\/bbqassad.ee\/wp-content\/uploads\/2023\/09\/DF15805-1-scaled-1-300x300.jpg\" \/>\n<meta name=\"twitter:card\" content=\"summary_large_image\" \/>\n<script type=\"application\/ld+json\" class=\"yoast-schema-graph\">{\"@context\":\"https:\\\/\\\/schema.org\",\"@graph\":[{\"@type\":\"WebPage\",\"@id\":\"https:\\\/\\\/bbqassad.ee\\\/fi\\\/toode\\\/dreamfire-meatspotter-100-bluetooth-lampomittari-jossa-on-2-anturia\\\/\",\"url\":\"https:\\\/\\\/bbqassad.ee\\\/fi\\\/toode\\\/dreamfire-meatspotter-100-bluetooth-lampomittari-jossa-on-2-anturia\\\/\",\"name\":\"Dreamfire\u00ae Meatspotter 100 Bluetooth-l\u00e4mp\u00f6mittari, jossa on 2 anturia - BBQ \u00c4ssad\",\"isPartOf\":{\"@id\":\"https:\\\/\\\/bbqassad.ee\\\/fi\\\/#website\"},\"primaryImageOfPage\":{\"@id\":\"https:\\\/\\\/bbqassad.ee\\\/fi\\\/toode\\\/dreamfire-meatspotter-100-bluetooth-lampomittari-jossa-on-2-anturia\\\/#primaryimage\"},\"image\":{\"@id\":\"https:\\\/\\\/bbqassad.ee\\\/fi\\\/toode\\\/dreamfire-meatspotter-100-bluetooth-lampomittari-jossa-on-2-anturia\\\/#primaryimage\"},\"thumbnailUrl\":\"https:\\\/\\\/bbqassad.ee\\\/wp-content\\\/uploads\\\/2023\\\/09\\\/DF15805-1-scaled-1.jpg\",\"datePublished\":\"2023-09-27T09:55:47+00:00\",\"dateModified\":\"2026-04-14T06:33:42+00:00\",\"description\":\"Dreamfire\u00ae Meatspotter 100 Bluetooth-l\u00e4mp\u00f6mittari (2 anturia) - seuraa lihan ja grillin l\u00e4mp\u00f6tiloja sovelluksesta. Tarkka valvonta pihveille, kyljyksille ja rintafileille.\",\"breadcrumb\":{\"@id\":\"https:\\\/\\\/bbqassad.ee\\\/fi\\\/toode\\\/dreamfire-meatspotter-100-bluetooth-lampomittari-jossa-on-2-anturia\\\/#breadcrumb\"},\"inLanguage\":\"fi\",\"potentialAction\":[{\"@type\":\"ReadAction\",\"target\":[\"https:\\\/\\\/bbqassad.ee\\\/fi\\\/toode\\\/dreamfire-meatspotter-100-bluetooth-lampomittari-jossa-on-2-anturia\\\/\"]}]},{\"@type\":\"ImageObject\",\"inLanguage\":\"fi\",\"@id\":\"https:\\\/\\\/bbqassad.ee\\\/fi\\\/toode\\\/dreamfire-meatspotter-100-bluetooth-lampomittari-jossa-on-2-anturia\\\/#primaryimage\",\"url\":\"https:\\\/\\\/bbqassad.ee\\\/wp-content\\\/uploads\\\/2023\\\/09\\\/DF15805-1-scaled-1.jpg\",\"contentUrl\":\"https:\\\/\\\/bbqassad.ee\\\/wp-content\\\/uploads\\\/2023\\\/09\\\/DF15805-1-scaled-1.jpg\",\"width\":1920,\"height\":1920,\"caption\":\"Dreamfire\u00ae Meatspotter 100 Bluetooth termomeeter 2 sondiga\"},{\"@type\":\"BreadcrumbList\",\"@id\":\"https:\\\/\\\/bbqassad.ee\\\/fi\\\/toode\\\/dreamfire-meatspotter-100-bluetooth-lampomittari-jossa-on-2-anturia\\\/#breadcrumb\",\"itemListElement\":[{\"@type\":\"ListItem\",\"position\":1,\"name\":\"Home\",\"item\":\"https:\\\/\\\/bbqassad.ee\\\/fi\\\/bbq-assat\\\/\"},{\"@type\":\"ListItem\",\"position\":2,\"name\":\"Verkkokauppa\",\"item\":\"https:\\\/\\\/bbqassad.ee\\\/fi\\\/verkkokauppa\\\/\"},{\"@type\":\"ListItem\",\"position\":3,\"name\":\"Dreamfire\u00ae Meatspotter 100 Bluetooth-l\u00e4mp\u00f6mittari, jossa on 2 anturia\"}]},{\"@type\":\"WebSite\",\"@id\":\"https:\\\/\\\/bbqassad.ee\\\/fi\\\/#website\",\"url\":\"https:\\\/\\\/bbqassad.ee\\\/fi\\\/\",\"name\":\"BBQ \u00c4ssad\",\"description\":\"BBQ maitseained, kastmed, ahjud\",\"publisher\":{\"@id\":\"https:\\\/\\\/bbqassad.ee\\\/fi\\\/#organization\"},\"potentialAction\":[{\"@type\":\"SearchAction\",\"target\":{\"@type\":\"EntryPoint\",\"urlTemplate\":\"https:\\\/\\\/bbqassad.ee\\\/fi\\\/?s={search_term_string}\"},\"query-input\":{\"@type\":\"PropertyValueSpecification\",\"valueRequired\":true,\"valueName\":\"search_term_string\"}}],\"inLanguage\":\"fi\"},{\"@type\":\"Organization\",\"@id\":\"https:\\\/\\\/bbqassad.ee\\\/fi\\\/#organization\",\"name\":\"BBQ \u00c4ssad\",\"url\":\"https:\\\/\\\/bbqassad.ee\\\/fi\\\/\",\"logo\":{\"@type\":\"ImageObject\",\"inLanguage\":\"fi\",\"@id\":\"https:\\\/\\\/bbqassad.ee\\\/fi\\\/#\\\/schema\\\/logo\\\/image\\\/\",\"url\":\"https:\\\/\\\/bbqassad.ee\\\/wp-content\\\/uploads\\\/2022\\\/10\\\/BBQ-2ssadlogo.png\",\"contentUrl\":\"https:\\\/\\\/bbqassad.ee\\\/wp-content\\\/uploads\\\/2022\\\/10\\\/BBQ-2ssadlogo.png\",\"width\":1080,\"height\":1080,\"caption\":\"BBQ \u00c4ssad\"},\"image\":{\"@id\":\"https:\\\/\\\/bbqassad.ee\\\/fi\\\/#\\\/schema\\\/logo\\\/image\\\/\"},\"sameAs\":[\"https:\\\/\\\/www.facebook.com\\\/bbqassad\",\"https:\\\/\\\/www.youtube.com\\\/channel\\\/UCsoufn49J6TVi9Ah9meE93w\"]}]}<\/script>\n<!-- \/ Yoast SEO plugin. -->","yoast_head_json":{"title":"Dreamfire\u00ae Meatspotter 100 Bluetooth-l\u00e4mp\u00f6mittari, jossa on 2 anturia - BBQ \u00c4ssad","description":"Dreamfire\u00ae Meatspotter 100 Bluetooth-l\u00e4mp\u00f6mittari (2 anturia) - seuraa lihan ja grillin l\u00e4mp\u00f6tiloja sovelluksesta. Tarkka valvonta pihveille, kyljyksille ja rintafileille.","robots":{"index":"index","follow":"follow","max-snippet":"max-snippet:-1","max-image-preview":"max-image-preview:large","max-video-preview":"max-video-preview:-1"},"canonical":"https:\/\/bbqassad.ee\/fi\/toode\/dreamfire-meatspotter-100-bluetooth-lampomittari-jossa-on-2-anturia\/","og_locale":"fi_FI","og_type":"article","og_title":"Dreamfire\u00ae Meatspotter 100 Bluetooth-l\u00e4mp\u00f6mittari, jossa on 2 anturia","og_description":"Dreamfire\u00ae Meatspotter 100 Bluetooth-l\u00e4mp\u00f6mittari (2 anturia) - seuraa lihan ja grillin l\u00e4mp\u00f6tiloja sovelluksesta. Tarkka valvonta pihveille, kyljyksille ja rintafileille avaamatta kantta.","og_url":"https:\/\/bbqassad.ee\/fi\/toode\/dreamfire-meatspotter-100-bluetooth-lampomittari-jossa-on-2-anturia\/","og_site_name":"BBQ \u00c4ssad","article_publisher":"https:\/\/www.facebook.com\/bbqassad","article_modified_time":"2026-04-14T06:33:42+00:00","og_image":[{"url":"https:\/\/bbqassad.ee\/wp-content\/uploads\/2023\/09\/DF15805-1-scaled-1-300x300.jpg","type":"","width":"","height":""}],"twitter_card":"summary_large_image","schema":{"@context":"https:\/\/schema.org","@graph":[{"@type":"WebPage","@id":"https:\/\/bbqassad.ee\/fi\/toode\/dreamfire-meatspotter-100-bluetooth-lampomittari-jossa-on-2-anturia\/","url":"https:\/\/bbqassad.ee\/fi\/toode\/dreamfire-meatspotter-100-bluetooth-lampomittari-jossa-on-2-anturia\/","name":"Dreamfire\u00ae Meatspotter 100 Bluetooth-l\u00e4mp\u00f6mittari, jossa on 2 anturia - BBQ \u00c4ssad","isPartOf":{"@id":"https:\/\/bbqassad.ee\/fi\/#website"},"primaryImageOfPage":{"@id":"https:\/\/bbqassad.ee\/fi\/toode\/dreamfire-meatspotter-100-bluetooth-lampomittari-jossa-on-2-anturia\/#primaryimage"},"image":{"@id":"https:\/\/bbqassad.ee\/fi\/toode\/dreamfire-meatspotter-100-bluetooth-lampomittari-jossa-on-2-anturia\/#primaryimage"},"thumbnailUrl":"https:\/\/bbqassad.ee\/wp-content\/uploads\/2023\/09\/DF15805-1-scaled-1.jpg","datePublished":"2023-09-27T09:55:47+00:00","dateModified":"2026-04-14T06:33:42+00:00","description":"Dreamfire\u00ae Meatspotter 100 Bluetooth-l\u00e4mp\u00f6mittari (2 anturia) - seuraa lihan ja grillin l\u00e4mp\u00f6tiloja sovelluksesta. Tarkka valvonta pihveille, kyljyksille ja rintafileille.","breadcrumb":{"@id":"https:\/\/bbqassad.ee\/fi\/toode\/dreamfire-meatspotter-100-bluetooth-lampomittari-jossa-on-2-anturia\/#breadcrumb"},"inLanguage":"fi","potentialAction":[{"@type":"ReadAction","target":["https:\/\/bbqassad.ee\/fi\/toode\/dreamfire-meatspotter-100-bluetooth-lampomittari-jossa-on-2-anturia\/"]}]},{"@type":"ImageObject","inLanguage":"fi","@id":"https:\/\/bbqassad.ee\/fi\/toode\/dreamfire-meatspotter-100-bluetooth-lampomittari-jossa-on-2-anturia\/#primaryimage","url":"https:\/\/bbqassad.ee\/wp-content\/uploads\/2023\/09\/DF15805-1-scaled-1.jpg","contentUrl":"https:\/\/bbqassad.ee\/wp-content\/uploads\/2023\/09\/DF15805-1-scaled-1.jpg","width":1920,"height":1920,"caption":"Dreamfire\u00ae Meatspotter 100 Bluetooth termomeeter 2 sondiga"},{"@type":"BreadcrumbList","@id":"https:\/\/bbqassad.ee\/fi\/toode\/dreamfire-meatspotter-100-bluetooth-lampomittari-jossa-on-2-anturia\/#breadcrumb","itemListElement":[{"@type":"ListItem","position":1,"name":"Home","item":"https:\/\/bbqassad.ee\/fi\/bbq-assat\/"},{"@type":"ListItem","position":2,"name":"Verkkokauppa","item":"https:\/\/bbqassad.ee\/fi\/verkkokauppa\/"},{"@type":"ListItem","position":3,"name":"Dreamfire\u00ae Meatspotter 100 Bluetooth-l\u00e4mp\u00f6mittari, jossa on 2 anturia"}]},{"@type":"WebSite","@id":"https:\/\/bbqassad.ee\/fi\/#website","url":"https:\/\/bbqassad.ee\/fi\/","name":"BBQ \u00c4ssad","description":"BBQ maitseained, kastmed, ahjud","publisher":{"@id":"https:\/\/bbqassad.ee\/fi\/#organization"},"potentialAction":[{"@type":"SearchAction","target":{"@type":"EntryPoint","urlTemplate":"https:\/\/bbqassad.ee\/fi\/?s={search_term_string}"},"query-input":{"@type":"PropertyValueSpecification","valueRequired":true,"valueName":"search_term_string"}}],"inLanguage":"fi"},{"@type":"Organization","@id":"https:\/\/bbqassad.ee\/fi\/#organization","name":"BBQ \u00c4ssad","url":"https:\/\/bbqassad.ee\/fi\/","logo":{"@type":"ImageObject","inLanguage":"fi","@id":"https:\/\/bbqassad.ee\/fi\/#\/schema\/logo\/image\/","url":"https:\/\/bbqassad.ee\/wp-content\/uploads\/2022\/10\/BBQ-2ssadlogo.png","contentUrl":"https:\/\/bbqassad.ee\/wp-content\/uploads\/2022\/10\/BBQ-2ssadlogo.png","width":1080,"height":1080,"caption":"BBQ \u00c4ssad"},"image":{"@id":"https:\/\/bbqassad.ee\/fi\/#\/schema\/logo\/image\/"},"sameAs":["https:\/\/www.facebook.com\/bbqassad","https:\/\/www.youtube.com\/channel\/UCsoufn49J6TVi9Ah9meE93w"]}]}},"_links":{"self":[{"href":"https:\/\/bbqassad.ee\/fi\/wp-json\/wp\/v2\/product\/23314","targetHints":{"allow":["GET"]}}],"collection":[{"href":"https:\/\/bbqassad.ee\/fi\/wp-json\/wp\/v2\/product"}],"about":[{"href":"https:\/\/bbqassad.ee\/fi\/wp-json\/wp\/v2\/types\/product"}],"replies":[{"embeddable":true,"href":"https:\/\/bbqassad.ee\/fi\/wp-json\/wp\/v2\/comments?post=23314"}],"wp:featuredmedia":[{"embeddable":true,"href":"https:\/\/bbqassad.ee\/fi\/wp-json\/wp\/v2\/media\/23315"}],"wp:attachment":[{"href":"https:\/\/bbqassad.ee\/fi\/wp-json\/wp\/v2\/media?parent=23314"}],"wp:term":[{"taxonomy":"product_brand","embeddable":true,"href":"https:\/\/bbqassad.ee\/fi\/wp-json\/wp\/v2\/product_brand?post=23314"},{"taxonomy":"product_cat","embeddable":true,"href":"https:\/\/bbqassad.ee\/fi\/wp-json\/wp\/v2\/product_cat?post=23314"},{"taxonomy":"product_tag","embeddable":true,"href":"https:\/\/bbqassad.ee\/fi\/wp-json\/wp\/v2\/product_tag?post=23314"}],"curies":[{"name":"wp","href":"https:\/\/api.w.org\/{rel}","templated":true}]}}