{"id":23311,"date":"2023-09-27T09:56:52","date_gmt":"2023-09-27T09:56:52","guid":{"rendered":"https:\/\/bbqassad.ee\/toode\/dreamfire-extra-kuumuutta-kestava-grillikasine-lyhyt-1kpl\/"},"modified":"2026-04-14T06:33:38","modified_gmt":"2026-04-14T06:33:38","slug":"dreamfire-extra-kuumuutta-kestava-grillikasine-lyhyt-1kpl","status":"publish","type":"product","link":"https:\/\/bbqassad.ee\/fi\/toode\/dreamfire-extra-kuumuutta-kestava-grillikasine-lyhyt-1kpl\/","title":{"rendered":"Dreamfire\u00ae extra kuumuutta kest\u00e4v\u00e4 grillik\u00e4sine (lyhyt) 1kpl"},"content":{"rendered":"<p>L\u00e4mm\u00f6nkest\u00e4v\u00e4 grillik\u00e4sine on ainoa asia, jota kannattaa k\u00e4ytt\u00e4\u00e4 kamadon tai mink\u00e4 tahansa muun grillin kanssa, sill\u00e4 se tarjoaa k\u00e4tev\u00e4n tavan nostaa kuumia grilliritil\u00f6it\u00e4\/pizzalevyj\u00e4\/l\u00e4mm\u00f6nlevittimi\u00e4 ja kaikkea muuta, mik\u00e4 kuumenee grilliss\u00e4. Kyll\u00e4, voit my\u00f6s k\u00e4ytt\u00e4\u00e4 patalappua tai hitsaajan hanskaa h\u00e4t\u00e4tilanteessa, mutta ensinn\u00e4kin kummassakaan niist\u00e4 ei ole yht\u00e4 hyv\u00e4 l\u00e4mm\u00f6nkest\u00e4vyys ja toiseksi ne ovat eritt\u00e4in k\u00f6mpel\u00f6it\u00e4 k\u00e4dess\u00e4 (usko minua &#8211; grilliritil\u00e4 t\u00e4ynn\u00e4 pudonnutta ruokaa tekee sinut hyvin onnettomaksi). Kunnollinen kuumuutta kest\u00e4v\u00e4 grillik\u00e4sine kest\u00e4\u00e4 ~600 \u00b0C:n l\u00e4mp\u00f6tiloja, mik\u00e4 tarkoittaa, ett\u00e4 jos nostat 200 \u00b0C:n l\u00e4mp\u00f6tilassa olevaa grilliritil\u00e4\u00e4 hanska k\u00e4dess\u00e4si, et edes huomaa, ett\u00e4 ritil\u00e4 k\u00e4dess\u00e4si on l\u00e4mmin kovin pitk\u00e4\u00e4n. Lis\u00e4ksi se tarjoaa t\u00e4rke\u00e4\u00e4 turvallisuutta.   <\/p>\n<p>Milloin k\u00e4yt\u00e4mme k\u00e4sineit\u00e4? Lyhyt vastaus on, ett\u00e4 aina kun teemme jotain grilliss\u00e4 (paitsi nostamme ruokaa grilliin tai otamme sen pois). P\u00e4\u00e4asiassa kuitenkin siirr\u00e4mme grilliritil\u00f6it\u00e4, irrotamme LUX-j\u00e4rjestelm\u00e4n lis\u00e4hiilen lis\u00e4\u00e4miseksi tai poistamme\/lis\u00e4\u00e4mme l\u00e4mm\u00f6nlevittimi\u00e4 kuumakammioon.  <\/p>\n","protected":false},"excerpt":{"rendered":"<p>Dreamfire\u00ae-eritt\u00e4in kuumuutta kest\u00e4v\u00e4t grillik\u00e4sineet kest\u00e4v\u00e4t jopa 600 \u00b0C:n l\u00e4mp\u00f6tilaa ja ovat v\u00e4ltt\u00e4m\u00e4tt\u00f6mi\u00e4 grillauksen apuv\u00e4lineit\u00e4. Niiden avulla voit nostaa mukavasti kuumia kattiloita, grilliritil\u00f6it\u00e4 ja muuta. Sopii mukavasti k\u00e4teen. HUOMAUTUS: Ole varovainen, kun k\u00e4sittelet kuumia esineit\u00e4.    <\/p>\n","protected":false},"featured_media":23312,"comment_status":"open","ping_status":"closed","template":"","meta":[],"product_brand":[192],"product_cat":[784],"product_tag":[],"class_list":{"0":"post-23311","1":"product","2":"type-product","3":"status-publish","4":"has-post-thumbnail","6":"product_brand-dreamfire","7":"product_cat-tarvikkeet","9":"first","10":"instock","11":"taxable","12":"shipping-taxable","13":"purchasable","14":"product-type-simple"},"yoast_head":"<!-- This site is optimized with the Yoast SEO plugin v27.4 - https:\/\/yoast.com\/product\/yoast-seo-wordpress\/ -->\n<title>Dreamfire\u00ae extra kuumuutta kest\u00e4v\u00e4 grillik\u00e4sine (lyhyt) 1kpl - BBQ \u00c4ssad<\/title>\n<meta name=\"description\" content=\"Dreamfire\u00ae extra kuumuutta kest\u00e4v\u00e4t grillik\u00e4sineet (pari) - l\u00e4mp\u00f6suoja grilliin ja takkaan, tukeva ote ja mukava istuvuus.\" \/>\n<meta name=\"robots\" content=\"index, follow, max-snippet:-1, max-image-preview:large, max-video-preview:-1\" \/>\n<link rel=\"canonical\" href=\"https:\/\/bbqassad.ee\/fi\/toode\/dreamfire-extra-kuumuutta-kestava-grillikasine-lyhyt-1kpl\/\" \/>\n<meta property=\"og:locale\" content=\"fi_FI\" \/>\n<meta property=\"og:type\" content=\"article\" \/>\n<meta property=\"og:title\" content=\"Dreamfire\u00ae extra kuumuutta kest\u00e4v\u00e4 grillik\u00e4sine\" \/>\n<meta property=\"og:description\" content=\"Dreamfire\u00ae extra kuumuutta kest\u00e4v\u00e4t grillik\u00e4sineet (pari) - l\u00e4mp\u00f6suoja grilliin ja takkaan, tukeva ote ja mukava istuvuus. Sopivat ritil\u00f6ille, kattiloille ja tarvikkeille.\" \/>\n<meta property=\"og:url\" content=\"https:\/\/bbqassad.ee\/fi\/toode\/dreamfire-extra-kuumuutta-kestava-grillikasine-lyhyt-1kpl\/\" \/>\n<meta property=\"og:site_name\" content=\"BBQ \u00c4ssad\" \/>\n<meta property=\"article:publisher\" content=\"https:\/\/www.facebook.com\/bbqassad\" \/>\n<meta property=\"article:modified_time\" content=\"2026-04-14T06:33:38+00:00\" \/>\n<meta property=\"og:image\" content=\"https:\/\/bbqassad.ee\/wp-content\/uploads\/2023\/09\/Dreamfire-BBQ-Glove-1-540x851-1-190x300.jpg\" \/>\n<meta name=\"twitter:card\" content=\"summary_large_image\" \/>\n<meta name=\"twitter:label1\" content=\"Arvioitu lukuaika\" \/>\n\t<meta name=\"twitter:data1\" content=\"1 minuutti\" \/>\n<script type=\"application\/ld+json\" class=\"yoast-schema-graph\">{\"@context\":\"https:\\\/\\\/schema.org\",\"@graph\":[{\"@type\":\"WebPage\",\"@id\":\"https:\\\/\\\/bbqassad.ee\\\/fi\\\/toode\\\/dreamfire-extra-kuumuutta-kestava-grillikasine-lyhyt-1kpl\\\/\",\"url\":\"https:\\\/\\\/bbqassad.ee\\\/fi\\\/toode\\\/dreamfire-extra-kuumuutta-kestava-grillikasine-lyhyt-1kpl\\\/\",\"name\":\"Dreamfire\u00ae extra kuumuutta kest\u00e4v\u00e4 grillik\u00e4sine (lyhyt) 1kpl - BBQ \u00c4ssad\",\"isPartOf\":{\"@id\":\"https:\\\/\\\/bbqassad.ee\\\/fi\\\/#website\"},\"primaryImageOfPage\":{\"@id\":\"https:\\\/\\\/bbqassad.ee\\\/fi\\\/toode\\\/dreamfire-extra-kuumuutta-kestava-grillikasine-lyhyt-1kpl\\\/#primaryimage\"},\"image\":{\"@id\":\"https:\\\/\\\/bbqassad.ee\\\/fi\\\/toode\\\/dreamfire-extra-kuumuutta-kestava-grillikasine-lyhyt-1kpl\\\/#primaryimage\"},\"thumbnailUrl\":\"https:\\\/\\\/bbqassad.ee\\\/wp-content\\\/uploads\\\/2023\\\/09\\\/Dreamfire-BBQ-Glove-1-540x851-1.jpg\",\"datePublished\":\"2023-09-27T09:56:52+00:00\",\"dateModified\":\"2026-04-14T06:33:38+00:00\",\"description\":\"Dreamfire\u00ae extra kuumuutta kest\u00e4v\u00e4t grillik\u00e4sineet (pari) - l\u00e4mp\u00f6suoja grilliin ja takkaan, tukeva ote ja mukava istuvuus.\",\"breadcrumb\":{\"@id\":\"https:\\\/\\\/bbqassad.ee\\\/fi\\\/toode\\\/dreamfire-extra-kuumuutta-kestava-grillikasine-lyhyt-1kpl\\\/#breadcrumb\"},\"inLanguage\":\"fi\",\"potentialAction\":[{\"@type\":\"ReadAction\",\"target\":[\"https:\\\/\\\/bbqassad.ee\\\/fi\\\/toode\\\/dreamfire-extra-kuumuutta-kestava-grillikasine-lyhyt-1kpl\\\/\"]}]},{\"@type\":\"ImageObject\",\"inLanguage\":\"fi\",\"@id\":\"https:\\\/\\\/bbqassad.ee\\\/fi\\\/toode\\\/dreamfire-extra-kuumuutta-kestava-grillikasine-lyhyt-1kpl\\\/#primaryimage\",\"url\":\"https:\\\/\\\/bbqassad.ee\\\/wp-content\\\/uploads\\\/2023\\\/09\\\/Dreamfire-BBQ-Glove-1-540x851-1.jpg\",\"contentUrl\":\"https:\\\/\\\/bbqassad.ee\\\/wp-content\\\/uploads\\\/2023\\\/09\\\/Dreamfire-BBQ-Glove-1-540x851-1.jpg\",\"width\":540,\"height\":851,\"caption\":\"Dreamfire\u00ae extra kuumakindel grillimise kinnas\"},{\"@type\":\"BreadcrumbList\",\"@id\":\"https:\\\/\\\/bbqassad.ee\\\/fi\\\/toode\\\/dreamfire-extra-kuumuutta-kestava-grillikasine-lyhyt-1kpl\\\/#breadcrumb\",\"itemListElement\":[{\"@type\":\"ListItem\",\"position\":1,\"name\":\"Home\",\"item\":\"https:\\\/\\\/bbqassad.ee\\\/fi\\\/bbq-assat\\\/\"},{\"@type\":\"ListItem\",\"position\":2,\"name\":\"Verkkokauppa\",\"item\":\"https:\\\/\\\/bbqassad.ee\\\/fi\\\/verkkokauppa\\\/\"},{\"@type\":\"ListItem\",\"position\":3,\"name\":\"Dreamfire\u00ae extra kuumuutta kest\u00e4v\u00e4 grillik\u00e4sine (lyhyt) 1kpl\"}]},{\"@type\":\"WebSite\",\"@id\":\"https:\\\/\\\/bbqassad.ee\\\/fi\\\/#website\",\"url\":\"https:\\\/\\\/bbqassad.ee\\\/fi\\\/\",\"name\":\"BBQ \u00c4ssad\",\"description\":\"BBQ maitseained, kastmed, ahjud\",\"publisher\":{\"@id\":\"https:\\\/\\\/bbqassad.ee\\\/fi\\\/#organization\"},\"potentialAction\":[{\"@type\":\"SearchAction\",\"target\":{\"@type\":\"EntryPoint\",\"urlTemplate\":\"https:\\\/\\\/bbqassad.ee\\\/fi\\\/?s={search_term_string}\"},\"query-input\":{\"@type\":\"PropertyValueSpecification\",\"valueRequired\":true,\"valueName\":\"search_term_string\"}}],\"inLanguage\":\"fi\"},{\"@type\":\"Organization\",\"@id\":\"https:\\\/\\\/bbqassad.ee\\\/fi\\\/#organization\",\"name\":\"BBQ \u00c4ssad\",\"url\":\"https:\\\/\\\/bbqassad.ee\\\/fi\\\/\",\"logo\":{\"@type\":\"ImageObject\",\"inLanguage\":\"fi\",\"@id\":\"https:\\\/\\\/bbqassad.ee\\\/fi\\\/#\\\/schema\\\/logo\\\/image\\\/\",\"url\":\"https:\\\/\\\/bbqassad.ee\\\/wp-content\\\/uploads\\\/2022\\\/10\\\/BBQ-2ssadlogo.png\",\"contentUrl\":\"https:\\\/\\\/bbqassad.ee\\\/wp-content\\\/uploads\\\/2022\\\/10\\\/BBQ-2ssadlogo.png\",\"width\":1080,\"height\":1080,\"caption\":\"BBQ \u00c4ssad\"},\"image\":{\"@id\":\"https:\\\/\\\/bbqassad.ee\\\/fi\\\/#\\\/schema\\\/logo\\\/image\\\/\"},\"sameAs\":[\"https:\\\/\\\/www.facebook.com\\\/bbqassad\",\"https:\\\/\\\/www.youtube.com\\\/channel\\\/UCsoufn49J6TVi9Ah9meE93w\"]}]}<\/script>\n<!-- \/ Yoast SEO plugin. -->","yoast_head_json":{"title":"Dreamfire\u00ae extra kuumuutta kest\u00e4v\u00e4 grillik\u00e4sine (lyhyt) 1kpl - BBQ \u00c4ssad","description":"Dreamfire\u00ae extra kuumuutta kest\u00e4v\u00e4t grillik\u00e4sineet (pari) - l\u00e4mp\u00f6suoja grilliin ja takkaan, tukeva ote ja mukava istuvuus.","robots":{"index":"index","follow":"follow","max-snippet":"max-snippet:-1","max-image-preview":"max-image-preview:large","max-video-preview":"max-video-preview:-1"},"canonical":"https:\/\/bbqassad.ee\/fi\/toode\/dreamfire-extra-kuumuutta-kestava-grillikasine-lyhyt-1kpl\/","og_locale":"fi_FI","og_type":"article","og_title":"Dreamfire\u00ae extra kuumuutta kest\u00e4v\u00e4 grillik\u00e4sine","og_description":"Dreamfire\u00ae extra kuumuutta kest\u00e4v\u00e4t grillik\u00e4sineet (pari) - l\u00e4mp\u00f6suoja grilliin ja takkaan, tukeva ote ja mukava istuvuus. Sopivat ritil\u00f6ille, kattiloille ja tarvikkeille.","og_url":"https:\/\/bbqassad.ee\/fi\/toode\/dreamfire-extra-kuumuutta-kestava-grillikasine-lyhyt-1kpl\/","og_site_name":"BBQ \u00c4ssad","article_publisher":"https:\/\/www.facebook.com\/bbqassad","article_modified_time":"2026-04-14T06:33:38+00:00","og_image":[{"url":"https:\/\/bbqassad.ee\/wp-content\/uploads\/2023\/09\/Dreamfire-BBQ-Glove-1-540x851-1-190x300.jpg","type":"","width":"","height":""}],"twitter_card":"summary_large_image","twitter_misc":{"Arvioitu lukuaika":"1 minuutti"},"schema":{"@context":"https:\/\/schema.org","@graph":[{"@type":"WebPage","@id":"https:\/\/bbqassad.ee\/fi\/toode\/dreamfire-extra-kuumuutta-kestava-grillikasine-lyhyt-1kpl\/","url":"https:\/\/bbqassad.ee\/fi\/toode\/dreamfire-extra-kuumuutta-kestava-grillikasine-lyhyt-1kpl\/","name":"Dreamfire\u00ae extra kuumuutta kest\u00e4v\u00e4 grillik\u00e4sine (lyhyt) 1kpl - BBQ \u00c4ssad","isPartOf":{"@id":"https:\/\/bbqassad.ee\/fi\/#website"},"primaryImageOfPage":{"@id":"https:\/\/bbqassad.ee\/fi\/toode\/dreamfire-extra-kuumuutta-kestava-grillikasine-lyhyt-1kpl\/#primaryimage"},"image":{"@id":"https:\/\/bbqassad.ee\/fi\/toode\/dreamfire-extra-kuumuutta-kestava-grillikasine-lyhyt-1kpl\/#primaryimage"},"thumbnailUrl":"https:\/\/bbqassad.ee\/wp-content\/uploads\/2023\/09\/Dreamfire-BBQ-Glove-1-540x851-1.jpg","datePublished":"2023-09-27T09:56:52+00:00","dateModified":"2026-04-14T06:33:38+00:00","description":"Dreamfire\u00ae extra kuumuutta kest\u00e4v\u00e4t grillik\u00e4sineet (pari) - l\u00e4mp\u00f6suoja grilliin ja takkaan, tukeva ote ja mukava istuvuus.","breadcrumb":{"@id":"https:\/\/bbqassad.ee\/fi\/toode\/dreamfire-extra-kuumuutta-kestava-grillikasine-lyhyt-1kpl\/#breadcrumb"},"inLanguage":"fi","potentialAction":[{"@type":"ReadAction","target":["https:\/\/bbqassad.ee\/fi\/toode\/dreamfire-extra-kuumuutta-kestava-grillikasine-lyhyt-1kpl\/"]}]},{"@type":"ImageObject","inLanguage":"fi","@id":"https:\/\/bbqassad.ee\/fi\/toode\/dreamfire-extra-kuumuutta-kestava-grillikasine-lyhyt-1kpl\/#primaryimage","url":"https:\/\/bbqassad.ee\/wp-content\/uploads\/2023\/09\/Dreamfire-BBQ-Glove-1-540x851-1.jpg","contentUrl":"https:\/\/bbqassad.ee\/wp-content\/uploads\/2023\/09\/Dreamfire-BBQ-Glove-1-540x851-1.jpg","width":540,"height":851,"caption":"Dreamfire\u00ae extra kuumakindel grillimise kinnas"},{"@type":"BreadcrumbList","@id":"https:\/\/bbqassad.ee\/fi\/toode\/dreamfire-extra-kuumuutta-kestava-grillikasine-lyhyt-1kpl\/#breadcrumb","itemListElement":[{"@type":"ListItem","position":1,"name":"Home","item":"https:\/\/bbqassad.ee\/fi\/bbq-assat\/"},{"@type":"ListItem","position":2,"name":"Verkkokauppa","item":"https:\/\/bbqassad.ee\/fi\/verkkokauppa\/"},{"@type":"ListItem","position":3,"name":"Dreamfire\u00ae extra kuumuutta kest\u00e4v\u00e4 grillik\u00e4sine (lyhyt) 1kpl"}]},{"@type":"WebSite","@id":"https:\/\/bbqassad.ee\/fi\/#website","url":"https:\/\/bbqassad.ee\/fi\/","name":"BBQ \u00c4ssad","description":"BBQ maitseained, kastmed, ahjud","publisher":{"@id":"https:\/\/bbqassad.ee\/fi\/#organization"},"potentialAction":[{"@type":"SearchAction","target":{"@type":"EntryPoint","urlTemplate":"https:\/\/bbqassad.ee\/fi\/?s={search_term_string}"},"query-input":{"@type":"PropertyValueSpecification","valueRequired":true,"valueName":"search_term_string"}}],"inLanguage":"fi"},{"@type":"Organization","@id":"https:\/\/bbqassad.ee\/fi\/#organization","name":"BBQ \u00c4ssad","url":"https:\/\/bbqassad.ee\/fi\/","logo":{"@type":"ImageObject","inLanguage":"fi","@id":"https:\/\/bbqassad.ee\/fi\/#\/schema\/logo\/image\/","url":"https:\/\/bbqassad.ee\/wp-content\/uploads\/2022\/10\/BBQ-2ssadlogo.png","contentUrl":"https:\/\/bbqassad.ee\/wp-content\/uploads\/2022\/10\/BBQ-2ssadlogo.png","width":1080,"height":1080,"caption":"BBQ \u00c4ssad"},"image":{"@id":"https:\/\/bbqassad.ee\/fi\/#\/schema\/logo\/image\/"},"sameAs":["https:\/\/www.facebook.com\/bbqassad","https:\/\/www.youtube.com\/channel\/UCsoufn49J6TVi9Ah9meE93w"]}]}},"_links":{"self":[{"href":"https:\/\/bbqassad.ee\/fi\/wp-json\/wp\/v2\/product\/23311","targetHints":{"allow":["GET"]}}],"collection":[{"href":"https:\/\/bbqassad.ee\/fi\/wp-json\/wp\/v2\/product"}],"about":[{"href":"https:\/\/bbqassad.ee\/fi\/wp-json\/wp\/v2\/types\/product"}],"replies":[{"embeddable":true,"href":"https:\/\/bbqassad.ee\/fi\/wp-json\/wp\/v2\/comments?post=23311"}],"wp:featuredmedia":[{"embeddable":true,"href":"https:\/\/bbqassad.ee\/fi\/wp-json\/wp\/v2\/media\/23312"}],"wp:attachment":[{"href":"https:\/\/bbqassad.ee\/fi\/wp-json\/wp\/v2\/media?parent=23311"}],"wp:term":[{"taxonomy":"product_brand","embeddable":true,"href":"https:\/\/bbqassad.ee\/fi\/wp-json\/wp\/v2\/product_brand?post=23311"},{"taxonomy":"product_cat","embeddable":true,"href":"https:\/\/bbqassad.ee\/fi\/wp-json\/wp\/v2\/product_cat?post=23311"},{"taxonomy":"product_tag","embeddable":true,"href":"https:\/\/bbqassad.ee\/fi\/wp-json\/wp\/v2\/product_tag?post=23311"}],"curies":[{"name":"wp","href":"https:\/\/api.w.org\/{rel}","templated":true}]}}