{"id":23295,"date":"2023-09-27T11:49:26","date_gmt":"2023-09-27T11:49:26","guid":{"rendered":"https:\/\/bbqassad.ee\/toode\/dreamfire-kamado-comfy-musta\/"},"modified":"2026-04-14T06:33:38","modified_gmt":"2026-04-14T06:33:38","slug":"dreamfire-kamado-comfy-musta","status":"publish","type":"product","link":"https:\/\/bbqassad.ee\/fi\/toode\/dreamfire-kamado-comfy-musta\/","title":{"rendered":"Dreamfire\u00ae Kamado Comfy Musta"},"content":{"rendered":"<p>Dreamfire Kamado Comfy Classic Black on varustettu seuraavilla ominaisuuksilla ja lis\u00e4varusteilla:<\/p>\n<p><strong>Eksklusiivinen kuusikulmainen pop-muotoilu &#8211; nyt useammissa v\u00e4reiss\u00e4 kuin koskaan!<br \/>\n<\/strong>\u00c4l\u00e4 tyydy tylsiin malleihin &#8211; olemme t\u00e4ysin samaa mielt\u00e4 siit\u00e4, ett\u00e4 takapihan grilli ei ole vain ruoanlaittov\u00e4line, vaan my\u00f6s muotoiluelementti. Comfy-mallien ansiosta voit olla varma, ett\u00e4 kamadosi on ainutlaatuisen tyylik\u00e4s ja tyylik\u00e4s, mutta et kuitenkaan tingi laadusta tai toimivuudesta. <\/p>\n<p><strong>LUX PRO kaksitasoinen keittoj\u00e4rjestelm\u00e4 <\/strong>&#8211; kaksi tasoa, nelj\u00e4 tasoa<em> <\/em>Dreamfire Kamado Comfy on todella joustava grilli, jossa voit k\u00e4ytt\u00e4\u00e4 ritil\u00e4\u00e4 ja deflektoreita kymmeniss\u00e4 eri kokoonpanoissa, koska siin\u00e4 on puolikuun muotoinen ruostumattomasta ter\u00e4ksest\u00e4 valmistettu ritil\u00e4, kaksi keraamista puolikuun muotoista deflektorilevy\u00e4 ja k\u00e4tev\u00e4t kahvat koko j\u00e4rjestelm\u00e4n nostamiseen.<\/p>\n<p><strong>Ruostumattomasta ter\u00e4ksest\u00e4 valmistettu hiilikori &#8211; <\/strong>Dreamfire Kamado Comfy Classicissa on helppok\u00e4ytt\u00f6inen hiilikori, jonka avulla p\u00e4\u00e4set k\u00e4tev\u00e4sti eroon ylim\u00e4\u00e4r\u00e4isest\u00e4 tuhkasta hiilien v\u00e4liss\u00e4 ja varmistat hiilen t\u00e4ydellisen ilmavirran. Nosta hiilikori pois grillist\u00e4 ennen Comfy-grillin k\u00e4ytt\u00f6\u00e4, ravista tuhka ja pienet hiililastut pois ja aseta kori takaisin grilliin. Hiilikorin avulla sinulla ei ole koskaan ongelmaa, ett\u00e4 hiilien alla on tuhkakerros, joka est\u00e4\u00e4 hiilt\u00e4 palamasta tehokkaasti.  <\/p>\n<p><strong> <em>FeatherTouch-sarana<\/em><\/strong> &#8211; vallankumouksellinen uuden muotoilun sarana, jonka ansiosta Comfy Classic -laukun kannen avaaminen on lastenleikki\u00e4.<\/p>\n<p><strong>Dreamfire Ash Loop <\/strong>&#8211; helpottaa tuhkan poistamista grillin alalaatikosta. Sopii my\u00f6s loistavasti hiilien sekoittamiseen grillin sis\u00e4ll\u00e4! <\/p>\n<p><strong>Eritt\u00e4in paksut ruostumattomasta ter\u00e4ksest\u00e4 valmistetut ritil\u00e4t &#8211; <\/strong>Dreamfire Kamado Comfy -grilliss\u00e4 on eritt\u00e4in paksut ruostumattomasta ter\u00e4ksest\u00e4 valmistetut ritil\u00e4t, jotka varastoivat l\u00e4mp\u00f6\u00e4 kuin valurauta. N\u00e4ill\u00e4 ritil\u00f6ill\u00e4 on eritt\u00e4in pitk\u00e4 k\u00e4ytt\u00f6ik\u00e4 paksun materiaalin ansiosta. Ruostumattomat puolipy\u00f6re\u00e4t ritil\u00e4t on helppo puhdistaa, eiv\u00e4tk\u00e4 ne taivu tai sula.  <\/p>\n<p><strong>Ruostumattomasta ter\u00e4ksest\u00e4 valmistettu yl\u00e4kuorimalaite, jossa on kansi &#8211; <\/strong>Comfy- yl\u00e4kuorimalaitteessa on pitk\u00e4 kahva, jossa on kuumuutta kest\u00e4v\u00e4 k\u00e4rki helppoa ja turvallista k\u00e4ytt\u00f6\u00e4 varten. Laadukas ruostumaton ter\u00e4s antaa sille erinomaisen kest\u00e4vyyden, ja sadesuojan ansiosta grillin pit\u00e4minen ulkona on huoletonta ymp\u00e4ri vuoden. Vaikka ulkona olisi kuinka sateista, grilli pysyy sis\u00e4ll\u00e4 kuivana.  <\/p>\n<p><strong>Dreamfire Meatspotter 100 Bluetooth-l\u00e4mp\u00f6mittari &#8211; <\/strong>Meatspotter 100 Bluetooth-l\u00e4mp\u00f6mittarimme antaa grillaajalle mielenrauhan ja mahdollisuuden jatkaa muita asioita samalla, kun Comfy valmistaa j\u00e4lleen herkullista ateriaa. Kun ruoka on valmista tai grillin sis\u00e4l\u00e4mp\u00f6tila muuttuu asetetusta l\u00e4mp\u00f6tilasta, puhelimesi Meatspotter-sovellus ilmoittaa sinulle siit\u00e4. Helppok\u00e4ytt\u00f6isen sovelluksen ja suuren taustavalaistun n\u00e4yt\u00f6n ansiosta grillauskokemus on mukavampi kuin koskaan. Voit seurata grillin tapahtumia puhelimestasi kaukana grillist\u00e4, kun taas n\u00e4et l\u00e4mp\u00f6tilat grillin vieress\u00e4 olevalta suurelta n\u00e4yt\u00f6lt\u00e4.   <\/p>\n<p><strong>Ruostumattomasta ter\u00e4ksest\u00e4 valmistettu runko, jossa on eritt\u00e4in tukevat py\u00f6r\u00e4t &#8211; <\/strong>Dreamfire Kamado Comfy -sarjassa on tukeva ruostumattomasta ter\u00e4ksest\u00e4 valmistettu runko, jossa on laadukkaat py\u00f6r\u00e4t, mik\u00e4 antaa kamadolle tyylikk\u00e4\u00e4n kodin ja tekee siit\u00e4 helpon liikutella.<\/p>\n<p><strong>Ruostumattomasta ter\u00e4ksest\u00e4 valmistetut osat &#8211; <\/strong>Comfy kamadossa on korkealaatuisia 304-ruostumattomasta ter\u00e4ksest\u00e4 valmistettuja osia, kuten siivet, runko, kahva ja metallivy\u00f6t. Ruostumattomasta ter\u00e4ksest\u00e4 valmistettujen osien ansiosta sinun ei tarvitse huolehtia siit\u00e4, ett\u00e4 kamadosi metalliosat ruostuvat jo muutaman kuukauden kuluttua. <\/p>\n<p><strong>Sadesuoja &#8211; <\/strong>Dreamfire Kamado Comfy -pakkaus sis\u00e4lt\u00e4\u00e4 laadukkaan sadesuojan, joka pit\u00e4\u00e4 grillisi puhtaana ja suojaa sit\u00e4 UV-s\u00e4teilt\u00e4, sateelta, lumelta ja (siitep\u00f6lylt\u00e4) p\u00f6lylt\u00e4.<\/p>\n<p><strong>Puiset sivup\u00f6yd\u00e4t, joissa on ripustuskoukut &#8211; <\/strong>Irrotettavat puiset sivup\u00f6yd\u00e4t antavat grillille ty\u00f6tason, johon tarvikkeet voidaan sijoittaa k\u00e4tev\u00e4sti. Koukkujen p\u00e4\u00e4h\u00e4n voit ripustaa k\u00e4tev\u00e4sti pihdit, lapiot, hakkuuv\u00e4lineet ja paljon muuta. <\/p>\n<p><strong>Eritt\u00e4in paksu ja tiivis keramiikka &#8211; <\/strong>Dreamfire Kamado Comfy -grillin keraaminen runko on valmistettu eritt\u00e4in paksusta ja tiiviist\u00e4 keramiikasta, mik\u00e4 tekee Comfy-grillist\u00e4 erityisen kest\u00e4v\u00e4n ja pit\u00e4\u00e4 l\u00e4mp\u00f6\u00e4 paremmin kuin muut kamadogrillit. Paksu keramiikka pit\u00e4\u00e4 my\u00f6s grillin ulkopinnan viile\u00e4mp\u00e4n\u00e4 kuin metalligrillit, mik\u00e4 tekee Kamadosta turvallisemman grillityypin. <\/p>\n<p><strong>Eritt\u00e4in tehokas tiivistys rungon ja kannen v\u00e4lill\u00e4 &#8211; <\/strong>Korkealaatuinen tiivistys tarkoittaa, ett\u00e4 kamado on t\u00e4ysin ilmatiivis vuosien ajan. Mit\u00e4 t\u00e4m\u00e4 tarkoittaa? Se tarkoittaa, ett\u00e4 grilliin syttyv\u00e4 tuli sammuu muutamassa minuutissa, kun suljet yl\u00e4- ja alatiivisteen &#8211; vertaansa vailla muiden johtavien kamadovalmistajien kanssa.  <\/p>\n<p><strong>Rajoitettu elinik\u00e4inen takuu <\/strong>&#8211; Rajoitettu elinik\u00e4inen takuu keraamiselle rungolle.<\/p>\n<p><strong> <\/strong><\/p>\n<h3>Tekniset tiedot:<\/h3>\n<ul>\n<li>V\u00e4rit: <a href=\"https:\/\/www.edelgran.eu\/toode\/dreamfire-kamado-comfy-black\/\">Musta<\/a>, <a href=\"https:\/\/www.edelgran.eu\/toode\/dreamfire-kamado-comfy-blue\/\">sininen<\/a>, <a href=\"https:\/\/www.edelgran.eu\/toode\/dreamfire-kamado-comfy-brick\/\">&#8221;Tellis&#8221;,<\/a> <a href=\"https:\/\/www.edelgran.eu\/toode\/dreamfire-kamado-comfy-gray\/\">harmaa<\/a> .<\/li>\n<li>Rungon vapaa tila: 56,5cm (22&#8243;)<\/li>\n<li>Rungon sis\u00e4halkaisija: 50cm (20&#8243;)<\/li>\n<li>Rungon halkaisija: 47cm (19&#8243;)<\/li>\n<li>Leivonta-alue yhdell\u00e4 tasolla: 1735 cm2<\/li>\n<li>Paistoala kahdessa tasossa LUX PRO -j\u00e4rjestelm\u00e4ll\u00e4: 3470 <sup>cm2<\/sup><\/li>\n<li>5 vuoden rajoitettu takuu<\/li>\n<li>Eksklusiivinen kuusikulmainen kuvio<\/li>\n<\/ul>\n","protected":false},"excerpt":{"rendered":"<p>Dreamfire Kamado Comfy Classic Black on Virossa suunniteltu ja kehitetty kamadogrilli, joka on luotu jokaisen puutarhan jalokiveksi. Comfy tarjoaa ainutlaatuisen muotoilun, modernin v\u00e4ripaletin ja poikkeuksellisen kokkauskokemuksen. Mehev\u00e4\u00e4 lihaa, karamellisoituja vihanneksia, rapeita leivonnaisia &#8211; Dreamfire Kamado Comfy Classic -grillin kanssa vain mielikuvituksesi on rajana!  <\/p>\n<p>Dreamfire Kamado Comfy Classic on t\u00e4ysin varusteltu kamado, mik\u00e4 tarkoittaa, ett\u00e4 sinun tarvitsee vain ostaa hiilt\u00e4 ja lihaa ja voit aloittaa grillaamisen. Siin\u00e4 on jo valmiiksi monivaiheinen kypsennysj\u00e4rjestelm\u00e4 diffuusoreilla, Meatspotter 100 Bluetooth-l\u00e4mp\u00f6mittari, sadesuoja, nuotiopaikka jne. Osta vain grilli ja olet valmis aloittamaan. <\/p>\n","protected":false},"featured_media":23296,"comment_status":"open","ping_status":"closed","template":"","meta":[],"product_brand":[192],"product_cat":[782,781],"product_tag":[],"class_list":{"0":"post-23295","1":"product","2":"type-product","3":"status-publish","4":"has-post-thumbnail","6":"product_brand-dreamfire","7":"product_cat-kamado-uunit","8":"product_cat-uunit","9":"product_shipping_class-ilmainen-toimitus","11":"first","12":"instock","13":"taxable","14":"shipping-taxable","15":"purchasable","16":"product-type-simple"},"yoast_head":"<!-- This site is optimized with the Yoast SEO plugin v27.4 - https:\/\/yoast.com\/product\/yoast-seo-wordpress\/ -->\n<title>Dreamfire\u00ae Kamado Comfy Black - BBQ \u00c4ssad%<\/title>\n<meta name=\"description\" content=\"Dreamfire Kamado Comfy Classic Black on Virossa suunniteltu kamadogrilli, joka tarjoaa ainutlaatuisen muotoilun ja poikkeuksellisen kokkauskokemuksen. T\u00e4ydellinen mihin tahansa puutarhaan.\" \/>\n<meta name=\"robots\" content=\"index, follow, max-snippet:-1, max-image-preview:large, max-video-preview:-1\" \/>\n<link rel=\"canonical\" href=\"https:\/\/bbqassad.ee\/fi\/toode\/dreamfire-kamado-comfy-musta\/\" \/>\n<meta property=\"og:locale\" content=\"fi_FI\" \/>\n<meta property=\"og:type\" content=\"article\" \/>\n<meta property=\"og:title\" content=\"Dreamfire\u00ae Kamado Comfy Black - BBQ \u00c4ssad%\" \/>\n<meta property=\"og:description\" content=\"Dreamfire Kamado Comfy Classic Black on Virossa suunniteltu kamadogrilli, joka tarjoaa ainutlaatuisen muotoilun ja poikkeuksellisen kokkauskokemuksen. T\u00e4ydellinen mihin tahansa puutarhaan.\" \/>\n<meta property=\"og:url\" content=\"https:\/\/bbqassad.ee\/fi\/toode\/dreamfire-kamado-comfy-musta\/\" \/>\n<meta property=\"og:site_name\" content=\"BBQ \u00c4ssad\" \/>\n<meta property=\"article:publisher\" content=\"https:\/\/www.facebook.com\/bbqassad\" \/>\n<meta property=\"article:modified_time\" content=\"2026-04-14T06:33:38+00:00\" \/>\n<meta property=\"og:image\" content=\"https:\/\/bbqassad.ee\/wp-content\/uploads\/2023\/09\/Dreamfire-Kamado-Comfy-Classic-Black-1.jpg\" \/>\n<meta name=\"twitter:card\" content=\"summary_large_image\" \/>\n<meta name=\"twitter:title\" content=\"Dreamfire\u00ae Kamado Comfy Black - BBQ \u00c4ssad%\" \/>\n<meta name=\"twitter:description\" content=\"Dreamfire Kamado Comfy Classic Black on Virossa suunniteltu kamadogrilli, joka tarjoaa ainutlaatuisen muotoilun ja poikkeuksellisen kokkauskokemuksen. T\u00e4ydellinen mihin tahansa puutarhaan.\" \/>\n<meta name=\"twitter:image\" content=\"https:\/\/bbqassad.ee\/wp-content\/uploads\/2023\/09\/Dreamfire-Kamado-Comfy-Classic-Black-1.jpg\" \/>\n<meta name=\"twitter:label1\" content=\"Arvioitu lukuaika\" \/>\n\t<meta name=\"twitter:data1\" content=\"4 minuuttia\" \/>\n<script type=\"application\/ld+json\" class=\"yoast-schema-graph\">{\"@context\":\"https:\\\/\\\/schema.org\",\"@graph\":[{\"@type\":\"WebPage\",\"@id\":\"https:\\\/\\\/bbqassad.ee\\\/fi\\\/toode\\\/dreamfire-kamado-comfy-musta\\\/\",\"url\":\"https:\\\/\\\/bbqassad.ee\\\/fi\\\/toode\\\/dreamfire-kamado-comfy-musta\\\/\",\"name\":\"Dreamfire\u00ae Kamado Comfy Black - BBQ \u00c4ssad%\",\"isPartOf\":{\"@id\":\"https:\\\/\\\/bbqassad.ee\\\/fi\\\/#website\"},\"primaryImageOfPage\":{\"@id\":\"https:\\\/\\\/bbqassad.ee\\\/fi\\\/toode\\\/dreamfire-kamado-comfy-musta\\\/#primaryimage\"},\"image\":{\"@id\":\"https:\\\/\\\/bbqassad.ee\\\/fi\\\/toode\\\/dreamfire-kamado-comfy-musta\\\/#primaryimage\"},\"thumbnailUrl\":\"https:\\\/\\\/bbqassad.ee\\\/wp-content\\\/uploads\\\/2023\\\/09\\\/Dreamfire-Kamado-Comfy-Classic-Black-1.jpg\",\"datePublished\":\"2023-09-27T11:49:26+00:00\",\"dateModified\":\"2026-04-14T06:33:38+00:00\",\"description\":\"Dreamfire Kamado Comfy Classic Black on Virossa suunniteltu kamadogrilli, joka tarjoaa ainutlaatuisen muotoilun ja poikkeuksellisen kokkauskokemuksen. T\u00e4ydellinen mihin tahansa puutarhaan.\",\"breadcrumb\":{\"@id\":\"https:\\\/\\\/bbqassad.ee\\\/fi\\\/toode\\\/dreamfire-kamado-comfy-musta\\\/#breadcrumb\"},\"inLanguage\":\"fi\",\"potentialAction\":[{\"@type\":\"ReadAction\",\"target\":[\"https:\\\/\\\/bbqassad.ee\\\/fi\\\/toode\\\/dreamfire-kamado-comfy-musta\\\/\"]}]},{\"@type\":\"ImageObject\",\"inLanguage\":\"fi\",\"@id\":\"https:\\\/\\\/bbqassad.ee\\\/fi\\\/toode\\\/dreamfire-kamado-comfy-musta\\\/#primaryimage\",\"url\":\"https:\\\/\\\/bbqassad.ee\\\/wp-content\\\/uploads\\\/2023\\\/09\\\/Dreamfire-Kamado-Comfy-Classic-Black-1.jpg\",\"contentUrl\":\"https:\\\/\\\/bbqassad.ee\\\/wp-content\\\/uploads\\\/2023\\\/09\\\/Dreamfire-Kamado-Comfy-Classic-Black-1.jpg\",\"width\":1500,\"height\":1500},{\"@type\":\"BreadcrumbList\",\"@id\":\"https:\\\/\\\/bbqassad.ee\\\/fi\\\/toode\\\/dreamfire-kamado-comfy-musta\\\/#breadcrumb\",\"itemListElement\":[{\"@type\":\"ListItem\",\"position\":1,\"name\":\"Home\",\"item\":\"https:\\\/\\\/bbqassad.ee\\\/fi\\\/bbq-assat\\\/\"},{\"@type\":\"ListItem\",\"position\":2,\"name\":\"Verkkokauppa\",\"item\":\"https:\\\/\\\/bbqassad.ee\\\/fi\\\/verkkokauppa\\\/\"},{\"@type\":\"ListItem\",\"position\":3,\"name\":\"Dreamfire\u00ae Kamado Comfy Musta\"}]},{\"@type\":\"WebSite\",\"@id\":\"https:\\\/\\\/bbqassad.ee\\\/fi\\\/#website\",\"url\":\"https:\\\/\\\/bbqassad.ee\\\/fi\\\/\",\"name\":\"BBQ \u00c4ssad\",\"description\":\"BBQ maitseained, kastmed, ahjud\",\"publisher\":{\"@id\":\"https:\\\/\\\/bbqassad.ee\\\/fi\\\/#organization\"},\"potentialAction\":[{\"@type\":\"SearchAction\",\"target\":{\"@type\":\"EntryPoint\",\"urlTemplate\":\"https:\\\/\\\/bbqassad.ee\\\/fi\\\/?s={search_term_string}\"},\"query-input\":{\"@type\":\"PropertyValueSpecification\",\"valueRequired\":true,\"valueName\":\"search_term_string\"}}],\"inLanguage\":\"fi\"},{\"@type\":\"Organization\",\"@id\":\"https:\\\/\\\/bbqassad.ee\\\/fi\\\/#organization\",\"name\":\"BBQ \u00c4ssad\",\"url\":\"https:\\\/\\\/bbqassad.ee\\\/fi\\\/\",\"logo\":{\"@type\":\"ImageObject\",\"inLanguage\":\"fi\",\"@id\":\"https:\\\/\\\/bbqassad.ee\\\/fi\\\/#\\\/schema\\\/logo\\\/image\\\/\",\"url\":\"https:\\\/\\\/bbqassad.ee\\\/wp-content\\\/uploads\\\/2022\\\/10\\\/BBQ-2ssadlogo.png\",\"contentUrl\":\"https:\\\/\\\/bbqassad.ee\\\/wp-content\\\/uploads\\\/2022\\\/10\\\/BBQ-2ssadlogo.png\",\"width\":1080,\"height\":1080,\"caption\":\"BBQ \u00c4ssad\"},\"image\":{\"@id\":\"https:\\\/\\\/bbqassad.ee\\\/fi\\\/#\\\/schema\\\/logo\\\/image\\\/\"},\"sameAs\":[\"https:\\\/\\\/www.facebook.com\\\/bbqassad\",\"https:\\\/\\\/www.youtube.com\\\/channel\\\/UCsoufn49J6TVi9Ah9meE93w\"]}]}<\/script>\n<!-- \/ Yoast SEO plugin. -->","yoast_head_json":{"title":"Dreamfire\u00ae Kamado Comfy Black - BBQ \u00c4ssad%","description":"Dreamfire Kamado Comfy Classic Black on Virossa suunniteltu kamadogrilli, joka tarjoaa ainutlaatuisen muotoilun ja poikkeuksellisen kokkauskokemuksen. T\u00e4ydellinen mihin tahansa puutarhaan.","robots":{"index":"index","follow":"follow","max-snippet":"max-snippet:-1","max-image-preview":"max-image-preview:large","max-video-preview":"max-video-preview:-1"},"canonical":"https:\/\/bbqassad.ee\/fi\/toode\/dreamfire-kamado-comfy-musta\/","og_locale":"fi_FI","og_type":"article","og_title":"Dreamfire\u00ae Kamado Comfy Black - BBQ \u00c4ssad%","og_description":"Dreamfire Kamado Comfy Classic Black on Virossa suunniteltu kamadogrilli, joka tarjoaa ainutlaatuisen muotoilun ja poikkeuksellisen kokkauskokemuksen. T\u00e4ydellinen mihin tahansa puutarhaan.","og_url":"https:\/\/bbqassad.ee\/fi\/toode\/dreamfire-kamado-comfy-musta\/","og_site_name":"BBQ \u00c4ssad","article_publisher":"https:\/\/www.facebook.com\/bbqassad","article_modified_time":"2026-04-14T06:33:38+00:00","og_image":[{"url":"https:\/\/bbqassad.ee\/wp-content\/uploads\/2023\/09\/Dreamfire-Kamado-Comfy-Classic-Black-1.jpg","type":"","width":"","height":""}],"twitter_card":"summary_large_image","twitter_title":"Dreamfire\u00ae Kamado Comfy Black - BBQ \u00c4ssad%","twitter_description":"Dreamfire Kamado Comfy Classic Black on Virossa suunniteltu kamadogrilli, joka tarjoaa ainutlaatuisen muotoilun ja poikkeuksellisen kokkauskokemuksen. T\u00e4ydellinen mihin tahansa puutarhaan.","twitter_image":"https:\/\/bbqassad.ee\/wp-content\/uploads\/2023\/09\/Dreamfire-Kamado-Comfy-Classic-Black-1.jpg","twitter_misc":{"Arvioitu lukuaika":"4 minuuttia"},"schema":{"@context":"https:\/\/schema.org","@graph":[{"@type":"WebPage","@id":"https:\/\/bbqassad.ee\/fi\/toode\/dreamfire-kamado-comfy-musta\/","url":"https:\/\/bbqassad.ee\/fi\/toode\/dreamfire-kamado-comfy-musta\/","name":"Dreamfire\u00ae Kamado Comfy Black - BBQ \u00c4ssad%","isPartOf":{"@id":"https:\/\/bbqassad.ee\/fi\/#website"},"primaryImageOfPage":{"@id":"https:\/\/bbqassad.ee\/fi\/toode\/dreamfire-kamado-comfy-musta\/#primaryimage"},"image":{"@id":"https:\/\/bbqassad.ee\/fi\/toode\/dreamfire-kamado-comfy-musta\/#primaryimage"},"thumbnailUrl":"https:\/\/bbqassad.ee\/wp-content\/uploads\/2023\/09\/Dreamfire-Kamado-Comfy-Classic-Black-1.jpg","datePublished":"2023-09-27T11:49:26+00:00","dateModified":"2026-04-14T06:33:38+00:00","description":"Dreamfire Kamado Comfy Classic Black on Virossa suunniteltu kamadogrilli, joka tarjoaa ainutlaatuisen muotoilun ja poikkeuksellisen kokkauskokemuksen. T\u00e4ydellinen mihin tahansa puutarhaan.","breadcrumb":{"@id":"https:\/\/bbqassad.ee\/fi\/toode\/dreamfire-kamado-comfy-musta\/#breadcrumb"},"inLanguage":"fi","potentialAction":[{"@type":"ReadAction","target":["https:\/\/bbqassad.ee\/fi\/toode\/dreamfire-kamado-comfy-musta\/"]}]},{"@type":"ImageObject","inLanguage":"fi","@id":"https:\/\/bbqassad.ee\/fi\/toode\/dreamfire-kamado-comfy-musta\/#primaryimage","url":"https:\/\/bbqassad.ee\/wp-content\/uploads\/2023\/09\/Dreamfire-Kamado-Comfy-Classic-Black-1.jpg","contentUrl":"https:\/\/bbqassad.ee\/wp-content\/uploads\/2023\/09\/Dreamfire-Kamado-Comfy-Classic-Black-1.jpg","width":1500,"height":1500},{"@type":"BreadcrumbList","@id":"https:\/\/bbqassad.ee\/fi\/toode\/dreamfire-kamado-comfy-musta\/#breadcrumb","itemListElement":[{"@type":"ListItem","position":1,"name":"Home","item":"https:\/\/bbqassad.ee\/fi\/bbq-assat\/"},{"@type":"ListItem","position":2,"name":"Verkkokauppa","item":"https:\/\/bbqassad.ee\/fi\/verkkokauppa\/"},{"@type":"ListItem","position":3,"name":"Dreamfire\u00ae Kamado Comfy Musta"}]},{"@type":"WebSite","@id":"https:\/\/bbqassad.ee\/fi\/#website","url":"https:\/\/bbqassad.ee\/fi\/","name":"BBQ \u00c4ssad","description":"BBQ maitseained, kastmed, ahjud","publisher":{"@id":"https:\/\/bbqassad.ee\/fi\/#organization"},"potentialAction":[{"@type":"SearchAction","target":{"@type":"EntryPoint","urlTemplate":"https:\/\/bbqassad.ee\/fi\/?s={search_term_string}"},"query-input":{"@type":"PropertyValueSpecification","valueRequired":true,"valueName":"search_term_string"}}],"inLanguage":"fi"},{"@type":"Organization","@id":"https:\/\/bbqassad.ee\/fi\/#organization","name":"BBQ \u00c4ssad","url":"https:\/\/bbqassad.ee\/fi\/","logo":{"@type":"ImageObject","inLanguage":"fi","@id":"https:\/\/bbqassad.ee\/fi\/#\/schema\/logo\/image\/","url":"https:\/\/bbqassad.ee\/wp-content\/uploads\/2022\/10\/BBQ-2ssadlogo.png","contentUrl":"https:\/\/bbqassad.ee\/wp-content\/uploads\/2022\/10\/BBQ-2ssadlogo.png","width":1080,"height":1080,"caption":"BBQ \u00c4ssad"},"image":{"@id":"https:\/\/bbqassad.ee\/fi\/#\/schema\/logo\/image\/"},"sameAs":["https:\/\/www.facebook.com\/bbqassad","https:\/\/www.youtube.com\/channel\/UCsoufn49J6TVi9Ah9meE93w"]}]}},"_links":{"self":[{"href":"https:\/\/bbqassad.ee\/fi\/wp-json\/wp\/v2\/product\/23295","targetHints":{"allow":["GET"]}}],"collection":[{"href":"https:\/\/bbqassad.ee\/fi\/wp-json\/wp\/v2\/product"}],"about":[{"href":"https:\/\/bbqassad.ee\/fi\/wp-json\/wp\/v2\/types\/product"}],"replies":[{"embeddable":true,"href":"https:\/\/bbqassad.ee\/fi\/wp-json\/wp\/v2\/comments?post=23295"}],"wp:featuredmedia":[{"embeddable":true,"href":"https:\/\/bbqassad.ee\/fi\/wp-json\/wp\/v2\/media\/23296"}],"wp:attachment":[{"href":"https:\/\/bbqassad.ee\/fi\/wp-json\/wp\/v2\/media?parent=23295"}],"wp:term":[{"taxonomy":"product_brand","embeddable":true,"href":"https:\/\/bbqassad.ee\/fi\/wp-json\/wp\/v2\/product_brand?post=23295"},{"taxonomy":"product_cat","embeddable":true,"href":"https:\/\/bbqassad.ee\/fi\/wp-json\/wp\/v2\/product_cat?post=23295"},{"taxonomy":"product_tag","embeddable":true,"href":"https:\/\/bbqassad.ee\/fi\/wp-json\/wp\/v2\/product_tag?post=23295"}],"curies":[{"name":"wp","href":"https:\/\/api.w.org\/{rel}","templated":true}]}}