{"id":23291,"date":"2023-09-27T11:51:42","date_gmt":"2023-09-27T11:51:42","guid":{"rendered":"https:\/\/bbqassad.ee\/toode\/dreamfire-kamado-trendy-home-stand-alone-2\/"},"modified":"2026-04-14T06:33:37","modified_gmt":"2026-04-14T06:33:37","slug":"dreamfire-kamado-trendy-home-stand-alone-2","status":"publish","type":"product","link":"https:\/\/bbqassad.ee\/fi\/toode\/dreamfire-kamado-trendy-home-stand-alone-2\/","title":{"rendered":"Dreamfire\u00ae Kamado Trendy Home -teline"},"content":{"rendered":"<p>Dreamfire Kamado Trendy Home on hintaluokassaan vertaansa vailla. T\u00e4ss\u00e4 on muutamia Trendy Home -mallin ominaisuuksia ja lis\u00e4varusteita: <\/p>\n<p><strong>Eritt\u00e4in paksu ruostumattomasta ter\u00e4ksest\u00e4 valmistettu ritil\u00e4 &#8211; <\/strong>Dreamfire Kamado Trendy Home -grilliss\u00e4 on eritt\u00e4in paksu ruostumattomasta ter\u00e4ksest\u00e4 valmistettu ritil\u00e4, joka k\u00e4ytt\u00e4ytyy kuin valurauta ja s\u00e4ilytt\u00e4\u00e4 l\u00e4mp\u00f6\u00e4. T\u00e4ll\u00e4 ritil\u00e4ll\u00e4 on eritt\u00e4in pitk\u00e4 k\u00e4ytt\u00f6ik\u00e4 paksun materiaalin ansiosta. Ruostumattomasta ter\u00e4ksest\u00e4 valmistettu ritil\u00e4 on helppo puhdistaa, eik\u00e4 se taivu tai sula.  <\/p>\n<p><strong>Ruostumattomasta ter\u00e4ksest\u00e4 valmistetut osat &#8211; <\/strong>Trendy Home kamadossa on korkealaatuisia 304-ruostumattomasta ter\u00e4ksest\u00e4 valmistettuja osia, mukaan lukien siivet, kahva ja metallivy\u00f6t. Ruostumattomasta ter\u00e4ksest\u00e4 valmistettujen osien ansiosta sinun ei tarvitse huolehtia siit\u00e4, ett\u00e4 kamadosi metalliosat ruostuvat jo muutaman kuukauden kuluttua. <\/p>\n<p><strong>Eritt\u00e4in paksu ja tiivis keramiikka &#8211; <\/strong>Dreamfire Kamado Trendy Home -grillin keraaminen runko on valmistettu eritt\u00e4in paksusta ja tiiviist\u00e4 keramiikasta, mik\u00e4 tekee Trendy Home -grillist\u00e4 erityisen kest\u00e4v\u00e4n ja pit\u00e4\u00e4 l\u00e4mp\u00f6\u00e4 paremmin kuin muut kamadogrillit. Paksu keramiikka pit\u00e4\u00e4 my\u00f6s grillin ulkopinnan viile\u00e4mp\u00e4n\u00e4 kuin metalligrillit, mik\u00e4 tekee kamadosta turvallisemman grillityypin. <\/p>\n<p><strong>Eritt\u00e4in tehokas tiivistys rungon ja kannen v\u00e4lill\u00e4 &#8211; <\/strong>Korkealaatuinen tiivistys tarkoittaa, ett\u00e4 kamado on t\u00e4ysin ilmatiivis vuosien ajan. Mit\u00e4 t\u00e4m\u00e4 tarkoittaa? Se tarkoittaa, ett\u00e4 grilliin syttyv\u00e4 tuli sammuu muutamassa minuutissa, kun suljet yl\u00e4- ja alatiivisteen &#8211; vertaansa vailla muiden johtavien kamadovalmistajien kanssa.  <\/p>\n<p><strong>Saatavilla laaja valikoima lis\u00e4varusteita &#8211; <\/strong>Dreamfire tarjoaa Dreamfire Kamado Trendy Home -grilliin laajan valikoiman lis\u00e4varusteita, jotka tekev\u00e4t grillauskokemuksestasi entist\u00e4kin paremman: grillausj\u00e4rjestelm\u00e4t, l\u00e4mp\u00f6mittarit, suojukset jne.<\/p>\n<h3>Tekniset tiedot:<\/h3>\n<ul>\n<li>V\u00e4ri: tummanvihre\u00e4<\/li>\n<li>Paistoalueen halkaisija: 37cm (14,5&#8243;)<\/li>\n<li>Grillin vapaa tila: 43cm (17&#8243;)<\/li>\n<li>Takuu enint\u00e4\u00e4n 2 vuotta<\/li>\n<\/ul>\n","protected":false},"excerpt":{"rendered":"<p>Kotik\u00e4ytt\u00f6\u00f6n soveltuva p\u00f6yt\u00e4grilli.<\/p>\n<p>Dreamfire Kamado Trendy Home on t\u00e4ydellinen valinta pienemmille perheille tai ryhmille. Trendy-sarja on suosituin takkasarjamme erinomaisen hinta-laatusuhteensa ansiosta. Trendy tarjoaa huippuluokan toiminnallisuutta ennenn\u00e4kem\u00e4tt\u00f6m\u00e4n yst\u00e4v\u00e4lliseen hintaan, joten se on ihanteellinen valinta useimmille kotik\u00e4ytt\u00e4jille.  <\/p>\n","protected":false},"featured_media":24691,"comment_status":"open","ping_status":"closed","template":"","meta":[],"product_brand":[],"product_cat":[781],"product_tag":[],"class_list":{"0":"post-23291","1":"product","2":"type-product","3":"status-publish","4":"has-post-thumbnail","6":"product_cat-uunit","7":"product_shipping_class-ilmainen-toimitus","9":"first","10":"outofstock","11":"taxable","12":"shipping-taxable","13":"purchasable","14":"product-type-simple"},"yoast_head":"<!-- This site is optimized with the Yoast SEO plugin v27.4 - https:\/\/yoast.com\/product\/yoast-seo-wordpress\/ -->\n<title>Dreamfire\u00ae Kamado Trendy kotigrilli - BBQ \u00c4ssad%<\/title>\n<meta name=\"description\" content=\"Dreamfire Kamado Trendy Home on ihanteellinen p\u00f6yt\u00e4grilli pienemmille perheille. Se tarjoaa erinomaista vastinetta rahalle ja toiminnallisuutta.\" \/>\n<meta name=\"robots\" content=\"index, follow, max-snippet:-1, max-image-preview:large, max-video-preview:-1\" \/>\n<link rel=\"canonical\" href=\"https:\/\/bbqassad.ee\/fi\/toode\/dreamfire-kamado-trendy-home-stand-alone-2\/\" \/>\n<meta property=\"og:locale\" content=\"fi_FI\" \/>\n<meta property=\"og:type\" content=\"article\" \/>\n<meta property=\"og:title\" content=\"Dreamfire\u00ae Kamado Trendy kotigrilli - BBQ \u00c4ssad%\" \/>\n<meta property=\"og:description\" content=\"Dreamfire Kamado Trendy Home on ihanteellinen p\u00f6yt\u00e4grilli pienemmille perheille. Se tarjoaa erinomaista vastinetta rahalle ja toiminnallisuutta.\" \/>\n<meta property=\"og:url\" content=\"https:\/\/bbqassad.ee\/fi\/toode\/dreamfire-kamado-trendy-home-stand-alone-2\/\" \/>\n<meta property=\"og:site_name\" content=\"BBQ \u00c4ssad\" \/>\n<meta property=\"article:publisher\" content=\"https:\/\/www.facebook.com\/bbqassad\" \/>\n<meta property=\"article:modified_time\" content=\"2026-04-14T06:33:37+00:00\" \/>\n<meta property=\"og:image\" content=\"https:\/\/bbqassad.ee\/wp-content\/uploads\/2023\/09\/Dreamfire-Trendy-Home.jpg\" \/>\n<meta name=\"twitter:card\" content=\"summary_large_image\" \/>\n<meta name=\"twitter:title\" content=\"Dreamfire\u00ae Kamado Trendy kotigrilli - BBQ \u00c4ssad%\" \/>\n<meta name=\"twitter:description\" content=\"Dreamfire Kamado Trendy Home on ihanteellinen p\u00f6yt\u00e4grilli pienemmille perheille. Se tarjoaa erinomaista vastinetta rahalle ja toiminnallisuutta.\" \/>\n<meta name=\"twitter:image\" content=\"https:\/\/bbqassad.ee\/wp-content\/uploads\/2023\/09\/Dreamfire-Trendy-Home.jpg\" \/>\n<meta name=\"twitter:label1\" content=\"Arvioitu lukuaika\" \/>\n\t<meta name=\"twitter:data1\" content=\"1 minuutti\" \/>\n<script type=\"application\/ld+json\" class=\"yoast-schema-graph\">{\"@context\":\"https:\\\/\\\/schema.org\",\"@graph\":[{\"@type\":\"WebPage\",\"@id\":\"https:\\\/\\\/bbqassad.ee\\\/fi\\\/toode\\\/dreamfire-kamado-trendy-home-stand-alone-2\\\/\",\"url\":\"https:\\\/\\\/bbqassad.ee\\\/fi\\\/toode\\\/dreamfire-kamado-trendy-home-stand-alone-2\\\/\",\"name\":\"Dreamfire\u00ae Kamado Trendy kotigrilli - BBQ \u00c4ssad%\",\"isPartOf\":{\"@id\":\"https:\\\/\\\/bbqassad.ee\\\/fi\\\/#website\"},\"primaryImageOfPage\":{\"@id\":\"https:\\\/\\\/bbqassad.ee\\\/fi\\\/toode\\\/dreamfire-kamado-trendy-home-stand-alone-2\\\/#primaryimage\"},\"image\":{\"@id\":\"https:\\\/\\\/bbqassad.ee\\\/fi\\\/toode\\\/dreamfire-kamado-trendy-home-stand-alone-2\\\/#primaryimage\"},\"thumbnailUrl\":\"https:\\\/\\\/bbqassad.ee\\\/wp-content\\\/uploads\\\/2023\\\/09\\\/Dreamfire-Trendy-Home.jpg\",\"datePublished\":\"2023-09-27T11:51:42+00:00\",\"dateModified\":\"2026-04-14T06:33:37+00:00\",\"description\":\"Dreamfire Kamado Trendy Home on ihanteellinen p\u00f6yt\u00e4grilli pienemmille perheille. Se tarjoaa erinomaista vastinetta rahalle ja toiminnallisuutta.\",\"breadcrumb\":{\"@id\":\"https:\\\/\\\/bbqassad.ee\\\/fi\\\/toode\\\/dreamfire-kamado-trendy-home-stand-alone-2\\\/#breadcrumb\"},\"inLanguage\":\"fi\",\"potentialAction\":[{\"@type\":\"ReadAction\",\"target\":[\"https:\\\/\\\/bbqassad.ee\\\/fi\\\/toode\\\/dreamfire-kamado-trendy-home-stand-alone-2\\\/\"]}]},{\"@type\":\"ImageObject\",\"inLanguage\":\"fi\",\"@id\":\"https:\\\/\\\/bbqassad.ee\\\/fi\\\/toode\\\/dreamfire-kamado-trendy-home-stand-alone-2\\\/#primaryimage\",\"url\":\"https:\\\/\\\/bbqassad.ee\\\/wp-content\\\/uploads\\\/2023\\\/09\\\/Dreamfire-Trendy-Home.jpg\",\"contentUrl\":\"https:\\\/\\\/bbqassad.ee\\\/wp-content\\\/uploads\\\/2023\\\/09\\\/Dreamfire-Trendy-Home.jpg\",\"width\":974,\"height\":974},{\"@type\":\"BreadcrumbList\",\"@id\":\"https:\\\/\\\/bbqassad.ee\\\/fi\\\/toode\\\/dreamfire-kamado-trendy-home-stand-alone-2\\\/#breadcrumb\",\"itemListElement\":[{\"@type\":\"ListItem\",\"position\":1,\"name\":\"Home\",\"item\":\"https:\\\/\\\/bbqassad.ee\\\/fi\\\/bbq-assat\\\/\"},{\"@type\":\"ListItem\",\"position\":2,\"name\":\"Verkkokauppa\",\"item\":\"https:\\\/\\\/bbqassad.ee\\\/fi\\\/verkkokauppa\\\/\"},{\"@type\":\"ListItem\",\"position\":3,\"name\":\"Dreamfire\u00ae Kamado Trendy Home -teline\"}]},{\"@type\":\"WebSite\",\"@id\":\"https:\\\/\\\/bbqassad.ee\\\/fi\\\/#website\",\"url\":\"https:\\\/\\\/bbqassad.ee\\\/fi\\\/\",\"name\":\"BBQ \u00c4ssad\",\"description\":\"BBQ maitseained, kastmed, ahjud\",\"publisher\":{\"@id\":\"https:\\\/\\\/bbqassad.ee\\\/fi\\\/#organization\"},\"potentialAction\":[{\"@type\":\"SearchAction\",\"target\":{\"@type\":\"EntryPoint\",\"urlTemplate\":\"https:\\\/\\\/bbqassad.ee\\\/fi\\\/?s={search_term_string}\"},\"query-input\":{\"@type\":\"PropertyValueSpecification\",\"valueRequired\":true,\"valueName\":\"search_term_string\"}}],\"inLanguage\":\"fi\"},{\"@type\":\"Organization\",\"@id\":\"https:\\\/\\\/bbqassad.ee\\\/fi\\\/#organization\",\"name\":\"BBQ \u00c4ssad\",\"url\":\"https:\\\/\\\/bbqassad.ee\\\/fi\\\/\",\"logo\":{\"@type\":\"ImageObject\",\"inLanguage\":\"fi\",\"@id\":\"https:\\\/\\\/bbqassad.ee\\\/fi\\\/#\\\/schema\\\/logo\\\/image\\\/\",\"url\":\"https:\\\/\\\/bbqassad.ee\\\/wp-content\\\/uploads\\\/2022\\\/10\\\/BBQ-2ssadlogo.png\",\"contentUrl\":\"https:\\\/\\\/bbqassad.ee\\\/wp-content\\\/uploads\\\/2022\\\/10\\\/BBQ-2ssadlogo.png\",\"width\":1080,\"height\":1080,\"caption\":\"BBQ \u00c4ssad\"},\"image\":{\"@id\":\"https:\\\/\\\/bbqassad.ee\\\/fi\\\/#\\\/schema\\\/logo\\\/image\\\/\"},\"sameAs\":[\"https:\\\/\\\/www.facebook.com\\\/bbqassad\",\"https:\\\/\\\/www.youtube.com\\\/channel\\\/UCsoufn49J6TVi9Ah9meE93w\"]}]}<\/script>\n<!-- \/ Yoast SEO plugin. -->","yoast_head_json":{"title":"Dreamfire\u00ae Kamado Trendy kotigrilli - BBQ \u00c4ssad%","description":"Dreamfire Kamado Trendy Home on ihanteellinen p\u00f6yt\u00e4grilli pienemmille perheille. Se tarjoaa erinomaista vastinetta rahalle ja toiminnallisuutta.","robots":{"index":"index","follow":"follow","max-snippet":"max-snippet:-1","max-image-preview":"max-image-preview:large","max-video-preview":"max-video-preview:-1"},"canonical":"https:\/\/bbqassad.ee\/fi\/toode\/dreamfire-kamado-trendy-home-stand-alone-2\/","og_locale":"fi_FI","og_type":"article","og_title":"Dreamfire\u00ae Kamado Trendy kotigrilli - BBQ \u00c4ssad%","og_description":"Dreamfire Kamado Trendy Home on ihanteellinen p\u00f6yt\u00e4grilli pienemmille perheille. Se tarjoaa erinomaista vastinetta rahalle ja toiminnallisuutta.","og_url":"https:\/\/bbqassad.ee\/fi\/toode\/dreamfire-kamado-trendy-home-stand-alone-2\/","og_site_name":"BBQ \u00c4ssad","article_publisher":"https:\/\/www.facebook.com\/bbqassad","article_modified_time":"2026-04-14T06:33:37+00:00","og_image":[{"url":"https:\/\/bbqassad.ee\/wp-content\/uploads\/2023\/09\/Dreamfire-Trendy-Home.jpg","type":"","width":"","height":""}],"twitter_card":"summary_large_image","twitter_title":"Dreamfire\u00ae Kamado Trendy kotigrilli - BBQ \u00c4ssad%","twitter_description":"Dreamfire Kamado Trendy Home on ihanteellinen p\u00f6yt\u00e4grilli pienemmille perheille. Se tarjoaa erinomaista vastinetta rahalle ja toiminnallisuutta.","twitter_image":"https:\/\/bbqassad.ee\/wp-content\/uploads\/2023\/09\/Dreamfire-Trendy-Home.jpg","twitter_misc":{"Arvioitu lukuaika":"1 minuutti"},"schema":{"@context":"https:\/\/schema.org","@graph":[{"@type":"WebPage","@id":"https:\/\/bbqassad.ee\/fi\/toode\/dreamfire-kamado-trendy-home-stand-alone-2\/","url":"https:\/\/bbqassad.ee\/fi\/toode\/dreamfire-kamado-trendy-home-stand-alone-2\/","name":"Dreamfire\u00ae Kamado Trendy kotigrilli - BBQ \u00c4ssad%","isPartOf":{"@id":"https:\/\/bbqassad.ee\/fi\/#website"},"primaryImageOfPage":{"@id":"https:\/\/bbqassad.ee\/fi\/toode\/dreamfire-kamado-trendy-home-stand-alone-2\/#primaryimage"},"image":{"@id":"https:\/\/bbqassad.ee\/fi\/toode\/dreamfire-kamado-trendy-home-stand-alone-2\/#primaryimage"},"thumbnailUrl":"https:\/\/bbqassad.ee\/wp-content\/uploads\/2023\/09\/Dreamfire-Trendy-Home.jpg","datePublished":"2023-09-27T11:51:42+00:00","dateModified":"2026-04-14T06:33:37+00:00","description":"Dreamfire Kamado Trendy Home on ihanteellinen p\u00f6yt\u00e4grilli pienemmille perheille. Se tarjoaa erinomaista vastinetta rahalle ja toiminnallisuutta.","breadcrumb":{"@id":"https:\/\/bbqassad.ee\/fi\/toode\/dreamfire-kamado-trendy-home-stand-alone-2\/#breadcrumb"},"inLanguage":"fi","potentialAction":[{"@type":"ReadAction","target":["https:\/\/bbqassad.ee\/fi\/toode\/dreamfire-kamado-trendy-home-stand-alone-2\/"]}]},{"@type":"ImageObject","inLanguage":"fi","@id":"https:\/\/bbqassad.ee\/fi\/toode\/dreamfire-kamado-trendy-home-stand-alone-2\/#primaryimage","url":"https:\/\/bbqassad.ee\/wp-content\/uploads\/2023\/09\/Dreamfire-Trendy-Home.jpg","contentUrl":"https:\/\/bbqassad.ee\/wp-content\/uploads\/2023\/09\/Dreamfire-Trendy-Home.jpg","width":974,"height":974},{"@type":"BreadcrumbList","@id":"https:\/\/bbqassad.ee\/fi\/toode\/dreamfire-kamado-trendy-home-stand-alone-2\/#breadcrumb","itemListElement":[{"@type":"ListItem","position":1,"name":"Home","item":"https:\/\/bbqassad.ee\/fi\/bbq-assat\/"},{"@type":"ListItem","position":2,"name":"Verkkokauppa","item":"https:\/\/bbqassad.ee\/fi\/verkkokauppa\/"},{"@type":"ListItem","position":3,"name":"Dreamfire\u00ae Kamado Trendy Home -teline"}]},{"@type":"WebSite","@id":"https:\/\/bbqassad.ee\/fi\/#website","url":"https:\/\/bbqassad.ee\/fi\/","name":"BBQ \u00c4ssad","description":"BBQ maitseained, kastmed, ahjud","publisher":{"@id":"https:\/\/bbqassad.ee\/fi\/#organization"},"potentialAction":[{"@type":"SearchAction","target":{"@type":"EntryPoint","urlTemplate":"https:\/\/bbqassad.ee\/fi\/?s={search_term_string}"},"query-input":{"@type":"PropertyValueSpecification","valueRequired":true,"valueName":"search_term_string"}}],"inLanguage":"fi"},{"@type":"Organization","@id":"https:\/\/bbqassad.ee\/fi\/#organization","name":"BBQ \u00c4ssad","url":"https:\/\/bbqassad.ee\/fi\/","logo":{"@type":"ImageObject","inLanguage":"fi","@id":"https:\/\/bbqassad.ee\/fi\/#\/schema\/logo\/image\/","url":"https:\/\/bbqassad.ee\/wp-content\/uploads\/2022\/10\/BBQ-2ssadlogo.png","contentUrl":"https:\/\/bbqassad.ee\/wp-content\/uploads\/2022\/10\/BBQ-2ssadlogo.png","width":1080,"height":1080,"caption":"BBQ \u00c4ssad"},"image":{"@id":"https:\/\/bbqassad.ee\/fi\/#\/schema\/logo\/image\/"},"sameAs":["https:\/\/www.facebook.com\/bbqassad","https:\/\/www.youtube.com\/channel\/UCsoufn49J6TVi9Ah9meE93w"]}]}},"_links":{"self":[{"href":"https:\/\/bbqassad.ee\/fi\/wp-json\/wp\/v2\/product\/23291","targetHints":{"allow":["GET"]}}],"collection":[{"href":"https:\/\/bbqassad.ee\/fi\/wp-json\/wp\/v2\/product"}],"about":[{"href":"https:\/\/bbqassad.ee\/fi\/wp-json\/wp\/v2\/types\/product"}],"replies":[{"embeddable":true,"href":"https:\/\/bbqassad.ee\/fi\/wp-json\/wp\/v2\/comments?post=23291"}],"wp:featuredmedia":[{"embeddable":true,"href":"https:\/\/bbqassad.ee\/fi\/wp-json\/wp\/v2\/media\/24691"}],"wp:attachment":[{"href":"https:\/\/bbqassad.ee\/fi\/wp-json\/wp\/v2\/media?parent=23291"}],"wp:term":[{"taxonomy":"product_brand","embeddable":true,"href":"https:\/\/bbqassad.ee\/fi\/wp-json\/wp\/v2\/product_brand?post=23291"},{"taxonomy":"product_cat","embeddable":true,"href":"https:\/\/bbqassad.ee\/fi\/wp-json\/wp\/v2\/product_cat?post=23291"},{"taxonomy":"product_tag","embeddable":true,"href":"https:\/\/bbqassad.ee\/fi\/wp-json\/wp\/v2\/product_tag?post=23291"}],"curies":[{"name":"wp","href":"https:\/\/api.w.org\/{rel}","templated":true}]}}