{"id":23264,"date":"2023-09-27T11:53:16","date_gmt":"2023-09-27T11:53:16","guid":{"rendered":"https:\/\/bbqassad.ee\/toode\/dreamfire-valurautainen-kattila-kannella-4l\/"},"modified":"2026-04-14T06:33:36","modified_gmt":"2026-04-14T06:33:36","slug":"dreamfire-valurautainen-kattila-kannella-4l","status":"publish","type":"product","link":"https:\/\/bbqassad.ee\/fi\/toode\/dreamfire-valurautainen-kattila-kannella-4l\/","title":{"rendered":"Dreamfire\u00ae valurautainen kattila kannella 4L"},"content":{"rendered":"<h2>Dreamfire\u00ae valurautainen kattila kannella 4L<\/h2>\n<h3>Nastojen k\u00e4ytt\u00f6:<\/h3>\n<p>Se, ett\u00e4 ne ovat elinik\u00e4inen investointi, tekee niist\u00e4 omat suosikkimme. Valurauta sopii paremmin uuniin, liedelle (my\u00f6s induktioliedelle) ja grilliin kuin esimerkiksi lasiesineet. Lasiset ja keraamiset kattilat, pannut ja muotit kest\u00e4v\u00e4t jopa 250 \u00b0C:n l\u00e4mp\u00f6tiloja, mutta valurautapannut kest\u00e4v\u00e4t jopa 600 \u00b0C:n l\u00e4mp\u00f6tiloja. Niit\u00e4 voidaan k\u00e4ytt\u00e4\u00e4 my\u00f6s induktiol\u00e4mmityksess\u00e4 ja induktiokeitt\u00e4misess\u00e4. Koska valurauta j\u00e4\u00e4htyy hitaasti, se sopii erinomaisesti jo kypsennettyjen ruokien l\u00e4mpim\u00e4n\u00e4 pit\u00e4miseen. Koska valurautapannut jakavat l\u00e4mp\u00f6tilan tasaisesti, on my\u00f6s hieman vaikeampaa kypsent\u00e4\u00e4 ruoan pohjaa.    <\/p>\n<p><strong>Koska valurauta ei kuitenkaan ole niin yleist\u00e4, luetellaan joitakin sen k\u00e4ytt\u00f6\u00f6n liittyvi\u00e4 yleisimpi\u00e4 ongelmia.<\/strong><\/p>\n<p>Ensimm\u00e4inen yleinen myytti on, ett\u00e4 valurautaa ei voi koskaan pest\u00e4 pesuaineilla. Onneksi asia ei ole niin paha &#8211; pieni m\u00e4\u00e4r\u00e4 pesuainetta ei vahingoita valurautaa, mutta liioittelemaan ei kannata ryhty\u00e4. Suosittelemme ekologisia pesuaineita hyvin likaiseen valurautaan, sill\u00e4 ne eiv\u00e4t vahingoita valuraudan suojaavaa \u00f6ljykerrosta. Voit my\u00f6s hangata valurautaan tarttuneet ruokaj\u00e4tteet suolalla. Yleens\u00e4 valurauta kannattaa puhdistaa paperipyyhkeill\u00e4 tai huuhtelemalla veden alla.    <\/p>\n<p>Suosittelemme, ett\u00e4 valurauta j\u00e4\u00e4htyy hieman ennen puhdistusta, sill\u00e4 valurauta voi rikkoutua \u00e4killisist\u00e4 l\u00e4mp\u00f6tilan muutoksista johtuen. T\u00e4m\u00e4 kannattaa pit\u00e4\u00e4 mieless\u00e4 my\u00f6s ruoanlaitossa &#8211; kuumaan kattilaan ei saa laittaa kylm\u00e4\u00e4 nestett\u00e4. <\/p>\n<h3>Malmin kunnossapito:<\/h3>\n<p>On totta, ett\u00e4 valurautaa on aika ajoin hoidettava. Jos huomaat, ett\u00e4 valurauta on kuiva pesun j\u00e4lkeen, hiero siihen pieni m\u00e4\u00e4r\u00e4 l\u00e4mmint\u00e4 \u00f6ljy\u00e4 tai rasvaa. Hyvin hoidettuna valurauta kiilt\u00e4\u00e4 lempe\u00e4sti, mutta ei ole \u00f6ljyinen. Jos n\u00e4in ei tehd\u00e4, on olemassa vaara, ett\u00e4 valurauta ruostuu pitk\u00e4n seisomisen j\u00e4lkeen.   <\/p>\n<p>Jos valurautapata kuitenkin ruostuu, se on puhdistettava ja voideltava uudelleen \u00f6ljyll\u00e4 tai rasvalla (esim. sialla).<\/p>\n<p>Mallastettu sianliha on aina l\u00e4mmitett\u00e4v\u00e4 ennen paistamista. L\u00e4mp\u00f6tilaa voi testata parilla pisaralla vett\u00e4 &#8211; jos vesi alkaa kuplia ja poreilla, kuumuus on riitt\u00e4v\u00e4 ja astia on valmis k\u00e4ytett\u00e4v\u00e4ksi. jos vesi kuitenkin haihtuu heti, l\u00e4mp\u00f6tila on liian korkea ja l\u00e4mp\u00f6\u00e4 on v\u00e4hennett\u00e4v\u00e4, jotta valurauta ehtii j\u00e4\u00e4hty\u00e4 riitt\u00e4v\u00e4sti. <\/p>\n<h3>Mit\u00e4 v\u00e4ltt\u00e4\u00e4:<\/h3>\n<p>&#8211; Ruokaa ei saa j\u00e4tt\u00e4\u00e4 valurautapannuun pitk\u00e4ksi aikaa. Erityisesti happamat ruoat.<br \/>\n&#8211; \u00c4l\u00e4 s\u00e4ilyt\u00e4 valurautaa kosteana ruostumisen est\u00e4miseksi<br \/>\n&#8211; Kylm\u00e4n veden kaataminen kuumaan valurautapataan. <\/p>\n","protected":false},"excerpt":{"rendered":"<p>Dreamfire-valurautapata kannella. Kantta voidaan k\u00e4ytt\u00e4\u00e4 erillisen\u00e4 kattilana. Voidaan k\u00e4ytt\u00e4\u00e4 grilli-, kaasu-, keraamisella, s\u00e4hk\u00f6-, halogeeni-, puu- ja induktioliedell\u00e4. Halkaisija 26cm, korkeus 8cm, tilavuus 4L.   <\/p>\n","protected":false},"featured_media":23265,"comment_status":"open","ping_status":"closed","template":"","meta":[],"product_brand":[],"product_cat":[784],"product_tag":[],"class_list":{"0":"post-23264","1":"product","2":"type-product","3":"status-publish","4":"has-post-thumbnail","6":"product_cat-tarvikkeet","8":"first","9":"instock","10":"taxable","11":"shipping-taxable","12":"purchasable","13":"product-type-simple"},"yoast_head":"<!-- This site is optimized with the Yoast SEO plugin v27.4 - https:\/\/yoast.com\/product\/yoast-seo-wordpress\/ -->\n<title>Dreamfire\u00ae valurautainen kattila kannella 4L - BBQ \u00c4ssad<\/title>\n<meta name=\"description\" content=\"Dreamfire\u00ae valurautapata kannella 4L - kantta voidaan k\u00e4ytt\u00e4\u00e4 erillisen\u00e4 kattilana. Sopii grilleihin ja useimpiin liesiin (kaasu, keraaminen, s\u00e4hk\u00f6 jne.).\" \/>\n<meta name=\"robots\" content=\"index, follow, max-snippet:-1, max-image-preview:large, max-video-preview:-1\" \/>\n<link rel=\"canonical\" href=\"https:\/\/bbqassad.ee\/fi\/toode\/dreamfire-valurautainen-kattila-kannella-4l\/\" \/>\n<meta property=\"og:locale\" content=\"fi_FI\" \/>\n<meta property=\"og:type\" content=\"article\" \/>\n<meta property=\"og:title\" content=\"Dreamfire\u00ae valurautainen kattila kannella 4L\" \/>\n<meta property=\"og:description\" content=\"Dreamfire\u00ae valurautapata kannella 4L - kantta voidaan k\u00e4ytt\u00e4\u00e4 erillisen\u00e4 kattilana. Sopii grilleihin ja useimpiin liesiin (kaasu, keraaminen, s\u00e4hk\u00f6 jne.).\" \/>\n<meta property=\"og:url\" content=\"https:\/\/bbqassad.ee\/fi\/toode\/dreamfire-valurautainen-kattila-kannella-4l\/\" \/>\n<meta property=\"og:site_name\" content=\"BBQ \u00c4ssad\" \/>\n<meta property=\"article:publisher\" content=\"https:\/\/www.facebook.com\/bbqassad\" \/>\n<meta property=\"article:modified_time\" content=\"2026-04-14T06:33:36+00:00\" \/>\n<meta property=\"og:image\" content=\"https:\/\/bbqassad.ee\/wp-content\/uploads\/2023\/09\/15620-300x300.jpg\" \/>\n<meta name=\"twitter:card\" content=\"summary_large_image\" \/>\n<meta name=\"twitter:label1\" content=\"Arvioitu lukuaika\" \/>\n\t<meta name=\"twitter:data1\" content=\"2 minuuttia\" \/>\n<script type=\"application\/ld+json\" class=\"yoast-schema-graph\">{\"@context\":\"https:\\\/\\\/schema.org\",\"@graph\":[{\"@type\":\"WebPage\",\"@id\":\"https:\\\/\\\/bbqassad.ee\\\/fi\\\/toode\\\/dreamfire-valurautainen-kattila-kannella-4l\\\/\",\"url\":\"https:\\\/\\\/bbqassad.ee\\\/fi\\\/toode\\\/dreamfire-valurautainen-kattila-kannella-4l\\\/\",\"name\":\"Dreamfire\u00ae valurautainen kattila kannella 4L - BBQ \u00c4ssad\",\"isPartOf\":{\"@id\":\"https:\\\/\\\/bbqassad.ee\\\/fi\\\/#website\"},\"primaryImageOfPage\":{\"@id\":\"https:\\\/\\\/bbqassad.ee\\\/fi\\\/toode\\\/dreamfire-valurautainen-kattila-kannella-4l\\\/#primaryimage\"},\"image\":{\"@id\":\"https:\\\/\\\/bbqassad.ee\\\/fi\\\/toode\\\/dreamfire-valurautainen-kattila-kannella-4l\\\/#primaryimage\"},\"thumbnailUrl\":\"https:\\\/\\\/bbqassad.ee\\\/wp-content\\\/uploads\\\/2023\\\/09\\\/15620.jpg\",\"datePublished\":\"2023-09-27T11:53:16+00:00\",\"dateModified\":\"2026-04-14T06:33:36+00:00\",\"description\":\"Dreamfire\u00ae valurautapata kannella 4L - kantta voidaan k\u00e4ytt\u00e4\u00e4 erillisen\u00e4 kattilana. Sopii grilleihin ja useimpiin liesiin (kaasu, keraaminen, s\u00e4hk\u00f6 jne.).\",\"breadcrumb\":{\"@id\":\"https:\\\/\\\/bbqassad.ee\\\/fi\\\/toode\\\/dreamfire-valurautainen-kattila-kannella-4l\\\/#breadcrumb\"},\"inLanguage\":\"fi\",\"potentialAction\":[{\"@type\":\"ReadAction\",\"target\":[\"https:\\\/\\\/bbqassad.ee\\\/fi\\\/toode\\\/dreamfire-valurautainen-kattila-kannella-4l\\\/\"]}]},{\"@type\":\"ImageObject\",\"inLanguage\":\"fi\",\"@id\":\"https:\\\/\\\/bbqassad.ee\\\/fi\\\/toode\\\/dreamfire-valurautainen-kattila-kannella-4l\\\/#primaryimage\",\"url\":\"https:\\\/\\\/bbqassad.ee\\\/wp-content\\\/uploads\\\/2023\\\/09\\\/15620.jpg\",\"contentUrl\":\"https:\\\/\\\/bbqassad.ee\\\/wp-content\\\/uploads\\\/2023\\\/09\\\/15620.jpg\",\"width\":1000,\"height\":1000,\"caption\":\"Dreamfire\u00ae malmist pott kaanega 4L\"},{\"@type\":\"BreadcrumbList\",\"@id\":\"https:\\\/\\\/bbqassad.ee\\\/fi\\\/toode\\\/dreamfire-valurautainen-kattila-kannella-4l\\\/#breadcrumb\",\"itemListElement\":[{\"@type\":\"ListItem\",\"position\":1,\"name\":\"Home\",\"item\":\"https:\\\/\\\/bbqassad.ee\\\/fi\\\/bbq-assat\\\/\"},{\"@type\":\"ListItem\",\"position\":2,\"name\":\"Verkkokauppa\",\"item\":\"https:\\\/\\\/bbqassad.ee\\\/fi\\\/verkkokauppa\\\/\"},{\"@type\":\"ListItem\",\"position\":3,\"name\":\"Dreamfire\u00ae valurautainen kattila kannella 4L\"}]},{\"@type\":\"WebSite\",\"@id\":\"https:\\\/\\\/bbqassad.ee\\\/fi\\\/#website\",\"url\":\"https:\\\/\\\/bbqassad.ee\\\/fi\\\/\",\"name\":\"BBQ \u00c4ssad\",\"description\":\"BBQ maitseained, kastmed, ahjud\",\"publisher\":{\"@id\":\"https:\\\/\\\/bbqassad.ee\\\/fi\\\/#organization\"},\"potentialAction\":[{\"@type\":\"SearchAction\",\"target\":{\"@type\":\"EntryPoint\",\"urlTemplate\":\"https:\\\/\\\/bbqassad.ee\\\/fi\\\/?s={search_term_string}\"},\"query-input\":{\"@type\":\"PropertyValueSpecification\",\"valueRequired\":true,\"valueName\":\"search_term_string\"}}],\"inLanguage\":\"fi\"},{\"@type\":\"Organization\",\"@id\":\"https:\\\/\\\/bbqassad.ee\\\/fi\\\/#organization\",\"name\":\"BBQ \u00c4ssad\",\"url\":\"https:\\\/\\\/bbqassad.ee\\\/fi\\\/\",\"logo\":{\"@type\":\"ImageObject\",\"inLanguage\":\"fi\",\"@id\":\"https:\\\/\\\/bbqassad.ee\\\/fi\\\/#\\\/schema\\\/logo\\\/image\\\/\",\"url\":\"https:\\\/\\\/bbqassad.ee\\\/wp-content\\\/uploads\\\/2022\\\/10\\\/BBQ-2ssadlogo.png\",\"contentUrl\":\"https:\\\/\\\/bbqassad.ee\\\/wp-content\\\/uploads\\\/2022\\\/10\\\/BBQ-2ssadlogo.png\",\"width\":1080,\"height\":1080,\"caption\":\"BBQ \u00c4ssad\"},\"image\":{\"@id\":\"https:\\\/\\\/bbqassad.ee\\\/fi\\\/#\\\/schema\\\/logo\\\/image\\\/\"},\"sameAs\":[\"https:\\\/\\\/www.facebook.com\\\/bbqassad\",\"https:\\\/\\\/www.youtube.com\\\/channel\\\/UCsoufn49J6TVi9Ah9meE93w\"]}]}<\/script>\n<!-- \/ Yoast SEO plugin. -->","yoast_head_json":{"title":"Dreamfire\u00ae valurautainen kattila kannella 4L - BBQ \u00c4ssad","description":"Dreamfire\u00ae valurautapata kannella 4L - kantta voidaan k\u00e4ytt\u00e4\u00e4 erillisen\u00e4 kattilana. Sopii grilleihin ja useimpiin liesiin (kaasu, keraaminen, s\u00e4hk\u00f6 jne.).","robots":{"index":"index","follow":"follow","max-snippet":"max-snippet:-1","max-image-preview":"max-image-preview:large","max-video-preview":"max-video-preview:-1"},"canonical":"https:\/\/bbqassad.ee\/fi\/toode\/dreamfire-valurautainen-kattila-kannella-4l\/","og_locale":"fi_FI","og_type":"article","og_title":"Dreamfire\u00ae valurautainen kattila kannella 4L","og_description":"Dreamfire\u00ae valurautapata kannella 4L - kantta voidaan k\u00e4ytt\u00e4\u00e4 erillisen\u00e4 kattilana. Sopii grilleihin ja useimpiin liesiin (kaasu, keraaminen, s\u00e4hk\u00f6 jne.).","og_url":"https:\/\/bbqassad.ee\/fi\/toode\/dreamfire-valurautainen-kattila-kannella-4l\/","og_site_name":"BBQ \u00c4ssad","article_publisher":"https:\/\/www.facebook.com\/bbqassad","article_modified_time":"2026-04-14T06:33:36+00:00","og_image":[{"url":"https:\/\/bbqassad.ee\/wp-content\/uploads\/2023\/09\/15620-300x300.jpg","type":"","width":"","height":""}],"twitter_card":"summary_large_image","twitter_misc":{"Arvioitu lukuaika":"2 minuuttia"},"schema":{"@context":"https:\/\/schema.org","@graph":[{"@type":"WebPage","@id":"https:\/\/bbqassad.ee\/fi\/toode\/dreamfire-valurautainen-kattila-kannella-4l\/","url":"https:\/\/bbqassad.ee\/fi\/toode\/dreamfire-valurautainen-kattila-kannella-4l\/","name":"Dreamfire\u00ae valurautainen kattila kannella 4L - BBQ \u00c4ssad","isPartOf":{"@id":"https:\/\/bbqassad.ee\/fi\/#website"},"primaryImageOfPage":{"@id":"https:\/\/bbqassad.ee\/fi\/toode\/dreamfire-valurautainen-kattila-kannella-4l\/#primaryimage"},"image":{"@id":"https:\/\/bbqassad.ee\/fi\/toode\/dreamfire-valurautainen-kattila-kannella-4l\/#primaryimage"},"thumbnailUrl":"https:\/\/bbqassad.ee\/wp-content\/uploads\/2023\/09\/15620.jpg","datePublished":"2023-09-27T11:53:16+00:00","dateModified":"2026-04-14T06:33:36+00:00","description":"Dreamfire\u00ae valurautapata kannella 4L - kantta voidaan k\u00e4ytt\u00e4\u00e4 erillisen\u00e4 kattilana. Sopii grilleihin ja useimpiin liesiin (kaasu, keraaminen, s\u00e4hk\u00f6 jne.).","breadcrumb":{"@id":"https:\/\/bbqassad.ee\/fi\/toode\/dreamfire-valurautainen-kattila-kannella-4l\/#breadcrumb"},"inLanguage":"fi","potentialAction":[{"@type":"ReadAction","target":["https:\/\/bbqassad.ee\/fi\/toode\/dreamfire-valurautainen-kattila-kannella-4l\/"]}]},{"@type":"ImageObject","inLanguage":"fi","@id":"https:\/\/bbqassad.ee\/fi\/toode\/dreamfire-valurautainen-kattila-kannella-4l\/#primaryimage","url":"https:\/\/bbqassad.ee\/wp-content\/uploads\/2023\/09\/15620.jpg","contentUrl":"https:\/\/bbqassad.ee\/wp-content\/uploads\/2023\/09\/15620.jpg","width":1000,"height":1000,"caption":"Dreamfire\u00ae malmist pott kaanega 4L"},{"@type":"BreadcrumbList","@id":"https:\/\/bbqassad.ee\/fi\/toode\/dreamfire-valurautainen-kattila-kannella-4l\/#breadcrumb","itemListElement":[{"@type":"ListItem","position":1,"name":"Home","item":"https:\/\/bbqassad.ee\/fi\/bbq-assat\/"},{"@type":"ListItem","position":2,"name":"Verkkokauppa","item":"https:\/\/bbqassad.ee\/fi\/verkkokauppa\/"},{"@type":"ListItem","position":3,"name":"Dreamfire\u00ae valurautainen kattila kannella 4L"}]},{"@type":"WebSite","@id":"https:\/\/bbqassad.ee\/fi\/#website","url":"https:\/\/bbqassad.ee\/fi\/","name":"BBQ \u00c4ssad","description":"BBQ maitseained, kastmed, ahjud","publisher":{"@id":"https:\/\/bbqassad.ee\/fi\/#organization"},"potentialAction":[{"@type":"SearchAction","target":{"@type":"EntryPoint","urlTemplate":"https:\/\/bbqassad.ee\/fi\/?s={search_term_string}"},"query-input":{"@type":"PropertyValueSpecification","valueRequired":true,"valueName":"search_term_string"}}],"inLanguage":"fi"},{"@type":"Organization","@id":"https:\/\/bbqassad.ee\/fi\/#organization","name":"BBQ \u00c4ssad","url":"https:\/\/bbqassad.ee\/fi\/","logo":{"@type":"ImageObject","inLanguage":"fi","@id":"https:\/\/bbqassad.ee\/fi\/#\/schema\/logo\/image\/","url":"https:\/\/bbqassad.ee\/wp-content\/uploads\/2022\/10\/BBQ-2ssadlogo.png","contentUrl":"https:\/\/bbqassad.ee\/wp-content\/uploads\/2022\/10\/BBQ-2ssadlogo.png","width":1080,"height":1080,"caption":"BBQ \u00c4ssad"},"image":{"@id":"https:\/\/bbqassad.ee\/fi\/#\/schema\/logo\/image\/"},"sameAs":["https:\/\/www.facebook.com\/bbqassad","https:\/\/www.youtube.com\/channel\/UCsoufn49J6TVi9Ah9meE93w"]}]}},"_links":{"self":[{"href":"https:\/\/bbqassad.ee\/fi\/wp-json\/wp\/v2\/product\/23264","targetHints":{"allow":["GET"]}}],"collection":[{"href":"https:\/\/bbqassad.ee\/fi\/wp-json\/wp\/v2\/product"}],"about":[{"href":"https:\/\/bbqassad.ee\/fi\/wp-json\/wp\/v2\/types\/product"}],"replies":[{"embeddable":true,"href":"https:\/\/bbqassad.ee\/fi\/wp-json\/wp\/v2\/comments?post=23264"}],"wp:featuredmedia":[{"embeddable":true,"href":"https:\/\/bbqassad.ee\/fi\/wp-json\/wp\/v2\/media\/23265"}],"wp:attachment":[{"href":"https:\/\/bbqassad.ee\/fi\/wp-json\/wp\/v2\/media?parent=23264"}],"wp:term":[{"taxonomy":"product_brand","embeddable":true,"href":"https:\/\/bbqassad.ee\/fi\/wp-json\/wp\/v2\/product_brand?post=23264"},{"taxonomy":"product_cat","embeddable":true,"href":"https:\/\/bbqassad.ee\/fi\/wp-json\/wp\/v2\/product_cat?post=23264"},{"taxonomy":"product_tag","embeddable":true,"href":"https:\/\/bbqassad.ee\/fi\/wp-json\/wp\/v2\/product_tag?post=23264"}],"curies":[{"name":"wp","href":"https:\/\/api.w.org\/{rel}","templated":true}]}}