{"id":23258,"date":"2023-09-27T11:53:34","date_gmt":"2023-09-27T11:53:34","guid":{"rendered":"https:\/\/bbqassad.ee\/toode\/dreamfire-meatspotter-taitettava-2-in-1-infrapuna-ja-nopeuslampomittari\/"},"modified":"2026-04-14T06:33:36","modified_gmt":"2026-04-14T06:33:36","slug":"dreamfire-meatspotter-taitettava-2-in-1-infrapuna-ja-nopeuslampomittari","status":"publish","type":"product","link":"https:\/\/bbqassad.ee\/fi\/toode\/dreamfire-meatspotter-taitettava-2-in-1-infrapuna-ja-nopeuslampomittari\/","title":{"rendered":"Dreamfire\u00ae Meatspotter Taitettava 2-in-1 infrapuna- ja nopeusl\u00e4mp\u00f6mittari."},"content":{"rendered":"<h2>Dreamfire\u00ae Meatspotter Taitettava 2-in-1 infrapuna- ja nopeusl\u00e4mp\u00f6mittari.<\/h2>\n<p>Dreamfire\u00ae Meatspotter Foldable 2-in-1 -infrapuna- ja nopeal\u00e4mp\u00f6mittari on paras ty\u00f6kalu jokaiselle kotikokille. L\u00e4mp\u00f6mittarissa on sis\u00e4\u00e4nrakennettu infrapunapintal\u00e4mp\u00f6tila-anturi ja kokoontaitettava anturi, joka n\u00e4ytt\u00e4\u00e4 nopeasti ja tarkasti ruoan l\u00e4mp\u00f6tilan. <\/p>\n<p>Helppolukuisen LCD-n\u00e4yt\u00f6n avulla on helppo tarkistaa l\u00e4mp\u00f6tila nopeasti ja varmistaa t\u00e4ydelliset tulokset. T\u00e4m\u00e4 pienikokoinen ja k\u00e4tev\u00e4 l\u00e4mp\u00f6mittari on ehdoton hankinta kaikille, jotka rakastavat ruoanlaittoa. <\/p>\n<p>Anturin mittausnopeus: ~3-4 sekuntia<br \/>\nAnturin toiminta-alue: -30\u00b0C-300\u00b0C.<br \/>\nAnturin tarkkuus: +-1\u00b0C v\u00e4lill\u00e4 0-100\u00b0C. Alueen ulkopuolella tarkkuus ~3\u00b0C.<br \/>\nInfrapuna-anturin toiminta-alue: -50\u00b0C &#8211; 380\u00b0C.<br \/>\nInfrapuna-anturin tarkkuus: +-3\u00b0C &lt;50\u00b0C. &gt;50\u00b0C +-2\u00b0C.<br \/>\nL\u00e4mp\u00f6mittarin vedenkest\u00e4vyysluokka: IP54. <\/p>\n<h3>Infrapunal\u00e4mp\u00f6mittarin k\u00e4ytt\u00f6<\/h3>\n<p>Infrapunal\u00e4mp\u00f6mittari toimii vain, kun anturi on suljetussa asennossa. Kytke l\u00e4mp\u00f6mittari p\u00e4\u00e4lle painamalla IR-painiketta. Pid\u00e4 painike painettuna, jotta l\u00e4mp\u00f6mittari mittaa l\u00e4mp\u00f6tilan. Kun vapautat painikkeen, l\u00e4mp\u00f6mittari n\u00e4ytt\u00e4\u00e4 viimeksi mitatun l\u00e4mp\u00f6tilan 15 sekunnin ajan, mink\u00e4 j\u00e4lkeen n\u00e4ytt\u00f6 sammuu.<br \/>\nL\u00e4mp\u00f6mittarin infrapuna-anturissa on 5:1-suhde, mik\u00e4 tarkoittaa, ett\u00e4 mitattaessa 5 cm:n et\u00e4isyydelt\u00e4 l\u00e4mp\u00f6mittari mittaa halkaisijaltaan 1 cm:n alueen l\u00e4mp\u00f6tilan. Kun mitataan 10 cm:n et\u00e4isyydelt\u00e4, l\u00e4mp\u00f6mittari mittaa 2 cm:n alueen l\u00e4mp\u00f6tilan ja niin edelleen. Mit\u00e4 l\u00e4hemp\u00e4\u00e4 l\u00e4mp\u00f6tila mitataan, sit\u00e4 tarkempi l\u00e4mp\u00f6mittari on. L\u00e4mp\u00f6mittarin tarkkuus riippuu my\u00f6s l\u00e4mp\u00f6mittaria ymp\u00e4r\u00f6iv\u00e4n ilman l\u00e4mp\u00f6tilasta &#8211; mit\u00e4 pienempi ero ulkoilman ja mitattavan pinnan v\u00e4lill\u00e4 on, sit\u00e4 tarkempi l\u00e4mp\u00f6mittari on.<br \/>\nHUOM! L\u00e4mp\u00f6mittaria ei ole tarkoitettu kehon l\u00e4mp\u00f6tilan mittaamiseen.       <\/p>\n<h3>Taitettavan anturin k\u00e4ytt\u00f6<\/h3>\n<p>Avaa anturi ja ty\u00f6nn\u00e4 anturin k\u00e4rki mitattavan elintarvikkeen keskelle. Odota muutama sekunti tarkan l\u00e4mp\u00f6tilalukeman saamiseksi. HUOMAUTUS: Mit\u00e4 suurempi ero ulkol\u00e4mp\u00f6tilan ja elintarvikkeen l\u00e4mp\u00f6tilan v\u00e4lill\u00e4 on, sit\u00e4 kauemmin tarkan lukeman saaminen kest\u00e4\u00e4.<br \/>\nL\u00e4mp\u00f6mittarin n\u00e4yt\u00f6n taustavalo palaa 30 sekunnin ajan. L\u00e4mp\u00f6mittari sammuu itsest\u00e4\u00e4n 3 minuutin kuluttua. Jos haluat kytke\u00e4 l\u00e4mp\u00f6mittarin uudelleen p\u00e4\u00e4lle, paina Mode-painiketta.     <\/p>\n<h3>Puhdistus<\/h3>\n<p>Puhdista l\u00e4mp\u00f6mittari s\u00e4\u00e4nn\u00f6llisesti. Infrapunal\u00e4mp\u00f6mittarin anturi on eritt\u00e4in herkk\u00e4, ja se on aina pidett\u00e4v\u00e4 puhtaana. K\u00e4yt\u00e4 sen puhdistamiseen pehme\u00e4\u00e4 puuvillasta tai vastaavasta valmistettua puhdistusliinaa.  <\/p>\n<p>&nbsp;<\/p>\n","protected":false},"excerpt":{"rendered":"<p>Dreamfire Meatspotter Foldable 2-in-1 -lihal\u00e4mp\u00f6mittari on paras ty\u00f6kalu jokaiselle kotikokille. L\u00e4mp\u00f6mittarissa on sis\u00e4\u00e4nrakennettu infrapunapintal\u00e4mp\u00f6tila-anturi ja kokoontaitettava anturi, joka n\u00e4ytt\u00e4\u00e4 nopeasti ja tarkasti ruoan l\u00e4mp\u00f6tilan. <\/p>\n<p>Helppolukuisen LCD-n\u00e4yt\u00f6n avulla on helppo tarkistaa l\u00e4mp\u00f6tila nopeasti ja varmistaa t\u00e4ydelliset tulokset. T\u00e4m\u00e4 pienikokoinen ja k\u00e4tev\u00e4 l\u00e4mp\u00f6mittari on ehdoton hankinta kaikille, jotka rakastavat ruoanlaittoa. <\/p>\n","protected":false},"featured_media":23259,"comment_status":"open","ping_status":"closed","template":"","meta":[],"product_brand":[192],"product_cat":[801,784],"product_tag":[],"class_list":{"0":"post-23258","1":"product","2":"type-product","3":"status-publish","4":"has-post-thumbnail","6":"product_brand-dreamfire","7":"product_cat-soodus","8":"product_cat-tarvikkeet","10":"first","11":"instock","12":"taxable","13":"shipping-taxable","14":"purchasable","15":"product-type-simple"},"yoast_head":"<!-- This site is optimized with the Yoast SEO plugin v27.4 - https:\/\/yoast.com\/product\/yoast-seo-wordpress\/ -->\n<title>Dreamfire\u00ae Meatspotter Taitettava 2-in-1 infrapuna- ja nopeusl\u00e4mp\u00f6mittari. - BBQ \u00c4ssad<\/title>\n<meta name=\"description\" content=\"Dreamfire Meatspotter kokoontaitettava 2-in-1-l\u00e4mp\u00f6mittari - infrapunal\u00e4mp\u00f6tila + s\u00e4teilyanturi sis\u00e4l\u00e4mp\u00f6tilaa varten. Nopea mittaus, kokoontaitettava muotoilu\" \/>\n<meta name=\"robots\" content=\"index, follow, max-snippet:-1, max-image-preview:large, max-video-preview:-1\" \/>\n<link rel=\"canonical\" href=\"https:\/\/bbqassad.ee\/fi\/toode\/dreamfire-meatspotter-taitettava-2-in-1-infrapuna-ja-nopeuslampomittari\/\" \/>\n<meta property=\"og:locale\" content=\"fi_FI\" \/>\n<meta property=\"og:type\" content=\"article\" \/>\n<meta property=\"og:title\" content=\"Dreamfire\u00ae Meatspotter Taitettava 2-in-1 infrapuna- ja nopeusl\u00e4mp\u00f6mittari.\" \/>\n<meta property=\"og:description\" content=\"Dreamfire Meatspotter kokoontaitettava 2-in-1-l\u00e4mp\u00f6mittari - infrapunal\u00e4mp\u00f6tila + s\u00e4teilyanturi sis\u00e4l\u00e4mp\u00f6tilaa varten. Nopea mittaus, kokoontaitettava muotoilu ja tarkka valvonta grilliss\u00e4.\" \/>\n<meta property=\"og:url\" content=\"https:\/\/bbqassad.ee\/fi\/toode\/dreamfire-meatspotter-taitettava-2-in-1-infrapuna-ja-nopeuslampomittari\/\" \/>\n<meta property=\"og:site_name\" content=\"BBQ \u00c4ssad\" \/>\n<meta property=\"article:publisher\" content=\"https:\/\/www.facebook.com\/bbqassad\" \/>\n<meta property=\"article:modified_time\" content=\"2026-04-14T06:33:36+00:00\" \/>\n<meta property=\"og:image\" content=\"https:\/\/bbqassad.ee\/wp-content\/uploads\/2023\/09\/Dreamfire-2-in-1-Foldable-Probe-Thermometer-scaled-1-1024x783.jpg\" \/>\n<meta name=\"twitter:card\" content=\"summary_large_image\" \/>\n<meta name=\"twitter:label1\" content=\"Arvioitu lukuaika\" \/>\n\t<meta name=\"twitter:data1\" content=\"2 minuuttia\" \/>\n<script type=\"application\/ld+json\" class=\"yoast-schema-graph\">{\"@context\":\"https:\\\/\\\/schema.org\",\"@graph\":[{\"@type\":\"WebPage\",\"@id\":\"https:\\\/\\\/bbqassad.ee\\\/fi\\\/toode\\\/dreamfire-meatspotter-taitettava-2-in-1-infrapuna-ja-nopeuslampomittari\\\/\",\"url\":\"https:\\\/\\\/bbqassad.ee\\\/fi\\\/toode\\\/dreamfire-meatspotter-taitettava-2-in-1-infrapuna-ja-nopeuslampomittari\\\/\",\"name\":\"Dreamfire\u00ae Meatspotter Taitettava 2-in-1 infrapuna- ja nopeusl\u00e4mp\u00f6mittari. - BBQ \u00c4ssad\",\"isPartOf\":{\"@id\":\"https:\\\/\\\/bbqassad.ee\\\/fi\\\/#website\"},\"primaryImageOfPage\":{\"@id\":\"https:\\\/\\\/bbqassad.ee\\\/fi\\\/toode\\\/dreamfire-meatspotter-taitettava-2-in-1-infrapuna-ja-nopeuslampomittari\\\/#primaryimage\"},\"image\":{\"@id\":\"https:\\\/\\\/bbqassad.ee\\\/fi\\\/toode\\\/dreamfire-meatspotter-taitettava-2-in-1-infrapuna-ja-nopeuslampomittari\\\/#primaryimage\"},\"thumbnailUrl\":\"https:\\\/\\\/bbqassad.ee\\\/wp-content\\\/uploads\\\/2023\\\/09\\\/Dreamfire-2-in-1-Foldable-Probe-Thermometer-scaled-1.jpg\",\"datePublished\":\"2023-09-27T11:53:34+00:00\",\"dateModified\":\"2026-04-14T06:33:36+00:00\",\"description\":\"Dreamfire Meatspotter kokoontaitettava 2-in-1-l\u00e4mp\u00f6mittari - infrapunal\u00e4mp\u00f6tila + s\u00e4teilyanturi sis\u00e4l\u00e4mp\u00f6tilaa varten. Nopea mittaus, kokoontaitettava muotoilu\",\"breadcrumb\":{\"@id\":\"https:\\\/\\\/bbqassad.ee\\\/fi\\\/toode\\\/dreamfire-meatspotter-taitettava-2-in-1-infrapuna-ja-nopeuslampomittari\\\/#breadcrumb\"},\"inLanguage\":\"fi\",\"potentialAction\":[{\"@type\":\"ReadAction\",\"target\":[\"https:\\\/\\\/bbqassad.ee\\\/fi\\\/toode\\\/dreamfire-meatspotter-taitettava-2-in-1-infrapuna-ja-nopeuslampomittari\\\/\"]}]},{\"@type\":\"ImageObject\",\"inLanguage\":\"fi\",\"@id\":\"https:\\\/\\\/bbqassad.ee\\\/fi\\\/toode\\\/dreamfire-meatspotter-taitettava-2-in-1-infrapuna-ja-nopeuslampomittari\\\/#primaryimage\",\"url\":\"https:\\\/\\\/bbqassad.ee\\\/wp-content\\\/uploads\\\/2023\\\/09\\\/Dreamfire-2-in-1-Foldable-Probe-Thermometer-scaled-1.jpg\",\"contentUrl\":\"https:\\\/\\\/bbqassad.ee\\\/wp-content\\\/uploads\\\/2023\\\/09\\\/Dreamfire-2-in-1-Foldable-Probe-Thermometer-scaled-1.jpg\",\"width\":1920,\"height\":1469,\"caption\":\"Dreamfire\u00ae Meatspotter Foldable 2-in-1 infrapuna ja kiirtermomeeter\"},{\"@type\":\"BreadcrumbList\",\"@id\":\"https:\\\/\\\/bbqassad.ee\\\/fi\\\/toode\\\/dreamfire-meatspotter-taitettava-2-in-1-infrapuna-ja-nopeuslampomittari\\\/#breadcrumb\",\"itemListElement\":[{\"@type\":\"ListItem\",\"position\":1,\"name\":\"Home\",\"item\":\"https:\\\/\\\/bbqassad.ee\\\/fi\\\/bbq-assat\\\/\"},{\"@type\":\"ListItem\",\"position\":2,\"name\":\"Verkkokauppa\",\"item\":\"https:\\\/\\\/bbqassad.ee\\\/fi\\\/verkkokauppa\\\/\"},{\"@type\":\"ListItem\",\"position\":3,\"name\":\"Dreamfire\u00ae Meatspotter Taitettava 2-in-1 infrapuna- ja nopeusl\u00e4mp\u00f6mittari.\"}]},{\"@type\":\"WebSite\",\"@id\":\"https:\\\/\\\/bbqassad.ee\\\/fi\\\/#website\",\"url\":\"https:\\\/\\\/bbqassad.ee\\\/fi\\\/\",\"name\":\"BBQ \u00c4ssad\",\"description\":\"BBQ maitseained, kastmed, ahjud\",\"publisher\":{\"@id\":\"https:\\\/\\\/bbqassad.ee\\\/fi\\\/#organization\"},\"potentialAction\":[{\"@type\":\"SearchAction\",\"target\":{\"@type\":\"EntryPoint\",\"urlTemplate\":\"https:\\\/\\\/bbqassad.ee\\\/fi\\\/?s={search_term_string}\"},\"query-input\":{\"@type\":\"PropertyValueSpecification\",\"valueRequired\":true,\"valueName\":\"search_term_string\"}}],\"inLanguage\":\"fi\"},{\"@type\":\"Organization\",\"@id\":\"https:\\\/\\\/bbqassad.ee\\\/fi\\\/#organization\",\"name\":\"BBQ \u00c4ssad\",\"url\":\"https:\\\/\\\/bbqassad.ee\\\/fi\\\/\",\"logo\":{\"@type\":\"ImageObject\",\"inLanguage\":\"fi\",\"@id\":\"https:\\\/\\\/bbqassad.ee\\\/fi\\\/#\\\/schema\\\/logo\\\/image\\\/\",\"url\":\"https:\\\/\\\/bbqassad.ee\\\/wp-content\\\/uploads\\\/2022\\\/10\\\/BBQ-2ssadlogo.png\",\"contentUrl\":\"https:\\\/\\\/bbqassad.ee\\\/wp-content\\\/uploads\\\/2022\\\/10\\\/BBQ-2ssadlogo.png\",\"width\":1080,\"height\":1080,\"caption\":\"BBQ \u00c4ssad\"},\"image\":{\"@id\":\"https:\\\/\\\/bbqassad.ee\\\/fi\\\/#\\\/schema\\\/logo\\\/image\\\/\"},\"sameAs\":[\"https:\\\/\\\/www.facebook.com\\\/bbqassad\",\"https:\\\/\\\/www.youtube.com\\\/channel\\\/UCsoufn49J6TVi9Ah9meE93w\"]}]}<\/script>\n<!-- \/ Yoast SEO plugin. -->","yoast_head_json":{"title":"Dreamfire\u00ae Meatspotter Taitettava 2-in-1 infrapuna- ja nopeusl\u00e4mp\u00f6mittari. - BBQ \u00c4ssad","description":"Dreamfire Meatspotter kokoontaitettava 2-in-1-l\u00e4mp\u00f6mittari - infrapunal\u00e4mp\u00f6tila + s\u00e4teilyanturi sis\u00e4l\u00e4mp\u00f6tilaa varten. Nopea mittaus, kokoontaitettava muotoilu","robots":{"index":"index","follow":"follow","max-snippet":"max-snippet:-1","max-image-preview":"max-image-preview:large","max-video-preview":"max-video-preview:-1"},"canonical":"https:\/\/bbqassad.ee\/fi\/toode\/dreamfire-meatspotter-taitettava-2-in-1-infrapuna-ja-nopeuslampomittari\/","og_locale":"fi_FI","og_type":"article","og_title":"Dreamfire\u00ae Meatspotter Taitettava 2-in-1 infrapuna- ja nopeusl\u00e4mp\u00f6mittari.","og_description":"Dreamfire Meatspotter kokoontaitettava 2-in-1-l\u00e4mp\u00f6mittari - infrapunal\u00e4mp\u00f6tila + s\u00e4teilyanturi sis\u00e4l\u00e4mp\u00f6tilaa varten. Nopea mittaus, kokoontaitettava muotoilu ja tarkka valvonta grilliss\u00e4.","og_url":"https:\/\/bbqassad.ee\/fi\/toode\/dreamfire-meatspotter-taitettava-2-in-1-infrapuna-ja-nopeuslampomittari\/","og_site_name":"BBQ \u00c4ssad","article_publisher":"https:\/\/www.facebook.com\/bbqassad","article_modified_time":"2026-04-14T06:33:36+00:00","og_image":[{"url":"https:\/\/bbqassad.ee\/wp-content\/uploads\/2023\/09\/Dreamfire-2-in-1-Foldable-Probe-Thermometer-scaled-1-1024x783.jpg","type":"","width":"","height":""}],"twitter_card":"summary_large_image","twitter_misc":{"Arvioitu lukuaika":"2 minuuttia"},"schema":{"@context":"https:\/\/schema.org","@graph":[{"@type":"WebPage","@id":"https:\/\/bbqassad.ee\/fi\/toode\/dreamfire-meatspotter-taitettava-2-in-1-infrapuna-ja-nopeuslampomittari\/","url":"https:\/\/bbqassad.ee\/fi\/toode\/dreamfire-meatspotter-taitettava-2-in-1-infrapuna-ja-nopeuslampomittari\/","name":"Dreamfire\u00ae Meatspotter Taitettava 2-in-1 infrapuna- ja nopeusl\u00e4mp\u00f6mittari. - BBQ \u00c4ssad","isPartOf":{"@id":"https:\/\/bbqassad.ee\/fi\/#website"},"primaryImageOfPage":{"@id":"https:\/\/bbqassad.ee\/fi\/toode\/dreamfire-meatspotter-taitettava-2-in-1-infrapuna-ja-nopeuslampomittari\/#primaryimage"},"image":{"@id":"https:\/\/bbqassad.ee\/fi\/toode\/dreamfire-meatspotter-taitettava-2-in-1-infrapuna-ja-nopeuslampomittari\/#primaryimage"},"thumbnailUrl":"https:\/\/bbqassad.ee\/wp-content\/uploads\/2023\/09\/Dreamfire-2-in-1-Foldable-Probe-Thermometer-scaled-1.jpg","datePublished":"2023-09-27T11:53:34+00:00","dateModified":"2026-04-14T06:33:36+00:00","description":"Dreamfire Meatspotter kokoontaitettava 2-in-1-l\u00e4mp\u00f6mittari - infrapunal\u00e4mp\u00f6tila + s\u00e4teilyanturi sis\u00e4l\u00e4mp\u00f6tilaa varten. Nopea mittaus, kokoontaitettava muotoilu","breadcrumb":{"@id":"https:\/\/bbqassad.ee\/fi\/toode\/dreamfire-meatspotter-taitettava-2-in-1-infrapuna-ja-nopeuslampomittari\/#breadcrumb"},"inLanguage":"fi","potentialAction":[{"@type":"ReadAction","target":["https:\/\/bbqassad.ee\/fi\/toode\/dreamfire-meatspotter-taitettava-2-in-1-infrapuna-ja-nopeuslampomittari\/"]}]},{"@type":"ImageObject","inLanguage":"fi","@id":"https:\/\/bbqassad.ee\/fi\/toode\/dreamfire-meatspotter-taitettava-2-in-1-infrapuna-ja-nopeuslampomittari\/#primaryimage","url":"https:\/\/bbqassad.ee\/wp-content\/uploads\/2023\/09\/Dreamfire-2-in-1-Foldable-Probe-Thermometer-scaled-1.jpg","contentUrl":"https:\/\/bbqassad.ee\/wp-content\/uploads\/2023\/09\/Dreamfire-2-in-1-Foldable-Probe-Thermometer-scaled-1.jpg","width":1920,"height":1469,"caption":"Dreamfire\u00ae Meatspotter Foldable 2-in-1 infrapuna ja kiirtermomeeter"},{"@type":"BreadcrumbList","@id":"https:\/\/bbqassad.ee\/fi\/toode\/dreamfire-meatspotter-taitettava-2-in-1-infrapuna-ja-nopeuslampomittari\/#breadcrumb","itemListElement":[{"@type":"ListItem","position":1,"name":"Home","item":"https:\/\/bbqassad.ee\/fi\/bbq-assat\/"},{"@type":"ListItem","position":2,"name":"Verkkokauppa","item":"https:\/\/bbqassad.ee\/fi\/verkkokauppa\/"},{"@type":"ListItem","position":3,"name":"Dreamfire\u00ae Meatspotter Taitettava 2-in-1 infrapuna- ja nopeusl\u00e4mp\u00f6mittari."}]},{"@type":"WebSite","@id":"https:\/\/bbqassad.ee\/fi\/#website","url":"https:\/\/bbqassad.ee\/fi\/","name":"BBQ \u00c4ssad","description":"BBQ maitseained, kastmed, ahjud","publisher":{"@id":"https:\/\/bbqassad.ee\/fi\/#organization"},"potentialAction":[{"@type":"SearchAction","target":{"@type":"EntryPoint","urlTemplate":"https:\/\/bbqassad.ee\/fi\/?s={search_term_string}"},"query-input":{"@type":"PropertyValueSpecification","valueRequired":true,"valueName":"search_term_string"}}],"inLanguage":"fi"},{"@type":"Organization","@id":"https:\/\/bbqassad.ee\/fi\/#organization","name":"BBQ \u00c4ssad","url":"https:\/\/bbqassad.ee\/fi\/","logo":{"@type":"ImageObject","inLanguage":"fi","@id":"https:\/\/bbqassad.ee\/fi\/#\/schema\/logo\/image\/","url":"https:\/\/bbqassad.ee\/wp-content\/uploads\/2022\/10\/BBQ-2ssadlogo.png","contentUrl":"https:\/\/bbqassad.ee\/wp-content\/uploads\/2022\/10\/BBQ-2ssadlogo.png","width":1080,"height":1080,"caption":"BBQ \u00c4ssad"},"image":{"@id":"https:\/\/bbqassad.ee\/fi\/#\/schema\/logo\/image\/"},"sameAs":["https:\/\/www.facebook.com\/bbqassad","https:\/\/www.youtube.com\/channel\/UCsoufn49J6TVi9Ah9meE93w"]}]}},"_links":{"self":[{"href":"https:\/\/bbqassad.ee\/fi\/wp-json\/wp\/v2\/product\/23258","targetHints":{"allow":["GET"]}}],"collection":[{"href":"https:\/\/bbqassad.ee\/fi\/wp-json\/wp\/v2\/product"}],"about":[{"href":"https:\/\/bbqassad.ee\/fi\/wp-json\/wp\/v2\/types\/product"}],"replies":[{"embeddable":true,"href":"https:\/\/bbqassad.ee\/fi\/wp-json\/wp\/v2\/comments?post=23258"}],"wp:featuredmedia":[{"embeddable":true,"href":"https:\/\/bbqassad.ee\/fi\/wp-json\/wp\/v2\/media\/23259"}],"wp:attachment":[{"href":"https:\/\/bbqassad.ee\/fi\/wp-json\/wp\/v2\/media?parent=23258"}],"wp:term":[{"taxonomy":"product_brand","embeddable":true,"href":"https:\/\/bbqassad.ee\/fi\/wp-json\/wp\/v2\/product_brand?post=23258"},{"taxonomy":"product_cat","embeddable":true,"href":"https:\/\/bbqassad.ee\/fi\/wp-json\/wp\/v2\/product_cat?post=23258"},{"taxonomy":"product_tag","embeddable":true,"href":"https:\/\/bbqassad.ee\/fi\/wp-json\/wp\/v2\/product_tag?post=23258"}],"curies":[{"name":"wp","href":"https:\/\/api.w.org\/{rel}","templated":true}]}}