{"id":23246,"date":"2023-09-27T11:53:54","date_gmt":"2023-09-27T11:53:54","guid":{"rendered":"https:\/\/bbqassad.ee\/toode\/feuermeister-punaiset-premium-bbq-kasineet-elainnahkaa-1-pari-koko-12\/"},"modified":"2026-04-14T06:33:35","modified_gmt":"2026-04-14T06:33:35","slug":"feuermeister-punaiset-premium-bbq-kasineet-elainnahkaa-1-pari-koko-12","status":"publish","type":"product","link":"https:\/\/bbqassad.ee\/fi\/toode\/feuermeister-punaiset-premium-bbq-kasineet-elainnahkaa-1-pari-koko-12\/","title":{"rendered":"FEUERMEISTER\u00ae punaiset Premium BBQ-k\u00e4sineet, el\u00e4innahkaa, 1 pari, koko. 12"},"content":{"rendered":"","protected":false},"excerpt":{"rendered":"<p>Sertifioidut l\u00e4mp\u00f6suojatut grillik\u00e4sineet, koko 12. Monik\u00e4ytt\u00f6iset kuumuutta kest\u00e4v\u00e4t k\u00e4sineet, voidaan k\u00e4ytt\u00e4\u00e4 uuni- tai liesik\u00e4sinein\u00e4 sek\u00e4 leivontaan, grillaukseen. <\/p>\n","protected":false},"featured_media":22922,"comment_status":"open","ping_status":"closed","template":"","meta":[],"product_brand":[],"product_cat":[784],"product_tag":[],"class_list":{"0":"post-23246","1":"product","2":"type-product","3":"status-publish","4":"has-post-thumbnail","6":"product_cat-tarvikkeet","8":"first","9":"instock","10":"taxable","11":"shipping-taxable","12":"purchasable","13":"product-type-simple"},"yoast_head":"<!-- This site is optimized with the Yoast SEO plugin v27.4 - https:\/\/yoast.com\/product\/yoast-seo-wordpress\/ -->\n<title>FEUERMEISTER\u00ae red Premium BBQ k\u00e4sineet - BBQ \u00c4ssad%<\/title>\n<meta name=\"description\" content=\"FEUERMEISTER\u00ae red premium BBQ-k\u00e4sineet - sertifioidut kuumuutta kest\u00e4v\u00e4t k\u00e4sineet, joissa on tukeva ote ja mukava istuvuus.\" \/>\n<meta name=\"robots\" content=\"index, follow, max-snippet:-1, max-image-preview:large, max-video-preview:-1\" \/>\n<link rel=\"canonical\" href=\"https:\/\/bbqassad.ee\/fi\/toode\/feuermeister-punaiset-premium-bbq-kasineet-elainnahkaa-1-pari-koko-12\/\" \/>\n<meta property=\"og:locale\" content=\"fi_FI\" \/>\n<meta property=\"og:type\" content=\"article\" \/>\n<meta property=\"og:title\" content=\"FEUERMEISTER\u00ae punainen Premium BBQ grillik\u00e4sineet\" \/>\n<meta property=\"og:description\" content=\"FEUERMEISTER\u00ae red premium BBQ-k\u00e4sineet - sertifioidut kuumuutta kest\u00e4v\u00e4t k\u00e4sineet, joissa on tukeva ote ja mukava istuvuus.\" \/>\n<meta property=\"og:url\" content=\"https:\/\/bbqassad.ee\/fi\/toode\/feuermeister-punaiset-premium-bbq-kasineet-elainnahkaa-1-pari-koko-12\/\" \/>\n<meta property=\"og:site_name\" content=\"BBQ \u00c4ssad\" \/>\n<meta property=\"article:publisher\" content=\"https:\/\/www.facebook.com\/bbqassad\" \/>\n<meta property=\"article:modified_time\" content=\"2026-04-14T06:33:35+00:00\" \/>\n<meta property=\"og:image\" content=\"https:\/\/bbqassad.ee\/wp-content\/uploads\/2023\/09\/FM50173613B-1024x764.jpg\" \/>\n<meta name=\"twitter:card\" content=\"summary_large_image\" \/>\n<script type=\"application\/ld+json\" class=\"yoast-schema-graph\">{\"@context\":\"https:\\\/\\\/schema.org\",\"@graph\":[{\"@type\":\"WebPage\",\"@id\":\"https:\\\/\\\/bbqassad.ee\\\/fi\\\/toode\\\/feuermeister-punaiset-premium-bbq-kasineet-elainnahkaa-1-pari-koko-12\\\/\",\"url\":\"https:\\\/\\\/bbqassad.ee\\\/fi\\\/toode\\\/feuermeister-punaiset-premium-bbq-kasineet-elainnahkaa-1-pari-koko-12\\\/\",\"name\":\"FEUERMEISTER\u00ae red Premium BBQ k\u00e4sineet - BBQ \u00c4ssad%\",\"isPartOf\":{\"@id\":\"https:\\\/\\\/bbqassad.ee\\\/fi\\\/#website\"},\"primaryImageOfPage\":{\"@id\":\"https:\\\/\\\/bbqassad.ee\\\/fi\\\/toode\\\/feuermeister-punaiset-premium-bbq-kasineet-elainnahkaa-1-pari-koko-12\\\/#primaryimage\"},\"image\":{\"@id\":\"https:\\\/\\\/bbqassad.ee\\\/fi\\\/toode\\\/feuermeister-punaiset-premium-bbq-kasineet-elainnahkaa-1-pari-koko-12\\\/#primaryimage\"},\"thumbnailUrl\":\"https:\\\/\\\/bbqassad.ee\\\/wp-content\\\/uploads\\\/2023\\\/09\\\/FM50173613B.jpg\",\"datePublished\":\"2023-09-27T11:53:54+00:00\",\"dateModified\":\"2026-04-14T06:33:35+00:00\",\"description\":\"FEUERMEISTER\u00ae red premium BBQ-k\u00e4sineet - sertifioidut kuumuutta kest\u00e4v\u00e4t k\u00e4sineet, joissa on tukeva ote ja mukava istuvuus.\",\"breadcrumb\":{\"@id\":\"https:\\\/\\\/bbqassad.ee\\\/fi\\\/toode\\\/feuermeister-punaiset-premium-bbq-kasineet-elainnahkaa-1-pari-koko-12\\\/#breadcrumb\"},\"inLanguage\":\"fi\",\"potentialAction\":[{\"@type\":\"ReadAction\",\"target\":[\"https:\\\/\\\/bbqassad.ee\\\/fi\\\/toode\\\/feuermeister-punaiset-premium-bbq-kasineet-elainnahkaa-1-pari-koko-12\\\/\"]}]},{\"@type\":\"ImageObject\",\"inLanguage\":\"fi\",\"@id\":\"https:\\\/\\\/bbqassad.ee\\\/fi\\\/toode\\\/feuermeister-punaiset-premium-bbq-kasineet-elainnahkaa-1-pari-koko-12\\\/#primaryimage\",\"url\":\"https:\\\/\\\/bbqassad.ee\\\/wp-content\\\/uploads\\\/2023\\\/09\\\/FM50173613B.jpg\",\"contentUrl\":\"https:\\\/\\\/bbqassad.ee\\\/wp-content\\\/uploads\\\/2023\\\/09\\\/FM50173613B.jpg\",\"width\":1920,\"height\":1433,\"caption\":\"FEUERMEISTER\u00ae punainen Premium BBQ grillik\u00e4sineet\"},{\"@type\":\"BreadcrumbList\",\"@id\":\"https:\\\/\\\/bbqassad.ee\\\/fi\\\/toode\\\/feuermeister-punaiset-premium-bbq-kasineet-elainnahkaa-1-pari-koko-12\\\/#breadcrumb\",\"itemListElement\":[{\"@type\":\"ListItem\",\"position\":1,\"name\":\"Home\",\"item\":\"https:\\\/\\\/bbqassad.ee\\\/fi\\\/bbq-assat\\\/\"},{\"@type\":\"ListItem\",\"position\":2,\"name\":\"Verkkokauppa\",\"item\":\"https:\\\/\\\/bbqassad.ee\\\/fi\\\/verkkokauppa\\\/\"},{\"@type\":\"ListItem\",\"position\":3,\"name\":\"FEUERMEISTER\u00ae punaiset Premium BBQ-k\u00e4sineet, el\u00e4innahkaa, 1 pari, koko. 12\"}]},{\"@type\":\"WebSite\",\"@id\":\"https:\\\/\\\/bbqassad.ee\\\/fi\\\/#website\",\"url\":\"https:\\\/\\\/bbqassad.ee\\\/fi\\\/\",\"name\":\"BBQ \u00c4ssad\",\"description\":\"BBQ maitseained, kastmed, ahjud\",\"publisher\":{\"@id\":\"https:\\\/\\\/bbqassad.ee\\\/fi\\\/#organization\"},\"potentialAction\":[{\"@type\":\"SearchAction\",\"target\":{\"@type\":\"EntryPoint\",\"urlTemplate\":\"https:\\\/\\\/bbqassad.ee\\\/fi\\\/?s={search_term_string}\"},\"query-input\":{\"@type\":\"PropertyValueSpecification\",\"valueRequired\":true,\"valueName\":\"search_term_string\"}}],\"inLanguage\":\"fi\"},{\"@type\":\"Organization\",\"@id\":\"https:\\\/\\\/bbqassad.ee\\\/fi\\\/#organization\",\"name\":\"BBQ \u00c4ssad\",\"url\":\"https:\\\/\\\/bbqassad.ee\\\/fi\\\/\",\"logo\":{\"@type\":\"ImageObject\",\"inLanguage\":\"fi\",\"@id\":\"https:\\\/\\\/bbqassad.ee\\\/fi\\\/#\\\/schema\\\/logo\\\/image\\\/\",\"url\":\"https:\\\/\\\/bbqassad.ee\\\/wp-content\\\/uploads\\\/2022\\\/10\\\/BBQ-2ssadlogo.png\",\"contentUrl\":\"https:\\\/\\\/bbqassad.ee\\\/wp-content\\\/uploads\\\/2022\\\/10\\\/BBQ-2ssadlogo.png\",\"width\":1080,\"height\":1080,\"caption\":\"BBQ \u00c4ssad\"},\"image\":{\"@id\":\"https:\\\/\\\/bbqassad.ee\\\/fi\\\/#\\\/schema\\\/logo\\\/image\\\/\"},\"sameAs\":[\"https:\\\/\\\/www.facebook.com\\\/bbqassad\",\"https:\\\/\\\/www.youtube.com\\\/channel\\\/UCsoufn49J6TVi9Ah9meE93w\"]}]}<\/script>\n<!-- \/ Yoast SEO plugin. -->","yoast_head_json":{"title":"FEUERMEISTER\u00ae red Premium BBQ k\u00e4sineet - BBQ \u00c4ssad%","description":"FEUERMEISTER\u00ae red premium BBQ-k\u00e4sineet - sertifioidut kuumuutta kest\u00e4v\u00e4t k\u00e4sineet, joissa on tukeva ote ja mukava istuvuus.","robots":{"index":"index","follow":"follow","max-snippet":"max-snippet:-1","max-image-preview":"max-image-preview:large","max-video-preview":"max-video-preview:-1"},"canonical":"https:\/\/bbqassad.ee\/fi\/toode\/feuermeister-punaiset-premium-bbq-kasineet-elainnahkaa-1-pari-koko-12\/","og_locale":"fi_FI","og_type":"article","og_title":"FEUERMEISTER\u00ae punainen Premium BBQ grillik\u00e4sineet","og_description":"FEUERMEISTER\u00ae red premium BBQ-k\u00e4sineet - sertifioidut kuumuutta kest\u00e4v\u00e4t k\u00e4sineet, joissa on tukeva ote ja mukava istuvuus.","og_url":"https:\/\/bbqassad.ee\/fi\/toode\/feuermeister-punaiset-premium-bbq-kasineet-elainnahkaa-1-pari-koko-12\/","og_site_name":"BBQ \u00c4ssad","article_publisher":"https:\/\/www.facebook.com\/bbqassad","article_modified_time":"2026-04-14T06:33:35+00:00","og_image":[{"url":"https:\/\/bbqassad.ee\/wp-content\/uploads\/2023\/09\/FM50173613B-1024x764.jpg","type":"","width":"","height":""}],"twitter_card":"summary_large_image","schema":{"@context":"https:\/\/schema.org","@graph":[{"@type":"WebPage","@id":"https:\/\/bbqassad.ee\/fi\/toode\/feuermeister-punaiset-premium-bbq-kasineet-elainnahkaa-1-pari-koko-12\/","url":"https:\/\/bbqassad.ee\/fi\/toode\/feuermeister-punaiset-premium-bbq-kasineet-elainnahkaa-1-pari-koko-12\/","name":"FEUERMEISTER\u00ae red Premium BBQ k\u00e4sineet - BBQ \u00c4ssad%","isPartOf":{"@id":"https:\/\/bbqassad.ee\/fi\/#website"},"primaryImageOfPage":{"@id":"https:\/\/bbqassad.ee\/fi\/toode\/feuermeister-punaiset-premium-bbq-kasineet-elainnahkaa-1-pari-koko-12\/#primaryimage"},"image":{"@id":"https:\/\/bbqassad.ee\/fi\/toode\/feuermeister-punaiset-premium-bbq-kasineet-elainnahkaa-1-pari-koko-12\/#primaryimage"},"thumbnailUrl":"https:\/\/bbqassad.ee\/wp-content\/uploads\/2023\/09\/FM50173613B.jpg","datePublished":"2023-09-27T11:53:54+00:00","dateModified":"2026-04-14T06:33:35+00:00","description":"FEUERMEISTER\u00ae red premium BBQ-k\u00e4sineet - sertifioidut kuumuutta kest\u00e4v\u00e4t k\u00e4sineet, joissa on tukeva ote ja mukava istuvuus.","breadcrumb":{"@id":"https:\/\/bbqassad.ee\/fi\/toode\/feuermeister-punaiset-premium-bbq-kasineet-elainnahkaa-1-pari-koko-12\/#breadcrumb"},"inLanguage":"fi","potentialAction":[{"@type":"ReadAction","target":["https:\/\/bbqassad.ee\/fi\/toode\/feuermeister-punaiset-premium-bbq-kasineet-elainnahkaa-1-pari-koko-12\/"]}]},{"@type":"ImageObject","inLanguage":"fi","@id":"https:\/\/bbqassad.ee\/fi\/toode\/feuermeister-punaiset-premium-bbq-kasineet-elainnahkaa-1-pari-koko-12\/#primaryimage","url":"https:\/\/bbqassad.ee\/wp-content\/uploads\/2023\/09\/FM50173613B.jpg","contentUrl":"https:\/\/bbqassad.ee\/wp-content\/uploads\/2023\/09\/FM50173613B.jpg","width":1920,"height":1433,"caption":"FEUERMEISTER\u00ae punainen Premium BBQ grillik\u00e4sineet"},{"@type":"BreadcrumbList","@id":"https:\/\/bbqassad.ee\/fi\/toode\/feuermeister-punaiset-premium-bbq-kasineet-elainnahkaa-1-pari-koko-12\/#breadcrumb","itemListElement":[{"@type":"ListItem","position":1,"name":"Home","item":"https:\/\/bbqassad.ee\/fi\/bbq-assat\/"},{"@type":"ListItem","position":2,"name":"Verkkokauppa","item":"https:\/\/bbqassad.ee\/fi\/verkkokauppa\/"},{"@type":"ListItem","position":3,"name":"FEUERMEISTER\u00ae punaiset Premium BBQ-k\u00e4sineet, el\u00e4innahkaa, 1 pari, koko. 12"}]},{"@type":"WebSite","@id":"https:\/\/bbqassad.ee\/fi\/#website","url":"https:\/\/bbqassad.ee\/fi\/","name":"BBQ \u00c4ssad","description":"BBQ maitseained, kastmed, ahjud","publisher":{"@id":"https:\/\/bbqassad.ee\/fi\/#organization"},"potentialAction":[{"@type":"SearchAction","target":{"@type":"EntryPoint","urlTemplate":"https:\/\/bbqassad.ee\/fi\/?s={search_term_string}"},"query-input":{"@type":"PropertyValueSpecification","valueRequired":true,"valueName":"search_term_string"}}],"inLanguage":"fi"},{"@type":"Organization","@id":"https:\/\/bbqassad.ee\/fi\/#organization","name":"BBQ \u00c4ssad","url":"https:\/\/bbqassad.ee\/fi\/","logo":{"@type":"ImageObject","inLanguage":"fi","@id":"https:\/\/bbqassad.ee\/fi\/#\/schema\/logo\/image\/","url":"https:\/\/bbqassad.ee\/wp-content\/uploads\/2022\/10\/BBQ-2ssadlogo.png","contentUrl":"https:\/\/bbqassad.ee\/wp-content\/uploads\/2022\/10\/BBQ-2ssadlogo.png","width":1080,"height":1080,"caption":"BBQ \u00c4ssad"},"image":{"@id":"https:\/\/bbqassad.ee\/fi\/#\/schema\/logo\/image\/"},"sameAs":["https:\/\/www.facebook.com\/bbqassad","https:\/\/www.youtube.com\/channel\/UCsoufn49J6TVi9Ah9meE93w"]}]}},"_links":{"self":[{"href":"https:\/\/bbqassad.ee\/fi\/wp-json\/wp\/v2\/product\/23246","targetHints":{"allow":["GET"]}}],"collection":[{"href":"https:\/\/bbqassad.ee\/fi\/wp-json\/wp\/v2\/product"}],"about":[{"href":"https:\/\/bbqassad.ee\/fi\/wp-json\/wp\/v2\/types\/product"}],"replies":[{"embeddable":true,"href":"https:\/\/bbqassad.ee\/fi\/wp-json\/wp\/v2\/comments?post=23246"}],"wp:featuredmedia":[{"embeddable":true,"href":"https:\/\/bbqassad.ee\/fi\/wp-json\/wp\/v2\/media\/22922"}],"wp:attachment":[{"href":"https:\/\/bbqassad.ee\/fi\/wp-json\/wp\/v2\/media?parent=23246"}],"wp:term":[{"taxonomy":"product_brand","embeddable":true,"href":"https:\/\/bbqassad.ee\/fi\/wp-json\/wp\/v2\/product_brand?post=23246"},{"taxonomy":"product_cat","embeddable":true,"href":"https:\/\/bbqassad.ee\/fi\/wp-json\/wp\/v2\/product_cat?post=23246"},{"taxonomy":"product_tag","embeddable":true,"href":"https:\/\/bbqassad.ee\/fi\/wp-json\/wp\/v2\/product_tag?post=23246"}],"curies":[{"name":"wp","href":"https:\/\/api.w.org\/{rel}","templated":true}]}}