{"id":23241,"date":"2023-09-27T11:55:53","date_gmt":"2023-09-27T11:55:53","guid":{"rendered":"https:\/\/bbqassad.ee\/toode\/yakiniku-vulcano-19-22-24-2\/"},"modified":"2026-04-14T06:33:35","modified_gmt":"2026-04-14T06:33:35","slug":"yakiniku-vulcano-19-22-24-2","status":"publish","type":"product","link":"https:\/\/bbqassad.ee\/fi\/toode\/yakiniku-vulcano-19-22-24-2\/","title":{"rendered":"YAKINIKU Vulcano 19&#8243; 22&#8243; 24&#8243;"},"content":{"rendered":"","protected":false},"excerpt":{"rendered":"<p>Vulcanoa k\u00e4ytet\u00e4\u00e4n Kamadon l\u00e4mm\u00f6n keskitt\u00e4miseen. N\u00e4in voit helposti l\u00e4mmitt\u00e4\u00e4 pizzakivesi tai valmistamasi ruokalajin. Vulcanon avulla voit grillata my\u00f6s ep\u00e4suorasti asettamalla ainekset ritil\u00e4n reunalle. Tai k\u00e4yt\u00e4 Vulcanoa wokkina ainutlaatuisella tavalla. T\u00e4m\u00e4 Vulcano sopii XXLARGE-, XLARGE- ja BIG Kamadoon.    <\/p>\n","protected":false},"featured_media":23242,"comment_status":"open","ping_status":"closed","template":"","meta":[],"product_brand":[],"product_cat":[816,784],"product_tag":[],"class_list":{"0":"post-23241","1":"product","2":"type-product","3":"status-publish","4":"has-post-thumbnail","6":"product_cat-kamado-grillien-tarvikkeet","7":"product_cat-tarvikkeet","9":"first","10":"instock","11":"taxable","12":"shipping-taxable","13":"purchasable","14":"product-type-simple"},"yoast_head":"<!-- This site is optimized with the Yoast SEO plugin v27.4 - https:\/\/yoast.com\/product\/yoast-seo-wordpress\/ -->\n<title>YAKINIKU Vulcano 19&quot; 22&quot; 24&quot; - BBQ \u00c4ssad<\/title>\n<meta name=\"description\" content=\"YAKINIKU Vulcano (19\u2033\/22\u2033\/24\u2033) - keskitt\u00e4\u00e4 l\u00e4mm\u00f6n kammioon, sopii lihan nopeaan ruskistamiseen, pizzakiven l\u00e4mmitt\u00e4miseen, ep\u00e4suoraan grillaukseen ja wokissa kypsent\u00e4miseen.\" \/>\n<meta name=\"robots\" content=\"index, follow, max-snippet:-1, max-image-preview:large, max-video-preview:-1\" \/>\n<link rel=\"canonical\" href=\"https:\/\/bbqassad.ee\/fi\/toode\/yakiniku-vulcano-19-22-24-2\/\" \/>\n<meta property=\"og:locale\" content=\"fi_FI\" \/>\n<meta property=\"og:type\" content=\"article\" \/>\n<meta property=\"og:title\" content=\"YAKINIKU Vulcano\" \/>\n<meta property=\"og:description\" content=\"YAKINIKU Vulcano (19\u2033\/22\u2033\/24\u2033) - keskitt\u00e4\u00e4 l\u00e4mm\u00f6n kammioon, sopii lihan nopeaan ruskistamiseen, pizzakiven l\u00e4mmitt\u00e4miseen, ep\u00e4suoraan grillaukseen ja wokissa kypsent\u00e4miseen.\" \/>\n<meta property=\"og:url\" content=\"https:\/\/bbqassad.ee\/fi\/toode\/yakiniku-vulcano-19-22-24-2\/\" \/>\n<meta property=\"og:site_name\" content=\"BBQ \u00c4ssad\" \/>\n<meta property=\"article:publisher\" content=\"https:\/\/www.facebook.com\/bbqassad\" \/>\n<meta property=\"article:modified_time\" content=\"2026-04-14T06:33:35+00:00\" \/>\n<meta property=\"og:image\" content=\"https:\/\/bbqassad.ee\/wp-content\/uploads\/2023\/09\/YN500544-300x300.jpg\" \/>\n<meta name=\"twitter:card\" content=\"summary_large_image\" \/>\n<meta name=\"twitter:label1\" content=\"Arvioitu lukuaika\" \/>\n\t<meta name=\"twitter:data1\" content=\"1 minuutti\" \/>\n<script type=\"application\/ld+json\" class=\"yoast-schema-graph\">{\"@context\":\"https:\\\/\\\/schema.org\",\"@graph\":[{\"@type\":\"WebPage\",\"@id\":\"https:\\\/\\\/bbqassad.ee\\\/fi\\\/toode\\\/yakiniku-vulcano-19-22-24-2\\\/\",\"url\":\"https:\\\/\\\/bbqassad.ee\\\/fi\\\/toode\\\/yakiniku-vulcano-19-22-24-2\\\/\",\"name\":\"YAKINIKU Vulcano 19\\\" 22\\\" 24\\\" - BBQ \u00c4ssad\",\"isPartOf\":{\"@id\":\"https:\\\/\\\/bbqassad.ee\\\/fi\\\/#website\"},\"primaryImageOfPage\":{\"@id\":\"https:\\\/\\\/bbqassad.ee\\\/fi\\\/toode\\\/yakiniku-vulcano-19-22-24-2\\\/#primaryimage\"},\"image\":{\"@id\":\"https:\\\/\\\/bbqassad.ee\\\/fi\\\/toode\\\/yakiniku-vulcano-19-22-24-2\\\/#primaryimage\"},\"thumbnailUrl\":\"https:\\\/\\\/bbqassad.ee\\\/wp-content\\\/uploads\\\/2023\\\/09\\\/YN500544.jpg\",\"datePublished\":\"2023-09-27T11:55:53+00:00\",\"dateModified\":\"2026-04-14T06:33:35+00:00\",\"description\":\"YAKINIKU Vulcano (19\u2033\\\/22\u2033\\\/24\u2033) - keskitt\u00e4\u00e4 l\u00e4mm\u00f6n kammioon, sopii lihan nopeaan ruskistamiseen, pizzakiven l\u00e4mmitt\u00e4miseen, ep\u00e4suoraan grillaukseen ja wokissa kypsent\u00e4miseen.\",\"breadcrumb\":{\"@id\":\"https:\\\/\\\/bbqassad.ee\\\/fi\\\/toode\\\/yakiniku-vulcano-19-22-24-2\\\/#breadcrumb\"},\"inLanguage\":\"fi\",\"potentialAction\":[{\"@type\":\"ReadAction\",\"target\":[\"https:\\\/\\\/bbqassad.ee\\\/fi\\\/toode\\\/yakiniku-vulcano-19-22-24-2\\\/\"]}]},{\"@type\":\"ImageObject\",\"inLanguage\":\"fi\",\"@id\":\"https:\\\/\\\/bbqassad.ee\\\/fi\\\/toode\\\/yakiniku-vulcano-19-22-24-2\\\/#primaryimage\",\"url\":\"https:\\\/\\\/bbqassad.ee\\\/wp-content\\\/uploads\\\/2023\\\/09\\\/YN500544.jpg\",\"contentUrl\":\"https:\\\/\\\/bbqassad.ee\\\/wp-content\\\/uploads\\\/2023\\\/09\\\/YN500544.jpg\",\"width\":900,\"height\":900,\"caption\":\"YAKINIKU Vulcano\"},{\"@type\":\"BreadcrumbList\",\"@id\":\"https:\\\/\\\/bbqassad.ee\\\/fi\\\/toode\\\/yakiniku-vulcano-19-22-24-2\\\/#breadcrumb\",\"itemListElement\":[{\"@type\":\"ListItem\",\"position\":1,\"name\":\"Home\",\"item\":\"https:\\\/\\\/bbqassad.ee\\\/fi\\\/bbq-assat\\\/\"},{\"@type\":\"ListItem\",\"position\":2,\"name\":\"Verkkokauppa\",\"item\":\"https:\\\/\\\/bbqassad.ee\\\/fi\\\/verkkokauppa\\\/\"},{\"@type\":\"ListItem\",\"position\":3,\"name\":\"YAKINIKU Vulcano 19&#8243; 22&#8243; 24&#8243;\"}]},{\"@type\":\"WebSite\",\"@id\":\"https:\\\/\\\/bbqassad.ee\\\/fi\\\/#website\",\"url\":\"https:\\\/\\\/bbqassad.ee\\\/fi\\\/\",\"name\":\"BBQ \u00c4ssad\",\"description\":\"BBQ maitseained, kastmed, ahjud\",\"publisher\":{\"@id\":\"https:\\\/\\\/bbqassad.ee\\\/fi\\\/#organization\"},\"potentialAction\":[{\"@type\":\"SearchAction\",\"target\":{\"@type\":\"EntryPoint\",\"urlTemplate\":\"https:\\\/\\\/bbqassad.ee\\\/fi\\\/?s={search_term_string}\"},\"query-input\":{\"@type\":\"PropertyValueSpecification\",\"valueRequired\":true,\"valueName\":\"search_term_string\"}}],\"inLanguage\":\"fi\"},{\"@type\":\"Organization\",\"@id\":\"https:\\\/\\\/bbqassad.ee\\\/fi\\\/#organization\",\"name\":\"BBQ \u00c4ssad\",\"url\":\"https:\\\/\\\/bbqassad.ee\\\/fi\\\/\",\"logo\":{\"@type\":\"ImageObject\",\"inLanguage\":\"fi\",\"@id\":\"https:\\\/\\\/bbqassad.ee\\\/fi\\\/#\\\/schema\\\/logo\\\/image\\\/\",\"url\":\"https:\\\/\\\/bbqassad.ee\\\/wp-content\\\/uploads\\\/2022\\\/10\\\/BBQ-2ssadlogo.png\",\"contentUrl\":\"https:\\\/\\\/bbqassad.ee\\\/wp-content\\\/uploads\\\/2022\\\/10\\\/BBQ-2ssadlogo.png\",\"width\":1080,\"height\":1080,\"caption\":\"BBQ \u00c4ssad\"},\"image\":{\"@id\":\"https:\\\/\\\/bbqassad.ee\\\/fi\\\/#\\\/schema\\\/logo\\\/image\\\/\"},\"sameAs\":[\"https:\\\/\\\/www.facebook.com\\\/bbqassad\",\"https:\\\/\\\/www.youtube.com\\\/channel\\\/UCsoufn49J6TVi9Ah9meE93w\"]}]}<\/script>\n<!-- \/ Yoast SEO plugin. -->","yoast_head_json":{"title":"YAKINIKU Vulcano 19\" 22\" 24\" - BBQ \u00c4ssad","description":"YAKINIKU Vulcano (19\u2033\/22\u2033\/24\u2033) - keskitt\u00e4\u00e4 l\u00e4mm\u00f6n kammioon, sopii lihan nopeaan ruskistamiseen, pizzakiven l\u00e4mmitt\u00e4miseen, ep\u00e4suoraan grillaukseen ja wokissa kypsent\u00e4miseen.","robots":{"index":"index","follow":"follow","max-snippet":"max-snippet:-1","max-image-preview":"max-image-preview:large","max-video-preview":"max-video-preview:-1"},"canonical":"https:\/\/bbqassad.ee\/fi\/toode\/yakiniku-vulcano-19-22-24-2\/","og_locale":"fi_FI","og_type":"article","og_title":"YAKINIKU Vulcano","og_description":"YAKINIKU Vulcano (19\u2033\/22\u2033\/24\u2033) - keskitt\u00e4\u00e4 l\u00e4mm\u00f6n kammioon, sopii lihan nopeaan ruskistamiseen, pizzakiven l\u00e4mmitt\u00e4miseen, ep\u00e4suoraan grillaukseen ja wokissa kypsent\u00e4miseen.","og_url":"https:\/\/bbqassad.ee\/fi\/toode\/yakiniku-vulcano-19-22-24-2\/","og_site_name":"BBQ \u00c4ssad","article_publisher":"https:\/\/www.facebook.com\/bbqassad","article_modified_time":"2026-04-14T06:33:35+00:00","og_image":[{"url":"https:\/\/bbqassad.ee\/wp-content\/uploads\/2023\/09\/YN500544-300x300.jpg","type":"","width":"","height":""}],"twitter_card":"summary_large_image","twitter_misc":{"Arvioitu lukuaika":"1 minuutti"},"schema":{"@context":"https:\/\/schema.org","@graph":[{"@type":"WebPage","@id":"https:\/\/bbqassad.ee\/fi\/toode\/yakiniku-vulcano-19-22-24-2\/","url":"https:\/\/bbqassad.ee\/fi\/toode\/yakiniku-vulcano-19-22-24-2\/","name":"YAKINIKU Vulcano 19\" 22\" 24\" - BBQ \u00c4ssad","isPartOf":{"@id":"https:\/\/bbqassad.ee\/fi\/#website"},"primaryImageOfPage":{"@id":"https:\/\/bbqassad.ee\/fi\/toode\/yakiniku-vulcano-19-22-24-2\/#primaryimage"},"image":{"@id":"https:\/\/bbqassad.ee\/fi\/toode\/yakiniku-vulcano-19-22-24-2\/#primaryimage"},"thumbnailUrl":"https:\/\/bbqassad.ee\/wp-content\/uploads\/2023\/09\/YN500544.jpg","datePublished":"2023-09-27T11:55:53+00:00","dateModified":"2026-04-14T06:33:35+00:00","description":"YAKINIKU Vulcano (19\u2033\/22\u2033\/24\u2033) - keskitt\u00e4\u00e4 l\u00e4mm\u00f6n kammioon, sopii lihan nopeaan ruskistamiseen, pizzakiven l\u00e4mmitt\u00e4miseen, ep\u00e4suoraan grillaukseen ja wokissa kypsent\u00e4miseen.","breadcrumb":{"@id":"https:\/\/bbqassad.ee\/fi\/toode\/yakiniku-vulcano-19-22-24-2\/#breadcrumb"},"inLanguage":"fi","potentialAction":[{"@type":"ReadAction","target":["https:\/\/bbqassad.ee\/fi\/toode\/yakiniku-vulcano-19-22-24-2\/"]}]},{"@type":"ImageObject","inLanguage":"fi","@id":"https:\/\/bbqassad.ee\/fi\/toode\/yakiniku-vulcano-19-22-24-2\/#primaryimage","url":"https:\/\/bbqassad.ee\/wp-content\/uploads\/2023\/09\/YN500544.jpg","contentUrl":"https:\/\/bbqassad.ee\/wp-content\/uploads\/2023\/09\/YN500544.jpg","width":900,"height":900,"caption":"YAKINIKU Vulcano"},{"@type":"BreadcrumbList","@id":"https:\/\/bbqassad.ee\/fi\/toode\/yakiniku-vulcano-19-22-24-2\/#breadcrumb","itemListElement":[{"@type":"ListItem","position":1,"name":"Home","item":"https:\/\/bbqassad.ee\/fi\/bbq-assat\/"},{"@type":"ListItem","position":2,"name":"Verkkokauppa","item":"https:\/\/bbqassad.ee\/fi\/verkkokauppa\/"},{"@type":"ListItem","position":3,"name":"YAKINIKU Vulcano 19&#8243; 22&#8243; 24&#8243;"}]},{"@type":"WebSite","@id":"https:\/\/bbqassad.ee\/fi\/#website","url":"https:\/\/bbqassad.ee\/fi\/","name":"BBQ \u00c4ssad","description":"BBQ maitseained, kastmed, ahjud","publisher":{"@id":"https:\/\/bbqassad.ee\/fi\/#organization"},"potentialAction":[{"@type":"SearchAction","target":{"@type":"EntryPoint","urlTemplate":"https:\/\/bbqassad.ee\/fi\/?s={search_term_string}"},"query-input":{"@type":"PropertyValueSpecification","valueRequired":true,"valueName":"search_term_string"}}],"inLanguage":"fi"},{"@type":"Organization","@id":"https:\/\/bbqassad.ee\/fi\/#organization","name":"BBQ \u00c4ssad","url":"https:\/\/bbqassad.ee\/fi\/","logo":{"@type":"ImageObject","inLanguage":"fi","@id":"https:\/\/bbqassad.ee\/fi\/#\/schema\/logo\/image\/","url":"https:\/\/bbqassad.ee\/wp-content\/uploads\/2022\/10\/BBQ-2ssadlogo.png","contentUrl":"https:\/\/bbqassad.ee\/wp-content\/uploads\/2022\/10\/BBQ-2ssadlogo.png","width":1080,"height":1080,"caption":"BBQ \u00c4ssad"},"image":{"@id":"https:\/\/bbqassad.ee\/fi\/#\/schema\/logo\/image\/"},"sameAs":["https:\/\/www.facebook.com\/bbqassad","https:\/\/www.youtube.com\/channel\/UCsoufn49J6TVi9Ah9meE93w"]}]}},"_links":{"self":[{"href":"https:\/\/bbqassad.ee\/fi\/wp-json\/wp\/v2\/product\/23241","targetHints":{"allow":["GET"]}}],"collection":[{"href":"https:\/\/bbqassad.ee\/fi\/wp-json\/wp\/v2\/product"}],"about":[{"href":"https:\/\/bbqassad.ee\/fi\/wp-json\/wp\/v2\/types\/product"}],"replies":[{"embeddable":true,"href":"https:\/\/bbqassad.ee\/fi\/wp-json\/wp\/v2\/comments?post=23241"}],"wp:featuredmedia":[{"embeddable":true,"href":"https:\/\/bbqassad.ee\/fi\/wp-json\/wp\/v2\/media\/23242"}],"wp:attachment":[{"href":"https:\/\/bbqassad.ee\/fi\/wp-json\/wp\/v2\/media?parent=23241"}],"wp:term":[{"taxonomy":"product_brand","embeddable":true,"href":"https:\/\/bbqassad.ee\/fi\/wp-json\/wp\/v2\/product_brand?post=23241"},{"taxonomy":"product_cat","embeddable":true,"href":"https:\/\/bbqassad.ee\/fi\/wp-json\/wp\/v2\/product_cat?post=23241"},{"taxonomy":"product_tag","embeddable":true,"href":"https:\/\/bbqassad.ee\/fi\/wp-json\/wp\/v2\/product_tag?post=23241"}],"curies":[{"name":"wp","href":"https:\/\/api.w.org\/{rel}","templated":true}]}}