{"id":23234,"date":"2023-09-27T11:55:59","date_gmt":"2023-09-27T11:55:59","guid":{"rendered":"https:\/\/bbqassad.ee\/toode\/yakiniku-umar-shichirin-teppanyaki-hibachi-grilli\/"},"modified":"2026-04-14T06:33:35","modified_gmt":"2026-04-14T06:33:35","slug":"yakiniku-umar-shichirin-teppanyaki-hibachi-grilli","status":"publish","type":"product","link":"https:\/\/bbqassad.ee\/fi\/toode\/yakiniku-umar-shichirin-teppanyaki-hibachi-grilli\/","title":{"rendered":"YAKINIKU Py\u00f6re\u00e4 Shichirin | Teppanyaki &#038; Hibachi -grilli"},"content":{"rendered":"<div id=\"tw-container\" data-cp=\"1\" data-is-ver=\"false\" data-nnttsvi=\"1\" data-sbsl=\"ru,uk\" data-ssbp=\"false\" data-sugg-time=\"500\" data-sugg-url=\"https:\/\/clients1.google.com\/complete\/search\" data-uilc=\"en\">\n<div id=\"tw-ob\" class=\"tw-src-ltr\">\n<div class=\"oSioSc\">\n<div id=\"tw-target\">\n<div id=\"kAz1tf\" class=\"g9WsWb\">\n<div id=\"tw-target-text-container\" class=\"tw-ta-container F0azHf tw-nfl\">\n<h2 class=\"product-title product_title entry-title\">YAKINIKU \u00dcmar Shichirin | Teppanyaki &amp; Hibachi grilli<\/h2>\n<p id=\"tw-target-text\" class=\"tw-data-text tw-text-large tw-ta\" dir=\"ltr\" data-placeholder=\"Translation\"><span class=\"Y2IQFc\" lang=\"et\">YAKINIKU \u00dcmar Shichirin | Teppanyaki &amp; Hibachi Grill tarjoaa sinulle herkullisen illallisen, jossa kaikki vieraasi voivat nauttia (kes\u00e4)gourmet-aterian omana kokinasi! Shichirin on eritt\u00e4in suosittu my\u00f6s talvigrillin\u00e4. Haluaisitko istua Shichirinin ymp\u00e4rill\u00e4 katoksesi alla yst\u00e4vien tai perheen kanssa? Kaikki on mahdollista! Py\u00f6re\u00e4ss\u00e4 Shichiriniss\u00e4 on vakiona ruostumattomasta ter\u00e4ksest\u00e4 valmistettu grillilevy, jolla voit valmistaa herkullisimpia japanilaisia ruokia.    <\/span><\/p>\n<\/div>\n<p class=\"tw-data-text tw-text-large tw-ta\" dir=\"ltr\" data-placeholder=\"Translation\"><span class=\"Y2IQFc\" lang=\"et\">Py\u00f6re\u00e4n Shichirinin grillauspinta-ala on 31 cm, mik\u00e4 sopii t\u00e4ydellisesti pienten lihapalojen, kalan ja vihannesten paistamiseen. Shichirin sopii 4-6 hengelle.   <\/span><\/p>\n<p id=\"tw-target-text\" class=\"tw-data-text tw-text-large tw-ta\" dir=\"ltr\" data-placeholder=\"Translation\"><span class=\"Y2IQFc\" lang=\"et\">Shichirin, jota kutsutaan my\u00f6s japanilaiseksi p\u00f6yt\u00e4grilliksi, on valmistettu keraamisesta kvartsista, kordieriitist\u00e4 ja kuumennetaan korkeassa l\u00e4mp\u00f6tilassa. Keraamisen materiaalin ansiosta Shichirin on my\u00f6s eritt\u00e4in helppo puhdistaa. S\u00e4\u00e4t\u00e4m\u00e4ll\u00e4 tuuletusliukus\u00e4\u00e4timi\u00e4 luot t\u00e4ydellisen ilmankierron, jolloin voit leikki\u00e4 l\u00e4mp\u00f6tilalla ja saavuttaa helposti korkeita l\u00e4mp\u00f6tiloja. Japanilainen grilli sopii erinomaisesti my\u00f6s talvik\u00e4ytt\u00f6\u00f6n, sill\u00e4 keraaminen kansi suojaa my\u00f6s sateelta ja lumelta ja tekee siit\u00e4 s\u00e4\u00e4nkest\u00e4v\u00e4n. Grilli on viimeistelty kauniisti bambu- ja ruostumattomasta ter\u00e4ksest\u00e4 valmistetuilla yksityiskohdilla.    <\/span><\/p>\n<div id=\"tw-container\" data-cp=\"1\" data-is-ver=\"false\" data-nnttsvi=\"1\" data-sbsl=\"ru,uk\" data-ssbp=\"false\" data-sugg-time=\"500\" data-sugg-url=\"https:\/\/clients1.google.com\/complete\/search\" data-uilc=\"en\">\n<div id=\"tw-ob\" class=\"tw-src-ltr\">\n<div class=\"oSioSc\">\n<div id=\"tw-target\">\n<div id=\"kAz1tf\" class=\"g9WsWb\">\n<div id=\"tw-target-text-container\" class=\"tw-ta-container F0azHf tw-nfl\">\n<p id=\"tw-target-text\" class=\"tw-data-text tw-text-large tw-ta\" dir=\"ltr\" data-placeholder=\"Translation\"><span class=\"Y2IQFc\" lang=\"et\">  Valmista herkullisimmat japanilaiset ruoat YAKINIKU\u00ae Shichirinilla!<\/span><\/p>\n<\/div>\n<div id=\"tw-target-rmn-container\" class=\"tw-target-rmn tw-ta-container F0azHf tw-nfl\">Katso video <a href=\"https:\/\/www.youtube.com\/watch?v=rznHF5x5r9k&amp;list=PLXUSGX3F-vrJNRCmezAkeDXfn3qFlxYli&amp;index=4&amp;ab_channel=YakinikuGrill\"><strong>Youtubes<\/strong><\/a><\/div>\n<\/div>\n<\/div>\n<\/div>\n<\/div>\n<\/div>\n<\/div>\n<\/div>\n<\/div>\n<\/div>\n<\/div>\n<p class=\"KFFQ0c xKf9F\">\n","protected":false},"excerpt":{"rendered":"<div id=\"tw-container\" data-cp=\"1\" data-is-ver=\"false\" data-nnttsvi=\"1\" data-sbsl=\"ru,uk\" data-ssbp=\"false\" data-sugg-time=\"500\" data-sugg-url=\"https:\/\/clients1.google.com\/complete\/search\" data-uilc=\"en\">\n<div id=\"tw-ob\" class=\"tw-src-ltr\">\n<div class=\"oSioSc\">\n<div id=\"tw-target\">\n<div id=\"kAz1tf\" class=\"g9WsWb\">\n<div id=\"tw-target-text-container\" class=\"tw-ta-container F0azHf tw-nfl\">\n<p id=\"tw-target-text\" class=\"tw-data-text tw-text-large tw-ta\" dir=\"ltr\" data-placeholder=\"Translation\"><span class=\"Y2IQFc\" lang=\"et\">YAKINIKU\u00ae Shichirin on perinteinen japanilainen p\u00f6yt\u00e4grilli. &#8221;Ihmisten vahvistaminen&#8221;, on japanilainen motto. Tuodaan ihmiset yhteen, t\u00e4ytet\u00e4\u00e4n p\u00f6yt\u00e4 hyv\u00e4ll\u00e4 ruoalla ja grillataan. Shichirinilla grillaaminen ei ole vain grillaamista. Se on aivan toinen laji. Se on hienostuneempaa, tyylikk\u00e4\u00e4mp\u00e4\u00e4 ja pienemp\u00e4\u00e4. T\u00e4ll\u00e4 suorakaiteen muotoisella Shichirinill\u00e4 valmistat ruokaa eritt\u00e4in tarkasti.      <\/span><\/p>\n<\/div>\n<\/div>\n<\/div>\n<\/div>\n<\/div>\n<\/div>\n","protected":false},"featured_media":23235,"comment_status":"open","ping_status":"closed","template":"","meta":[],"product_brand":[],"product_cat":[811,781],"product_tag":[],"class_list":{"0":"post-23234","1":"product","2":"type-product","3":"status-publish","4":"has-post-thumbnail","6":"product_cat-hiiligrillit","7":"product_cat-uunit","8":"product_shipping_class-ilmainen-toimitus","10":"first","11":"instock","12":"taxable","13":"shipping-taxable","14":"purchasable","15":"product-type-simple"},"yoast_head":"<!-- This site is optimized with the Yoast SEO plugin v27.4 - https:\/\/yoast.com\/product\/yoast-seo-wordpress\/ -->\n<title>YAKINIKU Py\u00f6re\u00e4 Shichirin | Teppanyaki &amp; Hibachi -grilli - BBQ \u00c4ssad<\/title>\n<meta name=\"description\" content=\"YAKINIKU round Shichirin (Teppanyaki &amp; Hibachi) - japanilainen p\u00f6yt\u00e4grilli, jossa on 31 cm:n grillauspinta-ala (4-6 hengelle). Keraaminen (kvartsi+kordieriitti), ritil\u00e4 ruostumatonta ter\u00e4st\u00e4.\" \/>\n<meta name=\"robots\" content=\"index, follow, max-snippet:-1, max-image-preview:large, max-video-preview:-1\" \/>\n<link rel=\"canonical\" href=\"https:\/\/bbqassad.ee\/fi\/toode\/yakiniku-umar-shichirin-teppanyaki-hibachi-grilli\/\" \/>\n<meta property=\"og:locale\" content=\"fi_FI\" \/>\n<meta property=\"og:type\" content=\"article\" \/>\n<meta property=\"og:title\" content=\"YAKINIKU \u00dcmar Shichirin\" \/>\n<meta property=\"og:description\" content=\"YAKINIKU round Shichirin (Teppanyaki &amp; Hibachi) - japanilainen p\u00f6yt\u00e4grilli, jossa on 31 cm:n grillauspinta-ala (4-6 hengelle). Keraaminen (kvartsi+kordieriitti), ritil\u00e4 ruostumatonta ter\u00e4st\u00e4.\" \/>\n<meta property=\"og:url\" content=\"https:\/\/bbqassad.ee\/fi\/toode\/yakiniku-umar-shichirin-teppanyaki-hibachi-grilli\/\" \/>\n<meta property=\"og:site_name\" content=\"BBQ \u00c4ssad\" \/>\n<meta property=\"article:publisher\" content=\"https:\/\/www.facebook.com\/bbqassad\" \/>\n<meta property=\"article:modified_time\" content=\"2026-04-14T06:33:35+00:00\" \/>\n<meta property=\"og:image\" content=\"https:\/\/bbqassad.ee\/wp-content\/uploads\/2023\/09\/800700-8720364490720-YAKINIKU-SHICHIRIN-MEDIUM-Round-01-300x300.jpg\" \/>\n<meta name=\"twitter:card\" content=\"summary_large_image\" \/>\n<meta name=\"twitter:label1\" content=\"Arvioitu lukuaika\" \/>\n\t<meta name=\"twitter:data1\" content=\"1 minuutti\" \/>\n<script type=\"application\/ld+json\" class=\"yoast-schema-graph\">{\"@context\":\"https:\\\/\\\/schema.org\",\"@graph\":[{\"@type\":\"WebPage\",\"@id\":\"https:\\\/\\\/bbqassad.ee\\\/fi\\\/toode\\\/yakiniku-umar-shichirin-teppanyaki-hibachi-grilli\\\/\",\"url\":\"https:\\\/\\\/bbqassad.ee\\\/fi\\\/toode\\\/yakiniku-umar-shichirin-teppanyaki-hibachi-grilli\\\/\",\"name\":\"YAKINIKU Py\u00f6re\u00e4 Shichirin | Teppanyaki & Hibachi -grilli - BBQ \u00c4ssad\",\"isPartOf\":{\"@id\":\"https:\\\/\\\/bbqassad.ee\\\/fi\\\/#website\"},\"primaryImageOfPage\":{\"@id\":\"https:\\\/\\\/bbqassad.ee\\\/fi\\\/toode\\\/yakiniku-umar-shichirin-teppanyaki-hibachi-grilli\\\/#primaryimage\"},\"image\":{\"@id\":\"https:\\\/\\\/bbqassad.ee\\\/fi\\\/toode\\\/yakiniku-umar-shichirin-teppanyaki-hibachi-grilli\\\/#primaryimage\"},\"thumbnailUrl\":\"https:\\\/\\\/bbqassad.ee\\\/wp-content\\\/uploads\\\/2023\\\/09\\\/800700-8720364490720-YAKINIKU-SHICHIRIN-MEDIUM-Round-01.jpg\",\"datePublished\":\"2023-09-27T11:55:59+00:00\",\"dateModified\":\"2026-04-14T06:33:35+00:00\",\"description\":\"YAKINIKU round Shichirin (Teppanyaki & Hibachi) - japanilainen p\u00f6yt\u00e4grilli, jossa on 31 cm:n grillauspinta-ala (4-6 hengelle). Keraaminen (kvartsi+kordieriitti), ritil\u00e4 ruostumatonta ter\u00e4st\u00e4.\",\"breadcrumb\":{\"@id\":\"https:\\\/\\\/bbqassad.ee\\\/fi\\\/toode\\\/yakiniku-umar-shichirin-teppanyaki-hibachi-grilli\\\/#breadcrumb\"},\"inLanguage\":\"fi\",\"potentialAction\":[{\"@type\":\"ReadAction\",\"target\":[\"https:\\\/\\\/bbqassad.ee\\\/fi\\\/toode\\\/yakiniku-umar-shichirin-teppanyaki-hibachi-grilli\\\/\"]}]},{\"@type\":\"ImageObject\",\"inLanguage\":\"fi\",\"@id\":\"https:\\\/\\\/bbqassad.ee\\\/fi\\\/toode\\\/yakiniku-umar-shichirin-teppanyaki-hibachi-grilli\\\/#primaryimage\",\"url\":\"https:\\\/\\\/bbqassad.ee\\\/wp-content\\\/uploads\\\/2023\\\/09\\\/800700-8720364490720-YAKINIKU-SHICHIRIN-MEDIUM-Round-01.jpg\",\"contentUrl\":\"https:\\\/\\\/bbqassad.ee\\\/wp-content\\\/uploads\\\/2023\\\/09\\\/800700-8720364490720-YAKINIKU-SHICHIRIN-MEDIUM-Round-01.jpg\",\"width\":900,\"height\":900,\"caption\":\"YAKINIKU \u00dcmar Shichirin\"},{\"@type\":\"BreadcrumbList\",\"@id\":\"https:\\\/\\\/bbqassad.ee\\\/fi\\\/toode\\\/yakiniku-umar-shichirin-teppanyaki-hibachi-grilli\\\/#breadcrumb\",\"itemListElement\":[{\"@type\":\"ListItem\",\"position\":1,\"name\":\"Home\",\"item\":\"https:\\\/\\\/bbqassad.ee\\\/fi\\\/bbq-assat\\\/\"},{\"@type\":\"ListItem\",\"position\":2,\"name\":\"Verkkokauppa\",\"item\":\"https:\\\/\\\/bbqassad.ee\\\/fi\\\/verkkokauppa\\\/\"},{\"@type\":\"ListItem\",\"position\":3,\"name\":\"YAKINIKU Py\u00f6re\u00e4 Shichirin | Teppanyaki &#038; Hibachi -grilli\"}]},{\"@type\":\"WebSite\",\"@id\":\"https:\\\/\\\/bbqassad.ee\\\/fi\\\/#website\",\"url\":\"https:\\\/\\\/bbqassad.ee\\\/fi\\\/\",\"name\":\"BBQ \u00c4ssad\",\"description\":\"BBQ maitseained, kastmed, ahjud\",\"publisher\":{\"@id\":\"https:\\\/\\\/bbqassad.ee\\\/fi\\\/#organization\"},\"potentialAction\":[{\"@type\":\"SearchAction\",\"target\":{\"@type\":\"EntryPoint\",\"urlTemplate\":\"https:\\\/\\\/bbqassad.ee\\\/fi\\\/?s={search_term_string}\"},\"query-input\":{\"@type\":\"PropertyValueSpecification\",\"valueRequired\":true,\"valueName\":\"search_term_string\"}}],\"inLanguage\":\"fi\"},{\"@type\":\"Organization\",\"@id\":\"https:\\\/\\\/bbqassad.ee\\\/fi\\\/#organization\",\"name\":\"BBQ \u00c4ssad\",\"url\":\"https:\\\/\\\/bbqassad.ee\\\/fi\\\/\",\"logo\":{\"@type\":\"ImageObject\",\"inLanguage\":\"fi\",\"@id\":\"https:\\\/\\\/bbqassad.ee\\\/fi\\\/#\\\/schema\\\/logo\\\/image\\\/\",\"url\":\"https:\\\/\\\/bbqassad.ee\\\/wp-content\\\/uploads\\\/2022\\\/10\\\/BBQ-2ssadlogo.png\",\"contentUrl\":\"https:\\\/\\\/bbqassad.ee\\\/wp-content\\\/uploads\\\/2022\\\/10\\\/BBQ-2ssadlogo.png\",\"width\":1080,\"height\":1080,\"caption\":\"BBQ \u00c4ssad\"},\"image\":{\"@id\":\"https:\\\/\\\/bbqassad.ee\\\/fi\\\/#\\\/schema\\\/logo\\\/image\\\/\"},\"sameAs\":[\"https:\\\/\\\/www.facebook.com\\\/bbqassad\",\"https:\\\/\\\/www.youtube.com\\\/channel\\\/UCsoufn49J6TVi9Ah9meE93w\"]}]}<\/script>\n<!-- \/ Yoast SEO plugin. -->","yoast_head_json":{"title":"YAKINIKU Py\u00f6re\u00e4 Shichirin | Teppanyaki & Hibachi -grilli - BBQ \u00c4ssad","description":"YAKINIKU round Shichirin (Teppanyaki & Hibachi) - japanilainen p\u00f6yt\u00e4grilli, jossa on 31 cm:n grillauspinta-ala (4-6 hengelle). Keraaminen (kvartsi+kordieriitti), ritil\u00e4 ruostumatonta ter\u00e4st\u00e4.","robots":{"index":"index","follow":"follow","max-snippet":"max-snippet:-1","max-image-preview":"max-image-preview:large","max-video-preview":"max-video-preview:-1"},"canonical":"https:\/\/bbqassad.ee\/fi\/toode\/yakiniku-umar-shichirin-teppanyaki-hibachi-grilli\/","og_locale":"fi_FI","og_type":"article","og_title":"YAKINIKU \u00dcmar Shichirin","og_description":"YAKINIKU round Shichirin (Teppanyaki & Hibachi) - japanilainen p\u00f6yt\u00e4grilli, jossa on 31 cm:n grillauspinta-ala (4-6 hengelle). Keraaminen (kvartsi+kordieriitti), ritil\u00e4 ruostumatonta ter\u00e4st\u00e4.","og_url":"https:\/\/bbqassad.ee\/fi\/toode\/yakiniku-umar-shichirin-teppanyaki-hibachi-grilli\/","og_site_name":"BBQ \u00c4ssad","article_publisher":"https:\/\/www.facebook.com\/bbqassad","article_modified_time":"2026-04-14T06:33:35+00:00","og_image":[{"url":"https:\/\/bbqassad.ee\/wp-content\/uploads\/2023\/09\/800700-8720364490720-YAKINIKU-SHICHIRIN-MEDIUM-Round-01-300x300.jpg","type":"","width":"","height":""}],"twitter_card":"summary_large_image","twitter_misc":{"Arvioitu lukuaika":"1 minuutti"},"schema":{"@context":"https:\/\/schema.org","@graph":[{"@type":"WebPage","@id":"https:\/\/bbqassad.ee\/fi\/toode\/yakiniku-umar-shichirin-teppanyaki-hibachi-grilli\/","url":"https:\/\/bbqassad.ee\/fi\/toode\/yakiniku-umar-shichirin-teppanyaki-hibachi-grilli\/","name":"YAKINIKU Py\u00f6re\u00e4 Shichirin | Teppanyaki & Hibachi -grilli - BBQ \u00c4ssad","isPartOf":{"@id":"https:\/\/bbqassad.ee\/fi\/#website"},"primaryImageOfPage":{"@id":"https:\/\/bbqassad.ee\/fi\/toode\/yakiniku-umar-shichirin-teppanyaki-hibachi-grilli\/#primaryimage"},"image":{"@id":"https:\/\/bbqassad.ee\/fi\/toode\/yakiniku-umar-shichirin-teppanyaki-hibachi-grilli\/#primaryimage"},"thumbnailUrl":"https:\/\/bbqassad.ee\/wp-content\/uploads\/2023\/09\/800700-8720364490720-YAKINIKU-SHICHIRIN-MEDIUM-Round-01.jpg","datePublished":"2023-09-27T11:55:59+00:00","dateModified":"2026-04-14T06:33:35+00:00","description":"YAKINIKU round Shichirin (Teppanyaki & Hibachi) - japanilainen p\u00f6yt\u00e4grilli, jossa on 31 cm:n grillauspinta-ala (4-6 hengelle). Keraaminen (kvartsi+kordieriitti), ritil\u00e4 ruostumatonta ter\u00e4st\u00e4.","breadcrumb":{"@id":"https:\/\/bbqassad.ee\/fi\/toode\/yakiniku-umar-shichirin-teppanyaki-hibachi-grilli\/#breadcrumb"},"inLanguage":"fi","potentialAction":[{"@type":"ReadAction","target":["https:\/\/bbqassad.ee\/fi\/toode\/yakiniku-umar-shichirin-teppanyaki-hibachi-grilli\/"]}]},{"@type":"ImageObject","inLanguage":"fi","@id":"https:\/\/bbqassad.ee\/fi\/toode\/yakiniku-umar-shichirin-teppanyaki-hibachi-grilli\/#primaryimage","url":"https:\/\/bbqassad.ee\/wp-content\/uploads\/2023\/09\/800700-8720364490720-YAKINIKU-SHICHIRIN-MEDIUM-Round-01.jpg","contentUrl":"https:\/\/bbqassad.ee\/wp-content\/uploads\/2023\/09\/800700-8720364490720-YAKINIKU-SHICHIRIN-MEDIUM-Round-01.jpg","width":900,"height":900,"caption":"YAKINIKU \u00dcmar Shichirin"},{"@type":"BreadcrumbList","@id":"https:\/\/bbqassad.ee\/fi\/toode\/yakiniku-umar-shichirin-teppanyaki-hibachi-grilli\/#breadcrumb","itemListElement":[{"@type":"ListItem","position":1,"name":"Home","item":"https:\/\/bbqassad.ee\/fi\/bbq-assat\/"},{"@type":"ListItem","position":2,"name":"Verkkokauppa","item":"https:\/\/bbqassad.ee\/fi\/verkkokauppa\/"},{"@type":"ListItem","position":3,"name":"YAKINIKU Py\u00f6re\u00e4 Shichirin | Teppanyaki &#038; Hibachi -grilli"}]},{"@type":"WebSite","@id":"https:\/\/bbqassad.ee\/fi\/#website","url":"https:\/\/bbqassad.ee\/fi\/","name":"BBQ \u00c4ssad","description":"BBQ maitseained, kastmed, ahjud","publisher":{"@id":"https:\/\/bbqassad.ee\/fi\/#organization"},"potentialAction":[{"@type":"SearchAction","target":{"@type":"EntryPoint","urlTemplate":"https:\/\/bbqassad.ee\/fi\/?s={search_term_string}"},"query-input":{"@type":"PropertyValueSpecification","valueRequired":true,"valueName":"search_term_string"}}],"inLanguage":"fi"},{"@type":"Organization","@id":"https:\/\/bbqassad.ee\/fi\/#organization","name":"BBQ \u00c4ssad","url":"https:\/\/bbqassad.ee\/fi\/","logo":{"@type":"ImageObject","inLanguage":"fi","@id":"https:\/\/bbqassad.ee\/fi\/#\/schema\/logo\/image\/","url":"https:\/\/bbqassad.ee\/wp-content\/uploads\/2022\/10\/BBQ-2ssadlogo.png","contentUrl":"https:\/\/bbqassad.ee\/wp-content\/uploads\/2022\/10\/BBQ-2ssadlogo.png","width":1080,"height":1080,"caption":"BBQ \u00c4ssad"},"image":{"@id":"https:\/\/bbqassad.ee\/fi\/#\/schema\/logo\/image\/"},"sameAs":["https:\/\/www.facebook.com\/bbqassad","https:\/\/www.youtube.com\/channel\/UCsoufn49J6TVi9Ah9meE93w"]}]}},"_links":{"self":[{"href":"https:\/\/bbqassad.ee\/fi\/wp-json\/wp\/v2\/product\/23234","targetHints":{"allow":["GET"]}}],"collection":[{"href":"https:\/\/bbqassad.ee\/fi\/wp-json\/wp\/v2\/product"}],"about":[{"href":"https:\/\/bbqassad.ee\/fi\/wp-json\/wp\/v2\/types\/product"}],"replies":[{"embeddable":true,"href":"https:\/\/bbqassad.ee\/fi\/wp-json\/wp\/v2\/comments?post=23234"}],"wp:featuredmedia":[{"embeddable":true,"href":"https:\/\/bbqassad.ee\/fi\/wp-json\/wp\/v2\/media\/23235"}],"wp:attachment":[{"href":"https:\/\/bbqassad.ee\/fi\/wp-json\/wp\/v2\/media?parent=23234"}],"wp:term":[{"taxonomy":"product_brand","embeddable":true,"href":"https:\/\/bbqassad.ee\/fi\/wp-json\/wp\/v2\/product_brand?post=23234"},{"taxonomy":"product_cat","embeddable":true,"href":"https:\/\/bbqassad.ee\/fi\/wp-json\/wp\/v2\/product_cat?post=23234"},{"taxonomy":"product_tag","embeddable":true,"href":"https:\/\/bbqassad.ee\/fi\/wp-json\/wp\/v2\/product_tag?post=23234"}],"curies":[{"name":"wp","href":"https:\/\/api.w.org\/{rel}","templated":true}]}}