{"id":23216,"date":"2023-09-27T11:56:21","date_gmt":"2023-09-27T11:56:21","guid":{"rendered":"https:\/\/bbqassad.ee\/toode\/dreamfire-kamado-comfy-home-2\/"},"modified":"2026-04-14T06:33:32","modified_gmt":"2026-04-14T06:33:32","slug":"dreamfire-kamado-comfy-home-2","status":"publish","type":"product","link":"https:\/\/bbqassad.ee\/fi\/toode\/dreamfire-kamado-comfy-home-2\/","title":{"rendered":"Dreamfire Kamado Comfy Home"},"content":{"rendered":"<h2>Dreamfire Kamado Comfy Home<\/h2>\n<p>Dreamfire Kamado Comfy Home on kompakti mutta tehokas kamado, joka tarjoaa poikkeuksellisen grillauskokemuksen pienemm\u00e4ss\u00e4 koossa. Dreamfire Kamado Comfy Home on suunniteltu pienemmille perheille tai silloin, kun tilaa on v\u00e4h\u00e4n. <\/p>\n<p>Dreamfire Kamado Comfy Home on juuri oikean kokoinen, jotta se mahtuu helposti s\u00e4ilytystilaan, mutta siin\u00e4 on silti kaikki isomman kamadon ominaisuudet. Sen halkaisijaltaan 37 cm:n paistopinnan ansiosta voit valmistaa suussa sulavia ribsej\u00e4, kokonaisia kanoja, herkullisia hampurilaisia ja pizzoja kahdessa tasossa kerralla. <\/p>\n<p>Yksinomaisen kuusikulmaisen ulkomuodon ja valloittavan sinisen v\u00e4rin ansiosta t\u00e4m\u00e4 kamado on sek\u00e4 tyylik\u00e4s ett\u00e4 toimiva. Comfy Home tarjoaa useita erinomaisia ominaisuuksia, kuten: <\/p>\n<ul>\n<li><strong>LUX-kaksitasoinen grillausj\u00e4rjestelm\u00e4 <\/strong>&#8211; Kaksi tasoa, nelj\u00e4 <em>raskasta <\/em>puolikuun muotoista ruostumattomasta ter\u00e4ksest\u00e4 valmistettua ritil\u00e4\u00e4, kaksi puolikuun muotoista keraamista deflektorilevy\u00e4 ja k\u00e4tev\u00e4t kahvat koko j\u00e4rjestelm\u00e4n nostamiseen &#8211; t\u00e4m\u00e4 tekee Dreamfire Kamado Comfy -grillist\u00e4 todella joustavan grillin, jossa voit k\u00e4ytt\u00e4\u00e4 ritil\u00f6it\u00e4 ja deflektoreita kymmeniss\u00e4 eri kokoonpanoissa.<\/li>\n<li><strong>Dreamfire Meatspotter 100 Bluetooth-l\u00e4mp\u00f6mittari &#8211; <\/strong>Meatspotter 100 Bluetooth-l\u00e4mp\u00f6mittarimme antaa grillaajalle mielenrauhan ja mahdollisuuden jatkaa muita asioita samalla, kun Comfy valmistaa j\u00e4lleen herkullista ateriaa. Kun ruoka on valmista tai grillin sis\u00e4l\u00e4mp\u00f6tila muuttuu asetetusta l\u00e4mp\u00f6tilasta, puhelimesi Meatspotter-sovellus ilmoittaa sinulle siit\u00e4. Helppok\u00e4ytt\u00f6isen sovelluksen ja suuren taustavalaistun n\u00e4yt\u00f6n ansiosta grillauskokemus on mukavampi kuin koskaan. Voit seurata grillin tapahtumia puhelimestasi kaukana grillist\u00e4, kun taas n\u00e4et l\u00e4mp\u00f6tilat grillin vieress\u00e4 olevalta suurelta n\u00e4yt\u00f6lt\u00e4.   <\/li>\n<li><strong>Puiset sivup\u00f6yd\u00e4t, joissa on ripustuskoukut &#8211; <\/strong>Irrotettavat puiset sivup\u00f6yd\u00e4t antavat grillille ty\u00f6tason, johon tarvikkeet voidaan sijoittaa k\u00e4tev\u00e4sti. Koukkujen p\u00e4\u00e4h\u00e4n voit ripustaa k\u00e4tev\u00e4sti pihdit, lapiot, k\u00e4sineet ja muut. <\/li>\n<li><strong>Eritt\u00e4in paksut ruostumattomasta ter\u00e4ksest\u00e4 valmistetut ritil\u00e4t &#8211; <\/strong>Dreamfire Kamado Comfy -grilliss\u00e4 on eritt\u00e4in paksut ruostumattomasta ter\u00e4ksest\u00e4 valmistetut ritil\u00e4t, jotka varastoivat l\u00e4mp\u00f6\u00e4 kuin valurauta. N\u00e4ill\u00e4 ritil\u00f6ill\u00e4 on eritt\u00e4in pitk\u00e4 k\u00e4ytt\u00f6ik\u00e4 paksun materiaalin ansiosta. Ruostumattomat puolipy\u00f6re\u00e4t ritil\u00e4t on helppo puhdistaa, eiv\u00e4tk\u00e4 ne taivu tai sula.  <\/li>\n<li><strong>Ruostumattomasta ter\u00e4ksest\u00e4 valmistettu yl\u00e4kuorimalaite, jossa on kansi &#8211; <\/strong>Comfy- yl\u00e4kuorimalaitteessa on pitk\u00e4 kahva, jossa on kuumuutta kest\u00e4v\u00e4 k\u00e4rki helppoa ja turvallista k\u00e4ytt\u00f6\u00e4 varten. Laadukas ruostumaton ter\u00e4s antaa sille erinomaisen kest\u00e4vyyden, ja sadesuojan ansiosta grillin pit\u00e4minen ulkona on huoletonta ymp\u00e4ri vuoden. Vaikka ulkona olisi kuinka sateista, grilli pysyy sis\u00e4ll\u00e4 kuivana.  <\/li>\n<li><strong>Ruostumattomasta ter\u00e4ksest\u00e4 valmistettu hiilikori &#8211; <\/strong>pakettiin sis\u00e4ltyy helppok\u00e4ytt\u00f6inen hiilikori, jonka avulla p\u00e4\u00e4set k\u00e4tev\u00e4sti eroon hiilien v\u00e4liss\u00e4 olevasta ylim\u00e4\u00e4r\u00e4isest\u00e4 tuhkasta ja varmistat hiilen t\u00e4ydellisen ilmavirran. Ennen kamadon k\u00e4ytt\u00f6\u00e4 nosta hiilikori ulos grillist\u00e4, ravista tuhka ja pienet hiilihiukkaset pois ja aseta kori takaisin grilliin. Hiilikorin avulla sinulla ei ole koskaan ongelmaa, ett\u00e4 hiilen alla on tuhkakerros, joka est\u00e4\u00e4 hiilt\u00e4 palamasta tehokkaasti.  <\/li>\n<li><strong>Ruostumattomasta ter\u00e4ksest\u00e4 valmistettu jalkarunko &#8211; <\/strong>Sarjassa on tukeva ruostumattomasta ter\u00e4ksest\u00e4 valmistettu runko, jossa on laadukkaat py\u00f6r\u00e4t, joissa on vahvat jarrut. Runko on suunniteltu kest\u00e4m\u00e4\u00e4n ankaraa ilmastoamme, ja ruostumattoman metallin ansiosta se ei ruostu talvella ulkona. <\/li>\n<li><strong>Eritt\u00e4in tehokas tiiviste rungon ja kannen v\u00e4lill\u00e4 &#8211; <\/strong>Laadukas tiiviste tarkoittaa, ett\u00e4 kamado on t\u00e4ysin ilmatiivis vuosien ajan. Mit\u00e4 se tarkoittaa? Se tarkoittaa, ett\u00e4 grilliin syttyv\u00e4 tuli sammuu muutamassa minuutissa, kun suljet yl\u00e4- ja alatiivisteen &#8211; vertaansa vailla muiden johtavien kamadovalmistajien kanssa. Korkealaatuisen tiivisteen ja korkealaatuisen keramiikan ansiosta Dreamfire-kamadoja on erityisen helppo hallita, ja ne pit\u00e4v\u00e4t puuhiilen kulutuksen eritt\u00e4in alhaisena.   <\/li>\n<li><strong>Sadesuoja &#8211; <\/strong>Dreamfire Kamado Comfy Home -pakkaus sis\u00e4lt\u00e4\u00e4 laadukkaan sadesuojan, joka pit\u00e4\u00e4 grillisi puhtaana ja suojaa sit\u00e4 UV-s\u00e4teilt\u00e4, sateelta, lumelta ja (siitep\u00f6lylt\u00e4) p\u00f6lylt\u00e4.<\/li>\n<li><strong>Helppo koota &#8211; <\/strong>Dreamfire Kamado Comfy Home on suurelta osin valmiiksi koottu, joten sinun tarvitsee vain koota jalkakehys ja ruuvata kiinni kahva ja sivupaneelit. Kaikki muu on jo valmiiksi koottu, joten grilli on koottavissa alle 30 minuutissa. <\/li>\n<li><strong>Rajoitettu elinik\u00e4inen takuu<\/strong> &#8211; Dreamfire Kamado Comfy Homella on rajoitettu elinik\u00e4inen takuu keraamiselle rungolle. Seisomme tuotteemme laadun ja kest\u00e4vyyden takana ja takaamme tyytyv\u00e4isyytesi tuleviksi vuosiksi. <\/li>\n<\/ul>\n<h3>Tekniset tiedot:<\/h3>\n<ul>\n<li>V\u00e4ri: <i>sininen<\/i><\/li>\n<li>Vartalon vapaa tila: 43cm \/ 17&#8243;<\/li>\n<li>Rungon halkaisija: 37cm (14.5&#8243;)<\/li>\n<li>Kokonaiskeittoala: 2153 cm2<\/li>\n<\/ul>\n","protected":false},"excerpt":{"rendered":"<p>Dreamfire Kamado Comfy Home on kompakti ja monipuolinen kamado, jonka avulla voit luoda suuria makuja pienell\u00e4 grillill\u00e4. T\u00e4m\u00e4 kamado on ihanteellinen pienille perheille ja liikkeell\u00e4 oleville, sill\u00e4 se tarjoaa kaikki Comfy-sarjan poikkeukselliset ominaisuudet pienemm\u00e4ss\u00e4 koossa. Eksklusiivisen muotoilunsa, kaksivaiheisen kypsennysj\u00e4rjestelm\u00e4ns\u00e4, ruostumattomasta ter\u00e4ksest\u00e4 valmistettujen yksityiskohtiensa ja rajoitetun elinik\u00e4isen takuunsa ansiosta Comfy Home on polkusi unohtumattomiin grillauskokemuksiin.  <\/p>\n","protected":false},"featured_media":23217,"comment_status":"open","ping_status":"closed","template":"","meta":[],"product_brand":[192],"product_cat":[782,781],"product_tag":[],"class_list":{"0":"post-23216","1":"product","2":"type-product","3":"status-publish","4":"has-post-thumbnail","6":"product_brand-dreamfire","7":"product_cat-kamado-uunit","8":"product_cat-uunit","9":"product_shipping_class-ilmainen-toimitus","11":"first","12":"instock","13":"taxable","14":"shipping-taxable","15":"purchasable","16":"product-type-simple"},"yoast_head":"<!-- This site is optimized with the Yoast SEO plugin v27.4 - https:\/\/yoast.com\/product\/yoast-seo-wordpress\/ -->\n<title>Dreamfire Kamado Comfy Home - BBQ \u00c4ssad<\/title>\n<meta name=\"description\" content=\"Dreamfire\u00ae Kamado Comfy Home - kompakti 37 cm (14,5&quot;) keittotaso pienelle perheelle. LUX kaksitasoinen j\u00e4rjestelm\u00e4.\" \/>\n<meta name=\"robots\" content=\"index, follow, max-snippet:-1, max-image-preview:large, max-video-preview:-1\" \/>\n<link rel=\"canonical\" href=\"https:\/\/bbqassad.ee\/fi\/toode\/dreamfire-kamado-comfy-home-2\/\" \/>\n<meta property=\"og:locale\" content=\"fi_FI\" \/>\n<meta property=\"og:type\" content=\"article\" \/>\n<meta property=\"og:title\" content=\"Dreamfire Kamado Comfy Home\" \/>\n<meta property=\"og:description\" content=\"Dreamfire\u00ae Kamado Comfy Home - kompakti 37 cm (14,5&quot;) keittotaso pienelle perheelle. Mukana kaksitasoinen LUX-j\u00e4rjestelm\u00e4, Meatspotter Bluetooth-l\u00e4mp\u00f6mittari ja sadesuoja.\" \/>\n<meta property=\"og:url\" content=\"https:\/\/bbqassad.ee\/fi\/toode\/dreamfire-kamado-comfy-home-2\/\" \/>\n<meta property=\"og:site_name\" content=\"BBQ \u00c4ssad\" \/>\n<meta property=\"article:publisher\" content=\"https:\/\/www.facebook.com\/bbqassad\" \/>\n<meta property=\"article:modified_time\" content=\"2026-04-14T06:33:32+00:00\" \/>\n<meta property=\"og:image\" content=\"https:\/\/bbqassad.ee\/wp-content\/uploads\/2023\/09\/Dreamfire-Kamado-Comfy-Home-1-300x300.jpg\" \/>\n<meta name=\"twitter:card\" content=\"summary_large_image\" \/>\n<meta name=\"twitter:label1\" content=\"Arvioitu lukuaika\" \/>\n\t<meta name=\"twitter:data1\" content=\"3 minuuttia\" \/>\n<script type=\"application\/ld+json\" class=\"yoast-schema-graph\">{\"@context\":\"https:\\\/\\\/schema.org\",\"@graph\":[{\"@type\":\"WebPage\",\"@id\":\"https:\\\/\\\/bbqassad.ee\\\/fi\\\/toode\\\/dreamfire-kamado-comfy-home-2\\\/\",\"url\":\"https:\\\/\\\/bbqassad.ee\\\/fi\\\/toode\\\/dreamfire-kamado-comfy-home-2\\\/\",\"name\":\"Dreamfire Kamado Comfy Home - BBQ \u00c4ssad\",\"isPartOf\":{\"@id\":\"https:\\\/\\\/bbqassad.ee\\\/fi\\\/#website\"},\"primaryImageOfPage\":{\"@id\":\"https:\\\/\\\/bbqassad.ee\\\/fi\\\/toode\\\/dreamfire-kamado-comfy-home-2\\\/#primaryimage\"},\"image\":{\"@id\":\"https:\\\/\\\/bbqassad.ee\\\/fi\\\/toode\\\/dreamfire-kamado-comfy-home-2\\\/#primaryimage\"},\"thumbnailUrl\":\"https:\\\/\\\/bbqassad.ee\\\/wp-content\\\/uploads\\\/2023\\\/09\\\/Dreamfire-Kamado-Comfy-Home-1.jpg\",\"datePublished\":\"2023-09-27T11:56:21+00:00\",\"dateModified\":\"2026-04-14T06:33:32+00:00\",\"description\":\"Dreamfire\u00ae Kamado Comfy Home - kompakti 37 cm (14,5\\\") keittotaso pienelle perheelle. LUX kaksitasoinen j\u00e4rjestelm\u00e4.\",\"breadcrumb\":{\"@id\":\"https:\\\/\\\/bbqassad.ee\\\/fi\\\/toode\\\/dreamfire-kamado-comfy-home-2\\\/#breadcrumb\"},\"inLanguage\":\"fi\",\"potentialAction\":[{\"@type\":\"ReadAction\",\"target\":[\"https:\\\/\\\/bbqassad.ee\\\/fi\\\/toode\\\/dreamfire-kamado-comfy-home-2\\\/\"]}]},{\"@type\":\"ImageObject\",\"inLanguage\":\"fi\",\"@id\":\"https:\\\/\\\/bbqassad.ee\\\/fi\\\/toode\\\/dreamfire-kamado-comfy-home-2\\\/#primaryimage\",\"url\":\"https:\\\/\\\/bbqassad.ee\\\/wp-content\\\/uploads\\\/2023\\\/09\\\/Dreamfire-Kamado-Comfy-Home-1.jpg\",\"contentUrl\":\"https:\\\/\\\/bbqassad.ee\\\/wp-content\\\/uploads\\\/2023\\\/09\\\/Dreamfire-Kamado-Comfy-Home-1.jpg\",\"width\":1500,\"height\":1500,\"caption\":\"Dreamfire Kamado Comfy Home\"},{\"@type\":\"BreadcrumbList\",\"@id\":\"https:\\\/\\\/bbqassad.ee\\\/fi\\\/toode\\\/dreamfire-kamado-comfy-home-2\\\/#breadcrumb\",\"itemListElement\":[{\"@type\":\"ListItem\",\"position\":1,\"name\":\"Home\",\"item\":\"https:\\\/\\\/bbqassad.ee\\\/fi\\\/bbq-assat\\\/\"},{\"@type\":\"ListItem\",\"position\":2,\"name\":\"Verkkokauppa\",\"item\":\"https:\\\/\\\/bbqassad.ee\\\/fi\\\/verkkokauppa\\\/\"},{\"@type\":\"ListItem\",\"position\":3,\"name\":\"Dreamfire Kamado Comfy Home\"}]},{\"@type\":\"WebSite\",\"@id\":\"https:\\\/\\\/bbqassad.ee\\\/fi\\\/#website\",\"url\":\"https:\\\/\\\/bbqassad.ee\\\/fi\\\/\",\"name\":\"BBQ \u00c4ssad\",\"description\":\"BBQ maitseained, kastmed, ahjud\",\"publisher\":{\"@id\":\"https:\\\/\\\/bbqassad.ee\\\/fi\\\/#organization\"},\"potentialAction\":[{\"@type\":\"SearchAction\",\"target\":{\"@type\":\"EntryPoint\",\"urlTemplate\":\"https:\\\/\\\/bbqassad.ee\\\/fi\\\/?s={search_term_string}\"},\"query-input\":{\"@type\":\"PropertyValueSpecification\",\"valueRequired\":true,\"valueName\":\"search_term_string\"}}],\"inLanguage\":\"fi\"},{\"@type\":\"Organization\",\"@id\":\"https:\\\/\\\/bbqassad.ee\\\/fi\\\/#organization\",\"name\":\"BBQ \u00c4ssad\",\"url\":\"https:\\\/\\\/bbqassad.ee\\\/fi\\\/\",\"logo\":{\"@type\":\"ImageObject\",\"inLanguage\":\"fi\",\"@id\":\"https:\\\/\\\/bbqassad.ee\\\/fi\\\/#\\\/schema\\\/logo\\\/image\\\/\",\"url\":\"https:\\\/\\\/bbqassad.ee\\\/wp-content\\\/uploads\\\/2022\\\/10\\\/BBQ-2ssadlogo.png\",\"contentUrl\":\"https:\\\/\\\/bbqassad.ee\\\/wp-content\\\/uploads\\\/2022\\\/10\\\/BBQ-2ssadlogo.png\",\"width\":1080,\"height\":1080,\"caption\":\"BBQ \u00c4ssad\"},\"image\":{\"@id\":\"https:\\\/\\\/bbqassad.ee\\\/fi\\\/#\\\/schema\\\/logo\\\/image\\\/\"},\"sameAs\":[\"https:\\\/\\\/www.facebook.com\\\/bbqassad\",\"https:\\\/\\\/www.youtube.com\\\/channel\\\/UCsoufn49J6TVi9Ah9meE93w\"]}]}<\/script>\n<!-- \/ Yoast SEO plugin. -->","yoast_head_json":{"title":"Dreamfire Kamado Comfy Home - BBQ \u00c4ssad","description":"Dreamfire\u00ae Kamado Comfy Home - kompakti 37 cm (14,5\") keittotaso pienelle perheelle. LUX kaksitasoinen j\u00e4rjestelm\u00e4.","robots":{"index":"index","follow":"follow","max-snippet":"max-snippet:-1","max-image-preview":"max-image-preview:large","max-video-preview":"max-video-preview:-1"},"canonical":"https:\/\/bbqassad.ee\/fi\/toode\/dreamfire-kamado-comfy-home-2\/","og_locale":"fi_FI","og_type":"article","og_title":"Dreamfire Kamado Comfy Home","og_description":"Dreamfire\u00ae Kamado Comfy Home - kompakti 37 cm (14,5\") keittotaso pienelle perheelle. Mukana kaksitasoinen LUX-j\u00e4rjestelm\u00e4, Meatspotter Bluetooth-l\u00e4mp\u00f6mittari ja sadesuoja.","og_url":"https:\/\/bbqassad.ee\/fi\/toode\/dreamfire-kamado-comfy-home-2\/","og_site_name":"BBQ \u00c4ssad","article_publisher":"https:\/\/www.facebook.com\/bbqassad","article_modified_time":"2026-04-14T06:33:32+00:00","og_image":[{"url":"https:\/\/bbqassad.ee\/wp-content\/uploads\/2023\/09\/Dreamfire-Kamado-Comfy-Home-1-300x300.jpg","type":"","width":"","height":""}],"twitter_card":"summary_large_image","twitter_misc":{"Arvioitu lukuaika":"3 minuuttia"},"schema":{"@context":"https:\/\/schema.org","@graph":[{"@type":"WebPage","@id":"https:\/\/bbqassad.ee\/fi\/toode\/dreamfire-kamado-comfy-home-2\/","url":"https:\/\/bbqassad.ee\/fi\/toode\/dreamfire-kamado-comfy-home-2\/","name":"Dreamfire Kamado Comfy Home - BBQ \u00c4ssad","isPartOf":{"@id":"https:\/\/bbqassad.ee\/fi\/#website"},"primaryImageOfPage":{"@id":"https:\/\/bbqassad.ee\/fi\/toode\/dreamfire-kamado-comfy-home-2\/#primaryimage"},"image":{"@id":"https:\/\/bbqassad.ee\/fi\/toode\/dreamfire-kamado-comfy-home-2\/#primaryimage"},"thumbnailUrl":"https:\/\/bbqassad.ee\/wp-content\/uploads\/2023\/09\/Dreamfire-Kamado-Comfy-Home-1.jpg","datePublished":"2023-09-27T11:56:21+00:00","dateModified":"2026-04-14T06:33:32+00:00","description":"Dreamfire\u00ae Kamado Comfy Home - kompakti 37 cm (14,5\") keittotaso pienelle perheelle. LUX kaksitasoinen j\u00e4rjestelm\u00e4.","breadcrumb":{"@id":"https:\/\/bbqassad.ee\/fi\/toode\/dreamfire-kamado-comfy-home-2\/#breadcrumb"},"inLanguage":"fi","potentialAction":[{"@type":"ReadAction","target":["https:\/\/bbqassad.ee\/fi\/toode\/dreamfire-kamado-comfy-home-2\/"]}]},{"@type":"ImageObject","inLanguage":"fi","@id":"https:\/\/bbqassad.ee\/fi\/toode\/dreamfire-kamado-comfy-home-2\/#primaryimage","url":"https:\/\/bbqassad.ee\/wp-content\/uploads\/2023\/09\/Dreamfire-Kamado-Comfy-Home-1.jpg","contentUrl":"https:\/\/bbqassad.ee\/wp-content\/uploads\/2023\/09\/Dreamfire-Kamado-Comfy-Home-1.jpg","width":1500,"height":1500,"caption":"Dreamfire Kamado Comfy Home"},{"@type":"BreadcrumbList","@id":"https:\/\/bbqassad.ee\/fi\/toode\/dreamfire-kamado-comfy-home-2\/#breadcrumb","itemListElement":[{"@type":"ListItem","position":1,"name":"Home","item":"https:\/\/bbqassad.ee\/fi\/bbq-assat\/"},{"@type":"ListItem","position":2,"name":"Verkkokauppa","item":"https:\/\/bbqassad.ee\/fi\/verkkokauppa\/"},{"@type":"ListItem","position":3,"name":"Dreamfire Kamado Comfy Home"}]},{"@type":"WebSite","@id":"https:\/\/bbqassad.ee\/fi\/#website","url":"https:\/\/bbqassad.ee\/fi\/","name":"BBQ \u00c4ssad","description":"BBQ maitseained, kastmed, ahjud","publisher":{"@id":"https:\/\/bbqassad.ee\/fi\/#organization"},"potentialAction":[{"@type":"SearchAction","target":{"@type":"EntryPoint","urlTemplate":"https:\/\/bbqassad.ee\/fi\/?s={search_term_string}"},"query-input":{"@type":"PropertyValueSpecification","valueRequired":true,"valueName":"search_term_string"}}],"inLanguage":"fi"},{"@type":"Organization","@id":"https:\/\/bbqassad.ee\/fi\/#organization","name":"BBQ \u00c4ssad","url":"https:\/\/bbqassad.ee\/fi\/","logo":{"@type":"ImageObject","inLanguage":"fi","@id":"https:\/\/bbqassad.ee\/fi\/#\/schema\/logo\/image\/","url":"https:\/\/bbqassad.ee\/wp-content\/uploads\/2022\/10\/BBQ-2ssadlogo.png","contentUrl":"https:\/\/bbqassad.ee\/wp-content\/uploads\/2022\/10\/BBQ-2ssadlogo.png","width":1080,"height":1080,"caption":"BBQ \u00c4ssad"},"image":{"@id":"https:\/\/bbqassad.ee\/fi\/#\/schema\/logo\/image\/"},"sameAs":["https:\/\/www.facebook.com\/bbqassad","https:\/\/www.youtube.com\/channel\/UCsoufn49J6TVi9Ah9meE93w"]}]}},"_links":{"self":[{"href":"https:\/\/bbqassad.ee\/fi\/wp-json\/wp\/v2\/product\/23216","targetHints":{"allow":["GET"]}}],"collection":[{"href":"https:\/\/bbqassad.ee\/fi\/wp-json\/wp\/v2\/product"}],"about":[{"href":"https:\/\/bbqassad.ee\/fi\/wp-json\/wp\/v2\/types\/product"}],"replies":[{"embeddable":true,"href":"https:\/\/bbqassad.ee\/fi\/wp-json\/wp\/v2\/comments?post=23216"}],"wp:featuredmedia":[{"embeddable":true,"href":"https:\/\/bbqassad.ee\/fi\/wp-json\/wp\/v2\/media\/23217"}],"wp:attachment":[{"href":"https:\/\/bbqassad.ee\/fi\/wp-json\/wp\/v2\/media?parent=23216"}],"wp:term":[{"taxonomy":"product_brand","embeddable":true,"href":"https:\/\/bbqassad.ee\/fi\/wp-json\/wp\/v2\/product_brand?post=23216"},{"taxonomy":"product_cat","embeddable":true,"href":"https:\/\/bbqassad.ee\/fi\/wp-json\/wp\/v2\/product_cat?post=23216"},{"taxonomy":"product_tag","embeddable":true,"href":"https:\/\/bbqassad.ee\/fi\/wp-json\/wp\/v2\/product_tag?post=23216"}],"curies":[{"name":"wp","href":"https:\/\/api.w.org\/{rel}","templated":true}]}}