{"id":23188,"date":"2023-09-27T12:50:02","date_gmt":"2023-09-27T12:50:02","guid":{"rendered":"https:\/\/bbqassad.ee\/toode\/paljas-kuorintaveitsi-80mm\/"},"modified":"2026-04-14T06:33:31","modified_gmt":"2026-04-14T06:33:31","slug":"bare-kuorintaveitsi-80mm","status":"publish","type":"product","link":"https:\/\/bbqassad.ee\/fi\/toode\/bare-kuorintaveitsi-80mm\/","title":{"rendered":"Bare kuorintaveitsi 80mm"},"content":{"rendered":"<h1>Bare kuori 80mm<\/h1>\n<p id=\"tw-target-text\" class=\"tw-data-text tw-text-large tw-ta\" dir=\"ltr\" data-placeholder=\"T\u00f5lge\"><span class=\"Y2IQFc\" lang=\"et\">Pieni mutta mahtava. Hyv\u00e4, ter\u00e4v\u00e4 kuorimaveitsi on v\u00e4ltt\u00e4m\u00e4t\u00f6n osa jokaista keitti\u00f6t\u00e4. Hyv\u00e4 ter\u00e4v\u00e4 veitsi leikkaa tarkasti ja puhtaasti ja s\u00e4\u00e4st\u00e4\u00e4 arvokasta aikaa. Hyv\u00e4 ter\u00e4v\u00e4 veitsi tekee ruoanlaitosta hauskaa.   <\/span><\/p>\n<p>&nbsp;<\/p>\n","protected":false},"excerpt":{"rendered":"<p id=\"tw-target-text\" class=\"tw-data-text tw-text-large tw-ta\" dir=\"ltr\" data-placeholder=\"T\u00f5lge\"><span class=\"Y2IQFc\" lang=\"et\">Erityispiirteet:  <\/span><\/p>\n<ul>\n<li class=\"tw-data-text tw-text-large tw-ta\" dir=\"ltr\" data-placeholder=\"T\u00f5lge\"><span class=\"Y2IQFc\" lang=\"et\">N\u00e4m\u00e4 ter\u00e4t on teroitettu 15\u00b0 kulmaan perinteisen 18-25\u00b0 kulman sijaan. Tuloksena on partaveitsenter\u00e4v\u00e4 s\u00e4rm\u00e4. <\/span><\/li>\n<li class=\"tw-data-text tw-text-large tw-ta\" dir=\"ltr\" data-placeholder=\"T\u00f5lge\"><span class=\"Y2IQFc\" lang=\"et\">Vallankumouksellinen valmistustekniikka tulostaa 3D-vuoristokuvioita. Saksalaista X50CrMov15-ter\u00e4st\u00e4 k\u00e4ytet\u00e4\u00e4n varmistamaan, ett\u00e4 veitsesi on korroosionkest\u00e4v\u00e4 ja kest\u00e4\u00e4 kaikki haasteet.   <\/span><\/li>\n<li class=\"tw-data-text tw-text-large tw-ta\" dir=\"ltr\" data-placeholder=\"T\u00f5lge\"><span class=\"Y2IQFc\" lang=\"et\">Hyv\u00e4 kovapuukahva. T\u00e4ysin luonnollinen, kest\u00e4v\u00e4 ja juuri oikean tuntuinen k\u00e4dess\u00e4si. <\/span><\/li>\n<\/ul>\n","protected":false},"featured_media":23753,"comment_status":"open","ping_status":"closed","template":"","meta":[],"product_brand":[],"product_cat":[814],"product_tag":[],"class_list":{"0":"post-23188","1":"product","2":"type-product","3":"status-publish","4":"has-post-thumbnail","6":"product_cat-veitset","8":"first","9":"outofstock","10":"taxable","11":"shipping-taxable","12":"purchasable","13":"product-type-simple"},"yoast_head":"<!-- This site is optimized with the Yoast SEO plugin v27.4 - https:\/\/yoast.com\/product\/yoast-seo-wordpress\/ -->\n<title>Bare kuorintaveitsi 80mm - BBQ \u00c4ssad %<\/title>\n<meta name=\"description\" content=\"Bare-kuorintaveitsi 80mm on valmistettu saksalaisesta X50CrMov15-ter\u00e4ksest\u00e4 korroosionkest\u00e4vyyden vuoksi. Erityinen 15\u00b0 leikkauskulma takaa ter\u00e4v\u00e4n leikkauksen.\" \/>\n<meta name=\"robots\" content=\"index, follow, max-snippet:-1, max-image-preview:large, max-video-preview:-1\" \/>\n<link rel=\"canonical\" href=\"https:\/\/bbqassad.ee\/fi\/toode\/bare-kuorintaveitsi-80mm\/\" \/>\n<meta property=\"og:locale\" content=\"fi_FI\" \/>\n<meta property=\"og:type\" content=\"article\" \/>\n<meta property=\"og:title\" content=\"Paljas kuorintaveitsi 80mm - BBQ \u00c4ssad %\" \/>\n<meta property=\"og:description\" content=\"Bare-kuorintaveitsi 80mm on valmistettu saksalaisesta X50CrMov15-ter\u00e4ksest\u00e4 korroosionkest\u00e4vyyden vuoksi. Erityinen 15\u00b0 leikkauskulma takaa ter\u00e4v\u00e4n leikkauksen.\" \/>\n<meta property=\"og:url\" content=\"https:\/\/bbqassad.ee\/fi\/toode\/bare-kuorintaveitsi-80mm\/\" \/>\n<meta property=\"og:site_name\" content=\"BBQ \u00c4ssad\" \/>\n<meta property=\"article:publisher\" content=\"https:\/\/www.facebook.com\/bbqassad\" \/>\n<meta property=\"article:modified_time\" content=\"2026-04-14T06:33:31+00:00\" \/>\n<meta property=\"og:image\" content=\"https:\/\/bbqassad.ee\/wp-content\/uploads\/2023\/08\/nuga-koige-vaiksem.png\" \/>\n<meta name=\"twitter:card\" content=\"summary_large_image\" \/>\n<meta name=\"twitter:title\" content=\"Paljas kuorintaveitsi 80mm - BBQ \u00c4ssad%\" \/>\n<meta name=\"twitter:description\" content=\"Bare-kuorintaveitsi 80mm on valmistettu saksalaisesta X50CrMov15-ter\u00e4ksest\u00e4 korroosionkest\u00e4vyyden vuoksi. Erityinen 15\u00b0 leikkauskulma takaa ter\u00e4v\u00e4n leikkauksen.\" \/>\n<meta name=\"twitter:image\" content=\"https:\/\/bbqassad.ee\/wp-content\/uploads\/2023\/08\/nuga-koige-vaiksem.png\" \/>\n<meta name=\"twitter:label1\" content=\"Arvioitu lukuaika\" \/>\n\t<meta name=\"twitter:data1\" content=\"1 minuutti\" \/>\n<script type=\"application\/ld+json\" class=\"yoast-schema-graph\">{\"@context\":\"https:\\\/\\\/schema.org\",\"@graph\":[{\"@type\":\"WebPage\",\"@id\":\"https:\\\/\\\/bbqassad.ee\\\/fi\\\/toode\\\/bare-kuorintaveitsi-80mm\\\/\",\"url\":\"https:\\\/\\\/bbqassad.ee\\\/fi\\\/toode\\\/bare-kuorintaveitsi-80mm\\\/\",\"name\":\"Bare kuorintaveitsi 80mm - BBQ \u00c4ssad %\",\"isPartOf\":{\"@id\":\"https:\\\/\\\/bbqassad.ee\\\/fi\\\/#website\"},\"primaryImageOfPage\":{\"@id\":\"https:\\\/\\\/bbqassad.ee\\\/fi\\\/toode\\\/bare-kuorintaveitsi-80mm\\\/#primaryimage\"},\"image\":{\"@id\":\"https:\\\/\\\/bbqassad.ee\\\/fi\\\/toode\\\/bare-kuorintaveitsi-80mm\\\/#primaryimage\"},\"thumbnailUrl\":\"https:\\\/\\\/bbqassad.ee\\\/wp-content\\\/uploads\\\/2023\\\/08\\\/nuga-koige-vaiksem.png\",\"datePublished\":\"2023-09-27T12:50:02+00:00\",\"dateModified\":\"2026-04-14T06:33:31+00:00\",\"description\":\"Bare-kuorintaveitsi 80mm on valmistettu saksalaisesta X50CrMov15-ter\u00e4ksest\u00e4 korroosionkest\u00e4vyyden vuoksi. Erityinen 15\u00b0 leikkauskulma takaa ter\u00e4v\u00e4n leikkauksen.\",\"breadcrumb\":{\"@id\":\"https:\\\/\\\/bbqassad.ee\\\/fi\\\/toode\\\/bare-kuorintaveitsi-80mm\\\/#breadcrumb\"},\"inLanguage\":\"fi\",\"potentialAction\":[{\"@type\":\"ReadAction\",\"target\":[\"https:\\\/\\\/bbqassad.ee\\\/fi\\\/toode\\\/bare-kuorintaveitsi-80mm\\\/\"]}]},{\"@type\":\"ImageObject\",\"inLanguage\":\"fi\",\"@id\":\"https:\\\/\\\/bbqassad.ee\\\/fi\\\/toode\\\/bare-kuorintaveitsi-80mm\\\/#primaryimage\",\"url\":\"https:\\\/\\\/bbqassad.ee\\\/wp-content\\\/uploads\\\/2023\\\/08\\\/nuga-koige-vaiksem.png\",\"contentUrl\":\"https:\\\/\\\/bbqassad.ee\\\/wp-content\\\/uploads\\\/2023\\\/08\\\/nuga-koige-vaiksem.png\",\"width\":800,\"height\":800,\"caption\":\"BBQ \u00c4ssad Noad\"},{\"@type\":\"BreadcrumbList\",\"@id\":\"https:\\\/\\\/bbqassad.ee\\\/fi\\\/toode\\\/bare-kuorintaveitsi-80mm\\\/#breadcrumb\",\"itemListElement\":[{\"@type\":\"ListItem\",\"position\":1,\"name\":\"Home\",\"item\":\"https:\\\/\\\/bbqassad.ee\\\/fi\\\/bbq-assat\\\/\"},{\"@type\":\"ListItem\",\"position\":2,\"name\":\"Verkkokauppa\",\"item\":\"https:\\\/\\\/bbqassad.ee\\\/fi\\\/verkkokauppa\\\/\"},{\"@type\":\"ListItem\",\"position\":3,\"name\":\"Bare kuorintaveitsi 80mm\"}]},{\"@type\":\"WebSite\",\"@id\":\"https:\\\/\\\/bbqassad.ee\\\/fi\\\/#website\",\"url\":\"https:\\\/\\\/bbqassad.ee\\\/fi\\\/\",\"name\":\"BBQ \u00c4ssad\",\"description\":\"BBQ maitseained, kastmed, ahjud\",\"publisher\":{\"@id\":\"https:\\\/\\\/bbqassad.ee\\\/fi\\\/#organization\"},\"potentialAction\":[{\"@type\":\"SearchAction\",\"target\":{\"@type\":\"EntryPoint\",\"urlTemplate\":\"https:\\\/\\\/bbqassad.ee\\\/fi\\\/?s={search_term_string}\"},\"query-input\":{\"@type\":\"PropertyValueSpecification\",\"valueRequired\":true,\"valueName\":\"search_term_string\"}}],\"inLanguage\":\"fi\"},{\"@type\":\"Organization\",\"@id\":\"https:\\\/\\\/bbqassad.ee\\\/fi\\\/#organization\",\"name\":\"BBQ \u00c4ssad\",\"url\":\"https:\\\/\\\/bbqassad.ee\\\/fi\\\/\",\"logo\":{\"@type\":\"ImageObject\",\"inLanguage\":\"fi\",\"@id\":\"https:\\\/\\\/bbqassad.ee\\\/fi\\\/#\\\/schema\\\/logo\\\/image\\\/\",\"url\":\"https:\\\/\\\/bbqassad.ee\\\/wp-content\\\/uploads\\\/2022\\\/10\\\/BBQ-2ssadlogo.png\",\"contentUrl\":\"https:\\\/\\\/bbqassad.ee\\\/wp-content\\\/uploads\\\/2022\\\/10\\\/BBQ-2ssadlogo.png\",\"width\":1080,\"height\":1080,\"caption\":\"BBQ \u00c4ssad\"},\"image\":{\"@id\":\"https:\\\/\\\/bbqassad.ee\\\/fi\\\/#\\\/schema\\\/logo\\\/image\\\/\"},\"sameAs\":[\"https:\\\/\\\/www.facebook.com\\\/bbqassad\",\"https:\\\/\\\/www.youtube.com\\\/channel\\\/UCsoufn49J6TVi9Ah9meE93w\"]}]}<\/script>\n<!-- \/ Yoast SEO plugin. -->","yoast_head_json":{"title":"Bare kuorintaveitsi 80mm - BBQ \u00c4ssad %","description":"Bare-kuorintaveitsi 80mm on valmistettu saksalaisesta X50CrMov15-ter\u00e4ksest\u00e4 korroosionkest\u00e4vyyden vuoksi. Erityinen 15\u00b0 leikkauskulma takaa ter\u00e4v\u00e4n leikkauksen.","robots":{"index":"index","follow":"follow","max-snippet":"max-snippet:-1","max-image-preview":"max-image-preview:large","max-video-preview":"max-video-preview:-1"},"canonical":"https:\/\/bbqassad.ee\/fi\/toode\/bare-kuorintaveitsi-80mm\/","og_locale":"fi_FI","og_type":"article","og_title":"Paljas kuorintaveitsi 80mm - BBQ \u00c4ssad %","og_description":"Bare-kuorintaveitsi 80mm on valmistettu saksalaisesta X50CrMov15-ter\u00e4ksest\u00e4 korroosionkest\u00e4vyyden vuoksi. Erityinen 15\u00b0 leikkauskulma takaa ter\u00e4v\u00e4n leikkauksen.","og_url":"https:\/\/bbqassad.ee\/fi\/toode\/bare-kuorintaveitsi-80mm\/","og_site_name":"BBQ \u00c4ssad","article_publisher":"https:\/\/www.facebook.com\/bbqassad","article_modified_time":"2026-04-14T06:33:31+00:00","og_image":[{"url":"https:\/\/bbqassad.ee\/wp-content\/uploads\/2023\/08\/nuga-koige-vaiksem.png","type":"","width":"","height":""}],"twitter_card":"summary_large_image","twitter_title":"Paljas kuorintaveitsi 80mm - BBQ \u00c4ssad%","twitter_description":"Bare-kuorintaveitsi 80mm on valmistettu saksalaisesta X50CrMov15-ter\u00e4ksest\u00e4 korroosionkest\u00e4vyyden vuoksi. Erityinen 15\u00b0 leikkauskulma takaa ter\u00e4v\u00e4n leikkauksen.","twitter_image":"https:\/\/bbqassad.ee\/wp-content\/uploads\/2023\/08\/nuga-koige-vaiksem.png","twitter_misc":{"Arvioitu lukuaika":"1 minuutti"},"schema":{"@context":"https:\/\/schema.org","@graph":[{"@type":"WebPage","@id":"https:\/\/bbqassad.ee\/fi\/toode\/bare-kuorintaveitsi-80mm\/","url":"https:\/\/bbqassad.ee\/fi\/toode\/bare-kuorintaveitsi-80mm\/","name":"Bare kuorintaveitsi 80mm - BBQ \u00c4ssad %","isPartOf":{"@id":"https:\/\/bbqassad.ee\/fi\/#website"},"primaryImageOfPage":{"@id":"https:\/\/bbqassad.ee\/fi\/toode\/bare-kuorintaveitsi-80mm\/#primaryimage"},"image":{"@id":"https:\/\/bbqassad.ee\/fi\/toode\/bare-kuorintaveitsi-80mm\/#primaryimage"},"thumbnailUrl":"https:\/\/bbqassad.ee\/wp-content\/uploads\/2023\/08\/nuga-koige-vaiksem.png","datePublished":"2023-09-27T12:50:02+00:00","dateModified":"2026-04-14T06:33:31+00:00","description":"Bare-kuorintaveitsi 80mm on valmistettu saksalaisesta X50CrMov15-ter\u00e4ksest\u00e4 korroosionkest\u00e4vyyden vuoksi. Erityinen 15\u00b0 leikkauskulma takaa ter\u00e4v\u00e4n leikkauksen.","breadcrumb":{"@id":"https:\/\/bbqassad.ee\/fi\/toode\/bare-kuorintaveitsi-80mm\/#breadcrumb"},"inLanguage":"fi","potentialAction":[{"@type":"ReadAction","target":["https:\/\/bbqassad.ee\/fi\/toode\/bare-kuorintaveitsi-80mm\/"]}]},{"@type":"ImageObject","inLanguage":"fi","@id":"https:\/\/bbqassad.ee\/fi\/toode\/bare-kuorintaveitsi-80mm\/#primaryimage","url":"https:\/\/bbqassad.ee\/wp-content\/uploads\/2023\/08\/nuga-koige-vaiksem.png","contentUrl":"https:\/\/bbqassad.ee\/wp-content\/uploads\/2023\/08\/nuga-koige-vaiksem.png","width":800,"height":800,"caption":"BBQ \u00c4ssad Noad"},{"@type":"BreadcrumbList","@id":"https:\/\/bbqassad.ee\/fi\/toode\/bare-kuorintaveitsi-80mm\/#breadcrumb","itemListElement":[{"@type":"ListItem","position":1,"name":"Home","item":"https:\/\/bbqassad.ee\/fi\/bbq-assat\/"},{"@type":"ListItem","position":2,"name":"Verkkokauppa","item":"https:\/\/bbqassad.ee\/fi\/verkkokauppa\/"},{"@type":"ListItem","position":3,"name":"Bare kuorintaveitsi 80mm"}]},{"@type":"WebSite","@id":"https:\/\/bbqassad.ee\/fi\/#website","url":"https:\/\/bbqassad.ee\/fi\/","name":"BBQ \u00c4ssad","description":"BBQ maitseained, kastmed, ahjud","publisher":{"@id":"https:\/\/bbqassad.ee\/fi\/#organization"},"potentialAction":[{"@type":"SearchAction","target":{"@type":"EntryPoint","urlTemplate":"https:\/\/bbqassad.ee\/fi\/?s={search_term_string}"},"query-input":{"@type":"PropertyValueSpecification","valueRequired":true,"valueName":"search_term_string"}}],"inLanguage":"fi"},{"@type":"Organization","@id":"https:\/\/bbqassad.ee\/fi\/#organization","name":"BBQ \u00c4ssad","url":"https:\/\/bbqassad.ee\/fi\/","logo":{"@type":"ImageObject","inLanguage":"fi","@id":"https:\/\/bbqassad.ee\/fi\/#\/schema\/logo\/image\/","url":"https:\/\/bbqassad.ee\/wp-content\/uploads\/2022\/10\/BBQ-2ssadlogo.png","contentUrl":"https:\/\/bbqassad.ee\/wp-content\/uploads\/2022\/10\/BBQ-2ssadlogo.png","width":1080,"height":1080,"caption":"BBQ \u00c4ssad"},"image":{"@id":"https:\/\/bbqassad.ee\/fi\/#\/schema\/logo\/image\/"},"sameAs":["https:\/\/www.facebook.com\/bbqassad","https:\/\/www.youtube.com\/channel\/UCsoufn49J6TVi9Ah9meE93w"]}]}},"_links":{"self":[{"href":"https:\/\/bbqassad.ee\/fi\/wp-json\/wp\/v2\/product\/23188","targetHints":{"allow":["GET"]}}],"collection":[{"href":"https:\/\/bbqassad.ee\/fi\/wp-json\/wp\/v2\/product"}],"about":[{"href":"https:\/\/bbqassad.ee\/fi\/wp-json\/wp\/v2\/types\/product"}],"replies":[{"embeddable":true,"href":"https:\/\/bbqassad.ee\/fi\/wp-json\/wp\/v2\/comments?post=23188"}],"wp:featuredmedia":[{"embeddable":true,"href":"https:\/\/bbqassad.ee\/fi\/wp-json\/wp\/v2\/media\/23753"}],"wp:attachment":[{"href":"https:\/\/bbqassad.ee\/fi\/wp-json\/wp\/v2\/media?parent=23188"}],"wp:term":[{"taxonomy":"product_brand","embeddable":true,"href":"https:\/\/bbqassad.ee\/fi\/wp-json\/wp\/v2\/product_brand?post=23188"},{"taxonomy":"product_cat","embeddable":true,"href":"https:\/\/bbqassad.ee\/fi\/wp-json\/wp\/v2\/product_cat?post=23188"},{"taxonomy":"product_tag","embeddable":true,"href":"https:\/\/bbqassad.ee\/fi\/wp-json\/wp\/v2\/product_tag?post=23188"}],"curies":[{"name":"wp","href":"https:\/\/api.w.org\/{rel}","templated":true}]}}