{"id":23176,"date":"2023-09-27T13:26:53","date_gmt":"2023-09-27T13:26:53","guid":{"rendered":"https:\/\/bbqassad.ee\/toode\/ultragrime-life-bbq-pyyhkeet-30kpl\/"},"modified":"2026-04-14T06:33:30","modified_gmt":"2026-04-14T06:33:30","slug":"ultragrime-life-bbq-pyyhkeet-30kpl","status":"publish","type":"product","link":"https:\/\/bbqassad.ee\/fi\/toode\/ultragrime-life-bbq-pyyhkeet-30kpl\/","title":{"rendered":"UltraGrime LIFE BBQ -pyyhkeet 30kpl"},"content":{"rendered":"<p>UltraGrime LIFE BBQ puhdistusliinat 30kpl. BBQ-puhdistusliinat ovat niit\u00e4, jotka sinun on pidett\u00e4v\u00e4 k\u00e4sill\u00e4, kun grillaat tai savustat. Pyyhkeet ovat turvallisia iholle, mutta poistavat rasvan t\u00e4ydellisesti. Kehitetty grilliritil\u00f6iden, grillien ja tarvikkeiden puhdistukseen. Karhea kuvioitu puoli on suunniteltu poistamaan sitke\u00e4\u00e4 rasvaa ja likaa.    <\/p>\n<p>Poistaa rasvan kaikilta pinnoilta: metalliritil\u00e4t ja -pinnat, ty\u00f6tasot, leikkuulaudat, astiat ja p\u00f6yt\u00e4tasot, terassit ja puutarhakalusteet.<\/p>\n<p>Tehokas rasvan, lian ja valuvien nesteiden puhdistukseen.<\/p>\n<p>Pakkaus: 30 puhdistusliinaa<\/p>\n<p>Peiton mitat: 38x25cm.<\/p>\n<p>Pysyy kosteana ja k\u00e4ytt\u00f6kelpoisena 60 minuuttia.<\/p>\n<p>Uudelleenk\u00e4ytett\u00e4v\u00e4 pakkaus, joka tekee pakkauksesta pitk\u00e4ik\u00e4isen.<\/p>\n","protected":false},"excerpt":{"rendered":"<p>UltraGrime LIFE BBQ puhdistusliinat 30kpl. BBQ-puhdistusliinat ovat niit\u00e4, jotka sinun on pidett\u00e4v\u00e4 k\u00e4sill\u00e4, kun grillaat tai savustat. Pyyhkeet ovat turvallisia iholle, mutta poistavat rasvan t\u00e4ydellisesti. Kehitetty grilliritil\u00f6iden, grillien ja tarvikkeiden puhdistukseen. Karhea kuvioitu puoli on suunniteltu poistamaan sitke\u00e4\u00e4 rasvaa ja likaa.    <\/p>\n<p>Poistaa rasvan kaikilta pinnoilta: metalliritil\u00e4t ja -pinnat, ty\u00f6tasot, leikkuulaudat, astiat ja p\u00f6yt\u00e4tasot, terassit ja puutarhakalusteet.<\/p>\n","protected":false},"featured_media":24690,"comment_status":"open","ping_status":"closed","template":"","meta":[],"product_brand":[],"product_cat":[784],"product_tag":[],"class_list":{"0":"post-23176","1":"product","2":"type-product","3":"status-publish","4":"has-post-thumbnail","6":"product_cat-tarvikkeet","8":"first","9":"outofstock","10":"taxable","11":"shipping-taxable","12":"purchasable","13":"product-type-simple"},"yoast_head":"<!-- This site is optimized with the Yoast SEO plugin v27.4 - https:\/\/yoast.com\/product\/yoast-seo-wordpress\/ -->\n<title>UltraGrime LIFE BBQ puhdistusliinat 30kpl -% BBQ \u00c4ssad%<\/title>\n<meta name=\"description\" content=\"UltraGrime LIFE BBQ Cleaning Wipes 30kpl on t\u00e4ydellinen valinta grillien ja tarvikkeiden puhdistukseen. Ne poistavat rasvan ja lian eri pinnoilta.\" \/>\n<meta name=\"robots\" content=\"index, follow, max-snippet:-1, max-image-preview:large, max-video-preview:-1\" \/>\n<link rel=\"canonical\" href=\"https:\/\/bbqassad.ee\/fi\/toode\/ultragrime-life-bbq-pyyhkeet-30kpl\/\" \/>\n<meta property=\"og:locale\" content=\"fi_FI\" \/>\n<meta property=\"og:type\" content=\"article\" \/>\n<meta property=\"og:title\" content=\"UltraGrime LIFE BBQ puhdistusliinat 30kpl -% BBQ \u00c4ssad%\" \/>\n<meta property=\"og:description\" content=\"UltraGrime LIFE BBQ Cleaning Wipes 30kpl on t\u00e4ydellinen valinta grillien ja tarvikkeiden puhdistukseen. Ne poistavat rasvan ja lian eri pinnoilta.\" \/>\n<meta property=\"og:url\" content=\"https:\/\/bbqassad.ee\/fi\/toode\/ultragrime-life-bbq-pyyhkeet-30kpl\/\" \/>\n<meta property=\"og:site_name\" content=\"BBQ \u00c4ssad\" \/>\n<meta property=\"article:publisher\" content=\"https:\/\/www.facebook.com\/bbqassad\" \/>\n<meta property=\"article:modified_time\" content=\"2026-04-14T06:33:30+00:00\" \/>\n<meta property=\"og:image\" content=\"https:\/\/bbqassad.ee\/wp-content\/uploads\/2023\/09\/ultra-grime-30-red.jpg\" \/>\n<meta name=\"twitter:card\" content=\"summary_large_image\" \/>\n<meta name=\"twitter:title\" content=\"UltraGrime LIFE BBQ puhdistusliinat 30kpl -% BBQ \u00c4ssad%\" \/>\n<meta name=\"twitter:description\" content=\"UltraGrime LIFE BBQ Cleaning Wipes 30kpl on t\u00e4ydellinen valinta grillien ja tarvikkeiden puhdistukseen. Ne poistavat rasvan ja lian eri pinnoilta.\" \/>\n<meta name=\"twitter:image\" content=\"https:\/\/bbqassad.ee\/wp-content\/uploads\/2023\/09\/ultra-grime-30-red.jpg\" \/>\n<script type=\"application\/ld+json\" class=\"yoast-schema-graph\">{\"@context\":\"https:\\\/\\\/schema.org\",\"@graph\":[{\"@type\":\"WebPage\",\"@id\":\"https:\\\/\\\/bbqassad.ee\\\/fi\\\/toode\\\/ultragrime-life-bbq-pyyhkeet-30kpl\\\/\",\"url\":\"https:\\\/\\\/bbqassad.ee\\\/fi\\\/toode\\\/ultragrime-life-bbq-pyyhkeet-30kpl\\\/\",\"name\":\"UltraGrime LIFE BBQ puhdistusliinat 30kpl -% BBQ \u00c4ssad%\",\"isPartOf\":{\"@id\":\"https:\\\/\\\/bbqassad.ee\\\/fi\\\/#website\"},\"primaryImageOfPage\":{\"@id\":\"https:\\\/\\\/bbqassad.ee\\\/fi\\\/toode\\\/ultragrime-life-bbq-pyyhkeet-30kpl\\\/#primaryimage\"},\"image\":{\"@id\":\"https:\\\/\\\/bbqassad.ee\\\/fi\\\/toode\\\/ultragrime-life-bbq-pyyhkeet-30kpl\\\/#primaryimage\"},\"thumbnailUrl\":\"https:\\\/\\\/bbqassad.ee\\\/wp-content\\\/uploads\\\/2023\\\/09\\\/ultra-grime-30-red.jpg\",\"datePublished\":\"2023-09-27T13:26:53+00:00\",\"dateModified\":\"2026-04-14T06:33:30+00:00\",\"description\":\"UltraGrime LIFE BBQ Cleaning Wipes 30kpl on t\u00e4ydellinen valinta grillien ja tarvikkeiden puhdistukseen. Ne poistavat rasvan ja lian eri pinnoilta.\",\"breadcrumb\":{\"@id\":\"https:\\\/\\\/bbqassad.ee\\\/fi\\\/toode\\\/ultragrime-life-bbq-pyyhkeet-30kpl\\\/#breadcrumb\"},\"inLanguage\":\"fi\",\"potentialAction\":[{\"@type\":\"ReadAction\",\"target\":[\"https:\\\/\\\/bbqassad.ee\\\/fi\\\/toode\\\/ultragrime-life-bbq-pyyhkeet-30kpl\\\/\"]}]},{\"@type\":\"ImageObject\",\"inLanguage\":\"fi\",\"@id\":\"https:\\\/\\\/bbqassad.ee\\\/fi\\\/toode\\\/ultragrime-life-bbq-pyyhkeet-30kpl\\\/#primaryimage\",\"url\":\"https:\\\/\\\/bbqassad.ee\\\/wp-content\\\/uploads\\\/2023\\\/09\\\/ultra-grime-30-red.jpg\",\"contentUrl\":\"https:\\\/\\\/bbqassad.ee\\\/wp-content\\\/uploads\\\/2023\\\/09\\\/ultra-grime-30-red.jpg\",\"width\":513,\"height\":1000},{\"@type\":\"BreadcrumbList\",\"@id\":\"https:\\\/\\\/bbqassad.ee\\\/fi\\\/toode\\\/ultragrime-life-bbq-pyyhkeet-30kpl\\\/#breadcrumb\",\"itemListElement\":[{\"@type\":\"ListItem\",\"position\":1,\"name\":\"Home\",\"item\":\"https:\\\/\\\/bbqassad.ee\\\/fi\\\/bbq-assat\\\/\"},{\"@type\":\"ListItem\",\"position\":2,\"name\":\"Verkkokauppa\",\"item\":\"https:\\\/\\\/bbqassad.ee\\\/fi\\\/verkkokauppa\\\/\"},{\"@type\":\"ListItem\",\"position\":3,\"name\":\"UltraGrime LIFE BBQ -pyyhkeet 30kpl\"}]},{\"@type\":\"WebSite\",\"@id\":\"https:\\\/\\\/bbqassad.ee\\\/fi\\\/#website\",\"url\":\"https:\\\/\\\/bbqassad.ee\\\/fi\\\/\",\"name\":\"BBQ \u00c4ssad\",\"description\":\"BBQ maitseained, kastmed, ahjud\",\"publisher\":{\"@id\":\"https:\\\/\\\/bbqassad.ee\\\/fi\\\/#organization\"},\"potentialAction\":[{\"@type\":\"SearchAction\",\"target\":{\"@type\":\"EntryPoint\",\"urlTemplate\":\"https:\\\/\\\/bbqassad.ee\\\/fi\\\/?s={search_term_string}\"},\"query-input\":{\"@type\":\"PropertyValueSpecification\",\"valueRequired\":true,\"valueName\":\"search_term_string\"}}],\"inLanguage\":\"fi\"},{\"@type\":\"Organization\",\"@id\":\"https:\\\/\\\/bbqassad.ee\\\/fi\\\/#organization\",\"name\":\"BBQ \u00c4ssad\",\"url\":\"https:\\\/\\\/bbqassad.ee\\\/fi\\\/\",\"logo\":{\"@type\":\"ImageObject\",\"inLanguage\":\"fi\",\"@id\":\"https:\\\/\\\/bbqassad.ee\\\/fi\\\/#\\\/schema\\\/logo\\\/image\\\/\",\"url\":\"https:\\\/\\\/bbqassad.ee\\\/wp-content\\\/uploads\\\/2022\\\/10\\\/BBQ-2ssadlogo.png\",\"contentUrl\":\"https:\\\/\\\/bbqassad.ee\\\/wp-content\\\/uploads\\\/2022\\\/10\\\/BBQ-2ssadlogo.png\",\"width\":1080,\"height\":1080,\"caption\":\"BBQ \u00c4ssad\"},\"image\":{\"@id\":\"https:\\\/\\\/bbqassad.ee\\\/fi\\\/#\\\/schema\\\/logo\\\/image\\\/\"},\"sameAs\":[\"https:\\\/\\\/www.facebook.com\\\/bbqassad\",\"https:\\\/\\\/www.youtube.com\\\/channel\\\/UCsoufn49J6TVi9Ah9meE93w\"]}]}<\/script>\n<!-- \/ Yoast SEO plugin. -->","yoast_head_json":{"title":"UltraGrime LIFE BBQ puhdistusliinat 30kpl -% BBQ \u00c4ssad%","description":"UltraGrime LIFE BBQ Cleaning Wipes 30kpl on t\u00e4ydellinen valinta grillien ja tarvikkeiden puhdistukseen. Ne poistavat rasvan ja lian eri pinnoilta.","robots":{"index":"index","follow":"follow","max-snippet":"max-snippet:-1","max-image-preview":"max-image-preview:large","max-video-preview":"max-video-preview:-1"},"canonical":"https:\/\/bbqassad.ee\/fi\/toode\/ultragrime-life-bbq-pyyhkeet-30kpl\/","og_locale":"fi_FI","og_type":"article","og_title":"UltraGrime LIFE BBQ puhdistusliinat 30kpl -% BBQ \u00c4ssad%","og_description":"UltraGrime LIFE BBQ Cleaning Wipes 30kpl on t\u00e4ydellinen valinta grillien ja tarvikkeiden puhdistukseen. Ne poistavat rasvan ja lian eri pinnoilta.","og_url":"https:\/\/bbqassad.ee\/fi\/toode\/ultragrime-life-bbq-pyyhkeet-30kpl\/","og_site_name":"BBQ \u00c4ssad","article_publisher":"https:\/\/www.facebook.com\/bbqassad","article_modified_time":"2026-04-14T06:33:30+00:00","og_image":[{"url":"https:\/\/bbqassad.ee\/wp-content\/uploads\/2023\/09\/ultra-grime-30-red.jpg","type":"","width":"","height":""}],"twitter_card":"summary_large_image","twitter_title":"UltraGrime LIFE BBQ puhdistusliinat 30kpl -% BBQ \u00c4ssad%","twitter_description":"UltraGrime LIFE BBQ Cleaning Wipes 30kpl on t\u00e4ydellinen valinta grillien ja tarvikkeiden puhdistukseen. Ne poistavat rasvan ja lian eri pinnoilta.","twitter_image":"https:\/\/bbqassad.ee\/wp-content\/uploads\/2023\/09\/ultra-grime-30-red.jpg","schema":{"@context":"https:\/\/schema.org","@graph":[{"@type":"WebPage","@id":"https:\/\/bbqassad.ee\/fi\/toode\/ultragrime-life-bbq-pyyhkeet-30kpl\/","url":"https:\/\/bbqassad.ee\/fi\/toode\/ultragrime-life-bbq-pyyhkeet-30kpl\/","name":"UltraGrime LIFE BBQ puhdistusliinat 30kpl -% BBQ \u00c4ssad%","isPartOf":{"@id":"https:\/\/bbqassad.ee\/fi\/#website"},"primaryImageOfPage":{"@id":"https:\/\/bbqassad.ee\/fi\/toode\/ultragrime-life-bbq-pyyhkeet-30kpl\/#primaryimage"},"image":{"@id":"https:\/\/bbqassad.ee\/fi\/toode\/ultragrime-life-bbq-pyyhkeet-30kpl\/#primaryimage"},"thumbnailUrl":"https:\/\/bbqassad.ee\/wp-content\/uploads\/2023\/09\/ultra-grime-30-red.jpg","datePublished":"2023-09-27T13:26:53+00:00","dateModified":"2026-04-14T06:33:30+00:00","description":"UltraGrime LIFE BBQ Cleaning Wipes 30kpl on t\u00e4ydellinen valinta grillien ja tarvikkeiden puhdistukseen. Ne poistavat rasvan ja lian eri pinnoilta.","breadcrumb":{"@id":"https:\/\/bbqassad.ee\/fi\/toode\/ultragrime-life-bbq-pyyhkeet-30kpl\/#breadcrumb"},"inLanguage":"fi","potentialAction":[{"@type":"ReadAction","target":["https:\/\/bbqassad.ee\/fi\/toode\/ultragrime-life-bbq-pyyhkeet-30kpl\/"]}]},{"@type":"ImageObject","inLanguage":"fi","@id":"https:\/\/bbqassad.ee\/fi\/toode\/ultragrime-life-bbq-pyyhkeet-30kpl\/#primaryimage","url":"https:\/\/bbqassad.ee\/wp-content\/uploads\/2023\/09\/ultra-grime-30-red.jpg","contentUrl":"https:\/\/bbqassad.ee\/wp-content\/uploads\/2023\/09\/ultra-grime-30-red.jpg","width":513,"height":1000},{"@type":"BreadcrumbList","@id":"https:\/\/bbqassad.ee\/fi\/toode\/ultragrime-life-bbq-pyyhkeet-30kpl\/#breadcrumb","itemListElement":[{"@type":"ListItem","position":1,"name":"Home","item":"https:\/\/bbqassad.ee\/fi\/bbq-assat\/"},{"@type":"ListItem","position":2,"name":"Verkkokauppa","item":"https:\/\/bbqassad.ee\/fi\/verkkokauppa\/"},{"@type":"ListItem","position":3,"name":"UltraGrime LIFE BBQ -pyyhkeet 30kpl"}]},{"@type":"WebSite","@id":"https:\/\/bbqassad.ee\/fi\/#website","url":"https:\/\/bbqassad.ee\/fi\/","name":"BBQ \u00c4ssad","description":"BBQ maitseained, kastmed, ahjud","publisher":{"@id":"https:\/\/bbqassad.ee\/fi\/#organization"},"potentialAction":[{"@type":"SearchAction","target":{"@type":"EntryPoint","urlTemplate":"https:\/\/bbqassad.ee\/fi\/?s={search_term_string}"},"query-input":{"@type":"PropertyValueSpecification","valueRequired":true,"valueName":"search_term_string"}}],"inLanguage":"fi"},{"@type":"Organization","@id":"https:\/\/bbqassad.ee\/fi\/#organization","name":"BBQ \u00c4ssad","url":"https:\/\/bbqassad.ee\/fi\/","logo":{"@type":"ImageObject","inLanguage":"fi","@id":"https:\/\/bbqassad.ee\/fi\/#\/schema\/logo\/image\/","url":"https:\/\/bbqassad.ee\/wp-content\/uploads\/2022\/10\/BBQ-2ssadlogo.png","contentUrl":"https:\/\/bbqassad.ee\/wp-content\/uploads\/2022\/10\/BBQ-2ssadlogo.png","width":1080,"height":1080,"caption":"BBQ \u00c4ssad"},"image":{"@id":"https:\/\/bbqassad.ee\/fi\/#\/schema\/logo\/image\/"},"sameAs":["https:\/\/www.facebook.com\/bbqassad","https:\/\/www.youtube.com\/channel\/UCsoufn49J6TVi9Ah9meE93w"]}]}},"_links":{"self":[{"href":"https:\/\/bbqassad.ee\/fi\/wp-json\/wp\/v2\/product\/23176","targetHints":{"allow":["GET"]}}],"collection":[{"href":"https:\/\/bbqassad.ee\/fi\/wp-json\/wp\/v2\/product"}],"about":[{"href":"https:\/\/bbqassad.ee\/fi\/wp-json\/wp\/v2\/types\/product"}],"replies":[{"embeddable":true,"href":"https:\/\/bbqassad.ee\/fi\/wp-json\/wp\/v2\/comments?post=23176"}],"wp:featuredmedia":[{"embeddable":true,"href":"https:\/\/bbqassad.ee\/fi\/wp-json\/wp\/v2\/media\/24690"}],"wp:attachment":[{"href":"https:\/\/bbqassad.ee\/fi\/wp-json\/wp\/v2\/media?parent=23176"}],"wp:term":[{"taxonomy":"product_brand","embeddable":true,"href":"https:\/\/bbqassad.ee\/fi\/wp-json\/wp\/v2\/product_brand?post=23176"},{"taxonomy":"product_cat","embeddable":true,"href":"https:\/\/bbqassad.ee\/fi\/wp-json\/wp\/v2\/product_cat?post=23176"},{"taxonomy":"product_tag","embeddable":true,"href":"https:\/\/bbqassad.ee\/fi\/wp-json\/wp\/v2\/product_tag?post=23176"}],"curies":[{"name":"wp","href":"https:\/\/api.w.org\/{rel}","templated":true}]}}