{"id":23173,"date":"2023-09-27T13:27:04","date_gmt":"2023-09-27T13:27:04","guid":{"rendered":"https:\/\/bbqassad.ee\/toode\/steak-champ-oljysuihkeet\/"},"modified":"2026-04-14T06:33:30","modified_gmt":"2026-04-14T06:33:30","slug":"steak-champ-oljysuihkeet","status":"publish","type":"product","link":"https:\/\/bbqassad.ee\/fi\/toode\/steak-champ-oljysuihkeet\/","title":{"rendered":"Steak Champ -\u00f6ljysuihkeet"},"content":{"rendered":"<p>Steak Champ -\u00f6ljysumutin on valmistettu korkealaatuisista materiaaleista, ja se on ihanteellinen ty\u00f6kalu grillaukseen tai ruoanlaittoon. T\u00e4yt\u00e4 \u00f6ljysumutin suosikki\u00f6ljyll\u00e4si tai muulla nesteell\u00e4 (kuten etikalla tai sitruunamehulla) ja upota ruoka siihen. Ainutlaatuisen tukkeutumisenestosuodattimen ansiosta voit k\u00e4ytt\u00e4\u00e4 my\u00f6s omia maustettuja \u00f6ljyj\u00e4si. L\u00e4pin\u00e4kyv\u00e4n lasis\u00e4ili\u00f6n ansiosta n\u00e4et aina, kuinka paljon \u00f6ljy\u00e4 on j\u00e4ljell\u00e4.   <\/p>\n","protected":false},"excerpt":{"rendered":"<p>Steak Champ -\u00f6ljysumutin on valmistettu korkealaatuisista materiaaleista, ja se on ihanteellinen ty\u00f6kalu grillaukseen tai ruoanlaittoon. T\u00e4yt\u00e4 \u00f6ljysumutin suosikki\u00f6ljyll\u00e4si tai muulla nesteell\u00e4 (kuten etikalla tai sitruunamehulla) ja upota ruoka siihen. Ainutlaatuisen tukkeutumisenestosuodattimen ansiosta voit k\u00e4ytt\u00e4\u00e4 my\u00f6s omia maustettuja \u00f6ljyj\u00e4si. L\u00e4pin\u00e4kyv\u00e4n lasis\u00e4ili\u00f6n ansiosta n\u00e4et aina, kuinka paljon \u00f6ljy\u00e4 on j\u00e4ljell\u00e4.   <\/p>\n","protected":false},"featured_media":3218,"comment_status":"open","ping_status":"closed","template":"","meta":[],"product_brand":[],"product_cat":[784],"product_tag":[],"class_list":{"0":"post-23173","1":"product","2":"type-product","3":"status-publish","4":"has-post-thumbnail","6":"product_cat-tarvikkeet","8":"first","9":"outofstock","10":"taxable","11":"shipping-taxable","12":"purchasable","13":"product-type-simple"},"yoast_head":"<!-- This site is optimized with the Yoast SEO plugin v27.4 - https:\/\/yoast.com\/product\/yoast-seo-wordpress\/ -->\n<title>Steak Champ -\u00f6ljyroiske - BBQ \u00c4ssad%<\/title>\n<meta name=\"description\" content=\"Steak Champ -\u00f6ljysuihke on ihanteellinen apu grillaukseen ja ruoanlaittoon. T\u00e4yt\u00e4 se suosikki\u00f6ljyll\u00e4si tai maustetulla nesteell\u00e4si ja nauti.\" \/>\n<meta name=\"robots\" content=\"index, follow, max-snippet:-1, max-image-preview:large, max-video-preview:-1\" \/>\n<link rel=\"canonical\" href=\"https:\/\/bbqassad.ee\/fi\/toode\/steak-champ-oljysuihkeet\/\" \/>\n<meta property=\"og:locale\" content=\"fi_FI\" \/>\n<meta property=\"og:type\" content=\"article\" \/>\n<meta property=\"og:title\" content=\"Steak Champ -\u00f6ljyroiske - BBQ \u00c4ssad%\" \/>\n<meta property=\"og:description\" content=\"Steak Champ -\u00f6ljysuihke on ihanteellinen apu grillaukseen ja ruoanlaittoon. T\u00e4yt\u00e4 se suosikki\u00f6ljyll\u00e4si tai maustetulla nesteell\u00e4si ja nauti.\" \/>\n<meta property=\"og:url\" content=\"https:\/\/bbqassad.ee\/fi\/toode\/steak-champ-oljysuihkeet\/\" \/>\n<meta property=\"og:site_name\" content=\"BBQ \u00c4ssad\" \/>\n<meta property=\"article:publisher\" content=\"https:\/\/www.facebook.com\/bbqassad\" \/>\n<meta property=\"article:modified_time\" content=\"2026-04-14T06:33:30+00:00\" \/>\n<meta property=\"og:image\" content=\"https:\/\/bbqassad.ee\/wp-content\/uploads\/2023\/09\/steak-champ-olipihusti-2.jpg\" \/>\n<meta name=\"twitter:card\" content=\"summary_large_image\" \/>\n<meta name=\"twitter:title\" content=\"Steak Champ -\u00f6ljyroiske - BBQ \u00c4ssad%\" \/>\n<meta name=\"twitter:description\" content=\"Steak Champ -\u00f6ljysuihke on ihanteellinen apu grillaukseen ja ruoanlaittoon. T\u00e4yt\u00e4 se suosikki\u00f6ljyll\u00e4si tai maustetulla nesteell\u00e4si ja nauti.\" \/>\n<meta name=\"twitter:image\" content=\"https:\/\/bbqassad.ee\/wp-content\/uploads\/2023\/09\/steak-champ-olipihusti-2.jpg\" \/>\n<script type=\"application\/ld+json\" class=\"yoast-schema-graph\">{\"@context\":\"https:\\\/\\\/schema.org\",\"@graph\":[{\"@type\":\"WebPage\",\"@id\":\"https:\\\/\\\/bbqassad.ee\\\/fi\\\/toode\\\/steak-champ-oljysuihkeet\\\/\",\"url\":\"https:\\\/\\\/bbqassad.ee\\\/fi\\\/toode\\\/steak-champ-oljysuihkeet\\\/\",\"name\":\"Steak Champ -\u00f6ljyroiske - BBQ \u00c4ssad%\",\"isPartOf\":{\"@id\":\"https:\\\/\\\/bbqassad.ee\\\/fi\\\/#website\"},\"primaryImageOfPage\":{\"@id\":\"https:\\\/\\\/bbqassad.ee\\\/fi\\\/toode\\\/steak-champ-oljysuihkeet\\\/#primaryimage\"},\"image\":{\"@id\":\"https:\\\/\\\/bbqassad.ee\\\/fi\\\/toode\\\/steak-champ-oljysuihkeet\\\/#primaryimage\"},\"thumbnailUrl\":\"https:\\\/\\\/bbqassad.ee\\\/wp-content\\\/uploads\\\/2023\\\/09\\\/steak-champ-olipihusti-2.jpg\",\"datePublished\":\"2023-09-27T13:27:04+00:00\",\"dateModified\":\"2026-04-14T06:33:30+00:00\",\"description\":\"Steak Champ -\u00f6ljysuihke on ihanteellinen apu grillaukseen ja ruoanlaittoon. T\u00e4yt\u00e4 se suosikki\u00f6ljyll\u00e4si tai maustetulla nesteell\u00e4si ja nauti.\",\"breadcrumb\":{\"@id\":\"https:\\\/\\\/bbqassad.ee\\\/fi\\\/toode\\\/steak-champ-oljysuihkeet\\\/#breadcrumb\"},\"inLanguage\":\"fi\",\"potentialAction\":[{\"@type\":\"ReadAction\",\"target\":[\"https:\\\/\\\/bbqassad.ee\\\/fi\\\/toode\\\/steak-champ-oljysuihkeet\\\/\"]}]},{\"@type\":\"ImageObject\",\"inLanguage\":\"fi\",\"@id\":\"https:\\\/\\\/bbqassad.ee\\\/fi\\\/toode\\\/steak-champ-oljysuihkeet\\\/#primaryimage\",\"url\":\"https:\\\/\\\/bbqassad.ee\\\/wp-content\\\/uploads\\\/2023\\\/09\\\/steak-champ-olipihusti-2.jpg\",\"contentUrl\":\"https:\\\/\\\/bbqassad.ee\\\/wp-content\\\/uploads\\\/2023\\\/09\\\/steak-champ-olipihusti-2.jpg\",\"width\":800,\"height\":800},{\"@type\":\"BreadcrumbList\",\"@id\":\"https:\\\/\\\/bbqassad.ee\\\/fi\\\/toode\\\/steak-champ-oljysuihkeet\\\/#breadcrumb\",\"itemListElement\":[{\"@type\":\"ListItem\",\"position\":1,\"name\":\"Home\",\"item\":\"https:\\\/\\\/bbqassad.ee\\\/fi\\\/bbq-assat\\\/\"},{\"@type\":\"ListItem\",\"position\":2,\"name\":\"Verkkokauppa\",\"item\":\"https:\\\/\\\/bbqassad.ee\\\/fi\\\/verkkokauppa\\\/\"},{\"@type\":\"ListItem\",\"position\":3,\"name\":\"Steak Champ -\u00f6ljysuihkeet\"}]},{\"@type\":\"WebSite\",\"@id\":\"https:\\\/\\\/bbqassad.ee\\\/fi\\\/#website\",\"url\":\"https:\\\/\\\/bbqassad.ee\\\/fi\\\/\",\"name\":\"BBQ \u00c4ssad\",\"description\":\"BBQ maitseained, kastmed, ahjud\",\"publisher\":{\"@id\":\"https:\\\/\\\/bbqassad.ee\\\/fi\\\/#organization\"},\"potentialAction\":[{\"@type\":\"SearchAction\",\"target\":{\"@type\":\"EntryPoint\",\"urlTemplate\":\"https:\\\/\\\/bbqassad.ee\\\/fi\\\/?s={search_term_string}\"},\"query-input\":{\"@type\":\"PropertyValueSpecification\",\"valueRequired\":true,\"valueName\":\"search_term_string\"}}],\"inLanguage\":\"fi\"},{\"@type\":\"Organization\",\"@id\":\"https:\\\/\\\/bbqassad.ee\\\/fi\\\/#organization\",\"name\":\"BBQ \u00c4ssad\",\"url\":\"https:\\\/\\\/bbqassad.ee\\\/fi\\\/\",\"logo\":{\"@type\":\"ImageObject\",\"inLanguage\":\"fi\",\"@id\":\"https:\\\/\\\/bbqassad.ee\\\/fi\\\/#\\\/schema\\\/logo\\\/image\\\/\",\"url\":\"https:\\\/\\\/bbqassad.ee\\\/wp-content\\\/uploads\\\/2022\\\/10\\\/BBQ-2ssadlogo.png\",\"contentUrl\":\"https:\\\/\\\/bbqassad.ee\\\/wp-content\\\/uploads\\\/2022\\\/10\\\/BBQ-2ssadlogo.png\",\"width\":1080,\"height\":1080,\"caption\":\"BBQ \u00c4ssad\"},\"image\":{\"@id\":\"https:\\\/\\\/bbqassad.ee\\\/fi\\\/#\\\/schema\\\/logo\\\/image\\\/\"},\"sameAs\":[\"https:\\\/\\\/www.facebook.com\\\/bbqassad\",\"https:\\\/\\\/www.youtube.com\\\/channel\\\/UCsoufn49J6TVi9Ah9meE93w\"]}]}<\/script>\n<!-- \/ Yoast SEO plugin. -->","yoast_head_json":{"title":"Steak Champ -\u00f6ljyroiske - BBQ \u00c4ssad%","description":"Steak Champ -\u00f6ljysuihke on ihanteellinen apu grillaukseen ja ruoanlaittoon. T\u00e4yt\u00e4 se suosikki\u00f6ljyll\u00e4si tai maustetulla nesteell\u00e4si ja nauti.","robots":{"index":"index","follow":"follow","max-snippet":"max-snippet:-1","max-image-preview":"max-image-preview:large","max-video-preview":"max-video-preview:-1"},"canonical":"https:\/\/bbqassad.ee\/fi\/toode\/steak-champ-oljysuihkeet\/","og_locale":"fi_FI","og_type":"article","og_title":"Steak Champ -\u00f6ljyroiske - BBQ \u00c4ssad%","og_description":"Steak Champ -\u00f6ljysuihke on ihanteellinen apu grillaukseen ja ruoanlaittoon. T\u00e4yt\u00e4 se suosikki\u00f6ljyll\u00e4si tai maustetulla nesteell\u00e4si ja nauti.","og_url":"https:\/\/bbqassad.ee\/fi\/toode\/steak-champ-oljysuihkeet\/","og_site_name":"BBQ \u00c4ssad","article_publisher":"https:\/\/www.facebook.com\/bbqassad","article_modified_time":"2026-04-14T06:33:30+00:00","og_image":[{"url":"https:\/\/bbqassad.ee\/wp-content\/uploads\/2023\/09\/steak-champ-olipihusti-2.jpg","type":"","width":"","height":""}],"twitter_card":"summary_large_image","twitter_title":"Steak Champ -\u00f6ljyroiske - BBQ \u00c4ssad%","twitter_description":"Steak Champ -\u00f6ljysuihke on ihanteellinen apu grillaukseen ja ruoanlaittoon. T\u00e4yt\u00e4 se suosikki\u00f6ljyll\u00e4si tai maustetulla nesteell\u00e4si ja nauti.","twitter_image":"https:\/\/bbqassad.ee\/wp-content\/uploads\/2023\/09\/steak-champ-olipihusti-2.jpg","schema":{"@context":"https:\/\/schema.org","@graph":[{"@type":"WebPage","@id":"https:\/\/bbqassad.ee\/fi\/toode\/steak-champ-oljysuihkeet\/","url":"https:\/\/bbqassad.ee\/fi\/toode\/steak-champ-oljysuihkeet\/","name":"Steak Champ -\u00f6ljyroiske - BBQ \u00c4ssad%","isPartOf":{"@id":"https:\/\/bbqassad.ee\/fi\/#website"},"primaryImageOfPage":{"@id":"https:\/\/bbqassad.ee\/fi\/toode\/steak-champ-oljysuihkeet\/#primaryimage"},"image":{"@id":"https:\/\/bbqassad.ee\/fi\/toode\/steak-champ-oljysuihkeet\/#primaryimage"},"thumbnailUrl":"https:\/\/bbqassad.ee\/wp-content\/uploads\/2023\/09\/steak-champ-olipihusti-2.jpg","datePublished":"2023-09-27T13:27:04+00:00","dateModified":"2026-04-14T06:33:30+00:00","description":"Steak Champ -\u00f6ljysuihke on ihanteellinen apu grillaukseen ja ruoanlaittoon. T\u00e4yt\u00e4 se suosikki\u00f6ljyll\u00e4si tai maustetulla nesteell\u00e4si ja nauti.","breadcrumb":{"@id":"https:\/\/bbqassad.ee\/fi\/toode\/steak-champ-oljysuihkeet\/#breadcrumb"},"inLanguage":"fi","potentialAction":[{"@type":"ReadAction","target":["https:\/\/bbqassad.ee\/fi\/toode\/steak-champ-oljysuihkeet\/"]}]},{"@type":"ImageObject","inLanguage":"fi","@id":"https:\/\/bbqassad.ee\/fi\/toode\/steak-champ-oljysuihkeet\/#primaryimage","url":"https:\/\/bbqassad.ee\/wp-content\/uploads\/2023\/09\/steak-champ-olipihusti-2.jpg","contentUrl":"https:\/\/bbqassad.ee\/wp-content\/uploads\/2023\/09\/steak-champ-olipihusti-2.jpg","width":800,"height":800},{"@type":"BreadcrumbList","@id":"https:\/\/bbqassad.ee\/fi\/toode\/steak-champ-oljysuihkeet\/#breadcrumb","itemListElement":[{"@type":"ListItem","position":1,"name":"Home","item":"https:\/\/bbqassad.ee\/fi\/bbq-assat\/"},{"@type":"ListItem","position":2,"name":"Verkkokauppa","item":"https:\/\/bbqassad.ee\/fi\/verkkokauppa\/"},{"@type":"ListItem","position":3,"name":"Steak Champ -\u00f6ljysuihkeet"}]},{"@type":"WebSite","@id":"https:\/\/bbqassad.ee\/fi\/#website","url":"https:\/\/bbqassad.ee\/fi\/","name":"BBQ \u00c4ssad","description":"BBQ maitseained, kastmed, ahjud","publisher":{"@id":"https:\/\/bbqassad.ee\/fi\/#organization"},"potentialAction":[{"@type":"SearchAction","target":{"@type":"EntryPoint","urlTemplate":"https:\/\/bbqassad.ee\/fi\/?s={search_term_string}"},"query-input":{"@type":"PropertyValueSpecification","valueRequired":true,"valueName":"search_term_string"}}],"inLanguage":"fi"},{"@type":"Organization","@id":"https:\/\/bbqassad.ee\/fi\/#organization","name":"BBQ \u00c4ssad","url":"https:\/\/bbqassad.ee\/fi\/","logo":{"@type":"ImageObject","inLanguage":"fi","@id":"https:\/\/bbqassad.ee\/fi\/#\/schema\/logo\/image\/","url":"https:\/\/bbqassad.ee\/wp-content\/uploads\/2022\/10\/BBQ-2ssadlogo.png","contentUrl":"https:\/\/bbqassad.ee\/wp-content\/uploads\/2022\/10\/BBQ-2ssadlogo.png","width":1080,"height":1080,"caption":"BBQ \u00c4ssad"},"image":{"@id":"https:\/\/bbqassad.ee\/fi\/#\/schema\/logo\/image\/"},"sameAs":["https:\/\/www.facebook.com\/bbqassad","https:\/\/www.youtube.com\/channel\/UCsoufn49J6TVi9Ah9meE93w"]}]}},"_links":{"self":[{"href":"https:\/\/bbqassad.ee\/fi\/wp-json\/wp\/v2\/product\/23173","targetHints":{"allow":["GET"]}}],"collection":[{"href":"https:\/\/bbqassad.ee\/fi\/wp-json\/wp\/v2\/product"}],"about":[{"href":"https:\/\/bbqassad.ee\/fi\/wp-json\/wp\/v2\/types\/product"}],"replies":[{"embeddable":true,"href":"https:\/\/bbqassad.ee\/fi\/wp-json\/wp\/v2\/comments?post=23173"}],"wp:featuredmedia":[{"embeddable":true,"href":"https:\/\/bbqassad.ee\/fi\/wp-json\/wp\/v2\/media\/3218"}],"wp:attachment":[{"href":"https:\/\/bbqassad.ee\/fi\/wp-json\/wp\/v2\/media?parent=23173"}],"wp:term":[{"taxonomy":"product_brand","embeddable":true,"href":"https:\/\/bbqassad.ee\/fi\/wp-json\/wp\/v2\/product_brand?post=23173"},{"taxonomy":"product_cat","embeddable":true,"href":"https:\/\/bbqassad.ee\/fi\/wp-json\/wp\/v2\/product_cat?post=23173"},{"taxonomy":"product_tag","embeddable":true,"href":"https:\/\/bbqassad.ee\/fi\/wp-json\/wp\/v2\/product_tag?post=23173"}],"curies":[{"name":"wp","href":"https:\/\/api.w.org\/{rel}","templated":true}]}}