{"id":23166,"date":"2023-09-27T13:27:45","date_gmt":"2023-09-27T13:27:45","guid":{"rendered":"https:\/\/bbqassad.ee\/toode\/steak-champ-plancha-grillilevy-ruostumatonta-terasta-4-2kg\/"},"modified":"2026-04-14T06:33:30","modified_gmt":"2026-04-14T06:33:30","slug":"steak-champ-plancha-grillilevy-ruostumatonta-terasta-4-2kg","status":"publish","type":"product","link":"https:\/\/bbqassad.ee\/fi\/toode\/steak-champ-plancha-grillilevy-ruostumatonta-terasta-4-2kg\/","title":{"rendered":"Steak Champ plancha grillilevy ruostumatonta ter\u00e4st\u00e4 4.2kg"},"content":{"rendered":"<h2>Steak Champ plancha grillilevy ruostumatonta ter\u00e4st\u00e4<\/h2>\n<p>Steak Champ plancha -grillilevy ruostumaton 4,2 kg on t\u00e4ydellinen v\u00e4line murskattujen hampurilaisten, pihvien, paistettujen munien tai mink\u00e4 tahansa ruoan grillaamiseen, joka tarvitsee rapean kuoren. Steak Champ plancha on valmistettu 4 mm paksusta ruostumattomasta metallista, joten se on huoltovapaa ja k\u00e4yt\u00e4nn\u00f6llinen ruoanlaittov\u00e4line. Planchassa on loiva kaltevuus levyn takaosaa kohti, mik\u00e4 tarkoittaa, ett\u00e4 rasva ei tipu levyn etupuolelta. Lautasen kulmissa on my\u00f6s pienet rasvan tippumisrei\u00e4t. Lis\u00e4ksi planchassa on k\u00e4tev\u00e4t kahvat, joiden avulla planchaa voi nostaa grilliin ja pois grillist\u00e4.    <\/p>\n<p>Plancha on ihanteellinen L\/Classic-kokoisille kamadoille (kuten Dreamfire Kamado Comfy Classic\/Smokey, Kamado Joe Classic Joe ja Big Green Large).<\/p>\n<p>380 x 280 mm grillauspinta (esim. 4-6 hampurilaiselle)<br \/>\nmitat 438 x 280 x 40 mm.<\/p>\n","protected":false},"excerpt":{"rendered":"<p>Steak Champ plancha -grillilevy ruostumaton 4,2 kg on t\u00e4ydellinen v\u00e4line murskattujen hampurilaisten, pihvien, paistettujen munien tai mink\u00e4 tahansa ruoan grillaamiseen, joka tarvitsee rapean kuoren. Steak Champ plancha on valmistettu 4 mm paksusta ruostumattomasta metallista, joten se on huoltovapaa ja k\u00e4yt\u00e4nn\u00f6llinen ruoanlaittov\u00e4line. <\/p>\n","protected":false},"featured_media":23167,"comment_status":"open","ping_status":"closed","template":"","meta":[],"product_brand":[],"product_cat":[784],"product_tag":[],"class_list":{"0":"post-23166","1":"product","2":"type-product","3":"status-publish","4":"has-post-thumbnail","6":"product_cat-tarvikkeet","8":"first","9":"instock","10":"taxable","11":"shipping-taxable","12":"purchasable","13":"product-type-simple"},"yoast_head":"<!-- This site is optimized with the Yoast SEO plugin v27.4 - https:\/\/yoast.com\/product\/yoast-seo-wordpress\/ -->\n<title>Steak Champ plancha grillilevy ruostumatonta ter\u00e4st\u00e4 4.2kg - BBQ \u00c4ssad<\/title>\n<meta name=\"description\" content=\"Ruostumattomasta ter\u00e4ksest\u00e4 valmistettu Steak Champ plancha grilli (4,2 kg) plancha-tyyliseen ruoanlaittoon: murskaa hampurilaisia, vihanneksia, merenel\u00e4vi\u00e4 ja aamiaista.\" \/>\n<meta name=\"robots\" content=\"index, follow, max-snippet:-1, max-image-preview:large, max-video-preview:-1\" \/>\n<link rel=\"canonical\" href=\"https:\/\/bbqassad.ee\/fi\/toode\/steak-champ-plancha-grillilevy-ruostumatonta-terasta-4-2kg\/\" \/>\n<meta property=\"og:locale\" content=\"fi_FI\" \/>\n<meta property=\"og:type\" content=\"article\" \/>\n<meta property=\"og:title\" content=\"Steak Champ plancha grillilevy ruostumatonta ter\u00e4st\u00e4\" \/>\n<meta property=\"og:description\" content=\"Ruostumattomasta ter\u00e4ksest\u00e4 valmistettu Steak Champ plancha grilli (4,2 kg) plancha-tyyliseen ruoanlaittoon: murskaa hampurilaisia, vihanneksia, merenel\u00e4vi\u00e4 ja aamiaista. Sopii grilliin ja uuniin, helppo puhdistaa.\" \/>\n<meta property=\"og:url\" content=\"https:\/\/bbqassad.ee\/fi\/toode\/steak-champ-plancha-grillilevy-ruostumatonta-terasta-4-2kg\/\" \/>\n<meta property=\"og:site_name\" content=\"BBQ \u00c4ssad\" \/>\n<meta property=\"article:publisher\" content=\"https:\/\/www.facebook.com\/bbqassad\" \/>\n<meta property=\"article:modified_time\" content=\"2026-04-14T06:33:30+00:00\" \/>\n<meta property=\"og:image\" content=\"https:\/\/bbqassad.ee\/wp-content\/uploads\/2023\/09\/steak-champ-plancha-1-1024x740.jpg\" \/>\n<meta name=\"twitter:card\" content=\"summary_large_image\" \/>\n<meta name=\"twitter:label1\" content=\"Arvioitu lukuaika\" \/>\n\t<meta name=\"twitter:data1\" content=\"1 minuutti\" \/>\n<script type=\"application\/ld+json\" class=\"yoast-schema-graph\">{\"@context\":\"https:\\\/\\\/schema.org\",\"@graph\":[{\"@type\":\"WebPage\",\"@id\":\"https:\\\/\\\/bbqassad.ee\\\/fi\\\/toode\\\/steak-champ-plancha-grillilevy-ruostumatonta-terasta-4-2kg\\\/\",\"url\":\"https:\\\/\\\/bbqassad.ee\\\/fi\\\/toode\\\/steak-champ-plancha-grillilevy-ruostumatonta-terasta-4-2kg\\\/\",\"name\":\"Steak Champ plancha grillilevy ruostumatonta ter\u00e4st\u00e4 4.2kg - BBQ \u00c4ssad\",\"isPartOf\":{\"@id\":\"https:\\\/\\\/bbqassad.ee\\\/fi\\\/#website\"},\"primaryImageOfPage\":{\"@id\":\"https:\\\/\\\/bbqassad.ee\\\/fi\\\/toode\\\/steak-champ-plancha-grillilevy-ruostumatonta-terasta-4-2kg\\\/#primaryimage\"},\"image\":{\"@id\":\"https:\\\/\\\/bbqassad.ee\\\/fi\\\/toode\\\/steak-champ-plancha-grillilevy-ruostumatonta-terasta-4-2kg\\\/#primaryimage\"},\"thumbnailUrl\":\"https:\\\/\\\/bbqassad.ee\\\/wp-content\\\/uploads\\\/2023\\\/09\\\/steak-champ-plancha-1.jpg\",\"datePublished\":\"2023-09-27T13:27:45+00:00\",\"dateModified\":\"2026-04-14T06:33:30+00:00\",\"description\":\"Ruostumattomasta ter\u00e4ksest\u00e4 valmistettu Steak Champ plancha grilli (4,2 kg) plancha-tyyliseen ruoanlaittoon: murskaa hampurilaisia, vihanneksia, merenel\u00e4vi\u00e4 ja aamiaista.\",\"breadcrumb\":{\"@id\":\"https:\\\/\\\/bbqassad.ee\\\/fi\\\/toode\\\/steak-champ-plancha-grillilevy-ruostumatonta-terasta-4-2kg\\\/#breadcrumb\"},\"inLanguage\":\"fi\",\"potentialAction\":[{\"@type\":\"ReadAction\",\"target\":[\"https:\\\/\\\/bbqassad.ee\\\/fi\\\/toode\\\/steak-champ-plancha-grillilevy-ruostumatonta-terasta-4-2kg\\\/\"]}]},{\"@type\":\"ImageObject\",\"inLanguage\":\"fi\",\"@id\":\"https:\\\/\\\/bbqassad.ee\\\/fi\\\/toode\\\/steak-champ-plancha-grillilevy-ruostumatonta-terasta-4-2kg\\\/#primaryimage\",\"url\":\"https:\\\/\\\/bbqassad.ee\\\/wp-content\\\/uploads\\\/2023\\\/09\\\/steak-champ-plancha-1.jpg\",\"contentUrl\":\"https:\\\/\\\/bbqassad.ee\\\/wp-content\\\/uploads\\\/2023\\\/09\\\/steak-champ-plancha-1.jpg\",\"width\":1500,\"height\":1084,\"caption\":\"Steak Champ plancha grillplaat roostevaba\"},{\"@type\":\"BreadcrumbList\",\"@id\":\"https:\\\/\\\/bbqassad.ee\\\/fi\\\/toode\\\/steak-champ-plancha-grillilevy-ruostumatonta-terasta-4-2kg\\\/#breadcrumb\",\"itemListElement\":[{\"@type\":\"ListItem\",\"position\":1,\"name\":\"Home\",\"item\":\"https:\\\/\\\/bbqassad.ee\\\/fi\\\/bbq-assat\\\/\"},{\"@type\":\"ListItem\",\"position\":2,\"name\":\"Verkkokauppa\",\"item\":\"https:\\\/\\\/bbqassad.ee\\\/fi\\\/verkkokauppa\\\/\"},{\"@type\":\"ListItem\",\"position\":3,\"name\":\"Steak Champ plancha grillilevy ruostumatonta ter\u00e4st\u00e4 4.2kg\"}]},{\"@type\":\"WebSite\",\"@id\":\"https:\\\/\\\/bbqassad.ee\\\/fi\\\/#website\",\"url\":\"https:\\\/\\\/bbqassad.ee\\\/fi\\\/\",\"name\":\"BBQ \u00c4ssad\",\"description\":\"BBQ maitseained, kastmed, ahjud\",\"publisher\":{\"@id\":\"https:\\\/\\\/bbqassad.ee\\\/fi\\\/#organization\"},\"potentialAction\":[{\"@type\":\"SearchAction\",\"target\":{\"@type\":\"EntryPoint\",\"urlTemplate\":\"https:\\\/\\\/bbqassad.ee\\\/fi\\\/?s={search_term_string}\"},\"query-input\":{\"@type\":\"PropertyValueSpecification\",\"valueRequired\":true,\"valueName\":\"search_term_string\"}}],\"inLanguage\":\"fi\"},{\"@type\":\"Organization\",\"@id\":\"https:\\\/\\\/bbqassad.ee\\\/fi\\\/#organization\",\"name\":\"BBQ \u00c4ssad\",\"url\":\"https:\\\/\\\/bbqassad.ee\\\/fi\\\/\",\"logo\":{\"@type\":\"ImageObject\",\"inLanguage\":\"fi\",\"@id\":\"https:\\\/\\\/bbqassad.ee\\\/fi\\\/#\\\/schema\\\/logo\\\/image\\\/\",\"url\":\"https:\\\/\\\/bbqassad.ee\\\/wp-content\\\/uploads\\\/2022\\\/10\\\/BBQ-2ssadlogo.png\",\"contentUrl\":\"https:\\\/\\\/bbqassad.ee\\\/wp-content\\\/uploads\\\/2022\\\/10\\\/BBQ-2ssadlogo.png\",\"width\":1080,\"height\":1080,\"caption\":\"BBQ \u00c4ssad\"},\"image\":{\"@id\":\"https:\\\/\\\/bbqassad.ee\\\/fi\\\/#\\\/schema\\\/logo\\\/image\\\/\"},\"sameAs\":[\"https:\\\/\\\/www.facebook.com\\\/bbqassad\",\"https:\\\/\\\/www.youtube.com\\\/channel\\\/UCsoufn49J6TVi9Ah9meE93w\"]}]}<\/script>\n<!-- \/ Yoast SEO plugin. -->","yoast_head_json":{"title":"Steak Champ plancha grillilevy ruostumatonta ter\u00e4st\u00e4 4.2kg - BBQ \u00c4ssad","description":"Ruostumattomasta ter\u00e4ksest\u00e4 valmistettu Steak Champ plancha grilli (4,2 kg) plancha-tyyliseen ruoanlaittoon: murskaa hampurilaisia, vihanneksia, merenel\u00e4vi\u00e4 ja aamiaista.","robots":{"index":"index","follow":"follow","max-snippet":"max-snippet:-1","max-image-preview":"max-image-preview:large","max-video-preview":"max-video-preview:-1"},"canonical":"https:\/\/bbqassad.ee\/fi\/toode\/steak-champ-plancha-grillilevy-ruostumatonta-terasta-4-2kg\/","og_locale":"fi_FI","og_type":"article","og_title":"Steak Champ plancha grillilevy ruostumatonta ter\u00e4st\u00e4","og_description":"Ruostumattomasta ter\u00e4ksest\u00e4 valmistettu Steak Champ plancha grilli (4,2 kg) plancha-tyyliseen ruoanlaittoon: murskaa hampurilaisia, vihanneksia, merenel\u00e4vi\u00e4 ja aamiaista. Sopii grilliin ja uuniin, helppo puhdistaa.","og_url":"https:\/\/bbqassad.ee\/fi\/toode\/steak-champ-plancha-grillilevy-ruostumatonta-terasta-4-2kg\/","og_site_name":"BBQ \u00c4ssad","article_publisher":"https:\/\/www.facebook.com\/bbqassad","article_modified_time":"2026-04-14T06:33:30+00:00","og_image":[{"url":"https:\/\/bbqassad.ee\/wp-content\/uploads\/2023\/09\/steak-champ-plancha-1-1024x740.jpg","type":"","width":"","height":""}],"twitter_card":"summary_large_image","twitter_misc":{"Arvioitu lukuaika":"1 minuutti"},"schema":{"@context":"https:\/\/schema.org","@graph":[{"@type":"WebPage","@id":"https:\/\/bbqassad.ee\/fi\/toode\/steak-champ-plancha-grillilevy-ruostumatonta-terasta-4-2kg\/","url":"https:\/\/bbqassad.ee\/fi\/toode\/steak-champ-plancha-grillilevy-ruostumatonta-terasta-4-2kg\/","name":"Steak Champ plancha grillilevy ruostumatonta ter\u00e4st\u00e4 4.2kg - BBQ \u00c4ssad","isPartOf":{"@id":"https:\/\/bbqassad.ee\/fi\/#website"},"primaryImageOfPage":{"@id":"https:\/\/bbqassad.ee\/fi\/toode\/steak-champ-plancha-grillilevy-ruostumatonta-terasta-4-2kg\/#primaryimage"},"image":{"@id":"https:\/\/bbqassad.ee\/fi\/toode\/steak-champ-plancha-grillilevy-ruostumatonta-terasta-4-2kg\/#primaryimage"},"thumbnailUrl":"https:\/\/bbqassad.ee\/wp-content\/uploads\/2023\/09\/steak-champ-plancha-1.jpg","datePublished":"2023-09-27T13:27:45+00:00","dateModified":"2026-04-14T06:33:30+00:00","description":"Ruostumattomasta ter\u00e4ksest\u00e4 valmistettu Steak Champ plancha grilli (4,2 kg) plancha-tyyliseen ruoanlaittoon: murskaa hampurilaisia, vihanneksia, merenel\u00e4vi\u00e4 ja aamiaista.","breadcrumb":{"@id":"https:\/\/bbqassad.ee\/fi\/toode\/steak-champ-plancha-grillilevy-ruostumatonta-terasta-4-2kg\/#breadcrumb"},"inLanguage":"fi","potentialAction":[{"@type":"ReadAction","target":["https:\/\/bbqassad.ee\/fi\/toode\/steak-champ-plancha-grillilevy-ruostumatonta-terasta-4-2kg\/"]}]},{"@type":"ImageObject","inLanguage":"fi","@id":"https:\/\/bbqassad.ee\/fi\/toode\/steak-champ-plancha-grillilevy-ruostumatonta-terasta-4-2kg\/#primaryimage","url":"https:\/\/bbqassad.ee\/wp-content\/uploads\/2023\/09\/steak-champ-plancha-1.jpg","contentUrl":"https:\/\/bbqassad.ee\/wp-content\/uploads\/2023\/09\/steak-champ-plancha-1.jpg","width":1500,"height":1084,"caption":"Steak Champ plancha grillplaat roostevaba"},{"@type":"BreadcrumbList","@id":"https:\/\/bbqassad.ee\/fi\/toode\/steak-champ-plancha-grillilevy-ruostumatonta-terasta-4-2kg\/#breadcrumb","itemListElement":[{"@type":"ListItem","position":1,"name":"Home","item":"https:\/\/bbqassad.ee\/fi\/bbq-assat\/"},{"@type":"ListItem","position":2,"name":"Verkkokauppa","item":"https:\/\/bbqassad.ee\/fi\/verkkokauppa\/"},{"@type":"ListItem","position":3,"name":"Steak Champ plancha grillilevy ruostumatonta ter\u00e4st\u00e4 4.2kg"}]},{"@type":"WebSite","@id":"https:\/\/bbqassad.ee\/fi\/#website","url":"https:\/\/bbqassad.ee\/fi\/","name":"BBQ \u00c4ssad","description":"BBQ maitseained, kastmed, ahjud","publisher":{"@id":"https:\/\/bbqassad.ee\/fi\/#organization"},"potentialAction":[{"@type":"SearchAction","target":{"@type":"EntryPoint","urlTemplate":"https:\/\/bbqassad.ee\/fi\/?s={search_term_string}"},"query-input":{"@type":"PropertyValueSpecification","valueRequired":true,"valueName":"search_term_string"}}],"inLanguage":"fi"},{"@type":"Organization","@id":"https:\/\/bbqassad.ee\/fi\/#organization","name":"BBQ \u00c4ssad","url":"https:\/\/bbqassad.ee\/fi\/","logo":{"@type":"ImageObject","inLanguage":"fi","@id":"https:\/\/bbqassad.ee\/fi\/#\/schema\/logo\/image\/","url":"https:\/\/bbqassad.ee\/wp-content\/uploads\/2022\/10\/BBQ-2ssadlogo.png","contentUrl":"https:\/\/bbqassad.ee\/wp-content\/uploads\/2022\/10\/BBQ-2ssadlogo.png","width":1080,"height":1080,"caption":"BBQ \u00c4ssad"},"image":{"@id":"https:\/\/bbqassad.ee\/fi\/#\/schema\/logo\/image\/"},"sameAs":["https:\/\/www.facebook.com\/bbqassad","https:\/\/www.youtube.com\/channel\/UCsoufn49J6TVi9Ah9meE93w"]}]}},"_links":{"self":[{"href":"https:\/\/bbqassad.ee\/fi\/wp-json\/wp\/v2\/product\/23166","targetHints":{"allow":["GET"]}}],"collection":[{"href":"https:\/\/bbqassad.ee\/fi\/wp-json\/wp\/v2\/product"}],"about":[{"href":"https:\/\/bbqassad.ee\/fi\/wp-json\/wp\/v2\/types\/product"}],"replies":[{"embeddable":true,"href":"https:\/\/bbqassad.ee\/fi\/wp-json\/wp\/v2\/comments?post=23166"}],"wp:featuredmedia":[{"embeddable":true,"href":"https:\/\/bbqassad.ee\/fi\/wp-json\/wp\/v2\/media\/23167"}],"wp:attachment":[{"href":"https:\/\/bbqassad.ee\/fi\/wp-json\/wp\/v2\/media?parent=23166"}],"wp:term":[{"taxonomy":"product_brand","embeddable":true,"href":"https:\/\/bbqassad.ee\/fi\/wp-json\/wp\/v2\/product_brand?post=23166"},{"taxonomy":"product_cat","embeddable":true,"href":"https:\/\/bbqassad.ee\/fi\/wp-json\/wp\/v2\/product_cat?post=23166"},{"taxonomy":"product_tag","embeddable":true,"href":"https:\/\/bbqassad.ee\/fi\/wp-json\/wp\/v2\/product_tag?post=23166"}],"curies":[{"name":"wp","href":"https:\/\/api.w.org\/{rel}","templated":true}]}}