{"id":23161,"date":"2023-09-27T13:27:45","date_gmt":"2023-09-27T13:27:45","guid":{"rendered":"https:\/\/bbqassad.ee\/toode\/steak-champ-flip-andcut-lasta-jossa-on-veitsen-reuna\/"},"modified":"2026-04-14T06:33:29","modified_gmt":"2026-04-14T06:33:29","slug":"steak-champ-flip-andcut-lasta-jossa-on-veitsen-reuna","status":"publish","type":"product","link":"https:\/\/bbqassad.ee\/fi\/toode\/steak-champ-flip-andcut-lasta-jossa-on-veitsen-reuna\/","title":{"rendered":"Steak Champ Flip &#038; Cut -lasta veitsen reunalla"},"content":{"rendered":"<h2>Steak Champ Flip andCut -lasta, jossa on veitsen reuna<\/h2>\n<p>Steak Champ Flip and Cut Spatula, jossa on veitsen reuna, on loistava kaksi-in-one-ty\u00f6kalu. Se on sek\u00e4 hyv\u00e4 pannupihvi ett\u00e4 veitsi. Nosta ruoka k\u00e4tev\u00e4sti pois grillist\u00e4 ja leikkaa se tarvittaessa ter\u00e4v\u00e4ll\u00e4 reunalla heti. Lasta on valmistettu samasta materiaalista kuin Steak Champ -veitset.   <\/p>\n<p>15 x 7 cm | Kokonaispituus: 34cm<\/p>\n<p>1.4116 ter\u00e4s (X50CrMov15).<\/p>\n","protected":false},"excerpt":{"rendered":"<p>Steak Champ Flip and Cut Spatula, jossa on veitsen reuna, on loistava kaksi-in-one-ty\u00f6kalu. Se on sek\u00e4 hyv\u00e4 pannupihvi ett\u00e4 veitsi. Nosta ruoka k\u00e4tev\u00e4sti pois grillist\u00e4 ja leikkaa se tarvittaessa ter\u00e4v\u00e4ll\u00e4 reunalla heti.  <\/p>\n","protected":false},"featured_media":23162,"comment_status":"open","ping_status":"closed","template":"","meta":[],"product_brand":[],"product_cat":[784,814],"product_tag":[],"class_list":{"0":"post-23161","1":"product","2":"type-product","3":"status-publish","4":"has-post-thumbnail","6":"product_cat-tarvikkeet","7":"product_cat-veitset","9":"first","10":"instock","11":"taxable","12":"shipping-taxable","13":"purchasable","14":"product-type-simple"},"yoast_head":"<!-- This site is optimized with the Yoast SEO plugin v27.4 - https:\/\/yoast.com\/product\/yoast-seo-wordpress\/ -->\n<title>Steak Champ Flip &amp; Cut -lasta veitsen reunalla - BBQ \u00c4ssad<\/title>\n<meta name=\"description\" content=\"Steak Champ Flip and Cut on 2-in-one-ty\u00f6kalu: lastalla k\u00e4\u00e4nn\u00e4t ja veitsen ter\u00e4ll\u00e4 leikkaat\/annostelet. Ihanteellinen pihveille, hampurilaisille ja grillaukseen.\" \/>\n<meta name=\"robots\" content=\"index, follow, max-snippet:-1, max-image-preview:large, max-video-preview:-1\" \/>\n<link rel=\"canonical\" href=\"https:\/\/bbqassad.ee\/fi\/toode\/steak-champ-flip-andcut-lasta-jossa-on-veitsen-reuna\/\" \/>\n<meta property=\"og:locale\" content=\"fi_FI\" \/>\n<meta property=\"og:type\" content=\"article\" \/>\n<meta property=\"og:title\" content=\"Steak Champ Flip andCut -lasta, jossa on veitsen reuna\" \/>\n<meta property=\"og:description\" content=\"Steak Champ Flip &amp; Cut on 2-in-one-ty\u00f6kalu: lastalla k\u00e4\u00e4nn\u00e4t ja veitsen ter\u00e4ll\u00e4 leikkaat\/annostelet. Ihanteellinen pihveille, hampurilaisille ja grillaukseen - k\u00e4tev\u00e4 yksi ty\u00f6kalu, useita toimintoja.\" \/>\n<meta property=\"og:url\" content=\"https:\/\/bbqassad.ee\/fi\/toode\/steak-champ-flip-andcut-lasta-jossa-on-veitsen-reuna\/\" \/>\n<meta property=\"og:site_name\" content=\"BBQ \u00c4ssad\" \/>\n<meta property=\"article:publisher\" content=\"https:\/\/www.facebook.com\/bbqassad\" \/>\n<meta property=\"article:modified_time\" content=\"2026-04-14T06:33:29+00:00\" \/>\n<meta property=\"og:image\" content=\"https:\/\/bbqassad.ee\/wp-content\/uploads\/2023\/09\/steak-champ-flip-and-cut-1024x709.jpg\" \/>\n<meta name=\"twitter:card\" content=\"summary_large_image\" \/>\n<meta name=\"twitter:label1\" content=\"Arvioitu lukuaika\" \/>\n\t<meta name=\"twitter:data1\" content=\"1 minuutti\" \/>\n<script type=\"application\/ld+json\" class=\"yoast-schema-graph\">{\"@context\":\"https:\\\/\\\/schema.org\",\"@graph\":[{\"@type\":\"WebPage\",\"@id\":\"https:\\\/\\\/bbqassad.ee\\\/fi\\\/toode\\\/steak-champ-flip-andcut-lasta-jossa-on-veitsen-reuna\\\/\",\"url\":\"https:\\\/\\\/bbqassad.ee\\\/fi\\\/toode\\\/steak-champ-flip-andcut-lasta-jossa-on-veitsen-reuna\\\/\",\"name\":\"Steak Champ Flip & Cut -lasta veitsen reunalla - BBQ \u00c4ssad\",\"isPartOf\":{\"@id\":\"https:\\\/\\\/bbqassad.ee\\\/fi\\\/#website\"},\"primaryImageOfPage\":{\"@id\":\"https:\\\/\\\/bbqassad.ee\\\/fi\\\/toode\\\/steak-champ-flip-andcut-lasta-jossa-on-veitsen-reuna\\\/#primaryimage\"},\"image\":{\"@id\":\"https:\\\/\\\/bbqassad.ee\\\/fi\\\/toode\\\/steak-champ-flip-andcut-lasta-jossa-on-veitsen-reuna\\\/#primaryimage\"},\"thumbnailUrl\":\"https:\\\/\\\/bbqassad.ee\\\/wp-content\\\/uploads\\\/2023\\\/09\\\/steak-champ-flip-and-cut.jpg\",\"datePublished\":\"2023-09-27T13:27:45+00:00\",\"dateModified\":\"2026-04-14T06:33:29+00:00\",\"description\":\"Steak Champ Flip and Cut on 2-in-one-ty\u00f6kalu: lastalla k\u00e4\u00e4nn\u00e4t ja veitsen ter\u00e4ll\u00e4 leikkaat\\\/annostelet. Ihanteellinen pihveille, hampurilaisille ja grillaukseen.\",\"breadcrumb\":{\"@id\":\"https:\\\/\\\/bbqassad.ee\\\/fi\\\/toode\\\/steak-champ-flip-andcut-lasta-jossa-on-veitsen-reuna\\\/#breadcrumb\"},\"inLanguage\":\"fi\",\"potentialAction\":[{\"@type\":\"ReadAction\",\"target\":[\"https:\\\/\\\/bbqassad.ee\\\/fi\\\/toode\\\/steak-champ-flip-andcut-lasta-jossa-on-veitsen-reuna\\\/\"]}]},{\"@type\":\"ImageObject\",\"inLanguage\":\"fi\",\"@id\":\"https:\\\/\\\/bbqassad.ee\\\/fi\\\/toode\\\/steak-champ-flip-andcut-lasta-jossa-on-veitsen-reuna\\\/#primaryimage\",\"url\":\"https:\\\/\\\/bbqassad.ee\\\/wp-content\\\/uploads\\\/2023\\\/09\\\/steak-champ-flip-and-cut.jpg\",\"contentUrl\":\"https:\\\/\\\/bbqassad.ee\\\/wp-content\\\/uploads\\\/2023\\\/09\\\/steak-champ-flip-and-cut.jpg\",\"width\":1500,\"height\":1038,\"caption\":\"Steak Champ Flip andCut Spaatel noaservaga\"},{\"@type\":\"BreadcrumbList\",\"@id\":\"https:\\\/\\\/bbqassad.ee\\\/fi\\\/toode\\\/steak-champ-flip-andcut-lasta-jossa-on-veitsen-reuna\\\/#breadcrumb\",\"itemListElement\":[{\"@type\":\"ListItem\",\"position\":1,\"name\":\"Home\",\"item\":\"https:\\\/\\\/bbqassad.ee\\\/fi\\\/bbq-assat\\\/\"},{\"@type\":\"ListItem\",\"position\":2,\"name\":\"Verkkokauppa\",\"item\":\"https:\\\/\\\/bbqassad.ee\\\/fi\\\/verkkokauppa\\\/\"},{\"@type\":\"ListItem\",\"position\":3,\"name\":\"Steak Champ Flip &#038; Cut -lasta veitsen reunalla\"}]},{\"@type\":\"WebSite\",\"@id\":\"https:\\\/\\\/bbqassad.ee\\\/fi\\\/#website\",\"url\":\"https:\\\/\\\/bbqassad.ee\\\/fi\\\/\",\"name\":\"BBQ \u00c4ssad\",\"description\":\"BBQ maitseained, kastmed, ahjud\",\"publisher\":{\"@id\":\"https:\\\/\\\/bbqassad.ee\\\/fi\\\/#organization\"},\"potentialAction\":[{\"@type\":\"SearchAction\",\"target\":{\"@type\":\"EntryPoint\",\"urlTemplate\":\"https:\\\/\\\/bbqassad.ee\\\/fi\\\/?s={search_term_string}\"},\"query-input\":{\"@type\":\"PropertyValueSpecification\",\"valueRequired\":true,\"valueName\":\"search_term_string\"}}],\"inLanguage\":\"fi\"},{\"@type\":\"Organization\",\"@id\":\"https:\\\/\\\/bbqassad.ee\\\/fi\\\/#organization\",\"name\":\"BBQ \u00c4ssad\",\"url\":\"https:\\\/\\\/bbqassad.ee\\\/fi\\\/\",\"logo\":{\"@type\":\"ImageObject\",\"inLanguage\":\"fi\",\"@id\":\"https:\\\/\\\/bbqassad.ee\\\/fi\\\/#\\\/schema\\\/logo\\\/image\\\/\",\"url\":\"https:\\\/\\\/bbqassad.ee\\\/wp-content\\\/uploads\\\/2022\\\/10\\\/BBQ-2ssadlogo.png\",\"contentUrl\":\"https:\\\/\\\/bbqassad.ee\\\/wp-content\\\/uploads\\\/2022\\\/10\\\/BBQ-2ssadlogo.png\",\"width\":1080,\"height\":1080,\"caption\":\"BBQ \u00c4ssad\"},\"image\":{\"@id\":\"https:\\\/\\\/bbqassad.ee\\\/fi\\\/#\\\/schema\\\/logo\\\/image\\\/\"},\"sameAs\":[\"https:\\\/\\\/www.facebook.com\\\/bbqassad\",\"https:\\\/\\\/www.youtube.com\\\/channel\\\/UCsoufn49J6TVi9Ah9meE93w\"]}]}<\/script>\n<!-- \/ Yoast SEO plugin. -->","yoast_head_json":{"title":"Steak Champ Flip & Cut -lasta veitsen reunalla - BBQ \u00c4ssad","description":"Steak Champ Flip and Cut on 2-in-one-ty\u00f6kalu: lastalla k\u00e4\u00e4nn\u00e4t ja veitsen ter\u00e4ll\u00e4 leikkaat\/annostelet. Ihanteellinen pihveille, hampurilaisille ja grillaukseen.","robots":{"index":"index","follow":"follow","max-snippet":"max-snippet:-1","max-image-preview":"max-image-preview:large","max-video-preview":"max-video-preview:-1"},"canonical":"https:\/\/bbqassad.ee\/fi\/toode\/steak-champ-flip-andcut-lasta-jossa-on-veitsen-reuna\/","og_locale":"fi_FI","og_type":"article","og_title":"Steak Champ Flip andCut -lasta, jossa on veitsen reuna","og_description":"Steak Champ Flip & Cut on 2-in-one-ty\u00f6kalu: lastalla k\u00e4\u00e4nn\u00e4t ja veitsen ter\u00e4ll\u00e4 leikkaat\/annostelet. Ihanteellinen pihveille, hampurilaisille ja grillaukseen - k\u00e4tev\u00e4 yksi ty\u00f6kalu, useita toimintoja.","og_url":"https:\/\/bbqassad.ee\/fi\/toode\/steak-champ-flip-andcut-lasta-jossa-on-veitsen-reuna\/","og_site_name":"BBQ \u00c4ssad","article_publisher":"https:\/\/www.facebook.com\/bbqassad","article_modified_time":"2026-04-14T06:33:29+00:00","og_image":[{"url":"https:\/\/bbqassad.ee\/wp-content\/uploads\/2023\/09\/steak-champ-flip-and-cut-1024x709.jpg","type":"","width":"","height":""}],"twitter_card":"summary_large_image","twitter_misc":{"Arvioitu lukuaika":"1 minuutti"},"schema":{"@context":"https:\/\/schema.org","@graph":[{"@type":"WebPage","@id":"https:\/\/bbqassad.ee\/fi\/toode\/steak-champ-flip-andcut-lasta-jossa-on-veitsen-reuna\/","url":"https:\/\/bbqassad.ee\/fi\/toode\/steak-champ-flip-andcut-lasta-jossa-on-veitsen-reuna\/","name":"Steak Champ Flip & Cut -lasta veitsen reunalla - BBQ \u00c4ssad","isPartOf":{"@id":"https:\/\/bbqassad.ee\/fi\/#website"},"primaryImageOfPage":{"@id":"https:\/\/bbqassad.ee\/fi\/toode\/steak-champ-flip-andcut-lasta-jossa-on-veitsen-reuna\/#primaryimage"},"image":{"@id":"https:\/\/bbqassad.ee\/fi\/toode\/steak-champ-flip-andcut-lasta-jossa-on-veitsen-reuna\/#primaryimage"},"thumbnailUrl":"https:\/\/bbqassad.ee\/wp-content\/uploads\/2023\/09\/steak-champ-flip-and-cut.jpg","datePublished":"2023-09-27T13:27:45+00:00","dateModified":"2026-04-14T06:33:29+00:00","description":"Steak Champ Flip and Cut on 2-in-one-ty\u00f6kalu: lastalla k\u00e4\u00e4nn\u00e4t ja veitsen ter\u00e4ll\u00e4 leikkaat\/annostelet. Ihanteellinen pihveille, hampurilaisille ja grillaukseen.","breadcrumb":{"@id":"https:\/\/bbqassad.ee\/fi\/toode\/steak-champ-flip-andcut-lasta-jossa-on-veitsen-reuna\/#breadcrumb"},"inLanguage":"fi","potentialAction":[{"@type":"ReadAction","target":["https:\/\/bbqassad.ee\/fi\/toode\/steak-champ-flip-andcut-lasta-jossa-on-veitsen-reuna\/"]}]},{"@type":"ImageObject","inLanguage":"fi","@id":"https:\/\/bbqassad.ee\/fi\/toode\/steak-champ-flip-andcut-lasta-jossa-on-veitsen-reuna\/#primaryimage","url":"https:\/\/bbqassad.ee\/wp-content\/uploads\/2023\/09\/steak-champ-flip-and-cut.jpg","contentUrl":"https:\/\/bbqassad.ee\/wp-content\/uploads\/2023\/09\/steak-champ-flip-and-cut.jpg","width":1500,"height":1038,"caption":"Steak Champ Flip andCut Spaatel noaservaga"},{"@type":"BreadcrumbList","@id":"https:\/\/bbqassad.ee\/fi\/toode\/steak-champ-flip-andcut-lasta-jossa-on-veitsen-reuna\/#breadcrumb","itemListElement":[{"@type":"ListItem","position":1,"name":"Home","item":"https:\/\/bbqassad.ee\/fi\/bbq-assat\/"},{"@type":"ListItem","position":2,"name":"Verkkokauppa","item":"https:\/\/bbqassad.ee\/fi\/verkkokauppa\/"},{"@type":"ListItem","position":3,"name":"Steak Champ Flip &#038; Cut -lasta veitsen reunalla"}]},{"@type":"WebSite","@id":"https:\/\/bbqassad.ee\/fi\/#website","url":"https:\/\/bbqassad.ee\/fi\/","name":"BBQ \u00c4ssad","description":"BBQ maitseained, kastmed, ahjud","publisher":{"@id":"https:\/\/bbqassad.ee\/fi\/#organization"},"potentialAction":[{"@type":"SearchAction","target":{"@type":"EntryPoint","urlTemplate":"https:\/\/bbqassad.ee\/fi\/?s={search_term_string}"},"query-input":{"@type":"PropertyValueSpecification","valueRequired":true,"valueName":"search_term_string"}}],"inLanguage":"fi"},{"@type":"Organization","@id":"https:\/\/bbqassad.ee\/fi\/#organization","name":"BBQ \u00c4ssad","url":"https:\/\/bbqassad.ee\/fi\/","logo":{"@type":"ImageObject","inLanguage":"fi","@id":"https:\/\/bbqassad.ee\/fi\/#\/schema\/logo\/image\/","url":"https:\/\/bbqassad.ee\/wp-content\/uploads\/2022\/10\/BBQ-2ssadlogo.png","contentUrl":"https:\/\/bbqassad.ee\/wp-content\/uploads\/2022\/10\/BBQ-2ssadlogo.png","width":1080,"height":1080,"caption":"BBQ \u00c4ssad"},"image":{"@id":"https:\/\/bbqassad.ee\/fi\/#\/schema\/logo\/image\/"},"sameAs":["https:\/\/www.facebook.com\/bbqassad","https:\/\/www.youtube.com\/channel\/UCsoufn49J6TVi9Ah9meE93w"]}]}},"_links":{"self":[{"href":"https:\/\/bbqassad.ee\/fi\/wp-json\/wp\/v2\/product\/23161","targetHints":{"allow":["GET"]}}],"collection":[{"href":"https:\/\/bbqassad.ee\/fi\/wp-json\/wp\/v2\/product"}],"about":[{"href":"https:\/\/bbqassad.ee\/fi\/wp-json\/wp\/v2\/types\/product"}],"replies":[{"embeddable":true,"href":"https:\/\/bbqassad.ee\/fi\/wp-json\/wp\/v2\/comments?post=23161"}],"wp:featuredmedia":[{"embeddable":true,"href":"https:\/\/bbqassad.ee\/fi\/wp-json\/wp\/v2\/media\/23162"}],"wp:attachment":[{"href":"https:\/\/bbqassad.ee\/fi\/wp-json\/wp\/v2\/media?parent=23161"}],"wp:term":[{"taxonomy":"product_brand","embeddable":true,"href":"https:\/\/bbqassad.ee\/fi\/wp-json\/wp\/v2\/product_brand?post=23161"},{"taxonomy":"product_cat","embeddable":true,"href":"https:\/\/bbqassad.ee\/fi\/wp-json\/wp\/v2\/product_cat?post=23161"},{"taxonomy":"product_tag","embeddable":true,"href":"https:\/\/bbqassad.ee\/fi\/wp-json\/wp\/v2\/product_tag?post=23161"}],"curies":[{"name":"wp","href":"https:\/\/api.w.org\/{rel}","templated":true}]}}