{"id":22918,"date":"2023-09-27T13:28:12","date_gmt":"2023-09-27T13:28:12","guid":{"rendered":"https:\/\/bbqassad.ee\/toode\/yakiniku-wok-pannu-large\/"},"modified":"2026-04-14T06:33:29","modified_gmt":"2026-04-14T06:33:29","slug":"yakiniku-wok-pannu-large","status":"publish","type":"product","link":"https:\/\/bbqassad.ee\/fi\/toode\/yakiniku-wok-pannu-large\/","title":{"rendered":"YAKINIKU Wok-pannu LARGE"},"content":{"rendered":"","protected":false},"excerpt":{"rendered":"<p>Laajenna tarvikekokoelmaasi YAKINIKU\u00ae-vihannesastialla. T\u00e4m\u00e4 pannu sopii t\u00e4ydellisesti vihannesten paistamiseen grilliss\u00e4. Se on nopea tapa valmistaa herkullisimmat lisukkeet. Rei\u00e4t lis\u00e4\u00e4v\u00e4t paistille l\u00e4mp\u00f6\u00e4 ja savua ja antavat sille herkullisen BBQ-maun. Pannu sopii t\u00e4ydellisesti pienten vihannesten grillaamiseen!    <\/p>\n","protected":false},"featured_media":3287,"comment_status":"open","ping_status":"closed","template":"","meta":[],"product_brand":[],"product_cat":[784],"product_tag":[],"class_list":{"0":"post-22918","1":"product","2":"type-product","3":"status-publish","4":"has-post-thumbnail","6":"product_cat-tarvikkeet","8":"first","9":"outofstock","10":"taxable","11":"shipping-taxable","12":"purchasable","13":"product-type-simple"},"yoast_head":"<!-- This site is optimized with the Yoast SEO plugin v27.4 - https:\/\/yoast.com\/product\/yoast-seo-wordpress\/ -->\n<title>YAKINIKU Wok-pannu LARGE -% BBQ \u00c4ssad%<\/title>\n<meta name=\"description\" content=\"Laajenna YAKINIKU\u00ae-vihannespannujen kokoelmaa. T\u00e4m\u00e4 pannu sopii t\u00e4ydellisesti vihannesten grillaamiseen, l\u00e4mm\u00f6n ja savun lis\u00e4\u00e4miseen romaineille.\" \/>\n<meta name=\"robots\" content=\"index, follow, max-snippet:-1, max-image-preview:large, max-video-preview:-1\" \/>\n<link rel=\"canonical\" href=\"https:\/\/bbqassad.ee\/fi\/toode\/yakiniku-wok-pannu-large\/\" \/>\n<meta property=\"og:locale\" content=\"fi_FI\" \/>\n<meta property=\"og:type\" content=\"article\" \/>\n<meta property=\"og:title\" content=\"YAKINIKU Wok-pannu LARGE -% BBQ \u00c4ssad%\" \/>\n<meta property=\"og:description\" content=\"Laajenna YAKINIKU\u00ae-vihannespannujen kokoelmaa. T\u00e4m\u00e4 pannu sopii t\u00e4ydellisesti vihannesten grillaamiseen, l\u00e4mm\u00f6n ja savun lis\u00e4\u00e4miseen romaineille.\" \/>\n<meta property=\"og:url\" content=\"https:\/\/bbqassad.ee\/fi\/toode\/yakiniku-wok-pannu-large\/\" \/>\n<meta property=\"og:site_name\" content=\"BBQ \u00c4ssad\" \/>\n<meta property=\"article:publisher\" content=\"https:\/\/www.facebook.com\/bbqassad\" \/>\n<meta property=\"article:modified_time\" content=\"2026-04-14T06:33:29+00:00\" \/>\n<meta property=\"og:image\" content=\"https:\/\/bbqassad.ee\/wp-content\/uploads\/2023\/09\/YN750041.jpg\" \/>\n<meta name=\"twitter:card\" content=\"summary_large_image\" \/>\n<meta name=\"twitter:title\" content=\"YAKINIKU Wok-pannu LARGE -% BBQ \u00c4ssad%\" \/>\n<meta name=\"twitter:description\" content=\"Laajenna YAKINIKU\u00ae-vihannespannujen kokoelmaa. T\u00e4m\u00e4 pannu sopii t\u00e4ydellisesti vihannesten grillaamiseen, l\u00e4mm\u00f6n ja savun lis\u00e4\u00e4miseen romaineille.\" \/>\n<meta name=\"twitter:image\" content=\"https:\/\/bbqassad.ee\/wp-content\/uploads\/2023\/09\/YN750041.jpg\" \/>\n<script type=\"application\/ld+json\" class=\"yoast-schema-graph\">{\"@context\":\"https:\\\/\\\/schema.org\",\"@graph\":[{\"@type\":\"WebPage\",\"@id\":\"https:\\\/\\\/bbqassad.ee\\\/fi\\\/toode\\\/yakiniku-wok-pannu-large\\\/\",\"url\":\"https:\\\/\\\/bbqassad.ee\\\/fi\\\/toode\\\/yakiniku-wok-pannu-large\\\/\",\"name\":\"YAKINIKU Wok-pannu LARGE -% BBQ \u00c4ssad%\",\"isPartOf\":{\"@id\":\"https:\\\/\\\/bbqassad.ee\\\/fi\\\/#website\"},\"primaryImageOfPage\":{\"@id\":\"https:\\\/\\\/bbqassad.ee\\\/fi\\\/toode\\\/yakiniku-wok-pannu-large\\\/#primaryimage\"},\"image\":{\"@id\":\"https:\\\/\\\/bbqassad.ee\\\/fi\\\/toode\\\/yakiniku-wok-pannu-large\\\/#primaryimage\"},\"thumbnailUrl\":\"https:\\\/\\\/bbqassad.ee\\\/wp-content\\\/uploads\\\/2023\\\/09\\\/YN750041.jpg\",\"datePublished\":\"2023-09-27T13:28:12+00:00\",\"dateModified\":\"2026-04-14T06:33:29+00:00\",\"description\":\"Laajenna YAKINIKU\u00ae-vihannespannujen kokoelmaa. T\u00e4m\u00e4 pannu sopii t\u00e4ydellisesti vihannesten grillaamiseen, l\u00e4mm\u00f6n ja savun lis\u00e4\u00e4miseen romaineille.\",\"breadcrumb\":{\"@id\":\"https:\\\/\\\/bbqassad.ee\\\/fi\\\/toode\\\/yakiniku-wok-pannu-large\\\/#breadcrumb\"},\"inLanguage\":\"fi\",\"potentialAction\":[{\"@type\":\"ReadAction\",\"target\":[\"https:\\\/\\\/bbqassad.ee\\\/fi\\\/toode\\\/yakiniku-wok-pannu-large\\\/\"]}]},{\"@type\":\"ImageObject\",\"inLanguage\":\"fi\",\"@id\":\"https:\\\/\\\/bbqassad.ee\\\/fi\\\/toode\\\/yakiniku-wok-pannu-large\\\/#primaryimage\",\"url\":\"https:\\\/\\\/bbqassad.ee\\\/wp-content\\\/uploads\\\/2023\\\/09\\\/YN750041.jpg\",\"contentUrl\":\"https:\\\/\\\/bbqassad.ee\\\/wp-content\\\/uploads\\\/2023\\\/09\\\/YN750041.jpg\",\"width\":900,\"height\":900},{\"@type\":\"BreadcrumbList\",\"@id\":\"https:\\\/\\\/bbqassad.ee\\\/fi\\\/toode\\\/yakiniku-wok-pannu-large\\\/#breadcrumb\",\"itemListElement\":[{\"@type\":\"ListItem\",\"position\":1,\"name\":\"Home\",\"item\":\"https:\\\/\\\/bbqassad.ee\\\/fi\\\/bbq-assat\\\/\"},{\"@type\":\"ListItem\",\"position\":2,\"name\":\"Verkkokauppa\",\"item\":\"https:\\\/\\\/bbqassad.ee\\\/fi\\\/verkkokauppa\\\/\"},{\"@type\":\"ListItem\",\"position\":3,\"name\":\"YAKINIKU Wok-pannu LARGE\"}]},{\"@type\":\"WebSite\",\"@id\":\"https:\\\/\\\/bbqassad.ee\\\/fi\\\/#website\",\"url\":\"https:\\\/\\\/bbqassad.ee\\\/fi\\\/\",\"name\":\"BBQ \u00c4ssad\",\"description\":\"BBQ maitseained, kastmed, ahjud\",\"publisher\":{\"@id\":\"https:\\\/\\\/bbqassad.ee\\\/fi\\\/#organization\"},\"potentialAction\":[{\"@type\":\"SearchAction\",\"target\":{\"@type\":\"EntryPoint\",\"urlTemplate\":\"https:\\\/\\\/bbqassad.ee\\\/fi\\\/?s={search_term_string}\"},\"query-input\":{\"@type\":\"PropertyValueSpecification\",\"valueRequired\":true,\"valueName\":\"search_term_string\"}}],\"inLanguage\":\"fi\"},{\"@type\":\"Organization\",\"@id\":\"https:\\\/\\\/bbqassad.ee\\\/fi\\\/#organization\",\"name\":\"BBQ \u00c4ssad\",\"url\":\"https:\\\/\\\/bbqassad.ee\\\/fi\\\/\",\"logo\":{\"@type\":\"ImageObject\",\"inLanguage\":\"fi\",\"@id\":\"https:\\\/\\\/bbqassad.ee\\\/fi\\\/#\\\/schema\\\/logo\\\/image\\\/\",\"url\":\"https:\\\/\\\/bbqassad.ee\\\/wp-content\\\/uploads\\\/2022\\\/10\\\/BBQ-2ssadlogo.png\",\"contentUrl\":\"https:\\\/\\\/bbqassad.ee\\\/wp-content\\\/uploads\\\/2022\\\/10\\\/BBQ-2ssadlogo.png\",\"width\":1080,\"height\":1080,\"caption\":\"BBQ \u00c4ssad\"},\"image\":{\"@id\":\"https:\\\/\\\/bbqassad.ee\\\/fi\\\/#\\\/schema\\\/logo\\\/image\\\/\"},\"sameAs\":[\"https:\\\/\\\/www.facebook.com\\\/bbqassad\",\"https:\\\/\\\/www.youtube.com\\\/channel\\\/UCsoufn49J6TVi9Ah9meE93w\"]}]}<\/script>\n<!-- \/ Yoast SEO plugin. -->","yoast_head_json":{"title":"YAKINIKU Wok-pannu LARGE -% BBQ \u00c4ssad%","description":"Laajenna YAKINIKU\u00ae-vihannespannujen kokoelmaa. T\u00e4m\u00e4 pannu sopii t\u00e4ydellisesti vihannesten grillaamiseen, l\u00e4mm\u00f6n ja savun lis\u00e4\u00e4miseen romaineille.","robots":{"index":"index","follow":"follow","max-snippet":"max-snippet:-1","max-image-preview":"max-image-preview:large","max-video-preview":"max-video-preview:-1"},"canonical":"https:\/\/bbqassad.ee\/fi\/toode\/yakiniku-wok-pannu-large\/","og_locale":"fi_FI","og_type":"article","og_title":"YAKINIKU Wok-pannu LARGE -% BBQ \u00c4ssad%","og_description":"Laajenna YAKINIKU\u00ae-vihannespannujen kokoelmaa. T\u00e4m\u00e4 pannu sopii t\u00e4ydellisesti vihannesten grillaamiseen, l\u00e4mm\u00f6n ja savun lis\u00e4\u00e4miseen romaineille.","og_url":"https:\/\/bbqassad.ee\/fi\/toode\/yakiniku-wok-pannu-large\/","og_site_name":"BBQ \u00c4ssad","article_publisher":"https:\/\/www.facebook.com\/bbqassad","article_modified_time":"2026-04-14T06:33:29+00:00","og_image":[{"url":"https:\/\/bbqassad.ee\/wp-content\/uploads\/2023\/09\/YN750041.jpg","type":"","width":"","height":""}],"twitter_card":"summary_large_image","twitter_title":"YAKINIKU Wok-pannu LARGE -% BBQ \u00c4ssad%","twitter_description":"Laajenna YAKINIKU\u00ae-vihannespannujen kokoelmaa. T\u00e4m\u00e4 pannu sopii t\u00e4ydellisesti vihannesten grillaamiseen, l\u00e4mm\u00f6n ja savun lis\u00e4\u00e4miseen romaineille.","twitter_image":"https:\/\/bbqassad.ee\/wp-content\/uploads\/2023\/09\/YN750041.jpg","schema":{"@context":"https:\/\/schema.org","@graph":[{"@type":"WebPage","@id":"https:\/\/bbqassad.ee\/fi\/toode\/yakiniku-wok-pannu-large\/","url":"https:\/\/bbqassad.ee\/fi\/toode\/yakiniku-wok-pannu-large\/","name":"YAKINIKU Wok-pannu LARGE -% BBQ \u00c4ssad%","isPartOf":{"@id":"https:\/\/bbqassad.ee\/fi\/#website"},"primaryImageOfPage":{"@id":"https:\/\/bbqassad.ee\/fi\/toode\/yakiniku-wok-pannu-large\/#primaryimage"},"image":{"@id":"https:\/\/bbqassad.ee\/fi\/toode\/yakiniku-wok-pannu-large\/#primaryimage"},"thumbnailUrl":"https:\/\/bbqassad.ee\/wp-content\/uploads\/2023\/09\/YN750041.jpg","datePublished":"2023-09-27T13:28:12+00:00","dateModified":"2026-04-14T06:33:29+00:00","description":"Laajenna YAKINIKU\u00ae-vihannespannujen kokoelmaa. T\u00e4m\u00e4 pannu sopii t\u00e4ydellisesti vihannesten grillaamiseen, l\u00e4mm\u00f6n ja savun lis\u00e4\u00e4miseen romaineille.","breadcrumb":{"@id":"https:\/\/bbqassad.ee\/fi\/toode\/yakiniku-wok-pannu-large\/#breadcrumb"},"inLanguage":"fi","potentialAction":[{"@type":"ReadAction","target":["https:\/\/bbqassad.ee\/fi\/toode\/yakiniku-wok-pannu-large\/"]}]},{"@type":"ImageObject","inLanguage":"fi","@id":"https:\/\/bbqassad.ee\/fi\/toode\/yakiniku-wok-pannu-large\/#primaryimage","url":"https:\/\/bbqassad.ee\/wp-content\/uploads\/2023\/09\/YN750041.jpg","contentUrl":"https:\/\/bbqassad.ee\/wp-content\/uploads\/2023\/09\/YN750041.jpg","width":900,"height":900},{"@type":"BreadcrumbList","@id":"https:\/\/bbqassad.ee\/fi\/toode\/yakiniku-wok-pannu-large\/#breadcrumb","itemListElement":[{"@type":"ListItem","position":1,"name":"Home","item":"https:\/\/bbqassad.ee\/fi\/bbq-assat\/"},{"@type":"ListItem","position":2,"name":"Verkkokauppa","item":"https:\/\/bbqassad.ee\/fi\/verkkokauppa\/"},{"@type":"ListItem","position":3,"name":"YAKINIKU Wok-pannu LARGE"}]},{"@type":"WebSite","@id":"https:\/\/bbqassad.ee\/fi\/#website","url":"https:\/\/bbqassad.ee\/fi\/","name":"BBQ \u00c4ssad","description":"BBQ maitseained, kastmed, ahjud","publisher":{"@id":"https:\/\/bbqassad.ee\/fi\/#organization"},"potentialAction":[{"@type":"SearchAction","target":{"@type":"EntryPoint","urlTemplate":"https:\/\/bbqassad.ee\/fi\/?s={search_term_string}"},"query-input":{"@type":"PropertyValueSpecification","valueRequired":true,"valueName":"search_term_string"}}],"inLanguage":"fi"},{"@type":"Organization","@id":"https:\/\/bbqassad.ee\/fi\/#organization","name":"BBQ \u00c4ssad","url":"https:\/\/bbqassad.ee\/fi\/","logo":{"@type":"ImageObject","inLanguage":"fi","@id":"https:\/\/bbqassad.ee\/fi\/#\/schema\/logo\/image\/","url":"https:\/\/bbqassad.ee\/wp-content\/uploads\/2022\/10\/BBQ-2ssadlogo.png","contentUrl":"https:\/\/bbqassad.ee\/wp-content\/uploads\/2022\/10\/BBQ-2ssadlogo.png","width":1080,"height":1080,"caption":"BBQ \u00c4ssad"},"image":{"@id":"https:\/\/bbqassad.ee\/fi\/#\/schema\/logo\/image\/"},"sameAs":["https:\/\/www.facebook.com\/bbqassad","https:\/\/www.youtube.com\/channel\/UCsoufn49J6TVi9Ah9meE93w"]}]}},"_links":{"self":[{"href":"https:\/\/bbqassad.ee\/fi\/wp-json\/wp\/v2\/product\/22918","targetHints":{"allow":["GET"]}}],"collection":[{"href":"https:\/\/bbqassad.ee\/fi\/wp-json\/wp\/v2\/product"}],"about":[{"href":"https:\/\/bbqassad.ee\/fi\/wp-json\/wp\/v2\/types\/product"}],"replies":[{"embeddable":true,"href":"https:\/\/bbqassad.ee\/fi\/wp-json\/wp\/v2\/comments?post=22918"}],"wp:featuredmedia":[{"embeddable":true,"href":"https:\/\/bbqassad.ee\/fi\/wp-json\/wp\/v2\/media\/3287"}],"wp:attachment":[{"href":"https:\/\/bbqassad.ee\/fi\/wp-json\/wp\/v2\/media?parent=22918"}],"wp:term":[{"taxonomy":"product_brand","embeddable":true,"href":"https:\/\/bbqassad.ee\/fi\/wp-json\/wp\/v2\/product_brand?post=22918"},{"taxonomy":"product_cat","embeddable":true,"href":"https:\/\/bbqassad.ee\/fi\/wp-json\/wp\/v2\/product_cat?post=22918"},{"taxonomy":"product_tag","embeddable":true,"href":"https:\/\/bbqassad.ee\/fi\/wp-json\/wp\/v2\/product_tag?post=22918"}],"curies":[{"name":"wp","href":"https:\/\/api.w.org\/{rel}","templated":true}]}}