{"id":22913,"date":"2023-09-28T12:37:31","date_gmt":"2023-09-28T12:37:31","guid":{"rendered":"https:\/\/bbqassad.ee\/toode\/mausteseos-southern-dutch-all-about-steak\/"},"modified":"2026-04-14T06:33:28","modified_gmt":"2026-04-14T06:33:28","slug":"mausteseos-southern-dutch-all-about-steak","status":"publish","type":"product","link":"https:\/\/bbqassad.ee\/fi\/toode\/mausteseos-southern-dutch-all-about-steak\/","title":{"rendered":"Southern Dutch All About Steak -mausteseos"},"content":{"rendered":"<h1>Southern Dutch &#8211; Kaikki pihvist\u00e4<\/h1>\n<p>Etel\u00e4-Hollanti on Euroopan viime vuosien menestynein BBQ-joukkue. He k\u00e4ytt\u00e4v\u00e4t p\u00e4\u00e4asiassa omia mausteita ja ovat myyneet niit\u00e4 muille jo jonkin aikaa. T\u00e4m\u00e4 mauste on tarkoitettu kaikenlaisille pihveille.  <\/p>\n<h2>BBQ Aces kommentti<\/h2>\n<p>Itse asiassa he ovat keksineet yksinkertaisen ja nerokkaan ratkaisun, koska se on periaatteessa SPG (suola, pippuri, valkosipuli) ja muutama muu asia, jotka antavat sille lis\u00e4pontta.<\/p>\n<h2>Ammattilaisen vinkki<\/h2>\n<p>Kokeile sit\u00e4 muuten lampaiden kanssa, se toimii my\u00f6s siell\u00e4 eritt\u00e4in hyvin.<\/p>\n","protected":false},"excerpt":{"rendered":"<p>Tuottaja: Southern Dutch BBQ<br \/>\nPaino: 275 grammaa13<\/p>\n","protected":false},"featured_media":22914,"comment_status":"open","ping_status":"closed","template":"","meta":[],"product_brand":[],"product_cat":[802],"product_tag":[],"class_list":{"0":"post-22913","1":"product","2":"type-product","3":"status-publish","4":"has-post-thumbnail","6":"product_cat-sekoitukset","8":"first","9":"instock","10":"taxable","11":"shipping-taxable","12":"purchasable","13":"product-type-simple"},"yoast_head":"<!-- This site is optimized with the Yoast SEO plugin v27.4 - https:\/\/yoast.com\/product\/yoast-seo-wordpress\/ -->\n<title>Southern Dutch All About Steak -mausteseos - BBQ \u00c4ssad<\/title>\n<meta name=\"description\" content=\"Southern Dutch All About Steak - SPG (suola, pippuri, valkosipuli) + lis\u00e4ykset pihveille. Kokeile my\u00f6s lampaanlihalle. Tilaa BBQ Aces verkossa.\" \/>\n<meta name=\"robots\" content=\"index, follow, max-snippet:-1, max-image-preview:large, max-video-preview:-1\" \/>\n<link rel=\"canonical\" href=\"https:\/\/bbqassad.ee\/fi\/toode\/mausteseos-southern-dutch-all-about-steak\/\" \/>\n<meta property=\"og:locale\" content=\"fi_FI\" \/>\n<meta property=\"og:type\" content=\"article\" \/>\n<meta property=\"og:title\" content=\"Maustaminen Southern Dutch Kaikki pihvist\u00e4\" \/>\n<meta property=\"og:description\" content=\"Southern Dutch All About Steak - SPG (suola, pippuri, valkosipuli) + lis\u00e4ykset pihveille. Kokeile my\u00f6s lampaanlihalle. Tilaa BBQ Aces verkossa.\" \/>\n<meta property=\"og:url\" content=\"https:\/\/bbqassad.ee\/fi\/toode\/mausteseos-southern-dutch-all-about-steak\/\" \/>\n<meta property=\"og:site_name\" content=\"BBQ \u00c4ssad\" \/>\n<meta property=\"article:publisher\" content=\"https:\/\/www.facebook.com\/bbqassad\" \/>\n<meta property=\"article:modified_time\" content=\"2026-04-14T06:33:28+00:00\" \/>\n<meta property=\"og:image\" content=\"https:\/\/bbqassad.ee\/wp-content\/uploads\/2023\/08\/Southern-Dutch-All_about_steak-300x300.png\" \/>\n<meta name=\"twitter:card\" content=\"summary_large_image\" \/>\n<script type=\"application\/ld+json\" class=\"yoast-schema-graph\">{\"@context\":\"https:\\\/\\\/schema.org\",\"@graph\":[{\"@type\":\"WebPage\",\"@id\":\"https:\\\/\\\/bbqassad.ee\\\/fi\\\/toode\\\/mausteseos-southern-dutch-all-about-steak\\\/\",\"url\":\"https:\\\/\\\/bbqassad.ee\\\/fi\\\/toode\\\/mausteseos-southern-dutch-all-about-steak\\\/\",\"name\":\"Southern Dutch All About Steak -mausteseos - BBQ \u00c4ssad\",\"isPartOf\":{\"@id\":\"https:\\\/\\\/bbqassad.ee\\\/fi\\\/#website\"},\"primaryImageOfPage\":{\"@id\":\"https:\\\/\\\/bbqassad.ee\\\/fi\\\/toode\\\/mausteseos-southern-dutch-all-about-steak\\\/#primaryimage\"},\"image\":{\"@id\":\"https:\\\/\\\/bbqassad.ee\\\/fi\\\/toode\\\/mausteseos-southern-dutch-all-about-steak\\\/#primaryimage\"},\"thumbnailUrl\":\"https:\\\/\\\/bbqassad.ee\\\/wp-content\\\/uploads\\\/2023\\\/08\\\/Southern-Dutch-All_about_steak.png\",\"datePublished\":\"2023-09-28T12:37:31+00:00\",\"dateModified\":\"2026-04-14T06:33:28+00:00\",\"description\":\"Southern Dutch All About Steak - SPG (suola, pippuri, valkosipuli) + lis\u00e4ykset pihveille. Kokeile my\u00f6s lampaanlihalle. Tilaa BBQ Aces verkossa.\",\"breadcrumb\":{\"@id\":\"https:\\\/\\\/bbqassad.ee\\\/fi\\\/toode\\\/mausteseos-southern-dutch-all-about-steak\\\/#breadcrumb\"},\"inLanguage\":\"fi\",\"potentialAction\":[{\"@type\":\"ReadAction\",\"target\":[\"https:\\\/\\\/bbqassad.ee\\\/fi\\\/toode\\\/mausteseos-southern-dutch-all-about-steak\\\/\"]}]},{\"@type\":\"ImageObject\",\"inLanguage\":\"fi\",\"@id\":\"https:\\\/\\\/bbqassad.ee\\\/fi\\\/toode\\\/mausteseos-southern-dutch-all-about-steak\\\/#primaryimage\",\"url\":\"https:\\\/\\\/bbqassad.ee\\\/wp-content\\\/uploads\\\/2023\\\/08\\\/Southern-Dutch-All_about_steak.png\",\"contentUrl\":\"https:\\\/\\\/bbqassad.ee\\\/wp-content\\\/uploads\\\/2023\\\/08\\\/Southern-Dutch-All_about_steak.png\",\"width\":800,\"height\":800,\"caption\":\"Maitseainesegu Southern Dutch All about steak\"},{\"@type\":\"BreadcrumbList\",\"@id\":\"https:\\\/\\\/bbqassad.ee\\\/fi\\\/toode\\\/mausteseos-southern-dutch-all-about-steak\\\/#breadcrumb\",\"itemListElement\":[{\"@type\":\"ListItem\",\"position\":1,\"name\":\"Home\",\"item\":\"https:\\\/\\\/bbqassad.ee\\\/fi\\\/bbq-assat\\\/\"},{\"@type\":\"ListItem\",\"position\":2,\"name\":\"Verkkokauppa\",\"item\":\"https:\\\/\\\/bbqassad.ee\\\/fi\\\/verkkokauppa\\\/\"},{\"@type\":\"ListItem\",\"position\":3,\"name\":\"Southern Dutch All About Steak -mausteseos\"}]},{\"@type\":\"WebSite\",\"@id\":\"https:\\\/\\\/bbqassad.ee\\\/fi\\\/#website\",\"url\":\"https:\\\/\\\/bbqassad.ee\\\/fi\\\/\",\"name\":\"BBQ \u00c4ssad\",\"description\":\"BBQ maitseained, kastmed, ahjud\",\"publisher\":{\"@id\":\"https:\\\/\\\/bbqassad.ee\\\/fi\\\/#organization\"},\"potentialAction\":[{\"@type\":\"SearchAction\",\"target\":{\"@type\":\"EntryPoint\",\"urlTemplate\":\"https:\\\/\\\/bbqassad.ee\\\/fi\\\/?s={search_term_string}\"},\"query-input\":{\"@type\":\"PropertyValueSpecification\",\"valueRequired\":true,\"valueName\":\"search_term_string\"}}],\"inLanguage\":\"fi\"},{\"@type\":\"Organization\",\"@id\":\"https:\\\/\\\/bbqassad.ee\\\/fi\\\/#organization\",\"name\":\"BBQ \u00c4ssad\",\"url\":\"https:\\\/\\\/bbqassad.ee\\\/fi\\\/\",\"logo\":{\"@type\":\"ImageObject\",\"inLanguage\":\"fi\",\"@id\":\"https:\\\/\\\/bbqassad.ee\\\/fi\\\/#\\\/schema\\\/logo\\\/image\\\/\",\"url\":\"https:\\\/\\\/bbqassad.ee\\\/wp-content\\\/uploads\\\/2022\\\/10\\\/BBQ-2ssadlogo.png\",\"contentUrl\":\"https:\\\/\\\/bbqassad.ee\\\/wp-content\\\/uploads\\\/2022\\\/10\\\/BBQ-2ssadlogo.png\",\"width\":1080,\"height\":1080,\"caption\":\"BBQ \u00c4ssad\"},\"image\":{\"@id\":\"https:\\\/\\\/bbqassad.ee\\\/fi\\\/#\\\/schema\\\/logo\\\/image\\\/\"},\"sameAs\":[\"https:\\\/\\\/www.facebook.com\\\/bbqassad\",\"https:\\\/\\\/www.youtube.com\\\/channel\\\/UCsoufn49J6TVi9Ah9meE93w\"]}]}<\/script>\n<!-- \/ Yoast SEO plugin. -->","yoast_head_json":{"title":"Southern Dutch All About Steak -mausteseos - BBQ \u00c4ssad","description":"Southern Dutch All About Steak - SPG (suola, pippuri, valkosipuli) + lis\u00e4ykset pihveille. Kokeile my\u00f6s lampaanlihalle. Tilaa BBQ Aces verkossa.","robots":{"index":"index","follow":"follow","max-snippet":"max-snippet:-1","max-image-preview":"max-image-preview:large","max-video-preview":"max-video-preview:-1"},"canonical":"https:\/\/bbqassad.ee\/fi\/toode\/mausteseos-southern-dutch-all-about-steak\/","og_locale":"fi_FI","og_type":"article","og_title":"Maustaminen Southern Dutch Kaikki pihvist\u00e4","og_description":"Southern Dutch All About Steak - SPG (suola, pippuri, valkosipuli) + lis\u00e4ykset pihveille. Kokeile my\u00f6s lampaanlihalle. Tilaa BBQ Aces verkossa.","og_url":"https:\/\/bbqassad.ee\/fi\/toode\/mausteseos-southern-dutch-all-about-steak\/","og_site_name":"BBQ \u00c4ssad","article_publisher":"https:\/\/www.facebook.com\/bbqassad","article_modified_time":"2026-04-14T06:33:28+00:00","og_image":[{"url":"https:\/\/bbqassad.ee\/wp-content\/uploads\/2023\/08\/Southern-Dutch-All_about_steak-300x300.png","type":"","width":"","height":""}],"twitter_card":"summary_large_image","schema":{"@context":"https:\/\/schema.org","@graph":[{"@type":"WebPage","@id":"https:\/\/bbqassad.ee\/fi\/toode\/mausteseos-southern-dutch-all-about-steak\/","url":"https:\/\/bbqassad.ee\/fi\/toode\/mausteseos-southern-dutch-all-about-steak\/","name":"Southern Dutch All About Steak -mausteseos - BBQ \u00c4ssad","isPartOf":{"@id":"https:\/\/bbqassad.ee\/fi\/#website"},"primaryImageOfPage":{"@id":"https:\/\/bbqassad.ee\/fi\/toode\/mausteseos-southern-dutch-all-about-steak\/#primaryimage"},"image":{"@id":"https:\/\/bbqassad.ee\/fi\/toode\/mausteseos-southern-dutch-all-about-steak\/#primaryimage"},"thumbnailUrl":"https:\/\/bbqassad.ee\/wp-content\/uploads\/2023\/08\/Southern-Dutch-All_about_steak.png","datePublished":"2023-09-28T12:37:31+00:00","dateModified":"2026-04-14T06:33:28+00:00","description":"Southern Dutch All About Steak - SPG (suola, pippuri, valkosipuli) + lis\u00e4ykset pihveille. Kokeile my\u00f6s lampaanlihalle. Tilaa BBQ Aces verkossa.","breadcrumb":{"@id":"https:\/\/bbqassad.ee\/fi\/toode\/mausteseos-southern-dutch-all-about-steak\/#breadcrumb"},"inLanguage":"fi","potentialAction":[{"@type":"ReadAction","target":["https:\/\/bbqassad.ee\/fi\/toode\/mausteseos-southern-dutch-all-about-steak\/"]}]},{"@type":"ImageObject","inLanguage":"fi","@id":"https:\/\/bbqassad.ee\/fi\/toode\/mausteseos-southern-dutch-all-about-steak\/#primaryimage","url":"https:\/\/bbqassad.ee\/wp-content\/uploads\/2023\/08\/Southern-Dutch-All_about_steak.png","contentUrl":"https:\/\/bbqassad.ee\/wp-content\/uploads\/2023\/08\/Southern-Dutch-All_about_steak.png","width":800,"height":800,"caption":"Maitseainesegu Southern Dutch All about steak"},{"@type":"BreadcrumbList","@id":"https:\/\/bbqassad.ee\/fi\/toode\/mausteseos-southern-dutch-all-about-steak\/#breadcrumb","itemListElement":[{"@type":"ListItem","position":1,"name":"Home","item":"https:\/\/bbqassad.ee\/fi\/bbq-assat\/"},{"@type":"ListItem","position":2,"name":"Verkkokauppa","item":"https:\/\/bbqassad.ee\/fi\/verkkokauppa\/"},{"@type":"ListItem","position":3,"name":"Southern Dutch All About Steak -mausteseos"}]},{"@type":"WebSite","@id":"https:\/\/bbqassad.ee\/fi\/#website","url":"https:\/\/bbqassad.ee\/fi\/","name":"BBQ \u00c4ssad","description":"BBQ maitseained, kastmed, ahjud","publisher":{"@id":"https:\/\/bbqassad.ee\/fi\/#organization"},"potentialAction":[{"@type":"SearchAction","target":{"@type":"EntryPoint","urlTemplate":"https:\/\/bbqassad.ee\/fi\/?s={search_term_string}"},"query-input":{"@type":"PropertyValueSpecification","valueRequired":true,"valueName":"search_term_string"}}],"inLanguage":"fi"},{"@type":"Organization","@id":"https:\/\/bbqassad.ee\/fi\/#organization","name":"BBQ \u00c4ssad","url":"https:\/\/bbqassad.ee\/fi\/","logo":{"@type":"ImageObject","inLanguage":"fi","@id":"https:\/\/bbqassad.ee\/fi\/#\/schema\/logo\/image\/","url":"https:\/\/bbqassad.ee\/wp-content\/uploads\/2022\/10\/BBQ-2ssadlogo.png","contentUrl":"https:\/\/bbqassad.ee\/wp-content\/uploads\/2022\/10\/BBQ-2ssadlogo.png","width":1080,"height":1080,"caption":"BBQ \u00c4ssad"},"image":{"@id":"https:\/\/bbqassad.ee\/fi\/#\/schema\/logo\/image\/"},"sameAs":["https:\/\/www.facebook.com\/bbqassad","https:\/\/www.youtube.com\/channel\/UCsoufn49J6TVi9Ah9meE93w"]}]}},"_links":{"self":[{"href":"https:\/\/bbqassad.ee\/fi\/wp-json\/wp\/v2\/product\/22913","targetHints":{"allow":["GET"]}}],"collection":[{"href":"https:\/\/bbqassad.ee\/fi\/wp-json\/wp\/v2\/product"}],"about":[{"href":"https:\/\/bbqassad.ee\/fi\/wp-json\/wp\/v2\/types\/product"}],"replies":[{"embeddable":true,"href":"https:\/\/bbqassad.ee\/fi\/wp-json\/wp\/v2\/comments?post=22913"}],"wp:featuredmedia":[{"embeddable":true,"href":"https:\/\/bbqassad.ee\/fi\/wp-json\/wp\/v2\/media\/22914"}],"wp:attachment":[{"href":"https:\/\/bbqassad.ee\/fi\/wp-json\/wp\/v2\/media?parent=22913"}],"wp:term":[{"taxonomy":"product_brand","embeddable":true,"href":"https:\/\/bbqassad.ee\/fi\/wp-json\/wp\/v2\/product_brand?post=22913"},{"taxonomy":"product_cat","embeddable":true,"href":"https:\/\/bbqassad.ee\/fi\/wp-json\/wp\/v2\/product_cat?post=22913"},{"taxonomy":"product_tag","embeddable":true,"href":"https:\/\/bbqassad.ee\/fi\/wp-json\/wp\/v2\/product_tag?post=22913"}],"curies":[{"name":"wp","href":"https:\/\/api.w.org\/{rel}","templated":true}]}}