{"id":22908,"date":"2023-09-29T11:31:28","date_gmt":"2023-09-29T11:31:28","guid":{"rendered":"https:\/\/bbqassad.ee\/toode\/pihvi-champ-kookospahkinalla-22cm\/"},"modified":"2026-04-14T06:33:28","modified_gmt":"2026-04-14T06:33:28","slug":"pihvi-champ-kookospahkinalla-22cm","status":"publish","type":"product","link":"https:\/\/bbqassad.ee\/fi\/toode\/pihvi-champ-kookospahkinalla-22cm\/","title":{"rendered":"Steak Champ -grillitermometri 22cm"},"content":{"rendered":"<h1 class=\"product_title entry-title\">Pihvi Champ kookosp\u00e4hkin\u00e4ll\u00e4 22cm<\/h1>\n<p>Meid\u00e4n on ensinn\u00e4kin todettava, ett\u00e4 t\u00e4m\u00e4 on ylivoimaisesti arrogantin n\u00e4k\u00f6inen liesi, jota olemme koskaan pit\u00e4neet k\u00e4siss\u00e4mme \ud83d\ude42<\/p>\n<p>Steak Champ 22 cm:n ter\u00e4ll\u00e4 on suunniteltu lihan yst\u00e4ville ja grillauksen harrastajille.<\/p>\n<p>T\u00e4m\u00e4 hybridi on osittain kokkiveitsi, osittain lihakirves, ja se on lihanyst\u00e4vien pakollinen ty\u00f6kalu!<\/p>\n<p>Veitsi on valmistettu saksalaisesta korkeahiilisest\u00e4 ruostumattomasta ter\u00e4ksest\u00e4, joka takaa eritt\u00e4in ter\u00e4v\u00e4n ter\u00e4n ja erinomaisen kulutuksen- ja tahrankest\u00e4vyyden. Se on t\u00e4ydellisesti tasapainossa ter\u00e4v\u00e4n ter\u00e4n ja maksimaalisen kest\u00e4vyyden kanssa. K\u00e4sin teroitettu 15 asteeseen molemmin puolin.<br \/>\nVeitsi voitti vuoden 2022 Saksan innovaatiopalkinnon.  <\/p>\n<p>Yksityiskohdat:<br \/>\nKorkealaatuinen seos X50CrMoV15 | 4116<br \/>\nPehme\u00e4 TPE-kumik\u00e4\u00e4ritty kahva<br \/>\nKahvan pohja Ocean Bound -muovia<br \/>\nMitta: 22cm\/8,5\u2033<br \/>\nYhteens\u00e4: 36cm\/14\u2033<br \/>\nPaino: 315 gr.<\/p>\n<p>HUOLTO<br \/>\nPese k\u00e4det kuumalla vedell\u00e4 ja saippualla.<br \/>\nPyyhekuiva.<\/p>\n<p>&nbsp;<\/p>\n","protected":false},"excerpt":{"rendered":"<p>22 cm:n ter\u00e4ll\u00e4 varustettu Steak Champ on suunniteltu lihan yst\u00e4ville ja grillauksen harrastajille.<\/p>\n<p>T\u00e4m\u00e4 hybridi, joka on osittain kokkiveitsi ja osittain lihakirves, on lihan yst\u00e4ville v\u00e4ltt\u00e4m\u00e4t\u00f6n ty\u00f6kalu!<\/p>\n","protected":false},"featured_media":22909,"comment_status":"open","ping_status":"closed","template":"","meta":[],"product_brand":[],"product_cat":[814],"product_tag":[],"class_list":{"0":"post-22908","1":"product","2":"type-product","3":"status-publish","4":"has-post-thumbnail","6":"product_cat-veitset","8":"first","9":"instock","10":"taxable","11":"shipping-taxable","12":"purchasable","13":"product-type-simple"},"yoast_head":"<!-- This site is optimized with the Yoast SEO plugin v27.4 - https:\/\/yoast.com\/product\/yoast-seo-wordpress\/ -->\n<title>Steak Champ -grillitermometri 22cm - BBQ \u00c4ssad<\/title>\n<meta name=\"description\" content=\"Steak Champ 22 cm:n Kokan-veitsi lihan yst\u00e4ville ja grillaajille - &quot;Kokanoa ja lihakirves&quot; -hybridi, joka sopii sek\u00e4 lihan ett\u00e4 vihannesten leikkaamiseen.\" \/>\n<meta name=\"robots\" content=\"index, follow, max-snippet:-1, max-image-preview:large, max-video-preview:-1\" \/>\n<link rel=\"canonical\" href=\"https:\/\/bbqassad.ee\/fi\/toode\/pihvi-champ-kookospahkinalla-22cm\/\" \/>\n<meta property=\"og:locale\" content=\"fi_FI\" \/>\n<meta property=\"og:type\" content=\"article\" \/>\n<meta property=\"og:title\" content=\"Pihvi Champ kookosp\u00e4hkin\u00e4ll\u00e4 22cm\" \/>\n<meta property=\"og:description\" content=\"Steak Champ 22 cm:n Kokan-veitsi lihan yst\u00e4ville ja grillaajille - &quot;Kokanoa ja lihakirves&quot; -hybridi, joka sopii sek\u00e4 lihan ett\u00e4 vihannesten leikkaamiseen.\" \/>\n<meta property=\"og:url\" content=\"https:\/\/bbqassad.ee\/fi\/toode\/pihvi-champ-kookospahkinalla-22cm\/\" \/>\n<meta property=\"og:site_name\" content=\"BBQ \u00c4ssad\" \/>\n<meta property=\"article:publisher\" content=\"https:\/\/www.facebook.com\/bbqassad\" \/>\n<meta property=\"article:modified_time\" content=\"2026-04-14T06:33:28+00:00\" \/>\n<meta property=\"og:image\" content=\"https:\/\/bbqassad.ee\/wp-content\/uploads\/2023\/09\/steak-champ-kokanuga-22cm-1-300x300.png\" \/>\n<meta name=\"twitter:card\" content=\"summary_large_image\" \/>\n<meta name=\"twitter:label1\" content=\"Arvioitu lukuaika\" \/>\n\t<meta name=\"twitter:data1\" content=\"1 minuutti\" \/>\n<script type=\"application\/ld+json\" class=\"yoast-schema-graph\">{\"@context\":\"https:\\\/\\\/schema.org\",\"@graph\":[{\"@type\":\"WebPage\",\"@id\":\"https:\\\/\\\/bbqassad.ee\\\/fi\\\/toode\\\/pihvi-champ-kookospahkinalla-22cm\\\/\",\"url\":\"https:\\\/\\\/bbqassad.ee\\\/fi\\\/toode\\\/pihvi-champ-kookospahkinalla-22cm\\\/\",\"name\":\"Steak Champ -grillitermometri 22cm - BBQ \u00c4ssad\",\"isPartOf\":{\"@id\":\"https:\\\/\\\/bbqassad.ee\\\/fi\\\/#website\"},\"primaryImageOfPage\":{\"@id\":\"https:\\\/\\\/bbqassad.ee\\\/fi\\\/toode\\\/pihvi-champ-kookospahkinalla-22cm\\\/#primaryimage\"},\"image\":{\"@id\":\"https:\\\/\\\/bbqassad.ee\\\/fi\\\/toode\\\/pihvi-champ-kookospahkinalla-22cm\\\/#primaryimage\"},\"thumbnailUrl\":\"https:\\\/\\\/bbqassad.ee\\\/wp-content\\\/uploads\\\/2023\\\/09\\\/steak-champ-kokanuga-22cm-1.png\",\"datePublished\":\"2023-09-29T11:31:28+00:00\",\"dateModified\":\"2026-04-14T06:33:28+00:00\",\"description\":\"Steak Champ 22 cm:n Kokan-veitsi lihan yst\u00e4ville ja grillaajille - \\\"Kokanoa ja lihakirves\\\" -hybridi, joka sopii sek\u00e4 lihan ett\u00e4 vihannesten leikkaamiseen.\",\"breadcrumb\":{\"@id\":\"https:\\\/\\\/bbqassad.ee\\\/fi\\\/toode\\\/pihvi-champ-kookospahkinalla-22cm\\\/#breadcrumb\"},\"inLanguage\":\"fi\",\"potentialAction\":[{\"@type\":\"ReadAction\",\"target\":[\"https:\\\/\\\/bbqassad.ee\\\/fi\\\/toode\\\/pihvi-champ-kookospahkinalla-22cm\\\/\"]}]},{\"@type\":\"ImageObject\",\"inLanguage\":\"fi\",\"@id\":\"https:\\\/\\\/bbqassad.ee\\\/fi\\\/toode\\\/pihvi-champ-kookospahkinalla-22cm\\\/#primaryimage\",\"url\":\"https:\\\/\\\/bbqassad.ee\\\/wp-content\\\/uploads\\\/2023\\\/09\\\/steak-champ-kokanuga-22cm-1.png\",\"contentUrl\":\"https:\\\/\\\/bbqassad.ee\\\/wp-content\\\/uploads\\\/2023\\\/09\\\/steak-champ-kokanuga-22cm-1.png\",\"width\":800,\"height\":800,\"caption\":\"Steak Champ kokanuga 22cm\"},{\"@type\":\"BreadcrumbList\",\"@id\":\"https:\\\/\\\/bbqassad.ee\\\/fi\\\/toode\\\/pihvi-champ-kookospahkinalla-22cm\\\/#breadcrumb\",\"itemListElement\":[{\"@type\":\"ListItem\",\"position\":1,\"name\":\"Home\",\"item\":\"https:\\\/\\\/bbqassad.ee\\\/fi\\\/bbq-assat\\\/\"},{\"@type\":\"ListItem\",\"position\":2,\"name\":\"Verkkokauppa\",\"item\":\"https:\\\/\\\/bbqassad.ee\\\/fi\\\/verkkokauppa\\\/\"},{\"@type\":\"ListItem\",\"position\":3,\"name\":\"Steak Champ -grillitermometri 22cm\"}]},{\"@type\":\"WebSite\",\"@id\":\"https:\\\/\\\/bbqassad.ee\\\/fi\\\/#website\",\"url\":\"https:\\\/\\\/bbqassad.ee\\\/fi\\\/\",\"name\":\"BBQ \u00c4ssad\",\"description\":\"BBQ maitseained, kastmed, ahjud\",\"publisher\":{\"@id\":\"https:\\\/\\\/bbqassad.ee\\\/fi\\\/#organization\"},\"potentialAction\":[{\"@type\":\"SearchAction\",\"target\":{\"@type\":\"EntryPoint\",\"urlTemplate\":\"https:\\\/\\\/bbqassad.ee\\\/fi\\\/?s={search_term_string}\"},\"query-input\":{\"@type\":\"PropertyValueSpecification\",\"valueRequired\":true,\"valueName\":\"search_term_string\"}}],\"inLanguage\":\"fi\"},{\"@type\":\"Organization\",\"@id\":\"https:\\\/\\\/bbqassad.ee\\\/fi\\\/#organization\",\"name\":\"BBQ \u00c4ssad\",\"url\":\"https:\\\/\\\/bbqassad.ee\\\/fi\\\/\",\"logo\":{\"@type\":\"ImageObject\",\"inLanguage\":\"fi\",\"@id\":\"https:\\\/\\\/bbqassad.ee\\\/fi\\\/#\\\/schema\\\/logo\\\/image\\\/\",\"url\":\"https:\\\/\\\/bbqassad.ee\\\/wp-content\\\/uploads\\\/2022\\\/10\\\/BBQ-2ssadlogo.png\",\"contentUrl\":\"https:\\\/\\\/bbqassad.ee\\\/wp-content\\\/uploads\\\/2022\\\/10\\\/BBQ-2ssadlogo.png\",\"width\":1080,\"height\":1080,\"caption\":\"BBQ \u00c4ssad\"},\"image\":{\"@id\":\"https:\\\/\\\/bbqassad.ee\\\/fi\\\/#\\\/schema\\\/logo\\\/image\\\/\"},\"sameAs\":[\"https:\\\/\\\/www.facebook.com\\\/bbqassad\",\"https:\\\/\\\/www.youtube.com\\\/channel\\\/UCsoufn49J6TVi9Ah9meE93w\"]}]}<\/script>\n<!-- \/ Yoast SEO plugin. -->","yoast_head_json":{"title":"Steak Champ -grillitermometri 22cm - BBQ \u00c4ssad","description":"Steak Champ 22 cm:n Kokan-veitsi lihan yst\u00e4ville ja grillaajille - \"Kokanoa ja lihakirves\" -hybridi, joka sopii sek\u00e4 lihan ett\u00e4 vihannesten leikkaamiseen.","robots":{"index":"index","follow":"follow","max-snippet":"max-snippet:-1","max-image-preview":"max-image-preview:large","max-video-preview":"max-video-preview:-1"},"canonical":"https:\/\/bbqassad.ee\/fi\/toode\/pihvi-champ-kookospahkinalla-22cm\/","og_locale":"fi_FI","og_type":"article","og_title":"Pihvi Champ kookosp\u00e4hkin\u00e4ll\u00e4 22cm","og_description":"Steak Champ 22 cm:n Kokan-veitsi lihan yst\u00e4ville ja grillaajille - \"Kokanoa ja lihakirves\" -hybridi, joka sopii sek\u00e4 lihan ett\u00e4 vihannesten leikkaamiseen.","og_url":"https:\/\/bbqassad.ee\/fi\/toode\/pihvi-champ-kookospahkinalla-22cm\/","og_site_name":"BBQ \u00c4ssad","article_publisher":"https:\/\/www.facebook.com\/bbqassad","article_modified_time":"2026-04-14T06:33:28+00:00","og_image":[{"url":"https:\/\/bbqassad.ee\/wp-content\/uploads\/2023\/09\/steak-champ-kokanuga-22cm-1-300x300.png","type":"","width":"","height":""}],"twitter_card":"summary_large_image","twitter_misc":{"Arvioitu lukuaika":"1 minuutti"},"schema":{"@context":"https:\/\/schema.org","@graph":[{"@type":"WebPage","@id":"https:\/\/bbqassad.ee\/fi\/toode\/pihvi-champ-kookospahkinalla-22cm\/","url":"https:\/\/bbqassad.ee\/fi\/toode\/pihvi-champ-kookospahkinalla-22cm\/","name":"Steak Champ -grillitermometri 22cm - BBQ \u00c4ssad","isPartOf":{"@id":"https:\/\/bbqassad.ee\/fi\/#website"},"primaryImageOfPage":{"@id":"https:\/\/bbqassad.ee\/fi\/toode\/pihvi-champ-kookospahkinalla-22cm\/#primaryimage"},"image":{"@id":"https:\/\/bbqassad.ee\/fi\/toode\/pihvi-champ-kookospahkinalla-22cm\/#primaryimage"},"thumbnailUrl":"https:\/\/bbqassad.ee\/wp-content\/uploads\/2023\/09\/steak-champ-kokanuga-22cm-1.png","datePublished":"2023-09-29T11:31:28+00:00","dateModified":"2026-04-14T06:33:28+00:00","description":"Steak Champ 22 cm:n Kokan-veitsi lihan yst\u00e4ville ja grillaajille - \"Kokanoa ja lihakirves\" -hybridi, joka sopii sek\u00e4 lihan ett\u00e4 vihannesten leikkaamiseen.","breadcrumb":{"@id":"https:\/\/bbqassad.ee\/fi\/toode\/pihvi-champ-kookospahkinalla-22cm\/#breadcrumb"},"inLanguage":"fi","potentialAction":[{"@type":"ReadAction","target":["https:\/\/bbqassad.ee\/fi\/toode\/pihvi-champ-kookospahkinalla-22cm\/"]}]},{"@type":"ImageObject","inLanguage":"fi","@id":"https:\/\/bbqassad.ee\/fi\/toode\/pihvi-champ-kookospahkinalla-22cm\/#primaryimage","url":"https:\/\/bbqassad.ee\/wp-content\/uploads\/2023\/09\/steak-champ-kokanuga-22cm-1.png","contentUrl":"https:\/\/bbqassad.ee\/wp-content\/uploads\/2023\/09\/steak-champ-kokanuga-22cm-1.png","width":800,"height":800,"caption":"Steak Champ kokanuga 22cm"},{"@type":"BreadcrumbList","@id":"https:\/\/bbqassad.ee\/fi\/toode\/pihvi-champ-kookospahkinalla-22cm\/#breadcrumb","itemListElement":[{"@type":"ListItem","position":1,"name":"Home","item":"https:\/\/bbqassad.ee\/fi\/bbq-assat\/"},{"@type":"ListItem","position":2,"name":"Verkkokauppa","item":"https:\/\/bbqassad.ee\/fi\/verkkokauppa\/"},{"@type":"ListItem","position":3,"name":"Steak Champ -grillitermometri 22cm"}]},{"@type":"WebSite","@id":"https:\/\/bbqassad.ee\/fi\/#website","url":"https:\/\/bbqassad.ee\/fi\/","name":"BBQ \u00c4ssad","description":"BBQ maitseained, kastmed, ahjud","publisher":{"@id":"https:\/\/bbqassad.ee\/fi\/#organization"},"potentialAction":[{"@type":"SearchAction","target":{"@type":"EntryPoint","urlTemplate":"https:\/\/bbqassad.ee\/fi\/?s={search_term_string}"},"query-input":{"@type":"PropertyValueSpecification","valueRequired":true,"valueName":"search_term_string"}}],"inLanguage":"fi"},{"@type":"Organization","@id":"https:\/\/bbqassad.ee\/fi\/#organization","name":"BBQ \u00c4ssad","url":"https:\/\/bbqassad.ee\/fi\/","logo":{"@type":"ImageObject","inLanguage":"fi","@id":"https:\/\/bbqassad.ee\/fi\/#\/schema\/logo\/image\/","url":"https:\/\/bbqassad.ee\/wp-content\/uploads\/2022\/10\/BBQ-2ssadlogo.png","contentUrl":"https:\/\/bbqassad.ee\/wp-content\/uploads\/2022\/10\/BBQ-2ssadlogo.png","width":1080,"height":1080,"caption":"BBQ \u00c4ssad"},"image":{"@id":"https:\/\/bbqassad.ee\/fi\/#\/schema\/logo\/image\/"},"sameAs":["https:\/\/www.facebook.com\/bbqassad","https:\/\/www.youtube.com\/channel\/UCsoufn49J6TVi9Ah9meE93w"]}]}},"_links":{"self":[{"href":"https:\/\/bbqassad.ee\/fi\/wp-json\/wp\/v2\/product\/22908","targetHints":{"allow":["GET"]}}],"collection":[{"href":"https:\/\/bbqassad.ee\/fi\/wp-json\/wp\/v2\/product"}],"about":[{"href":"https:\/\/bbqassad.ee\/fi\/wp-json\/wp\/v2\/types\/product"}],"replies":[{"embeddable":true,"href":"https:\/\/bbqassad.ee\/fi\/wp-json\/wp\/v2\/comments?post=22908"}],"wp:featuredmedia":[{"embeddable":true,"href":"https:\/\/bbqassad.ee\/fi\/wp-json\/wp\/v2\/media\/22909"}],"wp:attachment":[{"href":"https:\/\/bbqassad.ee\/fi\/wp-json\/wp\/v2\/media?parent=22908"}],"wp:term":[{"taxonomy":"product_brand","embeddable":true,"href":"https:\/\/bbqassad.ee\/fi\/wp-json\/wp\/v2\/product_brand?post=22908"},{"taxonomy":"product_cat","embeddable":true,"href":"https:\/\/bbqassad.ee\/fi\/wp-json\/wp\/v2\/product_cat?post=22908"},{"taxonomy":"product_tag","embeddable":true,"href":"https:\/\/bbqassad.ee\/fi\/wp-json\/wp\/v2\/product_tag?post=22908"}],"curies":[{"name":"wp","href":"https:\/\/api.w.org\/{rel}","templated":true}]}}