{"id":22877,"date":"2023-10-05T08:45:26","date_gmt":"2023-10-05T08:45:26","guid":{"rendered":"https:\/\/bbqassad.ee\/toode\/uunin-lampotilan-saadin-inkbird-isc-027bw\/"},"modified":"2026-04-14T06:33:25","modified_gmt":"2026-04-14T06:33:25","slug":"uunin-lampotilan-saadin-inkbird-isc-027bw","status":"publish","type":"product","link":"https:\/\/bbqassad.ee\/fi\/toode\/uunin-lampotilan-saadin-inkbird-isc-027bw\/","title":{"rendered":"Uunin l\u00e4mp\u00f6tilan s\u00e4\u00e4din Inkbird ISC-027BW"},"content":{"rendered":"<h1>Uunin l\u00e4mp\u00f6tilans\u00e4\u00e4din Inkbird ISC-027BW Joulu-uuni<\/h1>\n<p class=\"text-2xl font-bold mb-2 text-black\"><strong>Yksi-moneen yhteys<\/strong><\/p>\n<p class=\"text-2xl font-bold mb-2 text-black\">Siin\u00e4 on Bluetooth 5.0 ja se tukee 2,4 GHz:n Wi-Fi-yhteytt\u00e4, joten voit ohjata ja valvoa grilli\u00e4 \u00e4lypuhelimellasi. Yhdell\u00e4 \u00e4lypuhelimella voi ohjata useita ohjaimia samanaikaisesti ja useampi henkil\u00f6 voi valvoa samaa ohjainta. <\/p>\n<p><strong>Automaattinen l\u00e4mp\u00f6tilan s\u00e4\u00e4t\u00f6<\/strong><br \/>\nSen sis\u00e4\u00e4nrakennettu tehokas tuuletin voi s\u00e4\u00e4t\u00e4\u00e4 tuulettimen nopeutta automaattisesti grillin ymp\u00e4rist\u00f6n l\u00e4mp\u00f6tilan mukaan, jotta grillin l\u00e4mp\u00f6tila pysyy haluttuna. Voit my\u00f6s asettaa korkean ja matalan l\u00e4mp\u00f6tilan h\u00e4lytykset turvallista ja nautinnollista grillausta varten. <\/p>\n<p>Huomautus: Jos uunin anturia ei ole asetettu ohjaimeen, tuuletin ei toimi.<\/p>\n<p><strong>Grillikana \u00e4lyk\u00e4s ilmaisin<\/strong><\/p>\n<p>Se on aiempaa parempi valinta, koska se tunnistaa grillin tilan \u00e4lykk\u00e4\u00e4sti. Tuuletin pys\u00e4ytt\u00e4\u00e4 puhalluksen automaattisesti, kun se havaitsee grillin kannen olevan auki, ja puhaltaa uudelleen, kun grillin kansi suljetaan, mik\u00e4 on \u00e4lykk\u00e4\u00e4mp\u00e4\u00e4, tehokkaampaa ja energiaa s\u00e4\u00e4st\u00e4v\u00e4mp\u00e4\u00e4, eik\u00e4 se puhalla l\u00e4mp\u00f6tiloja tilaan grillin kannen ollessa auki. <\/p>\n<p><strong>Ei putkea, ei ongelmia<\/strong><\/p>\n<p>Se liitet\u00e4\u00e4n suoraan grilliin\/grilliin ilman turhia putkistoja, joten sarja on yksinkertainen. Sen kanavaton kuumuutta kest\u00e4v\u00e4 grillipistoke kest\u00e4\u00e4 jopa 200 asteen l\u00e4mp\u00f6tiloja. Mukana tulevan yleisgrilliadapterin ansiosta se sopii useimpiin grilleihin ja savustimiin, kuten Big Green Egg, Kamado Joe, Primo, Vision Grill, Akorn, Dreamfire, Kamado Bono jne.  <\/p>\n<p><strong>Tarkka mittaus ja 5V USB-virransy\u00f6tt\u00f6<\/strong><\/p>\n<p>Sen nelj\u00e4ll\u00e4 elintarvikek\u00e4ytt\u00f6\u00f6n tarkoitetulla ruostumattomasta ter\u00e4ksest\u00e4 valmistetulla anturilla on suuri tarkkuus \u00b10,5 \u2103\/\u00b10,9 \u2109 ja ne tukevat l\u00e4mp\u00f6tilakalibrointia. Kukin anturi tukee lyhytaikaista mittausaluetta 0 \u2103 &#8211; 300 \u2103 (32 \u2109 \uff5e 572 \u2109) ja jatkuvan seurannan aluetta 0 \u2103 &#8211; 250 \u2103 (32 \u2109 \uff5e 482 \u2109). Voit asettaa l\u00e4mp\u00f6tilah\u00e4lytyksi\u00e4 ja ajastimia yli- ja alikypsennyksen est\u00e4miseksi. USB-virtak\u00e4ytt\u00f6isen rakenteen ansiosta voit k\u00e4ytt\u00e4\u00e4 sit\u00e4 miss\u00e4 tahansa, vaikka grillin\/grillin l\u00e4hell\u00e4 ei olisikaan pistorasiaa. Se k\u00e4ytt\u00e4\u00e4 5 V USB-virtal\u00e4hdett\u00e4, joten mik\u00e4 tahansa USB-liit\u00e4nn\u00e4ll\u00e4 varustettu mobiili virtal\u00e4hde voi sy\u00f6tt\u00e4\u00e4 siihen virtaa. Ei en\u00e4\u00e4 huolta siit\u00e4, ett\u00e4 odottamaton s\u00e4hk\u00f6katkos pilaa grillauksesi.     <\/p>\n<div class=\"usGWQd\">\n<div class=\"KkbLmb\">\n<div class=\"lRu31\"><span class=\"HwtZe\" lang=\"et\"><span class=\"jCAhz ChMk0b\"><strong><span class=\"ryNqvb\">T\u00e4rkeimm\u00e4t ominaisuudet<\/span><\/strong><\/span><\/span><\/div>\n<div class=\"lRu31\"><span class=\"HwtZe\" lang=\"et\"><span class=\"jCAhz ChMk0b\"><span class=\"jCAhz\"><span class=\"ryNqvb\">Wi-Fi- ja Bluetooth-kaksoiskytkent\u00e4tilat grillauksen valvomiseksi \u00e4lypuhelimilla.<\/span><\/span><\/span><\/span><\/div>\n<div class=\"lRu31\"><span class=\"HwtZe\" lang=\"et\"><span class=\"jCAhz ChMk0b\"><span class=\"jCAhz\"><span class=\"ryNqvb\">Tukee 5V USB-virtal\u00e4hdett\u00e4, voidaan k\u00e4ytt\u00e4\u00e4 virtal\u00e4hteen\u00e4 verkkopankista<\/span> <\/span><\/span><\/span><\/div>\n<div class=\"lRu31\"><span class=\"HwtZe\" lang=\"et\"><span class=\"jCAhz ChMk0b\"><span class=\"jCAhz\"><span class=\"ryNqvb\">\u00c4lyk\u00e4s grillikanan tunnistus puhallustoiminnan automaattista k\u00e4ynnist\u00e4mist\u00e4\/pys\u00e4ytt\u00e4mist\u00e4 varten.<\/span> <\/span><\/span><\/span><\/div>\n<div class=\"lRu31\"><span class=\"HwtZe\" lang=\"et\"><span class=\"jCAhz ChMk0b\"><span class=\"jCAhz\"><span class=\"ryNqvb\">Puhaltimen nopeuden automaattinen s\u00e4\u00e4t\u00f6 grillin l\u00e4mp\u00f6tilan mukaan, k\u00e4tev\u00e4 ja tarkka.<\/span> <\/span><\/span><\/span><\/div>\n<div class=\"lRu31\"><span class=\"HwtZe\" lang=\"et\"><span class=\"jCAhz ChMk0b\"><span class=\"jCAhz\"><span class=\"ryNqvb\">Korkean tarkkuuden elintarvikeanturit, tarkkuus \u00b10,5 \u2103\/\u00b10,9 \u2109 kalibrointitoiminnolla.<\/span> <\/span><\/span><\/span><\/div>\n<div class=\"lRu31\"><span class=\"HwtZe\" lang=\"et\"><span class=\"jCAhz ChMk0b\"><span class=\"jCAhz\"><span class=\"ryNqvb\">Grillin turvalliset korkean ja matalan l\u00e4mp\u00f6tilan h\u00e4lytykset takaavat miellytt\u00e4v\u00e4n grillauksen.<\/span> <\/span><\/span><\/span><\/div>\n<div class=\"lRu31\"><span class=\"HwtZe\" lang=\"et\"><span class=\"jCAhz ChMk0b\"><span class=\"jCAhz\"><span class=\"ryNqvb\">Ajastin, l\u00e4mp\u00f6tilah\u00e4lytys ja ennakkovaroitus t\u00e4ydellisi\u00e4 grillaustuloksia varten.<\/span> <\/span><\/span><\/span><\/div>\n<div class=\"lRu31\"><span class=\"HwtZe\" lang=\"et\"><span class=\"jCAhz ChMk0b\"><span class=\"jCAhz\"><span class=\"ryNqvb\">Useiden elintarvikkeiden samanaikainen valvonta ja kaikkien l\u00e4mp\u00f6tilatietojen valvonta milloin tahansa.<\/span> <\/span><\/span><\/span><\/div>\n<div class=\"lRu31\"><span class=\"HwtZe\" lang=\"et\"><span class=\"jCAhz ChMk0b\"><span class=\"jCAhz\"><span class=\"ryNqvb\">Ihanteellinen grilleille, kuten Big Green Egg, Kamado Joe, Primo, Vision Grill, Akorn Kamado, Dreamfire, Kamado Bono jne.  <\/span><\/span><\/span><\/span><\/div>\n<\/div>\n<\/div>\n","protected":false},"excerpt":{"rendered":"<p><strong>Tekniset tiedot:<\/strong><\/p>\n<p>Anturin materiaali: elintarvikek\u00e4ytt\u00f6\u00f6n soveltuva ruostumaton ter\u00e4s<\/p>\n<p>Tuloj\u00e4nnite: USB Type-C, DC 5V, 1A<\/p>\n<p>Lyhyen aikav\u00e4lin mittausalue: 0 \u2103 &#8211; 300 \u2103 (32 \u2109 ~ 572 \u2109)<\/p>\n<p>Jatkuva valvonta-alue: 0 \u2103 &#8211; 250 \u2103 (32 \u2109 ~ 482 \u2109)<\/p>\n<p>Anturin l\u00e4mp\u00f6tilatarkkuus: \u00b10.5 \u2103\/\u00b10.9\u2109<\/p>\n<p>Yhteysmenetelm\u00e4t: tukee Wi-Fi- ja Bluetooth-yhteytt\u00e4, vaatii 2,4 GHz:n Wi-Fi-yhteyden (tukee IEEE 802.11b\/g\/n).<\/p>\n<p>Bluetooth-yhteyden enimm\u00e4iset\u00e4isyys: 164 jalkaa (lyhyempi, jos h\u00e4iri\u00f6it\u00e4 esiintyy).<\/p>\n<p>Kalibrointi: \u00b112\u2109\/\u00b112\u2103<\/p>\n<p>Ajastimen asetusalue: 0-99 tuntia ja 59 minuuttia.<\/p>\n<p>Pakkauksen sis\u00e4lt\u00f6: 1x BBQ-l\u00e4mp\u00f6tilan s\u00e4\u00e4din; 1x uunin anturi; 3x lihan anturit; 1x USB-virtal\u00e4hde + kaapeli; 1x grillaussovitin.<\/p>\n","protected":false},"featured_media":3488,"comment_status":"open","ping_status":"closed","template":"","meta":[],"product_brand":[161],"product_cat":[784],"product_tag":[],"class_list":{"0":"post-22877","1":"product","2":"type-product","3":"status-publish","4":"has-post-thumbnail","6":"product_brand-inkbird-en","7":"product_cat-tarvikkeet","9":"first","10":"instock","11":"taxable","12":"shipping-taxable","13":"purchasable","14":"product-type-simple"},"yoast_head":"<!-- This site is optimized with the Yoast SEO plugin v27.4 - https:\/\/yoast.com\/product\/yoast-seo-wordpress\/ -->\n<title>Uunin l\u00e4mp\u00f6tilan s\u00e4\u00e4din Inkbird ISC-027BW - BBQ \u00c4ssad%<\/title>\n<meta name=\"description\" content=\"Inkbird ISC-027BW -uunin l\u00e4mp\u00f6tilanohjaimessa on elintarvikek\u00e4ytt\u00f6\u00f6n soveltuva ruostumattomasta ter\u00e4ksest\u00e4 valmistettu anturi, ja se tukee Wi-Fi- ja Bluetooth-yhteytt\u00e4.\" \/>\n<meta name=\"robots\" content=\"index, follow, max-snippet:-1, max-image-preview:large, max-video-preview:-1\" \/>\n<link rel=\"canonical\" href=\"https:\/\/bbqassad.ee\/fi\/toode\/uunin-lampotilan-saadin-inkbird-isc-027bw\/\" \/>\n<meta property=\"og:locale\" content=\"fi_FI\" \/>\n<meta property=\"og:type\" content=\"article\" \/>\n<meta property=\"og:title\" content=\"Uunin l\u00e4mp\u00f6tilan s\u00e4\u00e4din Inkbird ISC-027BW - BBQ \u00c4ssad%\" \/>\n<meta property=\"og:description\" content=\"Inkbird ISC-027BW -uunin l\u00e4mp\u00f6tilanohjaimessa on elintarvikek\u00e4ytt\u00f6\u00f6n soveltuva ruostumattomasta ter\u00e4ksest\u00e4 valmistettu anturi, ja se tukee Wi-Fi- ja Bluetooth-yhteytt\u00e4.\" \/>\n<meta property=\"og:url\" content=\"https:\/\/bbqassad.ee\/fi\/toode\/uunin-lampotilan-saadin-inkbird-isc-027bw\/\" \/>\n<meta property=\"og:site_name\" content=\"BBQ \u00c4ssad\" \/>\n<meta property=\"article:publisher\" content=\"https:\/\/www.facebook.com\/bbqassad\" \/>\n<meta property=\"article:modified_time\" content=\"2026-04-14T06:33:25+00:00\" \/>\n<meta property=\"og:image\" content=\"https:\/\/bbqassad.ee\/wp-content\/uploads\/2023\/10\/ISC-027BW_1_1600x1600_crop_center.jpg.webp\" \/>\n<meta name=\"twitter:card\" content=\"summary_large_image\" \/>\n<meta name=\"twitter:title\" content=\"Uunin l\u00e4mp\u00f6tilan s\u00e4\u00e4din Inkbird ISC-027BW - BBQ \u00c4ssad%\" \/>\n<meta name=\"twitter:description\" content=\"Inkbird ISC-027BW -uunin l\u00e4mp\u00f6tilanohjaimessa on elintarvikek\u00e4ytt\u00f6\u00f6n soveltuva ruostumattomasta ter\u00e4ksest\u00e4 valmistettu anturi, ja se tukee Wi-Fi- ja Bluetooth-yhteytt\u00e4.\" \/>\n<meta name=\"twitter:image\" content=\"https:\/\/bbqassad.ee\/wp-content\/uploads\/2023\/10\/ISC-027BW_1_1600x1600_crop_center.jpg.webp\" \/>\n<meta name=\"twitter:label1\" content=\"Arvioitu lukuaika\" \/>\n\t<meta name=\"twitter:data1\" content=\"2 minuuttia\" \/>\n<script type=\"application\/ld+json\" class=\"yoast-schema-graph\">{\"@context\":\"https:\\\/\\\/schema.org\",\"@graph\":[{\"@type\":\"WebPage\",\"@id\":\"https:\\\/\\\/bbqassad.ee\\\/fi\\\/toode\\\/uunin-lampotilan-saadin-inkbird-isc-027bw\\\/\",\"url\":\"https:\\\/\\\/bbqassad.ee\\\/fi\\\/toode\\\/uunin-lampotilan-saadin-inkbird-isc-027bw\\\/\",\"name\":\"Uunin l\u00e4mp\u00f6tilan s\u00e4\u00e4din Inkbird ISC-027BW - BBQ \u00c4ssad%\",\"isPartOf\":{\"@id\":\"https:\\\/\\\/bbqassad.ee\\\/fi\\\/#website\"},\"primaryImageOfPage\":{\"@id\":\"https:\\\/\\\/bbqassad.ee\\\/fi\\\/toode\\\/uunin-lampotilan-saadin-inkbird-isc-027bw\\\/#primaryimage\"},\"image\":{\"@id\":\"https:\\\/\\\/bbqassad.ee\\\/fi\\\/toode\\\/uunin-lampotilan-saadin-inkbird-isc-027bw\\\/#primaryimage\"},\"thumbnailUrl\":\"https:\\\/\\\/bbqassad.ee\\\/wp-content\\\/uploads\\\/2023\\\/10\\\/ISC-027BW_1_1600x1600_crop_center.jpg.webp\",\"datePublished\":\"2023-10-05T08:45:26+00:00\",\"dateModified\":\"2026-04-14T06:33:25+00:00\",\"description\":\"Inkbird ISC-027BW -uunin l\u00e4mp\u00f6tilanohjaimessa on elintarvikek\u00e4ytt\u00f6\u00f6n soveltuva ruostumattomasta ter\u00e4ksest\u00e4 valmistettu anturi, ja se tukee Wi-Fi- ja Bluetooth-yhteytt\u00e4.\",\"breadcrumb\":{\"@id\":\"https:\\\/\\\/bbqassad.ee\\\/fi\\\/toode\\\/uunin-lampotilan-saadin-inkbird-isc-027bw\\\/#breadcrumb\"},\"inLanguage\":\"fi\",\"potentialAction\":[{\"@type\":\"ReadAction\",\"target\":[\"https:\\\/\\\/bbqassad.ee\\\/fi\\\/toode\\\/uunin-lampotilan-saadin-inkbird-isc-027bw\\\/\"]}]},{\"@type\":\"ImageObject\",\"inLanguage\":\"fi\",\"@id\":\"https:\\\/\\\/bbqassad.ee\\\/fi\\\/toode\\\/uunin-lampotilan-saadin-inkbird-isc-027bw\\\/#primaryimage\",\"url\":\"https:\\\/\\\/bbqassad.ee\\\/wp-content\\\/uploads\\\/2023\\\/10\\\/ISC-027BW_1_1600x1600_crop_center.jpg.webp\",\"contentUrl\":\"https:\\\/\\\/bbqassad.ee\\\/wp-content\\\/uploads\\\/2023\\\/10\\\/ISC-027BW_1_1600x1600_crop_center.jpg.webp\",\"width\":1600,\"height\":1600},{\"@type\":\"BreadcrumbList\",\"@id\":\"https:\\\/\\\/bbqassad.ee\\\/fi\\\/toode\\\/uunin-lampotilan-saadin-inkbird-isc-027bw\\\/#breadcrumb\",\"itemListElement\":[{\"@type\":\"ListItem\",\"position\":1,\"name\":\"Home\",\"item\":\"https:\\\/\\\/bbqassad.ee\\\/fi\\\/bbq-assat\\\/\"},{\"@type\":\"ListItem\",\"position\":2,\"name\":\"Verkkokauppa\",\"item\":\"https:\\\/\\\/bbqassad.ee\\\/fi\\\/verkkokauppa\\\/\"},{\"@type\":\"ListItem\",\"position\":3,\"name\":\"Uunin l\u00e4mp\u00f6tilan s\u00e4\u00e4din Inkbird ISC-027BW\"}]},{\"@type\":\"WebSite\",\"@id\":\"https:\\\/\\\/bbqassad.ee\\\/fi\\\/#website\",\"url\":\"https:\\\/\\\/bbqassad.ee\\\/fi\\\/\",\"name\":\"BBQ \u00c4ssad\",\"description\":\"BBQ maitseained, kastmed, ahjud\",\"publisher\":{\"@id\":\"https:\\\/\\\/bbqassad.ee\\\/fi\\\/#organization\"},\"potentialAction\":[{\"@type\":\"SearchAction\",\"target\":{\"@type\":\"EntryPoint\",\"urlTemplate\":\"https:\\\/\\\/bbqassad.ee\\\/fi\\\/?s={search_term_string}\"},\"query-input\":{\"@type\":\"PropertyValueSpecification\",\"valueRequired\":true,\"valueName\":\"search_term_string\"}}],\"inLanguage\":\"fi\"},{\"@type\":\"Organization\",\"@id\":\"https:\\\/\\\/bbqassad.ee\\\/fi\\\/#organization\",\"name\":\"BBQ \u00c4ssad\",\"url\":\"https:\\\/\\\/bbqassad.ee\\\/fi\\\/\",\"logo\":{\"@type\":\"ImageObject\",\"inLanguage\":\"fi\",\"@id\":\"https:\\\/\\\/bbqassad.ee\\\/fi\\\/#\\\/schema\\\/logo\\\/image\\\/\",\"url\":\"https:\\\/\\\/bbqassad.ee\\\/wp-content\\\/uploads\\\/2022\\\/10\\\/BBQ-2ssadlogo.png\",\"contentUrl\":\"https:\\\/\\\/bbqassad.ee\\\/wp-content\\\/uploads\\\/2022\\\/10\\\/BBQ-2ssadlogo.png\",\"width\":1080,\"height\":1080,\"caption\":\"BBQ \u00c4ssad\"},\"image\":{\"@id\":\"https:\\\/\\\/bbqassad.ee\\\/fi\\\/#\\\/schema\\\/logo\\\/image\\\/\"},\"sameAs\":[\"https:\\\/\\\/www.facebook.com\\\/bbqassad\",\"https:\\\/\\\/www.youtube.com\\\/channel\\\/UCsoufn49J6TVi9Ah9meE93w\"]}]}<\/script>\n<!-- \/ Yoast SEO plugin. -->","yoast_head_json":{"title":"Uunin l\u00e4mp\u00f6tilan s\u00e4\u00e4din Inkbird ISC-027BW - BBQ \u00c4ssad%","description":"Inkbird ISC-027BW -uunin l\u00e4mp\u00f6tilanohjaimessa on elintarvikek\u00e4ytt\u00f6\u00f6n soveltuva ruostumattomasta ter\u00e4ksest\u00e4 valmistettu anturi, ja se tukee Wi-Fi- ja Bluetooth-yhteytt\u00e4.","robots":{"index":"index","follow":"follow","max-snippet":"max-snippet:-1","max-image-preview":"max-image-preview:large","max-video-preview":"max-video-preview:-1"},"canonical":"https:\/\/bbqassad.ee\/fi\/toode\/uunin-lampotilan-saadin-inkbird-isc-027bw\/","og_locale":"fi_FI","og_type":"article","og_title":"Uunin l\u00e4mp\u00f6tilan s\u00e4\u00e4din Inkbird ISC-027BW - BBQ \u00c4ssad%","og_description":"Inkbird ISC-027BW -uunin l\u00e4mp\u00f6tilanohjaimessa on elintarvikek\u00e4ytt\u00f6\u00f6n soveltuva ruostumattomasta ter\u00e4ksest\u00e4 valmistettu anturi, ja se tukee Wi-Fi- ja Bluetooth-yhteytt\u00e4.","og_url":"https:\/\/bbqassad.ee\/fi\/toode\/uunin-lampotilan-saadin-inkbird-isc-027bw\/","og_site_name":"BBQ \u00c4ssad","article_publisher":"https:\/\/www.facebook.com\/bbqassad","article_modified_time":"2026-04-14T06:33:25+00:00","og_image":[{"url":"https:\/\/bbqassad.ee\/wp-content\/uploads\/2023\/10\/ISC-027BW_1_1600x1600_crop_center.jpg.webp","type":"","width":"","height":""}],"twitter_card":"summary_large_image","twitter_title":"Uunin l\u00e4mp\u00f6tilan s\u00e4\u00e4din Inkbird ISC-027BW - BBQ \u00c4ssad%","twitter_description":"Inkbird ISC-027BW -uunin l\u00e4mp\u00f6tilanohjaimessa on elintarvikek\u00e4ytt\u00f6\u00f6n soveltuva ruostumattomasta ter\u00e4ksest\u00e4 valmistettu anturi, ja se tukee Wi-Fi- ja Bluetooth-yhteytt\u00e4.","twitter_image":"https:\/\/bbqassad.ee\/wp-content\/uploads\/2023\/10\/ISC-027BW_1_1600x1600_crop_center.jpg.webp","twitter_misc":{"Arvioitu lukuaika":"2 minuuttia"},"schema":{"@context":"https:\/\/schema.org","@graph":[{"@type":"WebPage","@id":"https:\/\/bbqassad.ee\/fi\/toode\/uunin-lampotilan-saadin-inkbird-isc-027bw\/","url":"https:\/\/bbqassad.ee\/fi\/toode\/uunin-lampotilan-saadin-inkbird-isc-027bw\/","name":"Uunin l\u00e4mp\u00f6tilan s\u00e4\u00e4din Inkbird ISC-027BW - BBQ \u00c4ssad%","isPartOf":{"@id":"https:\/\/bbqassad.ee\/fi\/#website"},"primaryImageOfPage":{"@id":"https:\/\/bbqassad.ee\/fi\/toode\/uunin-lampotilan-saadin-inkbird-isc-027bw\/#primaryimage"},"image":{"@id":"https:\/\/bbqassad.ee\/fi\/toode\/uunin-lampotilan-saadin-inkbird-isc-027bw\/#primaryimage"},"thumbnailUrl":"https:\/\/bbqassad.ee\/wp-content\/uploads\/2023\/10\/ISC-027BW_1_1600x1600_crop_center.jpg.webp","datePublished":"2023-10-05T08:45:26+00:00","dateModified":"2026-04-14T06:33:25+00:00","description":"Inkbird ISC-027BW -uunin l\u00e4mp\u00f6tilanohjaimessa on elintarvikek\u00e4ytt\u00f6\u00f6n soveltuva ruostumattomasta ter\u00e4ksest\u00e4 valmistettu anturi, ja se tukee Wi-Fi- ja Bluetooth-yhteytt\u00e4.","breadcrumb":{"@id":"https:\/\/bbqassad.ee\/fi\/toode\/uunin-lampotilan-saadin-inkbird-isc-027bw\/#breadcrumb"},"inLanguage":"fi","potentialAction":[{"@type":"ReadAction","target":["https:\/\/bbqassad.ee\/fi\/toode\/uunin-lampotilan-saadin-inkbird-isc-027bw\/"]}]},{"@type":"ImageObject","inLanguage":"fi","@id":"https:\/\/bbqassad.ee\/fi\/toode\/uunin-lampotilan-saadin-inkbird-isc-027bw\/#primaryimage","url":"https:\/\/bbqassad.ee\/wp-content\/uploads\/2023\/10\/ISC-027BW_1_1600x1600_crop_center.jpg.webp","contentUrl":"https:\/\/bbqassad.ee\/wp-content\/uploads\/2023\/10\/ISC-027BW_1_1600x1600_crop_center.jpg.webp","width":1600,"height":1600},{"@type":"BreadcrumbList","@id":"https:\/\/bbqassad.ee\/fi\/toode\/uunin-lampotilan-saadin-inkbird-isc-027bw\/#breadcrumb","itemListElement":[{"@type":"ListItem","position":1,"name":"Home","item":"https:\/\/bbqassad.ee\/fi\/bbq-assat\/"},{"@type":"ListItem","position":2,"name":"Verkkokauppa","item":"https:\/\/bbqassad.ee\/fi\/verkkokauppa\/"},{"@type":"ListItem","position":3,"name":"Uunin l\u00e4mp\u00f6tilan s\u00e4\u00e4din Inkbird ISC-027BW"}]},{"@type":"WebSite","@id":"https:\/\/bbqassad.ee\/fi\/#website","url":"https:\/\/bbqassad.ee\/fi\/","name":"BBQ \u00c4ssad","description":"BBQ maitseained, kastmed, ahjud","publisher":{"@id":"https:\/\/bbqassad.ee\/fi\/#organization"},"potentialAction":[{"@type":"SearchAction","target":{"@type":"EntryPoint","urlTemplate":"https:\/\/bbqassad.ee\/fi\/?s={search_term_string}"},"query-input":{"@type":"PropertyValueSpecification","valueRequired":true,"valueName":"search_term_string"}}],"inLanguage":"fi"},{"@type":"Organization","@id":"https:\/\/bbqassad.ee\/fi\/#organization","name":"BBQ \u00c4ssad","url":"https:\/\/bbqassad.ee\/fi\/","logo":{"@type":"ImageObject","inLanguage":"fi","@id":"https:\/\/bbqassad.ee\/fi\/#\/schema\/logo\/image\/","url":"https:\/\/bbqassad.ee\/wp-content\/uploads\/2022\/10\/BBQ-2ssadlogo.png","contentUrl":"https:\/\/bbqassad.ee\/wp-content\/uploads\/2022\/10\/BBQ-2ssadlogo.png","width":1080,"height":1080,"caption":"BBQ \u00c4ssad"},"image":{"@id":"https:\/\/bbqassad.ee\/fi\/#\/schema\/logo\/image\/"},"sameAs":["https:\/\/www.facebook.com\/bbqassad","https:\/\/www.youtube.com\/channel\/UCsoufn49J6TVi9Ah9meE93w"]}]}},"_links":{"self":[{"href":"https:\/\/bbqassad.ee\/fi\/wp-json\/wp\/v2\/product\/22877","targetHints":{"allow":["GET"]}}],"collection":[{"href":"https:\/\/bbqassad.ee\/fi\/wp-json\/wp\/v2\/product"}],"about":[{"href":"https:\/\/bbqassad.ee\/fi\/wp-json\/wp\/v2\/types\/product"}],"replies":[{"embeddable":true,"href":"https:\/\/bbqassad.ee\/fi\/wp-json\/wp\/v2\/comments?post=22877"}],"wp:featuredmedia":[{"embeddable":true,"href":"https:\/\/bbqassad.ee\/fi\/wp-json\/wp\/v2\/media\/3488"}],"wp:attachment":[{"href":"https:\/\/bbqassad.ee\/fi\/wp-json\/wp\/v2\/media?parent=22877"}],"wp:term":[{"taxonomy":"product_brand","embeddable":true,"href":"https:\/\/bbqassad.ee\/fi\/wp-json\/wp\/v2\/product_brand?post=22877"},{"taxonomy":"product_cat","embeddable":true,"href":"https:\/\/bbqassad.ee\/fi\/wp-json\/wp\/v2\/product_cat?post=22877"},{"taxonomy":"product_tag","embeddable":true,"href":"https:\/\/bbqassad.ee\/fi\/wp-json\/wp\/v2\/product_tag?post=22877"}],"curies":[{"name":"wp","href":"https:\/\/api.w.org\/{rel}","templated":true}]}}