{"id":22866,"date":"2023-10-06T08:11:13","date_gmt":"2023-10-06T08:11:13","guid":{"rendered":"https:\/\/bbqassad.ee\/toode\/gateway-drum-smokers-veevann-2\/"},"modified":"2026-04-14T06:33:24","modified_gmt":"2026-04-14T06:33:24","slug":"gateway-drum-smokers-veevann-2","status":"publish","type":"product","link":"https:\/\/bbqassad.ee\/fi\/toode\/gateway-drum-smokers-veevann-2\/","title":{"rendered":"Gateway Drum Smokers vesipannu"},"content":{"rendered":"<h1>Gateway Drum Smokers veevann<\/h1>\n<p>Kun kypsenn\u00e4t kuumana ja nopeasti, sinun on my\u00f6s suojattava lihaa. Savessa itsess\u00e4\u00e4n on runsaasti kosteutta sen suuren tilavuuden vuoksi, mutta suoraan hiilist\u00e4 tuleva l\u00e4mp\u00f6 voi usein pikemminkin polttaa lihan kuin kypsent\u00e4\u00e4 sen loppuun, joten arina on k\u00e4\u00e4nnett\u00e4v\u00e4, ja jos sen alla on vesihaute, voit asettaa suojattavan lihan sen p\u00e4\u00e4lle. <\/p>\n","protected":false},"excerpt":{"rendered":"<p>Kysy saatavuutta.<\/p>\n<p class=\"wpcf7-contact-form-not-found\"><strong>Virhe:<\/strong> Yhteydenottolomaketta ei l\u00f6ytynyt.<\/p>\n","protected":false},"featured_media":22871,"comment_status":"open","ping_status":"closed","template":"","meta":[],"product_brand":[],"product_cat":[781],"product_tag":[],"class_list":{"0":"post-22866","1":"product","2":"type-product","3":"status-publish","4":"has-post-thumbnail","6":"product_cat-uunit","8":"first","9":"outofstock","10":"taxable","11":"shipping-taxable","12":"purchasable","13":"product-type-simple"},"yoast_head":"<!-- This site is optimized with the Yoast SEO plugin v27.4 - https:\/\/yoast.com\/product\/yoast-seo-wordpress\/ -->\n<title>Gateway Drum Smokers veevann - BBQ \u00c4ssad%<\/title>\n<meta name=\"description\" content=\"Gateway Drum Smokers -vesipannu on t\u00e4ydellinen valinta grillaamiseen ja savustamiseen. Kysy saatavuutta ja nauti herkullisista aterioista.\" \/>\n<meta name=\"robots\" content=\"index, follow, max-snippet:-1, max-image-preview:large, max-video-preview:-1\" \/>\n<link rel=\"canonical\" href=\"https:\/\/bbqassad.ee\/fi\/toode\/gateway-drum-smokers-veevann-2\/\" \/>\n<meta property=\"og:locale\" content=\"fi_FI\" \/>\n<meta property=\"og:type\" content=\"article\" \/>\n<meta property=\"og:title\" content=\"Gateway Drum Smokers veevann - BBQ \u00c4ssad%\" \/>\n<meta property=\"og:description\" content=\"Gateway Drum Smokers -vesipannu on t\u00e4ydellinen valinta grillaamiseen ja savustamiseen. Kysy saatavuutta ja nauti herkullisista aterioista.\" \/>\n<meta property=\"og:url\" content=\"https:\/\/bbqassad.ee\/fi\/toode\/gateway-drum-smokers-veevann-2\/\" \/>\n<meta property=\"og:site_name\" content=\"BBQ \u00c4ssad\" \/>\n<meta property=\"article:publisher\" content=\"https:\/\/www.facebook.com\/bbqassad\" \/>\n<meta property=\"article:modified_time\" content=\"2026-04-14T06:33:24+00:00\" \/>\n<meta property=\"og:image\" content=\"https:\/\/bbqassad.ee\/wp-content\/uploads\/2023\/10\/DSC_6312-scaled-1.jpg\" \/>\n<meta name=\"twitter:card\" content=\"summary_large_image\" \/>\n<meta name=\"twitter:title\" content=\"Gateway Drum Smokers veevann - BBQ \u00c4ssad%\" \/>\n<meta name=\"twitter:description\" content=\"Gateway Drum Smokers -vesipannu on t\u00e4ydellinen valinta grillaamiseen ja savustamiseen. Kysy saatavuutta ja nauti herkullisista aterioista.\" \/>\n<meta name=\"twitter:image\" content=\"https:\/\/bbqassad.ee\/wp-content\/uploads\/2023\/10\/DSC_6312-scaled-1.jpg\" \/>\n<script type=\"application\/ld+json\" class=\"yoast-schema-graph\">{\"@context\":\"https:\\\/\\\/schema.org\",\"@graph\":[{\"@type\":\"WebPage\",\"@id\":\"https:\\\/\\\/bbqassad.ee\\\/fi\\\/toode\\\/gateway-drum-smokers-veevann-2\\\/\",\"url\":\"https:\\\/\\\/bbqassad.ee\\\/fi\\\/toode\\\/gateway-drum-smokers-veevann-2\\\/\",\"name\":\"Gateway Drum Smokers veevann - BBQ \u00c4ssad%\",\"isPartOf\":{\"@id\":\"https:\\\/\\\/bbqassad.ee\\\/fi\\\/#website\"},\"primaryImageOfPage\":{\"@id\":\"https:\\\/\\\/bbqassad.ee\\\/fi\\\/toode\\\/gateway-drum-smokers-veevann-2\\\/#primaryimage\"},\"image\":{\"@id\":\"https:\\\/\\\/bbqassad.ee\\\/fi\\\/toode\\\/gateway-drum-smokers-veevann-2\\\/#primaryimage\"},\"thumbnailUrl\":\"https:\\\/\\\/bbqassad.ee\\\/wp-content\\\/uploads\\\/2023\\\/10\\\/DSC_6312-scaled-1.jpg\",\"datePublished\":\"2023-10-06T08:11:13+00:00\",\"dateModified\":\"2026-04-14T06:33:24+00:00\",\"description\":\"Gateway Drum Smokers -vesipannu on t\u00e4ydellinen valinta grillaamiseen ja savustamiseen. Kysy saatavuutta ja nauti herkullisista aterioista.\",\"breadcrumb\":{\"@id\":\"https:\\\/\\\/bbqassad.ee\\\/fi\\\/toode\\\/gateway-drum-smokers-veevann-2\\\/#breadcrumb\"},\"inLanguage\":\"fi\",\"potentialAction\":[{\"@type\":\"ReadAction\",\"target\":[\"https:\\\/\\\/bbqassad.ee\\\/fi\\\/toode\\\/gateway-drum-smokers-veevann-2\\\/\"]}]},{\"@type\":\"ImageObject\",\"inLanguage\":\"fi\",\"@id\":\"https:\\\/\\\/bbqassad.ee\\\/fi\\\/toode\\\/gateway-drum-smokers-veevann-2\\\/#primaryimage\",\"url\":\"https:\\\/\\\/bbqassad.ee\\\/wp-content\\\/uploads\\\/2023\\\/10\\\/DSC_6312-scaled-1.jpg\",\"contentUrl\":\"https:\\\/\\\/bbqassad.ee\\\/wp-content\\\/uploads\\\/2023\\\/10\\\/DSC_6312-scaled-1.jpg\",\"width\":1920,\"height\":1282},{\"@type\":\"BreadcrumbList\",\"@id\":\"https:\\\/\\\/bbqassad.ee\\\/fi\\\/toode\\\/gateway-drum-smokers-veevann-2\\\/#breadcrumb\",\"itemListElement\":[{\"@type\":\"ListItem\",\"position\":1,\"name\":\"Home\",\"item\":\"https:\\\/\\\/bbqassad.ee\\\/fi\\\/bbq-assat\\\/\"},{\"@type\":\"ListItem\",\"position\":2,\"name\":\"Verkkokauppa\",\"item\":\"https:\\\/\\\/bbqassad.ee\\\/fi\\\/verkkokauppa\\\/\"},{\"@type\":\"ListItem\",\"position\":3,\"name\":\"Gateway Drum Smokers vesipannu\"}]},{\"@type\":\"WebSite\",\"@id\":\"https:\\\/\\\/bbqassad.ee\\\/fi\\\/#website\",\"url\":\"https:\\\/\\\/bbqassad.ee\\\/fi\\\/\",\"name\":\"BBQ \u00c4ssad\",\"description\":\"BBQ maitseained, kastmed, ahjud\",\"publisher\":{\"@id\":\"https:\\\/\\\/bbqassad.ee\\\/fi\\\/#organization\"},\"potentialAction\":[{\"@type\":\"SearchAction\",\"target\":{\"@type\":\"EntryPoint\",\"urlTemplate\":\"https:\\\/\\\/bbqassad.ee\\\/fi\\\/?s={search_term_string}\"},\"query-input\":{\"@type\":\"PropertyValueSpecification\",\"valueRequired\":true,\"valueName\":\"search_term_string\"}}],\"inLanguage\":\"fi\"},{\"@type\":\"Organization\",\"@id\":\"https:\\\/\\\/bbqassad.ee\\\/fi\\\/#organization\",\"name\":\"BBQ \u00c4ssad\",\"url\":\"https:\\\/\\\/bbqassad.ee\\\/fi\\\/\",\"logo\":{\"@type\":\"ImageObject\",\"inLanguage\":\"fi\",\"@id\":\"https:\\\/\\\/bbqassad.ee\\\/fi\\\/#\\\/schema\\\/logo\\\/image\\\/\",\"url\":\"https:\\\/\\\/bbqassad.ee\\\/wp-content\\\/uploads\\\/2022\\\/10\\\/BBQ-2ssadlogo.png\",\"contentUrl\":\"https:\\\/\\\/bbqassad.ee\\\/wp-content\\\/uploads\\\/2022\\\/10\\\/BBQ-2ssadlogo.png\",\"width\":1080,\"height\":1080,\"caption\":\"BBQ \u00c4ssad\"},\"image\":{\"@id\":\"https:\\\/\\\/bbqassad.ee\\\/fi\\\/#\\\/schema\\\/logo\\\/image\\\/\"},\"sameAs\":[\"https:\\\/\\\/www.facebook.com\\\/bbqassad\",\"https:\\\/\\\/www.youtube.com\\\/channel\\\/UCsoufn49J6TVi9Ah9meE93w\"]}]}<\/script>\n<!-- \/ Yoast SEO plugin. -->","yoast_head_json":{"title":"Gateway Drum Smokers veevann - BBQ \u00c4ssad%","description":"Gateway Drum Smokers -vesipannu on t\u00e4ydellinen valinta grillaamiseen ja savustamiseen. Kysy saatavuutta ja nauti herkullisista aterioista.","robots":{"index":"index","follow":"follow","max-snippet":"max-snippet:-1","max-image-preview":"max-image-preview:large","max-video-preview":"max-video-preview:-1"},"canonical":"https:\/\/bbqassad.ee\/fi\/toode\/gateway-drum-smokers-veevann-2\/","og_locale":"fi_FI","og_type":"article","og_title":"Gateway Drum Smokers veevann - BBQ \u00c4ssad%","og_description":"Gateway Drum Smokers -vesipannu on t\u00e4ydellinen valinta grillaamiseen ja savustamiseen. Kysy saatavuutta ja nauti herkullisista aterioista.","og_url":"https:\/\/bbqassad.ee\/fi\/toode\/gateway-drum-smokers-veevann-2\/","og_site_name":"BBQ \u00c4ssad","article_publisher":"https:\/\/www.facebook.com\/bbqassad","article_modified_time":"2026-04-14T06:33:24+00:00","og_image":[{"url":"https:\/\/bbqassad.ee\/wp-content\/uploads\/2023\/10\/DSC_6312-scaled-1.jpg","type":"","width":"","height":""}],"twitter_card":"summary_large_image","twitter_title":"Gateway Drum Smokers veevann - BBQ \u00c4ssad%","twitter_description":"Gateway Drum Smokers -vesipannu on t\u00e4ydellinen valinta grillaamiseen ja savustamiseen. Kysy saatavuutta ja nauti herkullisista aterioista.","twitter_image":"https:\/\/bbqassad.ee\/wp-content\/uploads\/2023\/10\/DSC_6312-scaled-1.jpg","schema":{"@context":"https:\/\/schema.org","@graph":[{"@type":"WebPage","@id":"https:\/\/bbqassad.ee\/fi\/toode\/gateway-drum-smokers-veevann-2\/","url":"https:\/\/bbqassad.ee\/fi\/toode\/gateway-drum-smokers-veevann-2\/","name":"Gateway Drum Smokers veevann - BBQ \u00c4ssad%","isPartOf":{"@id":"https:\/\/bbqassad.ee\/fi\/#website"},"primaryImageOfPage":{"@id":"https:\/\/bbqassad.ee\/fi\/toode\/gateway-drum-smokers-veevann-2\/#primaryimage"},"image":{"@id":"https:\/\/bbqassad.ee\/fi\/toode\/gateway-drum-smokers-veevann-2\/#primaryimage"},"thumbnailUrl":"https:\/\/bbqassad.ee\/wp-content\/uploads\/2023\/10\/DSC_6312-scaled-1.jpg","datePublished":"2023-10-06T08:11:13+00:00","dateModified":"2026-04-14T06:33:24+00:00","description":"Gateway Drum Smokers -vesipannu on t\u00e4ydellinen valinta grillaamiseen ja savustamiseen. Kysy saatavuutta ja nauti herkullisista aterioista.","breadcrumb":{"@id":"https:\/\/bbqassad.ee\/fi\/toode\/gateway-drum-smokers-veevann-2\/#breadcrumb"},"inLanguage":"fi","potentialAction":[{"@type":"ReadAction","target":["https:\/\/bbqassad.ee\/fi\/toode\/gateway-drum-smokers-veevann-2\/"]}]},{"@type":"ImageObject","inLanguage":"fi","@id":"https:\/\/bbqassad.ee\/fi\/toode\/gateway-drum-smokers-veevann-2\/#primaryimage","url":"https:\/\/bbqassad.ee\/wp-content\/uploads\/2023\/10\/DSC_6312-scaled-1.jpg","contentUrl":"https:\/\/bbqassad.ee\/wp-content\/uploads\/2023\/10\/DSC_6312-scaled-1.jpg","width":1920,"height":1282},{"@type":"BreadcrumbList","@id":"https:\/\/bbqassad.ee\/fi\/toode\/gateway-drum-smokers-veevann-2\/#breadcrumb","itemListElement":[{"@type":"ListItem","position":1,"name":"Home","item":"https:\/\/bbqassad.ee\/fi\/bbq-assat\/"},{"@type":"ListItem","position":2,"name":"Verkkokauppa","item":"https:\/\/bbqassad.ee\/fi\/verkkokauppa\/"},{"@type":"ListItem","position":3,"name":"Gateway Drum Smokers vesipannu"}]},{"@type":"WebSite","@id":"https:\/\/bbqassad.ee\/fi\/#website","url":"https:\/\/bbqassad.ee\/fi\/","name":"BBQ \u00c4ssad","description":"BBQ maitseained, kastmed, ahjud","publisher":{"@id":"https:\/\/bbqassad.ee\/fi\/#organization"},"potentialAction":[{"@type":"SearchAction","target":{"@type":"EntryPoint","urlTemplate":"https:\/\/bbqassad.ee\/fi\/?s={search_term_string}"},"query-input":{"@type":"PropertyValueSpecification","valueRequired":true,"valueName":"search_term_string"}}],"inLanguage":"fi"},{"@type":"Organization","@id":"https:\/\/bbqassad.ee\/fi\/#organization","name":"BBQ \u00c4ssad","url":"https:\/\/bbqassad.ee\/fi\/","logo":{"@type":"ImageObject","inLanguage":"fi","@id":"https:\/\/bbqassad.ee\/fi\/#\/schema\/logo\/image\/","url":"https:\/\/bbqassad.ee\/wp-content\/uploads\/2022\/10\/BBQ-2ssadlogo.png","contentUrl":"https:\/\/bbqassad.ee\/wp-content\/uploads\/2022\/10\/BBQ-2ssadlogo.png","width":1080,"height":1080,"caption":"BBQ \u00c4ssad"},"image":{"@id":"https:\/\/bbqassad.ee\/fi\/#\/schema\/logo\/image\/"},"sameAs":["https:\/\/www.facebook.com\/bbqassad","https:\/\/www.youtube.com\/channel\/UCsoufn49J6TVi9Ah9meE93w"]}]}},"_links":{"self":[{"href":"https:\/\/bbqassad.ee\/fi\/wp-json\/wp\/v2\/product\/22866","targetHints":{"allow":["GET"]}}],"collection":[{"href":"https:\/\/bbqassad.ee\/fi\/wp-json\/wp\/v2\/product"}],"about":[{"href":"https:\/\/bbqassad.ee\/fi\/wp-json\/wp\/v2\/types\/product"}],"replies":[{"embeddable":true,"href":"https:\/\/bbqassad.ee\/fi\/wp-json\/wp\/v2\/comments?post=22866"}],"wp:featuredmedia":[{"embeddable":true,"href":"https:\/\/bbqassad.ee\/fi\/wp-json\/wp\/v2\/media\/22871"}],"wp:attachment":[{"href":"https:\/\/bbqassad.ee\/fi\/wp-json\/wp\/v2\/media?parent=22866"}],"wp:term":[{"taxonomy":"product_brand","embeddable":true,"href":"https:\/\/bbqassad.ee\/fi\/wp-json\/wp\/v2\/product_brand?post=22866"},{"taxonomy":"product_cat","embeddable":true,"href":"https:\/\/bbqassad.ee\/fi\/wp-json\/wp\/v2\/product_cat?post=22866"},{"taxonomy":"product_tag","embeddable":true,"href":"https:\/\/bbqassad.ee\/fi\/wp-json\/wp\/v2\/product_tag?post=22866"}],"curies":[{"name":"wp","href":"https:\/\/api.w.org\/{rel}","templated":true}]}}