{"id":22794,"date":"2023-10-06T08:13:19","date_gmt":"2023-10-06T08:13:19","guid":{"rendered":"https:\/\/bbqassad.ee\/toode\/pk360-grill-smoker-hopea-komposiittisivulevyilla-varustettuna\/"},"modified":"2026-04-14T06:33:24","modified_gmt":"2026-04-14T06:33:24","slug":"pk360-grill-smoker-hopea-komposiittisivulevyilla-varustettuna","status":"publish","type":"product","link":"https:\/\/bbqassad.ee\/fi\/toode\/pk360-grill-smoker-hopea-komposiittisivulevyilla-varustettuna\/","title":{"rendered":"PK360 Grill &amp; Smoker hopea komposiittisivulevyill\u00e4 varustettuna"},"content":{"rendered":"<h1>PK360 Grill &amp; Smoker hopea komposiittisivulevyill\u00e4 varustettuna<\/h1>\n<p><strong>Eritt\u00e4in monipuolinen<\/strong><br \/>\nPK360 on poikkeuksellinen sek\u00e4 kuumassa ja nopeassa ett\u00e4 matalassa ja hitaassa kypsennyksess\u00e4. Ainutlaatuinen kapselimuoto tekee yhden ja kahden vy\u00f6hykkeen ruoanlaitosta helppoa ja hauskaa.<br \/>\n<strong>Kilpailulaatu<\/strong><br \/>\nPK Grill valualumiini on osoittautunut useimpien joukkueiden valinnaksi pihvikilpailuissa eri puolilla Yhdysvaltoja. 2014., 2015. ja vuoden 2016 Sca-maailmanmestaruuskilpailujen voittajien pihvit valmistettiin kaikki PK Grilliss\u00e4.<br \/>\n<strong>Kest\u00e4v\u00e4<\/strong><br \/>\nPk360-valualumiinirakenne on eritt\u00e4in kest\u00e4v\u00e4. PK-grillit ovat usein elinik\u00e4isi\u00e4 hankintoja, jotka siirtyv\u00e4t sukupolvelta toiselle. Jokaisesta uudesta PK:sta voi tulla perint\u00f6grilli.<br \/>\n<strong>Yksinkertainen ja tarkka l\u00e4mp\u00f6tilan s\u00e4\u00e4t\u00f6<\/strong><br \/>\nPaksun valualumiinin ja 4-suuntaisen ilmanvaihdon yhdistelm\u00e4 pk360 tarjoaa k\u00e4ytt\u00e4jille eritt\u00e4in l\u00e4mp\u00f6tehokkaan kypsennyskammion, jossa on yksinkertainen 2-vy\u00f6hykes\u00e4\u00e4t\u00f6 ja parempi s\u00e4\u00e4t\u00f6 kuin yksitt\u00e4isiss\u00e4 puhallinkammioissa.<br \/>\n<strong>Ergonomia<\/strong><br \/>\nPK360:ss\u00e4 on kaksi tukevaa irrotettavaa hylly\u00e4, joissa on ainutlaatuinen Leading Edge -vaijerij\u00e4rjestelm\u00e4 tarvikkeiden ripustamista varten, mik\u00e4 tarjoaa maksimaalisen toiminnallisuuden esivalmistelussa ja ruoanlaitossa.<br \/>\n<strong>Tuhkanhallinta<\/strong><br \/>\nPK360:ss\u00e4 on ainutlaatuinen sis\u00e4\u00e4nrakennettu tuhkanhallintaratkaisu, joka hallitsee keittokammiossa olevaa tuhkaa ja tekee puhdistamisesta ja h\u00e4vitt\u00e4misest\u00e4 helppoa.<br \/>\n<strong>Kannettava<\/strong><br \/>\nKuten kaikki PK:t, PK360 voidaan helposti irrottaa alustasta, jotta voit ottaa sen mukaan. Sopii erinomaisesti vaellukselle, retkeilyyn, kalastukseen\/mets\u00e4stykseen jne.<br \/>\n<strong>Ruostumaton ter\u00e4s<\/strong><br \/>\nSek\u00e4 saranoitu keittotaso ett\u00e4 alemmat hiilet on valmistettu korkealaatuisesta ruostumattomasta ter\u00e4ksest\u00e4.<\/p>\n","protected":false},"excerpt":{"rendered":"<p><strong>Tekniset tiedot:<\/strong><br \/>\nMateriaali: painevalettu alumiini<br \/>\nMitat: 109 x 137 x 60 cm<br \/>\nKeittotaso: 60 x 38 cm<br \/>\nTy\u00f6skentelykorkeus: 86,9 cm<br \/>\nPaino: 43 kg<br \/>\nV\u00e4ri: hopea<\/p>\n<p>Kysy saatavuus.<\/p>\n<p class=\"wpcf7-contact-form-not-found\"><strong>Virhe:<\/strong> Yhteydenottolomaketta ei l\u00f6ytynyt.<\/p>\n<p>&nbsp;<\/p>\n","protected":false},"featured_media":3393,"comment_status":"open","ping_status":"closed","template":"","meta":[],"product_brand":[],"product_cat":[781],"product_tag":[],"class_list":{"0":"post-22794","1":"product","2":"type-product","3":"status-publish","4":"has-post-thumbnail","6":"product_cat-uunit","7":"product_shipping_class-ilmainen-toimitus","9":"first","10":"outofstock","11":"taxable","12":"shipping-taxable","13":"purchasable","14":"product-type-simple"},"yoast_head":"<!-- This site is optimized with the Yoast SEO plugin v27.4 - https:\/\/yoast.com\/product\/yoast-seo-wordpress\/ -->\n<title>PK360 Grill &amp; Smoker hopea komposiitti - BBQ \u00c4ssad%<\/title>\n<meta name=\"description\" content=\"PK360 Grill &amp; Smoker on valmistettu painevaletusta alumiinista. Mitat: 109 x 137 x 60 cm, keittoalue 60 x 38 cm, paino 43 kg. Ty\u00f6skentelykorkeus 86,9 cm.\" \/>\n<meta name=\"robots\" content=\"index, follow, max-snippet:-1, max-image-preview:large, max-video-preview:-1\" \/>\n<link rel=\"canonical\" href=\"https:\/\/bbqassad.ee\/fi\/toode\/pk360-grill-smoker-hopea-komposiittisivulevyilla-varustettuna\/\" \/>\n<meta property=\"og:locale\" content=\"fi_FI\" \/>\n<meta property=\"og:type\" content=\"article\" \/>\n<meta property=\"og:title\" content=\"PK360 Grill &amp; Smoker hopea komposiitti - BBQ \u00c4ssad%\" \/>\n<meta property=\"og:description\" content=\"PK360 Grill &amp; Smoker on valmistettu painevaletusta alumiinista. Mitat: 109 x 137 x 60 cm, paistopinta 60 x 38 cm, paino 43 kg. Ty\u00f6skentelykorkeus 86,9 cm.\" \/>\n<meta property=\"og:url\" content=\"https:\/\/bbqassad.ee\/fi\/toode\/pk360-grill-smoker-hopea-komposiittisivulevyilla-varustettuna\/\" \/>\n<meta property=\"og:site_name\" content=\"BBQ \u00c4ssad\" \/>\n<meta property=\"article:publisher\" content=\"https:\/\/www.facebook.com\/bbqassad\" \/>\n<meta property=\"article:modified_time\" content=\"2026-04-14T06:33:24+00:00\" \/>\n<meta property=\"og:image\" content=\"https:\/\/bbqassad.ee\/wp-content\/uploads\/2023\/10\/PK-360-silver.png\" \/>\n<meta name=\"twitter:card\" content=\"summary_large_image\" \/>\n<meta name=\"twitter:title\" content=\"PK360 Grill &amp; Smoker hopea komposiitti - BBQ \u00c4ssad%\" \/>\n<meta name=\"twitter:description\" content=\"PK360 Grill &amp; Smoker on valmistettu painevaletusta alumiinista. Mitat: 109 x 137 x 60 cm, paistopinta 60 x 38 cm, paino 43 kg. Ty\u00f6skentelykorkeus 86,9 cm.\" \/>\n<meta name=\"twitter:image\" content=\"https:\/\/bbqassad.ee\/wp-content\/uploads\/2023\/10\/PK-360-silver.png\" \/>\n<meta name=\"twitter:label1\" content=\"Arvioitu lukuaika\" \/>\n\t<meta name=\"twitter:data1\" content=\"1 minuutti\" \/>\n<script type=\"application\/ld+json\" class=\"yoast-schema-graph\">{\"@context\":\"https:\\\/\\\/schema.org\",\"@graph\":[{\"@type\":\"WebPage\",\"@id\":\"https:\\\/\\\/bbqassad.ee\\\/fi\\\/toode\\\/pk360-grill-smoker-hopea-komposiittisivulevyilla-varustettuna\\\/\",\"url\":\"https:\\\/\\\/bbqassad.ee\\\/fi\\\/toode\\\/pk360-grill-smoker-hopea-komposiittisivulevyilla-varustettuna\\\/\",\"name\":\"PK360 Grill & Smoker hopea komposiitti - BBQ \u00c4ssad%\",\"isPartOf\":{\"@id\":\"https:\\\/\\\/bbqassad.ee\\\/fi\\\/#website\"},\"primaryImageOfPage\":{\"@id\":\"https:\\\/\\\/bbqassad.ee\\\/fi\\\/toode\\\/pk360-grill-smoker-hopea-komposiittisivulevyilla-varustettuna\\\/#primaryimage\"},\"image\":{\"@id\":\"https:\\\/\\\/bbqassad.ee\\\/fi\\\/toode\\\/pk360-grill-smoker-hopea-komposiittisivulevyilla-varustettuna\\\/#primaryimage\"},\"thumbnailUrl\":\"https:\\\/\\\/bbqassad.ee\\\/wp-content\\\/uploads\\\/2023\\\/10\\\/PK-360-silver.png\",\"datePublished\":\"2023-10-06T08:13:19+00:00\",\"dateModified\":\"2026-04-14T06:33:24+00:00\",\"description\":\"PK360 Grill & Smoker on valmistettu painevaletusta alumiinista. Mitat: 109 x 137 x 60 cm, keittoalue 60 x 38 cm, paino 43 kg. Ty\u00f6skentelykorkeus 86,9 cm.\",\"breadcrumb\":{\"@id\":\"https:\\\/\\\/bbqassad.ee\\\/fi\\\/toode\\\/pk360-grill-smoker-hopea-komposiittisivulevyilla-varustettuna\\\/#breadcrumb\"},\"inLanguage\":\"fi\",\"potentialAction\":[{\"@type\":\"ReadAction\",\"target\":[\"https:\\\/\\\/bbqassad.ee\\\/fi\\\/toode\\\/pk360-grill-smoker-hopea-komposiittisivulevyilla-varustettuna\\\/\"]}]},{\"@type\":\"ImageObject\",\"inLanguage\":\"fi\",\"@id\":\"https:\\\/\\\/bbqassad.ee\\\/fi\\\/toode\\\/pk360-grill-smoker-hopea-komposiittisivulevyilla-varustettuna\\\/#primaryimage\",\"url\":\"https:\\\/\\\/bbqassad.ee\\\/wp-content\\\/uploads\\\/2023\\\/10\\\/PK-360-silver.png\",\"contentUrl\":\"https:\\\/\\\/bbqassad.ee\\\/wp-content\\\/uploads\\\/2023\\\/10\\\/PK-360-silver.png\",\"width\":560,\"height\":560},{\"@type\":\"BreadcrumbList\",\"@id\":\"https:\\\/\\\/bbqassad.ee\\\/fi\\\/toode\\\/pk360-grill-smoker-hopea-komposiittisivulevyilla-varustettuna\\\/#breadcrumb\",\"itemListElement\":[{\"@type\":\"ListItem\",\"position\":1,\"name\":\"Home\",\"item\":\"https:\\\/\\\/bbqassad.ee\\\/fi\\\/bbq-assat\\\/\"},{\"@type\":\"ListItem\",\"position\":2,\"name\":\"Verkkokauppa\",\"item\":\"https:\\\/\\\/bbqassad.ee\\\/fi\\\/verkkokauppa\\\/\"},{\"@type\":\"ListItem\",\"position\":3,\"name\":\"PK360 Grill &amp; Smoker hopea komposiittisivulevyill\u00e4 varustettuna\"}]},{\"@type\":\"WebSite\",\"@id\":\"https:\\\/\\\/bbqassad.ee\\\/fi\\\/#website\",\"url\":\"https:\\\/\\\/bbqassad.ee\\\/fi\\\/\",\"name\":\"BBQ \u00c4ssad\",\"description\":\"BBQ maitseained, kastmed, ahjud\",\"publisher\":{\"@id\":\"https:\\\/\\\/bbqassad.ee\\\/fi\\\/#organization\"},\"potentialAction\":[{\"@type\":\"SearchAction\",\"target\":{\"@type\":\"EntryPoint\",\"urlTemplate\":\"https:\\\/\\\/bbqassad.ee\\\/fi\\\/?s={search_term_string}\"},\"query-input\":{\"@type\":\"PropertyValueSpecification\",\"valueRequired\":true,\"valueName\":\"search_term_string\"}}],\"inLanguage\":\"fi\"},{\"@type\":\"Organization\",\"@id\":\"https:\\\/\\\/bbqassad.ee\\\/fi\\\/#organization\",\"name\":\"BBQ \u00c4ssad\",\"url\":\"https:\\\/\\\/bbqassad.ee\\\/fi\\\/\",\"logo\":{\"@type\":\"ImageObject\",\"inLanguage\":\"fi\",\"@id\":\"https:\\\/\\\/bbqassad.ee\\\/fi\\\/#\\\/schema\\\/logo\\\/image\\\/\",\"url\":\"https:\\\/\\\/bbqassad.ee\\\/wp-content\\\/uploads\\\/2022\\\/10\\\/BBQ-2ssadlogo.png\",\"contentUrl\":\"https:\\\/\\\/bbqassad.ee\\\/wp-content\\\/uploads\\\/2022\\\/10\\\/BBQ-2ssadlogo.png\",\"width\":1080,\"height\":1080,\"caption\":\"BBQ \u00c4ssad\"},\"image\":{\"@id\":\"https:\\\/\\\/bbqassad.ee\\\/fi\\\/#\\\/schema\\\/logo\\\/image\\\/\"},\"sameAs\":[\"https:\\\/\\\/www.facebook.com\\\/bbqassad\",\"https:\\\/\\\/www.youtube.com\\\/channel\\\/UCsoufn49J6TVi9Ah9meE93w\"]}]}<\/script>\n<!-- \/ Yoast SEO plugin. -->","yoast_head_json":{"title":"PK360 Grill & Smoker hopea komposiitti - BBQ \u00c4ssad%","description":"PK360 Grill & Smoker on valmistettu painevaletusta alumiinista. Mitat: 109 x 137 x 60 cm, keittoalue 60 x 38 cm, paino 43 kg. Ty\u00f6skentelykorkeus 86,9 cm.","robots":{"index":"index","follow":"follow","max-snippet":"max-snippet:-1","max-image-preview":"max-image-preview:large","max-video-preview":"max-video-preview:-1"},"canonical":"https:\/\/bbqassad.ee\/fi\/toode\/pk360-grill-smoker-hopea-komposiittisivulevyilla-varustettuna\/","og_locale":"fi_FI","og_type":"article","og_title":"PK360 Grill & Smoker hopea komposiitti - BBQ \u00c4ssad%","og_description":"PK360 Grill & Smoker on valmistettu painevaletusta alumiinista. Mitat: 109 x 137 x 60 cm, paistopinta 60 x 38 cm, paino 43 kg. Ty\u00f6skentelykorkeus 86,9 cm.","og_url":"https:\/\/bbqassad.ee\/fi\/toode\/pk360-grill-smoker-hopea-komposiittisivulevyilla-varustettuna\/","og_site_name":"BBQ \u00c4ssad","article_publisher":"https:\/\/www.facebook.com\/bbqassad","article_modified_time":"2026-04-14T06:33:24+00:00","og_image":[{"url":"https:\/\/bbqassad.ee\/wp-content\/uploads\/2023\/10\/PK-360-silver.png","type":"","width":"","height":""}],"twitter_card":"summary_large_image","twitter_title":"PK360 Grill & Smoker hopea komposiitti - BBQ \u00c4ssad%","twitter_description":"PK360 Grill & Smoker on valmistettu painevaletusta alumiinista. Mitat: 109 x 137 x 60 cm, paistopinta 60 x 38 cm, paino 43 kg. Ty\u00f6skentelykorkeus 86,9 cm.","twitter_image":"https:\/\/bbqassad.ee\/wp-content\/uploads\/2023\/10\/PK-360-silver.png","twitter_misc":{"Arvioitu lukuaika":"1 minuutti"},"schema":{"@context":"https:\/\/schema.org","@graph":[{"@type":"WebPage","@id":"https:\/\/bbqassad.ee\/fi\/toode\/pk360-grill-smoker-hopea-komposiittisivulevyilla-varustettuna\/","url":"https:\/\/bbqassad.ee\/fi\/toode\/pk360-grill-smoker-hopea-komposiittisivulevyilla-varustettuna\/","name":"PK360 Grill & Smoker hopea komposiitti - BBQ \u00c4ssad%","isPartOf":{"@id":"https:\/\/bbqassad.ee\/fi\/#website"},"primaryImageOfPage":{"@id":"https:\/\/bbqassad.ee\/fi\/toode\/pk360-grill-smoker-hopea-komposiittisivulevyilla-varustettuna\/#primaryimage"},"image":{"@id":"https:\/\/bbqassad.ee\/fi\/toode\/pk360-grill-smoker-hopea-komposiittisivulevyilla-varustettuna\/#primaryimage"},"thumbnailUrl":"https:\/\/bbqassad.ee\/wp-content\/uploads\/2023\/10\/PK-360-silver.png","datePublished":"2023-10-06T08:13:19+00:00","dateModified":"2026-04-14T06:33:24+00:00","description":"PK360 Grill & Smoker on valmistettu painevaletusta alumiinista. Mitat: 109 x 137 x 60 cm, keittoalue 60 x 38 cm, paino 43 kg. Ty\u00f6skentelykorkeus 86,9 cm.","breadcrumb":{"@id":"https:\/\/bbqassad.ee\/fi\/toode\/pk360-grill-smoker-hopea-komposiittisivulevyilla-varustettuna\/#breadcrumb"},"inLanguage":"fi","potentialAction":[{"@type":"ReadAction","target":["https:\/\/bbqassad.ee\/fi\/toode\/pk360-grill-smoker-hopea-komposiittisivulevyilla-varustettuna\/"]}]},{"@type":"ImageObject","inLanguage":"fi","@id":"https:\/\/bbqassad.ee\/fi\/toode\/pk360-grill-smoker-hopea-komposiittisivulevyilla-varustettuna\/#primaryimage","url":"https:\/\/bbqassad.ee\/wp-content\/uploads\/2023\/10\/PK-360-silver.png","contentUrl":"https:\/\/bbqassad.ee\/wp-content\/uploads\/2023\/10\/PK-360-silver.png","width":560,"height":560},{"@type":"BreadcrumbList","@id":"https:\/\/bbqassad.ee\/fi\/toode\/pk360-grill-smoker-hopea-komposiittisivulevyilla-varustettuna\/#breadcrumb","itemListElement":[{"@type":"ListItem","position":1,"name":"Home","item":"https:\/\/bbqassad.ee\/fi\/bbq-assat\/"},{"@type":"ListItem","position":2,"name":"Verkkokauppa","item":"https:\/\/bbqassad.ee\/fi\/verkkokauppa\/"},{"@type":"ListItem","position":3,"name":"PK360 Grill &amp; Smoker hopea komposiittisivulevyill\u00e4 varustettuna"}]},{"@type":"WebSite","@id":"https:\/\/bbqassad.ee\/fi\/#website","url":"https:\/\/bbqassad.ee\/fi\/","name":"BBQ \u00c4ssad","description":"BBQ maitseained, kastmed, ahjud","publisher":{"@id":"https:\/\/bbqassad.ee\/fi\/#organization"},"potentialAction":[{"@type":"SearchAction","target":{"@type":"EntryPoint","urlTemplate":"https:\/\/bbqassad.ee\/fi\/?s={search_term_string}"},"query-input":{"@type":"PropertyValueSpecification","valueRequired":true,"valueName":"search_term_string"}}],"inLanguage":"fi"},{"@type":"Organization","@id":"https:\/\/bbqassad.ee\/fi\/#organization","name":"BBQ \u00c4ssad","url":"https:\/\/bbqassad.ee\/fi\/","logo":{"@type":"ImageObject","inLanguage":"fi","@id":"https:\/\/bbqassad.ee\/fi\/#\/schema\/logo\/image\/","url":"https:\/\/bbqassad.ee\/wp-content\/uploads\/2022\/10\/BBQ-2ssadlogo.png","contentUrl":"https:\/\/bbqassad.ee\/wp-content\/uploads\/2022\/10\/BBQ-2ssadlogo.png","width":1080,"height":1080,"caption":"BBQ \u00c4ssad"},"image":{"@id":"https:\/\/bbqassad.ee\/fi\/#\/schema\/logo\/image\/"},"sameAs":["https:\/\/www.facebook.com\/bbqassad","https:\/\/www.youtube.com\/channel\/UCsoufn49J6TVi9Ah9meE93w"]}]}},"_links":{"self":[{"href":"https:\/\/bbqassad.ee\/fi\/wp-json\/wp\/v2\/product\/22794","targetHints":{"allow":["GET"]}}],"collection":[{"href":"https:\/\/bbqassad.ee\/fi\/wp-json\/wp\/v2\/product"}],"about":[{"href":"https:\/\/bbqassad.ee\/fi\/wp-json\/wp\/v2\/types\/product"}],"replies":[{"embeddable":true,"href":"https:\/\/bbqassad.ee\/fi\/wp-json\/wp\/v2\/comments?post=22794"}],"wp:featuredmedia":[{"embeddable":true,"href":"https:\/\/bbqassad.ee\/fi\/wp-json\/wp\/v2\/media\/3393"}],"wp:attachment":[{"href":"https:\/\/bbqassad.ee\/fi\/wp-json\/wp\/v2\/media?parent=22794"}],"wp:term":[{"taxonomy":"product_brand","embeddable":true,"href":"https:\/\/bbqassad.ee\/fi\/wp-json\/wp\/v2\/product_brand?post=22794"},{"taxonomy":"product_cat","embeddable":true,"href":"https:\/\/bbqassad.ee\/fi\/wp-json\/wp\/v2\/product_cat?post=22794"},{"taxonomy":"product_tag","embeddable":true,"href":"https:\/\/bbqassad.ee\/fi\/wp-json\/wp\/v2\/product_tag?post=22794"}],"curies":[{"name":"wp","href":"https:\/\/api.w.org\/{rel}","templated":true}]}}