{"id":22789,"date":"2023-10-06T08:15:24","date_gmt":"2023-10-06T08:15:24","guid":{"rendered":"https:\/\/bbqassad.ee\/toode\/gateway-drum-savustimet-lampo-diffuusori\/"},"modified":"2026-04-14T06:33:24","modified_gmt":"2026-04-14T06:33:24","slug":"gateway-drum-savustimet-lampo-diffuusori","status":"publish","type":"product","link":"https:\/\/bbqassad.ee\/fi\/toode\/gateway-drum-savustimet-lampo-diffuusori\/","title":{"rendered":"Gateway Drum savustimet l\u00e4mp\u00f6 diffuusori"},"content":{"rendered":"<h1>Gateway Drum savustimet l\u00e4mp\u00f6 diffuusori<\/h1>\n<p>L\u00e4mm\u00f6njakolevy voidaan sijoittaa arinan pohjalle ja sit\u00e4 voidaan k\u00e4ytt\u00e4\u00e4 l\u00e4mm\u00f6n poistamiseen suoraan tulipes\u00e4st\u00e4, jolloin saadaan aikaan ep\u00e4suorempi l\u00e4mm\u00f6nl\u00e4hde. Se on ihanteellinen lis\u00e4varuste kokille, jotka haluavat matalan ja hitaan kypsennystavan. Sopii 55 gallonan Gateway Drum Smokereihin.  <\/p>\n<p>&nbsp;<\/p>\n","protected":false},"excerpt":{"rendered":"<p>Kysy saatavuutta.<\/p>\n<p class=\"wpcf7-contact-form-not-found\"><strong>Virhe:<\/strong> Yhteydenottolomaketta ei l\u00f6ytynyt.<\/p>\n","protected":false},"featured_media":3350,"comment_status":"open","ping_status":"closed","template":"","meta":[],"product_brand":[],"product_cat":[781],"product_tag":[],"class_list":{"0":"post-22789","1":"product","2":"type-product","3":"status-publish","4":"has-post-thumbnail","6":"product_cat-uunit","8":"first","9":"outofstock","10":"taxable","11":"shipping-taxable","12":"purchasable","13":"product-type-simple"},"yoast_head":"<!-- This site is optimized with the Yoast SEO plugin v27.4 - https:\/\/yoast.com\/product\/yoast-seo-wordpress\/ -->\n<title>Gateway Drum savustimien l\u00e4mp\u00f6annostelija - BBQ \u00c4ssad%<\/title>\n<meta name=\"description\" content=\"Gateway Drum Smokersin l\u00e4mm\u00f6nvaihdin on ihanteellinen valinta grillaukseen ja savustukseen. Kysy saatavuutta ja tutustu grillausvaihtoehtoihin.\" \/>\n<meta name=\"robots\" content=\"index, follow, max-snippet:-1, max-image-preview:large, max-video-preview:-1\" \/>\n<link rel=\"canonical\" href=\"https:\/\/bbqassad.ee\/fi\/toode\/gateway-drum-savustimet-lampo-diffuusori\/\" \/>\n<meta property=\"og:locale\" content=\"fi_FI\" \/>\n<meta property=\"og:type\" content=\"article\" \/>\n<meta property=\"og:title\" content=\"Gateway Drum savustimien l\u00e4mp\u00f6annostelija - BBQ \u00c4ssad%\" \/>\n<meta property=\"og:description\" content=\"Gateway Drum Smokersin l\u00e4mm\u00f6nvaihdin on ihanteellinen valinta grillaukseen ja savustukseen. Kysy saatavuutta ja tutustu grillausvaihtoehtoihin.\" \/>\n<meta property=\"og:url\" content=\"https:\/\/bbqassad.ee\/fi\/toode\/gateway-drum-savustimet-lampo-diffuusori\/\" \/>\n<meta property=\"og:site_name\" content=\"BBQ \u00c4ssad\" \/>\n<meta property=\"article:publisher\" content=\"https:\/\/www.facebook.com\/bbqassad\" \/>\n<meta property=\"article:modified_time\" content=\"2026-04-14T06:33:24+00:00\" \/>\n<meta property=\"og:image\" content=\"https:\/\/bbqassad.ee\/wp-content\/uploads\/2023\/10\/diffuse-plate.png\" \/>\n<meta name=\"twitter:card\" content=\"summary_large_image\" \/>\n<meta name=\"twitter:title\" content=\"Gateway Drum savustimien l\u00e4mp\u00f6annostelija - BBQ \u00c4ssad%\" \/>\n<meta name=\"twitter:description\" content=\"Gateway Drum Smokersin l\u00e4mm\u00f6nvaihdin on ihanteellinen valinta grillaukseen ja savustukseen. Kysy saatavuutta ja tutustu grillausvaihtoehtoihin.\" \/>\n<meta name=\"twitter:image\" content=\"https:\/\/bbqassad.ee\/wp-content\/uploads\/2023\/10\/diffuse-plate.png\" \/>\n<script type=\"application\/ld+json\" class=\"yoast-schema-graph\">{\"@context\":\"https:\\\/\\\/schema.org\",\"@graph\":[{\"@type\":\"WebPage\",\"@id\":\"https:\\\/\\\/bbqassad.ee\\\/fi\\\/toode\\\/gateway-drum-savustimet-lampo-diffuusori\\\/\",\"url\":\"https:\\\/\\\/bbqassad.ee\\\/fi\\\/toode\\\/gateway-drum-savustimet-lampo-diffuusori\\\/\",\"name\":\"Gateway Drum savustimien l\u00e4mp\u00f6annostelija - BBQ \u00c4ssad%\",\"isPartOf\":{\"@id\":\"https:\\\/\\\/bbqassad.ee\\\/fi\\\/#website\"},\"primaryImageOfPage\":{\"@id\":\"https:\\\/\\\/bbqassad.ee\\\/fi\\\/toode\\\/gateway-drum-savustimet-lampo-diffuusori\\\/#primaryimage\"},\"image\":{\"@id\":\"https:\\\/\\\/bbqassad.ee\\\/fi\\\/toode\\\/gateway-drum-savustimet-lampo-diffuusori\\\/#primaryimage\"},\"thumbnailUrl\":\"https:\\\/\\\/bbqassad.ee\\\/wp-content\\\/uploads\\\/2023\\\/10\\\/diffuse-plate.png\",\"datePublished\":\"2023-10-06T08:15:24+00:00\",\"dateModified\":\"2026-04-14T06:33:24+00:00\",\"description\":\"Gateway Drum Smokersin l\u00e4mm\u00f6nvaihdin on ihanteellinen valinta grillaukseen ja savustukseen. Kysy saatavuutta ja tutustu grillausvaihtoehtoihin.\",\"breadcrumb\":{\"@id\":\"https:\\\/\\\/bbqassad.ee\\\/fi\\\/toode\\\/gateway-drum-savustimet-lampo-diffuusori\\\/#breadcrumb\"},\"inLanguage\":\"fi\",\"potentialAction\":[{\"@type\":\"ReadAction\",\"target\":[\"https:\\\/\\\/bbqassad.ee\\\/fi\\\/toode\\\/gateway-drum-savustimet-lampo-diffuusori\\\/\"]}]},{\"@type\":\"ImageObject\",\"inLanguage\":\"fi\",\"@id\":\"https:\\\/\\\/bbqassad.ee\\\/fi\\\/toode\\\/gateway-drum-savustimet-lampo-diffuusori\\\/#primaryimage\",\"url\":\"https:\\\/\\\/bbqassad.ee\\\/wp-content\\\/uploads\\\/2023\\\/10\\\/diffuse-plate.png\",\"contentUrl\":\"https:\\\/\\\/bbqassad.ee\\\/wp-content\\\/uploads\\\/2023\\\/10\\\/diffuse-plate.png\",\"width\":540,\"height\":360},{\"@type\":\"BreadcrumbList\",\"@id\":\"https:\\\/\\\/bbqassad.ee\\\/fi\\\/toode\\\/gateway-drum-savustimet-lampo-diffuusori\\\/#breadcrumb\",\"itemListElement\":[{\"@type\":\"ListItem\",\"position\":1,\"name\":\"Home\",\"item\":\"https:\\\/\\\/bbqassad.ee\\\/fi\\\/bbq-assat\\\/\"},{\"@type\":\"ListItem\",\"position\":2,\"name\":\"Verkkokauppa\",\"item\":\"https:\\\/\\\/bbqassad.ee\\\/fi\\\/verkkokauppa\\\/\"},{\"@type\":\"ListItem\",\"position\":3,\"name\":\"Gateway Drum savustimet l\u00e4mp\u00f6 diffuusori\"}]},{\"@type\":\"WebSite\",\"@id\":\"https:\\\/\\\/bbqassad.ee\\\/fi\\\/#website\",\"url\":\"https:\\\/\\\/bbqassad.ee\\\/fi\\\/\",\"name\":\"BBQ \u00c4ssad\",\"description\":\"BBQ maitseained, kastmed, ahjud\",\"publisher\":{\"@id\":\"https:\\\/\\\/bbqassad.ee\\\/fi\\\/#organization\"},\"potentialAction\":[{\"@type\":\"SearchAction\",\"target\":{\"@type\":\"EntryPoint\",\"urlTemplate\":\"https:\\\/\\\/bbqassad.ee\\\/fi\\\/?s={search_term_string}\"},\"query-input\":{\"@type\":\"PropertyValueSpecification\",\"valueRequired\":true,\"valueName\":\"search_term_string\"}}],\"inLanguage\":\"fi\"},{\"@type\":\"Organization\",\"@id\":\"https:\\\/\\\/bbqassad.ee\\\/fi\\\/#organization\",\"name\":\"BBQ \u00c4ssad\",\"url\":\"https:\\\/\\\/bbqassad.ee\\\/fi\\\/\",\"logo\":{\"@type\":\"ImageObject\",\"inLanguage\":\"fi\",\"@id\":\"https:\\\/\\\/bbqassad.ee\\\/fi\\\/#\\\/schema\\\/logo\\\/image\\\/\",\"url\":\"https:\\\/\\\/bbqassad.ee\\\/wp-content\\\/uploads\\\/2022\\\/10\\\/BBQ-2ssadlogo.png\",\"contentUrl\":\"https:\\\/\\\/bbqassad.ee\\\/wp-content\\\/uploads\\\/2022\\\/10\\\/BBQ-2ssadlogo.png\",\"width\":1080,\"height\":1080,\"caption\":\"BBQ \u00c4ssad\"},\"image\":{\"@id\":\"https:\\\/\\\/bbqassad.ee\\\/fi\\\/#\\\/schema\\\/logo\\\/image\\\/\"},\"sameAs\":[\"https:\\\/\\\/www.facebook.com\\\/bbqassad\",\"https:\\\/\\\/www.youtube.com\\\/channel\\\/UCsoufn49J6TVi9Ah9meE93w\"]}]}<\/script>\n<!-- \/ Yoast SEO plugin. -->","yoast_head_json":{"title":"Gateway Drum savustimien l\u00e4mp\u00f6annostelija - BBQ \u00c4ssad%","description":"Gateway Drum Smokersin l\u00e4mm\u00f6nvaihdin on ihanteellinen valinta grillaukseen ja savustukseen. Kysy saatavuutta ja tutustu grillausvaihtoehtoihin.","robots":{"index":"index","follow":"follow","max-snippet":"max-snippet:-1","max-image-preview":"max-image-preview:large","max-video-preview":"max-video-preview:-1"},"canonical":"https:\/\/bbqassad.ee\/fi\/toode\/gateway-drum-savustimet-lampo-diffuusori\/","og_locale":"fi_FI","og_type":"article","og_title":"Gateway Drum savustimien l\u00e4mp\u00f6annostelija - BBQ \u00c4ssad%","og_description":"Gateway Drum Smokersin l\u00e4mm\u00f6nvaihdin on ihanteellinen valinta grillaukseen ja savustukseen. Kysy saatavuutta ja tutustu grillausvaihtoehtoihin.","og_url":"https:\/\/bbqassad.ee\/fi\/toode\/gateway-drum-savustimet-lampo-diffuusori\/","og_site_name":"BBQ \u00c4ssad","article_publisher":"https:\/\/www.facebook.com\/bbqassad","article_modified_time":"2026-04-14T06:33:24+00:00","og_image":[{"url":"https:\/\/bbqassad.ee\/wp-content\/uploads\/2023\/10\/diffuse-plate.png","type":"","width":"","height":""}],"twitter_card":"summary_large_image","twitter_title":"Gateway Drum savustimien l\u00e4mp\u00f6annostelija - BBQ \u00c4ssad%","twitter_description":"Gateway Drum Smokersin l\u00e4mm\u00f6nvaihdin on ihanteellinen valinta grillaukseen ja savustukseen. Kysy saatavuutta ja tutustu grillausvaihtoehtoihin.","twitter_image":"https:\/\/bbqassad.ee\/wp-content\/uploads\/2023\/10\/diffuse-plate.png","schema":{"@context":"https:\/\/schema.org","@graph":[{"@type":"WebPage","@id":"https:\/\/bbqassad.ee\/fi\/toode\/gateway-drum-savustimet-lampo-diffuusori\/","url":"https:\/\/bbqassad.ee\/fi\/toode\/gateway-drum-savustimet-lampo-diffuusori\/","name":"Gateway Drum savustimien l\u00e4mp\u00f6annostelija - BBQ \u00c4ssad%","isPartOf":{"@id":"https:\/\/bbqassad.ee\/fi\/#website"},"primaryImageOfPage":{"@id":"https:\/\/bbqassad.ee\/fi\/toode\/gateway-drum-savustimet-lampo-diffuusori\/#primaryimage"},"image":{"@id":"https:\/\/bbqassad.ee\/fi\/toode\/gateway-drum-savustimet-lampo-diffuusori\/#primaryimage"},"thumbnailUrl":"https:\/\/bbqassad.ee\/wp-content\/uploads\/2023\/10\/diffuse-plate.png","datePublished":"2023-10-06T08:15:24+00:00","dateModified":"2026-04-14T06:33:24+00:00","description":"Gateway Drum Smokersin l\u00e4mm\u00f6nvaihdin on ihanteellinen valinta grillaukseen ja savustukseen. Kysy saatavuutta ja tutustu grillausvaihtoehtoihin.","breadcrumb":{"@id":"https:\/\/bbqassad.ee\/fi\/toode\/gateway-drum-savustimet-lampo-diffuusori\/#breadcrumb"},"inLanguage":"fi","potentialAction":[{"@type":"ReadAction","target":["https:\/\/bbqassad.ee\/fi\/toode\/gateway-drum-savustimet-lampo-diffuusori\/"]}]},{"@type":"ImageObject","inLanguage":"fi","@id":"https:\/\/bbqassad.ee\/fi\/toode\/gateway-drum-savustimet-lampo-diffuusori\/#primaryimage","url":"https:\/\/bbqassad.ee\/wp-content\/uploads\/2023\/10\/diffuse-plate.png","contentUrl":"https:\/\/bbqassad.ee\/wp-content\/uploads\/2023\/10\/diffuse-plate.png","width":540,"height":360},{"@type":"BreadcrumbList","@id":"https:\/\/bbqassad.ee\/fi\/toode\/gateway-drum-savustimet-lampo-diffuusori\/#breadcrumb","itemListElement":[{"@type":"ListItem","position":1,"name":"Home","item":"https:\/\/bbqassad.ee\/fi\/bbq-assat\/"},{"@type":"ListItem","position":2,"name":"Verkkokauppa","item":"https:\/\/bbqassad.ee\/fi\/verkkokauppa\/"},{"@type":"ListItem","position":3,"name":"Gateway Drum savustimet l\u00e4mp\u00f6 diffuusori"}]},{"@type":"WebSite","@id":"https:\/\/bbqassad.ee\/fi\/#website","url":"https:\/\/bbqassad.ee\/fi\/","name":"BBQ \u00c4ssad","description":"BBQ maitseained, kastmed, ahjud","publisher":{"@id":"https:\/\/bbqassad.ee\/fi\/#organization"},"potentialAction":[{"@type":"SearchAction","target":{"@type":"EntryPoint","urlTemplate":"https:\/\/bbqassad.ee\/fi\/?s={search_term_string}"},"query-input":{"@type":"PropertyValueSpecification","valueRequired":true,"valueName":"search_term_string"}}],"inLanguage":"fi"},{"@type":"Organization","@id":"https:\/\/bbqassad.ee\/fi\/#organization","name":"BBQ \u00c4ssad","url":"https:\/\/bbqassad.ee\/fi\/","logo":{"@type":"ImageObject","inLanguage":"fi","@id":"https:\/\/bbqassad.ee\/fi\/#\/schema\/logo\/image\/","url":"https:\/\/bbqassad.ee\/wp-content\/uploads\/2022\/10\/BBQ-2ssadlogo.png","contentUrl":"https:\/\/bbqassad.ee\/wp-content\/uploads\/2022\/10\/BBQ-2ssadlogo.png","width":1080,"height":1080,"caption":"BBQ \u00c4ssad"},"image":{"@id":"https:\/\/bbqassad.ee\/fi\/#\/schema\/logo\/image\/"},"sameAs":["https:\/\/www.facebook.com\/bbqassad","https:\/\/www.youtube.com\/channel\/UCsoufn49J6TVi9Ah9meE93w"]}]}},"_links":{"self":[{"href":"https:\/\/bbqassad.ee\/fi\/wp-json\/wp\/v2\/product\/22789","targetHints":{"allow":["GET"]}}],"collection":[{"href":"https:\/\/bbqassad.ee\/fi\/wp-json\/wp\/v2\/product"}],"about":[{"href":"https:\/\/bbqassad.ee\/fi\/wp-json\/wp\/v2\/types\/product"}],"replies":[{"embeddable":true,"href":"https:\/\/bbqassad.ee\/fi\/wp-json\/wp\/v2\/comments?post=22789"}],"wp:featuredmedia":[{"embeddable":true,"href":"https:\/\/bbqassad.ee\/fi\/wp-json\/wp\/v2\/media\/3350"}],"wp:attachment":[{"href":"https:\/\/bbqassad.ee\/fi\/wp-json\/wp\/v2\/media?parent=22789"}],"wp:term":[{"taxonomy":"product_brand","embeddable":true,"href":"https:\/\/bbqassad.ee\/fi\/wp-json\/wp\/v2\/product_brand?post=22789"},{"taxonomy":"product_cat","embeddable":true,"href":"https:\/\/bbqassad.ee\/fi\/wp-json\/wp\/v2\/product_cat?post=22789"},{"taxonomy":"product_tag","embeddable":true,"href":"https:\/\/bbqassad.ee\/fi\/wp-json\/wp\/v2\/product_tag?post=22789"}],"curies":[{"name":"wp","href":"https:\/\/api.w.org\/{rel}","templated":true}]}}