{"id":22787,"date":"2023-10-06T08:16:18","date_gmt":"2023-10-06T08:16:18","guid":{"rendered":"https:\/\/bbqassad.ee\/toode\/gateway-drum-ripustussarja\/"},"modified":"2026-04-14T06:33:23","modified_gmt":"2026-04-14T06:33:23","slug":"gateway-drum-ripustussarja","status":"publish","type":"product","link":"https:\/\/bbqassad.ee\/fi\/toode\/gateway-drum-ripustussarja\/","title":{"rendered":"Gateway Drum Ripustussarja"},"content":{"rendered":"<h1>Gateway Drum Ripustussarja<\/h1>\n<p>Gateway Drum Smoker Rib Rip Hanging Kitiss\u00e4 on ainutlaatuinen muotoilu, jossa on kulmikkaat tangot, joiden avulla liha voidaan ripustaa savustimesta pystysuoraan, maksimoida tila ja jakaa paino, jotta voit helposti ripustaa useita kylkiluiden telineit\u00e4 tai jopa mink\u00e4 tahansa muun lihan palan. Kulmikas muotoilu on ensimm\u00e4inen laatuaan markkinoilla, ja sit\u00e4 on saatavana vain Gateway Drum Smokersilta. T\u00e4m\u00e4 kylkiluiden ripustussarja toimii hyvin Gateway Drum Smokersin lis\u00e4ksi my\u00f6s muiden tynnyrien kanssa. Kyljysripustussarja sis\u00e4lt\u00e4\u00e4 t\u00e4yden kulmatangon (2 tankoa) ja 6 koukkua. Koukut voi ostaa erikseen.    <\/p>\n","protected":false},"excerpt":{"rendered":"<p>Kysy saatavuutta.<\/p>\n<p class=\"wpcf7-contact-form-not-found\"><strong>Virhe:<\/strong> Yhteydenottolomaketta ei l\u00f6ytynyt.<\/p>\n","protected":false},"featured_media":3331,"comment_status":"open","ping_status":"closed","template":"","meta":[],"product_brand":[],"product_cat":[781],"product_tag":[],"class_list":{"0":"post-22787","1":"product","2":"type-product","3":"status-publish","4":"has-post-thumbnail","6":"product_cat-uunit","7":"product_shipping_class-ilmainen-toimitus","9":"first","10":"outofstock","11":"taxable","12":"shipping-taxable","13":"purchasable","14":"product-type-simple"},"yoast_head":"<!-- This site is optimized with the Yoast SEO plugin v27.4 - https:\/\/yoast.com\/product\/yoast-seo-wordpress\/ -->\n<title>Gateway Drum Rumpujen ripustussarja - BBQ \u00c4ssad%<\/title>\n<meta name=\"description\" content=\"Gateway Drum -ripustusnauhasarja on t\u00e4ydellinen valinta uuneihin. Tiedustele saatavuutta, jotta varmistat tarpeisiisi sopivan tuotteen.\" \/>\n<meta name=\"robots\" content=\"index, follow, max-snippet:-1, max-image-preview:large, max-video-preview:-1\" \/>\n<link rel=\"canonical\" href=\"https:\/\/bbqassad.ee\/fi\/toode\/gateway-drum-ripustussarja\/\" \/>\n<meta property=\"og:locale\" content=\"fi_FI\" \/>\n<meta property=\"og:type\" content=\"article\" \/>\n<meta property=\"og:title\" content=\"Gateway Drum Rumpujen ripustussarja - BBQ \u00c4ssad%\" \/>\n<meta property=\"og:description\" content=\"Gateway Drum -ripustusnauhasarja on t\u00e4ydellinen valinta uuneihin. Tiedustele saatavuutta, jotta varmistat tarpeisiisi sopivan tuotteen.\" \/>\n<meta property=\"og:url\" content=\"https:\/\/bbqassad.ee\/fi\/toode\/gateway-drum-ripustussarja\/\" \/>\n<meta property=\"og:site_name\" content=\"BBQ \u00c4ssad\" \/>\n<meta property=\"article:publisher\" content=\"https:\/\/www.facebook.com\/bbqassad\" \/>\n<meta property=\"article:modified_time\" content=\"2026-04-14T06:33:23+00:00\" \/>\n<meta property=\"og:image\" content=\"https:\/\/bbqassad.ee\/wp-content\/uploads\/2023\/10\/rib-hanger-kit.jpg\" \/>\n<meta name=\"twitter:card\" content=\"summary_large_image\" \/>\n<meta name=\"twitter:title\" content=\"Gateway Drum Rumpujen ripustussarja - BBQ \u00c4ssad%\" \/>\n<meta name=\"twitter:description\" content=\"Gateway Drum -ripustussarja on ihanteellinen valinta uuneihin. Tiedustele saatavuutta, jotta varmistat tarpeisiisi sopivan tuotteen.\" \/>\n<meta name=\"twitter:image\" content=\"https:\/\/bbqassad.ee\/wp-content\/uploads\/2023\/10\/rib-hanger-kit.jpg\" \/>\n<script type=\"application\/ld+json\" class=\"yoast-schema-graph\">{\"@context\":\"https:\\\/\\\/schema.org\",\"@graph\":[{\"@type\":\"WebPage\",\"@id\":\"https:\\\/\\\/bbqassad.ee\\\/fi\\\/toode\\\/gateway-drum-ripustussarja\\\/\",\"url\":\"https:\\\/\\\/bbqassad.ee\\\/fi\\\/toode\\\/gateway-drum-ripustussarja\\\/\",\"name\":\"Gateway Drum Rumpujen ripustussarja - BBQ \u00c4ssad%\",\"isPartOf\":{\"@id\":\"https:\\\/\\\/bbqassad.ee\\\/fi\\\/#website\"},\"primaryImageOfPage\":{\"@id\":\"https:\\\/\\\/bbqassad.ee\\\/fi\\\/toode\\\/gateway-drum-ripustussarja\\\/#primaryimage\"},\"image\":{\"@id\":\"https:\\\/\\\/bbqassad.ee\\\/fi\\\/toode\\\/gateway-drum-ripustussarja\\\/#primaryimage\"},\"thumbnailUrl\":\"https:\\\/\\\/bbqassad.ee\\\/wp-content\\\/uploads\\\/2023\\\/10\\\/rib-hanger-kit.jpg\",\"datePublished\":\"2023-10-06T08:16:18+00:00\",\"dateModified\":\"2026-04-14T06:33:23+00:00\",\"description\":\"Gateway Drum -ripustusnauhasarja on t\u00e4ydellinen valinta uuneihin. Tiedustele saatavuutta, jotta varmistat tarpeisiisi sopivan tuotteen.\",\"breadcrumb\":{\"@id\":\"https:\\\/\\\/bbqassad.ee\\\/fi\\\/toode\\\/gateway-drum-ripustussarja\\\/#breadcrumb\"},\"inLanguage\":\"fi\",\"potentialAction\":[{\"@type\":\"ReadAction\",\"target\":[\"https:\\\/\\\/bbqassad.ee\\\/fi\\\/toode\\\/gateway-drum-ripustussarja\\\/\"]}]},{\"@type\":\"ImageObject\",\"inLanguage\":\"fi\",\"@id\":\"https:\\\/\\\/bbqassad.ee\\\/fi\\\/toode\\\/gateway-drum-ripustussarja\\\/#primaryimage\",\"url\":\"https:\\\/\\\/bbqassad.ee\\\/wp-content\\\/uploads\\\/2023\\\/10\\\/rib-hanger-kit.jpg\",\"contentUrl\":\"https:\\\/\\\/bbqassad.ee\\\/wp-content\\\/uploads\\\/2023\\\/10\\\/rib-hanger-kit.jpg\",\"width\":400,\"height\":400},{\"@type\":\"BreadcrumbList\",\"@id\":\"https:\\\/\\\/bbqassad.ee\\\/fi\\\/toode\\\/gateway-drum-ripustussarja\\\/#breadcrumb\",\"itemListElement\":[{\"@type\":\"ListItem\",\"position\":1,\"name\":\"Home\",\"item\":\"https:\\\/\\\/bbqassad.ee\\\/fi\\\/bbq-assat\\\/\"},{\"@type\":\"ListItem\",\"position\":2,\"name\":\"Verkkokauppa\",\"item\":\"https:\\\/\\\/bbqassad.ee\\\/fi\\\/verkkokauppa\\\/\"},{\"@type\":\"ListItem\",\"position\":3,\"name\":\"Gateway Drum Ripustussarja\"}]},{\"@type\":\"WebSite\",\"@id\":\"https:\\\/\\\/bbqassad.ee\\\/fi\\\/#website\",\"url\":\"https:\\\/\\\/bbqassad.ee\\\/fi\\\/\",\"name\":\"BBQ \u00c4ssad\",\"description\":\"BBQ maitseained, kastmed, ahjud\",\"publisher\":{\"@id\":\"https:\\\/\\\/bbqassad.ee\\\/fi\\\/#organization\"},\"potentialAction\":[{\"@type\":\"SearchAction\",\"target\":{\"@type\":\"EntryPoint\",\"urlTemplate\":\"https:\\\/\\\/bbqassad.ee\\\/fi\\\/?s={search_term_string}\"},\"query-input\":{\"@type\":\"PropertyValueSpecification\",\"valueRequired\":true,\"valueName\":\"search_term_string\"}}],\"inLanguage\":\"fi\"},{\"@type\":\"Organization\",\"@id\":\"https:\\\/\\\/bbqassad.ee\\\/fi\\\/#organization\",\"name\":\"BBQ \u00c4ssad\",\"url\":\"https:\\\/\\\/bbqassad.ee\\\/fi\\\/\",\"logo\":{\"@type\":\"ImageObject\",\"inLanguage\":\"fi\",\"@id\":\"https:\\\/\\\/bbqassad.ee\\\/fi\\\/#\\\/schema\\\/logo\\\/image\\\/\",\"url\":\"https:\\\/\\\/bbqassad.ee\\\/wp-content\\\/uploads\\\/2022\\\/10\\\/BBQ-2ssadlogo.png\",\"contentUrl\":\"https:\\\/\\\/bbqassad.ee\\\/wp-content\\\/uploads\\\/2022\\\/10\\\/BBQ-2ssadlogo.png\",\"width\":1080,\"height\":1080,\"caption\":\"BBQ \u00c4ssad\"},\"image\":{\"@id\":\"https:\\\/\\\/bbqassad.ee\\\/fi\\\/#\\\/schema\\\/logo\\\/image\\\/\"},\"sameAs\":[\"https:\\\/\\\/www.facebook.com\\\/bbqassad\",\"https:\\\/\\\/www.youtube.com\\\/channel\\\/UCsoufn49J6TVi9Ah9meE93w\"]}]}<\/script>\n<!-- \/ Yoast SEO plugin. -->","yoast_head_json":{"title":"Gateway Drum Rumpujen ripustussarja - BBQ \u00c4ssad%","description":"Gateway Drum -ripustusnauhasarja on t\u00e4ydellinen valinta uuneihin. Tiedustele saatavuutta, jotta varmistat tarpeisiisi sopivan tuotteen.","robots":{"index":"index","follow":"follow","max-snippet":"max-snippet:-1","max-image-preview":"max-image-preview:large","max-video-preview":"max-video-preview:-1"},"canonical":"https:\/\/bbqassad.ee\/fi\/toode\/gateway-drum-ripustussarja\/","og_locale":"fi_FI","og_type":"article","og_title":"Gateway Drum Rumpujen ripustussarja - BBQ \u00c4ssad%","og_description":"Gateway Drum -ripustusnauhasarja on t\u00e4ydellinen valinta uuneihin. Tiedustele saatavuutta, jotta varmistat tarpeisiisi sopivan tuotteen.","og_url":"https:\/\/bbqassad.ee\/fi\/toode\/gateway-drum-ripustussarja\/","og_site_name":"BBQ \u00c4ssad","article_publisher":"https:\/\/www.facebook.com\/bbqassad","article_modified_time":"2026-04-14T06:33:23+00:00","og_image":[{"url":"https:\/\/bbqassad.ee\/wp-content\/uploads\/2023\/10\/rib-hanger-kit.jpg","type":"","width":"","height":""}],"twitter_card":"summary_large_image","twitter_title":"Gateway Drum Rumpujen ripustussarja - BBQ \u00c4ssad%","twitter_description":"Gateway Drum -ripustussarja on ihanteellinen valinta uuneihin. Tiedustele saatavuutta, jotta varmistat tarpeisiisi sopivan tuotteen.","twitter_image":"https:\/\/bbqassad.ee\/wp-content\/uploads\/2023\/10\/rib-hanger-kit.jpg","schema":{"@context":"https:\/\/schema.org","@graph":[{"@type":"WebPage","@id":"https:\/\/bbqassad.ee\/fi\/toode\/gateway-drum-ripustussarja\/","url":"https:\/\/bbqassad.ee\/fi\/toode\/gateway-drum-ripustussarja\/","name":"Gateway Drum Rumpujen ripustussarja - BBQ \u00c4ssad%","isPartOf":{"@id":"https:\/\/bbqassad.ee\/fi\/#website"},"primaryImageOfPage":{"@id":"https:\/\/bbqassad.ee\/fi\/toode\/gateway-drum-ripustussarja\/#primaryimage"},"image":{"@id":"https:\/\/bbqassad.ee\/fi\/toode\/gateway-drum-ripustussarja\/#primaryimage"},"thumbnailUrl":"https:\/\/bbqassad.ee\/wp-content\/uploads\/2023\/10\/rib-hanger-kit.jpg","datePublished":"2023-10-06T08:16:18+00:00","dateModified":"2026-04-14T06:33:23+00:00","description":"Gateway Drum -ripustusnauhasarja on t\u00e4ydellinen valinta uuneihin. Tiedustele saatavuutta, jotta varmistat tarpeisiisi sopivan tuotteen.","breadcrumb":{"@id":"https:\/\/bbqassad.ee\/fi\/toode\/gateway-drum-ripustussarja\/#breadcrumb"},"inLanguage":"fi","potentialAction":[{"@type":"ReadAction","target":["https:\/\/bbqassad.ee\/fi\/toode\/gateway-drum-ripustussarja\/"]}]},{"@type":"ImageObject","inLanguage":"fi","@id":"https:\/\/bbqassad.ee\/fi\/toode\/gateway-drum-ripustussarja\/#primaryimage","url":"https:\/\/bbqassad.ee\/wp-content\/uploads\/2023\/10\/rib-hanger-kit.jpg","contentUrl":"https:\/\/bbqassad.ee\/wp-content\/uploads\/2023\/10\/rib-hanger-kit.jpg","width":400,"height":400},{"@type":"BreadcrumbList","@id":"https:\/\/bbqassad.ee\/fi\/toode\/gateway-drum-ripustussarja\/#breadcrumb","itemListElement":[{"@type":"ListItem","position":1,"name":"Home","item":"https:\/\/bbqassad.ee\/fi\/bbq-assat\/"},{"@type":"ListItem","position":2,"name":"Verkkokauppa","item":"https:\/\/bbqassad.ee\/fi\/verkkokauppa\/"},{"@type":"ListItem","position":3,"name":"Gateway Drum Ripustussarja"}]},{"@type":"WebSite","@id":"https:\/\/bbqassad.ee\/fi\/#website","url":"https:\/\/bbqassad.ee\/fi\/","name":"BBQ \u00c4ssad","description":"BBQ maitseained, kastmed, ahjud","publisher":{"@id":"https:\/\/bbqassad.ee\/fi\/#organization"},"potentialAction":[{"@type":"SearchAction","target":{"@type":"EntryPoint","urlTemplate":"https:\/\/bbqassad.ee\/fi\/?s={search_term_string}"},"query-input":{"@type":"PropertyValueSpecification","valueRequired":true,"valueName":"search_term_string"}}],"inLanguage":"fi"},{"@type":"Organization","@id":"https:\/\/bbqassad.ee\/fi\/#organization","name":"BBQ \u00c4ssad","url":"https:\/\/bbqassad.ee\/fi\/","logo":{"@type":"ImageObject","inLanguage":"fi","@id":"https:\/\/bbqassad.ee\/fi\/#\/schema\/logo\/image\/","url":"https:\/\/bbqassad.ee\/wp-content\/uploads\/2022\/10\/BBQ-2ssadlogo.png","contentUrl":"https:\/\/bbqassad.ee\/wp-content\/uploads\/2022\/10\/BBQ-2ssadlogo.png","width":1080,"height":1080,"caption":"BBQ \u00c4ssad"},"image":{"@id":"https:\/\/bbqassad.ee\/fi\/#\/schema\/logo\/image\/"},"sameAs":["https:\/\/www.facebook.com\/bbqassad","https:\/\/www.youtube.com\/channel\/UCsoufn49J6TVi9Ah9meE93w"]}]}},"_links":{"self":[{"href":"https:\/\/bbqassad.ee\/fi\/wp-json\/wp\/v2\/product\/22787","targetHints":{"allow":["GET"]}}],"collection":[{"href":"https:\/\/bbqassad.ee\/fi\/wp-json\/wp\/v2\/product"}],"about":[{"href":"https:\/\/bbqassad.ee\/fi\/wp-json\/wp\/v2\/types\/product"}],"replies":[{"embeddable":true,"href":"https:\/\/bbqassad.ee\/fi\/wp-json\/wp\/v2\/comments?post=22787"}],"wp:featuredmedia":[{"embeddable":true,"href":"https:\/\/bbqassad.ee\/fi\/wp-json\/wp\/v2\/media\/3331"}],"wp:attachment":[{"href":"https:\/\/bbqassad.ee\/fi\/wp-json\/wp\/v2\/media?parent=22787"}],"wp:term":[{"taxonomy":"product_brand","embeddable":true,"href":"https:\/\/bbqassad.ee\/fi\/wp-json\/wp\/v2\/product_brand?post=22787"},{"taxonomy":"product_cat","embeddable":true,"href":"https:\/\/bbqassad.ee\/fi\/wp-json\/wp\/v2\/product_cat?post=22787"},{"taxonomy":"product_tag","embeddable":true,"href":"https:\/\/bbqassad.ee\/fi\/wp-json\/wp\/v2\/product_tag?post=22787"}],"curies":[{"name":"wp","href":"https:\/\/api.w.org\/{rel}","templated":true}]}}