{"id":22782,"date":"2023-10-06T08:39:28","date_gmt":"2023-10-06T08:39:28","guid":{"rendered":"https:\/\/bbqassad.ee\/toode\/gateway-drum-smoker-matt-hall-2\/"},"modified":"2026-04-14T06:33:23","modified_gmt":"2026-04-14T06:33:23","slug":"gateway-drum-smoker-matt-hall-2","status":"publish","type":"product","link":"https:\/\/bbqassad.ee\/fi\/toode\/gateway-drum-smoker-matt-hall-2\/","title":{"rendered":"Gateway Drum Smoker &#8211; Mattaharmaa"},"content":{"rendered":"<h1>Gateway Drum Smoker &#8211; Matt hall<\/h1>\n<p>Gateway Drum Smoker &#8211; uunit, joita me ja kaikki muut huiput k\u00e4yt\u00e4mme kilpailuissa.<\/p>\n<p>Gateway Drum -savustimet on suunniteltu maksimoimaan lihan maku, kosteus ja mureus. Kypsennys 250F-325F-asteiden v\u00e4lisiss\u00e4 l\u00e4mp\u00f6tiloissa maksimoi haihtumisen ja yhdist\u00e4\u00e4 samalla savun, mik\u00e4 luo voimakkaan pehment\u00e4v\u00e4n vaikutuksen ja antaa sinulle haluamasi grillin maun, jota muut keittimet eiv\u00e4t anna. Saadaksesi parhaat tulokset t\u00e4ll\u00e4 piipulla, ota omaksesi uusi grillaustapa &#8211; QUIET AND HOT. Saadaksesi parhaat tulokset kuumana ja nopeasti, tarvitset Gateway Drum Smoker\u00ae -tynnyrinsavustimen.<br \/>\nKolme grillaustasoa<br \/>\nTer\u00e4ksinen grilliritil\u00e4 (yksi mukana, suosittelemme tilaamaan yhden ylim\u00e4\u00e4r\u00e4isen)<br \/>\nSuurikokoinen irrotettava tulisija<br \/>\nKannen koukku kannen sis\u00e4puolella<br \/>\nKiinte\u00e4 keskell\u00e4 oleva 3&#8243; l\u00e4mp\u00f6mittari 50\u00b0F &#8211; 500\u00b0F<br \/>\nKaksi hitsattua, ilmans\u00e4\u00e4t\u00f6inen tuloaukko<br \/>\nS\u00e4\u00e4dett\u00e4v\u00e4 savupiippu<br \/>\nKaksi hitsattua ter\u00e4skahvaa<br \/>\nT\u00e4ysin koottu<br \/>\nIrrotettava py\u00f6r\u00e4sarja (ei ole kiinnitetty, on asetettava alas itse)<br \/>\nK\u00e4ytt\u00f6ohjeet K\u00e4ytt\u00f6ohjeet   <\/p>\n","protected":false},"excerpt":{"rendered":"<p>Kysy saatavuutta.<\/p>\n<p class=\"wpcf7-contact-form-not-found\"><strong>Virhe:<\/strong> Yhteydenottolomaketta ei l\u00f6ytynyt.<\/p>\n","protected":false},"featured_media":22890,"comment_status":"open","ping_status":"closed","template":"","meta":[],"product_brand":[],"product_cat":[781],"product_tag":[],"class_list":{"0":"post-22782","1":"product","2":"type-product","3":"status-publish","4":"has-post-thumbnail","6":"product_cat-uunit","7":"product_shipping_class-ilmainen-toimitus","9":"first","10":"outofstock","11":"taxable","12":"shipping-taxable","13":"purchasable","14":"product-type-simple"},"yoast_head":"<!-- This site is optimized with the Yoast SEO plugin v27.4 - https:\/\/yoast.com\/product\/yoast-seo-wordpress\/ -->\n<title>Gateway Drum Smoker - Matt Hall - BBQ \u00c4ssad%<\/title>\n<meta name=\"description\" content=\"Gateway Drum Smoker on ihanteellinen valinta grillaamiseen ja savustamiseen. T\u00e4m\u00e4 tuote tarjoaa upean makuel\u00e4myksen ja on suunniteltu kest\u00e4v\u00e4ksi ja tehokkaaksi joko\" \/>\n<meta name=\"robots\" content=\"index, follow, max-snippet:-1, max-image-preview:large, max-video-preview:-1\" \/>\n<link rel=\"canonical\" href=\"https:\/\/bbqassad.ee\/fi\/toode\/gateway-drum-smoker-matt-hall-2\/\" \/>\n<meta property=\"og:locale\" content=\"fi_FI\" \/>\n<meta property=\"og:type\" content=\"article\" \/>\n<meta property=\"og:title\" content=\"Gateway Drum Smoker - Matt Hall - BBQ \u00c4ssad%\" \/>\n<meta property=\"og:description\" content=\"Gateway Drum Smoker on ihanteellinen valinta grillaamiseen ja savustamiseen. T\u00e4m\u00e4 tuote tarjoaa upean makuel\u00e4myksen ja on suunniteltu kest\u00e4v\u00e4ksi ja tehokkaaksi joko\" \/>\n<meta property=\"og:url\" content=\"https:\/\/bbqassad.ee\/fi\/toode\/gateway-drum-smoker-matt-hall-2\/\" \/>\n<meta property=\"og:site_name\" content=\"BBQ \u00c4ssad\" \/>\n<meta property=\"article:publisher\" content=\"https:\/\/www.facebook.com\/bbqassad\" \/>\n<meta property=\"article:modified_time\" content=\"2026-04-14T06:33:23+00:00\" \/>\n<meta property=\"og:image\" content=\"https:\/\/bbqassad.ee\/wp-content\/uploads\/2023\/10\/flat_charcoal.jpg\" \/>\n<meta name=\"twitter:card\" content=\"summary_large_image\" \/>\n<meta name=\"twitter:title\" content=\"Gateway Drum Smoker - Matt Hall - BBQ \u00c4ssad%\" \/>\n<meta name=\"twitter:description\" content=\"Gateway Drum Smoker on ihanteellinen valinta grillaamiseen ja savustamiseen. T\u00e4m\u00e4 tuote tarjoaa upean makuel\u00e4myksen ja on suunniteltu kest\u00e4v\u00e4ksi ja tehokkaaksi joko\" \/>\n<meta name=\"twitter:image\" content=\"https:\/\/bbqassad.ee\/wp-content\/uploads\/2023\/10\/flat_charcoal.jpg\" \/>\n<meta name=\"twitter:label1\" content=\"Arvioitu lukuaika\" \/>\n\t<meta name=\"twitter:data1\" content=\"1 minuutti\" \/>\n<script type=\"application\/ld+json\" class=\"yoast-schema-graph\">{\"@context\":\"https:\\\/\\\/schema.org\",\"@graph\":[{\"@type\":\"WebPage\",\"@id\":\"https:\\\/\\\/bbqassad.ee\\\/fi\\\/toode\\\/gateway-drum-smoker-matt-hall-2\\\/\",\"url\":\"https:\\\/\\\/bbqassad.ee\\\/fi\\\/toode\\\/gateway-drum-smoker-matt-hall-2\\\/\",\"name\":\"Gateway Drum Smoker - Matt Hall - BBQ \u00c4ssad%\",\"isPartOf\":{\"@id\":\"https:\\\/\\\/bbqassad.ee\\\/fi\\\/#website\"},\"primaryImageOfPage\":{\"@id\":\"https:\\\/\\\/bbqassad.ee\\\/fi\\\/toode\\\/gateway-drum-smoker-matt-hall-2\\\/#primaryimage\"},\"image\":{\"@id\":\"https:\\\/\\\/bbqassad.ee\\\/fi\\\/toode\\\/gateway-drum-smoker-matt-hall-2\\\/#primaryimage\"},\"thumbnailUrl\":\"https:\\\/\\\/bbqassad.ee\\\/wp-content\\\/uploads\\\/2023\\\/10\\\/flat_charcoal.jpg\",\"datePublished\":\"2023-10-06T08:39:28+00:00\",\"dateModified\":\"2026-04-14T06:33:23+00:00\",\"description\":\"Gateway Drum Smoker on ihanteellinen valinta grillaamiseen ja savustamiseen. T\u00e4m\u00e4 tuote tarjoaa upean makuel\u00e4myksen ja on suunniteltu kest\u00e4v\u00e4ksi ja tehokkaaksi joko\",\"breadcrumb\":{\"@id\":\"https:\\\/\\\/bbqassad.ee\\\/fi\\\/toode\\\/gateway-drum-smoker-matt-hall-2\\\/#breadcrumb\"},\"inLanguage\":\"fi\",\"potentialAction\":[{\"@type\":\"ReadAction\",\"target\":[\"https:\\\/\\\/bbqassad.ee\\\/fi\\\/toode\\\/gateway-drum-smoker-matt-hall-2\\\/\"]}]},{\"@type\":\"ImageObject\",\"inLanguage\":\"fi\",\"@id\":\"https:\\\/\\\/bbqassad.ee\\\/fi\\\/toode\\\/gateway-drum-smoker-matt-hall-2\\\/#primaryimage\",\"url\":\"https:\\\/\\\/bbqassad.ee\\\/wp-content\\\/uploads\\\/2023\\\/10\\\/flat_charcoal.jpg\",\"contentUrl\":\"https:\\\/\\\/bbqassad.ee\\\/wp-content\\\/uploads\\\/2023\\\/10\\\/flat_charcoal.jpg\",\"width\":1281,\"height\":1920},{\"@type\":\"BreadcrumbList\",\"@id\":\"https:\\\/\\\/bbqassad.ee\\\/fi\\\/toode\\\/gateway-drum-smoker-matt-hall-2\\\/#breadcrumb\",\"itemListElement\":[{\"@type\":\"ListItem\",\"position\":1,\"name\":\"Home\",\"item\":\"https:\\\/\\\/bbqassad.ee\\\/fi\\\/bbq-assat\\\/\"},{\"@type\":\"ListItem\",\"position\":2,\"name\":\"Verkkokauppa\",\"item\":\"https:\\\/\\\/bbqassad.ee\\\/fi\\\/verkkokauppa\\\/\"},{\"@type\":\"ListItem\",\"position\":3,\"name\":\"Gateway Drum Smoker &#8211; Mattaharmaa\"}]},{\"@type\":\"WebSite\",\"@id\":\"https:\\\/\\\/bbqassad.ee\\\/fi\\\/#website\",\"url\":\"https:\\\/\\\/bbqassad.ee\\\/fi\\\/\",\"name\":\"BBQ \u00c4ssad\",\"description\":\"BBQ maitseained, kastmed, ahjud\",\"publisher\":{\"@id\":\"https:\\\/\\\/bbqassad.ee\\\/fi\\\/#organization\"},\"potentialAction\":[{\"@type\":\"SearchAction\",\"target\":{\"@type\":\"EntryPoint\",\"urlTemplate\":\"https:\\\/\\\/bbqassad.ee\\\/fi\\\/?s={search_term_string}\"},\"query-input\":{\"@type\":\"PropertyValueSpecification\",\"valueRequired\":true,\"valueName\":\"search_term_string\"}}],\"inLanguage\":\"fi\"},{\"@type\":\"Organization\",\"@id\":\"https:\\\/\\\/bbqassad.ee\\\/fi\\\/#organization\",\"name\":\"BBQ \u00c4ssad\",\"url\":\"https:\\\/\\\/bbqassad.ee\\\/fi\\\/\",\"logo\":{\"@type\":\"ImageObject\",\"inLanguage\":\"fi\",\"@id\":\"https:\\\/\\\/bbqassad.ee\\\/fi\\\/#\\\/schema\\\/logo\\\/image\\\/\",\"url\":\"https:\\\/\\\/bbqassad.ee\\\/wp-content\\\/uploads\\\/2022\\\/10\\\/BBQ-2ssadlogo.png\",\"contentUrl\":\"https:\\\/\\\/bbqassad.ee\\\/wp-content\\\/uploads\\\/2022\\\/10\\\/BBQ-2ssadlogo.png\",\"width\":1080,\"height\":1080,\"caption\":\"BBQ \u00c4ssad\"},\"image\":{\"@id\":\"https:\\\/\\\/bbqassad.ee\\\/fi\\\/#\\\/schema\\\/logo\\\/image\\\/\"},\"sameAs\":[\"https:\\\/\\\/www.facebook.com\\\/bbqassad\",\"https:\\\/\\\/www.youtube.com\\\/channel\\\/UCsoufn49J6TVi9Ah9meE93w\"]}]}<\/script>\n<!-- \/ Yoast SEO plugin. -->","yoast_head_json":{"title":"Gateway Drum Smoker - Matt Hall - BBQ \u00c4ssad%","description":"Gateway Drum Smoker on ihanteellinen valinta grillaamiseen ja savustamiseen. T\u00e4m\u00e4 tuote tarjoaa upean makuel\u00e4myksen ja on suunniteltu kest\u00e4v\u00e4ksi ja tehokkaaksi joko","robots":{"index":"index","follow":"follow","max-snippet":"max-snippet:-1","max-image-preview":"max-image-preview:large","max-video-preview":"max-video-preview:-1"},"canonical":"https:\/\/bbqassad.ee\/fi\/toode\/gateway-drum-smoker-matt-hall-2\/","og_locale":"fi_FI","og_type":"article","og_title":"Gateway Drum Smoker - Matt Hall - BBQ \u00c4ssad%","og_description":"Gateway Drum Smoker on ihanteellinen valinta grillaamiseen ja savustamiseen. T\u00e4m\u00e4 tuote tarjoaa upean makuel\u00e4myksen ja on suunniteltu kest\u00e4v\u00e4ksi ja tehokkaaksi joko","og_url":"https:\/\/bbqassad.ee\/fi\/toode\/gateway-drum-smoker-matt-hall-2\/","og_site_name":"BBQ \u00c4ssad","article_publisher":"https:\/\/www.facebook.com\/bbqassad","article_modified_time":"2026-04-14T06:33:23+00:00","og_image":[{"url":"https:\/\/bbqassad.ee\/wp-content\/uploads\/2023\/10\/flat_charcoal.jpg","type":"","width":"","height":""}],"twitter_card":"summary_large_image","twitter_title":"Gateway Drum Smoker - Matt Hall - BBQ \u00c4ssad%","twitter_description":"Gateway Drum Smoker on ihanteellinen valinta grillaamiseen ja savustamiseen. T\u00e4m\u00e4 tuote tarjoaa upean makuel\u00e4myksen ja on suunniteltu kest\u00e4v\u00e4ksi ja tehokkaaksi joko","twitter_image":"https:\/\/bbqassad.ee\/wp-content\/uploads\/2023\/10\/flat_charcoal.jpg","twitter_misc":{"Arvioitu lukuaika":"1 minuutti"},"schema":{"@context":"https:\/\/schema.org","@graph":[{"@type":"WebPage","@id":"https:\/\/bbqassad.ee\/fi\/toode\/gateway-drum-smoker-matt-hall-2\/","url":"https:\/\/bbqassad.ee\/fi\/toode\/gateway-drum-smoker-matt-hall-2\/","name":"Gateway Drum Smoker - Matt Hall - BBQ \u00c4ssad%","isPartOf":{"@id":"https:\/\/bbqassad.ee\/fi\/#website"},"primaryImageOfPage":{"@id":"https:\/\/bbqassad.ee\/fi\/toode\/gateway-drum-smoker-matt-hall-2\/#primaryimage"},"image":{"@id":"https:\/\/bbqassad.ee\/fi\/toode\/gateway-drum-smoker-matt-hall-2\/#primaryimage"},"thumbnailUrl":"https:\/\/bbqassad.ee\/wp-content\/uploads\/2023\/10\/flat_charcoal.jpg","datePublished":"2023-10-06T08:39:28+00:00","dateModified":"2026-04-14T06:33:23+00:00","description":"Gateway Drum Smoker on ihanteellinen valinta grillaamiseen ja savustamiseen. T\u00e4m\u00e4 tuote tarjoaa upean makuel\u00e4myksen ja on suunniteltu kest\u00e4v\u00e4ksi ja tehokkaaksi joko","breadcrumb":{"@id":"https:\/\/bbqassad.ee\/fi\/toode\/gateway-drum-smoker-matt-hall-2\/#breadcrumb"},"inLanguage":"fi","potentialAction":[{"@type":"ReadAction","target":["https:\/\/bbqassad.ee\/fi\/toode\/gateway-drum-smoker-matt-hall-2\/"]}]},{"@type":"ImageObject","inLanguage":"fi","@id":"https:\/\/bbqassad.ee\/fi\/toode\/gateway-drum-smoker-matt-hall-2\/#primaryimage","url":"https:\/\/bbqassad.ee\/wp-content\/uploads\/2023\/10\/flat_charcoal.jpg","contentUrl":"https:\/\/bbqassad.ee\/wp-content\/uploads\/2023\/10\/flat_charcoal.jpg","width":1281,"height":1920},{"@type":"BreadcrumbList","@id":"https:\/\/bbqassad.ee\/fi\/toode\/gateway-drum-smoker-matt-hall-2\/#breadcrumb","itemListElement":[{"@type":"ListItem","position":1,"name":"Home","item":"https:\/\/bbqassad.ee\/fi\/bbq-assat\/"},{"@type":"ListItem","position":2,"name":"Verkkokauppa","item":"https:\/\/bbqassad.ee\/fi\/verkkokauppa\/"},{"@type":"ListItem","position":3,"name":"Gateway Drum Smoker &#8211; Mattaharmaa"}]},{"@type":"WebSite","@id":"https:\/\/bbqassad.ee\/fi\/#website","url":"https:\/\/bbqassad.ee\/fi\/","name":"BBQ \u00c4ssad","description":"BBQ maitseained, kastmed, ahjud","publisher":{"@id":"https:\/\/bbqassad.ee\/fi\/#organization"},"potentialAction":[{"@type":"SearchAction","target":{"@type":"EntryPoint","urlTemplate":"https:\/\/bbqassad.ee\/fi\/?s={search_term_string}"},"query-input":{"@type":"PropertyValueSpecification","valueRequired":true,"valueName":"search_term_string"}}],"inLanguage":"fi"},{"@type":"Organization","@id":"https:\/\/bbqassad.ee\/fi\/#organization","name":"BBQ \u00c4ssad","url":"https:\/\/bbqassad.ee\/fi\/","logo":{"@type":"ImageObject","inLanguage":"fi","@id":"https:\/\/bbqassad.ee\/fi\/#\/schema\/logo\/image\/","url":"https:\/\/bbqassad.ee\/wp-content\/uploads\/2022\/10\/BBQ-2ssadlogo.png","contentUrl":"https:\/\/bbqassad.ee\/wp-content\/uploads\/2022\/10\/BBQ-2ssadlogo.png","width":1080,"height":1080,"caption":"BBQ \u00c4ssad"},"image":{"@id":"https:\/\/bbqassad.ee\/fi\/#\/schema\/logo\/image\/"},"sameAs":["https:\/\/www.facebook.com\/bbqassad","https:\/\/www.youtube.com\/channel\/UCsoufn49J6TVi9Ah9meE93w"]}]}},"_links":{"self":[{"href":"https:\/\/bbqassad.ee\/fi\/wp-json\/wp\/v2\/product\/22782","targetHints":{"allow":["GET"]}}],"collection":[{"href":"https:\/\/bbqassad.ee\/fi\/wp-json\/wp\/v2\/product"}],"about":[{"href":"https:\/\/bbqassad.ee\/fi\/wp-json\/wp\/v2\/types\/product"}],"replies":[{"embeddable":true,"href":"https:\/\/bbqassad.ee\/fi\/wp-json\/wp\/v2\/comments?post=22782"}],"wp:featuredmedia":[{"embeddable":true,"href":"https:\/\/bbqassad.ee\/fi\/wp-json\/wp\/v2\/media\/22890"}],"wp:attachment":[{"href":"https:\/\/bbqassad.ee\/fi\/wp-json\/wp\/v2\/media?parent=22782"}],"wp:term":[{"taxonomy":"product_brand","embeddable":true,"href":"https:\/\/bbqassad.ee\/fi\/wp-json\/wp\/v2\/product_brand?post=22782"},{"taxonomy":"product_cat","embeddable":true,"href":"https:\/\/bbqassad.ee\/fi\/wp-json\/wp\/v2\/product_cat?post=22782"},{"taxonomy":"product_tag","embeddable":true,"href":"https:\/\/bbqassad.ee\/fi\/wp-json\/wp\/v2\/product_tag?post=22782"}],"curies":[{"name":"wp","href":"https:\/\/api.w.org\/{rel}","templated":true}]}}