{"id":22770,"date":"2023-10-09T09:13:05","date_gmt":"2023-10-09T09:13:05","guid":{"rendered":"https:\/\/bbqassad.ee\/toode\/grillgrate-sarja-camadosille\/"},"modified":"2026-04-14T06:33:22","modified_gmt":"2026-04-14T06:33:22","slug":"grillgrate-sarja-camadosille","status":"publish","type":"product","link":"https:\/\/bbqassad.ee\/fi\/toode\/grillgrate-sarja-camadosille\/","title":{"rendered":"GrillGrate-sarja Kamadoille"},"content":{"rendered":"<h1>GrillGrate-sarja Camadosille<\/h1>\n<p>GrillGrate-grilliritil\u00e4sarja tulisijoille koostuu kolmesta elementist\u00e4, joiden leveys on 13 cm ja pituus 35 cm ja joiden kulma on ihanteellinen grilleille, joiden sis\u00e4halkaisija on 46-49 cm.<\/p>\n<p>Tee lihasta kaunista ja raidallista grillaamalla se GrillGrate-ritil\u00f6ill\u00e4. Suurena plussana on se, ett\u00e4 vaikka liekki ritil\u00f6iden alla olisi kuinka suuri tahansa, se ei tule l\u00e4pi ja polta lihaa mustaksi. Ritil\u00f6iss\u00e4 on kuitenkin pieni\u00e4 reiki\u00e4, joiden kautta rasva p\u00e4\u00e4see valumaan tuleen ja luo mukavan tuoksun. Erityinen alumiiniseoksesta valmistettu grilliritil\u00e4 kuumenee pintal\u00e4mp\u00f6tilaltaan 30 % tavallista grilliritil\u00e4\u00e4 kuumemmaksi. Hyv\u00e4n l\u00e4mm\u00f6njohtokyvyn ansiosta koko grilli pysyy tasaisessa l\u00e4mp\u00f6tilassa.    <\/p>\n<p>GrillGrate on my\u00f6s lis\u00e4nnyt erityisen &#8221;haarukan&#8221;, jolla liha nostetaan ritil\u00f6iden v\u00e4liin.<\/p>\n<p>Sarjaan kuuluu kolmiosainen GrillGrate-alumiiniseosgrilliritil\u00e4 ja &#8221;haarukka&#8221; GrillGrate-grilliritil\u00e4\u00e4 varten lihan nostamiseksi.<\/p>\n","protected":false},"excerpt":{"rendered":"<p>GrillGrate-sarja Camadosille GrillGrate-grilliritil\u00e4sarja tulisijoille koostuu kolmesta elementist\u00e4, joiden leveys on 13 cm ja pituus 35 cm ja joiden kulma on ihanteellinen grilleille, joiden sis\u00e4halkaisija on 46-49 cm. Tee lihasta kaunista ja raidallista grillaamalla se GrillGrate-ritil\u00f6ill\u00e4. Suurena plussana on se, ett\u00e4 vaikka liekki ritil\u00f6iden alla olisi kuinka suuri tahansa, se ei tule l\u00e4pi ja polta lihaa [&#8230;]\n","protected":false},"featured_media":22775,"comment_status":"open","ping_status":"closed","template":"","meta":[],"product_brand":[771],"product_cat":[816,784],"product_tag":[],"class_list":{"0":"post-22770","1":"product","2":"type-product","3":"status-publish","4":"has-post-thumbnail","6":"product_brand-grillgrate","7":"product_cat-kamado-grillien-tarvikkeet","8":"product_cat-tarvikkeet","9":"product_shipping_class-ilmainen-toimitus","11":"first","12":"instock","13":"taxable","14":"shipping-taxable","15":"purchasable","16":"product-type-simple"},"yoast_head":"<!-- This site is optimized with the Yoast SEO plugin v27.4 - https:\/\/yoast.com\/product\/yoast-seo-wordpress\/ -->\n<title>GrillGrate-sarja Camadosille - BBQ \u00c4ssad %<\/title>\n<meta name=\"description\" content=\"GrillGrate-sarja on ihanteellinen lis\u00e4varuste Kamado-uuneihin tasaisen l\u00e4mm\u00f6n ja herkullisten grillaustulosten saavuttamiseksi. Paranna grillauskokemustasi.\" \/>\n<meta name=\"robots\" content=\"index, follow, max-snippet:-1, max-image-preview:large, max-video-preview:-1\" \/>\n<link rel=\"canonical\" href=\"https:\/\/bbqassad.ee\/fi\/toode\/grillgrate-sarja-camadosille\/\" \/>\n<meta property=\"og:locale\" content=\"fi_FI\" \/>\n<meta property=\"og:type\" content=\"article\" \/>\n<meta property=\"og:title\" content=\"GrillGrate-sarja Camadosille - BBQ \u00c4ssad %\" \/>\n<meta property=\"og:description\" content=\"GrillGrate-sarja on ihanteellinen lis\u00e4varuste Kamado-uuneihin tasaisen l\u00e4mm\u00f6n ja herkullisten grillaustulosten saavuttamiseksi. Paranna grillauskokemustasi.\" \/>\n<meta property=\"og:url\" content=\"https:\/\/bbqassad.ee\/fi\/toode\/grillgrate-sarja-camadosille\/\" \/>\n<meta property=\"og:site_name\" content=\"BBQ \u00c4ssad\" \/>\n<meta property=\"article:publisher\" content=\"https:\/\/www.facebook.com\/bbqassad\" \/>\n<meta property=\"article:modified_time\" content=\"2026-04-14T06:33:22+00:00\" \/>\n<meta property=\"og:image\" content=\"https:\/\/bbqassad.ee\/wp-content\/uploads\/2023\/10\/IMG_6102.jpg\" \/>\n<meta name=\"twitter:card\" content=\"summary_large_image\" \/>\n<meta name=\"twitter:title\" content=\"GrillGrate-sarja Camadosille - BBQ \u00c4ssad%\" \/>\n<meta name=\"twitter:description\" content=\"GrillGrate-sarja on ihanteellinen lis\u00e4varuste Kamado-uuneihin tasaisen l\u00e4mm\u00f6n ja herkullisten grillaustulosten saavuttamiseksi. Paranna grillauskokemustasi.\" \/>\n<meta name=\"twitter:image\" content=\"https:\/\/bbqassad.ee\/wp-content\/uploads\/2023\/10\/IMG_6102.jpg\" \/>\n<meta name=\"twitter:label1\" content=\"Arvioitu lukuaika\" \/>\n\t<meta name=\"twitter:data1\" content=\"1 minuutti\" \/>\n<script type=\"application\/ld+json\" class=\"yoast-schema-graph\">{\"@context\":\"https:\\\/\\\/schema.org\",\"@graph\":[{\"@type\":\"WebPage\",\"@id\":\"https:\\\/\\\/bbqassad.ee\\\/fi\\\/toode\\\/grillgrate-sarja-camadosille\\\/\",\"url\":\"https:\\\/\\\/bbqassad.ee\\\/fi\\\/toode\\\/grillgrate-sarja-camadosille\\\/\",\"name\":\"GrillGrate-sarja Camadosille - BBQ \u00c4ssad %\",\"isPartOf\":{\"@id\":\"https:\\\/\\\/bbqassad.ee\\\/fi\\\/#website\"},\"primaryImageOfPage\":{\"@id\":\"https:\\\/\\\/bbqassad.ee\\\/fi\\\/toode\\\/grillgrate-sarja-camadosille\\\/#primaryimage\"},\"image\":{\"@id\":\"https:\\\/\\\/bbqassad.ee\\\/fi\\\/toode\\\/grillgrate-sarja-camadosille\\\/#primaryimage\"},\"thumbnailUrl\":\"https:\\\/\\\/bbqassad.ee\\\/wp-content\\\/uploads\\\/2023\\\/10\\\/IMG_6102.jpg\",\"datePublished\":\"2023-10-09T09:13:05+00:00\",\"dateModified\":\"2026-04-14T06:33:22+00:00\",\"description\":\"GrillGrate-sarja on ihanteellinen lis\u00e4varuste Kamado-uuneihin tasaisen l\u00e4mm\u00f6n ja herkullisten grillaustulosten saavuttamiseksi. Paranna grillauskokemustasi.\",\"breadcrumb\":{\"@id\":\"https:\\\/\\\/bbqassad.ee\\\/fi\\\/toode\\\/grillgrate-sarja-camadosille\\\/#breadcrumb\"},\"inLanguage\":\"fi\",\"potentialAction\":[{\"@type\":\"ReadAction\",\"target\":[\"https:\\\/\\\/bbqassad.ee\\\/fi\\\/toode\\\/grillgrate-sarja-camadosille\\\/\"]}]},{\"@type\":\"ImageObject\",\"inLanguage\":\"fi\",\"@id\":\"https:\\\/\\\/bbqassad.ee\\\/fi\\\/toode\\\/grillgrate-sarja-camadosille\\\/#primaryimage\",\"url\":\"https:\\\/\\\/bbqassad.ee\\\/wp-content\\\/uploads\\\/2023\\\/10\\\/IMG_6102.jpg\",\"contentUrl\":\"https:\\\/\\\/bbqassad.ee\\\/wp-content\\\/uploads\\\/2023\\\/10\\\/IMG_6102.jpg\",\"width\":1440,\"height\":1920},{\"@type\":\"BreadcrumbList\",\"@id\":\"https:\\\/\\\/bbqassad.ee\\\/fi\\\/toode\\\/grillgrate-sarja-camadosille\\\/#breadcrumb\",\"itemListElement\":[{\"@type\":\"ListItem\",\"position\":1,\"name\":\"Home\",\"item\":\"https:\\\/\\\/bbqassad.ee\\\/fi\\\/bbq-assat\\\/\"},{\"@type\":\"ListItem\",\"position\":2,\"name\":\"Verkkokauppa\",\"item\":\"https:\\\/\\\/bbqassad.ee\\\/fi\\\/verkkokauppa\\\/\"},{\"@type\":\"ListItem\",\"position\":3,\"name\":\"GrillGrate-sarja Kamadoille\"}]},{\"@type\":\"WebSite\",\"@id\":\"https:\\\/\\\/bbqassad.ee\\\/fi\\\/#website\",\"url\":\"https:\\\/\\\/bbqassad.ee\\\/fi\\\/\",\"name\":\"BBQ \u00c4ssad\",\"description\":\"BBQ maitseained, kastmed, ahjud\",\"publisher\":{\"@id\":\"https:\\\/\\\/bbqassad.ee\\\/fi\\\/#organization\"},\"potentialAction\":[{\"@type\":\"SearchAction\",\"target\":{\"@type\":\"EntryPoint\",\"urlTemplate\":\"https:\\\/\\\/bbqassad.ee\\\/fi\\\/?s={search_term_string}\"},\"query-input\":{\"@type\":\"PropertyValueSpecification\",\"valueRequired\":true,\"valueName\":\"search_term_string\"}}],\"inLanguage\":\"fi\"},{\"@type\":\"Organization\",\"@id\":\"https:\\\/\\\/bbqassad.ee\\\/fi\\\/#organization\",\"name\":\"BBQ \u00c4ssad\",\"url\":\"https:\\\/\\\/bbqassad.ee\\\/fi\\\/\",\"logo\":{\"@type\":\"ImageObject\",\"inLanguage\":\"fi\",\"@id\":\"https:\\\/\\\/bbqassad.ee\\\/fi\\\/#\\\/schema\\\/logo\\\/image\\\/\",\"url\":\"https:\\\/\\\/bbqassad.ee\\\/wp-content\\\/uploads\\\/2022\\\/10\\\/BBQ-2ssadlogo.png\",\"contentUrl\":\"https:\\\/\\\/bbqassad.ee\\\/wp-content\\\/uploads\\\/2022\\\/10\\\/BBQ-2ssadlogo.png\",\"width\":1080,\"height\":1080,\"caption\":\"BBQ \u00c4ssad\"},\"image\":{\"@id\":\"https:\\\/\\\/bbqassad.ee\\\/fi\\\/#\\\/schema\\\/logo\\\/image\\\/\"},\"sameAs\":[\"https:\\\/\\\/www.facebook.com\\\/bbqassad\",\"https:\\\/\\\/www.youtube.com\\\/channel\\\/UCsoufn49J6TVi9Ah9meE93w\"]}]}<\/script>\n<!-- \/ Yoast SEO plugin. -->","yoast_head_json":{"title":"GrillGrate-sarja Camadosille - BBQ \u00c4ssad %","description":"GrillGrate-sarja on ihanteellinen lis\u00e4varuste Kamado-uuneihin tasaisen l\u00e4mm\u00f6n ja herkullisten grillaustulosten saavuttamiseksi. Paranna grillauskokemustasi.","robots":{"index":"index","follow":"follow","max-snippet":"max-snippet:-1","max-image-preview":"max-image-preview:large","max-video-preview":"max-video-preview:-1"},"canonical":"https:\/\/bbqassad.ee\/fi\/toode\/grillgrate-sarja-camadosille\/","og_locale":"fi_FI","og_type":"article","og_title":"GrillGrate-sarja Camadosille - BBQ \u00c4ssad %","og_description":"GrillGrate-sarja on ihanteellinen lis\u00e4varuste Kamado-uuneihin tasaisen l\u00e4mm\u00f6n ja herkullisten grillaustulosten saavuttamiseksi. Paranna grillauskokemustasi.","og_url":"https:\/\/bbqassad.ee\/fi\/toode\/grillgrate-sarja-camadosille\/","og_site_name":"BBQ \u00c4ssad","article_publisher":"https:\/\/www.facebook.com\/bbqassad","article_modified_time":"2026-04-14T06:33:22+00:00","og_image":[{"url":"https:\/\/bbqassad.ee\/wp-content\/uploads\/2023\/10\/IMG_6102.jpg","type":"","width":"","height":""}],"twitter_card":"summary_large_image","twitter_title":"GrillGrate-sarja Camadosille - BBQ \u00c4ssad%","twitter_description":"GrillGrate-sarja on ihanteellinen lis\u00e4varuste Kamado-uuneihin tasaisen l\u00e4mm\u00f6n ja herkullisten grillaustulosten saavuttamiseksi. Paranna grillauskokemustasi.","twitter_image":"https:\/\/bbqassad.ee\/wp-content\/uploads\/2023\/10\/IMG_6102.jpg","twitter_misc":{"Arvioitu lukuaika":"1 minuutti"},"schema":{"@context":"https:\/\/schema.org","@graph":[{"@type":"WebPage","@id":"https:\/\/bbqassad.ee\/fi\/toode\/grillgrate-sarja-camadosille\/","url":"https:\/\/bbqassad.ee\/fi\/toode\/grillgrate-sarja-camadosille\/","name":"GrillGrate-sarja Camadosille - BBQ \u00c4ssad %","isPartOf":{"@id":"https:\/\/bbqassad.ee\/fi\/#website"},"primaryImageOfPage":{"@id":"https:\/\/bbqassad.ee\/fi\/toode\/grillgrate-sarja-camadosille\/#primaryimage"},"image":{"@id":"https:\/\/bbqassad.ee\/fi\/toode\/grillgrate-sarja-camadosille\/#primaryimage"},"thumbnailUrl":"https:\/\/bbqassad.ee\/wp-content\/uploads\/2023\/10\/IMG_6102.jpg","datePublished":"2023-10-09T09:13:05+00:00","dateModified":"2026-04-14T06:33:22+00:00","description":"GrillGrate-sarja on ihanteellinen lis\u00e4varuste Kamado-uuneihin tasaisen l\u00e4mm\u00f6n ja herkullisten grillaustulosten saavuttamiseksi. Paranna grillauskokemustasi.","breadcrumb":{"@id":"https:\/\/bbqassad.ee\/fi\/toode\/grillgrate-sarja-camadosille\/#breadcrumb"},"inLanguage":"fi","potentialAction":[{"@type":"ReadAction","target":["https:\/\/bbqassad.ee\/fi\/toode\/grillgrate-sarja-camadosille\/"]}]},{"@type":"ImageObject","inLanguage":"fi","@id":"https:\/\/bbqassad.ee\/fi\/toode\/grillgrate-sarja-camadosille\/#primaryimage","url":"https:\/\/bbqassad.ee\/wp-content\/uploads\/2023\/10\/IMG_6102.jpg","contentUrl":"https:\/\/bbqassad.ee\/wp-content\/uploads\/2023\/10\/IMG_6102.jpg","width":1440,"height":1920},{"@type":"BreadcrumbList","@id":"https:\/\/bbqassad.ee\/fi\/toode\/grillgrate-sarja-camadosille\/#breadcrumb","itemListElement":[{"@type":"ListItem","position":1,"name":"Home","item":"https:\/\/bbqassad.ee\/fi\/bbq-assat\/"},{"@type":"ListItem","position":2,"name":"Verkkokauppa","item":"https:\/\/bbqassad.ee\/fi\/verkkokauppa\/"},{"@type":"ListItem","position":3,"name":"GrillGrate-sarja Kamadoille"}]},{"@type":"WebSite","@id":"https:\/\/bbqassad.ee\/fi\/#website","url":"https:\/\/bbqassad.ee\/fi\/","name":"BBQ \u00c4ssad","description":"BBQ maitseained, kastmed, ahjud","publisher":{"@id":"https:\/\/bbqassad.ee\/fi\/#organization"},"potentialAction":[{"@type":"SearchAction","target":{"@type":"EntryPoint","urlTemplate":"https:\/\/bbqassad.ee\/fi\/?s={search_term_string}"},"query-input":{"@type":"PropertyValueSpecification","valueRequired":true,"valueName":"search_term_string"}}],"inLanguage":"fi"},{"@type":"Organization","@id":"https:\/\/bbqassad.ee\/fi\/#organization","name":"BBQ \u00c4ssad","url":"https:\/\/bbqassad.ee\/fi\/","logo":{"@type":"ImageObject","inLanguage":"fi","@id":"https:\/\/bbqassad.ee\/fi\/#\/schema\/logo\/image\/","url":"https:\/\/bbqassad.ee\/wp-content\/uploads\/2022\/10\/BBQ-2ssadlogo.png","contentUrl":"https:\/\/bbqassad.ee\/wp-content\/uploads\/2022\/10\/BBQ-2ssadlogo.png","width":1080,"height":1080,"caption":"BBQ \u00c4ssad"},"image":{"@id":"https:\/\/bbqassad.ee\/fi\/#\/schema\/logo\/image\/"},"sameAs":["https:\/\/www.facebook.com\/bbqassad","https:\/\/www.youtube.com\/channel\/UCsoufn49J6TVi9Ah9meE93w"]}]}},"_links":{"self":[{"href":"https:\/\/bbqassad.ee\/fi\/wp-json\/wp\/v2\/product\/22770","targetHints":{"allow":["GET"]}}],"collection":[{"href":"https:\/\/bbqassad.ee\/fi\/wp-json\/wp\/v2\/product"}],"about":[{"href":"https:\/\/bbqassad.ee\/fi\/wp-json\/wp\/v2\/types\/product"}],"replies":[{"embeddable":true,"href":"https:\/\/bbqassad.ee\/fi\/wp-json\/wp\/v2\/comments?post=22770"}],"wp:featuredmedia":[{"embeddable":true,"href":"https:\/\/bbqassad.ee\/fi\/wp-json\/wp\/v2\/media\/22775"}],"wp:attachment":[{"href":"https:\/\/bbqassad.ee\/fi\/wp-json\/wp\/v2\/media?parent=22770"}],"wp:term":[{"taxonomy":"product_brand","embeddable":true,"href":"https:\/\/bbqassad.ee\/fi\/wp-json\/wp\/v2\/product_brand?post=22770"},{"taxonomy":"product_cat","embeddable":true,"href":"https:\/\/bbqassad.ee\/fi\/wp-json\/wp\/v2\/product_cat?post=22770"},{"taxonomy":"product_tag","embeddable":true,"href":"https:\/\/bbqassad.ee\/fi\/wp-json\/wp\/v2\/product_tag?post=22770"}],"curies":[{"name":"wp","href":"https:\/\/api.w.org\/{rel}","templated":true}]}}