{"id":22756,"date":"2023-11-13T08:51:11","date_gmt":"2023-11-13T08:51:11","guid":{"rendered":"https:\/\/bbqassad.ee\/toode\/pitmaster-x-pork-rub-2\/"},"modified":"2026-04-14T06:33:21","modified_gmt":"2026-04-14T06:33:21","slug":"pitmaster-x-pork-rub-2","status":"publish","type":"product","link":"https:\/\/bbqassad.ee\/fi\/toode\/pitmaster-x-pork-rub-2\/","title":{"rendered":"Pitmaster X Pork Rub"},"content":{"rendered":"<div class=\"page\" title=\"Sivu 3\">\n<div class=\"section\">\n<div class=\"layoutArea\">\n<div class=\"column\">\n<h2>Pitmaster X Pork Rub<\/h2>\n<p>Pitmaster X on eritt\u00e4in tunnettu Youtube-kanava, jonka kaikki reseptit on tehty punavalkoisina. Nyt he ovat vihdoin keksineet omia makujaan ja kaatoivat niihin yli 1000 tuntia ty\u00f6t\u00e4. Klassinen porsaanlihan rub mutta ilman sokeria.  <\/p>\n<h3>BBQ Aces kommentti<\/h3>\n<p>Sianlihan hieronta, mutta ei makea.<\/p>\n<h3>Ammattilaisen vinkki<\/h3>\n<p>Vaikka purkissa lukee sika, \u00e4l\u00e4 pelk\u00e4\u00e4 laittaa sit\u00e4 karjalle.<\/p>\n<p>&nbsp;<\/p>\n<\/div>\n<\/div>\n<\/div>\n<\/div>\n","protected":false},"excerpt":{"rendered":"<div class=\"page\" title=\"Sivu 3\">\n<div class=\"section\">\n<div class=\"layoutArea\">\n<div class=\"column\">\n<p>Netto 220 g<br \/>\nAinesosat: suola; savupaprika; kuivattu sipuli; kuivattu valkosipuli; jauhettu neilikka; muskottip\u00e4hkin\u00e4jauhe.<br \/>\nRavintosis\u00e4lt\u00f6 100 g:ssa: energia: 798 kJ\/191 kcal; rasvat 5 g, josta tyydyttyneit\u00e4 rasvahappoja 1,7 g; hiilihydraatit 23 g, josta sokereita 16 g; proteiinit 5,8 g; suola 43 g.<br \/>\nS\u00e4ilyvyys ennen: katso pakkauksesta. Valmistettu Yhdysvalloissa. Maahantuoja: RESACO B.V., Karrewiel 8, 6942 LK Didam. Jakelija Virossa: BBQ Aces O\u00dc www.bbqassad.ee.   <\/p>\n<\/div>\n<\/div>\n<\/div>\n<\/div>\n","protected":false},"featured_media":3783,"comment_status":"open","ping_status":"closed","template":"","meta":[],"product_brand":[],"product_cat":[802],"product_tag":[],"class_list":{"0":"post-22756","1":"product","2":"type-product","3":"status-publish","4":"has-post-thumbnail","6":"product_cat-sekoitukset","8":"first","9":"outofstock","10":"taxable","11":"shipping-taxable","12":"purchasable","13":"product-type-simple"},"yoast_head":"<!-- This site is optimized with the Yoast SEO plugin v27.4 - https:\/\/yoast.com\/product\/yoast-seo-wordpress\/ -->\n<title>Pitmaster X Pork Rub 220 g -% BBQ \u00c4ssad%<\/title>\n<meta name=\"description\" content=\"Pitmaster X Pork Rub on mausteseos, joka sis\u00e4lt\u00e4\u00e4 suolaa, savustettua paprikaa, kuivattua sipulia ja valkosipulia. Valmistettu Amerikassa, 220 g netto.\" \/>\n<meta name=\"robots\" content=\"index, follow, max-snippet:-1, max-image-preview:large, max-video-preview:-1\" \/>\n<link rel=\"canonical\" href=\"https:\/\/bbqassad.ee\/fi\/toode\/pitmaster-x-pork-rub-2\/\" \/>\n<meta property=\"og:locale\" content=\"fi_FI\" \/>\n<meta property=\"og:type\" content=\"article\" \/>\n<meta property=\"og:title\" content=\"Pitmaster X Pork Rub 220 g -% BBQ \u00c4ssad%\" \/>\n<meta property=\"og:description\" content=\"Pitmaster X Pork Rub on mausteseos, joka sis\u00e4lt\u00e4\u00e4 suolaa, savustettua paprikaa, kuivattua sipulia ja valkosipulia. Valmistettu Amerikassa, 220 g netto.\" \/>\n<meta property=\"og:url\" content=\"https:\/\/bbqassad.ee\/fi\/toode\/pitmaster-x-pork-rub-2\/\" \/>\n<meta property=\"og:site_name\" content=\"BBQ \u00c4ssad\" \/>\n<meta property=\"article:publisher\" content=\"https:\/\/www.facebook.com\/bbqassad\" \/>\n<meta property=\"article:modified_time\" content=\"2026-04-14T06:33:21+00:00\" \/>\n<meta property=\"og:image\" content=\"https:\/\/bbqassad.ee\/wp-content\/uploads\/2023\/11\/Nimetu-kujundus-35-1.png\" \/>\n<meta name=\"twitter:card\" content=\"summary_large_image\" \/>\n<meta name=\"twitter:title\" content=\"Pitmaster X Pork Rub 220 g -% BBQ \u00c4ssad%\" \/>\n<meta name=\"twitter:description\" content=\"Pitmaster X Pork Rub on mausteseos, joka sis\u00e4lt\u00e4\u00e4 suolaa, savustettua paprikaa, kuivattua sipulia ja valkosipulia. Valmistettu Amerikassa, 220 g netto.\" \/>\n<meta name=\"twitter:image\" content=\"https:\/\/bbqassad.ee\/wp-content\/uploads\/2023\/11\/Nimetu-kujundus-35-1.png\" \/>\n<script type=\"application\/ld+json\" class=\"yoast-schema-graph\">{\"@context\":\"https:\\\/\\\/schema.org\",\"@graph\":[{\"@type\":\"WebPage\",\"@id\":\"https:\\\/\\\/bbqassad.ee\\\/fi\\\/toode\\\/pitmaster-x-pork-rub-2\\\/\",\"url\":\"https:\\\/\\\/bbqassad.ee\\\/fi\\\/toode\\\/pitmaster-x-pork-rub-2\\\/\",\"name\":\"Pitmaster X Pork Rub 220 g -% BBQ \u00c4ssad%\",\"isPartOf\":{\"@id\":\"https:\\\/\\\/bbqassad.ee\\\/fi\\\/#website\"},\"primaryImageOfPage\":{\"@id\":\"https:\\\/\\\/bbqassad.ee\\\/fi\\\/toode\\\/pitmaster-x-pork-rub-2\\\/#primaryimage\"},\"image\":{\"@id\":\"https:\\\/\\\/bbqassad.ee\\\/fi\\\/toode\\\/pitmaster-x-pork-rub-2\\\/#primaryimage\"},\"thumbnailUrl\":\"https:\\\/\\\/bbqassad.ee\\\/wp-content\\\/uploads\\\/2023\\\/11\\\/Nimetu-kujundus-35-1.png\",\"datePublished\":\"2023-11-13T08:51:11+00:00\",\"dateModified\":\"2026-04-14T06:33:21+00:00\",\"description\":\"Pitmaster X Pork Rub on mausteseos, joka sis\u00e4lt\u00e4\u00e4 suolaa, savustettua paprikaa, kuivattua sipulia ja valkosipulia. Valmistettu Amerikassa, 220 g netto.\",\"breadcrumb\":{\"@id\":\"https:\\\/\\\/bbqassad.ee\\\/fi\\\/toode\\\/pitmaster-x-pork-rub-2\\\/#breadcrumb\"},\"inLanguage\":\"fi\",\"potentialAction\":[{\"@type\":\"ReadAction\",\"target\":[\"https:\\\/\\\/bbqassad.ee\\\/fi\\\/toode\\\/pitmaster-x-pork-rub-2\\\/\"]}]},{\"@type\":\"ImageObject\",\"inLanguage\":\"fi\",\"@id\":\"https:\\\/\\\/bbqassad.ee\\\/fi\\\/toode\\\/pitmaster-x-pork-rub-2\\\/#primaryimage\",\"url\":\"https:\\\/\\\/bbqassad.ee\\\/wp-content\\\/uploads\\\/2023\\\/11\\\/Nimetu-kujundus-35-1.png\",\"contentUrl\":\"https:\\\/\\\/bbqassad.ee\\\/wp-content\\\/uploads\\\/2023\\\/11\\\/Nimetu-kujundus-35-1.png\",\"width\":1080,\"height\":1080},{\"@type\":\"BreadcrumbList\",\"@id\":\"https:\\\/\\\/bbqassad.ee\\\/fi\\\/toode\\\/pitmaster-x-pork-rub-2\\\/#breadcrumb\",\"itemListElement\":[{\"@type\":\"ListItem\",\"position\":1,\"name\":\"Home\",\"item\":\"https:\\\/\\\/bbqassad.ee\\\/fi\\\/bbq-assat\\\/\"},{\"@type\":\"ListItem\",\"position\":2,\"name\":\"Verkkokauppa\",\"item\":\"https:\\\/\\\/bbqassad.ee\\\/fi\\\/verkkokauppa\\\/\"},{\"@type\":\"ListItem\",\"position\":3,\"name\":\"Pitmaster X Pork Rub\"}]},{\"@type\":\"WebSite\",\"@id\":\"https:\\\/\\\/bbqassad.ee\\\/fi\\\/#website\",\"url\":\"https:\\\/\\\/bbqassad.ee\\\/fi\\\/\",\"name\":\"BBQ \u00c4ssad\",\"description\":\"BBQ maitseained, kastmed, ahjud\",\"publisher\":{\"@id\":\"https:\\\/\\\/bbqassad.ee\\\/fi\\\/#organization\"},\"potentialAction\":[{\"@type\":\"SearchAction\",\"target\":{\"@type\":\"EntryPoint\",\"urlTemplate\":\"https:\\\/\\\/bbqassad.ee\\\/fi\\\/?s={search_term_string}\"},\"query-input\":{\"@type\":\"PropertyValueSpecification\",\"valueRequired\":true,\"valueName\":\"search_term_string\"}}],\"inLanguage\":\"fi\"},{\"@type\":\"Organization\",\"@id\":\"https:\\\/\\\/bbqassad.ee\\\/fi\\\/#organization\",\"name\":\"BBQ \u00c4ssad\",\"url\":\"https:\\\/\\\/bbqassad.ee\\\/fi\\\/\",\"logo\":{\"@type\":\"ImageObject\",\"inLanguage\":\"fi\",\"@id\":\"https:\\\/\\\/bbqassad.ee\\\/fi\\\/#\\\/schema\\\/logo\\\/image\\\/\",\"url\":\"https:\\\/\\\/bbqassad.ee\\\/wp-content\\\/uploads\\\/2022\\\/10\\\/BBQ-2ssadlogo.png\",\"contentUrl\":\"https:\\\/\\\/bbqassad.ee\\\/wp-content\\\/uploads\\\/2022\\\/10\\\/BBQ-2ssadlogo.png\",\"width\":1080,\"height\":1080,\"caption\":\"BBQ \u00c4ssad\"},\"image\":{\"@id\":\"https:\\\/\\\/bbqassad.ee\\\/fi\\\/#\\\/schema\\\/logo\\\/image\\\/\"},\"sameAs\":[\"https:\\\/\\\/www.facebook.com\\\/bbqassad\",\"https:\\\/\\\/www.youtube.com\\\/channel\\\/UCsoufn49J6TVi9Ah9meE93w\"]}]}<\/script>\n<!-- \/ Yoast SEO plugin. -->","yoast_head_json":{"title":"Pitmaster X Pork Rub 220 g -% BBQ \u00c4ssad%","description":"Pitmaster X Pork Rub on mausteseos, joka sis\u00e4lt\u00e4\u00e4 suolaa, savustettua paprikaa, kuivattua sipulia ja valkosipulia. Valmistettu Amerikassa, 220 g netto.","robots":{"index":"index","follow":"follow","max-snippet":"max-snippet:-1","max-image-preview":"max-image-preview:large","max-video-preview":"max-video-preview:-1"},"canonical":"https:\/\/bbqassad.ee\/fi\/toode\/pitmaster-x-pork-rub-2\/","og_locale":"fi_FI","og_type":"article","og_title":"Pitmaster X Pork Rub 220 g -% BBQ \u00c4ssad%","og_description":"Pitmaster X Pork Rub on mausteseos, joka sis\u00e4lt\u00e4\u00e4 suolaa, savustettua paprikaa, kuivattua sipulia ja valkosipulia. Valmistettu Amerikassa, 220 g netto.","og_url":"https:\/\/bbqassad.ee\/fi\/toode\/pitmaster-x-pork-rub-2\/","og_site_name":"BBQ \u00c4ssad","article_publisher":"https:\/\/www.facebook.com\/bbqassad","article_modified_time":"2026-04-14T06:33:21+00:00","og_image":[{"url":"https:\/\/bbqassad.ee\/wp-content\/uploads\/2023\/11\/Nimetu-kujundus-35-1.png","type":"","width":"","height":""}],"twitter_card":"summary_large_image","twitter_title":"Pitmaster X Pork Rub 220 g -% BBQ \u00c4ssad%","twitter_description":"Pitmaster X Pork Rub on mausteseos, joka sis\u00e4lt\u00e4\u00e4 suolaa, savustettua paprikaa, kuivattua sipulia ja valkosipulia. Valmistettu Amerikassa, 220 g netto.","twitter_image":"https:\/\/bbqassad.ee\/wp-content\/uploads\/2023\/11\/Nimetu-kujundus-35-1.png","schema":{"@context":"https:\/\/schema.org","@graph":[{"@type":"WebPage","@id":"https:\/\/bbqassad.ee\/fi\/toode\/pitmaster-x-pork-rub-2\/","url":"https:\/\/bbqassad.ee\/fi\/toode\/pitmaster-x-pork-rub-2\/","name":"Pitmaster X Pork Rub 220 g -% BBQ \u00c4ssad%","isPartOf":{"@id":"https:\/\/bbqassad.ee\/fi\/#website"},"primaryImageOfPage":{"@id":"https:\/\/bbqassad.ee\/fi\/toode\/pitmaster-x-pork-rub-2\/#primaryimage"},"image":{"@id":"https:\/\/bbqassad.ee\/fi\/toode\/pitmaster-x-pork-rub-2\/#primaryimage"},"thumbnailUrl":"https:\/\/bbqassad.ee\/wp-content\/uploads\/2023\/11\/Nimetu-kujundus-35-1.png","datePublished":"2023-11-13T08:51:11+00:00","dateModified":"2026-04-14T06:33:21+00:00","description":"Pitmaster X Pork Rub on mausteseos, joka sis\u00e4lt\u00e4\u00e4 suolaa, savustettua paprikaa, kuivattua sipulia ja valkosipulia. Valmistettu Amerikassa, 220 g netto.","breadcrumb":{"@id":"https:\/\/bbqassad.ee\/fi\/toode\/pitmaster-x-pork-rub-2\/#breadcrumb"},"inLanguage":"fi","potentialAction":[{"@type":"ReadAction","target":["https:\/\/bbqassad.ee\/fi\/toode\/pitmaster-x-pork-rub-2\/"]}]},{"@type":"ImageObject","inLanguage":"fi","@id":"https:\/\/bbqassad.ee\/fi\/toode\/pitmaster-x-pork-rub-2\/#primaryimage","url":"https:\/\/bbqassad.ee\/wp-content\/uploads\/2023\/11\/Nimetu-kujundus-35-1.png","contentUrl":"https:\/\/bbqassad.ee\/wp-content\/uploads\/2023\/11\/Nimetu-kujundus-35-1.png","width":1080,"height":1080},{"@type":"BreadcrumbList","@id":"https:\/\/bbqassad.ee\/fi\/toode\/pitmaster-x-pork-rub-2\/#breadcrumb","itemListElement":[{"@type":"ListItem","position":1,"name":"Home","item":"https:\/\/bbqassad.ee\/fi\/bbq-assat\/"},{"@type":"ListItem","position":2,"name":"Verkkokauppa","item":"https:\/\/bbqassad.ee\/fi\/verkkokauppa\/"},{"@type":"ListItem","position":3,"name":"Pitmaster X Pork Rub"}]},{"@type":"WebSite","@id":"https:\/\/bbqassad.ee\/fi\/#website","url":"https:\/\/bbqassad.ee\/fi\/","name":"BBQ \u00c4ssad","description":"BBQ maitseained, kastmed, ahjud","publisher":{"@id":"https:\/\/bbqassad.ee\/fi\/#organization"},"potentialAction":[{"@type":"SearchAction","target":{"@type":"EntryPoint","urlTemplate":"https:\/\/bbqassad.ee\/fi\/?s={search_term_string}"},"query-input":{"@type":"PropertyValueSpecification","valueRequired":true,"valueName":"search_term_string"}}],"inLanguage":"fi"},{"@type":"Organization","@id":"https:\/\/bbqassad.ee\/fi\/#organization","name":"BBQ \u00c4ssad","url":"https:\/\/bbqassad.ee\/fi\/","logo":{"@type":"ImageObject","inLanguage":"fi","@id":"https:\/\/bbqassad.ee\/fi\/#\/schema\/logo\/image\/","url":"https:\/\/bbqassad.ee\/wp-content\/uploads\/2022\/10\/BBQ-2ssadlogo.png","contentUrl":"https:\/\/bbqassad.ee\/wp-content\/uploads\/2022\/10\/BBQ-2ssadlogo.png","width":1080,"height":1080,"caption":"BBQ \u00c4ssad"},"image":{"@id":"https:\/\/bbqassad.ee\/fi\/#\/schema\/logo\/image\/"},"sameAs":["https:\/\/www.facebook.com\/bbqassad","https:\/\/www.youtube.com\/channel\/UCsoufn49J6TVi9Ah9meE93w"]}]}},"_links":{"self":[{"href":"https:\/\/bbqassad.ee\/fi\/wp-json\/wp\/v2\/product\/22756","targetHints":{"allow":["GET"]}}],"collection":[{"href":"https:\/\/bbqassad.ee\/fi\/wp-json\/wp\/v2\/product"}],"about":[{"href":"https:\/\/bbqassad.ee\/fi\/wp-json\/wp\/v2\/types\/product"}],"replies":[{"embeddable":true,"href":"https:\/\/bbqassad.ee\/fi\/wp-json\/wp\/v2\/comments?post=22756"}],"wp:featuredmedia":[{"embeddable":true,"href":"https:\/\/bbqassad.ee\/fi\/wp-json\/wp\/v2\/media\/3783"}],"wp:attachment":[{"href":"https:\/\/bbqassad.ee\/fi\/wp-json\/wp\/v2\/media?parent=22756"}],"wp:term":[{"taxonomy":"product_brand","embeddable":true,"href":"https:\/\/bbqassad.ee\/fi\/wp-json\/wp\/v2\/product_brand?post=22756"},{"taxonomy":"product_cat","embeddable":true,"href":"https:\/\/bbqassad.ee\/fi\/wp-json\/wp\/v2\/product_cat?post=22756"},{"taxonomy":"product_tag","embeddable":true,"href":"https:\/\/bbqassad.ee\/fi\/wp-json\/wp\/v2\/product_tag?post=22756"}],"curies":[{"name":"wp","href":"https:\/\/api.w.org\/{rel}","templated":true}]}}