{"id":22754,"date":"2023-11-14T08:40:01","date_gmt":"2023-11-14T08:40:01","guid":{"rendered":"https:\/\/bbqassad.ee\/toode\/suncity-bbq-valimeren-vihannesten-grillirubi\/"},"modified":"2026-04-14T06:33:21","modified_gmt":"2026-04-14T06:33:21","slug":"suncity-bbq-valimeren-vihannesten-grillirubi","status":"publish","type":"product","link":"https:\/\/bbqassad.ee\/fi\/toode\/suncity-bbq-valimeren-vihannesten-grillirubi\/","title":{"rendered":"SunCity BBQ Mediterranean Vegetable Grill Rub"},"content":{"rendered":"<h1>SunCity BBQ V\u00e4limeren vihannesten grillirubi<\/h1>\n<p>V\u00e4limeren makuja ei ole vain V\u00e4limerell\u00e4! T\u00e4m\u00e4n grillijuurikkaan avulla nostat lisukkeesi uudelle tasolle. Timjami, basilika ja lukuisat muut yrtit ja mausteet antavat aivan uudenlaisen makuel\u00e4myksen.  <\/p>\n<h3>BBQ Aces kommentti<\/h3>\n<p>Eritt\u00e4in, eritt\u00e4in maukas rub, joka huutaa vihanneksia. Kokeile, kokeile rehellisesti, etk\u00e4 tule katumaan. Lue my\u00f6s Pro-vinkit \ud83d\ude09  <\/p>\n<h3>Ammattilaisen vinkki<\/h3>\n<p>Voit my\u00f6s k\u00e4ytt\u00e4\u00e4 rouxia marinadina lis\u00e4\u00e4m\u00e4ll\u00e4 siihen hieman \u00f6ljy\u00e4.<\/p>\n","protected":false},"excerpt":{"rendered":"<p>Paino: 280g<\/p>\n<p>Ainesosat: suola, ruskea sokeri, valkosipulirakeet, sipulimurska, jauhettu timjami, jauhettu basilika, mausteet.<\/p>\n","protected":false},"featured_media":22755,"comment_status":"open","ping_status":"closed","template":"","meta":[],"product_brand":[],"product_cat":[802],"product_tag":[],"class_list":{"0":"post-22754","1":"product","2":"type-product","3":"status-publish","4":"has-post-thumbnail","6":"product_cat-sekoitukset","8":"first","9":"instock","10":"taxable","11":"shipping-taxable","12":"purchasable","13":"product-type-simple"},"yoast_head":"<!-- This site is optimized with the Yoast SEO plugin v27.4 - https:\/\/yoast.com\/product\/yoast-seo-wordpress\/ -->\n<title>SunCity BBQ V\u00e4limeren vihannesgrillisekoitus -% BBQ \u00c4ssad%<\/title>\n<meta name=\"description\" content=\"SunCity BBQ V\u00e4limerellinen kasvisgrillisekoitus painaa 280 g. Ainesosat: suola, ruskea sokeri, valkosipulirakeet, sipulimurska, jauhettu timjami ja basilika.\" \/>\n<meta name=\"robots\" content=\"index, follow, max-snippet:-1, max-image-preview:large, max-video-preview:-1\" \/>\n<link rel=\"canonical\" href=\"https:\/\/bbqassad.ee\/fi\/toode\/suncity-bbq-valimeren-vihannesten-grillirubi\/\" \/>\n<meta property=\"og:locale\" content=\"fi_FI\" \/>\n<meta property=\"og:type\" content=\"article\" \/>\n<meta property=\"og:title\" content=\"SunCity BBQ V\u00e4limeren vihannesgrillisekoitus -% BBQ \u00c4ssad%\" \/>\n<meta property=\"og:description\" content=\"SunCity BBQ V\u00e4limerellinen kasvisgrillisekoitus painaa 280 g. Ainesosat: suola, ruskea sokeri, valkosipulirakeet, sipulimurska, jauhettu timjami ja basilika.\" \/>\n<meta property=\"og:url\" content=\"https:\/\/bbqassad.ee\/fi\/toode\/suncity-bbq-valimeren-vihannesten-grillirubi\/\" \/>\n<meta property=\"og:site_name\" content=\"BBQ \u00c4ssad\" \/>\n<meta property=\"article:publisher\" content=\"https:\/\/www.facebook.com\/bbqassad\" \/>\n<meta property=\"article:modified_time\" content=\"2026-04-14T06:33:21+00:00\" \/>\n<meta property=\"og:image\" content=\"https:\/\/bbqassad.ee\/wp-content\/uploads\/2023\/11\/Nimetu-kujundus-32.png\" \/>\n<meta name=\"twitter:card\" content=\"summary_large_image\" \/>\n<meta name=\"twitter:title\" content=\"SunCity BBQ V\u00e4limeren vihannesgrillisekoitus -% BBQ \u00c4ssad%\" \/>\n<meta name=\"twitter:description\" content=\"SunCity BBQ V\u00e4limerellinen kasvisgrillisekoitus painaa 280 g. Ainesosat: suola, ruskea sokeri, valkosipulirakeet, sipulimurska, jauhettu timjami ja basilika.\" \/>\n<meta name=\"twitter:image\" content=\"https:\/\/bbqassad.ee\/wp-content\/uploads\/2023\/11\/Nimetu-kujundus-32.png\" \/>\n<script type=\"application\/ld+json\" class=\"yoast-schema-graph\">{\"@context\":\"https:\\\/\\\/schema.org\",\"@graph\":[{\"@type\":\"WebPage\",\"@id\":\"https:\\\/\\\/bbqassad.ee\\\/fi\\\/toode\\\/suncity-bbq-valimeren-vihannesten-grillirubi\\\/\",\"url\":\"https:\\\/\\\/bbqassad.ee\\\/fi\\\/toode\\\/suncity-bbq-valimeren-vihannesten-grillirubi\\\/\",\"name\":\"SunCity BBQ V\u00e4limeren vihannesgrillisekoitus -% BBQ \u00c4ssad%\",\"isPartOf\":{\"@id\":\"https:\\\/\\\/bbqassad.ee\\\/fi\\\/#website\"},\"primaryImageOfPage\":{\"@id\":\"https:\\\/\\\/bbqassad.ee\\\/fi\\\/toode\\\/suncity-bbq-valimeren-vihannesten-grillirubi\\\/#primaryimage\"},\"image\":{\"@id\":\"https:\\\/\\\/bbqassad.ee\\\/fi\\\/toode\\\/suncity-bbq-valimeren-vihannesten-grillirubi\\\/#primaryimage\"},\"thumbnailUrl\":\"https:\\\/\\\/bbqassad.ee\\\/wp-content\\\/uploads\\\/2023\\\/11\\\/Nimetu-kujundus-32.png\",\"datePublished\":\"2023-11-14T08:40:01+00:00\",\"dateModified\":\"2026-04-14T06:33:21+00:00\",\"description\":\"SunCity BBQ V\u00e4limerellinen kasvisgrillisekoitus painaa 280 g. Ainesosat: suola, ruskea sokeri, valkosipulirakeet, sipulimurska, jauhettu timjami ja basilika.\",\"breadcrumb\":{\"@id\":\"https:\\\/\\\/bbqassad.ee\\\/fi\\\/toode\\\/suncity-bbq-valimeren-vihannesten-grillirubi\\\/#breadcrumb\"},\"inLanguage\":\"fi\",\"potentialAction\":[{\"@type\":\"ReadAction\",\"target\":[\"https:\\\/\\\/bbqassad.ee\\\/fi\\\/toode\\\/suncity-bbq-valimeren-vihannesten-grillirubi\\\/\"]}]},{\"@type\":\"ImageObject\",\"inLanguage\":\"fi\",\"@id\":\"https:\\\/\\\/bbqassad.ee\\\/fi\\\/toode\\\/suncity-bbq-valimeren-vihannesten-grillirubi\\\/#primaryimage\",\"url\":\"https:\\\/\\\/bbqassad.ee\\\/wp-content\\\/uploads\\\/2023\\\/11\\\/Nimetu-kujundus-32.png\",\"contentUrl\":\"https:\\\/\\\/bbqassad.ee\\\/wp-content\\\/uploads\\\/2023\\\/11\\\/Nimetu-kujundus-32.png\",\"width\":1357,\"height\":1920},{\"@type\":\"BreadcrumbList\",\"@id\":\"https:\\\/\\\/bbqassad.ee\\\/fi\\\/toode\\\/suncity-bbq-valimeren-vihannesten-grillirubi\\\/#breadcrumb\",\"itemListElement\":[{\"@type\":\"ListItem\",\"position\":1,\"name\":\"Home\",\"item\":\"https:\\\/\\\/bbqassad.ee\\\/fi\\\/bbq-assat\\\/\"},{\"@type\":\"ListItem\",\"position\":2,\"name\":\"Verkkokauppa\",\"item\":\"https:\\\/\\\/bbqassad.ee\\\/fi\\\/verkkokauppa\\\/\"},{\"@type\":\"ListItem\",\"position\":3,\"name\":\"SunCity BBQ Mediterranean Vegetable Grill Rub\"}]},{\"@type\":\"WebSite\",\"@id\":\"https:\\\/\\\/bbqassad.ee\\\/fi\\\/#website\",\"url\":\"https:\\\/\\\/bbqassad.ee\\\/fi\\\/\",\"name\":\"BBQ \u00c4ssad\",\"description\":\"BBQ maitseained, kastmed, ahjud\",\"publisher\":{\"@id\":\"https:\\\/\\\/bbqassad.ee\\\/fi\\\/#organization\"},\"potentialAction\":[{\"@type\":\"SearchAction\",\"target\":{\"@type\":\"EntryPoint\",\"urlTemplate\":\"https:\\\/\\\/bbqassad.ee\\\/fi\\\/?s={search_term_string}\"},\"query-input\":{\"@type\":\"PropertyValueSpecification\",\"valueRequired\":true,\"valueName\":\"search_term_string\"}}],\"inLanguage\":\"fi\"},{\"@type\":\"Organization\",\"@id\":\"https:\\\/\\\/bbqassad.ee\\\/fi\\\/#organization\",\"name\":\"BBQ \u00c4ssad\",\"url\":\"https:\\\/\\\/bbqassad.ee\\\/fi\\\/\",\"logo\":{\"@type\":\"ImageObject\",\"inLanguage\":\"fi\",\"@id\":\"https:\\\/\\\/bbqassad.ee\\\/fi\\\/#\\\/schema\\\/logo\\\/image\\\/\",\"url\":\"https:\\\/\\\/bbqassad.ee\\\/wp-content\\\/uploads\\\/2022\\\/10\\\/BBQ-2ssadlogo.png\",\"contentUrl\":\"https:\\\/\\\/bbqassad.ee\\\/wp-content\\\/uploads\\\/2022\\\/10\\\/BBQ-2ssadlogo.png\",\"width\":1080,\"height\":1080,\"caption\":\"BBQ \u00c4ssad\"},\"image\":{\"@id\":\"https:\\\/\\\/bbqassad.ee\\\/fi\\\/#\\\/schema\\\/logo\\\/image\\\/\"},\"sameAs\":[\"https:\\\/\\\/www.facebook.com\\\/bbqassad\",\"https:\\\/\\\/www.youtube.com\\\/channel\\\/UCsoufn49J6TVi9Ah9meE93w\"]}]}<\/script>\n<!-- \/ Yoast SEO plugin. -->","yoast_head_json":{"title":"SunCity BBQ V\u00e4limeren vihannesgrillisekoitus -% BBQ \u00c4ssad%","description":"SunCity BBQ V\u00e4limerellinen kasvisgrillisekoitus painaa 280 g. Ainesosat: suola, ruskea sokeri, valkosipulirakeet, sipulimurska, jauhettu timjami ja basilika.","robots":{"index":"index","follow":"follow","max-snippet":"max-snippet:-1","max-image-preview":"max-image-preview:large","max-video-preview":"max-video-preview:-1"},"canonical":"https:\/\/bbqassad.ee\/fi\/toode\/suncity-bbq-valimeren-vihannesten-grillirubi\/","og_locale":"fi_FI","og_type":"article","og_title":"SunCity BBQ V\u00e4limeren vihannesgrillisekoitus -% BBQ \u00c4ssad%","og_description":"SunCity BBQ V\u00e4limerellinen kasvisgrillisekoitus painaa 280 g. Ainesosat: suola, ruskea sokeri, valkosipulirakeet, sipulimurska, jauhettu timjami ja basilika.","og_url":"https:\/\/bbqassad.ee\/fi\/toode\/suncity-bbq-valimeren-vihannesten-grillirubi\/","og_site_name":"BBQ \u00c4ssad","article_publisher":"https:\/\/www.facebook.com\/bbqassad","article_modified_time":"2026-04-14T06:33:21+00:00","og_image":[{"url":"https:\/\/bbqassad.ee\/wp-content\/uploads\/2023\/11\/Nimetu-kujundus-32.png","type":"","width":"","height":""}],"twitter_card":"summary_large_image","twitter_title":"SunCity BBQ V\u00e4limeren vihannesgrillisekoitus -% BBQ \u00c4ssad%","twitter_description":"SunCity BBQ V\u00e4limerellinen kasvisgrillisekoitus painaa 280 g. Ainesosat: suola, ruskea sokeri, valkosipulirakeet, sipulimurska, jauhettu timjami ja basilika.","twitter_image":"https:\/\/bbqassad.ee\/wp-content\/uploads\/2023\/11\/Nimetu-kujundus-32.png","schema":{"@context":"https:\/\/schema.org","@graph":[{"@type":"WebPage","@id":"https:\/\/bbqassad.ee\/fi\/toode\/suncity-bbq-valimeren-vihannesten-grillirubi\/","url":"https:\/\/bbqassad.ee\/fi\/toode\/suncity-bbq-valimeren-vihannesten-grillirubi\/","name":"SunCity BBQ V\u00e4limeren vihannesgrillisekoitus -% BBQ \u00c4ssad%","isPartOf":{"@id":"https:\/\/bbqassad.ee\/fi\/#website"},"primaryImageOfPage":{"@id":"https:\/\/bbqassad.ee\/fi\/toode\/suncity-bbq-valimeren-vihannesten-grillirubi\/#primaryimage"},"image":{"@id":"https:\/\/bbqassad.ee\/fi\/toode\/suncity-bbq-valimeren-vihannesten-grillirubi\/#primaryimage"},"thumbnailUrl":"https:\/\/bbqassad.ee\/wp-content\/uploads\/2023\/11\/Nimetu-kujundus-32.png","datePublished":"2023-11-14T08:40:01+00:00","dateModified":"2026-04-14T06:33:21+00:00","description":"SunCity BBQ V\u00e4limerellinen kasvisgrillisekoitus painaa 280 g. Ainesosat: suola, ruskea sokeri, valkosipulirakeet, sipulimurska, jauhettu timjami ja basilika.","breadcrumb":{"@id":"https:\/\/bbqassad.ee\/fi\/toode\/suncity-bbq-valimeren-vihannesten-grillirubi\/#breadcrumb"},"inLanguage":"fi","potentialAction":[{"@type":"ReadAction","target":["https:\/\/bbqassad.ee\/fi\/toode\/suncity-bbq-valimeren-vihannesten-grillirubi\/"]}]},{"@type":"ImageObject","inLanguage":"fi","@id":"https:\/\/bbqassad.ee\/fi\/toode\/suncity-bbq-valimeren-vihannesten-grillirubi\/#primaryimage","url":"https:\/\/bbqassad.ee\/wp-content\/uploads\/2023\/11\/Nimetu-kujundus-32.png","contentUrl":"https:\/\/bbqassad.ee\/wp-content\/uploads\/2023\/11\/Nimetu-kujundus-32.png","width":1357,"height":1920},{"@type":"BreadcrumbList","@id":"https:\/\/bbqassad.ee\/fi\/toode\/suncity-bbq-valimeren-vihannesten-grillirubi\/#breadcrumb","itemListElement":[{"@type":"ListItem","position":1,"name":"Home","item":"https:\/\/bbqassad.ee\/fi\/bbq-assat\/"},{"@type":"ListItem","position":2,"name":"Verkkokauppa","item":"https:\/\/bbqassad.ee\/fi\/verkkokauppa\/"},{"@type":"ListItem","position":3,"name":"SunCity BBQ Mediterranean Vegetable Grill Rub"}]},{"@type":"WebSite","@id":"https:\/\/bbqassad.ee\/fi\/#website","url":"https:\/\/bbqassad.ee\/fi\/","name":"BBQ \u00c4ssad","description":"BBQ maitseained, kastmed, ahjud","publisher":{"@id":"https:\/\/bbqassad.ee\/fi\/#organization"},"potentialAction":[{"@type":"SearchAction","target":{"@type":"EntryPoint","urlTemplate":"https:\/\/bbqassad.ee\/fi\/?s={search_term_string}"},"query-input":{"@type":"PropertyValueSpecification","valueRequired":true,"valueName":"search_term_string"}}],"inLanguage":"fi"},{"@type":"Organization","@id":"https:\/\/bbqassad.ee\/fi\/#organization","name":"BBQ \u00c4ssad","url":"https:\/\/bbqassad.ee\/fi\/","logo":{"@type":"ImageObject","inLanguage":"fi","@id":"https:\/\/bbqassad.ee\/fi\/#\/schema\/logo\/image\/","url":"https:\/\/bbqassad.ee\/wp-content\/uploads\/2022\/10\/BBQ-2ssadlogo.png","contentUrl":"https:\/\/bbqassad.ee\/wp-content\/uploads\/2022\/10\/BBQ-2ssadlogo.png","width":1080,"height":1080,"caption":"BBQ \u00c4ssad"},"image":{"@id":"https:\/\/bbqassad.ee\/fi\/#\/schema\/logo\/image\/"},"sameAs":["https:\/\/www.facebook.com\/bbqassad","https:\/\/www.youtube.com\/channel\/UCsoufn49J6TVi9Ah9meE93w"]}]}},"_links":{"self":[{"href":"https:\/\/bbqassad.ee\/fi\/wp-json\/wp\/v2\/product\/22754","targetHints":{"allow":["GET"]}}],"collection":[{"href":"https:\/\/bbqassad.ee\/fi\/wp-json\/wp\/v2\/product"}],"about":[{"href":"https:\/\/bbqassad.ee\/fi\/wp-json\/wp\/v2\/types\/product"}],"replies":[{"embeddable":true,"href":"https:\/\/bbqassad.ee\/fi\/wp-json\/wp\/v2\/comments?post=22754"}],"wp:featuredmedia":[{"embeddable":true,"href":"https:\/\/bbqassad.ee\/fi\/wp-json\/wp\/v2\/media\/22755"}],"wp:attachment":[{"href":"https:\/\/bbqassad.ee\/fi\/wp-json\/wp\/v2\/media?parent=22754"}],"wp:term":[{"taxonomy":"product_brand","embeddable":true,"href":"https:\/\/bbqassad.ee\/fi\/wp-json\/wp\/v2\/product_brand?post=22754"},{"taxonomy":"product_cat","embeddable":true,"href":"https:\/\/bbqassad.ee\/fi\/wp-json\/wp\/v2\/product_cat?post=22754"},{"taxonomy":"product_tag","embeddable":true,"href":"https:\/\/bbqassad.ee\/fi\/wp-json\/wp\/v2\/product_tag?post=22754"}],"curies":[{"name":"wp","href":"https:\/\/api.w.org\/{rel}","templated":true}]}}