{"id":22743,"date":"2023-11-14T09:36:29","date_gmt":"2023-11-14T09:36:29","guid":{"rendered":"https:\/\/bbqassad.ee\/toode\/smoke-this-bbq-kastike-smokey-chipotle-savu\/"},"modified":"2026-04-14T06:33:18","modified_gmt":"2026-04-14T06:33:18","slug":"smoke-this-bbq-kastike-smokey-chipotle-savu","status":"publish","type":"product","link":"https:\/\/bbqassad.ee\/fi\/toode\/smoke-this-bbq-kastike-smokey-chipotle-savu\/","title":{"rendered":"Smoke This BBQ Smokey Chipotle -kastike"},"content":{"rendered":"<h2>Smoke This BBQ-kastike Smokey Chipotle (savu)<\/h2>\n<p>Nauti chipotlen luonnollisesta savuisesta mausta palkitun Smoke This Smokey Chipotle BBQ -kastikkeen avulla. T\u00e4m\u00e4 BBQ-kastike tarjoaa makean ja l\u00e4mpim\u00e4n maun, suolaisen mausteseoksen ja hieman savuisen maun, joka sopii kaiken kanssa! <\/p>\n<h3>BBQ Aces kommentti<\/h3>\n<p>Kaikki on sit\u00e4, mit\u00e4 nimi kertoo &#8211; savuinen kastike, joka on valmistettu kunnon tuottajan chipotle-paprikoista.<\/p>\n<h3>Ammattilaisen vinkki<\/h3>\n<p>Kastiketta voi k\u00e4ytt\u00e4\u00e4 niin kuin valmistaja sanoo &#8211; kaikkeen, mit\u00e4 mieleen tulee \ud83d\ude42<\/p>\n","protected":false},"excerpt":{"rendered":"<p>M\u00e4\u00e4r\u00e4: 511g<\/p>\n<p>Ainesosat: Ketsuppi (tomaattitiiviste, fruktoosi-glukoosisiirappi, tislattu etikka, glukoosisiirappi, suola, alle 2 % sipulijauhetta, valkosipulijauhetta, luontaisia aromeja), hikkorisavuaromi, etikka, hydrolysoitu soijaproteiini [SOIJAPROTEIINI], sokeri, karamelliv\u00e4ri, mausteet (maustepippuri, punainen cayennepippuri), Worcestershire-kastike (vesi, suola, etikka, karamelliv\u00e4ri, sitruunahappo, propyleeniglykoli, hydrolysoitu kasviproteiini, valkosipulijauhe, kaliumsorbaatti, ksantaanikumi, luonnollinen paprika, keinotekoiset aromit), ruskea sokeri, etikka (valkoinen, omenasiideri), suola, valkosipulijauhe, chilijauhe, mausteet, chipotle-paprika (chipotle-paprika, tomaattimurska, sipuli, etikka, rypsi\u00f6ljy, sokeri, suola, paprika ja valkosipuli).<\/p>\n","protected":false},"featured_media":22746,"comment_status":"open","ping_status":"closed","template":"","meta":[],"product_brand":[],"product_cat":[788],"product_tag":[],"class_list":{"0":"post-22743","1":"product","2":"type-product","3":"status-publish","4":"has-post-thumbnail","6":"product_cat-kastit","8":"first","9":"instock","10":"taxable","11":"shipping-taxable","12":"purchasable","13":"product-type-simple"},"yoast_head":"<!-- This site is optimized with the Yoast SEO plugin v27.4 - https:\/\/yoast.com\/product\/yoast-seo-wordpress\/ -->\n<title>Smoke This BBQ Sauce Smokey Chipotle -% BBQ \u00c4ssad%<\/title>\n<meta name=\"description\" content=\"Smoke This BBQ Sauce Smokey Chipotle on BBQ tehostamaan makuja. Sis\u00e4lt\u00e4\u00e4 hickory-savun makua ja maustesekoitusta ainutlaatuisen makuel\u00e4myksen aikaansaamiseksi.\" \/>\n<meta name=\"robots\" content=\"index, follow, max-snippet:-1, max-image-preview:large, max-video-preview:-1\" \/>\n<link rel=\"canonical\" href=\"https:\/\/bbqassad.ee\/fi\/toode\/smoke-this-bbq-kastike-smokey-chipotle-savu\/\" \/>\n<meta property=\"og:locale\" content=\"fi_FI\" \/>\n<meta property=\"og:type\" content=\"article\" \/>\n<meta property=\"og:title\" content=\"Smoke This BBQ Sauce Smokey Chipotle -% BBQ \u00c4ssad%\" \/>\n<meta property=\"og:description\" content=\"Smoke This BBQ Sauce Smokey Chipotle on BBQ tehostamaan makuja. Sis\u00e4lt\u00e4\u00e4 hickory-savun makua ja maustesekoitusta ainutlaatuisen makuel\u00e4myksen aikaansaamiseksi.\" \/>\n<meta property=\"og:url\" content=\"https:\/\/bbqassad.ee\/fi\/toode\/smoke-this-bbq-kastike-smokey-chipotle-savu\/\" \/>\n<meta property=\"og:site_name\" content=\"BBQ \u00c4ssad\" \/>\n<meta property=\"article:publisher\" content=\"https:\/\/www.facebook.com\/bbqassad\" \/>\n<meta property=\"article:modified_time\" content=\"2026-04-14T06:33:18+00:00\" \/>\n<meta property=\"og:image\" content=\"https:\/\/bbqassad.ee\/wp-content\/uploads\/2023\/11\/Nimetu-kujundus-29.png\" \/>\n<meta name=\"twitter:card\" content=\"summary_large_image\" \/>\n<meta name=\"twitter:title\" content=\"Smoke This BBQ Sauce Smokey Chipotle -% BBQ \u00c4ssad%\" \/>\n<meta name=\"twitter:description\" content=\"Smoke This BBQ Sauce Smokey Chipotle on BBQ tehostamaan makuja. Sis\u00e4lt\u00e4\u00e4 hickory-savun makua ja maustesekoitusta ainutlaatuisen makuel\u00e4myksen aikaansaamiseksi.\" \/>\n<meta name=\"twitter:image\" content=\"https:\/\/bbqassad.ee\/wp-content\/uploads\/2023\/11\/Nimetu-kujundus-29.png\" \/>\n<script type=\"application\/ld+json\" class=\"yoast-schema-graph\">{\"@context\":\"https:\\\/\\\/schema.org\",\"@graph\":[{\"@type\":\"WebPage\",\"@id\":\"https:\\\/\\\/bbqassad.ee\\\/fi\\\/toode\\\/smoke-this-bbq-kastike-smokey-chipotle-savu\\\/\",\"url\":\"https:\\\/\\\/bbqassad.ee\\\/fi\\\/toode\\\/smoke-this-bbq-kastike-smokey-chipotle-savu\\\/\",\"name\":\"Smoke This BBQ Sauce Smokey Chipotle -% BBQ \u00c4ssad%\",\"isPartOf\":{\"@id\":\"https:\\\/\\\/bbqassad.ee\\\/fi\\\/#website\"},\"primaryImageOfPage\":{\"@id\":\"https:\\\/\\\/bbqassad.ee\\\/fi\\\/toode\\\/smoke-this-bbq-kastike-smokey-chipotle-savu\\\/#primaryimage\"},\"image\":{\"@id\":\"https:\\\/\\\/bbqassad.ee\\\/fi\\\/toode\\\/smoke-this-bbq-kastike-smokey-chipotle-savu\\\/#primaryimage\"},\"thumbnailUrl\":\"https:\\\/\\\/bbqassad.ee\\\/wp-content\\\/uploads\\\/2023\\\/11\\\/Nimetu-kujundus-29.png\",\"datePublished\":\"2023-11-14T09:36:29+00:00\",\"dateModified\":\"2026-04-14T06:33:18+00:00\",\"description\":\"Smoke This BBQ Sauce Smokey Chipotle on BBQ tehostamaan makuja. Sis\u00e4lt\u00e4\u00e4 hickory-savun makua ja maustesekoitusta ainutlaatuisen makuel\u00e4myksen aikaansaamiseksi.\",\"breadcrumb\":{\"@id\":\"https:\\\/\\\/bbqassad.ee\\\/fi\\\/toode\\\/smoke-this-bbq-kastike-smokey-chipotle-savu\\\/#breadcrumb\"},\"inLanguage\":\"fi\",\"potentialAction\":[{\"@type\":\"ReadAction\",\"target\":[\"https:\\\/\\\/bbqassad.ee\\\/fi\\\/toode\\\/smoke-this-bbq-kastike-smokey-chipotle-savu\\\/\"]}]},{\"@type\":\"ImageObject\",\"inLanguage\":\"fi\",\"@id\":\"https:\\\/\\\/bbqassad.ee\\\/fi\\\/toode\\\/smoke-this-bbq-kastike-smokey-chipotle-savu\\\/#primaryimage\",\"url\":\"https:\\\/\\\/bbqassad.ee\\\/wp-content\\\/uploads\\\/2023\\\/11\\\/Nimetu-kujundus-29.png\",\"contentUrl\":\"https:\\\/\\\/bbqassad.ee\\\/wp-content\\\/uploads\\\/2023\\\/11\\\/Nimetu-kujundus-29.png\",\"width\":1357,\"height\":1920},{\"@type\":\"BreadcrumbList\",\"@id\":\"https:\\\/\\\/bbqassad.ee\\\/fi\\\/toode\\\/smoke-this-bbq-kastike-smokey-chipotle-savu\\\/#breadcrumb\",\"itemListElement\":[{\"@type\":\"ListItem\",\"position\":1,\"name\":\"Home\",\"item\":\"https:\\\/\\\/bbqassad.ee\\\/fi\\\/bbq-assat\\\/\"},{\"@type\":\"ListItem\",\"position\":2,\"name\":\"Verkkokauppa\",\"item\":\"https:\\\/\\\/bbqassad.ee\\\/fi\\\/verkkokauppa\\\/\"},{\"@type\":\"ListItem\",\"position\":3,\"name\":\"Smoke This BBQ Smokey Chipotle -kastike\"}]},{\"@type\":\"WebSite\",\"@id\":\"https:\\\/\\\/bbqassad.ee\\\/fi\\\/#website\",\"url\":\"https:\\\/\\\/bbqassad.ee\\\/fi\\\/\",\"name\":\"BBQ \u00c4ssad\",\"description\":\"BBQ maitseained, kastmed, ahjud\",\"publisher\":{\"@id\":\"https:\\\/\\\/bbqassad.ee\\\/fi\\\/#organization\"},\"potentialAction\":[{\"@type\":\"SearchAction\",\"target\":{\"@type\":\"EntryPoint\",\"urlTemplate\":\"https:\\\/\\\/bbqassad.ee\\\/fi\\\/?s={search_term_string}\"},\"query-input\":{\"@type\":\"PropertyValueSpecification\",\"valueRequired\":true,\"valueName\":\"search_term_string\"}}],\"inLanguage\":\"fi\"},{\"@type\":\"Organization\",\"@id\":\"https:\\\/\\\/bbqassad.ee\\\/fi\\\/#organization\",\"name\":\"BBQ \u00c4ssad\",\"url\":\"https:\\\/\\\/bbqassad.ee\\\/fi\\\/\",\"logo\":{\"@type\":\"ImageObject\",\"inLanguage\":\"fi\",\"@id\":\"https:\\\/\\\/bbqassad.ee\\\/fi\\\/#\\\/schema\\\/logo\\\/image\\\/\",\"url\":\"https:\\\/\\\/bbqassad.ee\\\/wp-content\\\/uploads\\\/2022\\\/10\\\/BBQ-2ssadlogo.png\",\"contentUrl\":\"https:\\\/\\\/bbqassad.ee\\\/wp-content\\\/uploads\\\/2022\\\/10\\\/BBQ-2ssadlogo.png\",\"width\":1080,\"height\":1080,\"caption\":\"BBQ \u00c4ssad\"},\"image\":{\"@id\":\"https:\\\/\\\/bbqassad.ee\\\/fi\\\/#\\\/schema\\\/logo\\\/image\\\/\"},\"sameAs\":[\"https:\\\/\\\/www.facebook.com\\\/bbqassad\",\"https:\\\/\\\/www.youtube.com\\\/channel\\\/UCsoufn49J6TVi9Ah9meE93w\"]}]}<\/script>\n<!-- \/ Yoast SEO plugin. -->","yoast_head_json":{"title":"Smoke This BBQ Sauce Smokey Chipotle -% BBQ \u00c4ssad%","description":"Smoke This BBQ Sauce Smokey Chipotle on BBQ tehostamaan makuja. Sis\u00e4lt\u00e4\u00e4 hickory-savun makua ja maustesekoitusta ainutlaatuisen makuel\u00e4myksen aikaansaamiseksi.","robots":{"index":"index","follow":"follow","max-snippet":"max-snippet:-1","max-image-preview":"max-image-preview:large","max-video-preview":"max-video-preview:-1"},"canonical":"https:\/\/bbqassad.ee\/fi\/toode\/smoke-this-bbq-kastike-smokey-chipotle-savu\/","og_locale":"fi_FI","og_type":"article","og_title":"Smoke This BBQ Sauce Smokey Chipotle -% BBQ \u00c4ssad%","og_description":"Smoke This BBQ Sauce Smokey Chipotle on BBQ tehostamaan makuja. Sis\u00e4lt\u00e4\u00e4 hickory-savun makua ja maustesekoitusta ainutlaatuisen makuel\u00e4myksen aikaansaamiseksi.","og_url":"https:\/\/bbqassad.ee\/fi\/toode\/smoke-this-bbq-kastike-smokey-chipotle-savu\/","og_site_name":"BBQ \u00c4ssad","article_publisher":"https:\/\/www.facebook.com\/bbqassad","article_modified_time":"2026-04-14T06:33:18+00:00","og_image":[{"url":"https:\/\/bbqassad.ee\/wp-content\/uploads\/2023\/11\/Nimetu-kujundus-29.png","type":"","width":"","height":""}],"twitter_card":"summary_large_image","twitter_title":"Smoke This BBQ Sauce Smokey Chipotle -% BBQ \u00c4ssad%","twitter_description":"Smoke This BBQ Sauce Smokey Chipotle on BBQ tehostamaan makuja. Sis\u00e4lt\u00e4\u00e4 hickory-savun makua ja maustesekoitusta ainutlaatuisen makuel\u00e4myksen aikaansaamiseksi.","twitter_image":"https:\/\/bbqassad.ee\/wp-content\/uploads\/2023\/11\/Nimetu-kujundus-29.png","schema":{"@context":"https:\/\/schema.org","@graph":[{"@type":"WebPage","@id":"https:\/\/bbqassad.ee\/fi\/toode\/smoke-this-bbq-kastike-smokey-chipotle-savu\/","url":"https:\/\/bbqassad.ee\/fi\/toode\/smoke-this-bbq-kastike-smokey-chipotle-savu\/","name":"Smoke This BBQ Sauce Smokey Chipotle -% BBQ \u00c4ssad%","isPartOf":{"@id":"https:\/\/bbqassad.ee\/fi\/#website"},"primaryImageOfPage":{"@id":"https:\/\/bbqassad.ee\/fi\/toode\/smoke-this-bbq-kastike-smokey-chipotle-savu\/#primaryimage"},"image":{"@id":"https:\/\/bbqassad.ee\/fi\/toode\/smoke-this-bbq-kastike-smokey-chipotle-savu\/#primaryimage"},"thumbnailUrl":"https:\/\/bbqassad.ee\/wp-content\/uploads\/2023\/11\/Nimetu-kujundus-29.png","datePublished":"2023-11-14T09:36:29+00:00","dateModified":"2026-04-14T06:33:18+00:00","description":"Smoke This BBQ Sauce Smokey Chipotle on BBQ tehostamaan makuja. Sis\u00e4lt\u00e4\u00e4 hickory-savun makua ja maustesekoitusta ainutlaatuisen makuel\u00e4myksen aikaansaamiseksi.","breadcrumb":{"@id":"https:\/\/bbqassad.ee\/fi\/toode\/smoke-this-bbq-kastike-smokey-chipotle-savu\/#breadcrumb"},"inLanguage":"fi","potentialAction":[{"@type":"ReadAction","target":["https:\/\/bbqassad.ee\/fi\/toode\/smoke-this-bbq-kastike-smokey-chipotle-savu\/"]}]},{"@type":"ImageObject","inLanguage":"fi","@id":"https:\/\/bbqassad.ee\/fi\/toode\/smoke-this-bbq-kastike-smokey-chipotle-savu\/#primaryimage","url":"https:\/\/bbqassad.ee\/wp-content\/uploads\/2023\/11\/Nimetu-kujundus-29.png","contentUrl":"https:\/\/bbqassad.ee\/wp-content\/uploads\/2023\/11\/Nimetu-kujundus-29.png","width":1357,"height":1920},{"@type":"BreadcrumbList","@id":"https:\/\/bbqassad.ee\/fi\/toode\/smoke-this-bbq-kastike-smokey-chipotle-savu\/#breadcrumb","itemListElement":[{"@type":"ListItem","position":1,"name":"Home","item":"https:\/\/bbqassad.ee\/fi\/bbq-assat\/"},{"@type":"ListItem","position":2,"name":"Verkkokauppa","item":"https:\/\/bbqassad.ee\/fi\/verkkokauppa\/"},{"@type":"ListItem","position":3,"name":"Smoke This BBQ Smokey Chipotle -kastike"}]},{"@type":"WebSite","@id":"https:\/\/bbqassad.ee\/fi\/#website","url":"https:\/\/bbqassad.ee\/fi\/","name":"BBQ \u00c4ssad","description":"BBQ maitseained, kastmed, ahjud","publisher":{"@id":"https:\/\/bbqassad.ee\/fi\/#organization"},"potentialAction":[{"@type":"SearchAction","target":{"@type":"EntryPoint","urlTemplate":"https:\/\/bbqassad.ee\/fi\/?s={search_term_string}"},"query-input":{"@type":"PropertyValueSpecification","valueRequired":true,"valueName":"search_term_string"}}],"inLanguage":"fi"},{"@type":"Organization","@id":"https:\/\/bbqassad.ee\/fi\/#organization","name":"BBQ \u00c4ssad","url":"https:\/\/bbqassad.ee\/fi\/","logo":{"@type":"ImageObject","inLanguage":"fi","@id":"https:\/\/bbqassad.ee\/fi\/#\/schema\/logo\/image\/","url":"https:\/\/bbqassad.ee\/wp-content\/uploads\/2022\/10\/BBQ-2ssadlogo.png","contentUrl":"https:\/\/bbqassad.ee\/wp-content\/uploads\/2022\/10\/BBQ-2ssadlogo.png","width":1080,"height":1080,"caption":"BBQ \u00c4ssad"},"image":{"@id":"https:\/\/bbqassad.ee\/fi\/#\/schema\/logo\/image\/"},"sameAs":["https:\/\/www.facebook.com\/bbqassad","https:\/\/www.youtube.com\/channel\/UCsoufn49J6TVi9Ah9meE93w"]}]}},"_links":{"self":[{"href":"https:\/\/bbqassad.ee\/fi\/wp-json\/wp\/v2\/product\/22743","targetHints":{"allow":["GET"]}}],"collection":[{"href":"https:\/\/bbqassad.ee\/fi\/wp-json\/wp\/v2\/product"}],"about":[{"href":"https:\/\/bbqassad.ee\/fi\/wp-json\/wp\/v2\/types\/product"}],"replies":[{"embeddable":true,"href":"https:\/\/bbqassad.ee\/fi\/wp-json\/wp\/v2\/comments?post=22743"}],"wp:featuredmedia":[{"embeddable":true,"href":"https:\/\/bbqassad.ee\/fi\/wp-json\/wp\/v2\/media\/22746"}],"wp:attachment":[{"href":"https:\/\/bbqassad.ee\/fi\/wp-json\/wp\/v2\/media?parent=22743"}],"wp:term":[{"taxonomy":"product_brand","embeddable":true,"href":"https:\/\/bbqassad.ee\/fi\/wp-json\/wp\/v2\/product_brand?post=22743"},{"taxonomy":"product_cat","embeddable":true,"href":"https:\/\/bbqassad.ee\/fi\/wp-json\/wp\/v2\/product_cat?post=22743"},{"taxonomy":"product_tag","embeddable":true,"href":"https:\/\/bbqassad.ee\/fi\/wp-json\/wp\/v2\/product_tag?post=22743"}],"curies":[{"name":"wp","href":"https:\/\/api.w.org\/{rel}","templated":true}]}}