{"id":22726,"date":"2023-11-17T08:22:27","date_gmt":"2023-11-17T08:22:27","guid":{"rendered":"https:\/\/bbqassad.ee\/toode\/bad-byrons-jubilee-seafood-maustekastike\/"},"modified":"2026-04-14T06:33:18","modified_gmt":"2026-04-14T06:33:18","slug":"bad-byrons-jubilee-seafood-maustekastike","status":"publish","type":"product","link":"https:\/\/bbqassad.ee\/fi\/toode\/bad-byrons-jubilee-seafood-maustekastike\/","title":{"rendered":"Bad Byron&#8217;s Jubilee Seafood -mausteseos"},"content":{"rendered":"<h2>Bad Byron&#8217;s Jubilee Seafood-maustekastike<\/h2>\n<p>Byron, joka on my\u00f6s BBQ Hall of Famen j\u00e4sen vuodesta 2023 l\u00e4htien, nousi kuuluisuuteen Butt Rubilla, joka oli ensimm\u00e4inen todellinen BBQ-mauste, joka tuli suurten kauppaketjujen hyllyille. Jubilee Seafood on sit\u00e4, mit\u00e4 nimi kertoo, se k\u00e4y kaikesta, mit\u00e4 merest\u00e4 tulee. <\/p>\n<h3>BBQ Aces kommentti<\/h3>\n<p>Byron on eritt\u00e4in hyv\u00e4 kokkaamaan kalaa. Vaikka h\u00e4nen Butt Rubinsa oli suuri yll\u00e4tys punaiselle kalalle, t\u00e4m\u00e4 rub, joka Butt Rubista poiketen sis\u00e4lt\u00e4\u00e4 my\u00f6s hieman sokeria, on tehty puhtaasti merenel\u00e4ville, kuten ainesosista n\u00e4kyy. <\/p>\n<h3>Ammattilaisen vinkki<\/h3>\n<p>Byron&#8217;s Jubilee Rubia voi laittaa my\u00f6s vihannesten p\u00e4\u00e4lle.<\/p>\n","protected":false},"excerpt":{"rendered":"<p>Paino: 115g<\/p>\n<p>Ainesosat: Suola, sokeri, paprika, sitruunajauhe (maltodekstriini, sitruunasose, sitruunahappo, sokeri ja sitruunamehu), Worcestershire-jauhe (maissisiirappi, suola, karamelliv\u00e4ri, valkosipuli, sokeri, mausteet, soijakastike (luonnollisesti fermentoitu vehn\u00e4 ja soija), suola, maltodekstriini, karamelliv\u00e4ri), palmu\u00f6ljy\u00e4, tamarindia, luontaisia jauhoja ja makeutusainetta.) mausteet, valkosipuli, sipuli, selleri, ruohosipuli, MSG, soija\u00f6ljy).<\/p>\n","protected":false},"featured_media":22730,"comment_status":"open","ping_status":"closed","template":"","meta":[],"product_brand":[],"product_cat":[802],"product_tag":[],"class_list":{"0":"post-22726","1":"product","2":"type-product","3":"status-publish","4":"has-post-thumbnail","6":"product_cat-sekoitukset","8":"first","9":"instock","10":"taxable","11":"shipping-taxable","12":"purchasable","13":"product-type-simple"},"yoast_head":"<!-- This site is optimized with the Yoast SEO plugin v27.4 - https:\/\/yoast.com\/product\/yoast-seo-wordpress\/ -->\n<title>Bad Byron&#039;s Jubilee Seafood Seasoning 115g - BBQ \u00c4ssad%<\/title>\n<meta name=\"description\" content=\"Bad Byron&#039;s Jubilee Seafood Seasoning on mausteseos, joka sis\u00e4lt\u00e4\u00e4 suolaa, sokeria, paprikaa, sitruunajauhetta ja Worcestershire-jauhetta. Ihanteellinen merenel\u00e4ville\" \/>\n<meta name=\"robots\" content=\"index, follow, max-snippet:-1, max-image-preview:large, max-video-preview:-1\" \/>\n<link rel=\"canonical\" href=\"https:\/\/bbqassad.ee\/fi\/toode\/bad-byrons-jubilee-seafood-maustekastike\/\" \/>\n<meta property=\"og:locale\" content=\"fi_FI\" \/>\n<meta property=\"og:type\" content=\"article\" \/>\n<meta property=\"og:title\" content=\"Bad Byron&#039;s Jubilee Seafood Seasoning 115g - BBQ \u00c4ssad%\" \/>\n<meta property=\"og:description\" content=\"Bad Byron&#039;s Jubilee Seafood Seasoning on mausteseos, joka sis\u00e4lt\u00e4\u00e4 suolaa, sokeria, paprikaa, sitruunajauhetta ja Worcestershire-jauhetta. Ihanteellinen merenel\u00e4ville\" \/>\n<meta property=\"og:url\" content=\"https:\/\/bbqassad.ee\/fi\/toode\/bad-byrons-jubilee-seafood-maustekastike\/\" \/>\n<meta property=\"og:site_name\" content=\"BBQ \u00c4ssad\" \/>\n<meta property=\"article:publisher\" content=\"https:\/\/www.facebook.com\/bbqassad\" \/>\n<meta property=\"article:modified_time\" content=\"2026-04-14T06:33:18+00:00\" \/>\n<meta property=\"og:image\" content=\"https:\/\/bbqassad.ee\/wp-content\/uploads\/2023\/11\/Nimetu-kujundus-26-1.png\" \/>\n<meta name=\"twitter:card\" content=\"summary_large_image\" \/>\n<meta name=\"twitter:title\" content=\"Bad Byron&#039;s Jubilee Seafood Seasoning 115g - BBQ \u00c4ssad%\" \/>\n<meta name=\"twitter:description\" content=\"Bad Byron&#039;s Jubilee Seafood Seasoning on mausteseos, joka sis\u00e4lt\u00e4\u00e4 suolaa, sokeria, paprikaa, sitruunajauhetta ja Worcestershire-jauhetta. Ihanteellinen merenel\u00e4ville\" \/>\n<meta name=\"twitter:image\" content=\"https:\/\/bbqassad.ee\/wp-content\/uploads\/2023\/11\/Nimetu-kujundus-26-1.png\" \/>\n<meta name=\"twitter:label1\" content=\"Arvioitu lukuaika\" \/>\n\t<meta name=\"twitter:data1\" content=\"1 minuutti\" \/>\n<script type=\"application\/ld+json\" class=\"yoast-schema-graph\">{\"@context\":\"https:\\\/\\\/schema.org\",\"@graph\":[{\"@type\":\"WebPage\",\"@id\":\"https:\\\/\\\/bbqassad.ee\\\/fi\\\/toode\\\/bad-byrons-jubilee-seafood-maustekastike\\\/\",\"url\":\"https:\\\/\\\/bbqassad.ee\\\/fi\\\/toode\\\/bad-byrons-jubilee-seafood-maustekastike\\\/\",\"name\":\"Bad Byron's Jubilee Seafood Seasoning 115g - BBQ \u00c4ssad%\",\"isPartOf\":{\"@id\":\"https:\\\/\\\/bbqassad.ee\\\/fi\\\/#website\"},\"primaryImageOfPage\":{\"@id\":\"https:\\\/\\\/bbqassad.ee\\\/fi\\\/toode\\\/bad-byrons-jubilee-seafood-maustekastike\\\/#primaryimage\"},\"image\":{\"@id\":\"https:\\\/\\\/bbqassad.ee\\\/fi\\\/toode\\\/bad-byrons-jubilee-seafood-maustekastike\\\/#primaryimage\"},\"thumbnailUrl\":\"https:\\\/\\\/bbqassad.ee\\\/wp-content\\\/uploads\\\/2023\\\/11\\\/Nimetu-kujundus-26-1.png\",\"datePublished\":\"2023-11-17T08:22:27+00:00\",\"dateModified\":\"2026-04-14T06:33:18+00:00\",\"description\":\"Bad Byron's Jubilee Seafood Seasoning on mausteseos, joka sis\u00e4lt\u00e4\u00e4 suolaa, sokeria, paprikaa, sitruunajauhetta ja Worcestershire-jauhetta. Ihanteellinen merenel\u00e4ville\",\"breadcrumb\":{\"@id\":\"https:\\\/\\\/bbqassad.ee\\\/fi\\\/toode\\\/bad-byrons-jubilee-seafood-maustekastike\\\/#breadcrumb\"},\"inLanguage\":\"fi\",\"potentialAction\":[{\"@type\":\"ReadAction\",\"target\":[\"https:\\\/\\\/bbqassad.ee\\\/fi\\\/toode\\\/bad-byrons-jubilee-seafood-maustekastike\\\/\"]}]},{\"@type\":\"ImageObject\",\"inLanguage\":\"fi\",\"@id\":\"https:\\\/\\\/bbqassad.ee\\\/fi\\\/toode\\\/bad-byrons-jubilee-seafood-maustekastike\\\/#primaryimage\",\"url\":\"https:\\\/\\\/bbqassad.ee\\\/wp-content\\\/uploads\\\/2023\\\/11\\\/Nimetu-kujundus-26-1.png\",\"contentUrl\":\"https:\\\/\\\/bbqassad.ee\\\/wp-content\\\/uploads\\\/2023\\\/11\\\/Nimetu-kujundus-26-1.png\",\"width\":1080,\"height\":1080},{\"@type\":\"BreadcrumbList\",\"@id\":\"https:\\\/\\\/bbqassad.ee\\\/fi\\\/toode\\\/bad-byrons-jubilee-seafood-maustekastike\\\/#breadcrumb\",\"itemListElement\":[{\"@type\":\"ListItem\",\"position\":1,\"name\":\"Home\",\"item\":\"https:\\\/\\\/bbqassad.ee\\\/fi\\\/bbq-assat\\\/\"},{\"@type\":\"ListItem\",\"position\":2,\"name\":\"Verkkokauppa\",\"item\":\"https:\\\/\\\/bbqassad.ee\\\/fi\\\/verkkokauppa\\\/\"},{\"@type\":\"ListItem\",\"position\":3,\"name\":\"Bad Byron&#8217;s Jubilee Seafood -mausteseos\"}]},{\"@type\":\"WebSite\",\"@id\":\"https:\\\/\\\/bbqassad.ee\\\/fi\\\/#website\",\"url\":\"https:\\\/\\\/bbqassad.ee\\\/fi\\\/\",\"name\":\"BBQ \u00c4ssad\",\"description\":\"BBQ maitseained, kastmed, ahjud\",\"publisher\":{\"@id\":\"https:\\\/\\\/bbqassad.ee\\\/fi\\\/#organization\"},\"potentialAction\":[{\"@type\":\"SearchAction\",\"target\":{\"@type\":\"EntryPoint\",\"urlTemplate\":\"https:\\\/\\\/bbqassad.ee\\\/fi\\\/?s={search_term_string}\"},\"query-input\":{\"@type\":\"PropertyValueSpecification\",\"valueRequired\":true,\"valueName\":\"search_term_string\"}}],\"inLanguage\":\"fi\"},{\"@type\":\"Organization\",\"@id\":\"https:\\\/\\\/bbqassad.ee\\\/fi\\\/#organization\",\"name\":\"BBQ \u00c4ssad\",\"url\":\"https:\\\/\\\/bbqassad.ee\\\/fi\\\/\",\"logo\":{\"@type\":\"ImageObject\",\"inLanguage\":\"fi\",\"@id\":\"https:\\\/\\\/bbqassad.ee\\\/fi\\\/#\\\/schema\\\/logo\\\/image\\\/\",\"url\":\"https:\\\/\\\/bbqassad.ee\\\/wp-content\\\/uploads\\\/2022\\\/10\\\/BBQ-2ssadlogo.png\",\"contentUrl\":\"https:\\\/\\\/bbqassad.ee\\\/wp-content\\\/uploads\\\/2022\\\/10\\\/BBQ-2ssadlogo.png\",\"width\":1080,\"height\":1080,\"caption\":\"BBQ \u00c4ssad\"},\"image\":{\"@id\":\"https:\\\/\\\/bbqassad.ee\\\/fi\\\/#\\\/schema\\\/logo\\\/image\\\/\"},\"sameAs\":[\"https:\\\/\\\/www.facebook.com\\\/bbqassad\",\"https:\\\/\\\/www.youtube.com\\\/channel\\\/UCsoufn49J6TVi9Ah9meE93w\"]}]}<\/script>\n<!-- \/ Yoast SEO plugin. -->","yoast_head_json":{"title":"Bad Byron's Jubilee Seafood Seasoning 115g - BBQ \u00c4ssad%","description":"Bad Byron's Jubilee Seafood Seasoning on mausteseos, joka sis\u00e4lt\u00e4\u00e4 suolaa, sokeria, paprikaa, sitruunajauhetta ja Worcestershire-jauhetta. Ihanteellinen merenel\u00e4ville","robots":{"index":"index","follow":"follow","max-snippet":"max-snippet:-1","max-image-preview":"max-image-preview:large","max-video-preview":"max-video-preview:-1"},"canonical":"https:\/\/bbqassad.ee\/fi\/toode\/bad-byrons-jubilee-seafood-maustekastike\/","og_locale":"fi_FI","og_type":"article","og_title":"Bad Byron's Jubilee Seafood Seasoning 115g - BBQ \u00c4ssad%","og_description":"Bad Byron's Jubilee Seafood Seasoning on mausteseos, joka sis\u00e4lt\u00e4\u00e4 suolaa, sokeria, paprikaa, sitruunajauhetta ja Worcestershire-jauhetta. Ihanteellinen merenel\u00e4ville","og_url":"https:\/\/bbqassad.ee\/fi\/toode\/bad-byrons-jubilee-seafood-maustekastike\/","og_site_name":"BBQ \u00c4ssad","article_publisher":"https:\/\/www.facebook.com\/bbqassad","article_modified_time":"2026-04-14T06:33:18+00:00","og_image":[{"url":"https:\/\/bbqassad.ee\/wp-content\/uploads\/2023\/11\/Nimetu-kujundus-26-1.png","type":"","width":"","height":""}],"twitter_card":"summary_large_image","twitter_title":"Bad Byron's Jubilee Seafood Seasoning 115g - BBQ \u00c4ssad%","twitter_description":"Bad Byron's Jubilee Seafood Seasoning on mausteseos, joka sis\u00e4lt\u00e4\u00e4 suolaa, sokeria, paprikaa, sitruunajauhetta ja Worcestershire-jauhetta. Ihanteellinen merenel\u00e4ville","twitter_image":"https:\/\/bbqassad.ee\/wp-content\/uploads\/2023\/11\/Nimetu-kujundus-26-1.png","twitter_misc":{"Arvioitu lukuaika":"1 minuutti"},"schema":{"@context":"https:\/\/schema.org","@graph":[{"@type":"WebPage","@id":"https:\/\/bbqassad.ee\/fi\/toode\/bad-byrons-jubilee-seafood-maustekastike\/","url":"https:\/\/bbqassad.ee\/fi\/toode\/bad-byrons-jubilee-seafood-maustekastike\/","name":"Bad Byron's Jubilee Seafood Seasoning 115g - BBQ \u00c4ssad%","isPartOf":{"@id":"https:\/\/bbqassad.ee\/fi\/#website"},"primaryImageOfPage":{"@id":"https:\/\/bbqassad.ee\/fi\/toode\/bad-byrons-jubilee-seafood-maustekastike\/#primaryimage"},"image":{"@id":"https:\/\/bbqassad.ee\/fi\/toode\/bad-byrons-jubilee-seafood-maustekastike\/#primaryimage"},"thumbnailUrl":"https:\/\/bbqassad.ee\/wp-content\/uploads\/2023\/11\/Nimetu-kujundus-26-1.png","datePublished":"2023-11-17T08:22:27+00:00","dateModified":"2026-04-14T06:33:18+00:00","description":"Bad Byron's Jubilee Seafood Seasoning on mausteseos, joka sis\u00e4lt\u00e4\u00e4 suolaa, sokeria, paprikaa, sitruunajauhetta ja Worcestershire-jauhetta. Ihanteellinen merenel\u00e4ville","breadcrumb":{"@id":"https:\/\/bbqassad.ee\/fi\/toode\/bad-byrons-jubilee-seafood-maustekastike\/#breadcrumb"},"inLanguage":"fi","potentialAction":[{"@type":"ReadAction","target":["https:\/\/bbqassad.ee\/fi\/toode\/bad-byrons-jubilee-seafood-maustekastike\/"]}]},{"@type":"ImageObject","inLanguage":"fi","@id":"https:\/\/bbqassad.ee\/fi\/toode\/bad-byrons-jubilee-seafood-maustekastike\/#primaryimage","url":"https:\/\/bbqassad.ee\/wp-content\/uploads\/2023\/11\/Nimetu-kujundus-26-1.png","contentUrl":"https:\/\/bbqassad.ee\/wp-content\/uploads\/2023\/11\/Nimetu-kujundus-26-1.png","width":1080,"height":1080},{"@type":"BreadcrumbList","@id":"https:\/\/bbqassad.ee\/fi\/toode\/bad-byrons-jubilee-seafood-maustekastike\/#breadcrumb","itemListElement":[{"@type":"ListItem","position":1,"name":"Home","item":"https:\/\/bbqassad.ee\/fi\/bbq-assat\/"},{"@type":"ListItem","position":2,"name":"Verkkokauppa","item":"https:\/\/bbqassad.ee\/fi\/verkkokauppa\/"},{"@type":"ListItem","position":3,"name":"Bad Byron&#8217;s Jubilee Seafood -mausteseos"}]},{"@type":"WebSite","@id":"https:\/\/bbqassad.ee\/fi\/#website","url":"https:\/\/bbqassad.ee\/fi\/","name":"BBQ \u00c4ssad","description":"BBQ maitseained, kastmed, ahjud","publisher":{"@id":"https:\/\/bbqassad.ee\/fi\/#organization"},"potentialAction":[{"@type":"SearchAction","target":{"@type":"EntryPoint","urlTemplate":"https:\/\/bbqassad.ee\/fi\/?s={search_term_string}"},"query-input":{"@type":"PropertyValueSpecification","valueRequired":true,"valueName":"search_term_string"}}],"inLanguage":"fi"},{"@type":"Organization","@id":"https:\/\/bbqassad.ee\/fi\/#organization","name":"BBQ \u00c4ssad","url":"https:\/\/bbqassad.ee\/fi\/","logo":{"@type":"ImageObject","inLanguage":"fi","@id":"https:\/\/bbqassad.ee\/fi\/#\/schema\/logo\/image\/","url":"https:\/\/bbqassad.ee\/wp-content\/uploads\/2022\/10\/BBQ-2ssadlogo.png","contentUrl":"https:\/\/bbqassad.ee\/wp-content\/uploads\/2022\/10\/BBQ-2ssadlogo.png","width":1080,"height":1080,"caption":"BBQ \u00c4ssad"},"image":{"@id":"https:\/\/bbqassad.ee\/fi\/#\/schema\/logo\/image\/"},"sameAs":["https:\/\/www.facebook.com\/bbqassad","https:\/\/www.youtube.com\/channel\/UCsoufn49J6TVi9Ah9meE93w"]}]}},"_links":{"self":[{"href":"https:\/\/bbqassad.ee\/fi\/wp-json\/wp\/v2\/product\/22726","targetHints":{"allow":["GET"]}}],"collection":[{"href":"https:\/\/bbqassad.ee\/fi\/wp-json\/wp\/v2\/product"}],"about":[{"href":"https:\/\/bbqassad.ee\/fi\/wp-json\/wp\/v2\/types\/product"}],"replies":[{"embeddable":true,"href":"https:\/\/bbqassad.ee\/fi\/wp-json\/wp\/v2\/comments?post=22726"}],"wp:featuredmedia":[{"embeddable":true,"href":"https:\/\/bbqassad.ee\/fi\/wp-json\/wp\/v2\/media\/22730"}],"wp:attachment":[{"href":"https:\/\/bbqassad.ee\/fi\/wp-json\/wp\/v2\/media?parent=22726"}],"wp:term":[{"taxonomy":"product_brand","embeddable":true,"href":"https:\/\/bbqassad.ee\/fi\/wp-json\/wp\/v2\/product_brand?post=22726"},{"taxonomy":"product_cat","embeddable":true,"href":"https:\/\/bbqassad.ee\/fi\/wp-json\/wp\/v2\/product_cat?post=22726"},{"taxonomy":"product_tag","embeddable":true,"href":"https:\/\/bbqassad.ee\/fi\/wp-json\/wp\/v2\/product_tag?post=22726"}],"curies":[{"name":"wp","href":"https:\/\/api.w.org\/{rel}","templated":true}]}}