{"id":22725,"date":"2023-11-17T08:34:54","date_gmt":"2023-11-17T08:34:54","guid":{"rendered":"https:\/\/bbqassad.ee\/toode\/bad-byrons-butt-rub-competition-bbq-kastike\/"},"modified":"2026-04-14T06:33:17","modified_gmt":"2026-04-14T06:33:17","slug":"bad-byrons-butt-rub-competition-bbq-kastike","status":"publish","type":"product","link":"https:\/\/bbqassad.ee\/fi\/toode\/bad-byrons-butt-rub-competition-bbq-kastike\/","title":{"rendered":"Bad Byron&#8217;s Butt Rub Competition BBQ -kastike"},"content":{"rendered":"<h3>Bad Byron&#8217;s Butt Rub Competition BBQ-kastike<\/h3>\n<p>Vuodesta 1997 l\u00e4htien Bad Byron&#8217;s Butt Rub\u00ae Barbeque -mausteiden kasvu ja suosio on kasvanut r\u00e4j\u00e4hdysm\u00e4isesti. Nauti nyt sen kumppanista, grillikastikkeesta.  <\/p>\n<h3>BBQ Aces kommentti<\/h3>\n<p>T\u00e4m\u00e4 on hyvin klassinen BBQ-kastike. Muistathan reseptivideomme, jossa Sander valmisti voittajakalansa &#8211; kokeile korvata kastike siell\u00e4 Byronin kastikkeella. <\/p>\n<h3>Ammattilaisen vinkki<\/h3>\n<p>Sekoita t\u00e4m\u00e4 kastike muiden etel\u00e4isten maiden etikkapitoisiin kastikkeisiin.<\/p>\n<h3><\/h3>\n<p>&nbsp;<\/p>\n","protected":false},"excerpt":{"rendered":"<p>Paino: 396g<\/p>\n<p>Ainesosat: ketsuppi, puhdas ruokosiirappi, omenaviinietikka, vesi, Worcestershire-kastike, kirsikat, puhdas ruokosokeri, valkosipulisuola, modifioimaton maissit\u00e4rkkelys, Bad Byron Buttrub[sipuli, valkosipuli, suola, pippuri, paprika, chipotle (savustettu jalapeno), suola, mustapippuri, valkosipulijauhe, sipulijauhe.<\/p>\n","protected":false},"featured_media":22729,"comment_status":"open","ping_status":"closed","template":"","meta":[],"product_brand":[],"product_cat":[801,788],"product_tag":[],"class_list":{"0":"post-22725","1":"product","2":"type-product","3":"status-publish","4":"has-post-thumbnail","6":"product_cat-soodus","7":"product_cat-kastit","9":"first","10":"outofstock","11":"taxable","12":"shipping-taxable","13":"purchasable","14":"product-type-simple"},"yoast_head":"<!-- This site is optimized with the Yoast SEO plugin v27.4 - https:\/\/yoast.com\/product\/yoast-seo-wordpress\/ -->\n<title>Bad Byron&#039;s Butt Rub BBQ-kastike 396g - % BBQ \u00c4ssad %<\/title>\n<meta name=\"description\" content=\"Bad Byron&#039;s Butt Rub Competition BBQ Sauce on herkullinen ketsuppia, siirappia, etikkaa ja mausteita sis\u00e4lt\u00e4v\u00e4 kastikesekoitus. Ihanteellinen grillaukseen ja marinointiin\" \/>\n<meta name=\"robots\" content=\"index, follow, max-snippet:-1, max-image-preview:large, max-video-preview:-1\" \/>\n<link rel=\"canonical\" href=\"https:\/\/bbqassad.ee\/fi\/toode\/bad-byrons-butt-rub-competition-bbq-kastike\/\" \/>\n<meta property=\"og:locale\" content=\"fi_FI\" \/>\n<meta property=\"og:type\" content=\"article\" \/>\n<meta property=\"og:title\" content=\"Bad Byron&#039;s Butt Rub BBQ-kastike 396g - % BBQ \u00c4ssad %\" \/>\n<meta property=\"og:description\" content=\"Bad Byron&#039;s Butt Rub Competition BBQ Sauce on herkullinen ketsuppia, siirappia, etikkaa ja mausteita sis\u00e4lt\u00e4v\u00e4 kastikesekoitus. Ihanteellinen grillaukseen ja marinointiin\" \/>\n<meta property=\"og:url\" content=\"https:\/\/bbqassad.ee\/fi\/toode\/bad-byrons-butt-rub-competition-bbq-kastike\/\" \/>\n<meta property=\"og:site_name\" content=\"BBQ \u00c4ssad\" \/>\n<meta property=\"article:publisher\" content=\"https:\/\/www.facebook.com\/bbqassad\" \/>\n<meta property=\"article:modified_time\" content=\"2026-04-14T06:33:17+00:00\" \/>\n<meta property=\"og:image\" content=\"https:\/\/bbqassad.ee\/wp-content\/uploads\/2023\/11\/Nimetu-kujundus-27-1.png\" \/>\n<meta name=\"twitter:card\" content=\"summary_large_image\" \/>\n<meta name=\"twitter:title\" content=\"Bad Byron&#039;s Butt Rub BBQ-kastike 396g -% BBQ \u00c4ssad%\" \/>\n<meta name=\"twitter:description\" content=\"Bad Byron&#039;s Butt Rub Competition BBQ Sauce on herkullinen ketsuppia, siirappia, etikkaa ja mausteita sis\u00e4lt\u00e4v\u00e4 kastikesekoitus. Ihanteellinen grillaukseen ja marinointiin\" \/>\n<meta name=\"twitter:image\" content=\"https:\/\/bbqassad.ee\/wp-content\/uploads\/2023\/11\/Nimetu-kujundus-27-1.png\" \/>\n<meta name=\"twitter:label1\" content=\"Arvioitu lukuaika\" \/>\n\t<meta name=\"twitter:data1\" content=\"1 minuutti\" \/>\n<script type=\"application\/ld+json\" class=\"yoast-schema-graph\">{\"@context\":\"https:\\\/\\\/schema.org\",\"@graph\":[{\"@type\":\"WebPage\",\"@id\":\"https:\\\/\\\/bbqassad.ee\\\/fi\\\/toode\\\/bad-byrons-butt-rub-competition-bbq-kastike\\\/\",\"url\":\"https:\\\/\\\/bbqassad.ee\\\/fi\\\/toode\\\/bad-byrons-butt-rub-competition-bbq-kastike\\\/\",\"name\":\"Bad Byron's Butt Rub BBQ-kastike 396g - % BBQ \u00c4ssad %\",\"isPartOf\":{\"@id\":\"https:\\\/\\\/bbqassad.ee\\\/fi\\\/#website\"},\"primaryImageOfPage\":{\"@id\":\"https:\\\/\\\/bbqassad.ee\\\/fi\\\/toode\\\/bad-byrons-butt-rub-competition-bbq-kastike\\\/#primaryimage\"},\"image\":{\"@id\":\"https:\\\/\\\/bbqassad.ee\\\/fi\\\/toode\\\/bad-byrons-butt-rub-competition-bbq-kastike\\\/#primaryimage\"},\"thumbnailUrl\":\"https:\\\/\\\/bbqassad.ee\\\/wp-content\\\/uploads\\\/2023\\\/11\\\/Nimetu-kujundus-27-1.png\",\"datePublished\":\"2023-11-17T08:34:54+00:00\",\"dateModified\":\"2026-04-14T06:33:17+00:00\",\"description\":\"Bad Byron's Butt Rub Competition BBQ Sauce on herkullinen ketsuppia, siirappia, etikkaa ja mausteita sis\u00e4lt\u00e4v\u00e4 kastikesekoitus. Ihanteellinen grillaukseen ja marinointiin\",\"breadcrumb\":{\"@id\":\"https:\\\/\\\/bbqassad.ee\\\/fi\\\/toode\\\/bad-byrons-butt-rub-competition-bbq-kastike\\\/#breadcrumb\"},\"inLanguage\":\"fi\",\"potentialAction\":[{\"@type\":\"ReadAction\",\"target\":[\"https:\\\/\\\/bbqassad.ee\\\/fi\\\/toode\\\/bad-byrons-butt-rub-competition-bbq-kastike\\\/\"]}]},{\"@type\":\"ImageObject\",\"inLanguage\":\"fi\",\"@id\":\"https:\\\/\\\/bbqassad.ee\\\/fi\\\/toode\\\/bad-byrons-butt-rub-competition-bbq-kastike\\\/#primaryimage\",\"url\":\"https:\\\/\\\/bbqassad.ee\\\/wp-content\\\/uploads\\\/2023\\\/11\\\/Nimetu-kujundus-27-1.png\",\"contentUrl\":\"https:\\\/\\\/bbqassad.ee\\\/wp-content\\\/uploads\\\/2023\\\/11\\\/Nimetu-kujundus-27-1.png\",\"width\":1080,\"height\":1080},{\"@type\":\"BreadcrumbList\",\"@id\":\"https:\\\/\\\/bbqassad.ee\\\/fi\\\/toode\\\/bad-byrons-butt-rub-competition-bbq-kastike\\\/#breadcrumb\",\"itemListElement\":[{\"@type\":\"ListItem\",\"position\":1,\"name\":\"Home\",\"item\":\"https:\\\/\\\/bbqassad.ee\\\/fi\\\/bbq-assat\\\/\"},{\"@type\":\"ListItem\",\"position\":2,\"name\":\"Verkkokauppa\",\"item\":\"https:\\\/\\\/bbqassad.ee\\\/fi\\\/verkkokauppa\\\/\"},{\"@type\":\"ListItem\",\"position\":3,\"name\":\"Bad Byron&#8217;s Butt Rub Competition BBQ -kastike\"}]},{\"@type\":\"WebSite\",\"@id\":\"https:\\\/\\\/bbqassad.ee\\\/fi\\\/#website\",\"url\":\"https:\\\/\\\/bbqassad.ee\\\/fi\\\/\",\"name\":\"BBQ \u00c4ssad\",\"description\":\"BBQ maitseained, kastmed, ahjud\",\"publisher\":{\"@id\":\"https:\\\/\\\/bbqassad.ee\\\/fi\\\/#organization\"},\"potentialAction\":[{\"@type\":\"SearchAction\",\"target\":{\"@type\":\"EntryPoint\",\"urlTemplate\":\"https:\\\/\\\/bbqassad.ee\\\/fi\\\/?s={search_term_string}\"},\"query-input\":{\"@type\":\"PropertyValueSpecification\",\"valueRequired\":true,\"valueName\":\"search_term_string\"}}],\"inLanguage\":\"fi\"},{\"@type\":\"Organization\",\"@id\":\"https:\\\/\\\/bbqassad.ee\\\/fi\\\/#organization\",\"name\":\"BBQ \u00c4ssad\",\"url\":\"https:\\\/\\\/bbqassad.ee\\\/fi\\\/\",\"logo\":{\"@type\":\"ImageObject\",\"inLanguage\":\"fi\",\"@id\":\"https:\\\/\\\/bbqassad.ee\\\/fi\\\/#\\\/schema\\\/logo\\\/image\\\/\",\"url\":\"https:\\\/\\\/bbqassad.ee\\\/wp-content\\\/uploads\\\/2022\\\/10\\\/BBQ-2ssadlogo.png\",\"contentUrl\":\"https:\\\/\\\/bbqassad.ee\\\/wp-content\\\/uploads\\\/2022\\\/10\\\/BBQ-2ssadlogo.png\",\"width\":1080,\"height\":1080,\"caption\":\"BBQ \u00c4ssad\"},\"image\":{\"@id\":\"https:\\\/\\\/bbqassad.ee\\\/fi\\\/#\\\/schema\\\/logo\\\/image\\\/\"},\"sameAs\":[\"https:\\\/\\\/www.facebook.com\\\/bbqassad\",\"https:\\\/\\\/www.youtube.com\\\/channel\\\/UCsoufn49J6TVi9Ah9meE93w\"]}]}<\/script>\n<!-- \/ Yoast SEO plugin. -->","yoast_head_json":{"title":"Bad Byron's Butt Rub BBQ-kastike 396g - % BBQ \u00c4ssad %","description":"Bad Byron's Butt Rub Competition BBQ Sauce on herkullinen ketsuppia, siirappia, etikkaa ja mausteita sis\u00e4lt\u00e4v\u00e4 kastikesekoitus. Ihanteellinen grillaukseen ja marinointiin","robots":{"index":"index","follow":"follow","max-snippet":"max-snippet:-1","max-image-preview":"max-image-preview:large","max-video-preview":"max-video-preview:-1"},"canonical":"https:\/\/bbqassad.ee\/fi\/toode\/bad-byrons-butt-rub-competition-bbq-kastike\/","og_locale":"fi_FI","og_type":"article","og_title":"Bad Byron's Butt Rub BBQ-kastike 396g - % BBQ \u00c4ssad %","og_description":"Bad Byron's Butt Rub Competition BBQ Sauce on herkullinen ketsuppia, siirappia, etikkaa ja mausteita sis\u00e4lt\u00e4v\u00e4 kastikesekoitus. Ihanteellinen grillaukseen ja marinointiin","og_url":"https:\/\/bbqassad.ee\/fi\/toode\/bad-byrons-butt-rub-competition-bbq-kastike\/","og_site_name":"BBQ \u00c4ssad","article_publisher":"https:\/\/www.facebook.com\/bbqassad","article_modified_time":"2026-04-14T06:33:17+00:00","og_image":[{"url":"https:\/\/bbqassad.ee\/wp-content\/uploads\/2023\/11\/Nimetu-kujundus-27-1.png","type":"","width":"","height":""}],"twitter_card":"summary_large_image","twitter_title":"Bad Byron's Butt Rub BBQ-kastike 396g -% BBQ \u00c4ssad%","twitter_description":"Bad Byron's Butt Rub Competition BBQ Sauce on herkullinen ketsuppia, siirappia, etikkaa ja mausteita sis\u00e4lt\u00e4v\u00e4 kastikesekoitus. Ihanteellinen grillaukseen ja marinointiin","twitter_image":"https:\/\/bbqassad.ee\/wp-content\/uploads\/2023\/11\/Nimetu-kujundus-27-1.png","twitter_misc":{"Arvioitu lukuaika":"1 minuutti"},"schema":{"@context":"https:\/\/schema.org","@graph":[{"@type":"WebPage","@id":"https:\/\/bbqassad.ee\/fi\/toode\/bad-byrons-butt-rub-competition-bbq-kastike\/","url":"https:\/\/bbqassad.ee\/fi\/toode\/bad-byrons-butt-rub-competition-bbq-kastike\/","name":"Bad Byron's Butt Rub BBQ-kastike 396g - % BBQ \u00c4ssad %","isPartOf":{"@id":"https:\/\/bbqassad.ee\/fi\/#website"},"primaryImageOfPage":{"@id":"https:\/\/bbqassad.ee\/fi\/toode\/bad-byrons-butt-rub-competition-bbq-kastike\/#primaryimage"},"image":{"@id":"https:\/\/bbqassad.ee\/fi\/toode\/bad-byrons-butt-rub-competition-bbq-kastike\/#primaryimage"},"thumbnailUrl":"https:\/\/bbqassad.ee\/wp-content\/uploads\/2023\/11\/Nimetu-kujundus-27-1.png","datePublished":"2023-11-17T08:34:54+00:00","dateModified":"2026-04-14T06:33:17+00:00","description":"Bad Byron's Butt Rub Competition BBQ Sauce on herkullinen ketsuppia, siirappia, etikkaa ja mausteita sis\u00e4lt\u00e4v\u00e4 kastikesekoitus. Ihanteellinen grillaukseen ja marinointiin","breadcrumb":{"@id":"https:\/\/bbqassad.ee\/fi\/toode\/bad-byrons-butt-rub-competition-bbq-kastike\/#breadcrumb"},"inLanguage":"fi","potentialAction":[{"@type":"ReadAction","target":["https:\/\/bbqassad.ee\/fi\/toode\/bad-byrons-butt-rub-competition-bbq-kastike\/"]}]},{"@type":"ImageObject","inLanguage":"fi","@id":"https:\/\/bbqassad.ee\/fi\/toode\/bad-byrons-butt-rub-competition-bbq-kastike\/#primaryimage","url":"https:\/\/bbqassad.ee\/wp-content\/uploads\/2023\/11\/Nimetu-kujundus-27-1.png","contentUrl":"https:\/\/bbqassad.ee\/wp-content\/uploads\/2023\/11\/Nimetu-kujundus-27-1.png","width":1080,"height":1080},{"@type":"BreadcrumbList","@id":"https:\/\/bbqassad.ee\/fi\/toode\/bad-byrons-butt-rub-competition-bbq-kastike\/#breadcrumb","itemListElement":[{"@type":"ListItem","position":1,"name":"Home","item":"https:\/\/bbqassad.ee\/fi\/bbq-assat\/"},{"@type":"ListItem","position":2,"name":"Verkkokauppa","item":"https:\/\/bbqassad.ee\/fi\/verkkokauppa\/"},{"@type":"ListItem","position":3,"name":"Bad Byron&#8217;s Butt Rub Competition BBQ -kastike"}]},{"@type":"WebSite","@id":"https:\/\/bbqassad.ee\/fi\/#website","url":"https:\/\/bbqassad.ee\/fi\/","name":"BBQ \u00c4ssad","description":"BBQ maitseained, kastmed, ahjud","publisher":{"@id":"https:\/\/bbqassad.ee\/fi\/#organization"},"potentialAction":[{"@type":"SearchAction","target":{"@type":"EntryPoint","urlTemplate":"https:\/\/bbqassad.ee\/fi\/?s={search_term_string}"},"query-input":{"@type":"PropertyValueSpecification","valueRequired":true,"valueName":"search_term_string"}}],"inLanguage":"fi"},{"@type":"Organization","@id":"https:\/\/bbqassad.ee\/fi\/#organization","name":"BBQ \u00c4ssad","url":"https:\/\/bbqassad.ee\/fi\/","logo":{"@type":"ImageObject","inLanguage":"fi","@id":"https:\/\/bbqassad.ee\/fi\/#\/schema\/logo\/image\/","url":"https:\/\/bbqassad.ee\/wp-content\/uploads\/2022\/10\/BBQ-2ssadlogo.png","contentUrl":"https:\/\/bbqassad.ee\/wp-content\/uploads\/2022\/10\/BBQ-2ssadlogo.png","width":1080,"height":1080,"caption":"BBQ \u00c4ssad"},"image":{"@id":"https:\/\/bbqassad.ee\/fi\/#\/schema\/logo\/image\/"},"sameAs":["https:\/\/www.facebook.com\/bbqassad","https:\/\/www.youtube.com\/channel\/UCsoufn49J6TVi9Ah9meE93w"]}]}},"_links":{"self":[{"href":"https:\/\/bbqassad.ee\/fi\/wp-json\/wp\/v2\/product\/22725","targetHints":{"allow":["GET"]}}],"collection":[{"href":"https:\/\/bbqassad.ee\/fi\/wp-json\/wp\/v2\/product"}],"about":[{"href":"https:\/\/bbqassad.ee\/fi\/wp-json\/wp\/v2\/types\/product"}],"replies":[{"embeddable":true,"href":"https:\/\/bbqassad.ee\/fi\/wp-json\/wp\/v2\/comments?post=22725"}],"wp:featuredmedia":[{"embeddable":true,"href":"https:\/\/bbqassad.ee\/fi\/wp-json\/wp\/v2\/media\/22729"}],"wp:attachment":[{"href":"https:\/\/bbqassad.ee\/fi\/wp-json\/wp\/v2\/media?parent=22725"}],"wp:term":[{"taxonomy":"product_brand","embeddable":true,"href":"https:\/\/bbqassad.ee\/fi\/wp-json\/wp\/v2\/product_brand?post=22725"},{"taxonomy":"product_cat","embeddable":true,"href":"https:\/\/bbqassad.ee\/fi\/wp-json\/wp\/v2\/product_cat?post=22725"},{"taxonomy":"product_tag","embeddable":true,"href":"https:\/\/bbqassad.ee\/fi\/wp-json\/wp\/v2\/product_tag?post=22725"}],"curies":[{"name":"wp","href":"https:\/\/api.w.org\/{rel}","templated":true}]}}