{"id":22723,"date":"2023-11-17T08:56:03","date_gmt":"2023-11-17T08:56:03","guid":{"rendered":"https:\/\/bbqassad.ee\/toode\/meat-church-honey-bacon-bbq-rub-2\/"},"modified":"2026-04-14T06:33:17","modified_gmt":"2026-04-14T06:33:17","slug":"meat-church-honey-bacon-bbq-rub-2","status":"publish","type":"product","link":"https:\/\/bbqassad.ee\/fi\/toode\/meat-church-honey-bacon-bbq-rub-2\/","title":{"rendered":"Meat Church Honey Bacon BBQ rub"},"content":{"rendered":"<h2>Meat Church Honey Bacon BBQ rub<\/h2>\n<p>Lihakirkkomausteet ovat osoittautuneet Virossa varsin suosituiksi, ja hyv\u00e4st\u00e4 syyst\u00e4, sill\u00e4 ne ovat yksinkertaisesti todella hyvi\u00e4. Meat Church on my\u00f6s eritt\u00e4in suosittu Youtubessa ja n\u00e4ytt\u00e4\u00e4 jatkuvasti uusia reseptej\u00e4 ja tukee niit\u00e4 laadukkailla mausteillaan. Honey Bacon -mausteseoksen tapauksessa he ottivat heid\u00e4n suosituimman mausteseoksensa Honey Hog ja lis\u00e4siv\u00e4t siihen pekonia, koska pekoni tekee kaikesta parempaa. Se on nyt my\u00f6s yksi Euroopan suosituimmista ja myydyimmist\u00e4 bbq rubeista.   <\/p>\n<h3>BBQ Aces kommentti<\/h3>\n<p>Makea rub, sopii hyvin sianlihan kanssa.<\/p>\n<h3>Ammattilaisen vinkki<\/h3>\n<p>Vaikka jotkut valmistajat vaativat sinua ostamaan n\u00e4m\u00e4 maut erikseen, t\u00e4ss\u00e4 purkissa on molempia &#8211; laita yksi liuskaan kahden sijasta.<\/p>\n<p>&nbsp;<\/p>\n","protected":false},"excerpt":{"rendered":"<div class=\"page\" title=\"Sivu 1\">\n<div class=\"section\">\n<div class=\"layoutArea\">\n<div class=\"column\">\n<p>Ainesosat: sokeri; suola; hunajajauhe (puhdistettu siirappi, hunaja); mausteet, mukaan lukien paprika; dekstroosi, kuivattu valkosipuli; selleri; enint\u00e4\u00e4n 2 % piidioksidia paakkuuntumisen est\u00e4miseksi; mausteuutteet.<br \/>\nRavintosis\u00e4lt\u00f6 100 g:aa kohti: energia: 1393 kJ\/333 kcal; rasvat: 0 g, josta tyydyttyneit\u00e4 rasvahappoja: 0 g; hiilihydraatit: 67 g, josta sokereita: 67 g; proteiinit: 0 g; suola: 21,7 g.<br \/>\nParasta ennen: ks. pakkaus. Valmistettu Yhdysvalloissa. Myyj\u00e4 Virossa: BBQ Aces O\u00dc www.bbqassad.ee.  <\/p>\n<\/div>\n<\/div>\n<\/div>\n<\/div>\n","protected":false},"featured_media":22724,"comment_status":"open","ping_status":"closed","template":"","meta":[],"product_brand":[],"product_cat":[802],"product_tag":[],"class_list":{"0":"post-22723","1":"product","2":"type-product","3":"status-publish","4":"has-post-thumbnail","6":"product_cat-sekoitukset","8":"first","9":"outofstock","10":"taxable","11":"shipping-taxable","12":"purchasable","13":"product-type-simple"},"yoast_head":"<!-- This site is optimized with the Yoast SEO plugin v27.4 - https:\/\/yoast.com\/product\/yoast-seo-wordpress\/ -->\n<title>Meat Church Honey Bacon BBQ rub - BBQ \u00c4ssad<\/title>\n<meta name=\"description\" content=\"Makea Honey Bacon BBQ rub, joka sopii erityisen hyvin sianlihalle. Hunajan ja pekonin makuja samassa purkissa - t\u00e4ydellinen ribseille ja pulled porkille.\" \/>\n<meta name=\"robots\" content=\"index, follow, max-snippet:-1, max-image-preview:large, max-video-preview:-1\" \/>\n<link rel=\"canonical\" href=\"https:\/\/bbqassad.ee\/fi\/toode\/meat-church-honey-bacon-bbq-rub-2\/\" \/>\n<meta property=\"og:locale\" content=\"fi_FI\" \/>\n<meta property=\"og:type\" content=\"article\" \/>\n<meta property=\"og:title\" content=\"Meat Church Honey Bacon BBQ rub\" \/>\n<meta property=\"og:description\" content=\"Makea Honey Bacon BBQ rub, joka sopii erityisen hyvin sianlihalle. Hunajan ja pekonin makuja samassa purkissa - t\u00e4ydellinen ribseille ja pulled porkille.\" \/>\n<meta property=\"og:url\" content=\"https:\/\/bbqassad.ee\/fi\/toode\/meat-church-honey-bacon-bbq-rub-2\/\" \/>\n<meta property=\"og:site_name\" content=\"BBQ \u00c4ssad\" \/>\n<meta property=\"article:publisher\" content=\"https:\/\/www.facebook.com\/bbqassad\" \/>\n<meta property=\"article:modified_time\" content=\"2026-04-14T06:33:17+00:00\" \/>\n<meta property=\"og:image\" content=\"https:\/\/bbqassad.ee\/wp-content\/uploads\/2023\/11\/Nimetu-kujundus-11.png\" \/>\n\t<meta property=\"og:image:width\" content=\"1600\" \/>\n\t<meta property=\"og:image:height\" content=\"900\" \/>\n\t<meta property=\"og:image:type\" content=\"image\/png\" \/>\n<meta name=\"twitter:card\" content=\"summary_large_image\" \/>\n<meta name=\"twitter:label1\" content=\"Arvioitu lukuaika\" \/>\n\t<meta name=\"twitter:data1\" content=\"1 minuutti\" \/>\n<script type=\"application\/ld+json\" class=\"yoast-schema-graph\">{\"@context\":\"https:\\\/\\\/schema.org\",\"@graph\":[{\"@type\":\"WebPage\",\"@id\":\"https:\\\/\\\/bbqassad.ee\\\/fi\\\/toode\\\/meat-church-honey-bacon-bbq-rub-2\\\/\",\"url\":\"https:\\\/\\\/bbqassad.ee\\\/fi\\\/toode\\\/meat-church-honey-bacon-bbq-rub-2\\\/\",\"name\":\"Meat Church Honey Bacon BBQ rub - BBQ \u00c4ssad\",\"isPartOf\":{\"@id\":\"https:\\\/\\\/bbqassad.ee\\\/fi\\\/#website\"},\"primaryImageOfPage\":{\"@id\":\"https:\\\/\\\/bbqassad.ee\\\/fi\\\/toode\\\/meat-church-honey-bacon-bbq-rub-2\\\/#primaryimage\"},\"image\":{\"@id\":\"https:\\\/\\\/bbqassad.ee\\\/fi\\\/toode\\\/meat-church-honey-bacon-bbq-rub-2\\\/#primaryimage\"},\"thumbnailUrl\":\"https:\\\/\\\/bbqassad.ee\\\/wp-content\\\/uploads\\\/2023\\\/11\\\/Nimetu-kujundus-11.png\",\"datePublished\":\"2023-11-17T08:56:03+00:00\",\"dateModified\":\"2026-04-14T06:33:17+00:00\",\"description\":\"Makea Honey Bacon BBQ rub, joka sopii erityisen hyvin sianlihalle. Hunajan ja pekonin makuja samassa purkissa - t\u00e4ydellinen ribseille ja pulled porkille.\",\"breadcrumb\":{\"@id\":\"https:\\\/\\\/bbqassad.ee\\\/fi\\\/toode\\\/meat-church-honey-bacon-bbq-rub-2\\\/#breadcrumb\"},\"inLanguage\":\"fi\",\"potentialAction\":[{\"@type\":\"ReadAction\",\"target\":[\"https:\\\/\\\/bbqassad.ee\\\/fi\\\/toode\\\/meat-church-honey-bacon-bbq-rub-2\\\/\"]}]},{\"@type\":\"ImageObject\",\"inLanguage\":\"fi\",\"@id\":\"https:\\\/\\\/bbqassad.ee\\\/fi\\\/toode\\\/meat-church-honey-bacon-bbq-rub-2\\\/#primaryimage\",\"url\":\"https:\\\/\\\/bbqassad.ee\\\/wp-content\\\/uploads\\\/2023\\\/11\\\/Nimetu-kujundus-11.png\",\"contentUrl\":\"https:\\\/\\\/bbqassad.ee\\\/wp-content\\\/uploads\\\/2023\\\/11\\\/Nimetu-kujundus-11.png\",\"width\":1600,\"height\":900,\"caption\":\"Meat Church Honey Bacon BBQ rub\"},{\"@type\":\"BreadcrumbList\",\"@id\":\"https:\\\/\\\/bbqassad.ee\\\/fi\\\/toode\\\/meat-church-honey-bacon-bbq-rub-2\\\/#breadcrumb\",\"itemListElement\":[{\"@type\":\"ListItem\",\"position\":1,\"name\":\"Home\",\"item\":\"https:\\\/\\\/bbqassad.ee\\\/fi\\\/bbq-assat\\\/\"},{\"@type\":\"ListItem\",\"position\":2,\"name\":\"Verkkokauppa\",\"item\":\"https:\\\/\\\/bbqassad.ee\\\/fi\\\/verkkokauppa\\\/\"},{\"@type\":\"ListItem\",\"position\":3,\"name\":\"Meat Church Honey Bacon BBQ rub\"}]},{\"@type\":\"WebSite\",\"@id\":\"https:\\\/\\\/bbqassad.ee\\\/fi\\\/#website\",\"url\":\"https:\\\/\\\/bbqassad.ee\\\/fi\\\/\",\"name\":\"BBQ \u00c4ssad\",\"description\":\"BBQ maitseained, kastmed, ahjud\",\"publisher\":{\"@id\":\"https:\\\/\\\/bbqassad.ee\\\/fi\\\/#organization\"},\"potentialAction\":[{\"@type\":\"SearchAction\",\"target\":{\"@type\":\"EntryPoint\",\"urlTemplate\":\"https:\\\/\\\/bbqassad.ee\\\/fi\\\/?s={search_term_string}\"},\"query-input\":{\"@type\":\"PropertyValueSpecification\",\"valueRequired\":true,\"valueName\":\"search_term_string\"}}],\"inLanguage\":\"fi\"},{\"@type\":\"Organization\",\"@id\":\"https:\\\/\\\/bbqassad.ee\\\/fi\\\/#organization\",\"name\":\"BBQ \u00c4ssad\",\"url\":\"https:\\\/\\\/bbqassad.ee\\\/fi\\\/\",\"logo\":{\"@type\":\"ImageObject\",\"inLanguage\":\"fi\",\"@id\":\"https:\\\/\\\/bbqassad.ee\\\/fi\\\/#\\\/schema\\\/logo\\\/image\\\/\",\"url\":\"https:\\\/\\\/bbqassad.ee\\\/wp-content\\\/uploads\\\/2022\\\/10\\\/BBQ-2ssadlogo.png\",\"contentUrl\":\"https:\\\/\\\/bbqassad.ee\\\/wp-content\\\/uploads\\\/2022\\\/10\\\/BBQ-2ssadlogo.png\",\"width\":1080,\"height\":1080,\"caption\":\"BBQ \u00c4ssad\"},\"image\":{\"@id\":\"https:\\\/\\\/bbqassad.ee\\\/fi\\\/#\\\/schema\\\/logo\\\/image\\\/\"},\"sameAs\":[\"https:\\\/\\\/www.facebook.com\\\/bbqassad\",\"https:\\\/\\\/www.youtube.com\\\/channel\\\/UCsoufn49J6TVi9Ah9meE93w\"]}]}<\/script>\n<!-- \/ Yoast SEO plugin. -->","yoast_head_json":{"title":"Meat Church Honey Bacon BBQ rub - BBQ \u00c4ssad","description":"Makea Honey Bacon BBQ rub, joka sopii erityisen hyvin sianlihalle. Hunajan ja pekonin makuja samassa purkissa - t\u00e4ydellinen ribseille ja pulled porkille.","robots":{"index":"index","follow":"follow","max-snippet":"max-snippet:-1","max-image-preview":"max-image-preview:large","max-video-preview":"max-video-preview:-1"},"canonical":"https:\/\/bbqassad.ee\/fi\/toode\/meat-church-honey-bacon-bbq-rub-2\/","og_locale":"fi_FI","og_type":"article","og_title":"Meat Church Honey Bacon BBQ rub","og_description":"Makea Honey Bacon BBQ rub, joka sopii erityisen hyvin sianlihalle. Hunajan ja pekonin makuja samassa purkissa - t\u00e4ydellinen ribseille ja pulled porkille.","og_url":"https:\/\/bbqassad.ee\/fi\/toode\/meat-church-honey-bacon-bbq-rub-2\/","og_site_name":"BBQ \u00c4ssad","article_publisher":"https:\/\/www.facebook.com\/bbqassad","article_modified_time":"2026-04-14T06:33:17+00:00","og_image":[{"width":1600,"height":900,"url":"https:\/\/bbqassad.ee\/wp-content\/uploads\/2023\/11\/Nimetu-kujundus-11.png","type":"image\/png"}],"twitter_card":"summary_large_image","twitter_misc":{"Arvioitu lukuaika":"1 minuutti"},"schema":{"@context":"https:\/\/schema.org","@graph":[{"@type":"WebPage","@id":"https:\/\/bbqassad.ee\/fi\/toode\/meat-church-honey-bacon-bbq-rub-2\/","url":"https:\/\/bbqassad.ee\/fi\/toode\/meat-church-honey-bacon-bbq-rub-2\/","name":"Meat Church Honey Bacon BBQ rub - BBQ \u00c4ssad","isPartOf":{"@id":"https:\/\/bbqassad.ee\/fi\/#website"},"primaryImageOfPage":{"@id":"https:\/\/bbqassad.ee\/fi\/toode\/meat-church-honey-bacon-bbq-rub-2\/#primaryimage"},"image":{"@id":"https:\/\/bbqassad.ee\/fi\/toode\/meat-church-honey-bacon-bbq-rub-2\/#primaryimage"},"thumbnailUrl":"https:\/\/bbqassad.ee\/wp-content\/uploads\/2023\/11\/Nimetu-kujundus-11.png","datePublished":"2023-11-17T08:56:03+00:00","dateModified":"2026-04-14T06:33:17+00:00","description":"Makea Honey Bacon BBQ rub, joka sopii erityisen hyvin sianlihalle. Hunajan ja pekonin makuja samassa purkissa - t\u00e4ydellinen ribseille ja pulled porkille.","breadcrumb":{"@id":"https:\/\/bbqassad.ee\/fi\/toode\/meat-church-honey-bacon-bbq-rub-2\/#breadcrumb"},"inLanguage":"fi","potentialAction":[{"@type":"ReadAction","target":["https:\/\/bbqassad.ee\/fi\/toode\/meat-church-honey-bacon-bbq-rub-2\/"]}]},{"@type":"ImageObject","inLanguage":"fi","@id":"https:\/\/bbqassad.ee\/fi\/toode\/meat-church-honey-bacon-bbq-rub-2\/#primaryimage","url":"https:\/\/bbqassad.ee\/wp-content\/uploads\/2023\/11\/Nimetu-kujundus-11.png","contentUrl":"https:\/\/bbqassad.ee\/wp-content\/uploads\/2023\/11\/Nimetu-kujundus-11.png","width":1600,"height":900,"caption":"Meat Church Honey Bacon BBQ rub"},{"@type":"BreadcrumbList","@id":"https:\/\/bbqassad.ee\/fi\/toode\/meat-church-honey-bacon-bbq-rub-2\/#breadcrumb","itemListElement":[{"@type":"ListItem","position":1,"name":"Home","item":"https:\/\/bbqassad.ee\/fi\/bbq-assat\/"},{"@type":"ListItem","position":2,"name":"Verkkokauppa","item":"https:\/\/bbqassad.ee\/fi\/verkkokauppa\/"},{"@type":"ListItem","position":3,"name":"Meat Church Honey Bacon BBQ rub"}]},{"@type":"WebSite","@id":"https:\/\/bbqassad.ee\/fi\/#website","url":"https:\/\/bbqassad.ee\/fi\/","name":"BBQ \u00c4ssad","description":"BBQ maitseained, kastmed, ahjud","publisher":{"@id":"https:\/\/bbqassad.ee\/fi\/#organization"},"potentialAction":[{"@type":"SearchAction","target":{"@type":"EntryPoint","urlTemplate":"https:\/\/bbqassad.ee\/fi\/?s={search_term_string}"},"query-input":{"@type":"PropertyValueSpecification","valueRequired":true,"valueName":"search_term_string"}}],"inLanguage":"fi"},{"@type":"Organization","@id":"https:\/\/bbqassad.ee\/fi\/#organization","name":"BBQ \u00c4ssad","url":"https:\/\/bbqassad.ee\/fi\/","logo":{"@type":"ImageObject","inLanguage":"fi","@id":"https:\/\/bbqassad.ee\/fi\/#\/schema\/logo\/image\/","url":"https:\/\/bbqassad.ee\/wp-content\/uploads\/2022\/10\/BBQ-2ssadlogo.png","contentUrl":"https:\/\/bbqassad.ee\/wp-content\/uploads\/2022\/10\/BBQ-2ssadlogo.png","width":1080,"height":1080,"caption":"BBQ \u00c4ssad"},"image":{"@id":"https:\/\/bbqassad.ee\/fi\/#\/schema\/logo\/image\/"},"sameAs":["https:\/\/www.facebook.com\/bbqassad","https:\/\/www.youtube.com\/channel\/UCsoufn49J6TVi9Ah9meE93w"]}]}},"_links":{"self":[{"href":"https:\/\/bbqassad.ee\/fi\/wp-json\/wp\/v2\/product\/22723","targetHints":{"allow":["GET"]}}],"collection":[{"href":"https:\/\/bbqassad.ee\/fi\/wp-json\/wp\/v2\/product"}],"about":[{"href":"https:\/\/bbqassad.ee\/fi\/wp-json\/wp\/v2\/types\/product"}],"replies":[{"embeddable":true,"href":"https:\/\/bbqassad.ee\/fi\/wp-json\/wp\/v2\/comments?post=22723"}],"wp:featuredmedia":[{"embeddable":true,"href":"https:\/\/bbqassad.ee\/fi\/wp-json\/wp\/v2\/media\/22724"}],"wp:attachment":[{"href":"https:\/\/bbqassad.ee\/fi\/wp-json\/wp\/v2\/media?parent=22723"}],"wp:term":[{"taxonomy":"product_brand","embeddable":true,"href":"https:\/\/bbqassad.ee\/fi\/wp-json\/wp\/v2\/product_brand?post=22723"},{"taxonomy":"product_cat","embeddable":true,"href":"https:\/\/bbqassad.ee\/fi\/wp-json\/wp\/v2\/product_cat?post=22723"},{"taxonomy":"product_tag","embeddable":true,"href":"https:\/\/bbqassad.ee\/fi\/wp-json\/wp\/v2\/product_tag?post=22723"}],"curies":[{"name":"wp","href":"https:\/\/api.w.org\/{rel}","templated":true}]}}