{"id":22711,"date":"2023-11-17T09:16:03","date_gmt":"2023-11-17T09:16:03","guid":{"rendered":"https:\/\/bbqassad.ee\/toode\/lihakirkon-deez-pahkinat-hunaja-pekaanipahkina\/"},"modified":"2026-04-14T06:33:17","modified_gmt":"2026-04-14T06:33:17","slug":"lihakirkon-deez-pahkinat-hunaja-pekaanipahkina","status":"publish","type":"product","link":"https:\/\/bbqassad.ee\/fi\/toode\/lihakirkon-deez-pahkinat-hunaja-pekaanipahkina\/","title":{"rendered":"Meat Church Deez Nuts Honey Pecan -mausteseos"},"content":{"rendered":"<h2>Lihakirkon Deez P\u00e4hkin\u00e4t (hunaja-pekaanip\u00e4hkin\u00e4)<\/h2>\n<p>Lihakirkkomausteet ovat osoittautuneet Virossa varsin suosituiksi, ja hyv\u00e4st\u00e4 syyst\u00e4, sill\u00e4 ne ovat yksinkertaisesti todella hyvi\u00e4. Meat Church on my\u00f6s eritt\u00e4in suosittu Youtubessa ja n\u00e4ytt\u00e4\u00e4 jatkuvasti uusia reseptej\u00e4 ja tukee niit\u00e4 laadukkailla mausteillaan. Deez Nutz on hunajan ja pekaanip\u00e4hkin\u00e4n makuinen sekoitus, joka on makea.  <\/p>\n<h3>BBQ Aces kommentti<\/h3>\n<p>Makea rub, sopii hyvin sianlihan kanssa.<\/p>\n<h3>Ammattilaisen vinkki<\/h3>\n<p>Vaikka jotkut valmistajat vaativat sinua ostamaan n\u00e4m\u00e4 maut erikseen, t\u00e4ss\u00e4 purkissa on molempia &#8211; laita yksi liuskaan kahden sijasta.<\/p>\n<p>&nbsp;<\/p>\n","protected":false},"excerpt":{"rendered":"<div class=\"page\" title=\"Sivu 1\">\n<div class=\"section\">\n<div class=\"layoutArea\">\n<div class=\"column\">\n<p>Nettopaino 340 g<br \/>\nAinesosat: sokeri; suola; hunajajauhe (puhdistettu siirappi, hunaja); mausteet, mukaan lukien paprika; dekstroosi; kuivattu valkosipuli; selleri; enint\u00e4\u00e4n 2 % piidioksidia paakkuuntumisen est\u00e4miseksi; mausteuutteet ja luonnollinen pekaanip\u00e4hkin\u00e4aromi.<br \/>\nRavintosis\u00e4lt\u00f6 100 g kohti: energia: 1393 kJ\/333 kcal; rasva: 0 g, josta tyydyttyneit\u00e4 rasvahappoja: 0 g; hiilihydraatit: 67 g, josta sokereita: 67 g; proteiini: 0 g; suola: 21,7 g.<br \/>\nParasta ennen: katso pakkauksesta. Valmistettu Yhdysvalloissa. Myyj\u00e4 Virossa: BBQ Aces O\u00dc www.bbqassad.ee.  <\/p>\n<\/div>\n<\/div>\n<\/div>\n<\/div>\n","protected":false},"featured_media":22713,"comment_status":"open","ping_status":"closed","template":"","meta":[],"product_brand":[],"product_cat":[802],"product_tag":[],"class_list":{"0":"post-22711","1":"product","2":"type-product","3":"status-publish","4":"has-post-thumbnail","6":"product_cat-sekoitukset","8":"first","9":"outofstock","10":"taxable","11":"shipping-taxable","12":"purchasable","13":"product-type-simple"},"yoast_head":"<!-- This site is optimized with the Yoast SEO plugin v27.4 - https:\/\/yoast.com\/product\/yoast-seo-wordpress\/ -->\n<title>Meat Church Deez Nuts (Honey Pecan) 340g -% BBQ \u00c4ssad%<\/title>\n<meta name=\"description\" content=\"Meat Church Deez Nuts (Honey Pecan) on mausteseos, joka sis\u00e4lt\u00e4\u00e4 sokeria, suolaa, hunajajauhetta ja mausteita. Tuote on valmistettu Yhdysvalloissa.\" \/>\n<meta name=\"robots\" content=\"index, follow, max-snippet:-1, max-image-preview:large, max-video-preview:-1\" \/>\n<link rel=\"canonical\" href=\"https:\/\/bbqassad.ee\/fi\/toode\/lihakirkon-deez-pahkinat-hunaja-pekaanipahkina\/\" \/>\n<meta property=\"og:locale\" content=\"fi_FI\" \/>\n<meta property=\"og:type\" content=\"article\" \/>\n<meta property=\"og:title\" content=\"Meat Church Deez Nuts (Honey Pecan) 340g -% BBQ \u00c4ssad%\" \/>\n<meta property=\"og:description\" content=\"Meat Church Deez Nuts (Honey Pecan) on mausteseos, joka sis\u00e4lt\u00e4\u00e4 sokeria, suolaa, hunajajauhetta ja mausteita. Tuote on valmistettu Yhdysvalloissa.\" \/>\n<meta property=\"og:url\" content=\"https:\/\/bbqassad.ee\/fi\/toode\/lihakirkon-deez-pahkinat-hunaja-pekaanipahkina\/\" \/>\n<meta property=\"og:site_name\" content=\"BBQ \u00c4ssad\" \/>\n<meta property=\"article:publisher\" content=\"https:\/\/www.facebook.com\/bbqassad\" \/>\n<meta property=\"article:modified_time\" content=\"2026-04-14T06:33:17+00:00\" \/>\n<meta property=\"og:image\" content=\"https:\/\/bbqassad.ee\/wp-content\/uploads\/2023\/11\/Nimetu-kujundus-10.png\" \/>\n<meta name=\"twitter:card\" content=\"summary_large_image\" \/>\n<meta name=\"twitter:title\" content=\"Meat Church Deez Nuts (Honey Pecan) 340g -% BBQ \u00c4ssad%\" \/>\n<meta name=\"twitter:description\" content=\"Meat Church Deez Nuts (Honey Pecan) on mausteseos, joka sis\u00e4lt\u00e4\u00e4 sokeria, suolaa, hunajajauhetta ja mausteita. Tuote on valmistettu Yhdysvalloissa.\" \/>\n<meta name=\"twitter:image\" content=\"https:\/\/bbqassad.ee\/wp-content\/uploads\/2023\/11\/Nimetu-kujundus-10.png\" \/>\n<script type=\"application\/ld+json\" class=\"yoast-schema-graph\">{\"@context\":\"https:\\\/\\\/schema.org\",\"@graph\":[{\"@type\":\"WebPage\",\"@id\":\"https:\\\/\\\/bbqassad.ee\\\/fi\\\/toode\\\/lihakirkon-deez-pahkinat-hunaja-pekaanipahkina\\\/\",\"url\":\"https:\\\/\\\/bbqassad.ee\\\/fi\\\/toode\\\/lihakirkon-deez-pahkinat-hunaja-pekaanipahkina\\\/\",\"name\":\"Meat Church Deez Nuts (Honey Pecan) 340g -% BBQ \u00c4ssad%\",\"isPartOf\":{\"@id\":\"https:\\\/\\\/bbqassad.ee\\\/fi\\\/#website\"},\"primaryImageOfPage\":{\"@id\":\"https:\\\/\\\/bbqassad.ee\\\/fi\\\/toode\\\/lihakirkon-deez-pahkinat-hunaja-pekaanipahkina\\\/#primaryimage\"},\"image\":{\"@id\":\"https:\\\/\\\/bbqassad.ee\\\/fi\\\/toode\\\/lihakirkon-deez-pahkinat-hunaja-pekaanipahkina\\\/#primaryimage\"},\"thumbnailUrl\":\"https:\\\/\\\/bbqassad.ee\\\/wp-content\\\/uploads\\\/2023\\\/11\\\/Nimetu-kujundus-10.png\",\"datePublished\":\"2023-11-17T09:16:03+00:00\",\"dateModified\":\"2026-04-14T06:33:17+00:00\",\"description\":\"Meat Church Deez Nuts (Honey Pecan) on mausteseos, joka sis\u00e4lt\u00e4\u00e4 sokeria, suolaa, hunajajauhetta ja mausteita. Tuote on valmistettu Yhdysvalloissa.\",\"breadcrumb\":{\"@id\":\"https:\\\/\\\/bbqassad.ee\\\/fi\\\/toode\\\/lihakirkon-deez-pahkinat-hunaja-pekaanipahkina\\\/#breadcrumb\"},\"inLanguage\":\"fi\",\"potentialAction\":[{\"@type\":\"ReadAction\",\"target\":[\"https:\\\/\\\/bbqassad.ee\\\/fi\\\/toode\\\/lihakirkon-deez-pahkinat-hunaja-pekaanipahkina\\\/\"]}]},{\"@type\":\"ImageObject\",\"inLanguage\":\"fi\",\"@id\":\"https:\\\/\\\/bbqassad.ee\\\/fi\\\/toode\\\/lihakirkon-deez-pahkinat-hunaja-pekaanipahkina\\\/#primaryimage\",\"url\":\"https:\\\/\\\/bbqassad.ee\\\/wp-content\\\/uploads\\\/2023\\\/11\\\/Nimetu-kujundus-10.png\",\"contentUrl\":\"https:\\\/\\\/bbqassad.ee\\\/wp-content\\\/uploads\\\/2023\\\/11\\\/Nimetu-kujundus-10.png\",\"width\":1280,\"height\":720},{\"@type\":\"BreadcrumbList\",\"@id\":\"https:\\\/\\\/bbqassad.ee\\\/fi\\\/toode\\\/lihakirkon-deez-pahkinat-hunaja-pekaanipahkina\\\/#breadcrumb\",\"itemListElement\":[{\"@type\":\"ListItem\",\"position\":1,\"name\":\"Home\",\"item\":\"https:\\\/\\\/bbqassad.ee\\\/fi\\\/bbq-assat\\\/\"},{\"@type\":\"ListItem\",\"position\":2,\"name\":\"Verkkokauppa\",\"item\":\"https:\\\/\\\/bbqassad.ee\\\/fi\\\/verkkokauppa\\\/\"},{\"@type\":\"ListItem\",\"position\":3,\"name\":\"Meat Church Deez Nuts Honey Pecan -mausteseos\"}]},{\"@type\":\"WebSite\",\"@id\":\"https:\\\/\\\/bbqassad.ee\\\/fi\\\/#website\",\"url\":\"https:\\\/\\\/bbqassad.ee\\\/fi\\\/\",\"name\":\"BBQ \u00c4ssad\",\"description\":\"BBQ maitseained, kastmed, ahjud\",\"publisher\":{\"@id\":\"https:\\\/\\\/bbqassad.ee\\\/fi\\\/#organization\"},\"potentialAction\":[{\"@type\":\"SearchAction\",\"target\":{\"@type\":\"EntryPoint\",\"urlTemplate\":\"https:\\\/\\\/bbqassad.ee\\\/fi\\\/?s={search_term_string}\"},\"query-input\":{\"@type\":\"PropertyValueSpecification\",\"valueRequired\":true,\"valueName\":\"search_term_string\"}}],\"inLanguage\":\"fi\"},{\"@type\":\"Organization\",\"@id\":\"https:\\\/\\\/bbqassad.ee\\\/fi\\\/#organization\",\"name\":\"BBQ \u00c4ssad\",\"url\":\"https:\\\/\\\/bbqassad.ee\\\/fi\\\/\",\"logo\":{\"@type\":\"ImageObject\",\"inLanguage\":\"fi\",\"@id\":\"https:\\\/\\\/bbqassad.ee\\\/fi\\\/#\\\/schema\\\/logo\\\/image\\\/\",\"url\":\"https:\\\/\\\/bbqassad.ee\\\/wp-content\\\/uploads\\\/2022\\\/10\\\/BBQ-2ssadlogo.png\",\"contentUrl\":\"https:\\\/\\\/bbqassad.ee\\\/wp-content\\\/uploads\\\/2022\\\/10\\\/BBQ-2ssadlogo.png\",\"width\":1080,\"height\":1080,\"caption\":\"BBQ \u00c4ssad\"},\"image\":{\"@id\":\"https:\\\/\\\/bbqassad.ee\\\/fi\\\/#\\\/schema\\\/logo\\\/image\\\/\"},\"sameAs\":[\"https:\\\/\\\/www.facebook.com\\\/bbqassad\",\"https:\\\/\\\/www.youtube.com\\\/channel\\\/UCsoufn49J6TVi9Ah9meE93w\"]}]}<\/script>\n<!-- \/ Yoast SEO plugin. -->","yoast_head_json":{"title":"Meat Church Deez Nuts (Honey Pecan) 340g -% BBQ \u00c4ssad%","description":"Meat Church Deez Nuts (Honey Pecan) on mausteseos, joka sis\u00e4lt\u00e4\u00e4 sokeria, suolaa, hunajajauhetta ja mausteita. Tuote on valmistettu Yhdysvalloissa.","robots":{"index":"index","follow":"follow","max-snippet":"max-snippet:-1","max-image-preview":"max-image-preview:large","max-video-preview":"max-video-preview:-1"},"canonical":"https:\/\/bbqassad.ee\/fi\/toode\/lihakirkon-deez-pahkinat-hunaja-pekaanipahkina\/","og_locale":"fi_FI","og_type":"article","og_title":"Meat Church Deez Nuts (Honey Pecan) 340g -% BBQ \u00c4ssad%","og_description":"Meat Church Deez Nuts (Honey Pecan) on mausteseos, joka sis\u00e4lt\u00e4\u00e4 sokeria, suolaa, hunajajauhetta ja mausteita. Tuote on valmistettu Yhdysvalloissa.","og_url":"https:\/\/bbqassad.ee\/fi\/toode\/lihakirkon-deez-pahkinat-hunaja-pekaanipahkina\/","og_site_name":"BBQ \u00c4ssad","article_publisher":"https:\/\/www.facebook.com\/bbqassad","article_modified_time":"2026-04-14T06:33:17+00:00","og_image":[{"url":"https:\/\/bbqassad.ee\/wp-content\/uploads\/2023\/11\/Nimetu-kujundus-10.png","type":"","width":"","height":""}],"twitter_card":"summary_large_image","twitter_title":"Meat Church Deez Nuts (Honey Pecan) 340g -% BBQ \u00c4ssad%","twitter_description":"Meat Church Deez Nuts (Honey Pecan) on mausteseos, joka sis\u00e4lt\u00e4\u00e4 sokeria, suolaa, hunajajauhetta ja mausteita. Tuote on valmistettu Yhdysvalloissa.","twitter_image":"https:\/\/bbqassad.ee\/wp-content\/uploads\/2023\/11\/Nimetu-kujundus-10.png","schema":{"@context":"https:\/\/schema.org","@graph":[{"@type":"WebPage","@id":"https:\/\/bbqassad.ee\/fi\/toode\/lihakirkon-deez-pahkinat-hunaja-pekaanipahkina\/","url":"https:\/\/bbqassad.ee\/fi\/toode\/lihakirkon-deez-pahkinat-hunaja-pekaanipahkina\/","name":"Meat Church Deez Nuts (Honey Pecan) 340g -% BBQ \u00c4ssad%","isPartOf":{"@id":"https:\/\/bbqassad.ee\/fi\/#website"},"primaryImageOfPage":{"@id":"https:\/\/bbqassad.ee\/fi\/toode\/lihakirkon-deez-pahkinat-hunaja-pekaanipahkina\/#primaryimage"},"image":{"@id":"https:\/\/bbqassad.ee\/fi\/toode\/lihakirkon-deez-pahkinat-hunaja-pekaanipahkina\/#primaryimage"},"thumbnailUrl":"https:\/\/bbqassad.ee\/wp-content\/uploads\/2023\/11\/Nimetu-kujundus-10.png","datePublished":"2023-11-17T09:16:03+00:00","dateModified":"2026-04-14T06:33:17+00:00","description":"Meat Church Deez Nuts (Honey Pecan) on mausteseos, joka sis\u00e4lt\u00e4\u00e4 sokeria, suolaa, hunajajauhetta ja mausteita. Tuote on valmistettu Yhdysvalloissa.","breadcrumb":{"@id":"https:\/\/bbqassad.ee\/fi\/toode\/lihakirkon-deez-pahkinat-hunaja-pekaanipahkina\/#breadcrumb"},"inLanguage":"fi","potentialAction":[{"@type":"ReadAction","target":["https:\/\/bbqassad.ee\/fi\/toode\/lihakirkon-deez-pahkinat-hunaja-pekaanipahkina\/"]}]},{"@type":"ImageObject","inLanguage":"fi","@id":"https:\/\/bbqassad.ee\/fi\/toode\/lihakirkon-deez-pahkinat-hunaja-pekaanipahkina\/#primaryimage","url":"https:\/\/bbqassad.ee\/wp-content\/uploads\/2023\/11\/Nimetu-kujundus-10.png","contentUrl":"https:\/\/bbqassad.ee\/wp-content\/uploads\/2023\/11\/Nimetu-kujundus-10.png","width":1280,"height":720},{"@type":"BreadcrumbList","@id":"https:\/\/bbqassad.ee\/fi\/toode\/lihakirkon-deez-pahkinat-hunaja-pekaanipahkina\/#breadcrumb","itemListElement":[{"@type":"ListItem","position":1,"name":"Home","item":"https:\/\/bbqassad.ee\/fi\/bbq-assat\/"},{"@type":"ListItem","position":2,"name":"Verkkokauppa","item":"https:\/\/bbqassad.ee\/fi\/verkkokauppa\/"},{"@type":"ListItem","position":3,"name":"Meat Church Deez Nuts Honey Pecan -mausteseos"}]},{"@type":"WebSite","@id":"https:\/\/bbqassad.ee\/fi\/#website","url":"https:\/\/bbqassad.ee\/fi\/","name":"BBQ \u00c4ssad","description":"BBQ maitseained, kastmed, ahjud","publisher":{"@id":"https:\/\/bbqassad.ee\/fi\/#organization"},"potentialAction":[{"@type":"SearchAction","target":{"@type":"EntryPoint","urlTemplate":"https:\/\/bbqassad.ee\/fi\/?s={search_term_string}"},"query-input":{"@type":"PropertyValueSpecification","valueRequired":true,"valueName":"search_term_string"}}],"inLanguage":"fi"},{"@type":"Organization","@id":"https:\/\/bbqassad.ee\/fi\/#organization","name":"BBQ \u00c4ssad","url":"https:\/\/bbqassad.ee\/fi\/","logo":{"@type":"ImageObject","inLanguage":"fi","@id":"https:\/\/bbqassad.ee\/fi\/#\/schema\/logo\/image\/","url":"https:\/\/bbqassad.ee\/wp-content\/uploads\/2022\/10\/BBQ-2ssadlogo.png","contentUrl":"https:\/\/bbqassad.ee\/wp-content\/uploads\/2022\/10\/BBQ-2ssadlogo.png","width":1080,"height":1080,"caption":"BBQ \u00c4ssad"},"image":{"@id":"https:\/\/bbqassad.ee\/fi\/#\/schema\/logo\/image\/"},"sameAs":["https:\/\/www.facebook.com\/bbqassad","https:\/\/www.youtube.com\/channel\/UCsoufn49J6TVi9Ah9meE93w"]}]}},"_links":{"self":[{"href":"https:\/\/bbqassad.ee\/fi\/wp-json\/wp\/v2\/product\/22711","targetHints":{"allow":["GET"]}}],"collection":[{"href":"https:\/\/bbqassad.ee\/fi\/wp-json\/wp\/v2\/product"}],"about":[{"href":"https:\/\/bbqassad.ee\/fi\/wp-json\/wp\/v2\/types\/product"}],"replies":[{"embeddable":true,"href":"https:\/\/bbqassad.ee\/fi\/wp-json\/wp\/v2\/comments?post=22711"}],"wp:featuredmedia":[{"embeddable":true,"href":"https:\/\/bbqassad.ee\/fi\/wp-json\/wp\/v2\/media\/22713"}],"wp:attachment":[{"href":"https:\/\/bbqassad.ee\/fi\/wp-json\/wp\/v2\/media?parent=22711"}],"wp:term":[{"taxonomy":"product_brand","embeddable":true,"href":"https:\/\/bbqassad.ee\/fi\/wp-json\/wp\/v2\/product_brand?post=22711"},{"taxonomy":"product_cat","embeddable":true,"href":"https:\/\/bbqassad.ee\/fi\/wp-json\/wp\/v2\/product_cat?post=22711"},{"taxonomy":"product_tag","embeddable":true,"href":"https:\/\/bbqassad.ee\/fi\/wp-json\/wp\/v2\/product_tag?post=22711"}],"curies":[{"name":"wp","href":"https:\/\/api.w.org\/{rel}","templated":true}]}}