{"id":22708,"date":"2023-11-17T09:16:34","date_gmt":"2023-11-17T09:16:34","guid":{"rendered":"https:\/\/bbqassad.ee\/toode\/killer-hogs-bbq-kastike\/"},"modified":"2026-04-14T06:33:17","modified_gmt":"2026-04-14T06:33:17","slug":"killer-hogs-bbq-kastike","status":"publish","type":"product","link":"https:\/\/bbqassad.ee\/fi\/toode\/killer-hogs-bbq-kastike\/","title":{"rendered":"Killer Hogs BBQ-kastike"},"content":{"rendered":"<div class=\"page\" title=\"Sivu 1\">\n<div class=\"section\">\n<div class=\"layoutArea\">\n<div class=\"column\">\n<h2>Killer Hogs BBQ-kastike<\/h2>\n<\/div>\n<p>Kaikki YouTube-fanit tuntevat Malcolm Reedin ja h\u00e4nen How to BBQ Right -kanavansa. Monet eiv\u00e4t tied\u00e4, ett\u00e4 h\u00e4nen Killer Hogs -niminen BBQ-tiimins\u00e4 on br\u00e4ndin kantavien rubien ja kastikkeiden takana. THE BBQ Sauce -kastike on makea BBQ-kastike eli suora kilpailija Blues Hog Originalille ja Heath Rilesin makealle kastikkeelle. Itse asiassa ne ovat kaikki niin samanlaisia ja viel\u00e4&#8230;.. niin erilaisia, mutta ne ovat kaikki pirun hyvi\u00e4.    <\/p>\n<h3>BBQ Aces kommentti<\/h3>\n<p>Hyv\u00e4 ja rehellinen, todella makea BBQ-kastike.<\/p>\n<h3>Ammattilaisen vinkki<\/h3>\n<p>Sekoita se etikkapohjaisiin kastikkeisiin, ja saat eritt\u00e4in j\u00e4nnitt\u00e4v\u00e4n lopputuloksen.<\/p>\n<\/div>\n<\/div>\n<\/div>\n","protected":false},"excerpt":{"rendered":"<div class=\"page\" title=\"Sivu 1\">\n<div class=\"section\">\n<div class=\"layoutArea\">\n<div class=\"column\">\n<p>Nettopaino 340 g.<br \/>\nAinesosat: ruskea sokeri; sokeri; suola; paprika; mausteet, mukaan lukien chili; haihdutettu ruokomehu; kuivattu valkosipuli ja appelsiininkuori; sipulijauhe; mononatriumglutamaatti; sinappijauhe; paprikauute (v\u00e4ri); tilli; kurkuma (v\u00e4ri) ja luonnonmausteet. Ravintosis\u00e4lt\u00f6 100 g:aa kohti: energia: 895 kJ\/214 kcal; rasvat: 0 g, josta tyydyttyneit\u00e4 rasvahappoja: 0 g; hiilihydraatit: 50 g, josta sokereita: 46 g; proteiinit: 0 g; suola: 1,7 g.<br \/>\nParasta ennen: ks. pakkaus. S\u00e4ilyt\u00e4 j\u00e4\u00e4kaapissa avaamisen j\u00e4lkeen.<br \/>\nMade in USA. Jakelija Virossa: BBQ Aces O\u00dc www.bbqassad.ee.   <\/p>\n<\/div>\n<\/div>\n<\/div>\n<\/div>\n","protected":false},"featured_media":22710,"comment_status":"open","ping_status":"closed","template":"","meta":[],"product_brand":[],"product_cat":[788],"product_tag":[],"class_list":{"0":"post-22708","1":"product","2":"type-product","3":"status-publish","4":"has-post-thumbnail","6":"product_cat-kastit","8":"first","9":"instock","10":"taxable","11":"shipping-taxable","12":"purchasable","13":"product-type-simple"},"yoast_head":"<!-- This site is optimized with the Yoast SEO plugin v27.4 - https:\/\/yoast.com\/product\/yoast-seo-wordpress\/ -->\n<title>Killer Hogs The BBQ-kastike 340 g - BBQ \u00c4ssad%<\/title>\n<meta name=\"description\" content=\"Killer Hogs BBQ -kastikkeen nettotilavuus on 340 g. Ainesosat ovat ruskea sokeri, suola, paprika ja luontaiset mausteet. Tuote on valmistettu Amerikassa.\" \/>\n<meta name=\"robots\" content=\"index, follow, max-snippet:-1, max-image-preview:large, max-video-preview:-1\" \/>\n<link rel=\"canonical\" href=\"https:\/\/bbqassad.ee\/fi\/toode\/killer-hogs-bbq-kastike\/\" \/>\n<meta property=\"og:locale\" content=\"fi_FI\" \/>\n<meta property=\"og:type\" content=\"article\" \/>\n<meta property=\"og:title\" content=\"Killer Hogs The BBQ Sauce 340 g - BBQ \u00c4ssad%\" \/>\n<meta property=\"og:description\" content=\"Killer Hogs BBQ -kastikkeen nettotilavuus on 340 g. Ainesosat ovat ruskea sokeri, suola, paprika ja luontaiset mausteet. Tuote on valmistettu Amerikassa.\" \/>\n<meta property=\"og:url\" content=\"https:\/\/bbqassad.ee\/fi\/toode\/killer-hogs-bbq-kastike\/\" \/>\n<meta property=\"og:site_name\" content=\"BBQ \u00c4ssad\" \/>\n<meta property=\"article:publisher\" content=\"https:\/\/www.facebook.com\/bbqassad\" \/>\n<meta property=\"article:modified_time\" content=\"2026-04-14T06:33:17+00:00\" \/>\n<meta property=\"og:image\" content=\"https:\/\/bbqassad.ee\/wp-content\/uploads\/2023\/11\/Nimetu-kujundus-9.png\" \/>\n<meta name=\"twitter:card\" content=\"summary_large_image\" \/>\n<meta name=\"twitter:title\" content=\"Killer Hogs The BBQ Sauce 340 g - BBQ \u00c4ssad%\" \/>\n<meta name=\"twitter:description\" content=\"Killer Hogs BBQ -kastikkeen nettotilavuus on 340 g. Ainesosat ovat ruskea sokeri, suola, paprika ja luontaiset mausteet. Tuote on valmistettu Amerikassa.\" \/>\n<meta name=\"twitter:image\" content=\"https:\/\/bbqassad.ee\/wp-content\/uploads\/2023\/11\/Nimetu-kujundus-9.png\" \/>\n<script type=\"application\/ld+json\" class=\"yoast-schema-graph\">{\"@context\":\"https:\\\/\\\/schema.org\",\"@graph\":[{\"@type\":\"WebPage\",\"@id\":\"https:\\\/\\\/bbqassad.ee\\\/fi\\\/toode\\\/killer-hogs-bbq-kastike\\\/\",\"url\":\"https:\\\/\\\/bbqassad.ee\\\/fi\\\/toode\\\/killer-hogs-bbq-kastike\\\/\",\"name\":\"Killer Hogs The BBQ-kastike 340 g - BBQ \u00c4ssad%\",\"isPartOf\":{\"@id\":\"https:\\\/\\\/bbqassad.ee\\\/fi\\\/#website\"},\"primaryImageOfPage\":{\"@id\":\"https:\\\/\\\/bbqassad.ee\\\/fi\\\/toode\\\/killer-hogs-bbq-kastike\\\/#primaryimage\"},\"image\":{\"@id\":\"https:\\\/\\\/bbqassad.ee\\\/fi\\\/toode\\\/killer-hogs-bbq-kastike\\\/#primaryimage\"},\"thumbnailUrl\":\"https:\\\/\\\/bbqassad.ee\\\/wp-content\\\/uploads\\\/2023\\\/11\\\/Nimetu-kujundus-9.png\",\"datePublished\":\"2023-11-17T09:16:34+00:00\",\"dateModified\":\"2026-04-14T06:33:17+00:00\",\"description\":\"Killer Hogs BBQ -kastikkeen nettotilavuus on 340 g. Ainesosat ovat ruskea sokeri, suola, paprika ja luontaiset mausteet. Tuote on valmistettu Amerikassa.\",\"breadcrumb\":{\"@id\":\"https:\\\/\\\/bbqassad.ee\\\/fi\\\/toode\\\/killer-hogs-bbq-kastike\\\/#breadcrumb\"},\"inLanguage\":\"fi\",\"potentialAction\":[{\"@type\":\"ReadAction\",\"target\":[\"https:\\\/\\\/bbqassad.ee\\\/fi\\\/toode\\\/killer-hogs-bbq-kastike\\\/\"]}]},{\"@type\":\"ImageObject\",\"inLanguage\":\"fi\",\"@id\":\"https:\\\/\\\/bbqassad.ee\\\/fi\\\/toode\\\/killer-hogs-bbq-kastike\\\/#primaryimage\",\"url\":\"https:\\\/\\\/bbqassad.ee\\\/wp-content\\\/uploads\\\/2023\\\/11\\\/Nimetu-kujundus-9.png\",\"contentUrl\":\"https:\\\/\\\/bbqassad.ee\\\/wp-content\\\/uploads\\\/2023\\\/11\\\/Nimetu-kujundus-9.png\",\"width\":1280,\"height\":720},{\"@type\":\"BreadcrumbList\",\"@id\":\"https:\\\/\\\/bbqassad.ee\\\/fi\\\/toode\\\/killer-hogs-bbq-kastike\\\/#breadcrumb\",\"itemListElement\":[{\"@type\":\"ListItem\",\"position\":1,\"name\":\"Home\",\"item\":\"https:\\\/\\\/bbqassad.ee\\\/fi\\\/bbq-assat\\\/\"},{\"@type\":\"ListItem\",\"position\":2,\"name\":\"Verkkokauppa\",\"item\":\"https:\\\/\\\/bbqassad.ee\\\/fi\\\/verkkokauppa\\\/\"},{\"@type\":\"ListItem\",\"position\":3,\"name\":\"Killer Hogs BBQ-kastike\"}]},{\"@type\":\"WebSite\",\"@id\":\"https:\\\/\\\/bbqassad.ee\\\/fi\\\/#website\",\"url\":\"https:\\\/\\\/bbqassad.ee\\\/fi\\\/\",\"name\":\"BBQ \u00c4ssad\",\"description\":\"BBQ maitseained, kastmed, ahjud\",\"publisher\":{\"@id\":\"https:\\\/\\\/bbqassad.ee\\\/fi\\\/#organization\"},\"potentialAction\":[{\"@type\":\"SearchAction\",\"target\":{\"@type\":\"EntryPoint\",\"urlTemplate\":\"https:\\\/\\\/bbqassad.ee\\\/fi\\\/?s={search_term_string}\"},\"query-input\":{\"@type\":\"PropertyValueSpecification\",\"valueRequired\":true,\"valueName\":\"search_term_string\"}}],\"inLanguage\":\"fi\"},{\"@type\":\"Organization\",\"@id\":\"https:\\\/\\\/bbqassad.ee\\\/fi\\\/#organization\",\"name\":\"BBQ \u00c4ssad\",\"url\":\"https:\\\/\\\/bbqassad.ee\\\/fi\\\/\",\"logo\":{\"@type\":\"ImageObject\",\"inLanguage\":\"fi\",\"@id\":\"https:\\\/\\\/bbqassad.ee\\\/fi\\\/#\\\/schema\\\/logo\\\/image\\\/\",\"url\":\"https:\\\/\\\/bbqassad.ee\\\/wp-content\\\/uploads\\\/2022\\\/10\\\/BBQ-2ssadlogo.png\",\"contentUrl\":\"https:\\\/\\\/bbqassad.ee\\\/wp-content\\\/uploads\\\/2022\\\/10\\\/BBQ-2ssadlogo.png\",\"width\":1080,\"height\":1080,\"caption\":\"BBQ \u00c4ssad\"},\"image\":{\"@id\":\"https:\\\/\\\/bbqassad.ee\\\/fi\\\/#\\\/schema\\\/logo\\\/image\\\/\"},\"sameAs\":[\"https:\\\/\\\/www.facebook.com\\\/bbqassad\",\"https:\\\/\\\/www.youtube.com\\\/channel\\\/UCsoufn49J6TVi9Ah9meE93w\"]}]}<\/script>\n<!-- \/ Yoast SEO plugin. -->","yoast_head_json":{"title":"Killer Hogs The BBQ-kastike 340 g - BBQ \u00c4ssad%","description":"Killer Hogs BBQ -kastikkeen nettotilavuus on 340 g. Ainesosat ovat ruskea sokeri, suola, paprika ja luontaiset mausteet. Tuote on valmistettu Amerikassa.","robots":{"index":"index","follow":"follow","max-snippet":"max-snippet:-1","max-image-preview":"max-image-preview:large","max-video-preview":"max-video-preview:-1"},"canonical":"https:\/\/bbqassad.ee\/fi\/toode\/killer-hogs-bbq-kastike\/","og_locale":"fi_FI","og_type":"article","og_title":"Killer Hogs The BBQ Sauce 340 g - BBQ \u00c4ssad%","og_description":"Killer Hogs BBQ -kastikkeen nettotilavuus on 340 g. Ainesosat ovat ruskea sokeri, suola, paprika ja luontaiset mausteet. Tuote on valmistettu Amerikassa.","og_url":"https:\/\/bbqassad.ee\/fi\/toode\/killer-hogs-bbq-kastike\/","og_site_name":"BBQ \u00c4ssad","article_publisher":"https:\/\/www.facebook.com\/bbqassad","article_modified_time":"2026-04-14T06:33:17+00:00","og_image":[{"url":"https:\/\/bbqassad.ee\/wp-content\/uploads\/2023\/11\/Nimetu-kujundus-9.png","type":"","width":"","height":""}],"twitter_card":"summary_large_image","twitter_title":"Killer Hogs The BBQ Sauce 340 g - BBQ \u00c4ssad%","twitter_description":"Killer Hogs BBQ -kastikkeen nettotilavuus on 340 g. Ainesosat ovat ruskea sokeri, suola, paprika ja luontaiset mausteet. Tuote on valmistettu Amerikassa.","twitter_image":"https:\/\/bbqassad.ee\/wp-content\/uploads\/2023\/11\/Nimetu-kujundus-9.png","schema":{"@context":"https:\/\/schema.org","@graph":[{"@type":"WebPage","@id":"https:\/\/bbqassad.ee\/fi\/toode\/killer-hogs-bbq-kastike\/","url":"https:\/\/bbqassad.ee\/fi\/toode\/killer-hogs-bbq-kastike\/","name":"Killer Hogs The BBQ-kastike 340 g - BBQ \u00c4ssad%","isPartOf":{"@id":"https:\/\/bbqassad.ee\/fi\/#website"},"primaryImageOfPage":{"@id":"https:\/\/bbqassad.ee\/fi\/toode\/killer-hogs-bbq-kastike\/#primaryimage"},"image":{"@id":"https:\/\/bbqassad.ee\/fi\/toode\/killer-hogs-bbq-kastike\/#primaryimage"},"thumbnailUrl":"https:\/\/bbqassad.ee\/wp-content\/uploads\/2023\/11\/Nimetu-kujundus-9.png","datePublished":"2023-11-17T09:16:34+00:00","dateModified":"2026-04-14T06:33:17+00:00","description":"Killer Hogs BBQ -kastikkeen nettotilavuus on 340 g. Ainesosat ovat ruskea sokeri, suola, paprika ja luontaiset mausteet. Tuote on valmistettu Amerikassa.","breadcrumb":{"@id":"https:\/\/bbqassad.ee\/fi\/toode\/killer-hogs-bbq-kastike\/#breadcrumb"},"inLanguage":"fi","potentialAction":[{"@type":"ReadAction","target":["https:\/\/bbqassad.ee\/fi\/toode\/killer-hogs-bbq-kastike\/"]}]},{"@type":"ImageObject","inLanguage":"fi","@id":"https:\/\/bbqassad.ee\/fi\/toode\/killer-hogs-bbq-kastike\/#primaryimage","url":"https:\/\/bbqassad.ee\/wp-content\/uploads\/2023\/11\/Nimetu-kujundus-9.png","contentUrl":"https:\/\/bbqassad.ee\/wp-content\/uploads\/2023\/11\/Nimetu-kujundus-9.png","width":1280,"height":720},{"@type":"BreadcrumbList","@id":"https:\/\/bbqassad.ee\/fi\/toode\/killer-hogs-bbq-kastike\/#breadcrumb","itemListElement":[{"@type":"ListItem","position":1,"name":"Home","item":"https:\/\/bbqassad.ee\/fi\/bbq-assat\/"},{"@type":"ListItem","position":2,"name":"Verkkokauppa","item":"https:\/\/bbqassad.ee\/fi\/verkkokauppa\/"},{"@type":"ListItem","position":3,"name":"Killer Hogs BBQ-kastike"}]},{"@type":"WebSite","@id":"https:\/\/bbqassad.ee\/fi\/#website","url":"https:\/\/bbqassad.ee\/fi\/","name":"BBQ \u00c4ssad","description":"BBQ maitseained, kastmed, ahjud","publisher":{"@id":"https:\/\/bbqassad.ee\/fi\/#organization"},"potentialAction":[{"@type":"SearchAction","target":{"@type":"EntryPoint","urlTemplate":"https:\/\/bbqassad.ee\/fi\/?s={search_term_string}"},"query-input":{"@type":"PropertyValueSpecification","valueRequired":true,"valueName":"search_term_string"}}],"inLanguage":"fi"},{"@type":"Organization","@id":"https:\/\/bbqassad.ee\/fi\/#organization","name":"BBQ \u00c4ssad","url":"https:\/\/bbqassad.ee\/fi\/","logo":{"@type":"ImageObject","inLanguage":"fi","@id":"https:\/\/bbqassad.ee\/fi\/#\/schema\/logo\/image\/","url":"https:\/\/bbqassad.ee\/wp-content\/uploads\/2022\/10\/BBQ-2ssadlogo.png","contentUrl":"https:\/\/bbqassad.ee\/wp-content\/uploads\/2022\/10\/BBQ-2ssadlogo.png","width":1080,"height":1080,"caption":"BBQ \u00c4ssad"},"image":{"@id":"https:\/\/bbqassad.ee\/fi\/#\/schema\/logo\/image\/"},"sameAs":["https:\/\/www.facebook.com\/bbqassad","https:\/\/www.youtube.com\/channel\/UCsoufn49J6TVi9Ah9meE93w"]}]}},"_links":{"self":[{"href":"https:\/\/bbqassad.ee\/fi\/wp-json\/wp\/v2\/product\/22708","targetHints":{"allow":["GET"]}}],"collection":[{"href":"https:\/\/bbqassad.ee\/fi\/wp-json\/wp\/v2\/product"}],"about":[{"href":"https:\/\/bbqassad.ee\/fi\/wp-json\/wp\/v2\/types\/product"}],"replies":[{"embeddable":true,"href":"https:\/\/bbqassad.ee\/fi\/wp-json\/wp\/v2\/comments?post=22708"}],"wp:featuredmedia":[{"embeddable":true,"href":"https:\/\/bbqassad.ee\/fi\/wp-json\/wp\/v2\/media\/22710"}],"wp:attachment":[{"href":"https:\/\/bbqassad.ee\/fi\/wp-json\/wp\/v2\/media?parent=22708"}],"wp:term":[{"taxonomy":"product_brand","embeddable":true,"href":"https:\/\/bbqassad.ee\/fi\/wp-json\/wp\/v2\/product_brand?post=22708"},{"taxonomy":"product_cat","embeddable":true,"href":"https:\/\/bbqassad.ee\/fi\/wp-json\/wp\/v2\/product_cat?post=22708"},{"taxonomy":"product_tag","embeddable":true,"href":"https:\/\/bbqassad.ee\/fi\/wp-json\/wp\/v2\/product_tag?post=22708"}],"curies":[{"name":"wp","href":"https:\/\/api.w.org\/{rel}","templated":true}]}}