{"id":22703,"date":"2023-11-18T09:55:39","date_gmt":"2023-11-18T09:55:39","guid":{"rendered":"https:\/\/bbqassad.ee\/toode\/bad-byrons-butt-rub-aromi-128g\/"},"modified":"2026-04-14T06:33:16","modified_gmt":"2026-04-14T06:33:16","slug":"bad-byrons-butt-rub-aromi-128g","status":"publish","type":"product","link":"https:\/\/bbqassad.ee\/fi\/toode\/bad-byrons-butt-rub-aromi-128g\/","title":{"rendered":"Bad Byron&#8217;s Butt Rub -mausteseos 128g"},"content":{"rendered":"<h2>Bad Byron&#8217;s Butt Rub aromi 128g<\/h2>\n<p>Bad Byron&#8217;s Butt Rub &#8211; Pieni m\u00e4\u00e4r\u00e4 Butt Rubia tekee mist\u00e4 tahansa ruoasta parempaa. Byron&#8217;s Butt Rub tunnetaan kaikkialla maailmassa, ja sit\u00e4 k\u00e4ytt\u00e4v\u00e4t niin tavalliset grillaajat kuin ammattikokitkin. Siin\u00e4 on ainutlaatuinen sekoitus sipulin, valkosipulin, paprikan ja savupaprikan makuja.  <\/p>\n<h3>BBQ Aces kommentti<\/h3>\n<p>Se on nyt hieman mausteinen mauste, jota voidaan lis\u00e4t\u00e4 lihaan muiden mausteiden kanssa. Kuten heid\u00e4n mainoslauseensa on &#8211; pieni Butt Rub tekee kaikesta parempaa. <\/p>\n<h3>Ammattilaisen vinkki<\/h3>\n<p>K\u00e4yt\u00e4 Butt Rubia lis\u00e4\u00e4m\u00e4\u00e4n mausteita ruokaan.<\/p>\n","protected":false},"excerpt":{"rendered":"<p>Valmistaja: Bad Byron&#8217;s Speciality Food Products, Inc<br \/>\nPaino: 128g<br \/>\nAinesosat: suola, pippuri, valkosipuli, sipuli, savustettu jalapeno, luonnollinen paakkuuntumisenestoaine.<\/p>\n","protected":false},"featured_media":22728,"comment_status":"open","ping_status":"closed","template":"","meta":[],"product_brand":[],"product_cat":[802],"product_tag":[],"class_list":{"0":"post-22703","1":"product","2":"type-product","3":"status-publish","4":"has-post-thumbnail","6":"product_cat-sekoitukset","8":"first","9":"instock","10":"taxable","11":"shipping-taxable","12":"purchasable","13":"product-type-simple"},"yoast_head":"<!-- This site is optimized with the Yoast SEO plugin v27.4 - https:\/\/yoast.com\/product\/yoast-seo-wordpress\/ -->\n<title>Bad Byron&#039;s Butt Rub 128g -% BBQ \u00c4ssad%<\/title>\n<meta name=\"description\" content=\"Bad Byron&#039;s Butt Rub on mausteseos, joka sis\u00e4lt\u00e4\u00e4 suolaa, pippuria, valkosipulia, sipulia, savustettua jalapenoa ja luonnollista paakkuuntumisenestoainetta. Paino 128 g.\" \/>\n<meta name=\"robots\" content=\"index, follow, max-snippet:-1, max-image-preview:large, max-video-preview:-1\" \/>\n<link rel=\"canonical\" href=\"https:\/\/bbqassad.ee\/fi\/toode\/bad-byrons-butt-rub-aromi-128g\/\" \/>\n<meta property=\"og:locale\" content=\"fi_FI\" \/>\n<meta property=\"og:type\" content=\"article\" \/>\n<meta property=\"og:title\" content=\"Bad Byron&#039;s Butt Rub 128g -% BBQ \u00c4ssad%\" \/>\n<meta property=\"og:description\" content=\"Bad Byron&#039;s Butt Rub on mausteseos, joka sis\u00e4lt\u00e4\u00e4 suolaa, pippuria, valkosipulia, sipulia, savustettua jalapenoa ja luonnollista paakkuuntumisenestoainetta. Paino 128 g.\" \/>\n<meta property=\"og:url\" content=\"https:\/\/bbqassad.ee\/fi\/toode\/bad-byrons-butt-rub-aromi-128g\/\" \/>\n<meta property=\"og:site_name\" content=\"BBQ \u00c4ssad\" \/>\n<meta property=\"article:publisher\" content=\"https:\/\/www.facebook.com\/bbqassad\" \/>\n<meta property=\"article:modified_time\" content=\"2026-04-14T06:33:16+00:00\" \/>\n<meta property=\"og:image\" content=\"https:\/\/bbqassad.ee\/wp-content\/uploads\/2023\/11\/Nimetu-kujundus-28-1.png\" \/>\n<meta name=\"twitter:card\" content=\"summary_large_image\" \/>\n<meta name=\"twitter:title\" content=\"Bad Byron&#039;s Butt Rub 128g -% BBQ \u00c4ssad%\" \/>\n<meta name=\"twitter:description\" content=\"Bad Byron&#039;s Butt Rub on mausteseos, joka sis\u00e4lt\u00e4\u00e4 suolaa, pippuria, valkosipulia, sipulia, savustettua jalapenoa ja luonnollista paakkuuntumisenestoainetta. Paino 128 g.\" \/>\n<meta name=\"twitter:image\" content=\"https:\/\/bbqassad.ee\/wp-content\/uploads\/2023\/11\/Nimetu-kujundus-28-1.png\" \/>\n<script type=\"application\/ld+json\" class=\"yoast-schema-graph\">{\"@context\":\"https:\\\/\\\/schema.org\",\"@graph\":[{\"@type\":\"WebPage\",\"@id\":\"https:\\\/\\\/bbqassad.ee\\\/fi\\\/toode\\\/bad-byrons-butt-rub-aromi-128g\\\/\",\"url\":\"https:\\\/\\\/bbqassad.ee\\\/fi\\\/toode\\\/bad-byrons-butt-rub-aromi-128g\\\/\",\"name\":\"Bad Byron's Butt Rub 128g -% BBQ \u00c4ssad%\",\"isPartOf\":{\"@id\":\"https:\\\/\\\/bbqassad.ee\\\/fi\\\/#website\"},\"primaryImageOfPage\":{\"@id\":\"https:\\\/\\\/bbqassad.ee\\\/fi\\\/toode\\\/bad-byrons-butt-rub-aromi-128g\\\/#primaryimage\"},\"image\":{\"@id\":\"https:\\\/\\\/bbqassad.ee\\\/fi\\\/toode\\\/bad-byrons-butt-rub-aromi-128g\\\/#primaryimage\"},\"thumbnailUrl\":\"https:\\\/\\\/bbqassad.ee\\\/wp-content\\\/uploads\\\/2023\\\/11\\\/Nimetu-kujundus-28-1.png\",\"datePublished\":\"2023-11-18T09:55:39+00:00\",\"dateModified\":\"2026-04-14T06:33:16+00:00\",\"description\":\"Bad Byron's Butt Rub on mausteseos, joka sis\u00e4lt\u00e4\u00e4 suolaa, pippuria, valkosipulia, sipulia, savustettua jalapenoa ja luonnollista paakkuuntumisenestoainetta. Paino 128 g.\",\"breadcrumb\":{\"@id\":\"https:\\\/\\\/bbqassad.ee\\\/fi\\\/toode\\\/bad-byrons-butt-rub-aromi-128g\\\/#breadcrumb\"},\"inLanguage\":\"fi\",\"potentialAction\":[{\"@type\":\"ReadAction\",\"target\":[\"https:\\\/\\\/bbqassad.ee\\\/fi\\\/toode\\\/bad-byrons-butt-rub-aromi-128g\\\/\"]}]},{\"@type\":\"ImageObject\",\"inLanguage\":\"fi\",\"@id\":\"https:\\\/\\\/bbqassad.ee\\\/fi\\\/toode\\\/bad-byrons-butt-rub-aromi-128g\\\/#primaryimage\",\"url\":\"https:\\\/\\\/bbqassad.ee\\\/wp-content\\\/uploads\\\/2023\\\/11\\\/Nimetu-kujundus-28-1.png\",\"contentUrl\":\"https:\\\/\\\/bbqassad.ee\\\/wp-content\\\/uploads\\\/2023\\\/11\\\/Nimetu-kujundus-28-1.png\",\"width\":1080,\"height\":1080},{\"@type\":\"BreadcrumbList\",\"@id\":\"https:\\\/\\\/bbqassad.ee\\\/fi\\\/toode\\\/bad-byrons-butt-rub-aromi-128g\\\/#breadcrumb\",\"itemListElement\":[{\"@type\":\"ListItem\",\"position\":1,\"name\":\"Home\",\"item\":\"https:\\\/\\\/bbqassad.ee\\\/fi\\\/bbq-assat\\\/\"},{\"@type\":\"ListItem\",\"position\":2,\"name\":\"Verkkokauppa\",\"item\":\"https:\\\/\\\/bbqassad.ee\\\/fi\\\/verkkokauppa\\\/\"},{\"@type\":\"ListItem\",\"position\":3,\"name\":\"Bad Byron&#8217;s Butt Rub -mausteseos 128g\"}]},{\"@type\":\"WebSite\",\"@id\":\"https:\\\/\\\/bbqassad.ee\\\/fi\\\/#website\",\"url\":\"https:\\\/\\\/bbqassad.ee\\\/fi\\\/\",\"name\":\"BBQ \u00c4ssad\",\"description\":\"BBQ maitseained, kastmed, ahjud\",\"publisher\":{\"@id\":\"https:\\\/\\\/bbqassad.ee\\\/fi\\\/#organization\"},\"potentialAction\":[{\"@type\":\"SearchAction\",\"target\":{\"@type\":\"EntryPoint\",\"urlTemplate\":\"https:\\\/\\\/bbqassad.ee\\\/fi\\\/?s={search_term_string}\"},\"query-input\":{\"@type\":\"PropertyValueSpecification\",\"valueRequired\":true,\"valueName\":\"search_term_string\"}}],\"inLanguage\":\"fi\"},{\"@type\":\"Organization\",\"@id\":\"https:\\\/\\\/bbqassad.ee\\\/fi\\\/#organization\",\"name\":\"BBQ \u00c4ssad\",\"url\":\"https:\\\/\\\/bbqassad.ee\\\/fi\\\/\",\"logo\":{\"@type\":\"ImageObject\",\"inLanguage\":\"fi\",\"@id\":\"https:\\\/\\\/bbqassad.ee\\\/fi\\\/#\\\/schema\\\/logo\\\/image\\\/\",\"url\":\"https:\\\/\\\/bbqassad.ee\\\/wp-content\\\/uploads\\\/2022\\\/10\\\/BBQ-2ssadlogo.png\",\"contentUrl\":\"https:\\\/\\\/bbqassad.ee\\\/wp-content\\\/uploads\\\/2022\\\/10\\\/BBQ-2ssadlogo.png\",\"width\":1080,\"height\":1080,\"caption\":\"BBQ \u00c4ssad\"},\"image\":{\"@id\":\"https:\\\/\\\/bbqassad.ee\\\/fi\\\/#\\\/schema\\\/logo\\\/image\\\/\"},\"sameAs\":[\"https:\\\/\\\/www.facebook.com\\\/bbqassad\",\"https:\\\/\\\/www.youtube.com\\\/channel\\\/UCsoufn49J6TVi9Ah9meE93w\"]}]}<\/script>\n<!-- \/ Yoast SEO plugin. -->","yoast_head_json":{"title":"Bad Byron's Butt Rub 128g -% BBQ \u00c4ssad%","description":"Bad Byron's Butt Rub on mausteseos, joka sis\u00e4lt\u00e4\u00e4 suolaa, pippuria, valkosipulia, sipulia, savustettua jalapenoa ja luonnollista paakkuuntumisenestoainetta. Paino 128 g.","robots":{"index":"index","follow":"follow","max-snippet":"max-snippet:-1","max-image-preview":"max-image-preview:large","max-video-preview":"max-video-preview:-1"},"canonical":"https:\/\/bbqassad.ee\/fi\/toode\/bad-byrons-butt-rub-aromi-128g\/","og_locale":"fi_FI","og_type":"article","og_title":"Bad Byron's Butt Rub 128g -% BBQ \u00c4ssad%","og_description":"Bad Byron's Butt Rub on mausteseos, joka sis\u00e4lt\u00e4\u00e4 suolaa, pippuria, valkosipulia, sipulia, savustettua jalapenoa ja luonnollista paakkuuntumisenestoainetta. Paino 128 g.","og_url":"https:\/\/bbqassad.ee\/fi\/toode\/bad-byrons-butt-rub-aromi-128g\/","og_site_name":"BBQ \u00c4ssad","article_publisher":"https:\/\/www.facebook.com\/bbqassad","article_modified_time":"2026-04-14T06:33:16+00:00","og_image":[{"url":"https:\/\/bbqassad.ee\/wp-content\/uploads\/2023\/11\/Nimetu-kujundus-28-1.png","type":"","width":"","height":""}],"twitter_card":"summary_large_image","twitter_title":"Bad Byron's Butt Rub 128g -% BBQ \u00c4ssad%","twitter_description":"Bad Byron's Butt Rub on mausteseos, joka sis\u00e4lt\u00e4\u00e4 suolaa, pippuria, valkosipulia, sipulia, savustettua jalapenoa ja luonnollista paakkuuntumisenestoainetta. Paino 128 g.","twitter_image":"https:\/\/bbqassad.ee\/wp-content\/uploads\/2023\/11\/Nimetu-kujundus-28-1.png","schema":{"@context":"https:\/\/schema.org","@graph":[{"@type":"WebPage","@id":"https:\/\/bbqassad.ee\/fi\/toode\/bad-byrons-butt-rub-aromi-128g\/","url":"https:\/\/bbqassad.ee\/fi\/toode\/bad-byrons-butt-rub-aromi-128g\/","name":"Bad Byron's Butt Rub 128g -% BBQ \u00c4ssad%","isPartOf":{"@id":"https:\/\/bbqassad.ee\/fi\/#website"},"primaryImageOfPage":{"@id":"https:\/\/bbqassad.ee\/fi\/toode\/bad-byrons-butt-rub-aromi-128g\/#primaryimage"},"image":{"@id":"https:\/\/bbqassad.ee\/fi\/toode\/bad-byrons-butt-rub-aromi-128g\/#primaryimage"},"thumbnailUrl":"https:\/\/bbqassad.ee\/wp-content\/uploads\/2023\/11\/Nimetu-kujundus-28-1.png","datePublished":"2023-11-18T09:55:39+00:00","dateModified":"2026-04-14T06:33:16+00:00","description":"Bad Byron's Butt Rub on mausteseos, joka sis\u00e4lt\u00e4\u00e4 suolaa, pippuria, valkosipulia, sipulia, savustettua jalapenoa ja luonnollista paakkuuntumisenestoainetta. Paino 128 g.","breadcrumb":{"@id":"https:\/\/bbqassad.ee\/fi\/toode\/bad-byrons-butt-rub-aromi-128g\/#breadcrumb"},"inLanguage":"fi","potentialAction":[{"@type":"ReadAction","target":["https:\/\/bbqassad.ee\/fi\/toode\/bad-byrons-butt-rub-aromi-128g\/"]}]},{"@type":"ImageObject","inLanguage":"fi","@id":"https:\/\/bbqassad.ee\/fi\/toode\/bad-byrons-butt-rub-aromi-128g\/#primaryimage","url":"https:\/\/bbqassad.ee\/wp-content\/uploads\/2023\/11\/Nimetu-kujundus-28-1.png","contentUrl":"https:\/\/bbqassad.ee\/wp-content\/uploads\/2023\/11\/Nimetu-kujundus-28-1.png","width":1080,"height":1080},{"@type":"BreadcrumbList","@id":"https:\/\/bbqassad.ee\/fi\/toode\/bad-byrons-butt-rub-aromi-128g\/#breadcrumb","itemListElement":[{"@type":"ListItem","position":1,"name":"Home","item":"https:\/\/bbqassad.ee\/fi\/bbq-assat\/"},{"@type":"ListItem","position":2,"name":"Verkkokauppa","item":"https:\/\/bbqassad.ee\/fi\/verkkokauppa\/"},{"@type":"ListItem","position":3,"name":"Bad Byron&#8217;s Butt Rub -mausteseos 128g"}]},{"@type":"WebSite","@id":"https:\/\/bbqassad.ee\/fi\/#website","url":"https:\/\/bbqassad.ee\/fi\/","name":"BBQ \u00c4ssad","description":"BBQ maitseained, kastmed, ahjud","publisher":{"@id":"https:\/\/bbqassad.ee\/fi\/#organization"},"potentialAction":[{"@type":"SearchAction","target":{"@type":"EntryPoint","urlTemplate":"https:\/\/bbqassad.ee\/fi\/?s={search_term_string}"},"query-input":{"@type":"PropertyValueSpecification","valueRequired":true,"valueName":"search_term_string"}}],"inLanguage":"fi"},{"@type":"Organization","@id":"https:\/\/bbqassad.ee\/fi\/#organization","name":"BBQ \u00c4ssad","url":"https:\/\/bbqassad.ee\/fi\/","logo":{"@type":"ImageObject","inLanguage":"fi","@id":"https:\/\/bbqassad.ee\/fi\/#\/schema\/logo\/image\/","url":"https:\/\/bbqassad.ee\/wp-content\/uploads\/2022\/10\/BBQ-2ssadlogo.png","contentUrl":"https:\/\/bbqassad.ee\/wp-content\/uploads\/2022\/10\/BBQ-2ssadlogo.png","width":1080,"height":1080,"caption":"BBQ \u00c4ssad"},"image":{"@id":"https:\/\/bbqassad.ee\/fi\/#\/schema\/logo\/image\/"},"sameAs":["https:\/\/www.facebook.com\/bbqassad","https:\/\/www.youtube.com\/channel\/UCsoufn49J6TVi9Ah9meE93w"]}]}},"_links":{"self":[{"href":"https:\/\/bbqassad.ee\/fi\/wp-json\/wp\/v2\/product\/22703","targetHints":{"allow":["GET"]}}],"collection":[{"href":"https:\/\/bbqassad.ee\/fi\/wp-json\/wp\/v2\/product"}],"about":[{"href":"https:\/\/bbqassad.ee\/fi\/wp-json\/wp\/v2\/types\/product"}],"replies":[{"embeddable":true,"href":"https:\/\/bbqassad.ee\/fi\/wp-json\/wp\/v2\/comments?post=22703"}],"wp:featuredmedia":[{"embeddable":true,"href":"https:\/\/bbqassad.ee\/fi\/wp-json\/wp\/v2\/media\/22728"}],"wp:attachment":[{"href":"https:\/\/bbqassad.ee\/fi\/wp-json\/wp\/v2\/media?parent=22703"}],"wp:term":[{"taxonomy":"product_brand","embeddable":true,"href":"https:\/\/bbqassad.ee\/fi\/wp-json\/wp\/v2\/product_brand?post=22703"},{"taxonomy":"product_cat","embeddable":true,"href":"https:\/\/bbqassad.ee\/fi\/wp-json\/wp\/v2\/product_cat?post=22703"},{"taxonomy":"product_tag","embeddable":true,"href":"https:\/\/bbqassad.ee\/fi\/wp-json\/wp\/v2\/product_tag?post=22703"}],"curies":[{"name":"wp","href":"https:\/\/api.w.org\/{rel}","templated":true}]}}