{"id":22693,"date":"2024-03-11T19:58:47","date_gmt":"2024-03-11T19:58:47","guid":{"rendered":"https:\/\/bbqassad.ee\/toode\/kosmos-q-op-x1-bbq-kastike\/"},"modified":"2026-04-14T06:33:15","modified_gmt":"2026-04-14T06:33:15","slug":"kosmos-q-op-x1-bbq-kastike","status":"publish","type":"product","link":"https:\/\/bbqassad.ee\/fi\/toode\/kosmos-q-op-x1-bbq-kastike\/","title":{"rendered":"Kosmo&#8217;s Q OP X1 BBQ -kastike"},"content":{"rendered":"<p>Etsitp\u00e4 sitten kilpailukastiketta tai grillikastiketta, t\u00e4m\u00e4 kastike on tehty voittamaan.<br \/>\nT\u00e4m\u00e4 on Kosmos Q:n uusin BBQ-kastike. Se on sekoitus makeita ja suolaisia yrttej\u00e4 sek\u00e4 mausteisia nestem\u00e4isi\u00e4 ainesosia, jotka kaikki yhdess\u00e4 luovat rohkean, vertaansa vailla olevan maun! <\/p>\n<h2>BBQ Aces kommentti<\/h2>\n<p>Kosmos Q -sarjassa on my\u00f6s Kilpailukastike, ja tied\u00e4mme varmasti, ettei h\u00e4n itse asiassa k\u00e4yt\u00e4 sit\u00e4 siell\u00e4, vaan h\u00e4n k\u00e4ytt\u00e4\u00e4 OP X1:t\u00e4. H\u00e4n on hyvin harvinainen vierailija mantereellamme, kun h\u00e4n on siell\u00e4, h\u00e4n on siell\u00e4 lyhyesti ja kun h\u00e4n ei ole, h\u00e4n ei ole siell\u00e4. <\/p>\n<h2>Ammattilaisen vinkki<\/h2>\n<p>Se toimii kaikkeen \ud83d\ude42<\/p>\n","protected":false},"excerpt":{"rendered":"<p>Tuottaja: Kosmos Q<\/p>\n<p>Paino: 439g<\/p>\n<p>Ainesosat<span style=\"font-weight: 400;\">: ruokosokeri; omenaviinietikka; tomaattimurska; tislattu etikka; vesi; melassi; sitruunamehutiiviste; vaniljauute; mausteseos (suola, paprika, ancho-chilijauhe, kuivattu sipuli, <\/span><b>sinapinsiemenet<\/b><span style=\"font-weight: 400;\">, kuivattu valkosipuli, inkiv\u00e4\u00e4rijauhe, luonnollinen savuaromi).<\/span><\/p>\n","protected":false},"featured_media":25665,"comment_status":"open","ping_status":"closed","template":"","meta":[],"product_brand":[],"product_cat":[788],"product_tag":[],"class_list":{"0":"post-22693","1":"product","2":"type-product","3":"status-publish","4":"has-post-thumbnail","6":"product_cat-kastit","8":"first","9":"instock","10":"taxable","11":"shipping-taxable","12":"purchasable","13":"product-type-simple"},"yoast_head":"<!-- This site is optimized with the Yoast SEO plugin v27.4 - https:\/\/yoast.com\/product\/yoast-seo-wordpress\/ -->\n<title>Kosmos Q OP X1 BBQ-kastike 439g - BBQ \u00c4ssad%<\/title>\n<meta name=\"description\" content=\"Kosmos Q OP X1 BBQ-kastike sis\u00e4lt\u00e4\u00e4 ruokosokeria, omenaviinietikkaa, tomaattipastaa ja mausteseosta. Ihanteellinen grillaukseen ja maustamiseen. Paino: 439 g.\" \/>\n<meta name=\"robots\" content=\"index, follow, max-snippet:-1, max-image-preview:large, max-video-preview:-1\" \/>\n<link rel=\"canonical\" href=\"https:\/\/bbqassad.ee\/fi\/toode\/kosmos-q-op-x1-bbq-kastike\/\" \/>\n<meta property=\"og:locale\" content=\"fi_FI\" \/>\n<meta property=\"og:type\" content=\"article\" \/>\n<meta property=\"og:title\" content=\"Kosmos Q OP X1 BBQ-kastike 439g - BBQ \u00c4ssad%\" \/>\n<meta property=\"og:description\" content=\"Kosmos Q OP X1 BBQ-kastike sis\u00e4lt\u00e4\u00e4 ruokosokeria, omenaviinietikkaa, tomaattipastaa ja mausteseosta. Ihanteellinen grillaukseen ja maustamiseen. Paino: 439 g.\" \/>\n<meta property=\"og:url\" content=\"https:\/\/bbqassad.ee\/fi\/toode\/kosmos-q-op-x1-bbq-kastike\/\" \/>\n<meta property=\"og:site_name\" content=\"BBQ \u00c4ssad\" \/>\n<meta property=\"article:publisher\" content=\"https:\/\/www.facebook.com\/bbqassad\" \/>\n<meta property=\"article:modified_time\" content=\"2026-04-14T06:33:15+00:00\" \/>\n<meta property=\"og:image\" content=\"https:\/\/bbqassad.ee\/wp-content\/uploads\/2024\/03\/kosmosopxeest.png\" \/>\n<meta name=\"twitter:card\" content=\"summary_large_image\" \/>\n<meta name=\"twitter:title\" content=\"Kosmos Q OP X1 BBQ-kastike 439g - BBQ \u00c4ssad%\" \/>\n<meta name=\"twitter:description\" content=\"Kosmos Q OP X1 BBQ-kastike sis\u00e4lt\u00e4\u00e4 ruokosokeria, omenaviinietikkaa, tomaattipastaa ja mausteseosta. Ihanteellinen grillaukseen ja maustamiseen. Paino: 439 g.\" \/>\n<meta name=\"twitter:image\" content=\"https:\/\/bbqassad.ee\/wp-content\/uploads\/2024\/03\/kosmosopxeest.png\" \/>\n<meta name=\"twitter:label1\" content=\"Arvioitu lukuaika\" \/>\n\t<meta name=\"twitter:data1\" content=\"1 minuutti\" \/>\n<script type=\"application\/ld+json\" class=\"yoast-schema-graph\">{\"@context\":\"https:\\\/\\\/schema.org\",\"@graph\":[{\"@type\":\"WebPage\",\"@id\":\"https:\\\/\\\/bbqassad.ee\\\/fi\\\/toode\\\/kosmos-q-op-x1-bbq-kastike\\\/\",\"url\":\"https:\\\/\\\/bbqassad.ee\\\/fi\\\/toode\\\/kosmos-q-op-x1-bbq-kastike\\\/\",\"name\":\"Kosmos Q OP X1 BBQ-kastike 439g - BBQ \u00c4ssad%\",\"isPartOf\":{\"@id\":\"https:\\\/\\\/bbqassad.ee\\\/fi\\\/#website\"},\"primaryImageOfPage\":{\"@id\":\"https:\\\/\\\/bbqassad.ee\\\/fi\\\/toode\\\/kosmos-q-op-x1-bbq-kastike\\\/#primaryimage\"},\"image\":{\"@id\":\"https:\\\/\\\/bbqassad.ee\\\/fi\\\/toode\\\/kosmos-q-op-x1-bbq-kastike\\\/#primaryimage\"},\"thumbnailUrl\":\"https:\\\/\\\/bbqassad.ee\\\/wp-content\\\/uploads\\\/2026\\\/05\\\/kosmo-s-q-bbq-sauce-single-bottle-op-x-1-bbq-sauce-595g.webp\",\"datePublished\":\"2024-03-11T19:58:47+00:00\",\"dateModified\":\"2026-04-14T06:33:15+00:00\",\"description\":\"Kosmos Q OP X1 BBQ-kastike sis\u00e4lt\u00e4\u00e4 ruokosokeria, omenaviinietikkaa, tomaattipastaa ja mausteseosta. Ihanteellinen grillaukseen ja maustamiseen. Paino: 439 g.\",\"breadcrumb\":{\"@id\":\"https:\\\/\\\/bbqassad.ee\\\/fi\\\/toode\\\/kosmos-q-op-x1-bbq-kastike\\\/#breadcrumb\"},\"inLanguage\":\"fi\",\"potentialAction\":[{\"@type\":\"ReadAction\",\"target\":[\"https:\\\/\\\/bbqassad.ee\\\/fi\\\/toode\\\/kosmos-q-op-x1-bbq-kastike\\\/\"]}]},{\"@type\":\"ImageObject\",\"inLanguage\":\"fi\",\"@id\":\"https:\\\/\\\/bbqassad.ee\\\/fi\\\/toode\\\/kosmos-q-op-x1-bbq-kastike\\\/#primaryimage\",\"url\":\"https:\\\/\\\/bbqassad.ee\\\/wp-content\\\/uploads\\\/2026\\\/05\\\/kosmo-s-q-bbq-sauce-single-bottle-op-x-1-bbq-sauce-595g.webp\",\"contentUrl\":\"https:\\\/\\\/bbqassad.ee\\\/wp-content\\\/uploads\\\/2026\\\/05\\\/kosmo-s-q-bbq-sauce-single-bottle-op-x-1-bbq-sauce-595g.webp\",\"width\":1200,\"height\":1200},{\"@type\":\"BreadcrumbList\",\"@id\":\"https:\\\/\\\/bbqassad.ee\\\/fi\\\/toode\\\/kosmos-q-op-x1-bbq-kastike\\\/#breadcrumb\",\"itemListElement\":[{\"@type\":\"ListItem\",\"position\":1,\"name\":\"Home\",\"item\":\"https:\\\/\\\/bbqassad.ee\\\/fi\\\/bbq-assat\\\/\"},{\"@type\":\"ListItem\",\"position\":2,\"name\":\"Verkkokauppa\",\"item\":\"https:\\\/\\\/bbqassad.ee\\\/fi\\\/verkkokauppa\\\/\"},{\"@type\":\"ListItem\",\"position\":3,\"name\":\"Kosmo&#8217;s Q OP X1 BBQ -kastike\"}]},{\"@type\":\"WebSite\",\"@id\":\"https:\\\/\\\/bbqassad.ee\\\/fi\\\/#website\",\"url\":\"https:\\\/\\\/bbqassad.ee\\\/fi\\\/\",\"name\":\"BBQ \u00c4ssad\",\"description\":\"BBQ maitseained, kastmed, ahjud\",\"publisher\":{\"@id\":\"https:\\\/\\\/bbqassad.ee\\\/fi\\\/#organization\"},\"potentialAction\":[{\"@type\":\"SearchAction\",\"target\":{\"@type\":\"EntryPoint\",\"urlTemplate\":\"https:\\\/\\\/bbqassad.ee\\\/fi\\\/?s={search_term_string}\"},\"query-input\":{\"@type\":\"PropertyValueSpecification\",\"valueRequired\":true,\"valueName\":\"search_term_string\"}}],\"inLanguage\":\"fi\"},{\"@type\":\"Organization\",\"@id\":\"https:\\\/\\\/bbqassad.ee\\\/fi\\\/#organization\",\"name\":\"BBQ \u00c4ssad\",\"url\":\"https:\\\/\\\/bbqassad.ee\\\/fi\\\/\",\"logo\":{\"@type\":\"ImageObject\",\"inLanguage\":\"fi\",\"@id\":\"https:\\\/\\\/bbqassad.ee\\\/fi\\\/#\\\/schema\\\/logo\\\/image\\\/\",\"url\":\"https:\\\/\\\/bbqassad.ee\\\/wp-content\\\/uploads\\\/2022\\\/10\\\/BBQ-2ssadlogo.png\",\"contentUrl\":\"https:\\\/\\\/bbqassad.ee\\\/wp-content\\\/uploads\\\/2022\\\/10\\\/BBQ-2ssadlogo.png\",\"width\":1080,\"height\":1080,\"caption\":\"BBQ \u00c4ssad\"},\"image\":{\"@id\":\"https:\\\/\\\/bbqassad.ee\\\/fi\\\/#\\\/schema\\\/logo\\\/image\\\/\"},\"sameAs\":[\"https:\\\/\\\/www.facebook.com\\\/bbqassad\",\"https:\\\/\\\/www.youtube.com\\\/channel\\\/UCsoufn49J6TVi9Ah9meE93w\"]}]}<\/script>\n<!-- \/ Yoast SEO plugin. -->","yoast_head_json":{"title":"Kosmos Q OP X1 BBQ-kastike 439g - BBQ \u00c4ssad%","description":"Kosmos Q OP X1 BBQ-kastike sis\u00e4lt\u00e4\u00e4 ruokosokeria, omenaviinietikkaa, tomaattipastaa ja mausteseosta. Ihanteellinen grillaukseen ja maustamiseen. Paino: 439 g.","robots":{"index":"index","follow":"follow","max-snippet":"max-snippet:-1","max-image-preview":"max-image-preview:large","max-video-preview":"max-video-preview:-1"},"canonical":"https:\/\/bbqassad.ee\/fi\/toode\/kosmos-q-op-x1-bbq-kastike\/","og_locale":"fi_FI","og_type":"article","og_title":"Kosmos Q OP X1 BBQ-kastike 439g - BBQ \u00c4ssad%","og_description":"Kosmos Q OP X1 BBQ-kastike sis\u00e4lt\u00e4\u00e4 ruokosokeria, omenaviinietikkaa, tomaattipastaa ja mausteseosta. Ihanteellinen grillaukseen ja maustamiseen. Paino: 439 g.","og_url":"https:\/\/bbqassad.ee\/fi\/toode\/kosmos-q-op-x1-bbq-kastike\/","og_site_name":"BBQ \u00c4ssad","article_publisher":"https:\/\/www.facebook.com\/bbqassad","article_modified_time":"2026-04-14T06:33:15+00:00","og_image":[{"url":"https:\/\/bbqassad.ee\/wp-content\/uploads\/2024\/03\/kosmosopxeest.png","type":"","width":"","height":""}],"twitter_card":"summary_large_image","twitter_title":"Kosmos Q OP X1 BBQ-kastike 439g - BBQ \u00c4ssad%","twitter_description":"Kosmos Q OP X1 BBQ-kastike sis\u00e4lt\u00e4\u00e4 ruokosokeria, omenaviinietikkaa, tomaattipastaa ja mausteseosta. Ihanteellinen grillaukseen ja maustamiseen. Paino: 439 g.","twitter_image":"https:\/\/bbqassad.ee\/wp-content\/uploads\/2024\/03\/kosmosopxeest.png","twitter_misc":{"Arvioitu lukuaika":"1 minuutti"},"schema":{"@context":"https:\/\/schema.org","@graph":[{"@type":"WebPage","@id":"https:\/\/bbqassad.ee\/fi\/toode\/kosmos-q-op-x1-bbq-kastike\/","url":"https:\/\/bbqassad.ee\/fi\/toode\/kosmos-q-op-x1-bbq-kastike\/","name":"Kosmos Q OP X1 BBQ-kastike 439g - BBQ \u00c4ssad%","isPartOf":{"@id":"https:\/\/bbqassad.ee\/fi\/#website"},"primaryImageOfPage":{"@id":"https:\/\/bbqassad.ee\/fi\/toode\/kosmos-q-op-x1-bbq-kastike\/#primaryimage"},"image":{"@id":"https:\/\/bbqassad.ee\/fi\/toode\/kosmos-q-op-x1-bbq-kastike\/#primaryimage"},"thumbnailUrl":"https:\/\/bbqassad.ee\/wp-content\/uploads\/2026\/05\/kosmo-s-q-bbq-sauce-single-bottle-op-x-1-bbq-sauce-595g.webp","datePublished":"2024-03-11T19:58:47+00:00","dateModified":"2026-04-14T06:33:15+00:00","description":"Kosmos Q OP X1 BBQ-kastike sis\u00e4lt\u00e4\u00e4 ruokosokeria, omenaviinietikkaa, tomaattipastaa ja mausteseosta. Ihanteellinen grillaukseen ja maustamiseen. Paino: 439 g.","breadcrumb":{"@id":"https:\/\/bbqassad.ee\/fi\/toode\/kosmos-q-op-x1-bbq-kastike\/#breadcrumb"},"inLanguage":"fi","potentialAction":[{"@type":"ReadAction","target":["https:\/\/bbqassad.ee\/fi\/toode\/kosmos-q-op-x1-bbq-kastike\/"]}]},{"@type":"ImageObject","inLanguage":"fi","@id":"https:\/\/bbqassad.ee\/fi\/toode\/kosmos-q-op-x1-bbq-kastike\/#primaryimage","url":"https:\/\/bbqassad.ee\/wp-content\/uploads\/2026\/05\/kosmo-s-q-bbq-sauce-single-bottle-op-x-1-bbq-sauce-595g.webp","contentUrl":"https:\/\/bbqassad.ee\/wp-content\/uploads\/2026\/05\/kosmo-s-q-bbq-sauce-single-bottle-op-x-1-bbq-sauce-595g.webp","width":1200,"height":1200},{"@type":"BreadcrumbList","@id":"https:\/\/bbqassad.ee\/fi\/toode\/kosmos-q-op-x1-bbq-kastike\/#breadcrumb","itemListElement":[{"@type":"ListItem","position":1,"name":"Home","item":"https:\/\/bbqassad.ee\/fi\/bbq-assat\/"},{"@type":"ListItem","position":2,"name":"Verkkokauppa","item":"https:\/\/bbqassad.ee\/fi\/verkkokauppa\/"},{"@type":"ListItem","position":3,"name":"Kosmo&#8217;s Q OP X1 BBQ -kastike"}]},{"@type":"WebSite","@id":"https:\/\/bbqassad.ee\/fi\/#website","url":"https:\/\/bbqassad.ee\/fi\/","name":"BBQ \u00c4ssad","description":"BBQ maitseained, kastmed, ahjud","publisher":{"@id":"https:\/\/bbqassad.ee\/fi\/#organization"},"potentialAction":[{"@type":"SearchAction","target":{"@type":"EntryPoint","urlTemplate":"https:\/\/bbqassad.ee\/fi\/?s={search_term_string}"},"query-input":{"@type":"PropertyValueSpecification","valueRequired":true,"valueName":"search_term_string"}}],"inLanguage":"fi"},{"@type":"Organization","@id":"https:\/\/bbqassad.ee\/fi\/#organization","name":"BBQ \u00c4ssad","url":"https:\/\/bbqassad.ee\/fi\/","logo":{"@type":"ImageObject","inLanguage":"fi","@id":"https:\/\/bbqassad.ee\/fi\/#\/schema\/logo\/image\/","url":"https:\/\/bbqassad.ee\/wp-content\/uploads\/2022\/10\/BBQ-2ssadlogo.png","contentUrl":"https:\/\/bbqassad.ee\/wp-content\/uploads\/2022\/10\/BBQ-2ssadlogo.png","width":1080,"height":1080,"caption":"BBQ \u00c4ssad"},"image":{"@id":"https:\/\/bbqassad.ee\/fi\/#\/schema\/logo\/image\/"},"sameAs":["https:\/\/www.facebook.com\/bbqassad","https:\/\/www.youtube.com\/channel\/UCsoufn49J6TVi9Ah9meE93w"]}]}},"_links":{"self":[{"href":"https:\/\/bbqassad.ee\/fi\/wp-json\/wp\/v2\/product\/22693","targetHints":{"allow":["GET"]}}],"collection":[{"href":"https:\/\/bbqassad.ee\/fi\/wp-json\/wp\/v2\/product"}],"about":[{"href":"https:\/\/bbqassad.ee\/fi\/wp-json\/wp\/v2\/types\/product"}],"replies":[{"embeddable":true,"href":"https:\/\/bbqassad.ee\/fi\/wp-json\/wp\/v2\/comments?post=22693"}],"wp:featuredmedia":[{"embeddable":true,"href":"https:\/\/bbqassad.ee\/fi\/wp-json\/wp\/v2\/media\/25665"}],"wp:attachment":[{"href":"https:\/\/bbqassad.ee\/fi\/wp-json\/wp\/v2\/media?parent=22693"}],"wp:term":[{"taxonomy":"product_brand","embeddable":true,"href":"https:\/\/bbqassad.ee\/fi\/wp-json\/wp\/v2\/product_brand?post=22693"},{"taxonomy":"product_cat","embeddable":true,"href":"https:\/\/bbqassad.ee\/fi\/wp-json\/wp\/v2\/product_cat?post=22693"},{"taxonomy":"product_tag","embeddable":true,"href":"https:\/\/bbqassad.ee\/fi\/wp-json\/wp\/v2\/product_tag?post=22693"}],"curies":[{"name":"wp","href":"https:\/\/api.w.org\/{rel}","templated":true}]}}