{"id":22687,"date":"2024-03-11T20:20:16","date_gmt":"2024-03-11T20:20:16","guid":{"rendered":"https:\/\/bbqassad.ee\/toode\/big-poppa-smokers-jallelujah-jalapeno-maustettu-jalapeno-suola\/"},"modified":"2026-04-14T06:33:15","modified_gmt":"2026-04-14T06:33:15","slug":"big-poppa-smokers-jallelujah-jalapeno-maustettu-jalapeno-suola","status":"publish","type":"product","link":"https:\/\/bbqassad.ee\/fi\/toode\/big-poppa-smokers-jallelujah-jalapeno-maustettu-jalapeno-suola\/","title":{"rendered":"Big Poppa Smokers Jallelujah Jalapeno Salt"},"content":{"rendered":"<p>Big Poppa Smokersin maustesekoituksista on tullut nopeasti yksi parhaista tuotemerkeist\u00e4 BBQ-kilpailijoille ja grillauksen harrastajille grillijuhlista World Series of BBQ -kilpailuihin. Big Poppan omat rubit ovat kasvaneet pienest\u00e4 kilpakumppanuudesta kansallisissa ravintolaketjuissa k\u00e4ytett\u00e4viksi. Olemme varmoja, ett\u00e4 BPS-mausteseokset parantavat BBQ-mausteprofiiliasi takapihan grillaajista kokeneisiin ammattilaisiin.  <\/p>\n<h2>BBQ Aces kommentti<\/h2>\n<p>BPS on tunnettu siit\u00e4, ett\u00e4 se k\u00e4ytt\u00e4\u00e4 parhaita raaka-aineita hieronnoissaan. Se on suuri suosikkimerkki. Se, mit\u00e4 purkissa lukee, on totta &#8211; jalapenosuola. Se sopii t\u00e4ydellisesti kaikkeen, mit\u00e4 haluat tehostaa ja maustaa.   <\/p>\n<h2>Ammattilaisen vinkki<\/h2>\n<p>Kun valmistat esimerkiksi possun kaulaa, kokeile k\u00e4ytt\u00e4\u00e4 sit\u00e4 pohjahierontaan, suolat vahvistavat makua ja jalapeno antaa lihalle &#8221;luonnetta&#8221;.<\/p>\n","protected":false},"excerpt":{"rendered":"<p>Made by Big Poppa Smokers<\/p>\n<p>Paino: 377g<\/p>\n<p>Ainesosat: <span style=\"font-weight: 400;\">Sokeri; suola; kuivattu valkosipuli, jalape\u00f1o, sipuli, paprika; mausteet; jalape\u00f1ojauhe; luonnollinen pekonimauste (maltodekstriini, autolyysoitu hiivauute, hydrolysoitu <\/span><b>soijaproteiini<\/b><span style=\"font-weight: 400;\">, luonnollinen aromi, sulatettu pekonirasva, dinatriuminosinaatti ja dinatriumguanylaatti); maissit\u00e4rkkelys; <\/span><span style=\"font-weight: 400;\">selleriuute ja luonnollinen hickory-mauste. <\/span><\/p>\n<p>Viimeinen k\u00e4ytt\u00f6p\u00e4iv\u00e4 27.07.2025<\/p>\n<p>&nbsp;<\/p>\n","protected":false},"featured_media":22688,"comment_status":"open","ping_status":"closed","template":"","meta":[],"product_brand":[215],"product_cat":[815],"product_tag":[],"class_list":{"0":"post-22687","1":"product","2":"type-product","3":"status-publish","4":"has-post-thumbnail","6":"product_brand-big-poppa-smokers","7":"product_cat-parasta-ennen-mennyt","9":"first","10":"outofstock","11":"taxable","12":"shipping-taxable","13":"purchasable","14":"product-type-simple"},"yoast_head":"<!-- This site is optimized with the Yoast SEO plugin v27.4 - https:\/\/yoast.com\/product\/yoast-seo-wordpress\/ -->\n<title>Big Poppa Smokers Jallelujah Jalapeno Salt - BBQ \u00c4ssad %<\/title>\n<meta name=\"description\" content=\"Big Poppa Smokers Jallelujah Jalapeno Salt on maustettu suola, joka sis\u00e4lt\u00e4\u00e4 jalapenoja, valkosipulia ja luonnollista pekonimaustetta. Paino: 377 g.\" \/>\n<meta name=\"robots\" content=\"index, follow, max-snippet:-1, max-image-preview:large, max-video-preview:-1\" \/>\n<link rel=\"canonical\" href=\"https:\/\/bbqassad.ee\/fi\/toode\/big-poppa-smokers-jallelujah-jalapeno-maustettu-jalapeno-suola\/\" \/>\n<meta property=\"og:locale\" content=\"fi_FI\" \/>\n<meta property=\"og:type\" content=\"article\" \/>\n<meta property=\"og:title\" content=\"Big Poppa Smokers Jallelujah Jalapeno Salt - BBQ \u00c4ssad %\" \/>\n<meta property=\"og:description\" content=\"Big Poppa Smokers Jallelujah Jalapeno Salt on maustettu suola, joka sis\u00e4lt\u00e4\u00e4 jalapenoja, valkosipulia ja luonnollista pekonimaustetta. Paino: 377 g.\" \/>\n<meta property=\"og:url\" content=\"https:\/\/bbqassad.ee\/fi\/toode\/big-poppa-smokers-jallelujah-jalapeno-maustettu-jalapeno-suola\/\" \/>\n<meta property=\"og:site_name\" content=\"BBQ \u00c4ssad\" \/>\n<meta property=\"article:publisher\" content=\"https:\/\/www.facebook.com\/bbqassad\" \/>\n<meta property=\"article:modified_time\" content=\"2026-04-14T06:33:15+00:00\" \/>\n<meta property=\"og:image\" content=\"https:\/\/bbqassad.ee\/wp-content\/uploads\/2024\/03\/jalleluujah.png\" \/>\n<meta name=\"twitter:card\" content=\"summary_large_image\" \/>\n<meta name=\"twitter:title\" content=\"Big Poppa Smokers Jallelujah Jalapeno Salt - BBQ \u00c4ssad%\" \/>\n<meta name=\"twitter:description\" content=\"Big Poppa Smokers Jallelujah Jalapeno Salt on maustettu suola, joka sis\u00e4lt\u00e4\u00e4 jalapenoja, valkosipulia ja luonnollista pekonimaustetta. Paino: 377 g.\" \/>\n<meta name=\"twitter:image\" content=\"https:\/\/bbqassad.ee\/wp-content\/uploads\/2024\/03\/jalleluujah.png\" \/>\n<meta name=\"twitter:label1\" content=\"Arvioitu lukuaika\" \/>\n\t<meta name=\"twitter:data1\" content=\"1 minuutti\" \/>\n<script type=\"application\/ld+json\" class=\"yoast-schema-graph\">{\"@context\":\"https:\\\/\\\/schema.org\",\"@graph\":[{\"@type\":\"WebPage\",\"@id\":\"https:\\\/\\\/bbqassad.ee\\\/fi\\\/toode\\\/big-poppa-smokers-jallelujah-jalapeno-maustettu-jalapeno-suola\\\/\",\"url\":\"https:\\\/\\\/bbqassad.ee\\\/fi\\\/toode\\\/big-poppa-smokers-jallelujah-jalapeno-maustettu-jalapeno-suola\\\/\",\"name\":\"Big Poppa Smokers Jallelujah Jalapeno Salt - BBQ \u00c4ssad %\",\"isPartOf\":{\"@id\":\"https:\\\/\\\/bbqassad.ee\\\/fi\\\/#website\"},\"primaryImageOfPage\":{\"@id\":\"https:\\\/\\\/bbqassad.ee\\\/fi\\\/toode\\\/big-poppa-smokers-jallelujah-jalapeno-maustettu-jalapeno-suola\\\/#primaryimage\"},\"image\":{\"@id\":\"https:\\\/\\\/bbqassad.ee\\\/fi\\\/toode\\\/big-poppa-smokers-jallelujah-jalapeno-maustettu-jalapeno-suola\\\/#primaryimage\"},\"thumbnailUrl\":\"https:\\\/\\\/bbqassad.ee\\\/wp-content\\\/uploads\\\/2024\\\/03\\\/jalleluujah.png\",\"datePublished\":\"2024-03-11T20:20:16+00:00\",\"dateModified\":\"2026-04-14T06:33:15+00:00\",\"description\":\"Big Poppa Smokers Jallelujah Jalapeno Salt on maustettu suola, joka sis\u00e4lt\u00e4\u00e4 jalapenoja, valkosipulia ja luonnollista pekonimaustetta. Paino: 377 g.\",\"breadcrumb\":{\"@id\":\"https:\\\/\\\/bbqassad.ee\\\/fi\\\/toode\\\/big-poppa-smokers-jallelujah-jalapeno-maustettu-jalapeno-suola\\\/#breadcrumb\"},\"inLanguage\":\"fi\",\"potentialAction\":[{\"@type\":\"ReadAction\",\"target\":[\"https:\\\/\\\/bbqassad.ee\\\/fi\\\/toode\\\/big-poppa-smokers-jallelujah-jalapeno-maustettu-jalapeno-suola\\\/\"]}]},{\"@type\":\"ImageObject\",\"inLanguage\":\"fi\",\"@id\":\"https:\\\/\\\/bbqassad.ee\\\/fi\\\/toode\\\/big-poppa-smokers-jallelujah-jalapeno-maustettu-jalapeno-suola\\\/#primaryimage\",\"url\":\"https:\\\/\\\/bbqassad.ee\\\/wp-content\\\/uploads\\\/2024\\\/03\\\/jalleluujah.png\",\"contentUrl\":\"https:\\\/\\\/bbqassad.ee\\\/wp-content\\\/uploads\\\/2024\\\/03\\\/jalleluujah.png\",\"width\":1080,\"height\":1080},{\"@type\":\"BreadcrumbList\",\"@id\":\"https:\\\/\\\/bbqassad.ee\\\/fi\\\/toode\\\/big-poppa-smokers-jallelujah-jalapeno-maustettu-jalapeno-suola\\\/#breadcrumb\",\"itemListElement\":[{\"@type\":\"ListItem\",\"position\":1,\"name\":\"Home\",\"item\":\"https:\\\/\\\/bbqassad.ee\\\/fi\\\/bbq-assat\\\/\"},{\"@type\":\"ListItem\",\"position\":2,\"name\":\"Verkkokauppa\",\"item\":\"https:\\\/\\\/bbqassad.ee\\\/fi\\\/verkkokauppa\\\/\"},{\"@type\":\"ListItem\",\"position\":3,\"name\":\"Big Poppa Smokers Jallelujah Jalapeno Salt\"}]},{\"@type\":\"WebSite\",\"@id\":\"https:\\\/\\\/bbqassad.ee\\\/fi\\\/#website\",\"url\":\"https:\\\/\\\/bbqassad.ee\\\/fi\\\/\",\"name\":\"BBQ \u00c4ssad\",\"description\":\"BBQ maitseained, kastmed, ahjud\",\"publisher\":{\"@id\":\"https:\\\/\\\/bbqassad.ee\\\/fi\\\/#organization\"},\"potentialAction\":[{\"@type\":\"SearchAction\",\"target\":{\"@type\":\"EntryPoint\",\"urlTemplate\":\"https:\\\/\\\/bbqassad.ee\\\/fi\\\/?s={search_term_string}\"},\"query-input\":{\"@type\":\"PropertyValueSpecification\",\"valueRequired\":true,\"valueName\":\"search_term_string\"}}],\"inLanguage\":\"fi\"},{\"@type\":\"Organization\",\"@id\":\"https:\\\/\\\/bbqassad.ee\\\/fi\\\/#organization\",\"name\":\"BBQ \u00c4ssad\",\"url\":\"https:\\\/\\\/bbqassad.ee\\\/fi\\\/\",\"logo\":{\"@type\":\"ImageObject\",\"inLanguage\":\"fi\",\"@id\":\"https:\\\/\\\/bbqassad.ee\\\/fi\\\/#\\\/schema\\\/logo\\\/image\\\/\",\"url\":\"https:\\\/\\\/bbqassad.ee\\\/wp-content\\\/uploads\\\/2022\\\/10\\\/BBQ-2ssadlogo.png\",\"contentUrl\":\"https:\\\/\\\/bbqassad.ee\\\/wp-content\\\/uploads\\\/2022\\\/10\\\/BBQ-2ssadlogo.png\",\"width\":1080,\"height\":1080,\"caption\":\"BBQ \u00c4ssad\"},\"image\":{\"@id\":\"https:\\\/\\\/bbqassad.ee\\\/fi\\\/#\\\/schema\\\/logo\\\/image\\\/\"},\"sameAs\":[\"https:\\\/\\\/www.facebook.com\\\/bbqassad\",\"https:\\\/\\\/www.youtube.com\\\/channel\\\/UCsoufn49J6TVi9Ah9meE93w\"]}]}<\/script>\n<!-- \/ Yoast SEO plugin. -->","yoast_head_json":{"title":"Big Poppa Smokers Jallelujah Jalapeno Salt - BBQ \u00c4ssad %","description":"Big Poppa Smokers Jallelujah Jalapeno Salt on maustettu suola, joka sis\u00e4lt\u00e4\u00e4 jalapenoja, valkosipulia ja luonnollista pekonimaustetta. Paino: 377 g.","robots":{"index":"index","follow":"follow","max-snippet":"max-snippet:-1","max-image-preview":"max-image-preview:large","max-video-preview":"max-video-preview:-1"},"canonical":"https:\/\/bbqassad.ee\/fi\/toode\/big-poppa-smokers-jallelujah-jalapeno-maustettu-jalapeno-suola\/","og_locale":"fi_FI","og_type":"article","og_title":"Big Poppa Smokers Jallelujah Jalapeno Salt - BBQ \u00c4ssad %","og_description":"Big Poppa Smokers Jallelujah Jalapeno Salt on maustettu suola, joka sis\u00e4lt\u00e4\u00e4 jalapenoja, valkosipulia ja luonnollista pekonimaustetta. Paino: 377 g.","og_url":"https:\/\/bbqassad.ee\/fi\/toode\/big-poppa-smokers-jallelujah-jalapeno-maustettu-jalapeno-suola\/","og_site_name":"BBQ \u00c4ssad","article_publisher":"https:\/\/www.facebook.com\/bbqassad","article_modified_time":"2026-04-14T06:33:15+00:00","og_image":[{"url":"https:\/\/bbqassad.ee\/wp-content\/uploads\/2024\/03\/jalleluujah.png","type":"","width":"","height":""}],"twitter_card":"summary_large_image","twitter_title":"Big Poppa Smokers Jallelujah Jalapeno Salt - BBQ \u00c4ssad%","twitter_description":"Big Poppa Smokers Jallelujah Jalapeno Salt on maustettu suola, joka sis\u00e4lt\u00e4\u00e4 jalapenoja, valkosipulia ja luonnollista pekonimaustetta. Paino: 377 g.","twitter_image":"https:\/\/bbqassad.ee\/wp-content\/uploads\/2024\/03\/jalleluujah.png","twitter_misc":{"Arvioitu lukuaika":"1 minuutti"},"schema":{"@context":"https:\/\/schema.org","@graph":[{"@type":"WebPage","@id":"https:\/\/bbqassad.ee\/fi\/toode\/big-poppa-smokers-jallelujah-jalapeno-maustettu-jalapeno-suola\/","url":"https:\/\/bbqassad.ee\/fi\/toode\/big-poppa-smokers-jallelujah-jalapeno-maustettu-jalapeno-suola\/","name":"Big Poppa Smokers Jallelujah Jalapeno Salt - BBQ \u00c4ssad %","isPartOf":{"@id":"https:\/\/bbqassad.ee\/fi\/#website"},"primaryImageOfPage":{"@id":"https:\/\/bbqassad.ee\/fi\/toode\/big-poppa-smokers-jallelujah-jalapeno-maustettu-jalapeno-suola\/#primaryimage"},"image":{"@id":"https:\/\/bbqassad.ee\/fi\/toode\/big-poppa-smokers-jallelujah-jalapeno-maustettu-jalapeno-suola\/#primaryimage"},"thumbnailUrl":"https:\/\/bbqassad.ee\/wp-content\/uploads\/2024\/03\/jalleluujah.png","datePublished":"2024-03-11T20:20:16+00:00","dateModified":"2026-04-14T06:33:15+00:00","description":"Big Poppa Smokers Jallelujah Jalapeno Salt on maustettu suola, joka sis\u00e4lt\u00e4\u00e4 jalapenoja, valkosipulia ja luonnollista pekonimaustetta. Paino: 377 g.","breadcrumb":{"@id":"https:\/\/bbqassad.ee\/fi\/toode\/big-poppa-smokers-jallelujah-jalapeno-maustettu-jalapeno-suola\/#breadcrumb"},"inLanguage":"fi","potentialAction":[{"@type":"ReadAction","target":["https:\/\/bbqassad.ee\/fi\/toode\/big-poppa-smokers-jallelujah-jalapeno-maustettu-jalapeno-suola\/"]}]},{"@type":"ImageObject","inLanguage":"fi","@id":"https:\/\/bbqassad.ee\/fi\/toode\/big-poppa-smokers-jallelujah-jalapeno-maustettu-jalapeno-suola\/#primaryimage","url":"https:\/\/bbqassad.ee\/wp-content\/uploads\/2024\/03\/jalleluujah.png","contentUrl":"https:\/\/bbqassad.ee\/wp-content\/uploads\/2024\/03\/jalleluujah.png","width":1080,"height":1080},{"@type":"BreadcrumbList","@id":"https:\/\/bbqassad.ee\/fi\/toode\/big-poppa-smokers-jallelujah-jalapeno-maustettu-jalapeno-suola\/#breadcrumb","itemListElement":[{"@type":"ListItem","position":1,"name":"Home","item":"https:\/\/bbqassad.ee\/fi\/bbq-assat\/"},{"@type":"ListItem","position":2,"name":"Verkkokauppa","item":"https:\/\/bbqassad.ee\/fi\/verkkokauppa\/"},{"@type":"ListItem","position":3,"name":"Big Poppa Smokers Jallelujah Jalapeno Salt"}]},{"@type":"WebSite","@id":"https:\/\/bbqassad.ee\/fi\/#website","url":"https:\/\/bbqassad.ee\/fi\/","name":"BBQ \u00c4ssad","description":"BBQ maitseained, kastmed, ahjud","publisher":{"@id":"https:\/\/bbqassad.ee\/fi\/#organization"},"potentialAction":[{"@type":"SearchAction","target":{"@type":"EntryPoint","urlTemplate":"https:\/\/bbqassad.ee\/fi\/?s={search_term_string}"},"query-input":{"@type":"PropertyValueSpecification","valueRequired":true,"valueName":"search_term_string"}}],"inLanguage":"fi"},{"@type":"Organization","@id":"https:\/\/bbqassad.ee\/fi\/#organization","name":"BBQ \u00c4ssad","url":"https:\/\/bbqassad.ee\/fi\/","logo":{"@type":"ImageObject","inLanguage":"fi","@id":"https:\/\/bbqassad.ee\/fi\/#\/schema\/logo\/image\/","url":"https:\/\/bbqassad.ee\/wp-content\/uploads\/2022\/10\/BBQ-2ssadlogo.png","contentUrl":"https:\/\/bbqassad.ee\/wp-content\/uploads\/2022\/10\/BBQ-2ssadlogo.png","width":1080,"height":1080,"caption":"BBQ \u00c4ssad"},"image":{"@id":"https:\/\/bbqassad.ee\/fi\/#\/schema\/logo\/image\/"},"sameAs":["https:\/\/www.facebook.com\/bbqassad","https:\/\/www.youtube.com\/channel\/UCsoufn49J6TVi9Ah9meE93w"]}]}},"_links":{"self":[{"href":"https:\/\/bbqassad.ee\/fi\/wp-json\/wp\/v2\/product\/22687","targetHints":{"allow":["GET"]}}],"collection":[{"href":"https:\/\/bbqassad.ee\/fi\/wp-json\/wp\/v2\/product"}],"about":[{"href":"https:\/\/bbqassad.ee\/fi\/wp-json\/wp\/v2\/types\/product"}],"replies":[{"embeddable":true,"href":"https:\/\/bbqassad.ee\/fi\/wp-json\/wp\/v2\/comments?post=22687"}],"wp:featuredmedia":[{"embeddable":true,"href":"https:\/\/bbqassad.ee\/fi\/wp-json\/wp\/v2\/media\/22688"}],"wp:attachment":[{"href":"https:\/\/bbqassad.ee\/fi\/wp-json\/wp\/v2\/media?parent=22687"}],"wp:term":[{"taxonomy":"product_brand","embeddable":true,"href":"https:\/\/bbqassad.ee\/fi\/wp-json\/wp\/v2\/product_brand?post=22687"},{"taxonomy":"product_cat","embeddable":true,"href":"https:\/\/bbqassad.ee\/fi\/wp-json\/wp\/v2\/product_cat?post=22687"},{"taxonomy":"product_tag","embeddable":true,"href":"https:\/\/bbqassad.ee\/fi\/wp-json\/wp\/v2\/product_tag?post=22687"}],"curies":[{"name":"wp","href":"https:\/\/api.w.org\/{rel}","templated":true}]}}