{"id":22679,"date":"2024-03-11T20:45:58","date_gmt":"2024-03-11T20:45:58","guid":{"rendered":"https:\/\/bbqassad.ee\/toode\/angus-ja-oink-omg-pork-injection-injektioneste-liuos-injektiota-varten\/"},"modified":"2026-04-14T06:33:14","modified_gmt":"2026-04-14T06:33:14","slug":"angus-ja-oink-omg-pork-injection-injektioneste-liuos-injektiota-varten","status":"publish","type":"product","link":"https:\/\/bbqassad.ee\/fi\/toode\/angus-ja-oink-omg-pork-injection-injektioneste-liuos-injektiota-varten\/","title":{"rendered":"Angus &#038; Oink OMG Pork Injection"},"content":{"rendered":"<h2>Angus and Oink OMG Pork Injection, injektioneste, liuos injektiota varten<\/h2>\n<p>Angus and Oink on jo tullut tunnetuksi Euroopassa, eik\u00e4 kukaan ep\u00e4ile sen uskottavuutta. Etsiess\u00e4mme vaihtoehtoja erilaisille sianlihamarinadeille, t\u00f6rm\u00e4simme n\u00e4ihin, ja t\u00e4ss\u00e4 se tulee. luotu parantamaan makua ja s\u00e4ilytt\u00e4m\u00e4\u00e4n mehukkuus pitk\u00e4n kypsennyksen aikana. Ihanteellinen kilpailuihin ja vakavaan grillaukseen, jossa lihan lis\u00e4maku ja mehukkuus tuovat lis\u00e4pisteit\u00e4!  <\/p>\n<h3>BBQ Aces kommentti<\/h3>\n<p>Hyv\u00e4 jauhe kotona sekoitettavaksi.<\/p>\n<h3>Ammattilaisen vinkki<\/h3>\n<p>K\u00e4yt\u00e4 sekoittaessasi rohkeasti sianlihan kanssa hyvin yhteensopivia mehuja &#8211; esimerkiksi omenamehua, mutta my\u00f6s persikat ovat eritt\u00e4in hyvi\u00e4.<\/p>\n","protected":false},"excerpt":{"rendered":"<p>Tuottaja: Angus and Oink<\/p>\n<p>Paino: 500g<\/p>\n<p>Ainesosat: <span style=\"font-weight: 400;\">maissijauho; maltodekstriini; suola; stabilointiaineet (difosfaatit E450); arominvahventeet E621; luontainen aromi; riisijauho; hydrolysoitu <\/span><b>soijaproteiini<\/b><span style=\"font-weight: 400;\">; mausteuute; <\/span><span style=\"font-weight: 400;\">selleriuute<\/span><b>.<\/b><\/p>\n<p>&nbsp;<\/p>\n","protected":false},"featured_media":22680,"comment_status":"open","ping_status":"closed","template":"","meta":[],"product_brand":[],"product_cat":[812],"product_tag":[],"class_list":{"0":"post-22679","1":"product","2":"type-product","3":"status-publish","4":"has-post-thumbnail","6":"product_cat-marinadit","8":"first","9":"instock","10":"taxable","11":"shipping-taxable","12":"purchasable","13":"product-type-simple"},"yoast_head":"<!-- This site is optimized with the Yoast SEO plugin v27.4 - https:\/\/yoast.com\/product\/yoast-seo-wordpress\/ -->\n<title>Angus &amp; Oink OMG Pork Injection - BBQ \u00c4ssad<\/title>\n<meta name=\"description\" content=\"Porsaanlihan injektioliuos, joka parantaa makua ja auttaa pit\u00e4m\u00e4\u00e4n lihan mehukkaana pitk\u00e4n kypsennyksen aikana. Sekoitetaan veteen tai omena-\/persikkamehuun.\" \/>\n<meta name=\"robots\" content=\"index, follow, max-snippet:-1, max-image-preview:large, max-video-preview:-1\" \/>\n<link rel=\"canonical\" href=\"https:\/\/bbqassad.ee\/fi\/toode\/angus-ja-oink-omg-pork-injection-injektioneste-liuos-injektiota-varten\/\" \/>\n<meta property=\"og:locale\" content=\"fi_FI\" \/>\n<meta property=\"og:type\" content=\"article\" \/>\n<meta property=\"og:title\" content=\"Angus ja Oink OMG Pork -injektioneste, liuos\" \/>\n<meta property=\"og:description\" content=\"Porsaanlihan injektioliuos, joka parantaa makua ja auttaa pit\u00e4m\u00e4\u00e4n lihan mehukkaana pitk\u00e4n kypsennyksen aikana. Sekoitetaan veteen tai omena-\/persikkamehuun. Angus &amp; Oink OMG Pork Injection 500 g.\" \/>\n<meta property=\"og:url\" content=\"https:\/\/bbqassad.ee\/fi\/toode\/angus-ja-oink-omg-pork-injection-injektioneste-liuos-injektiota-varten\/\" \/>\n<meta property=\"og:site_name\" content=\"BBQ \u00c4ssad\" \/>\n<meta property=\"article:publisher\" content=\"https:\/\/www.facebook.com\/bbqassad\" \/>\n<meta property=\"article:modified_time\" content=\"2026-04-14T06:33:14+00:00\" \/>\n<meta property=\"og:image\" content=\"https:\/\/bbqassad.ee\/wp-content\/uploads\/2024\/03\/angus-300x300.png\" \/>\n<meta name=\"twitter:card\" content=\"summary_large_image\" \/>\n<script type=\"application\/ld+json\" class=\"yoast-schema-graph\">{\"@context\":\"https:\\\/\\\/schema.org\",\"@graph\":[{\"@type\":\"WebPage\",\"@id\":\"https:\\\/\\\/bbqassad.ee\\\/fi\\\/toode\\\/angus-ja-oink-omg-pork-injection-injektioneste-liuos-injektiota-varten\\\/\",\"url\":\"https:\\\/\\\/bbqassad.ee\\\/fi\\\/toode\\\/angus-ja-oink-omg-pork-injection-injektioneste-liuos-injektiota-varten\\\/\",\"name\":\"Angus & Oink OMG Pork Injection - BBQ \u00c4ssad\",\"isPartOf\":{\"@id\":\"https:\\\/\\\/bbqassad.ee\\\/fi\\\/#website\"},\"primaryImageOfPage\":{\"@id\":\"https:\\\/\\\/bbqassad.ee\\\/fi\\\/toode\\\/angus-ja-oink-omg-pork-injection-injektioneste-liuos-injektiota-varten\\\/#primaryimage\"},\"image\":{\"@id\":\"https:\\\/\\\/bbqassad.ee\\\/fi\\\/toode\\\/angus-ja-oink-omg-pork-injection-injektioneste-liuos-injektiota-varten\\\/#primaryimage\"},\"thumbnailUrl\":\"https:\\\/\\\/bbqassad.ee\\\/wp-content\\\/uploads\\\/2024\\\/03\\\/angus.png\",\"datePublished\":\"2024-03-11T20:45:58+00:00\",\"dateModified\":\"2026-04-14T06:33:14+00:00\",\"description\":\"Porsaanlihan injektioliuos, joka parantaa makua ja auttaa pit\u00e4m\u00e4\u00e4n lihan mehukkaana pitk\u00e4n kypsennyksen aikana. Sekoitetaan veteen tai omena-\\\/persikkamehuun.\",\"breadcrumb\":{\"@id\":\"https:\\\/\\\/bbqassad.ee\\\/fi\\\/toode\\\/angus-ja-oink-omg-pork-injection-injektioneste-liuos-injektiota-varten\\\/#breadcrumb\"},\"inLanguage\":\"fi\",\"potentialAction\":[{\"@type\":\"ReadAction\",\"target\":[\"https:\\\/\\\/bbqassad.ee\\\/fi\\\/toode\\\/angus-ja-oink-omg-pork-injection-injektioneste-liuos-injektiota-varten\\\/\"]}]},{\"@type\":\"ImageObject\",\"inLanguage\":\"fi\",\"@id\":\"https:\\\/\\\/bbqassad.ee\\\/fi\\\/toode\\\/angus-ja-oink-omg-pork-injection-injektioneste-liuos-injektiota-varten\\\/#primaryimage\",\"url\":\"https:\\\/\\\/bbqassad.ee\\\/wp-content\\\/uploads\\\/2024\\\/03\\\/angus.png\",\"contentUrl\":\"https:\\\/\\\/bbqassad.ee\\\/wp-content\\\/uploads\\\/2024\\\/03\\\/angus.png\",\"width\":1080,\"height\":1080,\"caption\":\"Angus and Oink OMG Pork s\u00fcstelahus\"},{\"@type\":\"BreadcrumbList\",\"@id\":\"https:\\\/\\\/bbqassad.ee\\\/fi\\\/toode\\\/angus-ja-oink-omg-pork-injection-injektioneste-liuos-injektiota-varten\\\/#breadcrumb\",\"itemListElement\":[{\"@type\":\"ListItem\",\"position\":1,\"name\":\"Home\",\"item\":\"https:\\\/\\\/bbqassad.ee\\\/fi\\\/bbq-assat\\\/\"},{\"@type\":\"ListItem\",\"position\":2,\"name\":\"Verkkokauppa\",\"item\":\"https:\\\/\\\/bbqassad.ee\\\/fi\\\/verkkokauppa\\\/\"},{\"@type\":\"ListItem\",\"position\":3,\"name\":\"Angus &#038; Oink OMG Pork Injection\"}]},{\"@type\":\"WebSite\",\"@id\":\"https:\\\/\\\/bbqassad.ee\\\/fi\\\/#website\",\"url\":\"https:\\\/\\\/bbqassad.ee\\\/fi\\\/\",\"name\":\"BBQ \u00c4ssad\",\"description\":\"BBQ maitseained, kastmed, ahjud\",\"publisher\":{\"@id\":\"https:\\\/\\\/bbqassad.ee\\\/fi\\\/#organization\"},\"potentialAction\":[{\"@type\":\"SearchAction\",\"target\":{\"@type\":\"EntryPoint\",\"urlTemplate\":\"https:\\\/\\\/bbqassad.ee\\\/fi\\\/?s={search_term_string}\"},\"query-input\":{\"@type\":\"PropertyValueSpecification\",\"valueRequired\":true,\"valueName\":\"search_term_string\"}}],\"inLanguage\":\"fi\"},{\"@type\":\"Organization\",\"@id\":\"https:\\\/\\\/bbqassad.ee\\\/fi\\\/#organization\",\"name\":\"BBQ \u00c4ssad\",\"url\":\"https:\\\/\\\/bbqassad.ee\\\/fi\\\/\",\"logo\":{\"@type\":\"ImageObject\",\"inLanguage\":\"fi\",\"@id\":\"https:\\\/\\\/bbqassad.ee\\\/fi\\\/#\\\/schema\\\/logo\\\/image\\\/\",\"url\":\"https:\\\/\\\/bbqassad.ee\\\/wp-content\\\/uploads\\\/2022\\\/10\\\/BBQ-2ssadlogo.png\",\"contentUrl\":\"https:\\\/\\\/bbqassad.ee\\\/wp-content\\\/uploads\\\/2022\\\/10\\\/BBQ-2ssadlogo.png\",\"width\":1080,\"height\":1080,\"caption\":\"BBQ \u00c4ssad\"},\"image\":{\"@id\":\"https:\\\/\\\/bbqassad.ee\\\/fi\\\/#\\\/schema\\\/logo\\\/image\\\/\"},\"sameAs\":[\"https:\\\/\\\/www.facebook.com\\\/bbqassad\",\"https:\\\/\\\/www.youtube.com\\\/channel\\\/UCsoufn49J6TVi9Ah9meE93w\"]}]}<\/script>\n<!-- \/ Yoast SEO plugin. -->","yoast_head_json":{"title":"Angus & Oink OMG Pork Injection - BBQ \u00c4ssad","description":"Porsaanlihan injektioliuos, joka parantaa makua ja auttaa pit\u00e4m\u00e4\u00e4n lihan mehukkaana pitk\u00e4n kypsennyksen aikana. Sekoitetaan veteen tai omena-\/persikkamehuun.","robots":{"index":"index","follow":"follow","max-snippet":"max-snippet:-1","max-image-preview":"max-image-preview:large","max-video-preview":"max-video-preview:-1"},"canonical":"https:\/\/bbqassad.ee\/fi\/toode\/angus-ja-oink-omg-pork-injection-injektioneste-liuos-injektiota-varten\/","og_locale":"fi_FI","og_type":"article","og_title":"Angus ja Oink OMG Pork -injektioneste, liuos","og_description":"Porsaanlihan injektioliuos, joka parantaa makua ja auttaa pit\u00e4m\u00e4\u00e4n lihan mehukkaana pitk\u00e4n kypsennyksen aikana. Sekoitetaan veteen tai omena-\/persikkamehuun. Angus & Oink OMG Pork Injection 500 g.","og_url":"https:\/\/bbqassad.ee\/fi\/toode\/angus-ja-oink-omg-pork-injection-injektioneste-liuos-injektiota-varten\/","og_site_name":"BBQ \u00c4ssad","article_publisher":"https:\/\/www.facebook.com\/bbqassad","article_modified_time":"2026-04-14T06:33:14+00:00","og_image":[{"url":"https:\/\/bbqassad.ee\/wp-content\/uploads\/2024\/03\/angus-300x300.png","type":"","width":"","height":""}],"twitter_card":"summary_large_image","schema":{"@context":"https:\/\/schema.org","@graph":[{"@type":"WebPage","@id":"https:\/\/bbqassad.ee\/fi\/toode\/angus-ja-oink-omg-pork-injection-injektioneste-liuos-injektiota-varten\/","url":"https:\/\/bbqassad.ee\/fi\/toode\/angus-ja-oink-omg-pork-injection-injektioneste-liuos-injektiota-varten\/","name":"Angus & Oink OMG Pork Injection - BBQ \u00c4ssad","isPartOf":{"@id":"https:\/\/bbqassad.ee\/fi\/#website"},"primaryImageOfPage":{"@id":"https:\/\/bbqassad.ee\/fi\/toode\/angus-ja-oink-omg-pork-injection-injektioneste-liuos-injektiota-varten\/#primaryimage"},"image":{"@id":"https:\/\/bbqassad.ee\/fi\/toode\/angus-ja-oink-omg-pork-injection-injektioneste-liuos-injektiota-varten\/#primaryimage"},"thumbnailUrl":"https:\/\/bbqassad.ee\/wp-content\/uploads\/2024\/03\/angus.png","datePublished":"2024-03-11T20:45:58+00:00","dateModified":"2026-04-14T06:33:14+00:00","description":"Porsaanlihan injektioliuos, joka parantaa makua ja auttaa pit\u00e4m\u00e4\u00e4n lihan mehukkaana pitk\u00e4n kypsennyksen aikana. Sekoitetaan veteen tai omena-\/persikkamehuun.","breadcrumb":{"@id":"https:\/\/bbqassad.ee\/fi\/toode\/angus-ja-oink-omg-pork-injection-injektioneste-liuos-injektiota-varten\/#breadcrumb"},"inLanguage":"fi","potentialAction":[{"@type":"ReadAction","target":["https:\/\/bbqassad.ee\/fi\/toode\/angus-ja-oink-omg-pork-injection-injektioneste-liuos-injektiota-varten\/"]}]},{"@type":"ImageObject","inLanguage":"fi","@id":"https:\/\/bbqassad.ee\/fi\/toode\/angus-ja-oink-omg-pork-injection-injektioneste-liuos-injektiota-varten\/#primaryimage","url":"https:\/\/bbqassad.ee\/wp-content\/uploads\/2024\/03\/angus.png","contentUrl":"https:\/\/bbqassad.ee\/wp-content\/uploads\/2024\/03\/angus.png","width":1080,"height":1080,"caption":"Angus and Oink OMG Pork s\u00fcstelahus"},{"@type":"BreadcrumbList","@id":"https:\/\/bbqassad.ee\/fi\/toode\/angus-ja-oink-omg-pork-injection-injektioneste-liuos-injektiota-varten\/#breadcrumb","itemListElement":[{"@type":"ListItem","position":1,"name":"Home","item":"https:\/\/bbqassad.ee\/fi\/bbq-assat\/"},{"@type":"ListItem","position":2,"name":"Verkkokauppa","item":"https:\/\/bbqassad.ee\/fi\/verkkokauppa\/"},{"@type":"ListItem","position":3,"name":"Angus &#038; Oink OMG Pork Injection"}]},{"@type":"WebSite","@id":"https:\/\/bbqassad.ee\/fi\/#website","url":"https:\/\/bbqassad.ee\/fi\/","name":"BBQ \u00c4ssad","description":"BBQ maitseained, kastmed, ahjud","publisher":{"@id":"https:\/\/bbqassad.ee\/fi\/#organization"},"potentialAction":[{"@type":"SearchAction","target":{"@type":"EntryPoint","urlTemplate":"https:\/\/bbqassad.ee\/fi\/?s={search_term_string}"},"query-input":{"@type":"PropertyValueSpecification","valueRequired":true,"valueName":"search_term_string"}}],"inLanguage":"fi"},{"@type":"Organization","@id":"https:\/\/bbqassad.ee\/fi\/#organization","name":"BBQ \u00c4ssad","url":"https:\/\/bbqassad.ee\/fi\/","logo":{"@type":"ImageObject","inLanguage":"fi","@id":"https:\/\/bbqassad.ee\/fi\/#\/schema\/logo\/image\/","url":"https:\/\/bbqassad.ee\/wp-content\/uploads\/2022\/10\/BBQ-2ssadlogo.png","contentUrl":"https:\/\/bbqassad.ee\/wp-content\/uploads\/2022\/10\/BBQ-2ssadlogo.png","width":1080,"height":1080,"caption":"BBQ \u00c4ssad"},"image":{"@id":"https:\/\/bbqassad.ee\/fi\/#\/schema\/logo\/image\/"},"sameAs":["https:\/\/www.facebook.com\/bbqassad","https:\/\/www.youtube.com\/channel\/UCsoufn49J6TVi9Ah9meE93w"]}]}},"_links":{"self":[{"href":"https:\/\/bbqassad.ee\/fi\/wp-json\/wp\/v2\/product\/22679","targetHints":{"allow":["GET"]}}],"collection":[{"href":"https:\/\/bbqassad.ee\/fi\/wp-json\/wp\/v2\/product"}],"about":[{"href":"https:\/\/bbqassad.ee\/fi\/wp-json\/wp\/v2\/types\/product"}],"replies":[{"embeddable":true,"href":"https:\/\/bbqassad.ee\/fi\/wp-json\/wp\/v2\/comments?post=22679"}],"wp:featuredmedia":[{"embeddable":true,"href":"https:\/\/bbqassad.ee\/fi\/wp-json\/wp\/v2\/media\/22680"}],"wp:attachment":[{"href":"https:\/\/bbqassad.ee\/fi\/wp-json\/wp\/v2\/media?parent=22679"}],"wp:term":[{"taxonomy":"product_brand","embeddable":true,"href":"https:\/\/bbqassad.ee\/fi\/wp-json\/wp\/v2\/product_brand?post=22679"},{"taxonomy":"product_cat","embeddable":true,"href":"https:\/\/bbqassad.ee\/fi\/wp-json\/wp\/v2\/product_cat?post=22679"},{"taxonomy":"product_tag","embeddable":true,"href":"https:\/\/bbqassad.ee\/fi\/wp-json\/wp\/v2\/product_tag?post=22679"}],"curies":[{"name":"wp","href":"https:\/\/api.w.org\/{rel}","templated":true}]}}