{"id":22675,"date":"2024-03-12T10:43:01","date_gmt":"2024-03-12T10:43:01","guid":{"rendered":"https:\/\/bbqassad.ee\/toode\/loot-n-booty-bbq-gold-star-chicken-rub-kanarouhe-loot-n-booty-bbq-gold-star-chicken-rub\/"},"modified":"2026-04-14T06:33:14","modified_gmt":"2026-04-14T06:33:14","slug":"loot-n-booty-bbq-gold-star-chicken-rub-kanarouhe-loot-n-booty-bbq-gold-star-chicken-rub","status":"publish","type":"product","link":"https:\/\/bbqassad.ee\/fi\/toode\/loot-n-booty-bbq-gold-star-chicken-rub-kanarouhe-loot-n-booty-bbq-gold-star-chicken-rub\/","title":{"rendered":"Loot&#8217;n Booty BBQ Gold Star Chicken Rub -kanamausteseos"},"content":{"rendered":"<h2>Loot n Booty BBQ Gold Star Chicken Rub -kanarouhe (Loot n Booty BBQ Gold Star Chicken Rub)<\/h2>\n<p>Loot n Booty on Sterling Smith -nimisen miehen idea, mutta kilpaurheilupiireiss\u00e4 h\u00e4n on vain Smitty. T\u00e4m\u00e4 on todellinen kanakunn, mies, joka on ker\u00e4nnyt useita t\u00e4ydellisi\u00e4 pisteit\u00e4 t\u00e4ss\u00e4 luokassa. H\u00e4nt\u00e4 rakastetaan paljon suorapuheisuutensa vuoksi, ja varmistaakseen, ett\u00e4 kaikki voisivat tehd\u00e4 h\u00e4nen kaltaisiaan kanoja, h\u00e4n teki Loot n Bootyn. Gold Star Chicken rub ilmestyi vuonna 2014, jolloin Smitty sai nelj\u00e4nnen t\u00e4ydet pisteet, ja sen j\u00e4lkeen se on auttanut monia tekem\u00e4\u00e4n samoin.   <\/p>\n<h3>BBQ Aces kommentti<\/h3>\n<p>Haaah, miten erikoista tavaraa t\u00e4m\u00e4 onkaan. Kah me k\u00e4yt\u00e4mme sit\u00e4, \u00e4l\u00e4 sano miss\u00e4 \ud83d\ude42 <\/p>\n<h3>Ammattilaisen vinkki<\/h3>\n<p>Ota mik\u00e4 tahansa kanareseptimme ja korvaa rub t\u00e4ll\u00e4, etk\u00e4 tule pettym\u00e4\u00e4n.<\/p>\n","protected":false},"excerpt":{"rendered":"<p>Made by Loot n Booty BBQ<\/p>\n<p>Paino: 369g<\/p>\n<p>Ainesosat:Suola; kuivattu valkosipuli, sipuli ja paprika; sokeri; mausteet, mukaan lukien chili; paprika;<br \/>\nnatriumglutamaatti; sinapinsiemenet; sellerinsiemenet; sitruunahappo; luonnollinen hikkori<br \/>\nsavuaromi; kurkumauute (v\u00e4ri); sitruuna\u00f6ljy; papaiinientsyymi; alle 2 %<br \/>\ntrikalsiumfosfaatti paakkuuntumisen est\u00e4miseksi.<\/p>\n","protected":false},"featured_media":22676,"comment_status":"open","ping_status":"closed","template":"","meta":[],"product_brand":[],"product_cat":[802],"product_tag":[],"class_list":{"0":"post-22675","1":"product","2":"type-product","3":"status-publish","4":"has-post-thumbnail","6":"product_cat-sekoitukset","8":"first","9":"instock","10":"taxable","11":"shipping-taxable","12":"purchasable","13":"product-type-simple"},"yoast_head":"<!-- This site is optimized with the Yoast SEO plugin v27.4 - https:\/\/yoast.com\/product\/yoast-seo-wordpress\/ -->\n<title>Loot&#039;n Booty BBQ Gold Star Chicken Rub -kanamausteseos - BBQ \u00c4ssad<\/title>\n<meta name=\"description\" content=\"Loot N&#039; Booty Gold Star Chicken Rub on BBQ-mausteseos kanalle. Sopii siiville, kanafileille ja kokonaisille linnuille.\" \/>\n<meta name=\"robots\" content=\"index, follow, max-snippet:-1, max-image-preview:large, max-video-preview:-1\" \/>\n<link rel=\"canonical\" href=\"https:\/\/bbqassad.ee\/fi\/toode\/loot-n-booty-bbq-gold-star-chicken-rub-kanarouhe-loot-n-booty-bbq-gold-star-chicken-rub\/\" \/>\n<meta property=\"og:locale\" content=\"fi_FI\" \/>\n<meta property=\"og:type\" content=\"article\" \/>\n<meta property=\"og:title\" content=\"Loot n Booty BBQ Gold Star Chicken Rub -kanarouhe (Loot n Booty BBQ Gold Star Chicken Rub)\" \/>\n<meta property=\"og:description\" content=\"Loot N&#039; Booty Gold Star Chicken Rub on BBQ-mausteseos kanalle. Sopii siiville, kanafileille ja kokonaisille linnuille - k\u00e4yt\u00e4 kuivana hierontana ennen grillausta tai savustusta.\" \/>\n<meta property=\"og:url\" content=\"https:\/\/bbqassad.ee\/fi\/toode\/loot-n-booty-bbq-gold-star-chicken-rub-kanarouhe-loot-n-booty-bbq-gold-star-chicken-rub\/\" \/>\n<meta property=\"og:site_name\" content=\"BBQ \u00c4ssad\" \/>\n<meta property=\"article:publisher\" content=\"https:\/\/www.facebook.com\/bbqassad\" \/>\n<meta property=\"article:modified_time\" content=\"2026-04-14T06:33:14+00:00\" \/>\n<meta property=\"og:image\" content=\"https:\/\/bbqassad.ee\/wp-content\/uploads\/2024\/03\/oakridge-2-300x300.png\" \/>\n<meta name=\"twitter:card\" content=\"summary_large_image\" \/>\n<meta name=\"twitter:label1\" content=\"Arvioitu lukuaika\" \/>\n\t<meta name=\"twitter:data1\" content=\"1 minuutti\" \/>\n<script type=\"application\/ld+json\" class=\"yoast-schema-graph\">{\"@context\":\"https:\\\/\\\/schema.org\",\"@graph\":[{\"@type\":\"WebPage\",\"@id\":\"https:\\\/\\\/bbqassad.ee\\\/fi\\\/toode\\\/loot-n-booty-bbq-gold-star-chicken-rub-kanarouhe-loot-n-booty-bbq-gold-star-chicken-rub\\\/\",\"url\":\"https:\\\/\\\/bbqassad.ee\\\/fi\\\/toode\\\/loot-n-booty-bbq-gold-star-chicken-rub-kanarouhe-loot-n-booty-bbq-gold-star-chicken-rub\\\/\",\"name\":\"Loot'n Booty BBQ Gold Star Chicken Rub -kanamausteseos - BBQ \u00c4ssad\",\"isPartOf\":{\"@id\":\"https:\\\/\\\/bbqassad.ee\\\/fi\\\/#website\"},\"primaryImageOfPage\":{\"@id\":\"https:\\\/\\\/bbqassad.ee\\\/fi\\\/toode\\\/loot-n-booty-bbq-gold-star-chicken-rub-kanarouhe-loot-n-booty-bbq-gold-star-chicken-rub\\\/#primaryimage\"},\"image\":{\"@id\":\"https:\\\/\\\/bbqassad.ee\\\/fi\\\/toode\\\/loot-n-booty-bbq-gold-star-chicken-rub-kanarouhe-loot-n-booty-bbq-gold-star-chicken-rub\\\/#primaryimage\"},\"thumbnailUrl\":\"https:\\\/\\\/bbqassad.ee\\\/wp-content\\\/uploads\\\/2024\\\/03\\\/oakridge-2.png\",\"datePublished\":\"2024-03-12T10:43:01+00:00\",\"dateModified\":\"2026-04-14T06:33:14+00:00\",\"description\":\"Loot N' Booty Gold Star Chicken Rub on BBQ-mausteseos kanalle. Sopii siiville, kanafileille ja kokonaisille linnuille.\",\"breadcrumb\":{\"@id\":\"https:\\\/\\\/bbqassad.ee\\\/fi\\\/toode\\\/loot-n-booty-bbq-gold-star-chicken-rub-kanarouhe-loot-n-booty-bbq-gold-star-chicken-rub\\\/#breadcrumb\"},\"inLanguage\":\"fi\",\"potentialAction\":[{\"@type\":\"ReadAction\",\"target\":[\"https:\\\/\\\/bbqassad.ee\\\/fi\\\/toode\\\/loot-n-booty-bbq-gold-star-chicken-rub-kanarouhe-loot-n-booty-bbq-gold-star-chicken-rub\\\/\"]}]},{\"@type\":\"ImageObject\",\"inLanguage\":\"fi\",\"@id\":\"https:\\\/\\\/bbqassad.ee\\\/fi\\\/toode\\\/loot-n-booty-bbq-gold-star-chicken-rub-kanarouhe-loot-n-booty-bbq-gold-star-chicken-rub\\\/#primaryimage\",\"url\":\"https:\\\/\\\/bbqassad.ee\\\/wp-content\\\/uploads\\\/2024\\\/03\\\/oakridge-2.png\",\"contentUrl\":\"https:\\\/\\\/bbqassad.ee\\\/wp-content\\\/uploads\\\/2024\\\/03\\\/oakridge-2.png\",\"width\":1080,\"height\":1080,\"caption\":\"Loot n Booty BBQ Gold Star Chicken Rub\"},{\"@type\":\"BreadcrumbList\",\"@id\":\"https:\\\/\\\/bbqassad.ee\\\/fi\\\/toode\\\/loot-n-booty-bbq-gold-star-chicken-rub-kanarouhe-loot-n-booty-bbq-gold-star-chicken-rub\\\/#breadcrumb\",\"itemListElement\":[{\"@type\":\"ListItem\",\"position\":1,\"name\":\"Home\",\"item\":\"https:\\\/\\\/bbqassad.ee\\\/fi\\\/bbq-assat\\\/\"},{\"@type\":\"ListItem\",\"position\":2,\"name\":\"Verkkokauppa\",\"item\":\"https:\\\/\\\/bbqassad.ee\\\/fi\\\/verkkokauppa\\\/\"},{\"@type\":\"ListItem\",\"position\":3,\"name\":\"Loot&#8217;n Booty BBQ Gold Star Chicken Rub -kanamausteseos\"}]},{\"@type\":\"WebSite\",\"@id\":\"https:\\\/\\\/bbqassad.ee\\\/fi\\\/#website\",\"url\":\"https:\\\/\\\/bbqassad.ee\\\/fi\\\/\",\"name\":\"BBQ \u00c4ssad\",\"description\":\"BBQ maitseained, kastmed, ahjud\",\"publisher\":{\"@id\":\"https:\\\/\\\/bbqassad.ee\\\/fi\\\/#organization\"},\"potentialAction\":[{\"@type\":\"SearchAction\",\"target\":{\"@type\":\"EntryPoint\",\"urlTemplate\":\"https:\\\/\\\/bbqassad.ee\\\/fi\\\/?s={search_term_string}\"},\"query-input\":{\"@type\":\"PropertyValueSpecification\",\"valueRequired\":true,\"valueName\":\"search_term_string\"}}],\"inLanguage\":\"fi\"},{\"@type\":\"Organization\",\"@id\":\"https:\\\/\\\/bbqassad.ee\\\/fi\\\/#organization\",\"name\":\"BBQ \u00c4ssad\",\"url\":\"https:\\\/\\\/bbqassad.ee\\\/fi\\\/\",\"logo\":{\"@type\":\"ImageObject\",\"inLanguage\":\"fi\",\"@id\":\"https:\\\/\\\/bbqassad.ee\\\/fi\\\/#\\\/schema\\\/logo\\\/image\\\/\",\"url\":\"https:\\\/\\\/bbqassad.ee\\\/wp-content\\\/uploads\\\/2022\\\/10\\\/BBQ-2ssadlogo.png\",\"contentUrl\":\"https:\\\/\\\/bbqassad.ee\\\/wp-content\\\/uploads\\\/2022\\\/10\\\/BBQ-2ssadlogo.png\",\"width\":1080,\"height\":1080,\"caption\":\"BBQ \u00c4ssad\"},\"image\":{\"@id\":\"https:\\\/\\\/bbqassad.ee\\\/fi\\\/#\\\/schema\\\/logo\\\/image\\\/\"},\"sameAs\":[\"https:\\\/\\\/www.facebook.com\\\/bbqassad\",\"https:\\\/\\\/www.youtube.com\\\/channel\\\/UCsoufn49J6TVi9Ah9meE93w\"]}]}<\/script>\n<!-- \/ Yoast SEO plugin. -->","yoast_head_json":{"title":"Loot'n Booty BBQ Gold Star Chicken Rub -kanamausteseos - BBQ \u00c4ssad","description":"Loot N' Booty Gold Star Chicken Rub on BBQ-mausteseos kanalle. Sopii siiville, kanafileille ja kokonaisille linnuille.","robots":{"index":"index","follow":"follow","max-snippet":"max-snippet:-1","max-image-preview":"max-image-preview:large","max-video-preview":"max-video-preview:-1"},"canonical":"https:\/\/bbqassad.ee\/fi\/toode\/loot-n-booty-bbq-gold-star-chicken-rub-kanarouhe-loot-n-booty-bbq-gold-star-chicken-rub\/","og_locale":"fi_FI","og_type":"article","og_title":"Loot n Booty BBQ Gold Star Chicken Rub -kanarouhe (Loot n Booty BBQ Gold Star Chicken Rub)","og_description":"Loot N' Booty Gold Star Chicken Rub on BBQ-mausteseos kanalle. Sopii siiville, kanafileille ja kokonaisille linnuille - k\u00e4yt\u00e4 kuivana hierontana ennen grillausta tai savustusta.","og_url":"https:\/\/bbqassad.ee\/fi\/toode\/loot-n-booty-bbq-gold-star-chicken-rub-kanarouhe-loot-n-booty-bbq-gold-star-chicken-rub\/","og_site_name":"BBQ \u00c4ssad","article_publisher":"https:\/\/www.facebook.com\/bbqassad","article_modified_time":"2026-04-14T06:33:14+00:00","og_image":[{"url":"https:\/\/bbqassad.ee\/wp-content\/uploads\/2024\/03\/oakridge-2-300x300.png","type":"","width":"","height":""}],"twitter_card":"summary_large_image","twitter_misc":{"Arvioitu lukuaika":"1 minuutti"},"schema":{"@context":"https:\/\/schema.org","@graph":[{"@type":"WebPage","@id":"https:\/\/bbqassad.ee\/fi\/toode\/loot-n-booty-bbq-gold-star-chicken-rub-kanarouhe-loot-n-booty-bbq-gold-star-chicken-rub\/","url":"https:\/\/bbqassad.ee\/fi\/toode\/loot-n-booty-bbq-gold-star-chicken-rub-kanarouhe-loot-n-booty-bbq-gold-star-chicken-rub\/","name":"Loot'n Booty BBQ Gold Star Chicken Rub -kanamausteseos - BBQ \u00c4ssad","isPartOf":{"@id":"https:\/\/bbqassad.ee\/fi\/#website"},"primaryImageOfPage":{"@id":"https:\/\/bbqassad.ee\/fi\/toode\/loot-n-booty-bbq-gold-star-chicken-rub-kanarouhe-loot-n-booty-bbq-gold-star-chicken-rub\/#primaryimage"},"image":{"@id":"https:\/\/bbqassad.ee\/fi\/toode\/loot-n-booty-bbq-gold-star-chicken-rub-kanarouhe-loot-n-booty-bbq-gold-star-chicken-rub\/#primaryimage"},"thumbnailUrl":"https:\/\/bbqassad.ee\/wp-content\/uploads\/2024\/03\/oakridge-2.png","datePublished":"2024-03-12T10:43:01+00:00","dateModified":"2026-04-14T06:33:14+00:00","description":"Loot N' Booty Gold Star Chicken Rub on BBQ-mausteseos kanalle. Sopii siiville, kanafileille ja kokonaisille linnuille.","breadcrumb":{"@id":"https:\/\/bbqassad.ee\/fi\/toode\/loot-n-booty-bbq-gold-star-chicken-rub-kanarouhe-loot-n-booty-bbq-gold-star-chicken-rub\/#breadcrumb"},"inLanguage":"fi","potentialAction":[{"@type":"ReadAction","target":["https:\/\/bbqassad.ee\/fi\/toode\/loot-n-booty-bbq-gold-star-chicken-rub-kanarouhe-loot-n-booty-bbq-gold-star-chicken-rub\/"]}]},{"@type":"ImageObject","inLanguage":"fi","@id":"https:\/\/bbqassad.ee\/fi\/toode\/loot-n-booty-bbq-gold-star-chicken-rub-kanarouhe-loot-n-booty-bbq-gold-star-chicken-rub\/#primaryimage","url":"https:\/\/bbqassad.ee\/wp-content\/uploads\/2024\/03\/oakridge-2.png","contentUrl":"https:\/\/bbqassad.ee\/wp-content\/uploads\/2024\/03\/oakridge-2.png","width":1080,"height":1080,"caption":"Loot n Booty BBQ Gold Star Chicken Rub"},{"@type":"BreadcrumbList","@id":"https:\/\/bbqassad.ee\/fi\/toode\/loot-n-booty-bbq-gold-star-chicken-rub-kanarouhe-loot-n-booty-bbq-gold-star-chicken-rub\/#breadcrumb","itemListElement":[{"@type":"ListItem","position":1,"name":"Home","item":"https:\/\/bbqassad.ee\/fi\/bbq-assat\/"},{"@type":"ListItem","position":2,"name":"Verkkokauppa","item":"https:\/\/bbqassad.ee\/fi\/verkkokauppa\/"},{"@type":"ListItem","position":3,"name":"Loot&#8217;n Booty BBQ Gold Star Chicken Rub -kanamausteseos"}]},{"@type":"WebSite","@id":"https:\/\/bbqassad.ee\/fi\/#website","url":"https:\/\/bbqassad.ee\/fi\/","name":"BBQ \u00c4ssad","description":"BBQ maitseained, kastmed, ahjud","publisher":{"@id":"https:\/\/bbqassad.ee\/fi\/#organization"},"potentialAction":[{"@type":"SearchAction","target":{"@type":"EntryPoint","urlTemplate":"https:\/\/bbqassad.ee\/fi\/?s={search_term_string}"},"query-input":{"@type":"PropertyValueSpecification","valueRequired":true,"valueName":"search_term_string"}}],"inLanguage":"fi"},{"@type":"Organization","@id":"https:\/\/bbqassad.ee\/fi\/#organization","name":"BBQ \u00c4ssad","url":"https:\/\/bbqassad.ee\/fi\/","logo":{"@type":"ImageObject","inLanguage":"fi","@id":"https:\/\/bbqassad.ee\/fi\/#\/schema\/logo\/image\/","url":"https:\/\/bbqassad.ee\/wp-content\/uploads\/2022\/10\/BBQ-2ssadlogo.png","contentUrl":"https:\/\/bbqassad.ee\/wp-content\/uploads\/2022\/10\/BBQ-2ssadlogo.png","width":1080,"height":1080,"caption":"BBQ \u00c4ssad"},"image":{"@id":"https:\/\/bbqassad.ee\/fi\/#\/schema\/logo\/image\/"},"sameAs":["https:\/\/www.facebook.com\/bbqassad","https:\/\/www.youtube.com\/channel\/UCsoufn49J6TVi9Ah9meE93w"]}]}},"_links":{"self":[{"href":"https:\/\/bbqassad.ee\/fi\/wp-json\/wp\/v2\/product\/22675","targetHints":{"allow":["GET"]}}],"collection":[{"href":"https:\/\/bbqassad.ee\/fi\/wp-json\/wp\/v2\/product"}],"about":[{"href":"https:\/\/bbqassad.ee\/fi\/wp-json\/wp\/v2\/types\/product"}],"replies":[{"embeddable":true,"href":"https:\/\/bbqassad.ee\/fi\/wp-json\/wp\/v2\/comments?post=22675"}],"wp:featuredmedia":[{"embeddable":true,"href":"https:\/\/bbqassad.ee\/fi\/wp-json\/wp\/v2\/media\/22676"}],"wp:attachment":[{"href":"https:\/\/bbqassad.ee\/fi\/wp-json\/wp\/v2\/media?parent=22675"}],"wp:term":[{"taxonomy":"product_brand","embeddable":true,"href":"https:\/\/bbqassad.ee\/fi\/wp-json\/wp\/v2\/product_brand?post=22675"},{"taxonomy":"product_cat","embeddable":true,"href":"https:\/\/bbqassad.ee\/fi\/wp-json\/wp\/v2\/product_cat?post=22675"},{"taxonomy":"product_tag","embeddable":true,"href":"https:\/\/bbqassad.ee\/fi\/wp-json\/wp\/v2\/product_tag?post=22675"}],"curies":[{"name":"wp","href":"https:\/\/api.w.org\/{rel}","templated":true}]}}