{"id":22672,"date":"2024-06-11T07:28:02","date_gmt":"2024-06-11T07:28:02","guid":{"rendered":"https:\/\/bbqassad.ee\/toode\/maustaminen-lihan-kirkko-texas-sugar\/"},"modified":"2026-04-14T06:33:14","modified_gmt":"2026-04-14T06:33:14","slug":"maustaminen-lihan-kirkko-texas-sugar","status":"publish","type":"product","link":"https:\/\/bbqassad.ee\/fi\/toode\/maustaminen-lihan-kirkko-texas-sugar\/","title":{"rendered":"Meat Church Texas Sugar -mausteseos"},"content":{"rendered":"<h2>Maustaminen Lihan kirkko Texas Sugar<\/h2>\n<p>Lihakirkkomausteet ovat osoittautuneet varsin suosituiksi Virossa, ja Texas Sugar on luonnollinen lis\u00e4 Mattin maustevalikoimaan ja valikoimaamme. T\u00e4m\u00e4 makea\/mausteinen mausteseos on eritt\u00e4in monipuolinen. Makea, jossa on lempe\u00e4 mausteinen vivahde lopussa, se antaa loistavan maun ribseille, sianlihalle, kanalle ja merenel\u00e4ville.  <\/p>\n<h3>BBQ Aces kommentti<\/h3>\n<p>\u00c4l\u00e4 h\u00e4mmenny t\u00e4m\u00e4n maustekastikkeen nimest\u00e4 &#8221;Texas&#8221;. Sill\u00e4 ei ole mit\u00e4\u00e4n tekemist\u00e4 naudanlihan kanssa &#8211; p\u00e4invastoin, t\u00e4m\u00e4n sekoituksen makeus sulkee sen pois. <\/p>\n<h3>Ammattilaisen vinkki<\/h3>\n<p>Hyv\u00e4 ehdotus on kokeilla t\u00e4t\u00e4 sekoitusta kalan ja merenel\u00e4vien kanssa.<\/p>\n","protected":false},"excerpt":{"rendered":"<p style=\"font-weight: 400;\"><strong>Texas Sugar Rub<\/strong> -mausteseos, netto 340 g<\/p>\n<p style=\"font-weight: 400;\"><strong>Ainesosat<\/strong>: sokeri, hunajajauhe (puhdistettu siirappi, hunaja), suola, mausteet, paprika, kuivattu valkosipuli ja kuivattu sipuli. Parasta ennen: katso pakkauksesta. <\/p>\n<p><span style=\"font-weight: 400;\">Ravintosis\u00e4lt\u00f6 100 g:ssa: energia: 1396 kJ \/333 kcal, rasvat 0 g, josta tyydyttyneit\u00e4 rasvahappoja 0 g, hiilihydraatit 67 g, josta sokereita 67 g, proteiinit 0 g, suola 15,8 g.<\/span><\/p>\n","protected":false},"featured_media":22674,"comment_status":"open","ping_status":"closed","template":"","meta":[],"product_brand":[],"product_cat":[802],"product_tag":[],"class_list":{"0":"post-22672","1":"product","2":"type-product","3":"status-publish","4":"has-post-thumbnail","6":"product_cat-sekoitukset","8":"first","9":"outofstock","10":"taxable","11":"shipping-taxable","12":"purchasable","13":"product-type-simple"},"yoast_head":"<!-- This site is optimized with the Yoast SEO plugin v27.4 - https:\/\/yoast.com\/product\/yoast-seo-wordpress\/ -->\n<title>Mausteseos Meat Church Texas Sugar 340g - BBQ \u00c4ssad%<\/title>\n<meta name=\"description\" content=\"Texas Sugar Rub on mausteseos, joka sis\u00e4lt\u00e4\u00e4 sokeria, hunajajauhetta, suolaa ja mausteita. Nettom\u00e4\u00e4r\u00e4 340 g. Ravintosis\u00e4lt\u00f6 100 g:ssa: 333 kcal.\" \/>\n<meta name=\"robots\" content=\"index, follow, max-snippet:-1, max-image-preview:large, max-video-preview:-1\" \/>\n<link rel=\"canonical\" href=\"https:\/\/bbqassad.ee\/fi\/toode\/maustaminen-lihan-kirkko-texas-sugar\/\" \/>\n<meta property=\"og:locale\" content=\"fi_FI\" \/>\n<meta property=\"og:type\" content=\"article\" \/>\n<meta property=\"og:title\" content=\"Mausteseos Meat Church Texas Sugar 340g - BBQ \u00c4ssad%\" \/>\n<meta property=\"og:description\" content=\"Texas Sugar Rub on mausteseos, joka sis\u00e4lt\u00e4\u00e4 sokeria, hunajajauhetta, suolaa ja mausteita. Nettom\u00e4\u00e4r\u00e4 340 g. Ravintosis\u00e4lt\u00f6 100 g:ssa: 333 kcal.\" \/>\n<meta property=\"og:url\" content=\"https:\/\/bbqassad.ee\/fi\/toode\/maustaminen-lihan-kirkko-texas-sugar\/\" \/>\n<meta property=\"og:site_name\" content=\"BBQ \u00c4ssad\" \/>\n<meta property=\"article:publisher\" content=\"https:\/\/www.facebook.com\/bbqassad\" \/>\n<meta property=\"article:modified_time\" content=\"2026-04-14T06:33:14+00:00\" \/>\n<meta property=\"og:image\" content=\"https:\/\/bbqassad.ee\/wp-content\/uploads\/2024\/06\/Nimetu-kujundus-5.png\" \/>\n<meta name=\"twitter:card\" content=\"summary_large_image\" \/>\n<meta name=\"twitter:title\" content=\"Mausteseos Meat Church Texas Sugar 340g - BBQ \u00c4ssad%\" \/>\n<meta name=\"twitter:description\" content=\"Texas Sugar Rub on mausteseos, joka sis\u00e4lt\u00e4\u00e4 sokeria, hunajajauhetta, suolaa ja mausteita. Nettom\u00e4\u00e4r\u00e4 340 g. Ravintosis\u00e4lt\u00f6 100 g:ssa: 333 kcal.\" \/>\n<meta name=\"twitter:image\" content=\"https:\/\/bbqassad.ee\/wp-content\/uploads\/2024\/06\/Nimetu-kujundus-5.png\" \/>\n<script type=\"application\/ld+json\" class=\"yoast-schema-graph\">{\"@context\":\"https:\\\/\\\/schema.org\",\"@graph\":[{\"@type\":\"WebPage\",\"@id\":\"https:\\\/\\\/bbqassad.ee\\\/fi\\\/toode\\\/maustaminen-lihan-kirkko-texas-sugar\\\/\",\"url\":\"https:\\\/\\\/bbqassad.ee\\\/fi\\\/toode\\\/maustaminen-lihan-kirkko-texas-sugar\\\/\",\"name\":\"Mausteseos Meat Church Texas Sugar 340g - BBQ \u00c4ssad%\",\"isPartOf\":{\"@id\":\"https:\\\/\\\/bbqassad.ee\\\/fi\\\/#website\"},\"primaryImageOfPage\":{\"@id\":\"https:\\\/\\\/bbqassad.ee\\\/fi\\\/toode\\\/maustaminen-lihan-kirkko-texas-sugar\\\/#primaryimage\"},\"image\":{\"@id\":\"https:\\\/\\\/bbqassad.ee\\\/fi\\\/toode\\\/maustaminen-lihan-kirkko-texas-sugar\\\/#primaryimage\"},\"thumbnailUrl\":\"https:\\\/\\\/bbqassad.ee\\\/wp-content\\\/uploads\\\/2024\\\/06\\\/Nimetu-kujundus-5.png\",\"datePublished\":\"2024-06-11T07:28:02+00:00\",\"dateModified\":\"2026-04-14T06:33:14+00:00\",\"description\":\"Texas Sugar Rub on mausteseos, joka sis\u00e4lt\u00e4\u00e4 sokeria, hunajajauhetta, suolaa ja mausteita. Nettom\u00e4\u00e4r\u00e4 340 g. Ravintosis\u00e4lt\u00f6 100 g:ssa: 333 kcal.\",\"breadcrumb\":{\"@id\":\"https:\\\/\\\/bbqassad.ee\\\/fi\\\/toode\\\/maustaminen-lihan-kirkko-texas-sugar\\\/#breadcrumb\"},\"inLanguage\":\"fi\",\"potentialAction\":[{\"@type\":\"ReadAction\",\"target\":[\"https:\\\/\\\/bbqassad.ee\\\/fi\\\/toode\\\/maustaminen-lihan-kirkko-texas-sugar\\\/\"]}]},{\"@type\":\"ImageObject\",\"inLanguage\":\"fi\",\"@id\":\"https:\\\/\\\/bbqassad.ee\\\/fi\\\/toode\\\/maustaminen-lihan-kirkko-texas-sugar\\\/#primaryimage\",\"url\":\"https:\\\/\\\/bbqassad.ee\\\/wp-content\\\/uploads\\\/2024\\\/06\\\/Nimetu-kujundus-5.png\",\"contentUrl\":\"https:\\\/\\\/bbqassad.ee\\\/wp-content\\\/uploads\\\/2024\\\/06\\\/Nimetu-kujundus-5.png\",\"width\":1280,\"height\":720},{\"@type\":\"BreadcrumbList\",\"@id\":\"https:\\\/\\\/bbqassad.ee\\\/fi\\\/toode\\\/maustaminen-lihan-kirkko-texas-sugar\\\/#breadcrumb\",\"itemListElement\":[{\"@type\":\"ListItem\",\"position\":1,\"name\":\"Home\",\"item\":\"https:\\\/\\\/bbqassad.ee\\\/fi\\\/bbq-assat\\\/\"},{\"@type\":\"ListItem\",\"position\":2,\"name\":\"Verkkokauppa\",\"item\":\"https:\\\/\\\/bbqassad.ee\\\/fi\\\/verkkokauppa\\\/\"},{\"@type\":\"ListItem\",\"position\":3,\"name\":\"Meat Church Texas Sugar -mausteseos\"}]},{\"@type\":\"WebSite\",\"@id\":\"https:\\\/\\\/bbqassad.ee\\\/fi\\\/#website\",\"url\":\"https:\\\/\\\/bbqassad.ee\\\/fi\\\/\",\"name\":\"BBQ \u00c4ssad\",\"description\":\"BBQ maitseained, kastmed, ahjud\",\"publisher\":{\"@id\":\"https:\\\/\\\/bbqassad.ee\\\/fi\\\/#organization\"},\"potentialAction\":[{\"@type\":\"SearchAction\",\"target\":{\"@type\":\"EntryPoint\",\"urlTemplate\":\"https:\\\/\\\/bbqassad.ee\\\/fi\\\/?s={search_term_string}\"},\"query-input\":{\"@type\":\"PropertyValueSpecification\",\"valueRequired\":true,\"valueName\":\"search_term_string\"}}],\"inLanguage\":\"fi\"},{\"@type\":\"Organization\",\"@id\":\"https:\\\/\\\/bbqassad.ee\\\/fi\\\/#organization\",\"name\":\"BBQ \u00c4ssad\",\"url\":\"https:\\\/\\\/bbqassad.ee\\\/fi\\\/\",\"logo\":{\"@type\":\"ImageObject\",\"inLanguage\":\"fi\",\"@id\":\"https:\\\/\\\/bbqassad.ee\\\/fi\\\/#\\\/schema\\\/logo\\\/image\\\/\",\"url\":\"https:\\\/\\\/bbqassad.ee\\\/wp-content\\\/uploads\\\/2022\\\/10\\\/BBQ-2ssadlogo.png\",\"contentUrl\":\"https:\\\/\\\/bbqassad.ee\\\/wp-content\\\/uploads\\\/2022\\\/10\\\/BBQ-2ssadlogo.png\",\"width\":1080,\"height\":1080,\"caption\":\"BBQ \u00c4ssad\"},\"image\":{\"@id\":\"https:\\\/\\\/bbqassad.ee\\\/fi\\\/#\\\/schema\\\/logo\\\/image\\\/\"},\"sameAs\":[\"https:\\\/\\\/www.facebook.com\\\/bbqassad\",\"https:\\\/\\\/www.youtube.com\\\/channel\\\/UCsoufn49J6TVi9Ah9meE93w\"]}]}<\/script>\n<!-- \/ Yoast SEO plugin. -->","yoast_head_json":{"title":"Mausteseos Meat Church Texas Sugar 340g - BBQ \u00c4ssad%","description":"Texas Sugar Rub on mausteseos, joka sis\u00e4lt\u00e4\u00e4 sokeria, hunajajauhetta, suolaa ja mausteita. Nettom\u00e4\u00e4r\u00e4 340 g. Ravintosis\u00e4lt\u00f6 100 g:ssa: 333 kcal.","robots":{"index":"index","follow":"follow","max-snippet":"max-snippet:-1","max-image-preview":"max-image-preview:large","max-video-preview":"max-video-preview:-1"},"canonical":"https:\/\/bbqassad.ee\/fi\/toode\/maustaminen-lihan-kirkko-texas-sugar\/","og_locale":"fi_FI","og_type":"article","og_title":"Mausteseos Meat Church Texas Sugar 340g - BBQ \u00c4ssad%","og_description":"Texas Sugar Rub on mausteseos, joka sis\u00e4lt\u00e4\u00e4 sokeria, hunajajauhetta, suolaa ja mausteita. Nettom\u00e4\u00e4r\u00e4 340 g. Ravintosis\u00e4lt\u00f6 100 g:ssa: 333 kcal.","og_url":"https:\/\/bbqassad.ee\/fi\/toode\/maustaminen-lihan-kirkko-texas-sugar\/","og_site_name":"BBQ \u00c4ssad","article_publisher":"https:\/\/www.facebook.com\/bbqassad","article_modified_time":"2026-04-14T06:33:14+00:00","og_image":[{"url":"https:\/\/bbqassad.ee\/wp-content\/uploads\/2024\/06\/Nimetu-kujundus-5.png","type":"","width":"","height":""}],"twitter_card":"summary_large_image","twitter_title":"Mausteseos Meat Church Texas Sugar 340g - BBQ \u00c4ssad%","twitter_description":"Texas Sugar Rub on mausteseos, joka sis\u00e4lt\u00e4\u00e4 sokeria, hunajajauhetta, suolaa ja mausteita. Nettom\u00e4\u00e4r\u00e4 340 g. Ravintosis\u00e4lt\u00f6 100 g:ssa: 333 kcal.","twitter_image":"https:\/\/bbqassad.ee\/wp-content\/uploads\/2024\/06\/Nimetu-kujundus-5.png","schema":{"@context":"https:\/\/schema.org","@graph":[{"@type":"WebPage","@id":"https:\/\/bbqassad.ee\/fi\/toode\/maustaminen-lihan-kirkko-texas-sugar\/","url":"https:\/\/bbqassad.ee\/fi\/toode\/maustaminen-lihan-kirkko-texas-sugar\/","name":"Mausteseos Meat Church Texas Sugar 340g - BBQ \u00c4ssad%","isPartOf":{"@id":"https:\/\/bbqassad.ee\/fi\/#website"},"primaryImageOfPage":{"@id":"https:\/\/bbqassad.ee\/fi\/toode\/maustaminen-lihan-kirkko-texas-sugar\/#primaryimage"},"image":{"@id":"https:\/\/bbqassad.ee\/fi\/toode\/maustaminen-lihan-kirkko-texas-sugar\/#primaryimage"},"thumbnailUrl":"https:\/\/bbqassad.ee\/wp-content\/uploads\/2024\/06\/Nimetu-kujundus-5.png","datePublished":"2024-06-11T07:28:02+00:00","dateModified":"2026-04-14T06:33:14+00:00","description":"Texas Sugar Rub on mausteseos, joka sis\u00e4lt\u00e4\u00e4 sokeria, hunajajauhetta, suolaa ja mausteita. Nettom\u00e4\u00e4r\u00e4 340 g. Ravintosis\u00e4lt\u00f6 100 g:ssa: 333 kcal.","breadcrumb":{"@id":"https:\/\/bbqassad.ee\/fi\/toode\/maustaminen-lihan-kirkko-texas-sugar\/#breadcrumb"},"inLanguage":"fi","potentialAction":[{"@type":"ReadAction","target":["https:\/\/bbqassad.ee\/fi\/toode\/maustaminen-lihan-kirkko-texas-sugar\/"]}]},{"@type":"ImageObject","inLanguage":"fi","@id":"https:\/\/bbqassad.ee\/fi\/toode\/maustaminen-lihan-kirkko-texas-sugar\/#primaryimage","url":"https:\/\/bbqassad.ee\/wp-content\/uploads\/2024\/06\/Nimetu-kujundus-5.png","contentUrl":"https:\/\/bbqassad.ee\/wp-content\/uploads\/2024\/06\/Nimetu-kujundus-5.png","width":1280,"height":720},{"@type":"BreadcrumbList","@id":"https:\/\/bbqassad.ee\/fi\/toode\/maustaminen-lihan-kirkko-texas-sugar\/#breadcrumb","itemListElement":[{"@type":"ListItem","position":1,"name":"Home","item":"https:\/\/bbqassad.ee\/fi\/bbq-assat\/"},{"@type":"ListItem","position":2,"name":"Verkkokauppa","item":"https:\/\/bbqassad.ee\/fi\/verkkokauppa\/"},{"@type":"ListItem","position":3,"name":"Meat Church Texas Sugar -mausteseos"}]},{"@type":"WebSite","@id":"https:\/\/bbqassad.ee\/fi\/#website","url":"https:\/\/bbqassad.ee\/fi\/","name":"BBQ \u00c4ssad","description":"BBQ maitseained, kastmed, ahjud","publisher":{"@id":"https:\/\/bbqassad.ee\/fi\/#organization"},"potentialAction":[{"@type":"SearchAction","target":{"@type":"EntryPoint","urlTemplate":"https:\/\/bbqassad.ee\/fi\/?s={search_term_string}"},"query-input":{"@type":"PropertyValueSpecification","valueRequired":true,"valueName":"search_term_string"}}],"inLanguage":"fi"},{"@type":"Organization","@id":"https:\/\/bbqassad.ee\/fi\/#organization","name":"BBQ \u00c4ssad","url":"https:\/\/bbqassad.ee\/fi\/","logo":{"@type":"ImageObject","inLanguage":"fi","@id":"https:\/\/bbqassad.ee\/fi\/#\/schema\/logo\/image\/","url":"https:\/\/bbqassad.ee\/wp-content\/uploads\/2022\/10\/BBQ-2ssadlogo.png","contentUrl":"https:\/\/bbqassad.ee\/wp-content\/uploads\/2022\/10\/BBQ-2ssadlogo.png","width":1080,"height":1080,"caption":"BBQ \u00c4ssad"},"image":{"@id":"https:\/\/bbqassad.ee\/fi\/#\/schema\/logo\/image\/"},"sameAs":["https:\/\/www.facebook.com\/bbqassad","https:\/\/www.youtube.com\/channel\/UCsoufn49J6TVi9Ah9meE93w"]}]}},"_links":{"self":[{"href":"https:\/\/bbqassad.ee\/fi\/wp-json\/wp\/v2\/product\/22672","targetHints":{"allow":["GET"]}}],"collection":[{"href":"https:\/\/bbqassad.ee\/fi\/wp-json\/wp\/v2\/product"}],"about":[{"href":"https:\/\/bbqassad.ee\/fi\/wp-json\/wp\/v2\/types\/product"}],"replies":[{"embeddable":true,"href":"https:\/\/bbqassad.ee\/fi\/wp-json\/wp\/v2\/comments?post=22672"}],"wp:featuredmedia":[{"embeddable":true,"href":"https:\/\/bbqassad.ee\/fi\/wp-json\/wp\/v2\/media\/22674"}],"wp:attachment":[{"href":"https:\/\/bbqassad.ee\/fi\/wp-json\/wp\/v2\/media?parent=22672"}],"wp:term":[{"taxonomy":"product_brand","embeddable":true,"href":"https:\/\/bbqassad.ee\/fi\/wp-json\/wp\/v2\/product_brand?post=22672"},{"taxonomy":"product_cat","embeddable":true,"href":"https:\/\/bbqassad.ee\/fi\/wp-json\/wp\/v2\/product_cat?post=22672"},{"taxonomy":"product_tag","embeddable":true,"href":"https:\/\/bbqassad.ee\/fi\/wp-json\/wp\/v2\/product_tag?post=22672"}],"curies":[{"name":"wp","href":"https:\/\/api.w.org\/{rel}","templated":true}]}}