{"id":22670,"date":"2024-07-10T07:19:01","date_gmt":"2024-07-10T07:19:01","guid":{"rendered":"https:\/\/bbqassad.ee\/toode\/plowboys-en-fuego-bbq-kastike\/"},"modified":"2026-04-14T06:33:13","modified_gmt":"2026-04-14T06:33:13","slug":"plowboys-en-fuego-bbq-kastike","status":"publish","type":"product","link":"https:\/\/bbqassad.ee\/fi\/toode\/plowboys-en-fuego-bbq-kastike\/","title":{"rendered":"Plowboys En Fuego BBQ -kastike"},"content":{"rendered":"<p>Plowboys tunnetaan t\u00e4ss\u00e4 maassa ja koko maailmassa l\u00e4hinn\u00e4 rubiineistaan ja erityisesti Yardbirdist\u00e4. Nyt valikoimassa on my\u00f6s kastikkeita, ja t\u00e4\u00e4ll\u00e4 varsin hyvin tunnettu 180 on l\u00f6yt\u00e4nyt tiens\u00e4 monien kotileipureiden ja kilpailijoiden syd\u00e4miin. En Fuegon ei ole tarkoitus p\u00e4\u00e4st\u00e4 syd\u00e4meen, sen on tarkoitus p\u00e4\u00e4st\u00e4 kielelle, kurkkuun ja minne tahansa muuallekin :)))).  <\/p>\n<h3>BBQ Aces kommentti<\/h3>\n<p>Koska se on 180:n kehitys, se on makea pohja, jota seuraa PAUK. Pamaus on kova ja kivulias, mutta meksikolaiset paprikat antavat sille my\u00f6s ylim\u00e4\u00e4r\u00e4ist\u00e4 makeutta. <\/p>\n<p><span style=\"font-size: 20.15999984741211px; color: #333333;\">Ammattilaisen vinkki<\/span><\/p>\n<p>Mausteiset kanansiivet ovat oikea vastaus &#8211; kokeile niit\u00e4 siell\u00e4, niin HOT wings saa uuden merkityksen.<\/p>\n","protected":false},"excerpt":{"rendered":"<p><strong>Nettopaino<\/strong> 473 g<\/p>\n<p style=\"font-weight: 400;\"><strong>Ainesosat<\/strong>: ruskea sokeri, glukoosisiirappi, vesi, tomaattipyree, etikka, sokeri, mausteet (mm. chilipippuri, paprika ja sinappi), suola, valkosipuli, sipulijauhe. Parasta ennen: katso pakkaus. <\/p>\n<p><strong>Ravitsemustiedot 100 g<\/strong><span style=\"font-weight: 400;\"> <strong>per<\/strong> 100 g: Energia 216 kcal (904 kJ), Rasvat 2,5 g, josta tyydyttyneit\u00e4 rasvahappoja 0 g, Hiilihydraatit 54 g, josta sokereita 51 g, Proteiini 0 g, Suola 0,5 g. Ravintoarvotiedot.<\/span><\/p>\n","protected":false},"featured_media":22671,"comment_status":"open","ping_status":"closed","template":"","meta":[],"product_brand":[],"product_cat":[788],"product_tag":[],"class_list":{"0":"post-22670","1":"product","2":"type-product","3":"status-publish","4":"has-post-thumbnail","6":"product_cat-kastit","8":"first","9":"outofstock","10":"taxable","11":"shipping-taxable","12":"purchasable","13":"product-type-simple"},"yoast_head":"<!-- This site is optimized with the Yoast SEO plugin v27.4 - https:\/\/yoast.com\/product\/yoast-seo-wordpress\/ -->\n<title>Plowboys - En Fuego BBQ-kastike 473g -% BBQ \u00c4ssad%<\/title>\n<meta name=\"description\" content=\"Plowboys En Fuego BBQ -kastike on herkullinen sekoitus ruskeaa sokeria, tomaattipastaa ja mausteita. Ihanteellinen grillaukseen ja ruokien maustamiseen.\" \/>\n<meta name=\"robots\" content=\"index, follow, max-snippet:-1, max-image-preview:large, max-video-preview:-1\" \/>\n<link rel=\"canonical\" href=\"https:\/\/bbqassad.ee\/fi\/toode\/plowboys-en-fuego-bbq-kastike\/\" \/>\n<meta property=\"og:locale\" content=\"fi_FI\" \/>\n<meta property=\"og:type\" content=\"article\" \/>\n<meta property=\"og:title\" content=\"Plowboys - En Fuego BBQ-kastike 473g -% BBQ \u00c4ssad%\" \/>\n<meta property=\"og:description\" content=\"Plowboys En Fuego BBQ -kastike on herkullinen sekoitus ruskeaa sokeria, tomaattipastaa ja mausteita. Ihanteellinen grillaukseen ja ruokien maustamiseen.\" \/>\n<meta property=\"og:url\" content=\"https:\/\/bbqassad.ee\/fi\/toode\/plowboys-en-fuego-bbq-kastike\/\" \/>\n<meta property=\"og:site_name\" content=\"BBQ \u00c4ssad\" \/>\n<meta property=\"article:publisher\" content=\"https:\/\/www.facebook.com\/bbqassad\" \/>\n<meta property=\"article:modified_time\" content=\"2026-04-14T06:33:13+00:00\" \/>\n<meta property=\"og:image\" content=\"https:\/\/bbqassad.ee\/wp-content\/uploads\/2024\/07\/PLOWBOYS-EN-FUEGO-BBQ-SAUCE.webp\" \/>\n<meta name=\"twitter:card\" content=\"summary_large_image\" \/>\n<meta name=\"twitter:title\" content=\"Plowboys - En Fuego BBQ-kastike 473g -% BBQ \u00c4ssad%\" \/>\n<meta name=\"twitter:description\" content=\"Plowboys En Fuego BBQ -kastike on herkullinen sekoitus ruskeaa sokeria, tomaattipastaa ja mausteita. Ihanteellinen grillaukseen ja ruokien maustamiseen.\" \/>\n<meta name=\"twitter:image\" content=\"https:\/\/bbqassad.ee\/wp-content\/uploads\/2024\/07\/PLOWBOYS-EN-FUEGO-BBQ-SAUCE.webp\" \/>\n<meta name=\"twitter:label1\" content=\"Arvioitu lukuaika\" \/>\n\t<meta name=\"twitter:data1\" content=\"1 minuutti\" \/>\n<script type=\"application\/ld+json\" class=\"yoast-schema-graph\">{\"@context\":\"https:\\\/\\\/schema.org\",\"@graph\":[{\"@type\":\"WebPage\",\"@id\":\"https:\\\/\\\/bbqassad.ee\\\/fi\\\/toode\\\/plowboys-en-fuego-bbq-kastike\\\/\",\"url\":\"https:\\\/\\\/bbqassad.ee\\\/fi\\\/toode\\\/plowboys-en-fuego-bbq-kastike\\\/\",\"name\":\"Plowboys - En Fuego BBQ-kastike 473g -% BBQ \u00c4ssad%\",\"isPartOf\":{\"@id\":\"https:\\\/\\\/bbqassad.ee\\\/fi\\\/#website\"},\"primaryImageOfPage\":{\"@id\":\"https:\\\/\\\/bbqassad.ee\\\/fi\\\/toode\\\/plowboys-en-fuego-bbq-kastike\\\/#primaryimage\"},\"image\":{\"@id\":\"https:\\\/\\\/bbqassad.ee\\\/fi\\\/toode\\\/plowboys-en-fuego-bbq-kastike\\\/#primaryimage\"},\"thumbnailUrl\":\"https:\\\/\\\/bbqassad.ee\\\/wp-content\\\/uploads\\\/2024\\\/07\\\/PLOWBOYS-EN-FUEGO-BBQ-SAUCE.webp\",\"datePublished\":\"2024-07-10T07:19:01+00:00\",\"dateModified\":\"2026-04-14T06:33:13+00:00\",\"description\":\"Plowboys En Fuego BBQ -kastike on herkullinen sekoitus ruskeaa sokeria, tomaattipastaa ja mausteita. Ihanteellinen grillaukseen ja ruokien maustamiseen.\",\"breadcrumb\":{\"@id\":\"https:\\\/\\\/bbqassad.ee\\\/fi\\\/toode\\\/plowboys-en-fuego-bbq-kastike\\\/#breadcrumb\"},\"inLanguage\":\"fi\",\"potentialAction\":[{\"@type\":\"ReadAction\",\"target\":[\"https:\\\/\\\/bbqassad.ee\\\/fi\\\/toode\\\/plowboys-en-fuego-bbq-kastike\\\/\"]}]},{\"@type\":\"ImageObject\",\"inLanguage\":\"fi\",\"@id\":\"https:\\\/\\\/bbqassad.ee\\\/fi\\\/toode\\\/plowboys-en-fuego-bbq-kastike\\\/#primaryimage\",\"url\":\"https:\\\/\\\/bbqassad.ee\\\/wp-content\\\/uploads\\\/2024\\\/07\\\/PLOWBOYS-EN-FUEGO-BBQ-SAUCE.webp\",\"contentUrl\":\"https:\\\/\\\/bbqassad.ee\\\/wp-content\\\/uploads\\\/2024\\\/07\\\/PLOWBOYS-EN-FUEGO-BBQ-SAUCE.webp\",\"width\":475,\"height\":475},{\"@type\":\"BreadcrumbList\",\"@id\":\"https:\\\/\\\/bbqassad.ee\\\/fi\\\/toode\\\/plowboys-en-fuego-bbq-kastike\\\/#breadcrumb\",\"itemListElement\":[{\"@type\":\"ListItem\",\"position\":1,\"name\":\"Home\",\"item\":\"https:\\\/\\\/bbqassad.ee\\\/fi\\\/bbq-assat\\\/\"},{\"@type\":\"ListItem\",\"position\":2,\"name\":\"Verkkokauppa\",\"item\":\"https:\\\/\\\/bbqassad.ee\\\/fi\\\/verkkokauppa\\\/\"},{\"@type\":\"ListItem\",\"position\":3,\"name\":\"Plowboys En Fuego BBQ -kastike\"}]},{\"@type\":\"WebSite\",\"@id\":\"https:\\\/\\\/bbqassad.ee\\\/fi\\\/#website\",\"url\":\"https:\\\/\\\/bbqassad.ee\\\/fi\\\/\",\"name\":\"BBQ \u00c4ssad\",\"description\":\"BBQ maitseained, kastmed, ahjud\",\"publisher\":{\"@id\":\"https:\\\/\\\/bbqassad.ee\\\/fi\\\/#organization\"},\"potentialAction\":[{\"@type\":\"SearchAction\",\"target\":{\"@type\":\"EntryPoint\",\"urlTemplate\":\"https:\\\/\\\/bbqassad.ee\\\/fi\\\/?s={search_term_string}\"},\"query-input\":{\"@type\":\"PropertyValueSpecification\",\"valueRequired\":true,\"valueName\":\"search_term_string\"}}],\"inLanguage\":\"fi\"},{\"@type\":\"Organization\",\"@id\":\"https:\\\/\\\/bbqassad.ee\\\/fi\\\/#organization\",\"name\":\"BBQ \u00c4ssad\",\"url\":\"https:\\\/\\\/bbqassad.ee\\\/fi\\\/\",\"logo\":{\"@type\":\"ImageObject\",\"inLanguage\":\"fi\",\"@id\":\"https:\\\/\\\/bbqassad.ee\\\/fi\\\/#\\\/schema\\\/logo\\\/image\\\/\",\"url\":\"https:\\\/\\\/bbqassad.ee\\\/wp-content\\\/uploads\\\/2022\\\/10\\\/BBQ-2ssadlogo.png\",\"contentUrl\":\"https:\\\/\\\/bbqassad.ee\\\/wp-content\\\/uploads\\\/2022\\\/10\\\/BBQ-2ssadlogo.png\",\"width\":1080,\"height\":1080,\"caption\":\"BBQ \u00c4ssad\"},\"image\":{\"@id\":\"https:\\\/\\\/bbqassad.ee\\\/fi\\\/#\\\/schema\\\/logo\\\/image\\\/\"},\"sameAs\":[\"https:\\\/\\\/www.facebook.com\\\/bbqassad\",\"https:\\\/\\\/www.youtube.com\\\/channel\\\/UCsoufn49J6TVi9Ah9meE93w\"]}]}<\/script>\n<!-- \/ Yoast SEO plugin. -->","yoast_head_json":{"title":"Plowboys - En Fuego BBQ-kastike 473g -% BBQ \u00c4ssad%","description":"Plowboys En Fuego BBQ -kastike on herkullinen sekoitus ruskeaa sokeria, tomaattipastaa ja mausteita. Ihanteellinen grillaukseen ja ruokien maustamiseen.","robots":{"index":"index","follow":"follow","max-snippet":"max-snippet:-1","max-image-preview":"max-image-preview:large","max-video-preview":"max-video-preview:-1"},"canonical":"https:\/\/bbqassad.ee\/fi\/toode\/plowboys-en-fuego-bbq-kastike\/","og_locale":"fi_FI","og_type":"article","og_title":"Plowboys - En Fuego BBQ-kastike 473g -% BBQ \u00c4ssad%","og_description":"Plowboys En Fuego BBQ -kastike on herkullinen sekoitus ruskeaa sokeria, tomaattipastaa ja mausteita. Ihanteellinen grillaukseen ja ruokien maustamiseen.","og_url":"https:\/\/bbqassad.ee\/fi\/toode\/plowboys-en-fuego-bbq-kastike\/","og_site_name":"BBQ \u00c4ssad","article_publisher":"https:\/\/www.facebook.com\/bbqassad","article_modified_time":"2026-04-14T06:33:13+00:00","og_image":[{"url":"https:\/\/bbqassad.ee\/wp-content\/uploads\/2024\/07\/PLOWBOYS-EN-FUEGO-BBQ-SAUCE.webp","type":"","width":"","height":""}],"twitter_card":"summary_large_image","twitter_title":"Plowboys - En Fuego BBQ-kastike 473g -% BBQ \u00c4ssad%","twitter_description":"Plowboys En Fuego BBQ -kastike on herkullinen sekoitus ruskeaa sokeria, tomaattipastaa ja mausteita. Ihanteellinen grillaukseen ja ruokien maustamiseen.","twitter_image":"https:\/\/bbqassad.ee\/wp-content\/uploads\/2024\/07\/PLOWBOYS-EN-FUEGO-BBQ-SAUCE.webp","twitter_misc":{"Arvioitu lukuaika":"1 minuutti"},"schema":{"@context":"https:\/\/schema.org","@graph":[{"@type":"WebPage","@id":"https:\/\/bbqassad.ee\/fi\/toode\/plowboys-en-fuego-bbq-kastike\/","url":"https:\/\/bbqassad.ee\/fi\/toode\/plowboys-en-fuego-bbq-kastike\/","name":"Plowboys - En Fuego BBQ-kastike 473g -% BBQ \u00c4ssad%","isPartOf":{"@id":"https:\/\/bbqassad.ee\/fi\/#website"},"primaryImageOfPage":{"@id":"https:\/\/bbqassad.ee\/fi\/toode\/plowboys-en-fuego-bbq-kastike\/#primaryimage"},"image":{"@id":"https:\/\/bbqassad.ee\/fi\/toode\/plowboys-en-fuego-bbq-kastike\/#primaryimage"},"thumbnailUrl":"https:\/\/bbqassad.ee\/wp-content\/uploads\/2024\/07\/PLOWBOYS-EN-FUEGO-BBQ-SAUCE.webp","datePublished":"2024-07-10T07:19:01+00:00","dateModified":"2026-04-14T06:33:13+00:00","description":"Plowboys En Fuego BBQ -kastike on herkullinen sekoitus ruskeaa sokeria, tomaattipastaa ja mausteita. Ihanteellinen grillaukseen ja ruokien maustamiseen.","breadcrumb":{"@id":"https:\/\/bbqassad.ee\/fi\/toode\/plowboys-en-fuego-bbq-kastike\/#breadcrumb"},"inLanguage":"fi","potentialAction":[{"@type":"ReadAction","target":["https:\/\/bbqassad.ee\/fi\/toode\/plowboys-en-fuego-bbq-kastike\/"]}]},{"@type":"ImageObject","inLanguage":"fi","@id":"https:\/\/bbqassad.ee\/fi\/toode\/plowboys-en-fuego-bbq-kastike\/#primaryimage","url":"https:\/\/bbqassad.ee\/wp-content\/uploads\/2024\/07\/PLOWBOYS-EN-FUEGO-BBQ-SAUCE.webp","contentUrl":"https:\/\/bbqassad.ee\/wp-content\/uploads\/2024\/07\/PLOWBOYS-EN-FUEGO-BBQ-SAUCE.webp","width":475,"height":475},{"@type":"BreadcrumbList","@id":"https:\/\/bbqassad.ee\/fi\/toode\/plowboys-en-fuego-bbq-kastike\/#breadcrumb","itemListElement":[{"@type":"ListItem","position":1,"name":"Home","item":"https:\/\/bbqassad.ee\/fi\/bbq-assat\/"},{"@type":"ListItem","position":2,"name":"Verkkokauppa","item":"https:\/\/bbqassad.ee\/fi\/verkkokauppa\/"},{"@type":"ListItem","position":3,"name":"Plowboys En Fuego BBQ -kastike"}]},{"@type":"WebSite","@id":"https:\/\/bbqassad.ee\/fi\/#website","url":"https:\/\/bbqassad.ee\/fi\/","name":"BBQ \u00c4ssad","description":"BBQ maitseained, kastmed, ahjud","publisher":{"@id":"https:\/\/bbqassad.ee\/fi\/#organization"},"potentialAction":[{"@type":"SearchAction","target":{"@type":"EntryPoint","urlTemplate":"https:\/\/bbqassad.ee\/fi\/?s={search_term_string}"},"query-input":{"@type":"PropertyValueSpecification","valueRequired":true,"valueName":"search_term_string"}}],"inLanguage":"fi"},{"@type":"Organization","@id":"https:\/\/bbqassad.ee\/fi\/#organization","name":"BBQ \u00c4ssad","url":"https:\/\/bbqassad.ee\/fi\/","logo":{"@type":"ImageObject","inLanguage":"fi","@id":"https:\/\/bbqassad.ee\/fi\/#\/schema\/logo\/image\/","url":"https:\/\/bbqassad.ee\/wp-content\/uploads\/2022\/10\/BBQ-2ssadlogo.png","contentUrl":"https:\/\/bbqassad.ee\/wp-content\/uploads\/2022\/10\/BBQ-2ssadlogo.png","width":1080,"height":1080,"caption":"BBQ \u00c4ssad"},"image":{"@id":"https:\/\/bbqassad.ee\/fi\/#\/schema\/logo\/image\/"},"sameAs":["https:\/\/www.facebook.com\/bbqassad","https:\/\/www.youtube.com\/channel\/UCsoufn49J6TVi9Ah9meE93w"]}]}},"_links":{"self":[{"href":"https:\/\/bbqassad.ee\/fi\/wp-json\/wp\/v2\/product\/22670","targetHints":{"allow":["GET"]}}],"collection":[{"href":"https:\/\/bbqassad.ee\/fi\/wp-json\/wp\/v2\/product"}],"about":[{"href":"https:\/\/bbqassad.ee\/fi\/wp-json\/wp\/v2\/types\/product"}],"replies":[{"embeddable":true,"href":"https:\/\/bbqassad.ee\/fi\/wp-json\/wp\/v2\/comments?post=22670"}],"wp:featuredmedia":[{"embeddable":true,"href":"https:\/\/bbqassad.ee\/fi\/wp-json\/wp\/v2\/media\/22671"}],"wp:attachment":[{"href":"https:\/\/bbqassad.ee\/fi\/wp-json\/wp\/v2\/media?parent=22670"}],"wp:term":[{"taxonomy":"product_brand","embeddable":true,"href":"https:\/\/bbqassad.ee\/fi\/wp-json\/wp\/v2\/product_brand?post=22670"},{"taxonomy":"product_cat","embeddable":true,"href":"https:\/\/bbqassad.ee\/fi\/wp-json\/wp\/v2\/product_cat?post=22670"},{"taxonomy":"product_tag","embeddable":true,"href":"https:\/\/bbqassad.ee\/fi\/wp-json\/wp\/v2\/product_tag?post=22670"}],"curies":[{"name":"wp","href":"https:\/\/api.w.org\/{rel}","templated":true}]}}