{"id":22668,"date":"2024-07-10T07:28:14","date_gmt":"2024-07-10T07:28:14","guid":{"rendered":"https:\/\/bbqassad.ee\/toode\/lootn-booty-everything-rub-2\/"},"modified":"2026-04-14T06:33:13","modified_gmt":"2026-04-14T06:33:13","slug":"lootn-booty-everything-rub-2","status":"publish","type":"product","link":"https:\/\/bbqassad.ee\/fi\/toode\/lootn-booty-everything-rub-2\/","title":{"rendered":"Loot&#8217;n Booty Everything Rub -mausteseos"},"content":{"rendered":"<p>T\u00e4m\u00e4 on itse asiassa se hankaus, josta t\u00e4m\u00e4 valmistaja tunnetaan. Everything rub -nimi kertoo kaiken &#8211; se sopii kaikkeen, koska se on kaikkea, suolaista, makeaa ja my\u00f6s hieman mausteista. <\/p>\n<h3>BBQ Aces kommentti<\/h3>\n<p>Se on itse asiassa hieman suolainen rub, kuten kaikki kohteen alla olevat rubit ovat suurimmaksi osaksi. Ole kuitenkin varovainen, jos liioittelet takapuolella, se muuttuu tulisuuden my\u00f6t\u00e4 mausteiseksi, mutta jos osuu naulan kantaan, parempaa rubia ei ole. <\/p>\n<p><span style=\"font-size: 20.15999984741211px; color: #333333;\">Ammattilaisen vinkki<\/span><\/p>\n<p>Kananliha miss\u00e4 tahansa muodossa on t\u00e4m\u00e4n sekoituksen &#8221;kutsumus&#8221;, ja se on voittanut kaikki maailman suurimmat BBQ-kilpailut t\u00e4ss\u00e4 kategoriassa, mukaan lukien Viron mestaruuskilpailut ;).<\/p>\n","protected":false},"excerpt":{"rendered":"<p><strong>Nettopaino<\/strong> 397 g.<br \/>\n<strong>Ainesosat:<\/strong> sokeri; suola; mausteet, mukaan lukien chili; kuivattu valkosipuli, sipuli ja paprika; paprika;<br \/>\nnatriumglutamaatti; ruskea sokeri; valkosipulijauhe; paprikauute v\u00e4rin lis\u00e4\u00e4miseksi; luonnollinen meskiitti;<br \/>\nluonnollinen hikkorinsavuaromi; alle 2 % trikalsiumfosfaattia paakkuuntumisen est\u00e4miseksi.<\/p>\n<p><strong>Ravintosis\u00e4lt\u00f6 100 g:aa kohti<\/strong>: energia: 0 kJ\/0 kcal; rasvat: 0 g, josta tyydyttyneit\u00e4 rasvahappoja:<br \/>\n0 g; hiilihydraatit: 100 g, josta sokereita: 0 g; valkuaisaineet: 0 g; suola: 32,5 g.<\/p>\n","protected":false},"featured_media":22669,"comment_status":"open","ping_status":"closed","template":"","meta":[],"product_brand":[],"product_cat":[802],"product_tag":[],"class_list":{"0":"post-22668","1":"product","2":"type-product","3":"status-publish","4":"has-post-thumbnail","6":"product_cat-sekoitukset","8":"first","9":"instock","10":"taxable","11":"shipping-taxable","12":"purchasable","13":"product-type-simple"},"yoast_head":"<!-- This site is optimized with the Yoast SEO plugin v27.4 - https:\/\/yoast.com\/product\/yoast-seo-wordpress\/ -->\n<title>Loot&#039;n Booty Everything rub 397 g -% BBQ \u00c4ssad%<\/title>\n<meta name=\"description\" content=\"Loot&#039;n Booty Everything rub sis\u00e4lt\u00e4\u00e4 sokeria, suolaa ja mausteita, kuten chili\u00e4, valkosipulia ja paprikaa. Tuote on maustettu luonnollisilla savuaromeilla.\" \/>\n<meta name=\"robots\" content=\"index, follow, max-snippet:-1, max-image-preview:large, max-video-preview:-1\" \/>\n<link rel=\"canonical\" href=\"https:\/\/bbqassad.ee\/fi\/toode\/lootn-booty-everything-rub-2\/\" \/>\n<meta property=\"og:locale\" content=\"fi_FI\" \/>\n<meta property=\"og:type\" content=\"article\" \/>\n<meta property=\"og:title\" content=\"Loot&#039;n Booty Everything rub 397 g -% BBQ \u00c4ssad%\" \/>\n<meta property=\"og:description\" content=\"Loot&#039;n Booty Everything rub sis\u00e4lt\u00e4\u00e4 sokeria, suolaa ja mausteita, kuten chili\u00e4, valkosipulia ja paprikaa. Tuote on maustettu luonnollisilla savuaromeilla.\" \/>\n<meta property=\"og:url\" content=\"https:\/\/bbqassad.ee\/fi\/toode\/lootn-booty-everything-rub-2\/\" \/>\n<meta property=\"og:site_name\" content=\"BBQ \u00c4ssad\" \/>\n<meta property=\"article:publisher\" content=\"https:\/\/www.facebook.com\/bbqassad\" \/>\n<meta property=\"article:modified_time\" content=\"2026-04-14T06:33:13+00:00\" \/>\n<meta property=\"og:image\" content=\"https:\/\/bbqassad.ee\/wp-content\/uploads\/2024\/07\/Nimetu-kujundus-7.png\" \/>\n<meta name=\"twitter:card\" content=\"summary_large_image\" \/>\n<meta name=\"twitter:title\" content=\"Loot&#039;n Booty Everything rub 397 g -% BBQ \u00c4ssad%\" \/>\n<meta name=\"twitter:description\" content=\"Loot&#039;n Booty Everything rub sis\u00e4lt\u00e4\u00e4 sokeria, suolaa ja mausteita, kuten chili\u00e4, valkosipulia ja paprikaa. Tuote on maustettu luonnollisilla savuaromeilla.\" \/>\n<meta name=\"twitter:image\" content=\"https:\/\/bbqassad.ee\/wp-content\/uploads\/2024\/07\/Nimetu-kujundus-7.png\" \/>\n<script type=\"application\/ld+json\" class=\"yoast-schema-graph\">{\"@context\":\"https:\\\/\\\/schema.org\",\"@graph\":[{\"@type\":\"WebPage\",\"@id\":\"https:\\\/\\\/bbqassad.ee\\\/fi\\\/toode\\\/lootn-booty-everything-rub-2\\\/\",\"url\":\"https:\\\/\\\/bbqassad.ee\\\/fi\\\/toode\\\/lootn-booty-everything-rub-2\\\/\",\"name\":\"Loot'n Booty Everything rub 397 g -% BBQ \u00c4ssad%\",\"isPartOf\":{\"@id\":\"https:\\\/\\\/bbqassad.ee\\\/fi\\\/#website\"},\"primaryImageOfPage\":{\"@id\":\"https:\\\/\\\/bbqassad.ee\\\/fi\\\/toode\\\/lootn-booty-everything-rub-2\\\/#primaryimage\"},\"image\":{\"@id\":\"https:\\\/\\\/bbqassad.ee\\\/fi\\\/toode\\\/lootn-booty-everything-rub-2\\\/#primaryimage\"},\"thumbnailUrl\":\"https:\\\/\\\/bbqassad.ee\\\/wp-content\\\/uploads\\\/2024\\\/07\\\/Nimetu-kujundus-7.png\",\"datePublished\":\"2024-07-10T07:28:14+00:00\",\"dateModified\":\"2026-04-14T06:33:13+00:00\",\"description\":\"Loot'n Booty Everything rub sis\u00e4lt\u00e4\u00e4 sokeria, suolaa ja mausteita, kuten chili\u00e4, valkosipulia ja paprikaa. Tuote on maustettu luonnollisilla savuaromeilla.\",\"breadcrumb\":{\"@id\":\"https:\\\/\\\/bbqassad.ee\\\/fi\\\/toode\\\/lootn-booty-everything-rub-2\\\/#breadcrumb\"},\"inLanguage\":\"fi\",\"potentialAction\":[{\"@type\":\"ReadAction\",\"target\":[\"https:\\\/\\\/bbqassad.ee\\\/fi\\\/toode\\\/lootn-booty-everything-rub-2\\\/\"]}]},{\"@type\":\"ImageObject\",\"inLanguage\":\"fi\",\"@id\":\"https:\\\/\\\/bbqassad.ee\\\/fi\\\/toode\\\/lootn-booty-everything-rub-2\\\/#primaryimage\",\"url\":\"https:\\\/\\\/bbqassad.ee\\\/wp-content\\\/uploads\\\/2024\\\/07\\\/Nimetu-kujundus-7.png\",\"contentUrl\":\"https:\\\/\\\/bbqassad.ee\\\/wp-content\\\/uploads\\\/2024\\\/07\\\/Nimetu-kujundus-7.png\",\"width\":1280,\"height\":720},{\"@type\":\"BreadcrumbList\",\"@id\":\"https:\\\/\\\/bbqassad.ee\\\/fi\\\/toode\\\/lootn-booty-everything-rub-2\\\/#breadcrumb\",\"itemListElement\":[{\"@type\":\"ListItem\",\"position\":1,\"name\":\"Home\",\"item\":\"https:\\\/\\\/bbqassad.ee\\\/fi\\\/bbq-assat\\\/\"},{\"@type\":\"ListItem\",\"position\":2,\"name\":\"Verkkokauppa\",\"item\":\"https:\\\/\\\/bbqassad.ee\\\/fi\\\/verkkokauppa\\\/\"},{\"@type\":\"ListItem\",\"position\":3,\"name\":\"Loot&#8217;n Booty Everything Rub -mausteseos\"}]},{\"@type\":\"WebSite\",\"@id\":\"https:\\\/\\\/bbqassad.ee\\\/fi\\\/#website\",\"url\":\"https:\\\/\\\/bbqassad.ee\\\/fi\\\/\",\"name\":\"BBQ \u00c4ssad\",\"description\":\"BBQ maitseained, kastmed, ahjud\",\"publisher\":{\"@id\":\"https:\\\/\\\/bbqassad.ee\\\/fi\\\/#organization\"},\"potentialAction\":[{\"@type\":\"SearchAction\",\"target\":{\"@type\":\"EntryPoint\",\"urlTemplate\":\"https:\\\/\\\/bbqassad.ee\\\/fi\\\/?s={search_term_string}\"},\"query-input\":{\"@type\":\"PropertyValueSpecification\",\"valueRequired\":true,\"valueName\":\"search_term_string\"}}],\"inLanguage\":\"fi\"},{\"@type\":\"Organization\",\"@id\":\"https:\\\/\\\/bbqassad.ee\\\/fi\\\/#organization\",\"name\":\"BBQ \u00c4ssad\",\"url\":\"https:\\\/\\\/bbqassad.ee\\\/fi\\\/\",\"logo\":{\"@type\":\"ImageObject\",\"inLanguage\":\"fi\",\"@id\":\"https:\\\/\\\/bbqassad.ee\\\/fi\\\/#\\\/schema\\\/logo\\\/image\\\/\",\"url\":\"https:\\\/\\\/bbqassad.ee\\\/wp-content\\\/uploads\\\/2022\\\/10\\\/BBQ-2ssadlogo.png\",\"contentUrl\":\"https:\\\/\\\/bbqassad.ee\\\/wp-content\\\/uploads\\\/2022\\\/10\\\/BBQ-2ssadlogo.png\",\"width\":1080,\"height\":1080,\"caption\":\"BBQ \u00c4ssad\"},\"image\":{\"@id\":\"https:\\\/\\\/bbqassad.ee\\\/fi\\\/#\\\/schema\\\/logo\\\/image\\\/\"},\"sameAs\":[\"https:\\\/\\\/www.facebook.com\\\/bbqassad\",\"https:\\\/\\\/www.youtube.com\\\/channel\\\/UCsoufn49J6TVi9Ah9meE93w\"]}]}<\/script>\n<!-- \/ Yoast SEO plugin. -->","yoast_head_json":{"title":"Loot'n Booty Everything rub 397 g -% BBQ \u00c4ssad%","description":"Loot'n Booty Everything rub sis\u00e4lt\u00e4\u00e4 sokeria, suolaa ja mausteita, kuten chili\u00e4, valkosipulia ja paprikaa. Tuote on maustettu luonnollisilla savuaromeilla.","robots":{"index":"index","follow":"follow","max-snippet":"max-snippet:-1","max-image-preview":"max-image-preview:large","max-video-preview":"max-video-preview:-1"},"canonical":"https:\/\/bbqassad.ee\/fi\/toode\/lootn-booty-everything-rub-2\/","og_locale":"fi_FI","og_type":"article","og_title":"Loot'n Booty Everything rub 397 g -% BBQ \u00c4ssad%","og_description":"Loot'n Booty Everything rub sis\u00e4lt\u00e4\u00e4 sokeria, suolaa ja mausteita, kuten chili\u00e4, valkosipulia ja paprikaa. Tuote on maustettu luonnollisilla savuaromeilla.","og_url":"https:\/\/bbqassad.ee\/fi\/toode\/lootn-booty-everything-rub-2\/","og_site_name":"BBQ \u00c4ssad","article_publisher":"https:\/\/www.facebook.com\/bbqassad","article_modified_time":"2026-04-14T06:33:13+00:00","og_image":[{"url":"https:\/\/bbqassad.ee\/wp-content\/uploads\/2024\/07\/Nimetu-kujundus-7.png","type":"","width":"","height":""}],"twitter_card":"summary_large_image","twitter_title":"Loot'n Booty Everything rub 397 g -% BBQ \u00c4ssad%","twitter_description":"Loot'n Booty Everything rub sis\u00e4lt\u00e4\u00e4 sokeria, suolaa ja mausteita, kuten chili\u00e4, valkosipulia ja paprikaa. Tuote on maustettu luonnollisilla savuaromeilla.","twitter_image":"https:\/\/bbqassad.ee\/wp-content\/uploads\/2024\/07\/Nimetu-kujundus-7.png","schema":{"@context":"https:\/\/schema.org","@graph":[{"@type":"WebPage","@id":"https:\/\/bbqassad.ee\/fi\/toode\/lootn-booty-everything-rub-2\/","url":"https:\/\/bbqassad.ee\/fi\/toode\/lootn-booty-everything-rub-2\/","name":"Loot'n Booty Everything rub 397 g -% BBQ \u00c4ssad%","isPartOf":{"@id":"https:\/\/bbqassad.ee\/fi\/#website"},"primaryImageOfPage":{"@id":"https:\/\/bbqassad.ee\/fi\/toode\/lootn-booty-everything-rub-2\/#primaryimage"},"image":{"@id":"https:\/\/bbqassad.ee\/fi\/toode\/lootn-booty-everything-rub-2\/#primaryimage"},"thumbnailUrl":"https:\/\/bbqassad.ee\/wp-content\/uploads\/2024\/07\/Nimetu-kujundus-7.png","datePublished":"2024-07-10T07:28:14+00:00","dateModified":"2026-04-14T06:33:13+00:00","description":"Loot'n Booty Everything rub sis\u00e4lt\u00e4\u00e4 sokeria, suolaa ja mausteita, kuten chili\u00e4, valkosipulia ja paprikaa. Tuote on maustettu luonnollisilla savuaromeilla.","breadcrumb":{"@id":"https:\/\/bbqassad.ee\/fi\/toode\/lootn-booty-everything-rub-2\/#breadcrumb"},"inLanguage":"fi","potentialAction":[{"@type":"ReadAction","target":["https:\/\/bbqassad.ee\/fi\/toode\/lootn-booty-everything-rub-2\/"]}]},{"@type":"ImageObject","inLanguage":"fi","@id":"https:\/\/bbqassad.ee\/fi\/toode\/lootn-booty-everything-rub-2\/#primaryimage","url":"https:\/\/bbqassad.ee\/wp-content\/uploads\/2024\/07\/Nimetu-kujundus-7.png","contentUrl":"https:\/\/bbqassad.ee\/wp-content\/uploads\/2024\/07\/Nimetu-kujundus-7.png","width":1280,"height":720},{"@type":"BreadcrumbList","@id":"https:\/\/bbqassad.ee\/fi\/toode\/lootn-booty-everything-rub-2\/#breadcrumb","itemListElement":[{"@type":"ListItem","position":1,"name":"Home","item":"https:\/\/bbqassad.ee\/fi\/bbq-assat\/"},{"@type":"ListItem","position":2,"name":"Verkkokauppa","item":"https:\/\/bbqassad.ee\/fi\/verkkokauppa\/"},{"@type":"ListItem","position":3,"name":"Loot&#8217;n Booty Everything Rub -mausteseos"}]},{"@type":"WebSite","@id":"https:\/\/bbqassad.ee\/fi\/#website","url":"https:\/\/bbqassad.ee\/fi\/","name":"BBQ \u00c4ssad","description":"BBQ maitseained, kastmed, ahjud","publisher":{"@id":"https:\/\/bbqassad.ee\/fi\/#organization"},"potentialAction":[{"@type":"SearchAction","target":{"@type":"EntryPoint","urlTemplate":"https:\/\/bbqassad.ee\/fi\/?s={search_term_string}"},"query-input":{"@type":"PropertyValueSpecification","valueRequired":true,"valueName":"search_term_string"}}],"inLanguage":"fi"},{"@type":"Organization","@id":"https:\/\/bbqassad.ee\/fi\/#organization","name":"BBQ \u00c4ssad","url":"https:\/\/bbqassad.ee\/fi\/","logo":{"@type":"ImageObject","inLanguage":"fi","@id":"https:\/\/bbqassad.ee\/fi\/#\/schema\/logo\/image\/","url":"https:\/\/bbqassad.ee\/wp-content\/uploads\/2022\/10\/BBQ-2ssadlogo.png","contentUrl":"https:\/\/bbqassad.ee\/wp-content\/uploads\/2022\/10\/BBQ-2ssadlogo.png","width":1080,"height":1080,"caption":"BBQ \u00c4ssad"},"image":{"@id":"https:\/\/bbqassad.ee\/fi\/#\/schema\/logo\/image\/"},"sameAs":["https:\/\/www.facebook.com\/bbqassad","https:\/\/www.youtube.com\/channel\/UCsoufn49J6TVi9Ah9meE93w"]}]}},"_links":{"self":[{"href":"https:\/\/bbqassad.ee\/fi\/wp-json\/wp\/v2\/product\/22668","targetHints":{"allow":["GET"]}}],"collection":[{"href":"https:\/\/bbqassad.ee\/fi\/wp-json\/wp\/v2\/product"}],"about":[{"href":"https:\/\/bbqassad.ee\/fi\/wp-json\/wp\/v2\/types\/product"}],"replies":[{"embeddable":true,"href":"https:\/\/bbqassad.ee\/fi\/wp-json\/wp\/v2\/comments?post=22668"}],"wp:featuredmedia":[{"embeddable":true,"href":"https:\/\/bbqassad.ee\/fi\/wp-json\/wp\/v2\/media\/22669"}],"wp:attachment":[{"href":"https:\/\/bbqassad.ee\/fi\/wp-json\/wp\/v2\/media?parent=22668"}],"wp:term":[{"taxonomy":"product_brand","embeddable":true,"href":"https:\/\/bbqassad.ee\/fi\/wp-json\/wp\/v2\/product_brand?post=22668"},{"taxonomy":"product_cat","embeddable":true,"href":"https:\/\/bbqassad.ee\/fi\/wp-json\/wp\/v2\/product_cat?post=22668"},{"taxonomy":"product_tag","embeddable":true,"href":"https:\/\/bbqassad.ee\/fi\/wp-json\/wp\/v2\/product_tag?post=22668"}],"curies":[{"name":"wp","href":"https:\/\/api.w.org\/{rel}","templated":true}]}}