{"id":22665,"date":"2024-07-10T07:50:11","date_gmt":"2024-07-10T07:50:11","guid":{"rendered":"https:\/\/bbqassad.ee\/toode\/angus-ja-oink-black-gold\/"},"modified":"2026-04-14T06:33:13","modified_gmt":"2026-04-14T06:33:13","slug":"angus-ja-oink-black-gold","status":"publish","type":"product","link":"https:\/\/bbqassad.ee\/fi\/toode\/angus-ja-oink-black-gold\/","title":{"rendered":"Angus &#038; Oink Black Gold -mausteseos"},"content":{"rendered":"<p>Angus and Oink on tunnettu englantilainen mausteiden ja kastikkeiden valmistaja. Black Gold on yksi heid\u00e4n tunnetuimmista mausteistaan, ja kuten he sanovat &#8211; supercharged SPG tai SPG seuraavalla tasolla, ja antaakseen sille hurjan ulkon\u00e4\u00f6n he ovat my\u00f6s mustaneet sen aktiivihiilell\u00e4. <\/p>\n<h3>BBQ Aces kommentti<\/h3>\n<p>Eritt\u00e4in tehokas SPG. Eritt\u00e4in voimakas maku ja my\u00f6s v\u00e4ri ja SPG &#8211; suola, pippuri, valkosipuli &#8211; parhaimmillaan. Lihan v\u00e4ri sen kanssa kypsennyksen j\u00e4lkeen &#8230; mustaa mustalla \ud83d\ude42  <\/p>\n<p><span style=\"font-size: 20.15999984741211px; color: #333333;\">Ammattilaisen vinkki<\/span><\/p>\n<p>T\u00e4m\u00e4 mauste nostaa naudanlihan uuteen kukoistukseen, ja se on eritt\u00e4in maukas my\u00f6s sianlihalle.<\/p>\n","protected":false},"excerpt":{"rendered":"<p style=\"font-weight: 400;\"><strong>Nettom\u00e4\u00e4r\u00e4<\/strong> 215g<\/p>\n<p style=\"font-weight: 400;\"><strong>Ainesosat<\/strong>: suola, mustapippuri, savusuola, valkosipulirakeet, sellerisuola<strong>(selleri<\/strong>), luontainen aromi, muskottip\u00e4hkin\u00e4, etikkajauhe, natriumglutamaatti, dinatriuminosinaatti, aktiivihiili.<\/p>\n<p style=\"font-weight: 400;\"><strong>Ravintosis\u00e4lt\u00f6 100 g:ssa<\/strong>: Energiaa 160 kcal (653 kJ), Rasvat 1 g, josta tyydyttyneit\u00e4 rasvahappoja 0,1 g, Hiilihydraatit 24 g, josta sokereita 5 g, Proteiini 4 g, Suola 43 g. <strong>Ravintosis\u00e4lt\u00f6 100 g:<\/strong> <strong>ssa<\/strong><strong>.<\/strong> <\/p>\n","protected":false},"featured_media":22667,"comment_status":"open","ping_status":"closed","template":"","meta":[],"product_brand":[],"product_cat":[802],"product_tag":[],"class_list":{"0":"post-22665","1":"product","2":"type-product","3":"status-publish","4":"has-post-thumbnail","6":"product_cat-sekoitukset","8":"first","9":"outofstock","10":"taxable","11":"shipping-taxable","12":"purchasable","13":"product-type-simple"},"yoast_head":"<!-- This site is optimized with the Yoast SEO plugin v27.4 - https:\/\/yoast.com\/product\/yoast-seo-wordpress\/ -->\n<title>Angus and Oink Black Gold 215g - BBQ \u00c4ssad%<\/title>\n<meta name=\"description\" content=\"Angus and Oink Black Gold on mausteseos, joka sis\u00e4lt\u00e4\u00e4 suolaa, mustapippuria, savusuolaa ja valkosipulirakeet. Tuote toimitetaan 215 g:n pakkauksessa.\" \/>\n<meta name=\"robots\" content=\"index, follow, max-snippet:-1, max-image-preview:large, max-video-preview:-1\" \/>\n<link rel=\"canonical\" href=\"https:\/\/bbqassad.ee\/fi\/toode\/angus-ja-oink-black-gold\/\" \/>\n<meta property=\"og:locale\" content=\"fi_FI\" \/>\n<meta property=\"og:type\" content=\"article\" \/>\n<meta property=\"og:title\" content=\"Angus and Oink Black Gold 215g - BBQ \u00c4ssad%\" \/>\n<meta property=\"og:description\" content=\"Angus and Oink Black Gold on mausteseos, joka sis\u00e4lt\u00e4\u00e4 suolaa, mustapippuria, savusuolaa ja valkosipulirakeet. Tuote toimitetaan 215 g:n pakkauksessa.\" \/>\n<meta property=\"og:url\" content=\"https:\/\/bbqassad.ee\/fi\/toode\/angus-ja-oink-black-gold\/\" \/>\n<meta property=\"og:site_name\" content=\"BBQ \u00c4ssad\" \/>\n<meta property=\"article:publisher\" content=\"https:\/\/www.facebook.com\/bbqassad\" \/>\n<meta property=\"article:modified_time\" content=\"2026-04-14T06:33:13+00:00\" \/>\n<meta property=\"og:image\" content=\"https:\/\/bbqassad.ee\/wp-content\/uploads\/2024\/07\/Nimetu-kujundus-8.png\" \/>\n<meta name=\"twitter:card\" content=\"summary_large_image\" \/>\n<meta name=\"twitter:title\" content=\"Angus and Oink Black Gold 215g - BBQ \u00c4ssad%\" \/>\n<meta name=\"twitter:description\" content=\"Angus and Oink Black Gold on mausteseos, joka sis\u00e4lt\u00e4\u00e4 suolaa, mustapippuria, savusuolaa ja valkosipulirakeet. Tuote toimitetaan 215 g:n pakkauksessa.\" \/>\n<meta name=\"twitter:image\" content=\"https:\/\/bbqassad.ee\/wp-content\/uploads\/2024\/07\/Nimetu-kujundus-8.png\" \/>\n<script type=\"application\/ld+json\" class=\"yoast-schema-graph\">{\"@context\":\"https:\\\/\\\/schema.org\",\"@graph\":[{\"@type\":\"WebPage\",\"@id\":\"https:\\\/\\\/bbqassad.ee\\\/fi\\\/toode\\\/angus-ja-oink-black-gold\\\/\",\"url\":\"https:\\\/\\\/bbqassad.ee\\\/fi\\\/toode\\\/angus-ja-oink-black-gold\\\/\",\"name\":\"Angus and Oink Black Gold 215g - BBQ \u00c4ssad%\",\"isPartOf\":{\"@id\":\"https:\\\/\\\/bbqassad.ee\\\/fi\\\/#website\"},\"primaryImageOfPage\":{\"@id\":\"https:\\\/\\\/bbqassad.ee\\\/fi\\\/toode\\\/angus-ja-oink-black-gold\\\/#primaryimage\"},\"image\":{\"@id\":\"https:\\\/\\\/bbqassad.ee\\\/fi\\\/toode\\\/angus-ja-oink-black-gold\\\/#primaryimage\"},\"thumbnailUrl\":\"https:\\\/\\\/bbqassad.ee\\\/wp-content\\\/uploads\\\/2024\\\/07\\\/Nimetu-kujundus-8.png\",\"datePublished\":\"2024-07-10T07:50:11+00:00\",\"dateModified\":\"2026-04-14T06:33:13+00:00\",\"description\":\"Angus and Oink Black Gold on mausteseos, joka sis\u00e4lt\u00e4\u00e4 suolaa, mustapippuria, savusuolaa ja valkosipulirakeet. Tuote toimitetaan 215 g:n pakkauksessa.\",\"breadcrumb\":{\"@id\":\"https:\\\/\\\/bbqassad.ee\\\/fi\\\/toode\\\/angus-ja-oink-black-gold\\\/#breadcrumb\"},\"inLanguage\":\"fi\",\"potentialAction\":[{\"@type\":\"ReadAction\",\"target\":[\"https:\\\/\\\/bbqassad.ee\\\/fi\\\/toode\\\/angus-ja-oink-black-gold\\\/\"]}]},{\"@type\":\"ImageObject\",\"inLanguage\":\"fi\",\"@id\":\"https:\\\/\\\/bbqassad.ee\\\/fi\\\/toode\\\/angus-ja-oink-black-gold\\\/#primaryimage\",\"url\":\"https:\\\/\\\/bbqassad.ee\\\/wp-content\\\/uploads\\\/2024\\\/07\\\/Nimetu-kujundus-8.png\",\"contentUrl\":\"https:\\\/\\\/bbqassad.ee\\\/wp-content\\\/uploads\\\/2024\\\/07\\\/Nimetu-kujundus-8.png\",\"width\":1280,\"height\":720},{\"@type\":\"BreadcrumbList\",\"@id\":\"https:\\\/\\\/bbqassad.ee\\\/fi\\\/toode\\\/angus-ja-oink-black-gold\\\/#breadcrumb\",\"itemListElement\":[{\"@type\":\"ListItem\",\"position\":1,\"name\":\"Home\",\"item\":\"https:\\\/\\\/bbqassad.ee\\\/fi\\\/bbq-assat\\\/\"},{\"@type\":\"ListItem\",\"position\":2,\"name\":\"Verkkokauppa\",\"item\":\"https:\\\/\\\/bbqassad.ee\\\/fi\\\/verkkokauppa\\\/\"},{\"@type\":\"ListItem\",\"position\":3,\"name\":\"Angus &#038; Oink Black Gold -mausteseos\"}]},{\"@type\":\"WebSite\",\"@id\":\"https:\\\/\\\/bbqassad.ee\\\/fi\\\/#website\",\"url\":\"https:\\\/\\\/bbqassad.ee\\\/fi\\\/\",\"name\":\"BBQ \u00c4ssad\",\"description\":\"BBQ maitseained, kastmed, ahjud\",\"publisher\":{\"@id\":\"https:\\\/\\\/bbqassad.ee\\\/fi\\\/#organization\"},\"potentialAction\":[{\"@type\":\"SearchAction\",\"target\":{\"@type\":\"EntryPoint\",\"urlTemplate\":\"https:\\\/\\\/bbqassad.ee\\\/fi\\\/?s={search_term_string}\"},\"query-input\":{\"@type\":\"PropertyValueSpecification\",\"valueRequired\":true,\"valueName\":\"search_term_string\"}}],\"inLanguage\":\"fi\"},{\"@type\":\"Organization\",\"@id\":\"https:\\\/\\\/bbqassad.ee\\\/fi\\\/#organization\",\"name\":\"BBQ \u00c4ssad\",\"url\":\"https:\\\/\\\/bbqassad.ee\\\/fi\\\/\",\"logo\":{\"@type\":\"ImageObject\",\"inLanguage\":\"fi\",\"@id\":\"https:\\\/\\\/bbqassad.ee\\\/fi\\\/#\\\/schema\\\/logo\\\/image\\\/\",\"url\":\"https:\\\/\\\/bbqassad.ee\\\/wp-content\\\/uploads\\\/2022\\\/10\\\/BBQ-2ssadlogo.png\",\"contentUrl\":\"https:\\\/\\\/bbqassad.ee\\\/wp-content\\\/uploads\\\/2022\\\/10\\\/BBQ-2ssadlogo.png\",\"width\":1080,\"height\":1080,\"caption\":\"BBQ \u00c4ssad\"},\"image\":{\"@id\":\"https:\\\/\\\/bbqassad.ee\\\/fi\\\/#\\\/schema\\\/logo\\\/image\\\/\"},\"sameAs\":[\"https:\\\/\\\/www.facebook.com\\\/bbqassad\",\"https:\\\/\\\/www.youtube.com\\\/channel\\\/UCsoufn49J6TVi9Ah9meE93w\"]}]}<\/script>\n<!-- \/ Yoast SEO plugin. -->","yoast_head_json":{"title":"Angus and Oink Black Gold 215g - BBQ \u00c4ssad%","description":"Angus and Oink Black Gold on mausteseos, joka sis\u00e4lt\u00e4\u00e4 suolaa, mustapippuria, savusuolaa ja valkosipulirakeet. Tuote toimitetaan 215 g:n pakkauksessa.","robots":{"index":"index","follow":"follow","max-snippet":"max-snippet:-1","max-image-preview":"max-image-preview:large","max-video-preview":"max-video-preview:-1"},"canonical":"https:\/\/bbqassad.ee\/fi\/toode\/angus-ja-oink-black-gold\/","og_locale":"fi_FI","og_type":"article","og_title":"Angus and Oink Black Gold 215g - BBQ \u00c4ssad%","og_description":"Angus and Oink Black Gold on mausteseos, joka sis\u00e4lt\u00e4\u00e4 suolaa, mustapippuria, savusuolaa ja valkosipulirakeet. Tuote toimitetaan 215 g:n pakkauksessa.","og_url":"https:\/\/bbqassad.ee\/fi\/toode\/angus-ja-oink-black-gold\/","og_site_name":"BBQ \u00c4ssad","article_publisher":"https:\/\/www.facebook.com\/bbqassad","article_modified_time":"2026-04-14T06:33:13+00:00","og_image":[{"url":"https:\/\/bbqassad.ee\/wp-content\/uploads\/2024\/07\/Nimetu-kujundus-8.png","type":"","width":"","height":""}],"twitter_card":"summary_large_image","twitter_title":"Angus and Oink Black Gold 215g - BBQ \u00c4ssad%","twitter_description":"Angus and Oink Black Gold on mausteseos, joka sis\u00e4lt\u00e4\u00e4 suolaa, mustapippuria, savusuolaa ja valkosipulirakeet. Tuote toimitetaan 215 g:n pakkauksessa.","twitter_image":"https:\/\/bbqassad.ee\/wp-content\/uploads\/2024\/07\/Nimetu-kujundus-8.png","schema":{"@context":"https:\/\/schema.org","@graph":[{"@type":"WebPage","@id":"https:\/\/bbqassad.ee\/fi\/toode\/angus-ja-oink-black-gold\/","url":"https:\/\/bbqassad.ee\/fi\/toode\/angus-ja-oink-black-gold\/","name":"Angus and Oink Black Gold 215g - BBQ \u00c4ssad%","isPartOf":{"@id":"https:\/\/bbqassad.ee\/fi\/#website"},"primaryImageOfPage":{"@id":"https:\/\/bbqassad.ee\/fi\/toode\/angus-ja-oink-black-gold\/#primaryimage"},"image":{"@id":"https:\/\/bbqassad.ee\/fi\/toode\/angus-ja-oink-black-gold\/#primaryimage"},"thumbnailUrl":"https:\/\/bbqassad.ee\/wp-content\/uploads\/2024\/07\/Nimetu-kujundus-8.png","datePublished":"2024-07-10T07:50:11+00:00","dateModified":"2026-04-14T06:33:13+00:00","description":"Angus and Oink Black Gold on mausteseos, joka sis\u00e4lt\u00e4\u00e4 suolaa, mustapippuria, savusuolaa ja valkosipulirakeet. Tuote toimitetaan 215 g:n pakkauksessa.","breadcrumb":{"@id":"https:\/\/bbqassad.ee\/fi\/toode\/angus-ja-oink-black-gold\/#breadcrumb"},"inLanguage":"fi","potentialAction":[{"@type":"ReadAction","target":["https:\/\/bbqassad.ee\/fi\/toode\/angus-ja-oink-black-gold\/"]}]},{"@type":"ImageObject","inLanguage":"fi","@id":"https:\/\/bbqassad.ee\/fi\/toode\/angus-ja-oink-black-gold\/#primaryimage","url":"https:\/\/bbqassad.ee\/wp-content\/uploads\/2024\/07\/Nimetu-kujundus-8.png","contentUrl":"https:\/\/bbqassad.ee\/wp-content\/uploads\/2024\/07\/Nimetu-kujundus-8.png","width":1280,"height":720},{"@type":"BreadcrumbList","@id":"https:\/\/bbqassad.ee\/fi\/toode\/angus-ja-oink-black-gold\/#breadcrumb","itemListElement":[{"@type":"ListItem","position":1,"name":"Home","item":"https:\/\/bbqassad.ee\/fi\/bbq-assat\/"},{"@type":"ListItem","position":2,"name":"Verkkokauppa","item":"https:\/\/bbqassad.ee\/fi\/verkkokauppa\/"},{"@type":"ListItem","position":3,"name":"Angus &#038; Oink Black Gold -mausteseos"}]},{"@type":"WebSite","@id":"https:\/\/bbqassad.ee\/fi\/#website","url":"https:\/\/bbqassad.ee\/fi\/","name":"BBQ \u00c4ssad","description":"BBQ maitseained, kastmed, ahjud","publisher":{"@id":"https:\/\/bbqassad.ee\/fi\/#organization"},"potentialAction":[{"@type":"SearchAction","target":{"@type":"EntryPoint","urlTemplate":"https:\/\/bbqassad.ee\/fi\/?s={search_term_string}"},"query-input":{"@type":"PropertyValueSpecification","valueRequired":true,"valueName":"search_term_string"}}],"inLanguage":"fi"},{"@type":"Organization","@id":"https:\/\/bbqassad.ee\/fi\/#organization","name":"BBQ \u00c4ssad","url":"https:\/\/bbqassad.ee\/fi\/","logo":{"@type":"ImageObject","inLanguage":"fi","@id":"https:\/\/bbqassad.ee\/fi\/#\/schema\/logo\/image\/","url":"https:\/\/bbqassad.ee\/wp-content\/uploads\/2022\/10\/BBQ-2ssadlogo.png","contentUrl":"https:\/\/bbqassad.ee\/wp-content\/uploads\/2022\/10\/BBQ-2ssadlogo.png","width":1080,"height":1080,"caption":"BBQ \u00c4ssad"},"image":{"@id":"https:\/\/bbqassad.ee\/fi\/#\/schema\/logo\/image\/"},"sameAs":["https:\/\/www.facebook.com\/bbqassad","https:\/\/www.youtube.com\/channel\/UCsoufn49J6TVi9Ah9meE93w"]}]}},"_links":{"self":[{"href":"https:\/\/bbqassad.ee\/fi\/wp-json\/wp\/v2\/product\/22665","targetHints":{"allow":["GET"]}}],"collection":[{"href":"https:\/\/bbqassad.ee\/fi\/wp-json\/wp\/v2\/product"}],"about":[{"href":"https:\/\/bbqassad.ee\/fi\/wp-json\/wp\/v2\/types\/product"}],"replies":[{"embeddable":true,"href":"https:\/\/bbqassad.ee\/fi\/wp-json\/wp\/v2\/comments?post=22665"}],"wp:featuredmedia":[{"embeddable":true,"href":"https:\/\/bbqassad.ee\/fi\/wp-json\/wp\/v2\/media\/22667"}],"wp:attachment":[{"href":"https:\/\/bbqassad.ee\/fi\/wp-json\/wp\/v2\/media?parent=22665"}],"wp:term":[{"taxonomy":"product_brand","embeddable":true,"href":"https:\/\/bbqassad.ee\/fi\/wp-json\/wp\/v2\/product_brand?post=22665"},{"taxonomy":"product_cat","embeddable":true,"href":"https:\/\/bbqassad.ee\/fi\/wp-json\/wp\/v2\/product_cat?post=22665"},{"taxonomy":"product_tag","embeddable":true,"href":"https:\/\/bbqassad.ee\/fi\/wp-json\/wp\/v2\/product_tag?post=22665"}],"curies":[{"name":"wp","href":"https:\/\/api.w.org\/{rel}","templated":true}]}}