{"id":22661,"date":"2024-07-10T08:42:39","date_gmt":"2024-07-10T08:42:39","guid":{"rendered":"https:\/\/bbqassad.ee\/toode\/dust-mafia-memphis-mud-memphis-mud\/"},"modified":"2026-04-14T06:33:09","modified_gmt":"2026-04-14T06:33:09","slug":"dust-mafia-memphis-mud-memphis-mud","status":"publish","type":"product","link":"https:\/\/bbqassad.ee\/fi\/toode\/dust-mafia-memphis-mud-memphis-mud\/","title":{"rendered":"Rub Mafia Memphis Mud"},"content":{"rendered":"<p>Porkmafia on kuuluisa kahdesta asiasta, joista tunnetuin on Memphis Mud. Yksinkertainen sekoitus, joka on koottu t\u00e4ydellisell\u00e4 variaatiolla. <\/p>\n<h3>BBQ Aces kommentti<\/h3>\n<p>Luultavasti kaikkein yksinkertaisin ja yksinkertaisin porsaankyljys, mutta se on valmistettu hyvist\u00e4 raaka-aineista ja juuri oikeassa suhteessa. Yksinkertaista ja superhyv\u00e4\u00e4 tavaraa. <\/p>\n<p><span style=\"font-size: 20.15999984741211px; color: #333333;\">Ammattilaisen vinkki<\/span><\/p>\n<p>Sianlihaa hierotaan, toistetaan&#8230; sianlihahieronta, tai kokeile sit\u00e4 sianlihalle.<\/p>\n","protected":false},"excerpt":{"rendered":"<p style=\"font-weight: 400;\"><strong>Nettom\u00e4\u00e4r\u00e4<\/strong> 280g<\/p>\n<p style=\"font-weight: 400;\"><strong>Ainesosat<\/strong>: suola, ruokosokeri, paprika, chili, valkosipuli, fariinisokeri, mustapippuri, kumina.<\/p>\n<p style=\"font-weight: 400;\"><strong>Ravintosis\u00e4lt\u00f6 100 g<\/strong> <strong>kohti<\/strong>: Energiaa 257,7 kcal (1079 kJ), Rasvat 3,4 g, josta tyydyttyneit\u00e4 rasvahappoja 0,6 g, Hiilihydraatit 48,4 g, josta sokereita 36,5 g, Proteiini 4,7 g, Suola 31,7 g.<\/p>\n","protected":false},"featured_media":22662,"comment_status":"open","ping_status":"closed","template":"","meta":[],"product_brand":[],"product_cat":[802],"product_tag":[],"class_list":{"0":"post-22661","1":"product","2":"type-product","3":"status-publish","4":"has-post-thumbnail","6":"product_cat-sekoitukset","8":"first","9":"outofstock","10":"taxable","11":"shipping-taxable","12":"purchasable","13":"product-type-simple"},"yoast_head":"<!-- This site is optimized with the Yoast SEO plugin v27.4 - https:\/\/yoast.com\/product\/yoast-seo-wordpress\/ -->\n<title>Porkmafia Memphis Mud 280g -% BBQ \u00c4ssad%%<\/title>\n<meta name=\"description\" content=\"Carrot Mafia Memphis Mud on mausteseos, joka sis\u00e4lt\u00e4\u00e4 suolaa, ruokosokeria, paprikaa, chili\u00e4, valkosipulia ja mustapippuria. Ihanteellinen grillaukseen ja maustamiseen.\" \/>\n<meta name=\"robots\" content=\"index, follow, max-snippet:-1, max-image-preview:large, max-video-preview:-1\" \/>\n<link rel=\"canonical\" href=\"https:\/\/bbqassad.ee\/fi\/toode\/dust-mafia-memphis-mud-memphis-mud\/\" \/>\n<meta property=\"og:locale\" content=\"fi_FI\" \/>\n<meta property=\"og:type\" content=\"article\" \/>\n<meta property=\"og:title\" content=\"Porkmafia Memphis Mud 280g -% BBQ \u00c4ssad%%\" \/>\n<meta property=\"og:description\" content=\"Carrot Mafia Memphis Mud on mausteseos, joka sis\u00e4lt\u00e4\u00e4 suolaa, ruokosokeria, paprikaa, chili\u00e4, valkosipulia ja mustapippuria. Ihanteellinen grillaukseen ja maustamiseen.\" \/>\n<meta property=\"og:url\" content=\"https:\/\/bbqassad.ee\/fi\/toode\/dust-mafia-memphis-mud-memphis-mud\/\" \/>\n<meta property=\"og:site_name\" content=\"BBQ \u00c4ssad\" \/>\n<meta property=\"article:publisher\" content=\"https:\/\/www.facebook.com\/bbqassad\" \/>\n<meta property=\"article:modified_time\" content=\"2026-04-14T06:33:09+00:00\" \/>\n<meta property=\"og:image\" content=\"https:\/\/bbqassad.ee\/wp-content\/uploads\/2024\/07\/Nimetu-kujundus-10.png\" \/>\n<meta name=\"twitter:card\" content=\"summary_large_image\" \/>\n<meta name=\"twitter:title\" content=\"Porkmafia Memphis Mud 280g -% BBQ \u00c4ssad%%\" \/>\n<meta name=\"twitter:description\" content=\"Carrot Mafia Memphis Mud on mausteseos, joka sis\u00e4lt\u00e4\u00e4 suolaa, ruokosokeria, paprikaa, chili\u00e4, valkosipulia ja mustapippuria. Ihanteellinen grillaukseen ja maustamiseen.\" \/>\n<meta name=\"twitter:image\" content=\"https:\/\/bbqassad.ee\/wp-content\/uploads\/2024\/07\/Nimetu-kujundus-10.png\" \/>\n<script type=\"application\/ld+json\" class=\"yoast-schema-graph\">{\"@context\":\"https:\\\/\\\/schema.org\",\"@graph\":[{\"@type\":\"WebPage\",\"@id\":\"https:\\\/\\\/bbqassad.ee\\\/fi\\\/toode\\\/dust-mafia-memphis-mud-memphis-mud\\\/\",\"url\":\"https:\\\/\\\/bbqassad.ee\\\/fi\\\/toode\\\/dust-mafia-memphis-mud-memphis-mud\\\/\",\"name\":\"Porkmafia Memphis Mud 280g -% BBQ \u00c4ssad%%\",\"isPartOf\":{\"@id\":\"https:\\\/\\\/bbqassad.ee\\\/fi\\\/#website\"},\"primaryImageOfPage\":{\"@id\":\"https:\\\/\\\/bbqassad.ee\\\/fi\\\/toode\\\/dust-mafia-memphis-mud-memphis-mud\\\/#primaryimage\"},\"image\":{\"@id\":\"https:\\\/\\\/bbqassad.ee\\\/fi\\\/toode\\\/dust-mafia-memphis-mud-memphis-mud\\\/#primaryimage\"},\"thumbnailUrl\":\"https:\\\/\\\/bbqassad.ee\\\/wp-content\\\/uploads\\\/2024\\\/07\\\/Nimetu-kujundus-10.png\",\"datePublished\":\"2024-07-10T08:42:39+00:00\",\"dateModified\":\"2026-04-14T06:33:09+00:00\",\"description\":\"Carrot Mafia Memphis Mud on mausteseos, joka sis\u00e4lt\u00e4\u00e4 suolaa, ruokosokeria, paprikaa, chili\u00e4, valkosipulia ja mustapippuria. Ihanteellinen grillaukseen ja maustamiseen.\",\"breadcrumb\":{\"@id\":\"https:\\\/\\\/bbqassad.ee\\\/fi\\\/toode\\\/dust-mafia-memphis-mud-memphis-mud\\\/#breadcrumb\"},\"inLanguage\":\"fi\",\"potentialAction\":[{\"@type\":\"ReadAction\",\"target\":[\"https:\\\/\\\/bbqassad.ee\\\/fi\\\/toode\\\/dust-mafia-memphis-mud-memphis-mud\\\/\"]}]},{\"@type\":\"ImageObject\",\"inLanguage\":\"fi\",\"@id\":\"https:\\\/\\\/bbqassad.ee\\\/fi\\\/toode\\\/dust-mafia-memphis-mud-memphis-mud\\\/#primaryimage\",\"url\":\"https:\\\/\\\/bbqassad.ee\\\/wp-content\\\/uploads\\\/2024\\\/07\\\/Nimetu-kujundus-10.png\",\"contentUrl\":\"https:\\\/\\\/bbqassad.ee\\\/wp-content\\\/uploads\\\/2024\\\/07\\\/Nimetu-kujundus-10.png\",\"width\":1280,\"height\":720},{\"@type\":\"BreadcrumbList\",\"@id\":\"https:\\\/\\\/bbqassad.ee\\\/fi\\\/toode\\\/dust-mafia-memphis-mud-memphis-mud\\\/#breadcrumb\",\"itemListElement\":[{\"@type\":\"ListItem\",\"position\":1,\"name\":\"Home\",\"item\":\"https:\\\/\\\/bbqassad.ee\\\/fi\\\/bbq-assat\\\/\"},{\"@type\":\"ListItem\",\"position\":2,\"name\":\"Verkkokauppa\",\"item\":\"https:\\\/\\\/bbqassad.ee\\\/fi\\\/verkkokauppa\\\/\"},{\"@type\":\"ListItem\",\"position\":3,\"name\":\"Rub Mafia Memphis Mud\"}]},{\"@type\":\"WebSite\",\"@id\":\"https:\\\/\\\/bbqassad.ee\\\/fi\\\/#website\",\"url\":\"https:\\\/\\\/bbqassad.ee\\\/fi\\\/\",\"name\":\"BBQ \u00c4ssad\",\"description\":\"BBQ maitseained, kastmed, ahjud\",\"publisher\":{\"@id\":\"https:\\\/\\\/bbqassad.ee\\\/fi\\\/#organization\"},\"potentialAction\":[{\"@type\":\"SearchAction\",\"target\":{\"@type\":\"EntryPoint\",\"urlTemplate\":\"https:\\\/\\\/bbqassad.ee\\\/fi\\\/?s={search_term_string}\"},\"query-input\":{\"@type\":\"PropertyValueSpecification\",\"valueRequired\":true,\"valueName\":\"search_term_string\"}}],\"inLanguage\":\"fi\"},{\"@type\":\"Organization\",\"@id\":\"https:\\\/\\\/bbqassad.ee\\\/fi\\\/#organization\",\"name\":\"BBQ \u00c4ssad\",\"url\":\"https:\\\/\\\/bbqassad.ee\\\/fi\\\/\",\"logo\":{\"@type\":\"ImageObject\",\"inLanguage\":\"fi\",\"@id\":\"https:\\\/\\\/bbqassad.ee\\\/fi\\\/#\\\/schema\\\/logo\\\/image\\\/\",\"url\":\"https:\\\/\\\/bbqassad.ee\\\/wp-content\\\/uploads\\\/2022\\\/10\\\/BBQ-2ssadlogo.png\",\"contentUrl\":\"https:\\\/\\\/bbqassad.ee\\\/wp-content\\\/uploads\\\/2022\\\/10\\\/BBQ-2ssadlogo.png\",\"width\":1080,\"height\":1080,\"caption\":\"BBQ \u00c4ssad\"},\"image\":{\"@id\":\"https:\\\/\\\/bbqassad.ee\\\/fi\\\/#\\\/schema\\\/logo\\\/image\\\/\"},\"sameAs\":[\"https:\\\/\\\/www.facebook.com\\\/bbqassad\",\"https:\\\/\\\/www.youtube.com\\\/channel\\\/UCsoufn49J6TVi9Ah9meE93w\"]}]}<\/script>\n<!-- \/ Yoast SEO plugin. -->","yoast_head_json":{"title":"Porkmafia Memphis Mud 280g -% BBQ \u00c4ssad%%","description":"Carrot Mafia Memphis Mud on mausteseos, joka sis\u00e4lt\u00e4\u00e4 suolaa, ruokosokeria, paprikaa, chili\u00e4, valkosipulia ja mustapippuria. Ihanteellinen grillaukseen ja maustamiseen.","robots":{"index":"index","follow":"follow","max-snippet":"max-snippet:-1","max-image-preview":"max-image-preview:large","max-video-preview":"max-video-preview:-1"},"canonical":"https:\/\/bbqassad.ee\/fi\/toode\/dust-mafia-memphis-mud-memphis-mud\/","og_locale":"fi_FI","og_type":"article","og_title":"Porkmafia Memphis Mud 280g -% BBQ \u00c4ssad%%","og_description":"Carrot Mafia Memphis Mud on mausteseos, joka sis\u00e4lt\u00e4\u00e4 suolaa, ruokosokeria, paprikaa, chili\u00e4, valkosipulia ja mustapippuria. Ihanteellinen grillaukseen ja maustamiseen.","og_url":"https:\/\/bbqassad.ee\/fi\/toode\/dust-mafia-memphis-mud-memphis-mud\/","og_site_name":"BBQ \u00c4ssad","article_publisher":"https:\/\/www.facebook.com\/bbqassad","article_modified_time":"2026-04-14T06:33:09+00:00","og_image":[{"url":"https:\/\/bbqassad.ee\/wp-content\/uploads\/2024\/07\/Nimetu-kujundus-10.png","type":"","width":"","height":""}],"twitter_card":"summary_large_image","twitter_title":"Porkmafia Memphis Mud 280g -% BBQ \u00c4ssad%%","twitter_description":"Carrot Mafia Memphis Mud on mausteseos, joka sis\u00e4lt\u00e4\u00e4 suolaa, ruokosokeria, paprikaa, chili\u00e4, valkosipulia ja mustapippuria. Ihanteellinen grillaukseen ja maustamiseen.","twitter_image":"https:\/\/bbqassad.ee\/wp-content\/uploads\/2024\/07\/Nimetu-kujundus-10.png","schema":{"@context":"https:\/\/schema.org","@graph":[{"@type":"WebPage","@id":"https:\/\/bbqassad.ee\/fi\/toode\/dust-mafia-memphis-mud-memphis-mud\/","url":"https:\/\/bbqassad.ee\/fi\/toode\/dust-mafia-memphis-mud-memphis-mud\/","name":"Porkmafia Memphis Mud 280g -% BBQ \u00c4ssad%%","isPartOf":{"@id":"https:\/\/bbqassad.ee\/fi\/#website"},"primaryImageOfPage":{"@id":"https:\/\/bbqassad.ee\/fi\/toode\/dust-mafia-memphis-mud-memphis-mud\/#primaryimage"},"image":{"@id":"https:\/\/bbqassad.ee\/fi\/toode\/dust-mafia-memphis-mud-memphis-mud\/#primaryimage"},"thumbnailUrl":"https:\/\/bbqassad.ee\/wp-content\/uploads\/2024\/07\/Nimetu-kujundus-10.png","datePublished":"2024-07-10T08:42:39+00:00","dateModified":"2026-04-14T06:33:09+00:00","description":"Carrot Mafia Memphis Mud on mausteseos, joka sis\u00e4lt\u00e4\u00e4 suolaa, ruokosokeria, paprikaa, chili\u00e4, valkosipulia ja mustapippuria. Ihanteellinen grillaukseen ja maustamiseen.","breadcrumb":{"@id":"https:\/\/bbqassad.ee\/fi\/toode\/dust-mafia-memphis-mud-memphis-mud\/#breadcrumb"},"inLanguage":"fi","potentialAction":[{"@type":"ReadAction","target":["https:\/\/bbqassad.ee\/fi\/toode\/dust-mafia-memphis-mud-memphis-mud\/"]}]},{"@type":"ImageObject","inLanguage":"fi","@id":"https:\/\/bbqassad.ee\/fi\/toode\/dust-mafia-memphis-mud-memphis-mud\/#primaryimage","url":"https:\/\/bbqassad.ee\/wp-content\/uploads\/2024\/07\/Nimetu-kujundus-10.png","contentUrl":"https:\/\/bbqassad.ee\/wp-content\/uploads\/2024\/07\/Nimetu-kujundus-10.png","width":1280,"height":720},{"@type":"BreadcrumbList","@id":"https:\/\/bbqassad.ee\/fi\/toode\/dust-mafia-memphis-mud-memphis-mud\/#breadcrumb","itemListElement":[{"@type":"ListItem","position":1,"name":"Home","item":"https:\/\/bbqassad.ee\/fi\/bbq-assat\/"},{"@type":"ListItem","position":2,"name":"Verkkokauppa","item":"https:\/\/bbqassad.ee\/fi\/verkkokauppa\/"},{"@type":"ListItem","position":3,"name":"Rub Mafia Memphis Mud"}]},{"@type":"WebSite","@id":"https:\/\/bbqassad.ee\/fi\/#website","url":"https:\/\/bbqassad.ee\/fi\/","name":"BBQ \u00c4ssad","description":"BBQ maitseained, kastmed, ahjud","publisher":{"@id":"https:\/\/bbqassad.ee\/fi\/#organization"},"potentialAction":[{"@type":"SearchAction","target":{"@type":"EntryPoint","urlTemplate":"https:\/\/bbqassad.ee\/fi\/?s={search_term_string}"},"query-input":{"@type":"PropertyValueSpecification","valueRequired":true,"valueName":"search_term_string"}}],"inLanguage":"fi"},{"@type":"Organization","@id":"https:\/\/bbqassad.ee\/fi\/#organization","name":"BBQ \u00c4ssad","url":"https:\/\/bbqassad.ee\/fi\/","logo":{"@type":"ImageObject","inLanguage":"fi","@id":"https:\/\/bbqassad.ee\/fi\/#\/schema\/logo\/image\/","url":"https:\/\/bbqassad.ee\/wp-content\/uploads\/2022\/10\/BBQ-2ssadlogo.png","contentUrl":"https:\/\/bbqassad.ee\/wp-content\/uploads\/2022\/10\/BBQ-2ssadlogo.png","width":1080,"height":1080,"caption":"BBQ \u00c4ssad"},"image":{"@id":"https:\/\/bbqassad.ee\/fi\/#\/schema\/logo\/image\/"},"sameAs":["https:\/\/www.facebook.com\/bbqassad","https:\/\/www.youtube.com\/channel\/UCsoufn49J6TVi9Ah9meE93w"]}]}},"_links":{"self":[{"href":"https:\/\/bbqassad.ee\/fi\/wp-json\/wp\/v2\/product\/22661","targetHints":{"allow":["GET"]}}],"collection":[{"href":"https:\/\/bbqassad.ee\/fi\/wp-json\/wp\/v2\/product"}],"about":[{"href":"https:\/\/bbqassad.ee\/fi\/wp-json\/wp\/v2\/types\/product"}],"replies":[{"embeddable":true,"href":"https:\/\/bbqassad.ee\/fi\/wp-json\/wp\/v2\/comments?post=22661"}],"wp:featuredmedia":[{"embeddable":true,"href":"https:\/\/bbqassad.ee\/fi\/wp-json\/wp\/v2\/media\/22662"}],"wp:attachment":[{"href":"https:\/\/bbqassad.ee\/fi\/wp-json\/wp\/v2\/media?parent=22661"}],"wp:term":[{"taxonomy":"product_brand","embeddable":true,"href":"https:\/\/bbqassad.ee\/fi\/wp-json\/wp\/v2\/product_brand?post=22661"},{"taxonomy":"product_cat","embeddable":true,"href":"https:\/\/bbqassad.ee\/fi\/wp-json\/wp\/v2\/product_cat?post=22661"},{"taxonomy":"product_tag","embeddable":true,"href":"https:\/\/bbqassad.ee\/fi\/wp-json\/wp\/v2\/product_tag?post=22661"}],"curies":[{"name":"wp","href":"https:\/\/api.w.org\/{rel}","templated":true}]}}